{"id":126086,"date":"2024-08-28T02:18:15","date_gmt":"2024-08-28T00:18:15","guid":{"rendered":"https:\/\/www.csj-emballages.com\/produit\/1-saco-com-padrao-de-natal-e-pegas-com-cordao-26-13-x-32-cm-2\/"},"modified":"2026-03-12T16:09:33","modified_gmt":"2026-03-12T15:09:33","slug":"1-saco-com-padrao-de-natal-e-pegas-com-cordao-26-13-x-32-cm-2","status":"publish","type":"product","link":"https:\/\/www.csj-emballages.com\/pt-pt\/produit\/1-saco-com-padrao-de-natal-e-pegas-com-cordao-26-13-x-32-cm-2\/","title":{"rendered":"Saco de Natal &#8220;3 abetos&#8221; com pegas de cord\u00e3o 26 + 13 x 32 cm"},"content":{"rendered":"<h2 class=\"p1\">Saco de Natal<\/h2>\n<hr>\n<h3>Descri\u00e7\u00e3o do nosso saco de Natal &#8220;3 abetos&#8221; com pegas de cord\u00e3o 26 + 13 x 32 cm<\/h3>\n<p><!--more--><\/p>\n<p data-start=\"193\" data-end=\"609\">Com a chegada da \u00e9poca festiva, todos os pormenores contam para criar um ambiente caloroso e memor\u00e1vel. O <strong data-start=\"310\" data-end=\"336\">saco de Natal &#8220;3 abetos&#8221;<\/strong> com al\u00e7as de cord\u00e3o \u00e9 muito mais do que um simples embrulho: torna-se um verdadeiro meio de emo\u00e7\u00e3o e conv\u00edvio. Com o seu design elegante e festivo, com tr\u00eas \u00e1rvores de Natal estilizadas, este <strong>saco de oferta <\/strong>atrai imediatamente pelo seu esp\u00edrito aut\u00eantico e amig\u00e1vel.  <\/p>\n<p data-start=\"611\" data-end=\"1016\">Fabricado em <strong data-start=\"628\" data-end=\"649\">papel de qualidade<\/strong>, \u00e9 simultaneamente resistente e pr\u00e1tico. O seu tamanho de <strong>26 + 13 x 32 cm <\/strong>torna-o ideal para embrulhar doces, acess\u00f3rios, cosm\u00e9ticos ou presentes gourmet. Gra\u00e7as \u00e0 sua base refor\u00e7ada e \u00e0s <strong data-start=\"870\" data-end=\"894\">pegas com cord\u00e3o,<\/strong> proporcionam conforto e robustez, permitindo-lhe transportar os seus produtos em seguran\u00e7a sem comprometer a est\u00e9tica.<\/p>\n<p data-start=\"1018\" data-end=\"1382\">Al\u00e9m disso, este <strong>saco de Natal<\/strong> \u00e9 t\u00e3o adequado para os <strong data-start=\"1063\" data-end=\"1078\">retalhistas<\/strong> (padarias, pastelarias, charcutarias, lojas de presentes) como para <strong data-start=\"1150\" data-end=\"1165\">as empresas<\/strong> que pretendem oferecer presentes cuidadosamente embrulhados aos seus clientes ou funcion\u00e1rios. Com ele, a apresenta\u00e7\u00e3o dos seus produtos ganha uma dimens\u00e3o suplementar: a de um presente pronto a oferecer, elegante e festivo.<\/p>\n<p data-start=\"1384\" data-end=\"1660\">Ao escolher este saco, pode combinar <strong data-start=\"1421\" data-end=\"1491\">est\u00e9tica, praticidade e valoriza\u00e7\u00e3o da imagem da sua marca<\/strong>. E com o seu estilo intemporal, \u00e9 perfeito para todos os tipos de eventos de fim de ano.<\/p>\n<p data-start=\"1662\" data-end=\"1813\">Em suma, o <strong>saco de Natal &#8220;3 \u00e1rvores&#8221;<\/strong> \u00e9 mais do que uma simples embalagem: \u00e9 um trunfo de marketing e um toque de requinte que deixar\u00e1 uma impress\u00e3o duradoura nos seus clientes.<\/p>\n<p><!--more--><\/p>\n<h4><strong>Vantagens :<\/strong><\/h4>\n<ul>\n<li><strong data-start=\"2049\" data-end=\"2066\">Design festivo<\/strong>: 3 motivos de \u00e1rvores elegantes e simp\u00e1ticos.<\/li>\n<li><strong data-start=\"2113\" data-end=\"2134\">Pr\u00e1tico e resistente<\/strong>: pegas com cord\u00e3o e papel resistente.<\/li>\n<li><strong data-start=\"2181\" data-end=\"2195\">Vers\u00e1til<\/strong>: ideal para doces, presentes ou acess\u00f3rios.<\/li>\n<li><strong data-start=\"2255\" data-end=\"2280\">Aumente o valor dos seus produtos<\/strong> com uma apresenta\u00e7\u00e3o elegante e festiva.<\/li>\n<li><strong data-start=\"2320\" data-end=\"2339\">Adequado para profissionais<\/strong>: lojistas, artes\u00e3os, empresas e boutiques.<\/li>\n<\/ul>\n<p>&nbsp;<\/p>\n<p><!--more--><\/p>\n<h4>Outras informa\u00e7\u00f5es :<\/h4>\n<ul>\n<li><strong>Embalagem<\/strong>: Por unidade<\/li>\n<li><strong>Dimens\u00f5es<\/strong>: 26 + 13 x 32 cm<\/li>\n<li><strong>Cor<\/strong>: verde<\/li>\n<li><strong>Material<\/strong>: Papel<\/li>\n<\/ul>\n<p>&nbsp;<\/p>\n<p><!--more--><\/p>\n<p>Encontre o tamanho mais pequeno deste saco de oferta aqui: <span style=\"color: #d12727;\"><a style=\"color: #d12727;\" href=\"https:\/\/www.csj-emballages.com\/produit\/1-sacs-motif-3-sapins-poignees-cordelieres-18-10-x-23-cm\/\">9308BPM<\/a><\/span><\/p>\n<p>&nbsp;<\/p>\n<p><!--more--><\/p>\n<p><a href=\"https:\/\/www.csj-emballages.com\/pt-pt\/categorie-produit\/embalagem-de-alimentos\/loja-e-armazem\/sacos-saquetas\/sacos-de-boutique\/\">V\u00ea o resto da nossa gama de malas de boutique!<\/a><\/p>\n","protected":false},"excerpt":{"rendered":"<p>Saco de Natal Descri\u00e7\u00e3o do nosso saco de Natal &#8220;3 abetos&#8221; com pegas de cord\u00e3o 26 + 13 x 32 cm<\/p>\n","protected":false},"featured_media":91910,"template":"","meta":{"_acf_changed":false},"product_brand":[],"product_cat":[1141,1482,3921,1840,1267],"product_tag":[],"class_list":{"0":"post-126086","1":"product","2":"type-product","3":"status-publish","4":"has-post-thumbnail","6":"product_cat-embalagem-de-alimentos","7":"product_cat-loja-e-armazem","8":"product_cat-sacos-saquetas","9":"product_cat-sacos-de-boutique","10":"product_cat-descontos-promocoes","12":"first","13":"instock","14":"sale","15":"taxable","16":"shipping-taxable","17":"purchasable","18":"product-type-simple"},"acf":[],"yoast_head":"<!-- This site is optimized with the Yoast SEO Premium plugin v26.6 (Yoast SEO v26.6) - https:\/\/yoast.com\/wordpress\/plugins\/seo\/ -->\n<title>Saco de Natal &quot;3 \u00c1rvores&quot; com pegas de cord\u00e3o 26 + 13 x 32 cm<\/title>\n<meta name=\"description\" content=\"Saco de Natal em papel de 3 \u00e1rvores com al\u00e7as de cord\u00e3o - pr\u00e1tico, resistente e elegante para embrulhar os presentes de fim de ano.\" \/>\n<meta name=\"robots\" content=\"index, follow, max-snippet:-1, max-image-preview:large, max-video-preview:-1\" \/>\n<link rel=\"canonical\" href=\"https:\/\/www.csj-emballages.com\/pt-pt\/produit\/1-saco-com-padrao-de-natal-e-pegas-com-cordao-26-13-x-32-cm-2\/\" \/>\n<meta property=\"og:locale\" content=\"pt_PT\" \/>\n<meta property=\"og:type\" content=\"article\" \/>\n<meta property=\"og:title\" content=\"Saco de Natal &quot;3 abetos&quot; com pegas de cord\u00e3o 26 + 13 x 32 cm\" \/>\n<meta property=\"og:description\" content=\"Saco de Natal em papel de 3 \u00e1rvores com al\u00e7as de cord\u00e3o - pr\u00e1tico, resistente e elegante para embrulhar os presentes de fim de ano.\" \/>\n<meta property=\"og:url\" content=\"https:\/\/www.csj-emballages.com\/pt-pt\/produit\/1-saco-com-padrao-de-natal-e-pegas-com-cordao-26-13-x-32-cm-2\/\" \/>\n<meta property=\"og:site_name\" content=\"CSJ Emballages\" \/>\n<meta property=\"article:publisher\" content=\"https:\/\/www.facebook.com\/csjemballages\" \/>\n<meta property=\"article:modified_time\" content=\"2026-03-12T15:09:33+00:00\" \/>\n<meta property=\"og:image\" content=\"https:\/\/www.csj-emballages.com\/wp-content\/uploads\/2024\/08\/2118e8ee-9972-470d-839c-34141145544b-removebg-preview-e1725270052523.png\" \/>\n\t<meta property=\"og:image:width\" content=\"499\" \/>\n\t<meta property=\"og:image:height\" content=\"499\" \/>\n\t<meta property=\"og:image:type\" content=\"image\/png\" \/>\n<meta name=\"twitter:card\" content=\"summary_large_image\" \/>\n<meta name=\"twitter:label1\" content=\"Tempo estimado de leitura\" \/>\n\t<meta name=\"twitter:data1\" content=\"2 minutos\" \/>\n<script type=\"application\/ld+json\" class=\"yoast-schema-graph\">{\"@context\":\"https:\/\/schema.org\",\"@graph\":[{\"@type\":\"WebPage\",\"@id\":\"https:\/\/www.csj-emballages.com\/pt-pt\/produit\/1-saco-com-padrao-de-natal-e-pegas-com-cordao-26-13-x-32-cm-2\/\",\"url\":\"https:\/\/www.csj-emballages.com\/pt-pt\/produit\/1-saco-com-padrao-de-natal-e-pegas-com-cordao-26-13-x-32-cm-2\/\",\"name\":\"Saco de Natal \\\"3 \u00c1rvores\\\" com pegas de cord\u00e3o 26 + 13 x 32 cm\",\"isPartOf\":{\"@id\":\"https:\/\/www.csj-emballages.com\/pt-pt\/#website\"},\"primaryImageOfPage\":{\"@id\":\"https:\/\/www.csj-emballages.com\/pt-pt\/produit\/1-saco-com-padrao-de-natal-e-pegas-com-cordao-26-13-x-32-cm-2\/#primaryimage\"},\"image\":{\"@id\":\"https:\/\/www.csj-emballages.com\/pt-pt\/produit\/1-saco-com-padrao-de-natal-e-pegas-com-cordao-26-13-x-32-cm-2\/#primaryimage\"},\"thumbnailUrl\":\"https:\/\/www.csj-emballages.com\/wp-content\/uploads\/2024\/08\/2118e8ee-9972-470d-839c-34141145544b-removebg-preview-e1725270052523.png\",\"datePublished\":\"2024-08-28T00:18:15+00:00\",\"dateModified\":\"2026-03-12T15:09:33+00:00\",\"description\":\"Saco de Natal em papel de 3 \u00e1rvores com al\u00e7as de cord\u00e3o - pr\u00e1tico, resistente e elegante para embrulhar os presentes de fim de ano.\",\"breadcrumb\":{\"@id\":\"https:\/\/www.csj-emballages.com\/pt-pt\/produit\/1-saco-com-padrao-de-natal-e-pegas-com-cordao-26-13-x-32-cm-2\/#breadcrumb\"},\"inLanguage\":\"pt-PT\",\"potentialAction\":[{\"@type\":\"ReadAction\",\"target\":[\"https:\/\/www.csj-emballages.com\/pt-pt\/produit\/1-saco-com-padrao-de-natal-e-pegas-com-cordao-26-13-x-32-cm-2\/\"]}]},{\"@type\":\"ImageObject\",\"inLanguage\":\"pt-PT\",\"@id\":\"https:\/\/www.csj-emballages.com\/pt-pt\/produit\/1-saco-com-padrao-de-natal-e-pegas-com-cordao-26-13-x-32-cm-2\/#primaryimage\",\"url\":\"https:\/\/www.csj-emballages.com\/wp-content\/uploads\/2024\/08\/2118e8ee-9972-470d-839c-34141145544b-removebg-preview-e1725270052523.png\",\"contentUrl\":\"https:\/\/www.csj-emballages.com\/wp-content\/uploads\/2024\/08\/2118e8ee-9972-470d-839c-34141145544b-removebg-preview-e1725270052523.png\",\"width\":499,\"height\":499,\"caption\":\"sacs motif 3 Sapins 26+13x32 cm\"},{\"@type\":\"BreadcrumbList\",\"@id\":\"https:\/\/www.csj-emballages.com\/pt-pt\/produit\/1-saco-com-padrao-de-natal-e-pegas-com-cordao-26-13-x-32-cm-2\/#breadcrumb\",\"itemListElement\":[{\"@type\":\"ListItem\",\"position\":1,\"name\":\"Acolhimento\",\"item\":\"https:\/\/www.csj-emballages.com\/pt-pt\/universo-das-embalagens-alimentares\/\"},{\"@type\":\"ListItem\",\"position\":2,\"name\":\"Shop\",\"item\":\"https:\/\/www.csj-emballages.com\/shop\/\"},{\"@type\":\"ListItem\",\"position\":3,\"name\":\"Saco de Natal \u00ab\u00a03 abetos\u00a0\u00bb com pegas de cord\u00e3o 26 + 13 x 32 cm\"}]},{\"@type\":\"WebSite\",\"@id\":\"https:\/\/www.csj-emballages.com\/pt-pt\/#website\",\"url\":\"https:\/\/www.csj-emballages.com\/pt-pt\/\",\"name\":\"CSJ Emballages\",\"description\":\"\",\"publisher\":{\"@id\":\"https:\/\/www.csj-emballages.com\/pt-pt\/#organization\"},\"potentialAction\":[{\"@type\":\"SearchAction\",\"target\":{\"@type\":\"EntryPoint\",\"urlTemplate\":\"https:\/\/www.csj-emballages.com\/pt-pt\/?s={search_term_string}\"},\"query-input\":{\"@type\":\"PropertyValueSpecification\",\"valueRequired\":true,\"valueName\":\"search_term_string\"}}],\"inLanguage\":\"pt-PT\"},{\"@type\":\"Organization\",\"@id\":\"https:\/\/www.csj-emballages.com\/pt-pt\/#Organization\/\",\"name\":\"CSJ Emballages\",\"url\":\"https:\/\/www.csj-emballages.com\/pt-pt\/\",\"logo\":{\"@type\":\"ImageObject\",\"inLanguage\":\"pt-PT\",\"@id\":\"https:\/\/www.csj-emballages.com\/pt-pt\/#\/schema\/logo\/image\/\",\"url\":\"https:\/\/www.csj-emballages.com\/wp-content\/uploads\/2023\/10\/logo_csj.webp\",\"contentUrl\":\"https:\/\/www.csj-emballages.com\/wp-content\/uploads\/2023\/10\/logo_csj.webp\",\"width\":250,\"height\":95,\"caption\":\"CSJ Emballages\"},\"image\":{\"@id\":\"https:\/\/www.csj-emballages.com\/pt-pt\/#\/schema\/logo\/image\/\"},\"sameAs\":[\"https:\/\/www.facebook.com\/csjemballages\"],\"address\":{\"@type\":\"PostalAddress\",\"streetAddress\":\"ZI La Lechere\",\"addressLocality\":\"Patornay\",\"postalCode\":\"39130\",\"addressCountry\":\"FR\"},\"contactPoint\":[{\"@type\":\"ContactPoint\",\"contactType\":\"Service client\",\"telephone\":\"0384254272\",\"email\":\"contact@csj-emballages.com\"}]}]}<\/script>\n<!-- \/ Yoast SEO Premium plugin. -->","yoast_head_json":{"title":"Saco de Natal \"3 \u00c1rvores\" com pegas de cord\u00e3o 26 + 13 x 32 cm","description":"Saco de Natal em papel de 3 \u00e1rvores com al\u00e7as de cord\u00e3o - pr\u00e1tico, resistente e elegante para embrulhar os presentes de fim de ano.","robots":{"index":"index","follow":"follow","max-snippet":"max-snippet:-1","max-image-preview":"max-image-preview:large","max-video-preview":"max-video-preview:-1"},"canonical":"https:\/\/www.csj-emballages.com\/pt-pt\/produit\/1-saco-com-padrao-de-natal-e-pegas-com-cordao-26-13-x-32-cm-2\/","og_locale":"pt_PT","og_type":"article","og_title":"Saco de Natal \"3 abetos\" com pegas de cord\u00e3o 26 + 13 x 32 cm","og_description":"Saco de Natal em papel de 3 \u00e1rvores com al\u00e7as de cord\u00e3o - pr\u00e1tico, resistente e elegante para embrulhar os presentes de fim de ano.","og_url":"https:\/\/www.csj-emballages.com\/pt-pt\/produit\/1-saco-com-padrao-de-natal-e-pegas-com-cordao-26-13-x-32-cm-2\/","og_site_name":"CSJ Emballages","article_publisher":"https:\/\/www.facebook.com\/csjemballages","article_modified_time":"2026-03-12T15:09:33+00:00","og_image":[{"width":499,"height":499,"url":"https:\/\/www.csj-emballages.com\/wp-content\/uploads\/2024\/08\/2118e8ee-9972-470d-839c-34141145544b-removebg-preview-e1725270052523.png","type":"image\/png"}],"twitter_card":"summary_large_image","twitter_misc":{"Tempo estimado de leitura":"2 minutos"},"schema":{"@context":"https:\/\/schema.org","@graph":[{"@type":"WebPage","@id":"https:\/\/www.csj-emballages.com\/pt-pt\/produit\/1-saco-com-padrao-de-natal-e-pegas-com-cordao-26-13-x-32-cm-2\/","url":"https:\/\/www.csj-emballages.com\/pt-pt\/produit\/1-saco-com-padrao-de-natal-e-pegas-com-cordao-26-13-x-32-cm-2\/","name":"Saco de Natal \"3 \u00c1rvores\" com pegas de cord\u00e3o 26 + 13 x 32 cm","isPartOf":{"@id":"https:\/\/www.csj-emballages.com\/pt-pt\/#website"},"primaryImageOfPage":{"@id":"https:\/\/www.csj-emballages.com\/pt-pt\/produit\/1-saco-com-padrao-de-natal-e-pegas-com-cordao-26-13-x-32-cm-2\/#primaryimage"},"image":{"@id":"https:\/\/www.csj-emballages.com\/pt-pt\/produit\/1-saco-com-padrao-de-natal-e-pegas-com-cordao-26-13-x-32-cm-2\/#primaryimage"},"thumbnailUrl":"https:\/\/www.csj-emballages.com\/wp-content\/uploads\/2024\/08\/2118e8ee-9972-470d-839c-34141145544b-removebg-preview-e1725270052523.png","datePublished":"2024-08-28T00:18:15+00:00","dateModified":"2026-03-12T15:09:33+00:00","description":"Saco de Natal em papel de 3 \u00e1rvores com al\u00e7as de cord\u00e3o - pr\u00e1tico, resistente e elegante para embrulhar os presentes de fim de ano.","breadcrumb":{"@id":"https:\/\/www.csj-emballages.com\/pt-pt\/produit\/1-saco-com-padrao-de-natal-e-pegas-com-cordao-26-13-x-32-cm-2\/#breadcrumb"},"inLanguage":"pt-PT","potentialAction":[{"@type":"ReadAction","target":["https:\/\/www.csj-emballages.com\/pt-pt\/produit\/1-saco-com-padrao-de-natal-e-pegas-com-cordao-26-13-x-32-cm-2\/"]}]},{"@type":"ImageObject","inLanguage":"pt-PT","@id":"https:\/\/www.csj-emballages.com\/pt-pt\/produit\/1-saco-com-padrao-de-natal-e-pegas-com-cordao-26-13-x-32-cm-2\/#primaryimage","url":"https:\/\/www.csj-emballages.com\/wp-content\/uploads\/2024\/08\/2118e8ee-9972-470d-839c-34141145544b-removebg-preview-e1725270052523.png","contentUrl":"https:\/\/www.csj-emballages.com\/wp-content\/uploads\/2024\/08\/2118e8ee-9972-470d-839c-34141145544b-removebg-preview-e1725270052523.png","width":499,"height":499,"caption":"sacs motif 3 Sapins 26+13x32 cm"},{"@type":"BreadcrumbList","@id":"https:\/\/www.csj-emballages.com\/pt-pt\/produit\/1-saco-com-padrao-de-natal-e-pegas-com-cordao-26-13-x-32-cm-2\/#breadcrumb","itemListElement":[{"@type":"ListItem","position":1,"name":"Acolhimento","item":"https:\/\/www.csj-emballages.com\/pt-pt\/universo-das-embalagens-alimentares\/"},{"@type":"ListItem","position":2,"name":"Shop","item":"https:\/\/www.csj-emballages.com\/shop\/"},{"@type":"ListItem","position":3,"name":"Saco de Natal \u00ab\u00a03 abetos\u00a0\u00bb com pegas de cord\u00e3o 26 + 13 x 32 cm"}]},{"@type":"WebSite","@id":"https:\/\/www.csj-emballages.com\/pt-pt\/#website","url":"https:\/\/www.csj-emballages.com\/pt-pt\/","name":"CSJ Emballages","description":"","publisher":{"@id":"https:\/\/www.csj-emballages.com\/pt-pt\/#organization"},"potentialAction":[{"@type":"SearchAction","target":{"@type":"EntryPoint","urlTemplate":"https:\/\/www.csj-emballages.com\/pt-pt\/?s={search_term_string}"},"query-input":{"@type":"PropertyValueSpecification","valueRequired":true,"valueName":"search_term_string"}}],"inLanguage":"pt-PT"},{"@type":"Organization","@id":"https:\/\/www.csj-emballages.com\/pt-pt\/#Organization\/","name":"CSJ Emballages","url":"https:\/\/www.csj-emballages.com\/pt-pt\/","logo":{"@type":"ImageObject","inLanguage":"pt-PT","@id":"https:\/\/www.csj-emballages.com\/pt-pt\/#\/schema\/logo\/image\/","url":"https:\/\/www.csj-emballages.com\/wp-content\/uploads\/2023\/10\/logo_csj.webp","contentUrl":"https:\/\/www.csj-emballages.com\/wp-content\/uploads\/2023\/10\/logo_csj.webp","width":250,"height":95,"caption":"CSJ Emballages"},"image":{"@id":"https:\/\/www.csj-emballages.com\/pt-pt\/#\/schema\/logo\/image\/"},"sameAs":["https:\/\/www.facebook.com\/csjemballages"],"address":{"@type":"PostalAddress","streetAddress":"ZI La Lechere","addressLocality":"Patornay","postalCode":"39130","addressCountry":"FR"},"contactPoint":[{"@type":"ContactPoint","contactType":"Service client","telephone":"0384254272","email":"contact@csj-emballages.com"}]}]}},"df_price":1.84,"df_sale_price":1.84,"df_regular_price":2.29,"df_image_link":"https:\/\/www.csj-emballages.com\/wp-content\/uploads\/2024\/08\/2118e8ee-9972-470d-839c-34141145544b-removebg-preview-300x300.png","tiered_pricing_type":"fixed","tiered_pricing_fixed_rules":[],"tiered_pricing_percentage_rules":[],"tiered_pricing_minimum":1,"tiered_pricing_roles_data":[],"_links":{"self":[{"href":"https:\/\/www.csj-emballages.com\/pt-pt\/wp-json\/wp\/v2\/product\/126086","targetHints":{"allow":["GET"]}}],"collection":[{"href":"https:\/\/www.csj-emballages.com\/pt-pt\/wp-json\/wp\/v2\/product"}],"about":[{"href":"https:\/\/www.csj-emballages.com\/pt-pt\/wp-json\/wp\/v2\/types\/product"}],"wp:featuredmedia":[{"embeddable":true,"href":"https:\/\/www.csj-emballages.com\/pt-pt\/wp-json\/wp\/v2\/media\/91910"}],"wp:attachment":[{"href":"https:\/\/www.csj-emballages.com\/pt-pt\/wp-json\/wp\/v2\/media?parent=126086"}],"wp:term":[{"taxonomy":"product_brand","embeddable":true,"href":"https:\/\/www.csj-emballages.com\/pt-pt\/wp-json\/wp\/v2\/product_brand?post=126086"},{"taxonomy":"product_cat","embeddable":true,"href":"https:\/\/www.csj-emballages.com\/pt-pt\/wp-json\/wp\/v2\/product_cat?post=126086"},{"taxonomy":"product_tag","embeddable":true,"href":"https:\/\/www.csj-emballages.com\/pt-pt\/wp-json\/wp\/v2\/product_tag?post=126086"}],"curies":[{"name":"wp","href":"https:\/\/api.w.org\/{rel}","templated":true}]}}