{"id":126075,"date":"2024-08-27T02:18:17","date_gmt":"2024-08-27T00:18:17","guid":{"rendered":"https:\/\/www.csj-emballages.com\/produit\/bola-de-rafia-kraft-100m-x-10mm\/"},"modified":"2026-03-17T02:15:21","modified_gmt":"2026-03-17T01:15:21","slug":"bola-de-rafia-kraft-100m-x-10mm","status":"publish","type":"product","link":"https:\/\/www.csj-emballages.com\/pt-pt\/produit\/bola-de-rafia-kraft-100m-x-10mm\/","title":{"rendered":"Bola de r\u00e1fia kraft 100m x 10mm"},"content":{"rendered":"<h2 style=\"text-indent: 0px; box-sizing: inherit; font-family: Roboto, sans-serif;\">Novelo de r\u00e1fia<\/h2>\n<hr>\n<h3>Descubra o nosso novelo de r\u00e1fia kraft 100 m x 10 mm<\/h3>\n<p><!--more--><\/p>\n<p data-start=\"233\" data-end=\"591\">Quando se procura cuidar das embalagens, mantendo um estilo simples e aut\u00eantico, a <strong data-start=\"326\" data-end=\"342\">r\u00e1fia kraft<\/strong> \u00e9 uma escolha \u00f3bvia. Com o seu <strong>aspeto natural<\/strong> e a sua tonalidade <strong>bruta<\/strong>, este <strong>novelo de r\u00e1fia<\/strong> confere imediatamente um toque acolhedor e sincero aos seus pacotes, sem artif\u00edcios. Integra-se perfeitamente numa abordagem s\u00f3bria, artesanal ou eco-respons\u00e1vel.  <\/p>\n<p data-start=\"593\" data-end=\"957\">Gra\u00e7as aos seus <strong data-start=\"605\" data-end=\"631\">100 metros de comprimento<\/strong> e \u00e0 sua largura de <strong data-start=\"649\" data-end=\"658\">10 mm<\/strong>, esta r\u00e1fia oferece uma grande liberdade de utiliza\u00e7\u00e3o. Pode facilmente fechar sacos, envolver caixas, prender etiquetas ou criar bonitos n\u00f3s decorativos. \u00c9 f\u00e1cil de trabalhar, n\u00e3o escorrega e mant\u00e9m uma boa firmeza depois de atada, o que \u00e9 muito apreci\u00e1vel no dia a dia.  <\/p>\n<p data-start=\"959\" data-end=\"1284\">O seu aspeto <strong>kraft<\/strong> adapta-se a todos os universos: com\u00e9rcio alimentar, lojas de presentes, mercados, eventos, festas de fim de ano ou cria\u00e7\u00f5es feitas \u00e0 m\u00e3o. Valoriza as embalagens sem as sobrecarregar e refor\u00e7a a imagem <strong>natural<\/strong> dos seus produtos. \u00c9 o pequeno detalhe que faz a diferen\u00e7a, mantendo-se discreto.  <\/p>\n<p data-start=\"1286\" data-end=\"1556\">Da mesma forma, o seu aspeto <strong>papel<\/strong> confere-lhe um toque agrad\u00e1vel e uma boa resist\u00eancia. Pode utiliz\u00e1-lo regularmente sem que perca o seu charme ou a sua solidez. Quer seja para uso profissional ou pessoal, este novelo de r\u00e1fia torna-se rapidamente indispens\u00e1vel.  <\/p>\n<p data-start=\"1558\" data-end=\"1751\">Em resumo, este <strong>novelo<\/strong> de <strong>r\u00e1fia kraft<\/strong> \u00e9 uma solu\u00e7\u00e3o simples, eficaz e est\u00e9tica para dar car\u00e1cter \u00e0s suas embalagens e \u00e0s suas cria\u00e7\u00f5es, mantendo-se fiel a um estilo natural e intemporal.<\/p>\n<p data-start=\"1643\" data-end=\"1786\"><!--more--><\/p>\n<h4 data-start=\"1643\" data-end=\"1786\">Vantagens :<\/h4>\n<ul>\n<li data-start=\"1779\" data-end=\"1816\">Aspeto <strong>kraft natural<\/strong> e aut\u00eantico.<\/li>\n<li data-start=\"1819\" data-end=\"1860\">Comprimento de <strong>100 m<\/strong> para uma utiliza\u00e7\u00e3o duradoura.<\/li>\n<li data-start=\"1863\" data-end=\"1894\">F\u00e1cil de atar e manusear.<\/li>\n<li data-start=\"1897\" data-end=\"1924\">Boa firmeza e resist\u00eancia.<\/li>\n<li data-start=\"1927\" data-end=\"1965\">Adaptado a embalagens e decora\u00e7\u00f5es.<\/li>\n<\/ul>\n<p>&nbsp;<\/p>\n<p><!--more--><\/p>\n<h4 style=\"text-indent: 0px; box-sizing: inherit; font-family: Roboto, sans-serif;\">Outras informa\u00e7\u00f5es :<\/h4>\n<ul>\n<li><strong>Embalagem<\/strong>: Por unidade<\/li>\n<li><strong>Largura<\/strong>: 10 mm<\/li>\n<li><strong>Comprimento<\/strong>: 100 m<\/li>\n<li><strong>Cor<\/strong>: Kraft<\/li>\n<li><strong>Modelo<\/strong>: R\u00e1fia &#8220;Papermat&#8221;<\/li>\n<li><strong>Material<\/strong>: PP<\/li>\n<\/ul>\n<h2 style=\"font-family: Roboto, sans-serif; box-sizing: inherit;\"><\/h2>\n<p><!--more--><\/p>\n<p>Este novelo de r\u00e1fia est\u00e1 dispon\u00edvel em diferentes cores: <span style=\"color: #d12727;\"><a style=\"color: #d12727;\" href=\"https:\/\/www.csj-emballages.com\/es\/produit\/bola-de-rafia-blanca-plateada-100m-x-10mm\/\">Branco &#8211; Prata<\/a><\/span> \/ <span style=\"color: #d12727;\"><a style=\"color: #d12727;\" href=\"https:\/\/www.csj-emballages.com\/es\/produit\/rafia-maiz-amapola-bola-200m-x-10mm\/\">Milho &#8211; Papoila<\/a><\/span> \/ <span style=\"color: #d12727;\"><a style=\"color: #d12727;\" href=\"https:\/\/www.csj-emballages.com\/es\/produit\/bola-de-rafia-naranja-chocolate-200m-x-125-mm\/\">Laranja &#8211; Chocolate<\/a><\/span> \/ <span style=\"color: #d12727;\"><a style=\"color: #d12727;\" href=\"https:\/\/www.csj-emballages.com\/es\/produit\/bola-de-rafia-roja-burdeos-200-m-x-125-mm\/\">Vermelho &#8211; Bord\u00f4<\/a><\/span><\/p>\n<p>&nbsp;<\/p>\n<p><!--more--><\/p>\n<p><a href=\"https:\/\/www.csj-emballages.com\/pt-pt\/categorie-produit\/embalagem-de-alimentos\/padaria-e-pastelaria\/acessorios-e-equipamentos\/acessorios-decorativos\/bolas-de-rafia-pt-pt\/\">Consulte o resto da nossa gama de novelos de r\u00e1fia<\/a><\/p>\n","protected":false},"excerpt":{"rendered":"<p>Novelo de r\u00e1fia Descubra o nosso novelo de r\u00e1fia kraft 100 m x 10 mm<\/p>\n","protected":false},"featured_media":259485,"template":"","meta":{"_acf_changed":false},"product_brand":[],"product_cat":[1141,1177,3918,1796,3082],"product_tag":[],"class_list":{"0":"post-126075","1":"product","2":"type-product","3":"status-publish","4":"has-post-thumbnail","6":"product_cat-embalagem-de-alimentos","7":"product_cat-padaria-e-pastelaria","8":"product_cat-acessorios-e-equipamentos","9":"product_cat-acessorios-decorativos","10":"product_cat-bolas-de-rafia-pt-pt","12":"first","13":"instock","14":"taxable","15":"shipping-taxable","16":"purchasable","17":"product-type-simple"},"acf":[],"yoast_head":"<!-- This site is optimized with the Yoast SEO Premium plugin v26.6 (Yoast SEO v26.6) - https:\/\/yoast.com\/wordpress\/plugins\/seo\/ -->\n<title>Novelo de R\u00e1fia Kraft 100 m x 10 mm<\/title>\n<meta name=\"description\" content=\"Novelo de r\u00e1fia kraft 100 m x 10 mm, ideal para embalagens de presentes, fechos de sacos e decora\u00e7\u00f5es com um estilo natural e aut\u00eantico.\" \/>\n<meta name=\"robots\" content=\"index, follow, max-snippet:-1, max-image-preview:large, max-video-preview:-1\" \/>\n<link rel=\"canonical\" href=\"https:\/\/www.csj-emballages.com\/pt-pt\/produit\/bola-de-rafia-kraft-100m-x-10mm\/\" \/>\n<meta property=\"og:locale\" content=\"pt_PT\" \/>\n<meta property=\"og:type\" content=\"article\" \/>\n<meta property=\"og:title\" content=\"Bola de r\u00e1fia kraft 100m x 10mm\" \/>\n<meta property=\"og:description\" content=\"Novelo de r\u00e1fia kraft 100 m x 10 mm, ideal para embalagens de presentes, fechos de sacos e decora\u00e7\u00f5es com um estilo natural e aut\u00eantico.\" \/>\n<meta property=\"og:url\" content=\"https:\/\/www.csj-emballages.com\/pt-pt\/produit\/bola-de-rafia-kraft-100m-x-10mm\/\" \/>\n<meta property=\"og:site_name\" content=\"CSJ Emballages\" \/>\n<meta property=\"article:publisher\" content=\"https:\/\/www.facebook.com\/csjemballages\" \/>\n<meta property=\"article:modified_time\" content=\"2026-03-17T01:15:21+00:00\" \/>\n<meta property=\"og:image\" content=\"https:\/\/www.csj-emballages.com\/wp-content\/uploads\/2024\/08\/PELORAF35.webp\" \/>\n\t<meta property=\"og:image:width\" content=\"800\" \/>\n\t<meta property=\"og:image:height\" content=\"800\" \/>\n\t<meta property=\"og:image:type\" content=\"image\/webp\" \/>\n<meta name=\"twitter:card\" content=\"summary_large_image\" \/>\n<meta name=\"twitter:label1\" content=\"Tempo estimado de leitura\" \/>\n\t<meta name=\"twitter:data1\" content=\"2 minutos\" \/>\n<script type=\"application\/ld+json\" class=\"yoast-schema-graph\">{\"@context\":\"https:\/\/schema.org\",\"@graph\":[{\"@type\":\"WebPage\",\"@id\":\"https:\/\/www.csj-emballages.com\/pt-pt\/produit\/bola-de-rafia-kraft-100m-x-10mm\/\",\"url\":\"https:\/\/www.csj-emballages.com\/pt-pt\/produit\/bola-de-rafia-kraft-100m-x-10mm\/\",\"name\":\"Novelo de R\u00e1fia Kraft 100 m x 10 mm\",\"isPartOf\":{\"@id\":\"https:\/\/www.csj-emballages.com\/pt-pt\/#website\"},\"primaryImageOfPage\":{\"@id\":\"https:\/\/www.csj-emballages.com\/pt-pt\/produit\/bola-de-rafia-kraft-100m-x-10mm\/#primaryimage\"},\"image\":{\"@id\":\"https:\/\/www.csj-emballages.com\/pt-pt\/produit\/bola-de-rafia-kraft-100m-x-10mm\/#primaryimage\"},\"thumbnailUrl\":\"https:\/\/www.csj-emballages.com\/wp-content\/uploads\/2024\/08\/PELORAF35.webp\",\"datePublished\":\"2024-08-27T00:18:17+00:00\",\"dateModified\":\"2026-03-17T01:15:21+00:00\",\"description\":\"Novelo de r\u00e1fia kraft 100 m x 10 mm, ideal para embalagens de presentes, fechos de sacos e decora\u00e7\u00f5es com um estilo natural e aut\u00eantico.\",\"breadcrumb\":{\"@id\":\"https:\/\/www.csj-emballages.com\/pt-pt\/produit\/bola-de-rafia-kraft-100m-x-10mm\/#breadcrumb\"},\"inLanguage\":\"pt-PT\",\"potentialAction\":[{\"@type\":\"ReadAction\",\"target\":[\"https:\/\/www.csj-emballages.com\/pt-pt\/produit\/bola-de-rafia-kraft-100m-x-10mm\/\"]}]},{\"@type\":\"ImageObject\",\"inLanguage\":\"pt-PT\",\"@id\":\"https:\/\/www.csj-emballages.com\/pt-pt\/produit\/bola-de-rafia-kraft-100m-x-10mm\/#primaryimage\",\"url\":\"https:\/\/www.csj-emballages.com\/wp-content\/uploads\/2024\/08\/PELORAF35.webp\",\"contentUrl\":\"https:\/\/www.csj-emballages.com\/wp-content\/uploads\/2024\/08\/PELORAF35.webp\",\"width\":800,\"height\":800,\"caption\":\"Pelote raffia\"},{\"@type\":\"BreadcrumbList\",\"@id\":\"https:\/\/www.csj-emballages.com\/pt-pt\/produit\/bola-de-rafia-kraft-100m-x-10mm\/#breadcrumb\",\"itemListElement\":[{\"@type\":\"ListItem\",\"position\":1,\"name\":\"Acolhimento\",\"item\":\"https:\/\/www.csj-emballages.com\/pt-pt\/universo-das-embalagens-alimentares\/\"},{\"@type\":\"ListItem\",\"position\":2,\"name\":\"Shop\",\"item\":\"https:\/\/www.csj-emballages.com\/shop\/\"},{\"@type\":\"ListItem\",\"position\":3,\"name\":\"Bola de r\u00e1fia kraft 100m x 10mm\"}]},{\"@type\":\"WebSite\",\"@id\":\"https:\/\/www.csj-emballages.com\/pt-pt\/#website\",\"url\":\"https:\/\/www.csj-emballages.com\/pt-pt\/\",\"name\":\"CSJ Emballages\",\"description\":\"\",\"publisher\":{\"@id\":\"https:\/\/www.csj-emballages.com\/pt-pt\/#organization\"},\"potentialAction\":[{\"@type\":\"SearchAction\",\"target\":{\"@type\":\"EntryPoint\",\"urlTemplate\":\"https:\/\/www.csj-emballages.com\/pt-pt\/?s={search_term_string}\"},\"query-input\":{\"@type\":\"PropertyValueSpecification\",\"valueRequired\":true,\"valueName\":\"search_term_string\"}}],\"inLanguage\":\"pt-PT\"},{\"@type\":\"Organization\",\"@id\":\"https:\/\/www.csj-emballages.com\/pt-pt\/#Organization\/\",\"name\":\"CSJ Emballages\",\"url\":\"https:\/\/www.csj-emballages.com\/pt-pt\/\",\"logo\":{\"@type\":\"ImageObject\",\"inLanguage\":\"pt-PT\",\"@id\":\"https:\/\/www.csj-emballages.com\/pt-pt\/#\/schema\/logo\/image\/\",\"url\":\"https:\/\/www.csj-emballages.com\/wp-content\/uploads\/2023\/10\/logo_csj.webp\",\"contentUrl\":\"https:\/\/www.csj-emballages.com\/wp-content\/uploads\/2023\/10\/logo_csj.webp\",\"width\":250,\"height\":95,\"caption\":\"CSJ Emballages\"},\"image\":{\"@id\":\"https:\/\/www.csj-emballages.com\/pt-pt\/#\/schema\/logo\/image\/\"},\"sameAs\":[\"https:\/\/www.facebook.com\/csjemballages\"],\"address\":{\"@type\":\"PostalAddress\",\"streetAddress\":\"ZI La Lechere\",\"addressLocality\":\"Patornay\",\"postalCode\":\"39130\",\"addressCountry\":\"FR\"},\"contactPoint\":[{\"@type\":\"ContactPoint\",\"contactType\":\"Service client\",\"telephone\":\"0384254272\",\"email\":\"contact@csj-emballages.com\"}]}]}<\/script>\n<!-- \/ Yoast SEO Premium plugin. -->","yoast_head_json":{"title":"Novelo de R\u00e1fia Kraft 100 m x 10 mm","description":"Novelo de r\u00e1fia kraft 100 m x 10 mm, ideal para embalagens de presentes, fechos de sacos e decora\u00e7\u00f5es com um estilo natural e aut\u00eantico.","robots":{"index":"index","follow":"follow","max-snippet":"max-snippet:-1","max-image-preview":"max-image-preview:large","max-video-preview":"max-video-preview:-1"},"canonical":"https:\/\/www.csj-emballages.com\/pt-pt\/produit\/bola-de-rafia-kraft-100m-x-10mm\/","og_locale":"pt_PT","og_type":"article","og_title":"Bola de r\u00e1fia kraft 100m x 10mm","og_description":"Novelo de r\u00e1fia kraft 100 m x 10 mm, ideal para embalagens de presentes, fechos de sacos e decora\u00e7\u00f5es com um estilo natural e aut\u00eantico.","og_url":"https:\/\/www.csj-emballages.com\/pt-pt\/produit\/bola-de-rafia-kraft-100m-x-10mm\/","og_site_name":"CSJ Emballages","article_publisher":"https:\/\/www.facebook.com\/csjemballages","article_modified_time":"2026-03-17T01:15:21+00:00","og_image":[{"width":800,"height":800,"url":"https:\/\/www.csj-emballages.com\/wp-content\/uploads\/2024\/08\/PELORAF35.webp","type":"image\/webp"}],"twitter_card":"summary_large_image","twitter_misc":{"Tempo estimado de leitura":"2 minutos"},"schema":{"@context":"https:\/\/schema.org","@graph":[{"@type":"WebPage","@id":"https:\/\/www.csj-emballages.com\/pt-pt\/produit\/bola-de-rafia-kraft-100m-x-10mm\/","url":"https:\/\/www.csj-emballages.com\/pt-pt\/produit\/bola-de-rafia-kraft-100m-x-10mm\/","name":"Novelo de R\u00e1fia Kraft 100 m x 10 mm","isPartOf":{"@id":"https:\/\/www.csj-emballages.com\/pt-pt\/#website"},"primaryImageOfPage":{"@id":"https:\/\/www.csj-emballages.com\/pt-pt\/produit\/bola-de-rafia-kraft-100m-x-10mm\/#primaryimage"},"image":{"@id":"https:\/\/www.csj-emballages.com\/pt-pt\/produit\/bola-de-rafia-kraft-100m-x-10mm\/#primaryimage"},"thumbnailUrl":"https:\/\/www.csj-emballages.com\/wp-content\/uploads\/2024\/08\/PELORAF35.webp","datePublished":"2024-08-27T00:18:17+00:00","dateModified":"2026-03-17T01:15:21+00:00","description":"Novelo de r\u00e1fia kraft 100 m x 10 mm, ideal para embalagens de presentes, fechos de sacos e decora\u00e7\u00f5es com um estilo natural e aut\u00eantico.","breadcrumb":{"@id":"https:\/\/www.csj-emballages.com\/pt-pt\/produit\/bola-de-rafia-kraft-100m-x-10mm\/#breadcrumb"},"inLanguage":"pt-PT","potentialAction":[{"@type":"ReadAction","target":["https:\/\/www.csj-emballages.com\/pt-pt\/produit\/bola-de-rafia-kraft-100m-x-10mm\/"]}]},{"@type":"ImageObject","inLanguage":"pt-PT","@id":"https:\/\/www.csj-emballages.com\/pt-pt\/produit\/bola-de-rafia-kraft-100m-x-10mm\/#primaryimage","url":"https:\/\/www.csj-emballages.com\/wp-content\/uploads\/2024\/08\/PELORAF35.webp","contentUrl":"https:\/\/www.csj-emballages.com\/wp-content\/uploads\/2024\/08\/PELORAF35.webp","width":800,"height":800,"caption":"Pelote raffia"},{"@type":"BreadcrumbList","@id":"https:\/\/www.csj-emballages.com\/pt-pt\/produit\/bola-de-rafia-kraft-100m-x-10mm\/#breadcrumb","itemListElement":[{"@type":"ListItem","position":1,"name":"Acolhimento","item":"https:\/\/www.csj-emballages.com\/pt-pt\/universo-das-embalagens-alimentares\/"},{"@type":"ListItem","position":2,"name":"Shop","item":"https:\/\/www.csj-emballages.com\/shop\/"},{"@type":"ListItem","position":3,"name":"Bola de r\u00e1fia kraft 100m x 10mm"}]},{"@type":"WebSite","@id":"https:\/\/www.csj-emballages.com\/pt-pt\/#website","url":"https:\/\/www.csj-emballages.com\/pt-pt\/","name":"CSJ Emballages","description":"","publisher":{"@id":"https:\/\/www.csj-emballages.com\/pt-pt\/#organization"},"potentialAction":[{"@type":"SearchAction","target":{"@type":"EntryPoint","urlTemplate":"https:\/\/www.csj-emballages.com\/pt-pt\/?s={search_term_string}"},"query-input":{"@type":"PropertyValueSpecification","valueRequired":true,"valueName":"search_term_string"}}],"inLanguage":"pt-PT"},{"@type":"Organization","@id":"https:\/\/www.csj-emballages.com\/pt-pt\/#Organization\/","name":"CSJ Emballages","url":"https:\/\/www.csj-emballages.com\/pt-pt\/","logo":{"@type":"ImageObject","inLanguage":"pt-PT","@id":"https:\/\/www.csj-emballages.com\/pt-pt\/#\/schema\/logo\/image\/","url":"https:\/\/www.csj-emballages.com\/wp-content\/uploads\/2023\/10\/logo_csj.webp","contentUrl":"https:\/\/www.csj-emballages.com\/wp-content\/uploads\/2023\/10\/logo_csj.webp","width":250,"height":95,"caption":"CSJ Emballages"},"image":{"@id":"https:\/\/www.csj-emballages.com\/pt-pt\/#\/schema\/logo\/image\/"},"sameAs":["https:\/\/www.facebook.com\/csjemballages"],"address":{"@type":"PostalAddress","streetAddress":"ZI La Lechere","addressLocality":"Patornay","postalCode":"39130","addressCountry":"FR"},"contactPoint":[{"@type":"ContactPoint","contactType":"Service client","telephone":"0384254272","email":"contact@csj-emballages.com"}]}]}},"df_price":5.32,"df_sale_price":"","df_regular_price":5.32,"df_image_link":"https:\/\/www.csj-emballages.com\/wp-content\/uploads\/2024\/08\/PELORAF35-300x300.webp","tiered_pricing_type":"fixed","tiered_pricing_fixed_rules":[],"tiered_pricing_percentage_rules":[],"tiered_pricing_minimum":1,"tiered_pricing_roles_data":[],"_links":{"self":[{"href":"https:\/\/www.csj-emballages.com\/pt-pt\/wp-json\/wp\/v2\/product\/126075","targetHints":{"allow":["GET"]}}],"collection":[{"href":"https:\/\/www.csj-emballages.com\/pt-pt\/wp-json\/wp\/v2\/product"}],"about":[{"href":"https:\/\/www.csj-emballages.com\/pt-pt\/wp-json\/wp\/v2\/types\/product"}],"wp:featuredmedia":[{"embeddable":true,"href":"https:\/\/www.csj-emballages.com\/pt-pt\/wp-json\/wp\/v2\/media\/259485"}],"wp:attachment":[{"href":"https:\/\/www.csj-emballages.com\/pt-pt\/wp-json\/wp\/v2\/media?parent=126075"}],"wp:term":[{"taxonomy":"product_brand","embeddable":true,"href":"https:\/\/www.csj-emballages.com\/pt-pt\/wp-json\/wp\/v2\/product_brand?post=126075"},{"taxonomy":"product_cat","embeddable":true,"href":"https:\/\/www.csj-emballages.com\/pt-pt\/wp-json\/wp\/v2\/product_cat?post=126075"},{"taxonomy":"product_tag","embeddable":true,"href":"https:\/\/www.csj-emballages.com\/pt-pt\/wp-json\/wp\/v2\/product_tag?post=126075"}],"curies":[{"name":"wp","href":"https:\/\/api.w.org\/{rel}","templated":true}]}}