{"id":126071,"date":"2024-08-27T02:18:19","date_gmt":"2024-08-27T00:18:19","guid":{"rendered":"https:\/\/www.csj-emballages.com\/produit\/alicate-bolduc\/"},"modified":"2026-03-12T16:32:29","modified_gmt":"2026-03-12T15:32:29","slug":"alicate-bolduc","status":"publish","type":"product","link":"https:\/\/www.csj-emballages.com\/pt-pt\/produit\/alicate-bolduc\/","title":{"rendered":"Alicate Bolduc"},"content":{"rendered":"<h2><strong style=\"font-family: Roboto, sans-serif;\">Alicate Bolduc<\/strong><\/h2>\n<div style=\"box-sizing: inherit; font-family: Roboto, sans-serif;\">\n<div style=\"box-sizing: inherit; font-family: Roboto, sans-serif;\">\n<div style=\"box-sizing: inherit; font-family: Roboto, sans-serif;\">\n<div style=\"text-align: center;\">\n<div style=\"box-sizing: inherit; font-family: Roboto, sans-serif;\">\n<div style=\"box-sizing: inherit; font-family: Roboto, sans-serif;\">\n<div style=\"box-sizing: inherit; font-family: Roboto, sans-serif;\">\n<div style=\"box-sizing: inherit; font-family: Roboto, sans-serif;\">\n<div style=\"box-sizing: inherit; font-family: Roboto, sans-serif;\">\n<div style=\"box-sizing: inherit; font-family: Roboto, sans-serif; text-align: left;\">\n<hr>\n<h3 style=\"text-align: left;\">Descri\u00e7\u00e3o do nosso alicate de pontas c\u00f3nicas Bolduc<\/h3>\n<p><!--more-->  Descobre a nossa <strong>pin\u00e7a<\/strong> para <strong>bolduc<\/strong>, a ferramenta indispens\u00e1vel para personalizar com eleg\u00e2ncia os teus pacotes de oferta.<br \/>\nConcebida para afunilar o bolduche, cria efeitos visuais impressionantes.<br \/>\nO seu design ergon\u00f3mico torna-a confort\u00e1vel de segurar, mesmo durante longas sess\u00f5es de embrulho.<br \/>\nFabricado em pl\u00e1stico robusto, \u00e9 simultaneamente resistente e leve.<br \/>\nGra\u00e7as \u00e0 sua fun\u00e7\u00e3o de corte integrada, podes cortar facilmente o bolduche no comprimento desejado.<br \/>\nNum piscar de olhos, podes transformar simples fitas em bonitos la\u00e7os.<br \/>\nEsta ferramenta \u00e9 perfeita para todos, quer sejas um perito ou um principiante.<br \/>\n\u00c9 f\u00e1cil de guardar e cabe perfeitamente numa gaveta ou numa secret\u00e1ria.<br \/>\nA sua excelente rela\u00e7\u00e3o qualidade\/pre\u00e7o torna-a indispens\u00e1vel para os entusiastas da decora\u00e7\u00e3o.<br \/>\nUtiliza-o para todos os teus eventos, do Natal aos anivers\u00e1rios.<br \/>\nAl\u00e9m disso, este <strong>clip<\/strong> \u00e9 ideal para personalizar presentes para amigos e familiares.<br \/>\nAdopta-o e d\u00e1 um toque de criatividade aos teus bolducs.<br \/>\nN\u00e3o esperes mais para embelezar as tuas cria\u00e7\u00f5es com estilo e simplicidade!<br \/>\nPor fim, a sua excelente rela\u00e7\u00e3o qualidade\/pre\u00e7o torna-a uma escolha acertada.<br \/>\n\u00c9 acess\u00edvel a todos, sem comprometer a qualidade.<br \/>\nAdopta os nossos alicates para bolducs e transforma as tuas embalagens em verdadeiras obras de arte, enquanto desfrutas da sua praticidade e efic\u00e1cia.                 &nbsp;<\/p>\n<\/div>\n<\/div>\n<\/div>\n<\/div>\n<\/div>\n<\/div>\n<\/div>\n<\/div>\n<\/div>\n<\/div>\n<p><!--more--><\/p>\n<p style=\"text-align: left;\"><strong>As vantagens dos nossos alicates de parafusos :<\/strong><\/p>\n<ul style=\"text-align: left;\">\n<li><strong>Tor\u00e7\u00e3o de precis\u00e3o:<\/strong> Torce o bolduc com precis\u00e3o para criar cachos bonitos num piscar de olhos.<\/li>\n<li><strong>Funcionamento intuitivo:<\/strong> Concebido para ser simples de utilizar, mesmo para principiantes, garantindo resultados r\u00e1pidos e profissionais.<\/li>\n<li><strong>Versatilidade:<\/strong> Perfeito para todas as ocasi\u00f5es, seja Natal, anivers\u00e1rios ou outros eventos especiais.<\/li>\n<li><strong>Durabilidade:<\/strong> Fabricada em pl\u00e1stico, \u00e9 resistente e ideal para uma vasta gama de projectos de embalagem.<\/li>\n<\/ul>\n<p>&nbsp;<\/p>\n<p style=\"text-align: left;\"><!--more--><\/p>\n<p><a href=\"https:\/\/www.csj-emballages.com\/categorie-produit\/emballages\/boulangerie-patisserie\/accessoires-et-equipements\/accessoires-decoratifs-boulangerie-patisserie\/bobine-bolduc-boulangerie-patisserie\/\"><a href=\"https:\/\/www.csj-emballages.com\/categorie-produit\/emballages\/boulangerie-patisserie\/accessoires-et-equipements\/accessoires-decoratifs-boulangerie-patisserie\/bobine-bolduc-boulangerie-patisserie\/\">V\u00ea o resto da nossa gama de carretos bolduc <\/a> <\/a><\/p>\n","protected":false},"excerpt":{"rendered":"<p>Alicate Bolduc Descri\u00e7\u00e3o do nosso alicate de pontas c\u00f3nicas Bolduc<\/p>\n","protected":false},"featured_media":225381,"template":"","meta":{"_acf_changed":false},"product_brand":[],"product_cat":[1141,1177,3918,1796,11578],"product_tag":[],"class_list":{"0":"post-126071","1":"product","2":"type-product","3":"status-publish","4":"has-post-thumbnail","6":"product_cat-embalagem-de-alimentos","7":"product_cat-padaria-e-pastelaria","8":"product_cat-acessorios-e-equipamentos","9":"product_cat-acessorios-decorativos","10":"product_cat-acessorios","12":"first","13":"instock","14":"taxable","15":"shipping-taxable","16":"purchasable","17":"product-type-simple"},"acf":[],"yoast_head":"<!-- This site is optimized with the Yoast SEO Premium plugin v26.6 (Yoast SEO v26.6) - https:\/\/yoast.com\/wordpress\/plugins\/seo\/ -->\n<title>Clipe Bolduc \/ CSJ Emballages<\/title>\n<meta name=\"description\" content=\"Descobre o nosso alicate para bolducs, ideal para afinar facilmente bolducs. F\u00e1cil de utilizar, duradouro e com uma excelente rela\u00e7\u00e3o qualidade\/pre\u00e7o.\" \/>\n<meta name=\"robots\" content=\"index, follow, max-snippet:-1, max-image-preview:large, max-video-preview:-1\" \/>\n<link rel=\"canonical\" href=\"https:\/\/www.csj-emballages.com\/pt-pt\/produit\/alicate-bolduc\/\" \/>\n<meta property=\"og:locale\" content=\"pt_PT\" \/>\n<meta property=\"og:type\" content=\"article\" \/>\n<meta property=\"og:title\" content=\"Alicate Bolduc\" \/>\n<meta property=\"og:description\" content=\"Descobre o nosso alicate para bolducs, ideal para afinar facilmente bolducs. F\u00e1cil de utilizar, duradouro e com uma excelente rela\u00e7\u00e3o qualidade\/pre\u00e7o.\" \/>\n<meta property=\"og:url\" content=\"https:\/\/www.csj-emballages.com\/pt-pt\/produit\/alicate-bolduc\/\" \/>\n<meta property=\"og:site_name\" content=\"CSJ Emballages\" \/>\n<meta property=\"article:publisher\" content=\"https:\/\/www.facebook.com\/csjemballages\" \/>\n<meta property=\"article:modified_time\" content=\"2026-03-12T15:32:29+00:00\" \/>\n<meta property=\"og:image\" content=\"https:\/\/www.csj-emballages.com\/wp-content\/uploads\/2024\/08\/Design-sans-titre-1-jpg.webp\" \/>\n\t<meta property=\"og:image:width\" content=\"1080\" \/>\n\t<meta property=\"og:image:height\" content=\"1080\" \/>\n\t<meta property=\"og:image:type\" content=\"image\/jpeg\" \/>\n<meta name=\"twitter:card\" content=\"summary_large_image\" \/>\n<meta name=\"twitter:label1\" content=\"Tempo estimado de leitura\" \/>\n\t<meta name=\"twitter:data1\" content=\"2 minutos\" \/>\n<script type=\"application\/ld+json\" class=\"yoast-schema-graph\">{\"@context\":\"https:\/\/schema.org\",\"@graph\":[{\"@type\":\"WebPage\",\"@id\":\"https:\/\/www.csj-emballages.com\/pt-pt\/produit\/alicate-bolduc\/\",\"url\":\"https:\/\/www.csj-emballages.com\/pt-pt\/produit\/alicate-bolduc\/\",\"name\":\"Clipe Bolduc \/ CSJ Emballages\",\"isPartOf\":{\"@id\":\"https:\/\/www.csj-emballages.com\/pt-pt\/#website\"},\"primaryImageOfPage\":{\"@id\":\"https:\/\/www.csj-emballages.com\/pt-pt\/produit\/alicate-bolduc\/#primaryimage\"},\"image\":{\"@id\":\"https:\/\/www.csj-emballages.com\/pt-pt\/produit\/alicate-bolduc\/#primaryimage\"},\"thumbnailUrl\":\"https:\/\/www.csj-emballages.com\/wp-content\/uploads\/2024\/08\/Pince-a-friser.webp\",\"datePublished\":\"2024-08-27T00:18:19+00:00\",\"dateModified\":\"2026-03-12T15:32:29+00:00\",\"description\":\"Descobre o nosso alicate para bolducs, ideal para afinar facilmente bolducs. F\u00e1cil de utilizar, duradouro e com uma excelente rela\u00e7\u00e3o qualidade\/pre\u00e7o.\",\"breadcrumb\":{\"@id\":\"https:\/\/www.csj-emballages.com\/pt-pt\/produit\/alicate-bolduc\/#breadcrumb\"},\"inLanguage\":\"pt-PT\",\"potentialAction\":[{\"@type\":\"ReadAction\",\"target\":[\"https:\/\/www.csj-emballages.com\/pt-pt\/produit\/alicate-bolduc\/\"]}]},{\"@type\":\"ImageObject\",\"inLanguage\":\"pt-PT\",\"@id\":\"https:\/\/www.csj-emballages.com\/pt-pt\/produit\/alicate-bolduc\/#primaryimage\",\"url\":\"https:\/\/www.csj-emballages.com\/wp-content\/uploads\/2024\/08\/Pince-a-friser.webp\",\"contentUrl\":\"https:\/\/www.csj-emballages.com\/wp-content\/uploads\/2024\/08\/Pince-a-friser.webp\",\"width\":800,\"height\":800,\"caption\":\"Pince \u00e0 bolduc\"},{\"@type\":\"BreadcrumbList\",\"@id\":\"https:\/\/www.csj-emballages.com\/pt-pt\/produit\/alicate-bolduc\/#breadcrumb\",\"itemListElement\":[{\"@type\":\"ListItem\",\"position\":1,\"name\":\"Acolhimento\",\"item\":\"https:\/\/www.csj-emballages.com\/pt-pt\/universo-das-embalagens-alimentares\/\"},{\"@type\":\"ListItem\",\"position\":2,\"name\":\"Shop\",\"item\":\"https:\/\/www.csj-emballages.com\/shop\/\"},{\"@type\":\"ListItem\",\"position\":3,\"name\":\"Alicate Bolduc\"}]},{\"@type\":\"WebSite\",\"@id\":\"https:\/\/www.csj-emballages.com\/pt-pt\/#website\",\"url\":\"https:\/\/www.csj-emballages.com\/pt-pt\/\",\"name\":\"CSJ Emballages\",\"description\":\"\",\"publisher\":{\"@id\":\"https:\/\/www.csj-emballages.com\/pt-pt\/#organization\"},\"potentialAction\":[{\"@type\":\"SearchAction\",\"target\":{\"@type\":\"EntryPoint\",\"urlTemplate\":\"https:\/\/www.csj-emballages.com\/pt-pt\/?s={search_term_string}\"},\"query-input\":{\"@type\":\"PropertyValueSpecification\",\"valueRequired\":true,\"valueName\":\"search_term_string\"}}],\"inLanguage\":\"pt-PT\"},{\"@type\":\"Organization\",\"@id\":\"https:\/\/www.csj-emballages.com\/pt-pt\/#Organization\/\",\"name\":\"CSJ Emballages\",\"url\":\"https:\/\/www.csj-emballages.com\/pt-pt\/\",\"logo\":{\"@type\":\"ImageObject\",\"inLanguage\":\"pt-PT\",\"@id\":\"https:\/\/www.csj-emballages.com\/pt-pt\/#\/schema\/logo\/image\/\",\"url\":\"https:\/\/www.csj-emballages.com\/wp-content\/uploads\/2023\/10\/logo_csj.webp\",\"contentUrl\":\"https:\/\/www.csj-emballages.com\/wp-content\/uploads\/2023\/10\/logo_csj.webp\",\"width\":250,\"height\":95,\"caption\":\"CSJ Emballages\"},\"image\":{\"@id\":\"https:\/\/www.csj-emballages.com\/pt-pt\/#\/schema\/logo\/image\/\"},\"sameAs\":[\"https:\/\/www.facebook.com\/csjemballages\"],\"address\":{\"@type\":\"PostalAddress\",\"streetAddress\":\"ZI La Lechere\",\"addressLocality\":\"Patornay\",\"postalCode\":\"39130\",\"addressCountry\":\"FR\"},\"contactPoint\":[{\"@type\":\"ContactPoint\",\"contactType\":\"Service client\",\"telephone\":\"0384254272\",\"email\":\"contact@csj-emballages.com\"}]}]}<\/script>\n<!-- \/ Yoast SEO Premium plugin. -->","yoast_head_json":{"title":"Clipe Bolduc \/ CSJ Emballages","description":"Descobre o nosso alicate para bolducs, ideal para afinar facilmente bolducs. F\u00e1cil de utilizar, duradouro e com uma excelente rela\u00e7\u00e3o qualidade\/pre\u00e7o.","robots":{"index":"index","follow":"follow","max-snippet":"max-snippet:-1","max-image-preview":"max-image-preview:large","max-video-preview":"max-video-preview:-1"},"canonical":"https:\/\/www.csj-emballages.com\/pt-pt\/produit\/alicate-bolduc\/","og_locale":"pt_PT","og_type":"article","og_title":"Alicate Bolduc","og_description":"Descobre o nosso alicate para bolducs, ideal para afinar facilmente bolducs. F\u00e1cil de utilizar, duradouro e com uma excelente rela\u00e7\u00e3o qualidade\/pre\u00e7o.","og_url":"https:\/\/www.csj-emballages.com\/pt-pt\/produit\/alicate-bolduc\/","og_site_name":"CSJ Emballages","article_publisher":"https:\/\/www.facebook.com\/csjemballages","article_modified_time":"2026-03-12T15:32:29+00:00","og_image":[{"width":1080,"height":1080,"url":"https:\/\/www.csj-emballages.com\/wp-content\/uploads\/2024\/08\/Design-sans-titre-1-jpg.webp","type":"image\/jpeg"}],"twitter_card":"summary_large_image","twitter_misc":{"Tempo estimado de leitura":"2 minutos"},"schema":{"@context":"https:\/\/schema.org","@graph":[{"@type":"WebPage","@id":"https:\/\/www.csj-emballages.com\/pt-pt\/produit\/alicate-bolduc\/","url":"https:\/\/www.csj-emballages.com\/pt-pt\/produit\/alicate-bolduc\/","name":"Clipe Bolduc \/ CSJ Emballages","isPartOf":{"@id":"https:\/\/www.csj-emballages.com\/pt-pt\/#website"},"primaryImageOfPage":{"@id":"https:\/\/www.csj-emballages.com\/pt-pt\/produit\/alicate-bolduc\/#primaryimage"},"image":{"@id":"https:\/\/www.csj-emballages.com\/pt-pt\/produit\/alicate-bolduc\/#primaryimage"},"thumbnailUrl":"https:\/\/www.csj-emballages.com\/wp-content\/uploads\/2024\/08\/Pince-a-friser.webp","datePublished":"2024-08-27T00:18:19+00:00","dateModified":"2026-03-12T15:32:29+00:00","description":"Descobre o nosso alicate para bolducs, ideal para afinar facilmente bolducs. F\u00e1cil de utilizar, duradouro e com uma excelente rela\u00e7\u00e3o qualidade\/pre\u00e7o.","breadcrumb":{"@id":"https:\/\/www.csj-emballages.com\/pt-pt\/produit\/alicate-bolduc\/#breadcrumb"},"inLanguage":"pt-PT","potentialAction":[{"@type":"ReadAction","target":["https:\/\/www.csj-emballages.com\/pt-pt\/produit\/alicate-bolduc\/"]}]},{"@type":"ImageObject","inLanguage":"pt-PT","@id":"https:\/\/www.csj-emballages.com\/pt-pt\/produit\/alicate-bolduc\/#primaryimage","url":"https:\/\/www.csj-emballages.com\/wp-content\/uploads\/2024\/08\/Pince-a-friser.webp","contentUrl":"https:\/\/www.csj-emballages.com\/wp-content\/uploads\/2024\/08\/Pince-a-friser.webp","width":800,"height":800,"caption":"Pince \u00e0 bolduc"},{"@type":"BreadcrumbList","@id":"https:\/\/www.csj-emballages.com\/pt-pt\/produit\/alicate-bolduc\/#breadcrumb","itemListElement":[{"@type":"ListItem","position":1,"name":"Acolhimento","item":"https:\/\/www.csj-emballages.com\/pt-pt\/universo-das-embalagens-alimentares\/"},{"@type":"ListItem","position":2,"name":"Shop","item":"https:\/\/www.csj-emballages.com\/shop\/"},{"@type":"ListItem","position":3,"name":"Alicate Bolduc"}]},{"@type":"WebSite","@id":"https:\/\/www.csj-emballages.com\/pt-pt\/#website","url":"https:\/\/www.csj-emballages.com\/pt-pt\/","name":"CSJ Emballages","description":"","publisher":{"@id":"https:\/\/www.csj-emballages.com\/pt-pt\/#organization"},"potentialAction":[{"@type":"SearchAction","target":{"@type":"EntryPoint","urlTemplate":"https:\/\/www.csj-emballages.com\/pt-pt\/?s={search_term_string}"},"query-input":{"@type":"PropertyValueSpecification","valueRequired":true,"valueName":"search_term_string"}}],"inLanguage":"pt-PT"},{"@type":"Organization","@id":"https:\/\/www.csj-emballages.com\/pt-pt\/#Organization\/","name":"CSJ Emballages","url":"https:\/\/www.csj-emballages.com\/pt-pt\/","logo":{"@type":"ImageObject","inLanguage":"pt-PT","@id":"https:\/\/www.csj-emballages.com\/pt-pt\/#\/schema\/logo\/image\/","url":"https:\/\/www.csj-emballages.com\/wp-content\/uploads\/2023\/10\/logo_csj.webp","contentUrl":"https:\/\/www.csj-emballages.com\/wp-content\/uploads\/2023\/10\/logo_csj.webp","width":250,"height":95,"caption":"CSJ Emballages"},"image":{"@id":"https:\/\/www.csj-emballages.com\/pt-pt\/#\/schema\/logo\/image\/"},"sameAs":["https:\/\/www.facebook.com\/csjemballages"],"address":{"@type":"PostalAddress","streetAddress":"ZI La Lechere","addressLocality":"Patornay","postalCode":"39130","addressCountry":"FR"},"contactPoint":[{"@type":"ContactPoint","contactType":"Service client","telephone":"0384254272","email":"contact@csj-emballages.com"}]}]}},"df_price":5.32,"df_sale_price":"","df_regular_price":5.32,"df_image_link":"https:\/\/www.csj-emballages.com\/wp-content\/uploads\/2024\/08\/Pince-a-friser-300x300.webp","tiered_pricing_type":"fixed","tiered_pricing_fixed_rules":[],"tiered_pricing_percentage_rules":[],"tiered_pricing_minimum":1,"tiered_pricing_roles_data":[],"_links":{"self":[{"href":"https:\/\/www.csj-emballages.com\/pt-pt\/wp-json\/wp\/v2\/product\/126071","targetHints":{"allow":["GET"]}}],"collection":[{"href":"https:\/\/www.csj-emballages.com\/pt-pt\/wp-json\/wp\/v2\/product"}],"about":[{"href":"https:\/\/www.csj-emballages.com\/pt-pt\/wp-json\/wp\/v2\/types\/product"}],"wp:featuredmedia":[{"embeddable":true,"href":"https:\/\/www.csj-emballages.com\/pt-pt\/wp-json\/wp\/v2\/media\/225381"}],"wp:attachment":[{"href":"https:\/\/www.csj-emballages.com\/pt-pt\/wp-json\/wp\/v2\/media?parent=126071"}],"wp:term":[{"taxonomy":"product_brand","embeddable":true,"href":"https:\/\/www.csj-emballages.com\/pt-pt\/wp-json\/wp\/v2\/product_brand?post=126071"},{"taxonomy":"product_cat","embeddable":true,"href":"https:\/\/www.csj-emballages.com\/pt-pt\/wp-json\/wp\/v2\/product_cat?post=126071"},{"taxonomy":"product_tag","embeddable":true,"href":"https:\/\/www.csj-emballages.com\/pt-pt\/wp-json\/wp\/v2\/product_tag?post=126071"}],"curies":[{"name":"wp","href":"https:\/\/api.w.org\/{rel}","templated":true}]}}