{"id":126065,"date":"2024-08-27T02:18:14","date_gmt":"2024-08-27T00:18:14","guid":{"rendered":"https:\/\/www.csj-emballages.com\/?post_type=product&#038;p=126065"},"modified":"2026-03-12T16:11:52","modified_gmt":"2026-03-12T15:11:52","slug":"25-caixas-de-cartao-para-bolos-de-cacau-20-x-11-x-9-cm-2","status":"publish","type":"product","link":"https:\/\/www.csj-emballages.com\/pt-pt\/produit\/25-caixas-de-cartao-para-bolos-de-cacau-20-x-11-x-9-cm-2\/","title":{"rendered":"Caixa para cupcakes de cacau 20 x 11 x 9 cm, embalagem de 25"},"content":{"rendered":"<h2>Caixa de cupcakes<\/h2>\n<hr>\n<h3><span style=\"font-weight: bold;\">Descubra a nossa caixa de cart\u00e3o para cupcakes de cacau 20 x 11 x 9 cm, embalagem de 25<\/span><\/h3>\n<p><!--more--><\/p>\n<p data-start=\"141\" data-end=\"456\">Descubra a <strong data-start=\"154\" data-end=\"206\">caixa para cupcakes em cart\u00e3o cacau 20 x 11 x 9 cm por 25<\/strong>, uma solu\u00e7\u00e3o de embalagem elegante e pr\u00e1tica para apresentar as suas cria\u00e7\u00f5es gourmet. Especialmente concebida para os profissionais de pastelaria, padaria e restaura\u00e7\u00e3o, esta <strong>caixa para cupcakes<\/strong> combina robustez, est\u00e9tica e praticidade. <\/p>\n<p data-start=\"458\" data-end=\"905\">Fabricado em <strong data-start=\"471\" data-end=\"493\">cart\u00e3o alimentar<\/strong>, garante uma prote\u00e7\u00e3o \u00f3ptima dos seus cupcakes ou muffins durante o transporte. A sua cor de <strong data-start=\"606\" data-end=\"615\">cacau<\/strong> confere-lhe um toque refinado e natural, ideal para valorizar as suas sobremesas e refor\u00e7ar uma imagem aut\u00eantica e tradicional. Gra\u00e7as ao seu formato de <strong data-start=\"767\" data-end=\"785\">20 x 11 x 9 cm<\/strong>, esta <strong>caixa para cupcakes<\/strong> \u00e9 perfeitamente adequada para guardar v\u00e1rios cupcakes de forma est\u00e1vel, sem qualquer risco de esmagamento.  <\/p>\n<p data-start=\"907\" data-end=\"1280\">F\u00e1cil de montar e de voltar a fechar, permite poupar tempo precioso nas suas prepara\u00e7\u00f5es di\u00e1rias. A sua robustez torna-o um aliado indispens\u00e1vel para takeaways, buffets, eventos e ofertas gourmet. Al\u00e9m disso, \u00e9 embalado em <strong data-start=\"1179\" data-end=\"1192\">lotes de 25 unidades<\/strong>, o que lhe permite dispor de um stock suficiente para responder \u00e0s necessidades regulares da sua empresa.  <\/p>\n<p data-start=\"1282\" data-end=\"1548\">A escolha desta <strong data-start=\"1296\" data-end=\"1326\">caixa para cupcakes de cacau<\/strong> alia est\u00e9tica e praticidade. Em suma, \u00e9 um verdadeiro trunfo para fidelizar os clientes e real\u00e7ar a qualidade dos seus produtos caseiros. <\/p>\n<p>&nbsp;<\/p>\n<p><!--more--><\/p>\n<h4>As vantagens:<\/h4>\n<ul>\n<li>Cart\u00e3o robusto adequado para contacto com alimentos.<\/li>\n<li>Design elegante em cor de cacau para uma apresenta\u00e7\u00e3o requintada.<\/li>\n<li>Com <strong>20 x 11 x 9 cm,<\/strong> \u00e9 ideal para cupcakes e muffins.<\/li>\n<li>A montagem r\u00e1pida e f\u00e1cil poupa tempo.<\/li>\n<li>Vendido em <strong>embalagens de 25 unidades<\/strong> para uma excelente rela\u00e7\u00e3o qualidade\/pre\u00e7o.<\/li>\n<\/ul>\n<p>&nbsp;<\/p>\n<p><!--more--><\/p>\n<h4>Outras informa\u00e7\u00f5es :<\/h4>\n<ul>\n<li><strong>Embalagem<\/strong>: Pacote de 25<\/li>\n<li><b>Cor: <\/b>Cacau<\/li>\n<li><strong>Material<\/strong>: Cart\u00e3o<\/li>\n<li><strong>Dimens\u00f5es<\/strong>: 20 x 11 x 9 (C x L x A em cm)<\/li>\n<li><strong>Utiliza\u00e7\u00e3o<\/strong>: Cupcakes, muffins, mini-bolos, etc.<\/li>\n<\/ul>\n<p>&nbsp;<\/p>\n<p><!--more--><\/p>\n<p>Este produto est\u00e1 dispon\u00edvel em v\u00e1rias cores: <span style=\"color: #d12727;\"><a style=\"color: #d12727;\" href=\"https:\/\/www.csj-emballages.com\/produit\/25-boites-cakes-carton-blanches-20-x-11-x-9-cm\/\">Branco<\/a><\/span> \/ <span style=\"color: #d12727;\"><a style=\"color: #d12727;\" href=\"https:\/\/www.csj-emballages.com\/produit\/25-boites-cakes-carton-kraft-20-x-11-x-9-cm\/\">Kraft<\/a><\/span> \/ <span style=\"color: #d12727;\"><a style=\"color: #d12727;\" href=\"https:\/\/www.csj-emballages.com\/produit\/25-boites-cakes-carton-oranges-20-x-11-x-9-cm\/\">laranja<\/a><\/span> \/ <span style=\"color: #d12727;\"><a style=\"color: #d12727;\" href=\"https:\/\/www.csj-emballages.com\/produit\/25-boites-cakes-carton-vertes-20-x-11-x-9-cm\/\">Verde<\/a><\/span><\/p>\n<p>&nbsp;<\/p>\n<p><!--more--><\/p>\n<p>Encontre aqui o nosso inserto para 2 cupcakes compat\u00edvel com esta caixa: <span style=\"color: #d12727;\"><a style=\"color: #d12727;\" href=\"https:\/\/www.csj-emballages.com\/pt-pt\/produit\/25-tabuleiros-para-2-cupcakes-de-cartao-branco\/\">CALBCC2<\/a><\/span><\/p>\n<p>&nbsp;<\/p>\n<p><!--more--><\/p>\n<p><a href=\"https:\/\/www.csj-emballages.com\/pt-pt\/categorie-produit\/embalagem-de-alimentos\/padaria-e-pastelaria\/caixas-e-estojos\/caixas-para-cupcakes-pt-pt\/\">Veja o resto da nossa gama de caixas para cupcakes aqui<\/a><\/p>\n","protected":false},"excerpt":{"rendered":"<p>Caixa de cupcakes Descubra a nossa caixa de cart\u00e3o para cupcakes de cacau 20 x 11 x 9 cm, embalagem de 25<\/p>\n","protected":false},"featured_media":241600,"template":"","meta":{"_acf_changed":false},"product_brand":[],"product_cat":[1141,1177,3916,2155,1178],"product_tag":[],"class_list":{"0":"post-126065","1":"product","2":"type-product","3":"status-publish","4":"has-post-thumbnail","6":"product_cat-embalagem-de-alimentos","7":"product_cat-padaria-e-pastelaria","8":"product_cat-caixas-e-estojos","9":"product_cat-caixas-para-cupcakes-pt-pt","10":"product_cat-caixas-de-janela","12":"first","13":"outofstock","14":"taxable","15":"shipping-taxable","16":"purchasable","17":"product-type-simple"},"acf":[],"yoast_head":"<!-- This site is optimized with the Yoast SEO Premium plugin v26.6 (Yoast SEO v26.6) - https:\/\/yoast.com\/wordpress\/plugins\/seo\/ -->\n<title>Caixa para cupcakes Caixa de cart\u00e3o para cacau 20 x 11 x 9 cm x 25<\/title>\n<meta name=\"description\" content=\"Caixa para cupcakes em cart\u00e3o para cacau, elegante e resistente, 20 x 11 x 9 cm, embalagem de 25. Ideal para transportar e apresentar os seus cupcakes de forma profissional.\" \/>\n<meta name=\"robots\" content=\"index, follow, max-snippet:-1, max-image-preview:large, max-video-preview:-1\" \/>\n<link rel=\"canonical\" href=\"https:\/\/www.csj-emballages.com\/pt-pt\/produit\/25-caixas-de-cartao-para-bolos-de-cacau-20-x-11-x-9-cm-2\/\" \/>\n<meta property=\"og:locale\" content=\"pt_PT\" \/>\n<meta property=\"og:type\" content=\"article\" \/>\n<meta property=\"og:title\" content=\"Caixa para cupcakes de cacau 20 x 11 x 9 cm, embalagem de 25\" \/>\n<meta property=\"og:description\" content=\"Caixa para cupcakes em cart\u00e3o para cacau, elegante e resistente, 20 x 11 x 9 cm, embalagem de 25. Ideal para transportar e apresentar os seus cupcakes de forma profissional.\" \/>\n<meta property=\"og:url\" content=\"https:\/\/www.csj-emballages.com\/pt-pt\/produit\/25-caixas-de-cartao-para-bolos-de-cacau-20-x-11-x-9-cm-2\/\" \/>\n<meta property=\"og:site_name\" content=\"CSJ Emballages\" \/>\n<meta property=\"article:publisher\" content=\"https:\/\/www.facebook.com\/csjemballages\" \/>\n<meta property=\"article:modified_time\" content=\"2026-03-12T15:11:52+00:00\" \/>\n<meta property=\"og:image\" content=\"https:\/\/www.csj-emballages.com\/wp-content\/uploads\/2024\/08\/BCC2CACAO-1.webp\" \/>\n\t<meta property=\"og:image:width\" content=\"800\" \/>\n\t<meta property=\"og:image:height\" content=\"800\" \/>\n\t<meta property=\"og:image:type\" content=\"image\/webp\" \/>\n<meta name=\"twitter:card\" content=\"summary_large_image\" \/>\n<meta name=\"twitter:label1\" content=\"Tempo estimado de leitura\" \/>\n\t<meta name=\"twitter:data1\" content=\"2 minutos\" \/>\n<script type=\"application\/ld+json\" class=\"yoast-schema-graph\">{\"@context\":\"https:\/\/schema.org\",\"@graph\":[{\"@type\":\"WebPage\",\"@id\":\"https:\/\/www.csj-emballages.com\/pt-pt\/produit\/25-caixas-de-cartao-para-bolos-de-cacau-20-x-11-x-9-cm-2\/\",\"url\":\"https:\/\/www.csj-emballages.com\/pt-pt\/produit\/25-caixas-de-cartao-para-bolos-de-cacau-20-x-11-x-9-cm-2\/\",\"name\":\"Caixa para cupcakes Caixa de cart\u00e3o para cacau 20 x 11 x 9 cm x 25\",\"isPartOf\":{\"@id\":\"https:\/\/www.csj-emballages.com\/pt-pt\/#website\"},\"primaryImageOfPage\":{\"@id\":\"https:\/\/www.csj-emballages.com\/pt-pt\/produit\/25-caixas-de-cartao-para-bolos-de-cacau-20-x-11-x-9-cm-2\/#primaryimage\"},\"image\":{\"@id\":\"https:\/\/www.csj-emballages.com\/pt-pt\/produit\/25-caixas-de-cartao-para-bolos-de-cacau-20-x-11-x-9-cm-2\/#primaryimage\"},\"thumbnailUrl\":\"https:\/\/www.csj-emballages.com\/wp-content\/uploads\/2024\/08\/BCC2CACAO-1.webp\",\"datePublished\":\"2024-08-27T00:18:14+00:00\",\"dateModified\":\"2026-03-12T15:11:52+00:00\",\"description\":\"Caixa para cupcakes em cart\u00e3o para cacau, elegante e resistente, 20 x 11 x 9 cm, embalagem de 25. Ideal para transportar e apresentar os seus cupcakes de forma profissional.\",\"breadcrumb\":{\"@id\":\"https:\/\/www.csj-emballages.com\/pt-pt\/produit\/25-caixas-de-cartao-para-bolos-de-cacau-20-x-11-x-9-cm-2\/#breadcrumb\"},\"inLanguage\":\"pt-PT\",\"potentialAction\":[{\"@type\":\"ReadAction\",\"target\":[\"https:\/\/www.csj-emballages.com\/pt-pt\/produit\/25-caixas-de-cartao-para-bolos-de-cacau-20-x-11-x-9-cm-2\/\"]}]},{\"@type\":\"ImageObject\",\"inLanguage\":\"pt-PT\",\"@id\":\"https:\/\/www.csj-emballages.com\/pt-pt\/produit\/25-caixas-de-cartao-para-bolos-de-cacau-20-x-11-x-9-cm-2\/#primaryimage\",\"url\":\"https:\/\/www.csj-emballages.com\/wp-content\/uploads\/2024\/08\/BCC2CACAO-1.webp\",\"contentUrl\":\"https:\/\/www.csj-emballages.com\/wp-content\/uploads\/2024\/08\/BCC2CACAO-1.webp\",\"width\":800,\"height\":800,\"caption\":\"Boite cupcake\"},{\"@type\":\"BreadcrumbList\",\"@id\":\"https:\/\/www.csj-emballages.com\/pt-pt\/produit\/25-caixas-de-cartao-para-bolos-de-cacau-20-x-11-x-9-cm-2\/#breadcrumb\",\"itemListElement\":[{\"@type\":\"ListItem\",\"position\":1,\"name\":\"Acolhimento\",\"item\":\"https:\/\/www.csj-emballages.com\/pt-pt\/universo-das-embalagens-alimentares\/\"},{\"@type\":\"ListItem\",\"position\":2,\"name\":\"Shop\",\"item\":\"https:\/\/www.csj-emballages.com\/shop\/\"},{\"@type\":\"ListItem\",\"position\":3,\"name\":\"Caixa para cupcakes de cacau 20 x 11 x 9 cm, embalagem de 25\"}]},{\"@type\":\"WebSite\",\"@id\":\"https:\/\/www.csj-emballages.com\/pt-pt\/#website\",\"url\":\"https:\/\/www.csj-emballages.com\/pt-pt\/\",\"name\":\"CSJ Emballages\",\"description\":\"\",\"publisher\":{\"@id\":\"https:\/\/www.csj-emballages.com\/pt-pt\/#organization\"},\"potentialAction\":[{\"@type\":\"SearchAction\",\"target\":{\"@type\":\"EntryPoint\",\"urlTemplate\":\"https:\/\/www.csj-emballages.com\/pt-pt\/?s={search_term_string}\"},\"query-input\":{\"@type\":\"PropertyValueSpecification\",\"valueRequired\":true,\"valueName\":\"search_term_string\"}}],\"inLanguage\":\"pt-PT\"},{\"@type\":\"Organization\",\"@id\":\"https:\/\/www.csj-emballages.com\/pt-pt\/#Organization\/\",\"name\":\"CSJ Emballages\",\"url\":\"https:\/\/www.csj-emballages.com\/pt-pt\/\",\"logo\":{\"@type\":\"ImageObject\",\"inLanguage\":\"pt-PT\",\"@id\":\"https:\/\/www.csj-emballages.com\/pt-pt\/#\/schema\/logo\/image\/\",\"url\":\"https:\/\/www.csj-emballages.com\/wp-content\/uploads\/2023\/10\/logo_csj.webp\",\"contentUrl\":\"https:\/\/www.csj-emballages.com\/wp-content\/uploads\/2023\/10\/logo_csj.webp\",\"width\":250,\"height\":95,\"caption\":\"CSJ Emballages\"},\"image\":{\"@id\":\"https:\/\/www.csj-emballages.com\/pt-pt\/#\/schema\/logo\/image\/\"},\"sameAs\":[\"https:\/\/www.facebook.com\/csjemballages\"],\"address\":{\"@type\":\"PostalAddress\",\"streetAddress\":\"ZI La Lechere\",\"addressLocality\":\"Patornay\",\"postalCode\":\"39130\",\"addressCountry\":\"FR\"},\"contactPoint\":[{\"@type\":\"ContactPoint\",\"contactType\":\"Service client\",\"telephone\":\"0384254272\",\"email\":\"contact@csj-emballages.com\"}]}]}<\/script>\n<!-- \/ Yoast SEO Premium plugin. -->","yoast_head_json":{"title":"Caixa para cupcakes Caixa de cart\u00e3o para cacau 20 x 11 x 9 cm x 25","description":"Caixa para cupcakes em cart\u00e3o para cacau, elegante e resistente, 20 x 11 x 9 cm, embalagem de 25. Ideal para transportar e apresentar os seus cupcakes de forma profissional.","robots":{"index":"index","follow":"follow","max-snippet":"max-snippet:-1","max-image-preview":"max-image-preview:large","max-video-preview":"max-video-preview:-1"},"canonical":"https:\/\/www.csj-emballages.com\/pt-pt\/produit\/25-caixas-de-cartao-para-bolos-de-cacau-20-x-11-x-9-cm-2\/","og_locale":"pt_PT","og_type":"article","og_title":"Caixa para cupcakes de cacau 20 x 11 x 9 cm, embalagem de 25","og_description":"Caixa para cupcakes em cart\u00e3o para cacau, elegante e resistente, 20 x 11 x 9 cm, embalagem de 25. Ideal para transportar e apresentar os seus cupcakes de forma profissional.","og_url":"https:\/\/www.csj-emballages.com\/pt-pt\/produit\/25-caixas-de-cartao-para-bolos-de-cacau-20-x-11-x-9-cm-2\/","og_site_name":"CSJ Emballages","article_publisher":"https:\/\/www.facebook.com\/csjemballages","article_modified_time":"2026-03-12T15:11:52+00:00","og_image":[{"width":800,"height":800,"url":"https:\/\/www.csj-emballages.com\/wp-content\/uploads\/2024\/08\/BCC2CACAO-1.webp","type":"image\/webp"}],"twitter_card":"summary_large_image","twitter_misc":{"Tempo estimado de leitura":"2 minutos"},"schema":{"@context":"https:\/\/schema.org","@graph":[{"@type":"WebPage","@id":"https:\/\/www.csj-emballages.com\/pt-pt\/produit\/25-caixas-de-cartao-para-bolos-de-cacau-20-x-11-x-9-cm-2\/","url":"https:\/\/www.csj-emballages.com\/pt-pt\/produit\/25-caixas-de-cartao-para-bolos-de-cacau-20-x-11-x-9-cm-2\/","name":"Caixa para cupcakes Caixa de cart\u00e3o para cacau 20 x 11 x 9 cm x 25","isPartOf":{"@id":"https:\/\/www.csj-emballages.com\/pt-pt\/#website"},"primaryImageOfPage":{"@id":"https:\/\/www.csj-emballages.com\/pt-pt\/produit\/25-caixas-de-cartao-para-bolos-de-cacau-20-x-11-x-9-cm-2\/#primaryimage"},"image":{"@id":"https:\/\/www.csj-emballages.com\/pt-pt\/produit\/25-caixas-de-cartao-para-bolos-de-cacau-20-x-11-x-9-cm-2\/#primaryimage"},"thumbnailUrl":"https:\/\/www.csj-emballages.com\/wp-content\/uploads\/2024\/08\/BCC2CACAO-1.webp","datePublished":"2024-08-27T00:18:14+00:00","dateModified":"2026-03-12T15:11:52+00:00","description":"Caixa para cupcakes em cart\u00e3o para cacau, elegante e resistente, 20 x 11 x 9 cm, embalagem de 25. Ideal para transportar e apresentar os seus cupcakes de forma profissional.","breadcrumb":{"@id":"https:\/\/www.csj-emballages.com\/pt-pt\/produit\/25-caixas-de-cartao-para-bolos-de-cacau-20-x-11-x-9-cm-2\/#breadcrumb"},"inLanguage":"pt-PT","potentialAction":[{"@type":"ReadAction","target":["https:\/\/www.csj-emballages.com\/pt-pt\/produit\/25-caixas-de-cartao-para-bolos-de-cacau-20-x-11-x-9-cm-2\/"]}]},{"@type":"ImageObject","inLanguage":"pt-PT","@id":"https:\/\/www.csj-emballages.com\/pt-pt\/produit\/25-caixas-de-cartao-para-bolos-de-cacau-20-x-11-x-9-cm-2\/#primaryimage","url":"https:\/\/www.csj-emballages.com\/wp-content\/uploads\/2024\/08\/BCC2CACAO-1.webp","contentUrl":"https:\/\/www.csj-emballages.com\/wp-content\/uploads\/2024\/08\/BCC2CACAO-1.webp","width":800,"height":800,"caption":"Boite cupcake"},{"@type":"BreadcrumbList","@id":"https:\/\/www.csj-emballages.com\/pt-pt\/produit\/25-caixas-de-cartao-para-bolos-de-cacau-20-x-11-x-9-cm-2\/#breadcrumb","itemListElement":[{"@type":"ListItem","position":1,"name":"Acolhimento","item":"https:\/\/www.csj-emballages.com\/pt-pt\/universo-das-embalagens-alimentares\/"},{"@type":"ListItem","position":2,"name":"Shop","item":"https:\/\/www.csj-emballages.com\/shop\/"},{"@type":"ListItem","position":3,"name":"Caixa para cupcakes de cacau 20 x 11 x 9 cm, embalagem de 25"}]},{"@type":"WebSite","@id":"https:\/\/www.csj-emballages.com\/pt-pt\/#website","url":"https:\/\/www.csj-emballages.com\/pt-pt\/","name":"CSJ Emballages","description":"","publisher":{"@id":"https:\/\/www.csj-emballages.com\/pt-pt\/#organization"},"potentialAction":[{"@type":"SearchAction","target":{"@type":"EntryPoint","urlTemplate":"https:\/\/www.csj-emballages.com\/pt-pt\/?s={search_term_string}"},"query-input":{"@type":"PropertyValueSpecification","valueRequired":true,"valueName":"search_term_string"}}],"inLanguage":"pt-PT"},{"@type":"Organization","@id":"https:\/\/www.csj-emballages.com\/pt-pt\/#Organization\/","name":"CSJ Emballages","url":"https:\/\/www.csj-emballages.com\/pt-pt\/","logo":{"@type":"ImageObject","inLanguage":"pt-PT","@id":"https:\/\/www.csj-emballages.com\/pt-pt\/#\/schema\/logo\/image\/","url":"https:\/\/www.csj-emballages.com\/wp-content\/uploads\/2023\/10\/logo_csj.webp","contentUrl":"https:\/\/www.csj-emballages.com\/wp-content\/uploads\/2023\/10\/logo_csj.webp","width":250,"height":95,"caption":"CSJ Emballages"},"image":{"@id":"https:\/\/www.csj-emballages.com\/pt-pt\/#\/schema\/logo\/image\/"},"sameAs":["https:\/\/www.facebook.com\/csjemballages"],"address":{"@type":"PostalAddress","streetAddress":"ZI La Lechere","addressLocality":"Patornay","postalCode":"39130","addressCountry":"FR"},"contactPoint":[{"@type":"ContactPoint","contactType":"Service client","telephone":"0384254272","email":"contact@csj-emballages.com"}]}]}},"df_price":26.75,"df_sale_price":"","df_regular_price":26.75,"df_image_link":"https:\/\/www.csj-emballages.com\/wp-content\/uploads\/2024\/08\/BCC2CACAO-1-300x300.webp","tiered_pricing_type":"fixed","tiered_pricing_fixed_rules":[],"tiered_pricing_percentage_rules":[],"tiered_pricing_minimum":1,"tiered_pricing_roles_data":[],"_links":{"self":[{"href":"https:\/\/www.csj-emballages.com\/pt-pt\/wp-json\/wp\/v2\/product\/126065","targetHints":{"allow":["GET"]}}],"collection":[{"href":"https:\/\/www.csj-emballages.com\/pt-pt\/wp-json\/wp\/v2\/product"}],"about":[{"href":"https:\/\/www.csj-emballages.com\/pt-pt\/wp-json\/wp\/v2\/types\/product"}],"wp:featuredmedia":[{"embeddable":true,"href":"https:\/\/www.csj-emballages.com\/pt-pt\/wp-json\/wp\/v2\/media\/241600"}],"wp:attachment":[{"href":"https:\/\/www.csj-emballages.com\/pt-pt\/wp-json\/wp\/v2\/media?parent=126065"}],"wp:term":[{"taxonomy":"product_brand","embeddable":true,"href":"https:\/\/www.csj-emballages.com\/pt-pt\/wp-json\/wp\/v2\/product_brand?post=126065"},{"taxonomy":"product_cat","embeddable":true,"href":"https:\/\/www.csj-emballages.com\/pt-pt\/wp-json\/wp\/v2\/product_cat?post=126065"},{"taxonomy":"product_tag","embeddable":true,"href":"https:\/\/www.csj-emballages.com\/pt-pt\/wp-json\/wp\/v2\/product_tag?post=126065"}],"curies":[{"name":"wp","href":"https:\/\/api.w.org\/{rel}","templated":true}]}}