{"id":126013,"date":"2024-08-01T02:18:48","date_gmt":"2024-08-01T00:18:48","guid":{"rendered":"https:\/\/www.csj-emballages.com\/produit\/120-caixas-com-dobradicas-com-2-compartimentos-para-pastelaria-36-x-18-x-15-cm\/"},"modified":"2026-03-12T16:27:38","modified_gmt":"2026-03-12T15:27:38","slug":"120-caixas-com-dobradicas-com-2-compartimentos-para-pastelaria-36-x-18-x-15-cm","status":"publish","type":"product","link":"https:\/\/www.csj-emballages.com\/pt-pt\/produit\/120-caixas-com-dobradicas-com-2-compartimentos-para-pastelaria-36-x-18-x-15-cm\/","title":{"rendered":"Caixa para pastelaria com 2 compartimentos pastelaria de cristal 36 x 18 x 15 cm x 120"},"content":{"rendered":"<h2>Caixa de pastelaria com 2 compartimentos<\/h2>\n<hr>\n<h3>Descri\u00e7\u00e3o da caixa p\u00e2tissi\u00e8re 2 compartimentos viennoiseries cristal 36 x 18 x 15 cm por 120<\/h3>\n<p><!--more--><\/p>\n<div>\n<p>A <strong>caixa de pastelaria de cristal com 2 compartimentos 36 x 18 x 15 cm por 120<\/strong> \u00e9 a op\u00e7\u00e3o perfeita para padeiros artesanais, chefes de pastelaria e fornecedores de catering que queiram apresentar o seu trabalho de uma forma atractiva, garantindo um transporte sem riscos. Fabricada em <strong>pl\u00e1stico transparente<\/strong>, esta caixa proporciona uma \u00f3ptima visibilidade do seu conte\u00fado, permitindo aos clientes avaliar imediatamente a frescura e o aspeto gourmet dos produtos. Com as suas duas sec\u00e7\u00f5es separadas, a caixa pode ser utilizada para armazenar diferentes tipos de viennoiserie, pastelaria ou mini-sobremesas sem qualquer risco de confus\u00e3o entre sabores ou apresenta\u00e7\u00f5es. As suas dimens\u00f5es generosas de <strong>36 x 18 x 15 cm<\/strong> tornam-na suficientemente espa\u00e7osa para conter uma variedade de produtos, satisfazendo as exig\u00eancias dos profissionais dos sectores de takeaway e buffet.   <\/p>\n<\/div>\n<p>E com as suas dimens\u00f5es generosas de <strong>36 x 18 x 15 cm<\/strong>, este artigo oferece um espa\u00e7o consider\u00e1vel, ideal para guardar uma multiplicidade de artigos para satisfazer as necessidades dos profissionais de takeaway, buffet e eventos.<\/p>\n<p>O agrupamento em lotes de <strong>120<\/strong> unidades assegura um invent\u00e1rio adequado para fazer face a picos de atividade. Esta <strong>caixa<\/strong> robusta e bem concebida oferece tamb\u00e9m uma solu\u00e7\u00e3o pr\u00e1tica para empilhamento e armazenamento. <\/p>\n<p>Quer se trate de croissants, pains au chocolat, brioches ou sobremesas individuais, esta <strong>caixa de cristal<\/strong> ir\u00e1 mostrar os seus produtos da melhor forma poss\u00edvel, assegurando ao mesmo tempo uma apresenta\u00e7\u00e3o cuidada e profissional.<\/p>\n<p><!--more--><\/p>\n<h4>Vantagens :<\/h4>\n<ul>\n<li><strong data-start=\"1661\" data-end=\"1680\">2 compartimentos<\/strong> para separar os produtos sem os danificar.<\/li>\n<li>Formato espa\u00e7oso para sortidos variados.<\/li>\n<li><strong data-start=\"1782\" data-end=\"1806\">Gra\u00e7as \u00e0 sua transpar\u00eancia cristalina, <\/strong>permite tirar o m\u00e1ximo partido da pastelaria.<\/li>\n<li><strong data-start=\"1842\" data-end=\"1863\">Embalagem de 120 latas<\/strong> para uso profissional.<\/li>\n<li>Resistente e empilh\u00e1vel para facilitar o transporte e a arruma\u00e7\u00e3o.<\/li>\n<\/ul>\n<p>&nbsp;<\/p>\n<p><!--more--><\/p>\n<div>\n<div>\n<h4>Outras informa\u00e7\u00f5es :<\/h4>\n<ul>\n<li><strong>Embalagem<\/strong>: Caixa de 120<\/li>\n<li><strong>Dimens\u00f5es<\/strong>: 36 x 18 x 15 cm (C x L x A em cm)<\/li>\n<li><strong>Capacidade<\/strong>: 2 compartimentos<\/li>\n<li><strong>Material<\/strong>: PET<\/li>\n<\/ul>\n<div><\/div>\n<\/div>\n<\/div>\n<p><!--more--><\/p>\n<p><a href=\"\/?product_cat=boite-charniere-pour-patisseries\">V\u00ea o resto da nossa gama de caixas de pastelaria com dobradi\u00e7as<\/a><\/p>\n","protected":false},"excerpt":{"rendered":"<p>Caixa de pastelaria com 2 compartimentos Descri\u00e7\u00e3o da caixa p\u00e2tissi\u00e8re 2 compartimentos viennoiseries cristal 36 x 18 x 15 cm por 120<\/p>\n","protected":false},"featured_media":242377,"template":"","meta":{"_acf_changed":false},"product_brand":[],"product_cat":[1141,1177,3916,1258,6577,1267],"product_tag":[],"class_list":{"0":"post-126013","1":"product","2":"type-product","3":"status-publish","4":"has-post-thumbnail","6":"product_cat-embalagem-de-alimentos","7":"product_cat-padaria-e-pastelaria","8":"product_cat-caixas-e-estojos","9":"product_cat-caixas-de-pastelaria","10":"product_cat-caixa-com-dobradicas-para-pastelaria","11":"product_cat-descontos-promocoes","13":"first","14":"instock","15":"sale","16":"taxable","17":"shipping-taxable","18":"purchasable","19":"product-type-simple"},"acf":[],"yoast_head":"<!-- This site is optimized with the Yoast SEO Premium plugin v26.6 (Yoast SEO v26.6) - https:\/\/yoast.com\/wordpress\/plugins\/seo\/ -->\n<title>Caixa para pastelaria com 2 compartimentos Viennoiseries 36 x 18 x 15 cm<\/title>\n<meta name=\"description\" content=\"Caixa de pastelaria em cristal com 2 compartimentos 36 x 18 x 15 cm por 120: ideal para apresentar e transportar os seus bolos com cuidado.\" \/>\n<meta name=\"robots\" content=\"index, follow, max-snippet:-1, max-image-preview:large, max-video-preview:-1\" \/>\n<link rel=\"canonical\" href=\"https:\/\/www.csj-emballages.com\/pt-pt\/produit\/120-caixas-com-dobradicas-com-2-compartimentos-para-pastelaria-36-x-18-x-15-cm\/\" \/>\n<meta property=\"og:locale\" content=\"pt_PT\" \/>\n<meta property=\"og:type\" content=\"article\" \/>\n<meta property=\"og:title\" content=\"Caixa para pastelaria com 2 compartimentos pastelaria de cristal 36 x 18 x 15 cm x 120\" \/>\n<meta property=\"og:description\" content=\"Caixa de pastelaria em cristal com 2 compartimentos 36 x 18 x 15 cm por 120: ideal para apresentar e transportar os seus bolos com cuidado.\" \/>\n<meta property=\"og:url\" content=\"https:\/\/www.csj-emballages.com\/pt-pt\/produit\/120-caixas-com-dobradicas-com-2-compartimentos-para-pastelaria-36-x-18-x-15-cm\/\" \/>\n<meta property=\"og:site_name\" content=\"CSJ Emballages\" \/>\n<meta property=\"article:publisher\" content=\"https:\/\/www.facebook.com\/csjemballages\" \/>\n<meta property=\"article:modified_time\" content=\"2026-03-12T15:27:38+00:00\" \/>\n<meta property=\"og:image\" content=\"https:\/\/www.csj-emballages.com\/wp-content\/uploads\/2024\/08\/ITV210.webp\" \/>\n\t<meta property=\"og:image:width\" content=\"800\" \/>\n\t<meta property=\"og:image:height\" content=\"800\" \/>\n\t<meta property=\"og:image:type\" content=\"image\/webp\" \/>\n<meta name=\"twitter:card\" content=\"summary_large_image\" \/>\n<meta name=\"twitter:label1\" content=\"Tempo estimado de leitura\" \/>\n\t<meta name=\"twitter:data1\" content=\"2 minutos\" \/>\n<script type=\"application\/ld+json\" class=\"yoast-schema-graph\">{\"@context\":\"https:\/\/schema.org\",\"@graph\":[{\"@type\":\"WebPage\",\"@id\":\"https:\/\/www.csj-emballages.com\/pt-pt\/produit\/120-caixas-com-dobradicas-com-2-compartimentos-para-pastelaria-36-x-18-x-15-cm\/\",\"url\":\"https:\/\/www.csj-emballages.com\/pt-pt\/produit\/120-caixas-com-dobradicas-com-2-compartimentos-para-pastelaria-36-x-18-x-15-cm\/\",\"name\":\"Caixa para pastelaria com 2 compartimentos Viennoiseries 36 x 18 x 15 cm\",\"isPartOf\":{\"@id\":\"https:\/\/www.csj-emballages.com\/pt-pt\/#website\"},\"primaryImageOfPage\":{\"@id\":\"https:\/\/www.csj-emballages.com\/pt-pt\/produit\/120-caixas-com-dobradicas-com-2-compartimentos-para-pastelaria-36-x-18-x-15-cm\/#primaryimage\"},\"image\":{\"@id\":\"https:\/\/www.csj-emballages.com\/pt-pt\/produit\/120-caixas-com-dobradicas-com-2-compartimentos-para-pastelaria-36-x-18-x-15-cm\/#primaryimage\"},\"thumbnailUrl\":\"https:\/\/www.csj-emballages.com\/wp-content\/uploads\/2024\/08\/ITV210.webp\",\"datePublished\":\"2024-08-01T00:18:48+00:00\",\"dateModified\":\"2026-03-12T15:27:38+00:00\",\"description\":\"Caixa de pastelaria em cristal com 2 compartimentos 36 x 18 x 15 cm por 120: ideal para apresentar e transportar os seus bolos com cuidado.\",\"breadcrumb\":{\"@id\":\"https:\/\/www.csj-emballages.com\/pt-pt\/produit\/120-caixas-com-dobradicas-com-2-compartimentos-para-pastelaria-36-x-18-x-15-cm\/#breadcrumb\"},\"inLanguage\":\"pt-PT\",\"potentialAction\":[{\"@type\":\"ReadAction\",\"target\":[\"https:\/\/www.csj-emballages.com\/pt-pt\/produit\/120-caixas-com-dobradicas-com-2-compartimentos-para-pastelaria-36-x-18-x-15-cm\/\"]}]},{\"@type\":\"ImageObject\",\"inLanguage\":\"pt-PT\",\"@id\":\"https:\/\/www.csj-emballages.com\/pt-pt\/produit\/120-caixas-com-dobradicas-com-2-compartimentos-para-pastelaria-36-x-18-x-15-cm\/#primaryimage\",\"url\":\"https:\/\/www.csj-emballages.com\/wp-content\/uploads\/2024\/08\/ITV210.webp\",\"contentUrl\":\"https:\/\/www.csj-emballages.com\/wp-content\/uploads\/2024\/08\/ITV210.webp\",\"width\":800,\"height\":800,\"caption\":\"Boite p\u00e2tissi\u00e8re 2 compartiments\"},{\"@type\":\"BreadcrumbList\",\"@id\":\"https:\/\/www.csj-emballages.com\/pt-pt\/produit\/120-caixas-com-dobradicas-com-2-compartimentos-para-pastelaria-36-x-18-x-15-cm\/#breadcrumb\",\"itemListElement\":[{\"@type\":\"ListItem\",\"position\":1,\"name\":\"Acolhimento\",\"item\":\"https:\/\/www.csj-emballages.com\/pt-pt\/universo-das-embalagens-alimentares\/\"},{\"@type\":\"ListItem\",\"position\":2,\"name\":\"Shop\",\"item\":\"https:\/\/www.csj-emballages.com\/shop\/\"},{\"@type\":\"ListItem\",\"position\":3,\"name\":\"Caixa para pastelaria com 2 compartimentos pastelaria de cristal 36 x 18 x 15 cm x 120\"}]},{\"@type\":\"WebSite\",\"@id\":\"https:\/\/www.csj-emballages.com\/pt-pt\/#website\",\"url\":\"https:\/\/www.csj-emballages.com\/pt-pt\/\",\"name\":\"CSJ Emballages\",\"description\":\"\",\"publisher\":{\"@id\":\"https:\/\/www.csj-emballages.com\/pt-pt\/#organization\"},\"potentialAction\":[{\"@type\":\"SearchAction\",\"target\":{\"@type\":\"EntryPoint\",\"urlTemplate\":\"https:\/\/www.csj-emballages.com\/pt-pt\/?s={search_term_string}\"},\"query-input\":{\"@type\":\"PropertyValueSpecification\",\"valueRequired\":true,\"valueName\":\"search_term_string\"}}],\"inLanguage\":\"pt-PT\"},{\"@type\":\"Organization\",\"@id\":\"https:\/\/www.csj-emballages.com\/pt-pt\/#Organization\/\",\"name\":\"CSJ Emballages\",\"url\":\"https:\/\/www.csj-emballages.com\/pt-pt\/\",\"logo\":{\"@type\":\"ImageObject\",\"inLanguage\":\"pt-PT\",\"@id\":\"https:\/\/www.csj-emballages.com\/pt-pt\/#\/schema\/logo\/image\/\",\"url\":\"https:\/\/www.csj-emballages.com\/wp-content\/uploads\/2023\/10\/logo_csj.webp\",\"contentUrl\":\"https:\/\/www.csj-emballages.com\/wp-content\/uploads\/2023\/10\/logo_csj.webp\",\"width\":250,\"height\":95,\"caption\":\"CSJ Emballages\"},\"image\":{\"@id\":\"https:\/\/www.csj-emballages.com\/pt-pt\/#\/schema\/logo\/image\/\"},\"sameAs\":[\"https:\/\/www.facebook.com\/csjemballages\"],\"address\":{\"@type\":\"PostalAddress\",\"streetAddress\":\"ZI La Lechere\",\"addressLocality\":\"Patornay\",\"postalCode\":\"39130\",\"addressCountry\":\"FR\"},\"contactPoint\":[{\"@type\":\"ContactPoint\",\"contactType\":\"Service client\",\"telephone\":\"0384254272\",\"email\":\"contact@csj-emballages.com\"}]}]}<\/script>\n<!-- \/ Yoast SEO Premium plugin. -->","yoast_head_json":{"title":"Caixa para pastelaria com 2 compartimentos Viennoiseries 36 x 18 x 15 cm","description":"Caixa de pastelaria em cristal com 2 compartimentos 36 x 18 x 15 cm por 120: ideal para apresentar e transportar os seus bolos com cuidado.","robots":{"index":"index","follow":"follow","max-snippet":"max-snippet:-1","max-image-preview":"max-image-preview:large","max-video-preview":"max-video-preview:-1"},"canonical":"https:\/\/www.csj-emballages.com\/pt-pt\/produit\/120-caixas-com-dobradicas-com-2-compartimentos-para-pastelaria-36-x-18-x-15-cm\/","og_locale":"pt_PT","og_type":"article","og_title":"Caixa para pastelaria com 2 compartimentos pastelaria de cristal 36 x 18 x 15 cm x 120","og_description":"Caixa de pastelaria em cristal com 2 compartimentos 36 x 18 x 15 cm por 120: ideal para apresentar e transportar os seus bolos com cuidado.","og_url":"https:\/\/www.csj-emballages.com\/pt-pt\/produit\/120-caixas-com-dobradicas-com-2-compartimentos-para-pastelaria-36-x-18-x-15-cm\/","og_site_name":"CSJ Emballages","article_publisher":"https:\/\/www.facebook.com\/csjemballages","article_modified_time":"2026-03-12T15:27:38+00:00","og_image":[{"width":800,"height":800,"url":"https:\/\/www.csj-emballages.com\/wp-content\/uploads\/2024\/08\/ITV210.webp","type":"image\/webp"}],"twitter_card":"summary_large_image","twitter_misc":{"Tempo estimado de leitura":"2 minutos"},"schema":{"@context":"https:\/\/schema.org","@graph":[{"@type":"WebPage","@id":"https:\/\/www.csj-emballages.com\/pt-pt\/produit\/120-caixas-com-dobradicas-com-2-compartimentos-para-pastelaria-36-x-18-x-15-cm\/","url":"https:\/\/www.csj-emballages.com\/pt-pt\/produit\/120-caixas-com-dobradicas-com-2-compartimentos-para-pastelaria-36-x-18-x-15-cm\/","name":"Caixa para pastelaria com 2 compartimentos Viennoiseries 36 x 18 x 15 cm","isPartOf":{"@id":"https:\/\/www.csj-emballages.com\/pt-pt\/#website"},"primaryImageOfPage":{"@id":"https:\/\/www.csj-emballages.com\/pt-pt\/produit\/120-caixas-com-dobradicas-com-2-compartimentos-para-pastelaria-36-x-18-x-15-cm\/#primaryimage"},"image":{"@id":"https:\/\/www.csj-emballages.com\/pt-pt\/produit\/120-caixas-com-dobradicas-com-2-compartimentos-para-pastelaria-36-x-18-x-15-cm\/#primaryimage"},"thumbnailUrl":"https:\/\/www.csj-emballages.com\/wp-content\/uploads\/2024\/08\/ITV210.webp","datePublished":"2024-08-01T00:18:48+00:00","dateModified":"2026-03-12T15:27:38+00:00","description":"Caixa de pastelaria em cristal com 2 compartimentos 36 x 18 x 15 cm por 120: ideal para apresentar e transportar os seus bolos com cuidado.","breadcrumb":{"@id":"https:\/\/www.csj-emballages.com\/pt-pt\/produit\/120-caixas-com-dobradicas-com-2-compartimentos-para-pastelaria-36-x-18-x-15-cm\/#breadcrumb"},"inLanguage":"pt-PT","potentialAction":[{"@type":"ReadAction","target":["https:\/\/www.csj-emballages.com\/pt-pt\/produit\/120-caixas-com-dobradicas-com-2-compartimentos-para-pastelaria-36-x-18-x-15-cm\/"]}]},{"@type":"ImageObject","inLanguage":"pt-PT","@id":"https:\/\/www.csj-emballages.com\/pt-pt\/produit\/120-caixas-com-dobradicas-com-2-compartimentos-para-pastelaria-36-x-18-x-15-cm\/#primaryimage","url":"https:\/\/www.csj-emballages.com\/wp-content\/uploads\/2024\/08\/ITV210.webp","contentUrl":"https:\/\/www.csj-emballages.com\/wp-content\/uploads\/2024\/08\/ITV210.webp","width":800,"height":800,"caption":"Boite p\u00e2tissi\u00e8re 2 compartiments"},{"@type":"BreadcrumbList","@id":"https:\/\/www.csj-emballages.com\/pt-pt\/produit\/120-caixas-com-dobradicas-com-2-compartimentos-para-pastelaria-36-x-18-x-15-cm\/#breadcrumb","itemListElement":[{"@type":"ListItem","position":1,"name":"Acolhimento","item":"https:\/\/www.csj-emballages.com\/pt-pt\/universo-das-embalagens-alimentares\/"},{"@type":"ListItem","position":2,"name":"Shop","item":"https:\/\/www.csj-emballages.com\/shop\/"},{"@type":"ListItem","position":3,"name":"Caixa para pastelaria com 2 compartimentos pastelaria de cristal 36 x 18 x 15 cm x 120"}]},{"@type":"WebSite","@id":"https:\/\/www.csj-emballages.com\/pt-pt\/#website","url":"https:\/\/www.csj-emballages.com\/pt-pt\/","name":"CSJ Emballages","description":"","publisher":{"@id":"https:\/\/www.csj-emballages.com\/pt-pt\/#organization"},"potentialAction":[{"@type":"SearchAction","target":{"@type":"EntryPoint","urlTemplate":"https:\/\/www.csj-emballages.com\/pt-pt\/?s={search_term_string}"},"query-input":{"@type":"PropertyValueSpecification","valueRequired":true,"valueName":"search_term_string"}}],"inLanguage":"pt-PT"},{"@type":"Organization","@id":"https:\/\/www.csj-emballages.com\/pt-pt\/#Organization\/","name":"CSJ Emballages","url":"https:\/\/www.csj-emballages.com\/pt-pt\/","logo":{"@type":"ImageObject","inLanguage":"pt-PT","@id":"https:\/\/www.csj-emballages.com\/pt-pt\/#\/schema\/logo\/image\/","url":"https:\/\/www.csj-emballages.com\/wp-content\/uploads\/2023\/10\/logo_csj.webp","contentUrl":"https:\/\/www.csj-emballages.com\/wp-content\/uploads\/2023\/10\/logo_csj.webp","width":250,"height":95,"caption":"CSJ Emballages"},"image":{"@id":"https:\/\/www.csj-emballages.com\/pt-pt\/#\/schema\/logo\/image\/"},"sameAs":["https:\/\/www.facebook.com\/csjemballages"],"address":{"@type":"PostalAddress","streetAddress":"ZI La Lechere","addressLocality":"Patornay","postalCode":"39130","addressCountry":"FR"},"contactPoint":[{"@type":"ContactPoint","contactType":"Service client","telephone":"0384254272","email":"contact@csj-emballages.com"}]}]}},"df_price":48,"df_sale_price":48,"df_regular_price":60,"df_image_link":"https:\/\/www.csj-emballages.com\/wp-content\/uploads\/2024\/08\/ITV210-300x300.webp","tiered_pricing_type":"fixed","tiered_pricing_fixed_rules":[],"tiered_pricing_percentage_rules":[],"tiered_pricing_minimum":1,"tiered_pricing_roles_data":[],"_links":{"self":[{"href":"https:\/\/www.csj-emballages.com\/pt-pt\/wp-json\/wp\/v2\/product\/126013","targetHints":{"allow":["GET"]}}],"collection":[{"href":"https:\/\/www.csj-emballages.com\/pt-pt\/wp-json\/wp\/v2\/product"}],"about":[{"href":"https:\/\/www.csj-emballages.com\/pt-pt\/wp-json\/wp\/v2\/types\/product"}],"wp:featuredmedia":[{"embeddable":true,"href":"https:\/\/www.csj-emballages.com\/pt-pt\/wp-json\/wp\/v2\/media\/242377"}],"wp:attachment":[{"href":"https:\/\/www.csj-emballages.com\/pt-pt\/wp-json\/wp\/v2\/media?parent=126013"}],"wp:term":[{"taxonomy":"product_brand","embeddable":true,"href":"https:\/\/www.csj-emballages.com\/pt-pt\/wp-json\/wp\/v2\/product_brand?post=126013"},{"taxonomy":"product_cat","embeddable":true,"href":"https:\/\/www.csj-emballages.com\/pt-pt\/wp-json\/wp\/v2\/product_cat?post=126013"},{"taxonomy":"product_tag","embeddable":true,"href":"https:\/\/www.csj-emballages.com\/pt-pt\/wp-json\/wp\/v2\/product_tag?post=126013"}],"curies":[{"name":"wp","href":"https:\/\/api.w.org\/{rel}","templated":true}]}}