{"id":125975,"date":"2024-07-21T02:18:20","date_gmt":"2024-07-21T00:18:20","guid":{"rendered":"https:\/\/www.csj-emballages.com\/?post_type=product&#038;p=125975"},"modified":"2026-04-09T02:16:00","modified_gmt":"2026-04-09T00:16:00","slug":"25-latas-com-tampa-preta-para-micro-ondas-1000-ml","status":"publish","type":"product","link":"https:\/\/www.csj-emballages.com\/pt-pt\/produit\/25-latas-com-tampa-preta-para-micro-ondas-1000-ml\/","title":{"rendered":"Tabuleiro preto com tampa para micro-ondas 1000 ml por 25"},"content":{"rendered":"<h2>Tabuleiro preto com tampa<\/h2>\n<hr>\n<h3>Descubra o nosso tabuleiro preto com tampa para micro-ondas 1000 ml por 25<\/h3>\n<p><!--more--><\/p>\n<p data-start=\"157\" data-end=\"650\">O tabuleiro<strong data-start=\"160\" data-end=\"215\"> preto de 1000 ml para micro-ondas com tampa (PP)<\/strong> \u00e9 a solu\u00e7\u00e3o ideal para os profissionais <strong data-start=\"269\" data-end=\"285\">da restaura\u00e7\u00e3o<\/strong>.<br data-start=\"393\" data-end=\"396\">Fabricado em <strong data-start=\"406\" data-end=\"428\">polipropileno (PP)<\/strong>, este material forte e leve garante uma excelente resist\u00eancia ao calor. De facto, esta <strong>caixa de catering preta<\/strong> \u00e9 <strong data-start=\"549\" data-end=\"564\">compat\u00edvel com o micro-ondas<\/strong>, pelo que pode reaquecer pratos diretamente sem decantar o seu conte\u00fado. <\/p>\n<p data-start=\"652\" data-end=\"1137\">A sua capacidade de <strong data-start=\"669\" data-end=\"680\">1000 ml<\/strong> torna-o perfeito para por\u00e7\u00f5es generosas: pratos quentes, saladas mistas, massas, arroz ou mesmo pratos com molho. Al\u00e9m disso, a <strong data-start=\"812\" data-end=\"837\">tampa transparente<\/strong> garante uma veda\u00e7\u00e3o herm\u00e9tica, permitindo uma <strong data-start=\"896\" data-end=\"921\">vis\u00e3o<\/strong> clara <strong data-start=\"896\" data-end=\"921\">do conte\u00fado<\/strong>, um trunfo essencial quando se trata de mostrar as suas prepara\u00e7\u00f5es.<br data-start=\"984\" data-end=\"987\">O seu <strong data-start=\"1000\" data-end=\"1023\">design elegante em preto<\/strong> tamb\u00e9m acrescenta um toque de alta qualidade \u00e0s suas apresenta\u00e7\u00f5es, seja para entrega, um buffet ou uma vitrina. <\/p>\n<p data-start=\"1139\" data-end=\"1424\">Outra vantagem significativa \u00e9 o facto de estes <strong>tabuleiros<\/strong> <strong data-start=\"1176\" data-end=\"1202\">serem empilh\u00e1veis<\/strong>, o que os torna f\u00e1ceis de transportar e armazenar, poupando espa\u00e7o valioso. Tamb\u00e9m <strong data-start=\"1316\" data-end=\"1333\">podem ser reutilizados<\/strong> e <strong data-start=\"1337\" data-end=\"1352\">reciclados<\/strong>, como parte de uma abordagem mais amiga do ambiente. <\/p>\n<p data-start=\"1426\" data-end=\"1653\">Em suma, ao escolher o <strong>tabuleiro preto com tampa para micro-ondas 1000 ml por 25 (PP)<\/strong>, est\u00e1 a optar por uma embalagem pr\u00e1tica, atraente e duradoura.<\/p>\n<p data-start=\"1426\" data-end=\"1653\">.<\/p>\n<p data-start=\"1426\" data-end=\"1653\"><!--more--><\/p>\n<p data-start=\"1426\" data-end=\"1653\"><strong><span style=\"color: #ff0000;\">*As tampas s\u00e3o vendidas com estes tabuleiros.<\/span><\/strong><\/p>\n<p data-start=\"1468\" data-end=\"1652\"><!--more--><\/p>\n<h4 data-start=\"1468\" data-end=\"1652\">Vantagens :<\/h4>\n<ul>\n<li data-start=\"1698\" data-end=\"1749\">Resistente ao calor e <strong>apto para micro-ondas<\/strong>.<\/li>\n<li data-start=\"1752\" data-end=\"1805\"><strong>Tampa hermeticamente fechada<\/strong> para uma conserva\u00e7\u00e3o \u00f3ptima.<\/li>\n<li data-start=\"1808\" data-end=\"1840\">Design elegante e moderno em preto.<\/li>\n<li data-start=\"1843\" data-end=\"1876\"><strong>Empilh\u00e1vel<\/strong> para poupar espa\u00e7o.<\/li>\n<li data-start=\"1879\" data-end=\"1920\"><strong>Recicl\u00e1vel<\/strong> e <strong>reutiliz\u00e1vel<\/strong> (material PP).<\/li>\n<li data-start=\"1923\" data-end=\"1980\">Grande capacidade de <strong>1000 ml<\/strong> ideal para pratos completos.<\/li>\n<\/ul>\n<p>&nbsp;<\/p>\n<p><!--more--><\/p>\n<h4>Outras informa\u00e7\u00f5es :<\/h4>\n<ul>\n<li><strong>Embalagem<\/strong>: Embalagem de 25 (tabuleiros + tampas)<\/li>\n<li><strong>Dimens\u00f5es<\/strong>: 25,4 x 18,7 x 6,8 cm<\/li>\n<li><strong>Volume<\/strong>: 1000 ml<\/li>\n<li><strong>Material<\/strong>: PP (polipropileno)<\/li>\n<li><strong>Cor<\/strong>: preto<\/li>\n<\/ul>\n<p>&nbsp;<\/p>\n<p><!--more--><\/p>\n<p><a href=\"https:\/\/www.csj-emballages.com\/pt-pt\/categorie-produit\/embalagem-de-alimentos\/talho-e-charcutaria\/tabuleiros-latas-e-frascos\/tabuleiros-latas-frascos-para-alimentos\/tabuleiros-para-micro-ondas-marmipack\/\">Ver o resto da nossa gama de tabuleiros para micro-ondas<\/a><\/p>\n","protected":false},"excerpt":{"rendered":"<p>Tabuleiro preto com tampa Descubra o nosso tabuleiro preto com tampa para micro-ondas 1000 ml por 25<\/p>\n","protected":false},"featured_media":252499,"template":"","meta":{"_acf_changed":false},"product_brand":[],"product_cat":[1141,1176,2289,1525,10071],"product_tag":[],"class_list":{"0":"post-125975","1":"product","2":"type-product","3":"status-publish","4":"has-post-thumbnail","6":"product_cat-embalagem-de-alimentos","7":"product_cat-talho-e-charcutaria","8":"product_cat-tabuleiros-latas-e-frascos","9":"product_cat-tabuleiros-latas-frascos-para-alimentos","10":"product_cat-tabuleiros-para-micro-ondas-marmipack","12":"first","13":"instock","14":"taxable","15":"shipping-taxable","16":"purchasable","17":"product-type-simple"},"acf":[],"yoast_head":"<!-- This site is optimized with the Yoast SEO Premium plugin v26.6 (Yoast SEO v26.6) - https:\/\/yoast.com\/wordpress\/plugins\/seo\/ -->\n<title>Tabuleiro preto para micro-ondas com tampa 1000 ml x 25<\/title>\n<meta name=\"description\" content=\"Lata preta com tampa para micro-ondas, 1000 ml - pr\u00e1tica e elegante. Ideal para takeaway e catering.\" \/>\n<meta name=\"robots\" content=\"index, follow, max-snippet:-1, max-image-preview:large, max-video-preview:-1\" \/>\n<link rel=\"canonical\" href=\"https:\/\/www.csj-emballages.com\/pt-pt\/produit\/25-latas-com-tampa-preta-para-micro-ondas-1000-ml\/\" \/>\n<meta property=\"og:locale\" content=\"pt_PT\" \/>\n<meta property=\"og:type\" content=\"article\" \/>\n<meta property=\"og:title\" content=\"Tabuleiro preto com tampa para micro-ondas 1000 ml por 25\" \/>\n<meta property=\"og:description\" content=\"Lata preta com tampa para micro-ondas, 1000 ml - pr\u00e1tica e elegante. Ideal para takeaway e catering.\" \/>\n<meta property=\"og:url\" content=\"https:\/\/www.csj-emballages.com\/pt-pt\/produit\/25-latas-com-tampa-preta-para-micro-ondas-1000-ml\/\" \/>\n<meta property=\"og:site_name\" content=\"CSJ Emballages\" \/>\n<meta property=\"article:publisher\" content=\"https:\/\/www.facebook.com\/csjemballages\" \/>\n<meta property=\"article:modified_time\" content=\"2026-04-09T00:16:00+00:00\" \/>\n<meta property=\"og:image\" content=\"https:\/\/www.csj-emballages.com\/wp-content\/uploads\/2024\/07\/MAR1000N.webp\" \/>\n\t<meta property=\"og:image:width\" content=\"800\" \/>\n\t<meta property=\"og:image:height\" content=\"801\" \/>\n\t<meta property=\"og:image:type\" content=\"image\/webp\" \/>\n<meta name=\"twitter:card\" content=\"summary_large_image\" \/>\n<meta name=\"twitter:label1\" content=\"Tempo estimado de leitura\" \/>\n\t<meta name=\"twitter:data1\" content=\"2 minutos\" \/>\n<script type=\"application\/ld+json\" class=\"yoast-schema-graph\">{\"@context\":\"https:\/\/schema.org\",\"@graph\":[{\"@type\":\"WebPage\",\"@id\":\"https:\/\/www.csj-emballages.com\/pt-pt\/produit\/25-latas-com-tampa-preta-para-micro-ondas-1000-ml\/\",\"url\":\"https:\/\/www.csj-emballages.com\/pt-pt\/produit\/25-latas-com-tampa-preta-para-micro-ondas-1000-ml\/\",\"name\":\"Tabuleiro preto para micro-ondas com tampa 1000 ml x 25\",\"isPartOf\":{\"@id\":\"https:\/\/www.csj-emballages.com\/pt-pt\/#website\"},\"primaryImageOfPage\":{\"@id\":\"https:\/\/www.csj-emballages.com\/pt-pt\/produit\/25-latas-com-tampa-preta-para-micro-ondas-1000-ml\/#primaryimage\"},\"image\":{\"@id\":\"https:\/\/www.csj-emballages.com\/pt-pt\/produit\/25-latas-com-tampa-preta-para-micro-ondas-1000-ml\/#primaryimage\"},\"thumbnailUrl\":\"https:\/\/www.csj-emballages.com\/wp-content\/uploads\/2024\/07\/MAR1000N.webp\",\"datePublished\":\"2024-07-21T00:18:20+00:00\",\"dateModified\":\"2026-04-09T00:16:00+00:00\",\"description\":\"Lata preta com tampa para micro-ondas, 1000 ml - pr\u00e1tica e elegante. Ideal para takeaway e catering.\",\"breadcrumb\":{\"@id\":\"https:\/\/www.csj-emballages.com\/pt-pt\/produit\/25-latas-com-tampa-preta-para-micro-ondas-1000-ml\/#breadcrumb\"},\"inLanguage\":\"pt-PT\",\"potentialAction\":[{\"@type\":\"ReadAction\",\"target\":[\"https:\/\/www.csj-emballages.com\/pt-pt\/produit\/25-latas-com-tampa-preta-para-micro-ondas-1000-ml\/\"]}]},{\"@type\":\"ImageObject\",\"inLanguage\":\"pt-PT\",\"@id\":\"https:\/\/www.csj-emballages.com\/pt-pt\/produit\/25-latas-com-tampa-preta-para-micro-ondas-1000-ml\/#primaryimage\",\"url\":\"https:\/\/www.csj-emballages.com\/wp-content\/uploads\/2024\/07\/MAR1000N.webp\",\"contentUrl\":\"https:\/\/www.csj-emballages.com\/wp-content\/uploads\/2024\/07\/MAR1000N.webp\",\"width\":800,\"height\":801,\"caption\":\"Boite noire\"},{\"@type\":\"BreadcrumbList\",\"@id\":\"https:\/\/www.csj-emballages.com\/pt-pt\/produit\/25-latas-com-tampa-preta-para-micro-ondas-1000-ml\/#breadcrumb\",\"itemListElement\":[{\"@type\":\"ListItem\",\"position\":1,\"name\":\"Acolhimento\",\"item\":\"https:\/\/www.csj-emballages.com\/pt-pt\/universo-das-embalagens-alimentares\/\"},{\"@type\":\"ListItem\",\"position\":2,\"name\":\"Shop\",\"item\":\"https:\/\/www.csj-emballages.com\/shop\/\"},{\"@type\":\"ListItem\",\"position\":3,\"name\":\"Tabuleiro preto com tampa para micro-ondas 1000 ml por 25\"}]},{\"@type\":\"WebSite\",\"@id\":\"https:\/\/www.csj-emballages.com\/pt-pt\/#website\",\"url\":\"https:\/\/www.csj-emballages.com\/pt-pt\/\",\"name\":\"CSJ Emballages\",\"description\":\"\",\"publisher\":{\"@id\":\"https:\/\/www.csj-emballages.com\/pt-pt\/#organization\"},\"potentialAction\":[{\"@type\":\"SearchAction\",\"target\":{\"@type\":\"EntryPoint\",\"urlTemplate\":\"https:\/\/www.csj-emballages.com\/pt-pt\/?s={search_term_string}\"},\"query-input\":{\"@type\":\"PropertyValueSpecification\",\"valueRequired\":true,\"valueName\":\"search_term_string\"}}],\"inLanguage\":\"pt-PT\"},{\"@type\":\"Organization\",\"@id\":\"https:\/\/www.csj-emballages.com\/pt-pt\/#Organization\/\",\"name\":\"CSJ Emballages\",\"url\":\"https:\/\/www.csj-emballages.com\/pt-pt\/\",\"logo\":{\"@type\":\"ImageObject\",\"inLanguage\":\"pt-PT\",\"@id\":\"https:\/\/www.csj-emballages.com\/pt-pt\/#\/schema\/logo\/image\/\",\"url\":\"https:\/\/www.csj-emballages.com\/wp-content\/uploads\/2023\/10\/logo_csj.webp\",\"contentUrl\":\"https:\/\/www.csj-emballages.com\/wp-content\/uploads\/2023\/10\/logo_csj.webp\",\"width\":250,\"height\":95,\"caption\":\"CSJ Emballages\"},\"image\":{\"@id\":\"https:\/\/www.csj-emballages.com\/pt-pt\/#\/schema\/logo\/image\/\"},\"sameAs\":[\"https:\/\/www.facebook.com\/csjemballages\"],\"address\":{\"@type\":\"PostalAddress\",\"streetAddress\":\"ZI La Lechere\",\"addressLocality\":\"Patornay\",\"postalCode\":\"39130\",\"addressCountry\":\"FR\"},\"contactPoint\":[{\"@type\":\"ContactPoint\",\"contactType\":\"Service client\",\"telephone\":\"0384254272\",\"email\":\"contact@csj-emballages.com\"}]}]}<\/script>\n<!-- \/ Yoast SEO Premium plugin. -->","yoast_head_json":{"title":"Tabuleiro preto para micro-ondas com tampa 1000 ml x 25","description":"Lata preta com tampa para micro-ondas, 1000 ml - pr\u00e1tica e elegante. Ideal para takeaway e catering.","robots":{"index":"index","follow":"follow","max-snippet":"max-snippet:-1","max-image-preview":"max-image-preview:large","max-video-preview":"max-video-preview:-1"},"canonical":"https:\/\/www.csj-emballages.com\/pt-pt\/produit\/25-latas-com-tampa-preta-para-micro-ondas-1000-ml\/","og_locale":"pt_PT","og_type":"article","og_title":"Tabuleiro preto com tampa para micro-ondas 1000 ml por 25","og_description":"Lata preta com tampa para micro-ondas, 1000 ml - pr\u00e1tica e elegante. Ideal para takeaway e catering.","og_url":"https:\/\/www.csj-emballages.com\/pt-pt\/produit\/25-latas-com-tampa-preta-para-micro-ondas-1000-ml\/","og_site_name":"CSJ Emballages","article_publisher":"https:\/\/www.facebook.com\/csjemballages","article_modified_time":"2026-04-09T00:16:00+00:00","og_image":[{"width":800,"height":801,"url":"https:\/\/www.csj-emballages.com\/wp-content\/uploads\/2024\/07\/MAR1000N.webp","type":"image\/webp"}],"twitter_card":"summary_large_image","twitter_misc":{"Tempo estimado de leitura":"2 minutos"},"schema":{"@context":"https:\/\/schema.org","@graph":[{"@type":"WebPage","@id":"https:\/\/www.csj-emballages.com\/pt-pt\/produit\/25-latas-com-tampa-preta-para-micro-ondas-1000-ml\/","url":"https:\/\/www.csj-emballages.com\/pt-pt\/produit\/25-latas-com-tampa-preta-para-micro-ondas-1000-ml\/","name":"Tabuleiro preto para micro-ondas com tampa 1000 ml x 25","isPartOf":{"@id":"https:\/\/www.csj-emballages.com\/pt-pt\/#website"},"primaryImageOfPage":{"@id":"https:\/\/www.csj-emballages.com\/pt-pt\/produit\/25-latas-com-tampa-preta-para-micro-ondas-1000-ml\/#primaryimage"},"image":{"@id":"https:\/\/www.csj-emballages.com\/pt-pt\/produit\/25-latas-com-tampa-preta-para-micro-ondas-1000-ml\/#primaryimage"},"thumbnailUrl":"https:\/\/www.csj-emballages.com\/wp-content\/uploads\/2024\/07\/MAR1000N.webp","datePublished":"2024-07-21T00:18:20+00:00","dateModified":"2026-04-09T00:16:00+00:00","description":"Lata preta com tampa para micro-ondas, 1000 ml - pr\u00e1tica e elegante. Ideal para takeaway e catering.","breadcrumb":{"@id":"https:\/\/www.csj-emballages.com\/pt-pt\/produit\/25-latas-com-tampa-preta-para-micro-ondas-1000-ml\/#breadcrumb"},"inLanguage":"pt-PT","potentialAction":[{"@type":"ReadAction","target":["https:\/\/www.csj-emballages.com\/pt-pt\/produit\/25-latas-com-tampa-preta-para-micro-ondas-1000-ml\/"]}]},{"@type":"ImageObject","inLanguage":"pt-PT","@id":"https:\/\/www.csj-emballages.com\/pt-pt\/produit\/25-latas-com-tampa-preta-para-micro-ondas-1000-ml\/#primaryimage","url":"https:\/\/www.csj-emballages.com\/wp-content\/uploads\/2024\/07\/MAR1000N.webp","contentUrl":"https:\/\/www.csj-emballages.com\/wp-content\/uploads\/2024\/07\/MAR1000N.webp","width":800,"height":801,"caption":"Boite noire"},{"@type":"BreadcrumbList","@id":"https:\/\/www.csj-emballages.com\/pt-pt\/produit\/25-latas-com-tampa-preta-para-micro-ondas-1000-ml\/#breadcrumb","itemListElement":[{"@type":"ListItem","position":1,"name":"Acolhimento","item":"https:\/\/www.csj-emballages.com\/pt-pt\/universo-das-embalagens-alimentares\/"},{"@type":"ListItem","position":2,"name":"Shop","item":"https:\/\/www.csj-emballages.com\/shop\/"},{"@type":"ListItem","position":3,"name":"Tabuleiro preto com tampa para micro-ondas 1000 ml por 25"}]},{"@type":"WebSite","@id":"https:\/\/www.csj-emballages.com\/pt-pt\/#website","url":"https:\/\/www.csj-emballages.com\/pt-pt\/","name":"CSJ Emballages","description":"","publisher":{"@id":"https:\/\/www.csj-emballages.com\/pt-pt\/#organization"},"potentialAction":[{"@type":"SearchAction","target":{"@type":"EntryPoint","urlTemplate":"https:\/\/www.csj-emballages.com\/pt-pt\/?s={search_term_string}"},"query-input":{"@type":"PropertyValueSpecification","valueRequired":true,"valueName":"search_term_string"}}],"inLanguage":"pt-PT"},{"@type":"Organization","@id":"https:\/\/www.csj-emballages.com\/pt-pt\/#Organization\/","name":"CSJ Emballages","url":"https:\/\/www.csj-emballages.com\/pt-pt\/","logo":{"@type":"ImageObject","inLanguage":"pt-PT","@id":"https:\/\/www.csj-emballages.com\/pt-pt\/#\/schema\/logo\/image\/","url":"https:\/\/www.csj-emballages.com\/wp-content\/uploads\/2023\/10\/logo_csj.webp","contentUrl":"https:\/\/www.csj-emballages.com\/wp-content\/uploads\/2023\/10\/logo_csj.webp","width":250,"height":95,"caption":"CSJ Emballages"},"image":{"@id":"https:\/\/www.csj-emballages.com\/pt-pt\/#\/schema\/logo\/image\/"},"sameAs":["https:\/\/www.facebook.com\/csjemballages"],"address":{"@type":"PostalAddress","streetAddress":"ZI La Lechere","addressLocality":"Patornay","postalCode":"39130","addressCountry":"FR"},"contactPoint":[{"@type":"ContactPoint","contactType":"Service client","telephone":"0384254272","email":"contact@csj-emballages.com"}]}]}},"df_price":20.1,"df_sale_price":"","df_regular_price":20.1,"df_image_link":"https:\/\/www.csj-emballages.com\/wp-content\/uploads\/2024\/07\/MAR1000N-300x300.webp","tiered_pricing_type":"fixed","tiered_pricing_fixed_rules":[],"tiered_pricing_percentage_rules":[],"tiered_pricing_minimum":1,"tiered_pricing_roles_data":[],"_links":{"self":[{"href":"https:\/\/www.csj-emballages.com\/pt-pt\/wp-json\/wp\/v2\/product\/125975","targetHints":{"allow":["GET"]}}],"collection":[{"href":"https:\/\/www.csj-emballages.com\/pt-pt\/wp-json\/wp\/v2\/product"}],"about":[{"href":"https:\/\/www.csj-emballages.com\/pt-pt\/wp-json\/wp\/v2\/types\/product"}],"wp:featuredmedia":[{"embeddable":true,"href":"https:\/\/www.csj-emballages.com\/pt-pt\/wp-json\/wp\/v2\/media\/252499"}],"wp:attachment":[{"href":"https:\/\/www.csj-emballages.com\/pt-pt\/wp-json\/wp\/v2\/media?parent=125975"}],"wp:term":[{"taxonomy":"product_brand","embeddable":true,"href":"https:\/\/www.csj-emballages.com\/pt-pt\/wp-json\/wp\/v2\/product_brand?post=125975"},{"taxonomy":"product_cat","embeddable":true,"href":"https:\/\/www.csj-emballages.com\/pt-pt\/wp-json\/wp\/v2\/product_cat?post=125975"},{"taxonomy":"product_tag","embeddable":true,"href":"https:\/\/www.csj-emballages.com\/pt-pt\/wp-json\/wp\/v2\/product_tag?post=125975"}],"curies":[{"name":"wp","href":"https:\/\/api.w.org\/{rel}","templated":true}]}}