{"id":125952,"date":"2024-07-18T02:18:16","date_gmt":"2024-07-18T00:18:16","guid":{"rendered":"https:\/\/www.csj-emballages.com\/produit\/40-copos-de-lotus-de-plastico-preto-60-ml\/"},"modified":"2026-03-25T02:17:57","modified_gmt":"2026-03-25T01:17:57","slug":"40-copos-de-lotus-de-plastico-preto-60-ml","status":"publish","type":"product","link":"https:\/\/www.csj-emballages.com\/pt-pt\/produit\/40-copos-de-lotus-de-plastico-preto-60-ml\/","title":{"rendered":"40 copos de l\u00f3tus de pl\u00e1stico preto 60 ml"},"content":{"rendered":"<h2>Frascos de pl\u00e1stico de l\u00f3tus preto 60 ml &#8211; 40 unidades<\/h2>\n<hr>\n<h3>Descri\u00e7\u00e3o do produto<\/h3>\n<p><!--more--><\/p>\n<p>Descobre as nossas elegantes verrinas de l\u00f3tus preto de 60 ml. Utiliza-as para os teus eventos chiques e modernos. Estas verrines d\u00e3o um toque sofisticado \u00e0s tuas apresenta\u00e7\u00f5es culin\u00e1rias e cativam a aten\u00e7\u00e3o dos teus convidados. O seu design em forma de l\u00f3tus \u00e9 simultaneamente requintado e contempor\u00e2neo. Leves e resistentes, podes utiliz\u00e1-las para servir amuse-bouches, sobremesas ou entradas. A sua cor preta confere um toque de eleg\u00e2ncia e mist\u00e9rio \u00e0s tuas cria\u00e7\u00f5es culin\u00e1rias. Fabricadas em pl\u00e1stico de alta qualidade, s\u00e3o duradouras e reutiliz\u00e1veis. O tamanho compacto de 60 ml \u00e9 perfeito para por\u00e7\u00f5es individuais. As verrinas de l\u00f3tus pretas s\u00e3o f\u00e1ceis de limpar, garantindo uma utiliza\u00e7\u00e3o m\u00faltipla e amiga do ambiente. O seu acabamento liso e brilhante real\u00e7a os teus preparados, tornando-os ainda mais apetitosos. Para um casamento, um cocktail ou um buffet, estas verrinas s\u00e3o um acess\u00f3rio indispens\u00e1vel. Combinam perfeitamente com uma variedade de estilos decorativos, do cl\u00e1ssico ao moderno. Empilha-as facilmente para maximizar o espa\u00e7o de armazenamento. As verrinas de l\u00f3tus pretas de 60 ml s\u00e3o perfeitas para os profissionais da restaura\u00e7\u00e3o.   <\/p>\n<p><!--more--><\/p>\n<p>N\u00e3o procures mais do que as nossas l\u00f3tus verrines de pl\u00e1stico preto de 60 ml.<\/p>\n<p>&nbsp;<\/p>\n<p><!--more--><\/p>\n<p><strong>As suas vantagens:<\/strong><\/p>\n<ul>\n<li><strong>Capacidade ideal<\/strong>: Com uma capacidade de 60 ml, s\u00e3o perfeitos para doses individuais.<\/li>\n<li><strong>Leve<\/strong>: Fabricados em pl\u00e1stico leve, s\u00e3o f\u00e1ceis de manusear e transportar.<\/li>\n<li><strong>Reutiliz\u00e1veis<\/strong>: F\u00e1ceis de limpar, podem ser reutilizados, o que \u00e9 econ\u00f3mico e amigo do ambiente.<\/li>\n<li><strong>Versatilidade<\/strong>: Ideal para amuse-bouches, sobremesas, entradas e outras prepara\u00e7\u00f5es culin\u00e1rias.<\/li>\n<\/ul>\n<p><!--more--><\/p>\n<p><a href=\"https:\/\/www.csj-emballages.com\/categorie-produit\/emballages\/boucherie-traiteur-primeur\/coupes-pots-verrines\/verrines\/verrines-verrines\/\">V\u00ea o resto da nossa gama de verrines<\/a><\/p>\n","protected":false},"excerpt":{"rendered":"<p>Frascos de pl\u00e1stico de l\u00f3tus preto 60 ml &#8211; 40 unidades Descri\u00e7\u00e3o do produto<\/p>\n","protected":false},"featured_media":32443,"template":"","meta":{"_acf_changed":false},"product_brand":[],"product_cat":[1141,1176,1306,1309],"product_tag":[],"class_list":{"0":"post-125952","1":"product","2":"type-product","3":"status-publish","4":"has-post-thumbnail","6":"product_cat-embalagem-de-alimentos","7":"product_cat-talho-e-charcutaria","8":"product_cat-copos-jarras-copos","9":"product_cat-verrines-pt-pt","11":"first","12":"instock","13":"taxable","14":"shipping-taxable","15":"purchasable","16":"product-type-simple"},"acf":[],"yoast_head":"<!-- This site is optimized with the Yoast SEO Premium plugin v26.6 (Yoast SEO v26.6) - https:\/\/yoast.com\/wordpress\/plugins\/seo\/ -->\n<title>Frascos de l\u00f3tus pretos 60ml pl\u00e1stico \/ CSJ Emballages<\/title>\n<meta name=\"description\" content=\"Descobre as nossas elegantes verrinas de l\u00f3tus preto de 60 ml, ideais para real\u00e7ar os teus aperitivos e sobremesas com sofistica\u00e7\u00e3o!\" \/>\n<meta name=\"robots\" content=\"index, follow, max-snippet:-1, max-image-preview:large, max-video-preview:-1\" \/>\n<link rel=\"canonical\" href=\"https:\/\/www.csj-emballages.com\/pt-pt\/produit\/40-copos-de-lotus-de-plastico-preto-60-ml\/\" \/>\n<meta property=\"og:locale\" content=\"pt_PT\" \/>\n<meta property=\"og:type\" content=\"article\" \/>\n<meta property=\"og:title\" content=\"40 copos de l\u00f3tus de pl\u00e1stico preto 60 ml\" \/>\n<meta property=\"og:description\" content=\"Descobre as nossas elegantes verrinas de l\u00f3tus preto de 60 ml, ideais para real\u00e7ar os teus aperitivos e sobremesas com sofistica\u00e7\u00e3o!\" \/>\n<meta property=\"og:url\" content=\"https:\/\/www.csj-emballages.com\/pt-pt\/produit\/40-copos-de-lotus-de-plastico-preto-60-ml\/\" \/>\n<meta property=\"og:site_name\" content=\"CSJ Emballages\" \/>\n<meta property=\"article:publisher\" content=\"https:\/\/www.facebook.com\/csjemballages\" \/>\n<meta property=\"article:modified_time\" content=\"2026-03-25T01:17:57+00:00\" \/>\n<meta property=\"og:image\" content=\"https:\/\/www.csj-emballages.com\/wp-content\/uploads\/2024\/07\/verrine-fleur-de-lotus-noire-6-cl-par-40-jpg-e1721639537513.webp\" \/>\n\t<meta property=\"og:image:width\" content=\"800\" \/>\n\t<meta property=\"og:image:height\" content=\"800\" \/>\n\t<meta property=\"og:image:type\" content=\"image\/jpeg\" \/>\n<meta name=\"twitter:card\" content=\"summary_large_image\" \/>\n<meta name=\"twitter:label1\" content=\"Tempo estimado de leitura\" \/>\n\t<meta name=\"twitter:data1\" content=\"2 minutos\" \/>\n<script type=\"application\/ld+json\" class=\"yoast-schema-graph\">{\"@context\":\"https:\/\/schema.org\",\"@graph\":[{\"@type\":\"WebPage\",\"@id\":\"https:\/\/www.csj-emballages.com\/pt-pt\/produit\/40-copos-de-lotus-de-plastico-preto-60-ml\/\",\"url\":\"https:\/\/www.csj-emballages.com\/pt-pt\/produit\/40-copos-de-lotus-de-plastico-preto-60-ml\/\",\"name\":\"Frascos de l\u00f3tus pretos 60ml pl\u00e1stico \/ CSJ Emballages\",\"isPartOf\":{\"@id\":\"https:\/\/www.csj-emballages.com\/pt-pt\/#website\"},\"primaryImageOfPage\":{\"@id\":\"https:\/\/www.csj-emballages.com\/pt-pt\/produit\/40-copos-de-lotus-de-plastico-preto-60-ml\/#primaryimage\"},\"image\":{\"@id\":\"https:\/\/www.csj-emballages.com\/pt-pt\/produit\/40-copos-de-lotus-de-plastico-preto-60-ml\/#primaryimage\"},\"thumbnailUrl\":\"https:\/\/www.csj-emballages.com\/wp-content\/uploads\/2024\/07\/verrine-fleur-de-lotus-noire-6-cl-par-40-jpg-e1721639537513.webp\",\"datePublished\":\"2024-07-18T00:18:16+00:00\",\"dateModified\":\"2026-03-25T01:17:57+00:00\",\"description\":\"Descobre as nossas elegantes verrinas de l\u00f3tus preto de 60 ml, ideais para real\u00e7ar os teus aperitivos e sobremesas com sofistica\u00e7\u00e3o!\",\"breadcrumb\":{\"@id\":\"https:\/\/www.csj-emballages.com\/pt-pt\/produit\/40-copos-de-lotus-de-plastico-preto-60-ml\/#breadcrumb\"},\"inLanguage\":\"pt-PT\",\"potentialAction\":[{\"@type\":\"ReadAction\",\"target\":[\"https:\/\/www.csj-emballages.com\/pt-pt\/produit\/40-copos-de-lotus-de-plastico-preto-60-ml\/\"]}]},{\"@type\":\"ImageObject\",\"inLanguage\":\"pt-PT\",\"@id\":\"https:\/\/www.csj-emballages.com\/pt-pt\/produit\/40-copos-de-lotus-de-plastico-preto-60-ml\/#primaryimage\",\"url\":\"https:\/\/www.csj-emballages.com\/wp-content\/uploads\/2024\/07\/verrine-fleur-de-lotus-noire-6-cl-par-40-jpg-e1721639537513.webp\",\"contentUrl\":\"https:\/\/www.csj-emballages.com\/wp-content\/uploads\/2024\/07\/verrine-fleur-de-lotus-noire-6-cl-par-40-jpg-e1721639537513.webp\",\"width\":800,\"height\":800,\"caption\":\"Verrines lotus noires 60ml\"},{\"@type\":\"BreadcrumbList\",\"@id\":\"https:\/\/www.csj-emballages.com\/pt-pt\/produit\/40-copos-de-lotus-de-plastico-preto-60-ml\/#breadcrumb\",\"itemListElement\":[{\"@type\":\"ListItem\",\"position\":1,\"name\":\"Acolhimento\",\"item\":\"https:\/\/www.csj-emballages.com\/pt-pt\/universo-das-embalagens-alimentares\/\"},{\"@type\":\"ListItem\",\"position\":2,\"name\":\"Shop\",\"item\":\"https:\/\/www.csj-emballages.com\/shop\/\"},{\"@type\":\"ListItem\",\"position\":3,\"name\":\"40 copos de l\u00f3tus de pl\u00e1stico preto 60 ml\"}]},{\"@type\":\"WebSite\",\"@id\":\"https:\/\/www.csj-emballages.com\/pt-pt\/#website\",\"url\":\"https:\/\/www.csj-emballages.com\/pt-pt\/\",\"name\":\"CSJ Emballages\",\"description\":\"\",\"publisher\":{\"@id\":\"https:\/\/www.csj-emballages.com\/pt-pt\/#organization\"},\"potentialAction\":[{\"@type\":\"SearchAction\",\"target\":{\"@type\":\"EntryPoint\",\"urlTemplate\":\"https:\/\/www.csj-emballages.com\/pt-pt\/?s={search_term_string}\"},\"query-input\":{\"@type\":\"PropertyValueSpecification\",\"valueRequired\":true,\"valueName\":\"search_term_string\"}}],\"inLanguage\":\"pt-PT\"},{\"@type\":\"Organization\",\"@id\":\"https:\/\/www.csj-emballages.com\/pt-pt\/#Organization\/\",\"name\":\"CSJ Emballages\",\"url\":\"https:\/\/www.csj-emballages.com\/pt-pt\/\",\"logo\":{\"@type\":\"ImageObject\",\"inLanguage\":\"pt-PT\",\"@id\":\"https:\/\/www.csj-emballages.com\/pt-pt\/#\/schema\/logo\/image\/\",\"url\":\"https:\/\/www.csj-emballages.com\/wp-content\/uploads\/2023\/10\/logo_csj.webp\",\"contentUrl\":\"https:\/\/www.csj-emballages.com\/wp-content\/uploads\/2023\/10\/logo_csj.webp\",\"width\":250,\"height\":95,\"caption\":\"CSJ Emballages\"},\"image\":{\"@id\":\"https:\/\/www.csj-emballages.com\/pt-pt\/#\/schema\/logo\/image\/\"},\"sameAs\":[\"https:\/\/www.facebook.com\/csjemballages\"],\"address\":{\"@type\":\"PostalAddress\",\"streetAddress\":\"ZI La Lechere\",\"addressLocality\":\"Patornay\",\"postalCode\":\"39130\",\"addressCountry\":\"FR\"},\"contactPoint\":[{\"@type\":\"ContactPoint\",\"contactType\":\"Service client\",\"telephone\":\"0384254272\",\"email\":\"contact@csj-emballages.com\"}]}]}<\/script>\n<!-- \/ Yoast SEO Premium plugin. -->","yoast_head_json":{"title":"Frascos de l\u00f3tus pretos 60ml pl\u00e1stico \/ CSJ Emballages","description":"Descobre as nossas elegantes verrinas de l\u00f3tus preto de 60 ml, ideais para real\u00e7ar os teus aperitivos e sobremesas com sofistica\u00e7\u00e3o!","robots":{"index":"index","follow":"follow","max-snippet":"max-snippet:-1","max-image-preview":"max-image-preview:large","max-video-preview":"max-video-preview:-1"},"canonical":"https:\/\/www.csj-emballages.com\/pt-pt\/produit\/40-copos-de-lotus-de-plastico-preto-60-ml\/","og_locale":"pt_PT","og_type":"article","og_title":"40 copos de l\u00f3tus de pl\u00e1stico preto 60 ml","og_description":"Descobre as nossas elegantes verrinas de l\u00f3tus preto de 60 ml, ideais para real\u00e7ar os teus aperitivos e sobremesas com sofistica\u00e7\u00e3o!","og_url":"https:\/\/www.csj-emballages.com\/pt-pt\/produit\/40-copos-de-lotus-de-plastico-preto-60-ml\/","og_site_name":"CSJ Emballages","article_publisher":"https:\/\/www.facebook.com\/csjemballages","article_modified_time":"2026-03-25T01:17:57+00:00","og_image":[{"width":800,"height":800,"url":"https:\/\/www.csj-emballages.com\/wp-content\/uploads\/2024\/07\/verrine-fleur-de-lotus-noire-6-cl-par-40-jpg-e1721639537513.webp","type":"image\/jpeg"}],"twitter_card":"summary_large_image","twitter_misc":{"Tempo estimado de leitura":"2 minutos"},"schema":{"@context":"https:\/\/schema.org","@graph":[{"@type":"WebPage","@id":"https:\/\/www.csj-emballages.com\/pt-pt\/produit\/40-copos-de-lotus-de-plastico-preto-60-ml\/","url":"https:\/\/www.csj-emballages.com\/pt-pt\/produit\/40-copos-de-lotus-de-plastico-preto-60-ml\/","name":"Frascos de l\u00f3tus pretos 60ml pl\u00e1stico \/ CSJ Emballages","isPartOf":{"@id":"https:\/\/www.csj-emballages.com\/pt-pt\/#website"},"primaryImageOfPage":{"@id":"https:\/\/www.csj-emballages.com\/pt-pt\/produit\/40-copos-de-lotus-de-plastico-preto-60-ml\/#primaryimage"},"image":{"@id":"https:\/\/www.csj-emballages.com\/pt-pt\/produit\/40-copos-de-lotus-de-plastico-preto-60-ml\/#primaryimage"},"thumbnailUrl":"https:\/\/www.csj-emballages.com\/wp-content\/uploads\/2024\/07\/verrine-fleur-de-lotus-noire-6-cl-par-40-jpg-e1721639537513.webp","datePublished":"2024-07-18T00:18:16+00:00","dateModified":"2026-03-25T01:17:57+00:00","description":"Descobre as nossas elegantes verrinas de l\u00f3tus preto de 60 ml, ideais para real\u00e7ar os teus aperitivos e sobremesas com sofistica\u00e7\u00e3o!","breadcrumb":{"@id":"https:\/\/www.csj-emballages.com\/pt-pt\/produit\/40-copos-de-lotus-de-plastico-preto-60-ml\/#breadcrumb"},"inLanguage":"pt-PT","potentialAction":[{"@type":"ReadAction","target":["https:\/\/www.csj-emballages.com\/pt-pt\/produit\/40-copos-de-lotus-de-plastico-preto-60-ml\/"]}]},{"@type":"ImageObject","inLanguage":"pt-PT","@id":"https:\/\/www.csj-emballages.com\/pt-pt\/produit\/40-copos-de-lotus-de-plastico-preto-60-ml\/#primaryimage","url":"https:\/\/www.csj-emballages.com\/wp-content\/uploads\/2024\/07\/verrine-fleur-de-lotus-noire-6-cl-par-40-jpg-e1721639537513.webp","contentUrl":"https:\/\/www.csj-emballages.com\/wp-content\/uploads\/2024\/07\/verrine-fleur-de-lotus-noire-6-cl-par-40-jpg-e1721639537513.webp","width":800,"height":800,"caption":"Verrines lotus noires 60ml"},{"@type":"BreadcrumbList","@id":"https:\/\/www.csj-emballages.com\/pt-pt\/produit\/40-copos-de-lotus-de-plastico-preto-60-ml\/#breadcrumb","itemListElement":[{"@type":"ListItem","position":1,"name":"Acolhimento","item":"https:\/\/www.csj-emballages.com\/pt-pt\/universo-das-embalagens-alimentares\/"},{"@type":"ListItem","position":2,"name":"Shop","item":"https:\/\/www.csj-emballages.com\/shop\/"},{"@type":"ListItem","position":3,"name":"40 copos de l\u00f3tus de pl\u00e1stico preto 60 ml"}]},{"@type":"WebSite","@id":"https:\/\/www.csj-emballages.com\/pt-pt\/#website","url":"https:\/\/www.csj-emballages.com\/pt-pt\/","name":"CSJ Emballages","description":"","publisher":{"@id":"https:\/\/www.csj-emballages.com\/pt-pt\/#organization"},"potentialAction":[{"@type":"SearchAction","target":{"@type":"EntryPoint","urlTemplate":"https:\/\/www.csj-emballages.com\/pt-pt\/?s={search_term_string}"},"query-input":{"@type":"PropertyValueSpecification","valueRequired":true,"valueName":"search_term_string"}}],"inLanguage":"pt-PT"},{"@type":"Organization","@id":"https:\/\/www.csj-emballages.com\/pt-pt\/#Organization\/","name":"CSJ Emballages","url":"https:\/\/www.csj-emballages.com\/pt-pt\/","logo":{"@type":"ImageObject","inLanguage":"pt-PT","@id":"https:\/\/www.csj-emballages.com\/pt-pt\/#\/schema\/logo\/image\/","url":"https:\/\/www.csj-emballages.com\/wp-content\/uploads\/2023\/10\/logo_csj.webp","contentUrl":"https:\/\/www.csj-emballages.com\/wp-content\/uploads\/2023\/10\/logo_csj.webp","width":250,"height":95,"caption":"CSJ Emballages"},"image":{"@id":"https:\/\/www.csj-emballages.com\/pt-pt\/#\/schema\/logo\/image\/"},"sameAs":["https:\/\/www.facebook.com\/csjemballages"],"address":{"@type":"PostalAddress","streetAddress":"ZI La Lechere","addressLocality":"Patornay","postalCode":"39130","addressCountry":"FR"},"contactPoint":[{"@type":"ContactPoint","contactType":"Service client","telephone":"0384254272","email":"contact@csj-emballages.com"}]}]}},"df_price":12.68,"df_sale_price":"","df_regular_price":12.68,"df_image_link":"https:\/\/www.csj-emballages.com\/wp-content\/uploads\/2024\/07\/verrine-fleur-de-lotus-noire-6-cl-par-40-300x300.webp","tiered_pricing_type":"fixed","tiered_pricing_fixed_rules":[],"tiered_pricing_percentage_rules":[],"tiered_pricing_minimum":1,"tiered_pricing_roles_data":[],"_links":{"self":[{"href":"https:\/\/www.csj-emballages.com\/pt-pt\/wp-json\/wp\/v2\/product\/125952","targetHints":{"allow":["GET"]}}],"collection":[{"href":"https:\/\/www.csj-emballages.com\/pt-pt\/wp-json\/wp\/v2\/product"}],"about":[{"href":"https:\/\/www.csj-emballages.com\/pt-pt\/wp-json\/wp\/v2\/types\/product"}],"wp:featuredmedia":[{"embeddable":true,"href":"https:\/\/www.csj-emballages.com\/pt-pt\/wp-json\/wp\/v2\/media\/32443"}],"wp:attachment":[{"href":"https:\/\/www.csj-emballages.com\/pt-pt\/wp-json\/wp\/v2\/media?parent=125952"}],"wp:term":[{"taxonomy":"product_brand","embeddable":true,"href":"https:\/\/www.csj-emballages.com\/pt-pt\/wp-json\/wp\/v2\/product_brand?post=125952"},{"taxonomy":"product_cat","embeddable":true,"href":"https:\/\/www.csj-emballages.com\/pt-pt\/wp-json\/wp\/v2\/product_cat?post=125952"},{"taxonomy":"product_tag","embeddable":true,"href":"https:\/\/www.csj-emballages.com\/pt-pt\/wp-json\/wp\/v2\/product_tag?post=125952"}],"curies":[{"name":"wp","href":"https:\/\/api.w.org\/{rel}","templated":true}]}}