{"id":125950,"date":"2024-07-20T02:18:17","date_gmt":"2024-07-20T00:18:17","guid":{"rendered":"https:\/\/www.csj-emballages.com\/produit\/150-caixas-para-calzones-28-x-17-x-7-cm\/"},"modified":"2026-03-12T16:11:45","modified_gmt":"2026-03-12T15:11:45","slug":"150-caixas-para-calzones-28-x-17-x-7-cm","status":"publish","type":"product","link":"https:\/\/www.csj-emballages.com\/pt-pt\/produit\/150-caixas-para-calzones-28-x-17-x-7-cm\/","title":{"rendered":"Caixa de cart\u00e3o para calzones 28 x 17 x 7 cm por 150"},"content":{"rendered":"<h2>Caixas para calzones 28 x 17 x 7 cm &#8211; por 150<\/h2>\n<hr>\n<h3>Descri\u00e7\u00e3o do produto<\/h3>\n<p><!--more--><\/p>\n<p>Descubra as nossas caixas para calzones de 28x17x7 cm, concebidas para garantir uma entrega impec\u00e1vel dos seus deliciosos calzones. O tamanho perfeito para transportar os seus calzones sem os esmagar ou danificar. Fabricados em cart\u00e3o recicl\u00e1vel, asseguram uma reten\u00e7\u00e3o \u00f3ptima do calor. A sua constru\u00e7\u00e3o robusta e resistente garante uma utiliza\u00e7\u00e3o sem problemas. As nossas latas de calzone tamb\u00e9m possuem um sistema de fecho seguro para evitar qualquer risco de derrame. Pr\u00e1ticas e atractivas, oferecem uma apresenta\u00e7\u00e3o atraente para os seus produtos. O tamanho de 28 x 17 cm \u00e9 ideal para por\u00e7\u00f5es generosas. Estas caixas s\u00e3o perfeitas para restaurantes, pizzarias e empresas de catering que procuram melhorar o seu servi\u00e7o de entregas. F\u00e1ceis de empilhar e guardar, aproveitam ao m\u00e1ximo o espa\u00e7o da sua cozinha. Os seus clientes apreciar\u00e3o a qualidade e o car\u00e1cter pr\u00e1tico das nossas caixas para calzones.<\/p>\n<p>&nbsp;<\/p>\n<p><!--more--><\/p>\n<p>As caixas para calzones de 28x17x7 cm s\u00e3o uma escolha acertada para qualquer profissional da restaura\u00e7\u00e3o.<\/p>\n<p>&nbsp;<\/p>\n<p><!--more--><\/p>\n<h4><strong>As suas vantagens:<\/strong><\/h4>\n<ul>\n<li><strong>Amigo do ambiente<\/strong>: Fabricados em cart\u00e3o recicl\u00e1vel, respeitam o ambiente e refor\u00e7am o teu compromisso com a responsabilidade ecol\u00f3gica.<\/li>\n<li><strong>O tamanho ideal<\/strong>: 28x17x7 cm \u00e9 perfeito para por\u00e7\u00f5es generosas.<\/li>\n<li><strong>Design atrativo<\/strong>: Destaca a tua marca com caixas que chamam a aten\u00e7\u00e3o dos teus clientes.<\/li>\n<li><strong>Pr\u00e1ticas<\/strong>: f\u00e1ceis de empilhar e de guardar, aproveitam ao m\u00e1ximo o espa\u00e7o da tua cozinha.<\/li>\n<li><strong>Vers\u00e1til<\/strong>: Perfeitos para restaurantes, pizzarias e catering, satisfazem uma vasta gama de necessidades profissionais.<\/li>\n<\/ul>\n<p>&nbsp;<\/p>\n<p><!--more--><\/p>\n<p><a href=\"https:\/\/www.csj-emballages.com\/pt-pt\/categorie-produit\/embalagem-de-alimentos\/restauracao\/caixas-tabuleiros-bolsas-cones\/caixas-de-pizza\/\">Ver o resto da nossa gama de caixas de pizza<\/a><\/p>\n","protected":false},"excerpt":{"rendered":"<p>Caixas para calzones 28 x 17 x 7 cm &#8211; por 150 Descri\u00e7\u00e3o do produto<\/p>\n","protected":false},"featured_media":33125,"template":"","meta":{"_acf_changed":false},"product_brand":[],"product_cat":[1141,1138,3926,2236,1267],"product_tag":[],"class_list":{"0":"post-125950","1":"product","2":"type-product","3":"status-publish","4":"has-post-thumbnail","6":"product_cat-embalagem-de-alimentos","7":"product_cat-restauracao","8":"product_cat-caixas-tabuleiros-bolsas-cones","9":"product_cat-caixas-de-pizza","10":"product_cat-descontos-promocoes","12":"first","13":"instock","14":"sale","15":"taxable","16":"shipping-taxable","17":"purchasable","18":"product-type-simple"},"acf":[],"yoast_head":"<!-- This site is optimized with the Yoast SEO Premium plugin v26.6 (Yoast SEO v26.6) - https:\/\/yoast.com\/wordpress\/plugins\/seo\/ -->\n<title>Calzone 28x17x7 cm caixas de cart\u00e3o \/ CSJ Emballages<\/title>\n<meta name=\"description\" content=\"Descobre as nossas caixas de calzones de 28x17x7 cm: Oferece aos teus clientes caixas de calzones atraentes, perfeitas para restaurantes e pizzarias.\" \/>\n<meta name=\"robots\" content=\"index, follow, max-snippet:-1, max-image-preview:large, max-video-preview:-1\" \/>\n<link rel=\"canonical\" href=\"https:\/\/www.csj-emballages.com\/pt-pt\/produit\/150-caixas-para-calzones-28-x-17-x-7-cm\/\" \/>\n<meta property=\"og:locale\" content=\"pt_PT\" \/>\n<meta property=\"og:type\" content=\"article\" \/>\n<meta property=\"og:title\" content=\"Caixa de cart\u00e3o para calzones 28 x 17 x 7 cm por 150\" \/>\n<meta property=\"og:description\" content=\"Descobre as nossas caixas de calzones de 28x17x7 cm: Oferece aos teus clientes caixas de calzones atraentes, perfeitas para restaurantes e pizzarias.\" \/>\n<meta property=\"og:url\" content=\"https:\/\/www.csj-emballages.com\/pt-pt\/produit\/150-caixas-para-calzones-28-x-17-x-7-cm\/\" \/>\n<meta property=\"og:site_name\" content=\"CSJ Emballages\" \/>\n<meta property=\"article:publisher\" content=\"https:\/\/www.facebook.com\/csjemballages\" \/>\n<meta property=\"article:modified_time\" content=\"2026-03-12T15:11:45+00:00\" \/>\n<meta property=\"og:image\" content=\"https:\/\/www.csj-emballages.com\/wp-content\/uploads\/2024\/07\/065ea37a-4727-4f49-9b7e-e1c901cb68d3-removebg-preview-e1721899071595.png\" \/>\n\t<meta property=\"og:image:width\" content=\"499\" \/>\n\t<meta property=\"og:image:height\" content=\"500\" \/>\n\t<meta property=\"og:image:type\" content=\"image\/png\" \/>\n<meta name=\"twitter:card\" content=\"summary_large_image\" \/>\n<meta name=\"twitter:label1\" content=\"Tempo estimado de leitura\" \/>\n\t<meta name=\"twitter:data1\" content=\"1 minuto\" \/>\n<script type=\"application\/ld+json\" class=\"yoast-schema-graph\">{\"@context\":\"https:\/\/schema.org\",\"@graph\":[{\"@type\":\"WebPage\",\"@id\":\"https:\/\/www.csj-emballages.com\/pt-pt\/produit\/150-caixas-para-calzones-28-x-17-x-7-cm\/\",\"url\":\"https:\/\/www.csj-emballages.com\/pt-pt\/produit\/150-caixas-para-calzones-28-x-17-x-7-cm\/\",\"name\":\"Calzone 28x17x7 cm caixas de cart\u00e3o \/ CSJ Emballages\",\"isPartOf\":{\"@id\":\"https:\/\/www.csj-emballages.com\/pt-pt\/#website\"},\"primaryImageOfPage\":{\"@id\":\"https:\/\/www.csj-emballages.com\/pt-pt\/produit\/150-caixas-para-calzones-28-x-17-x-7-cm\/#primaryimage\"},\"image\":{\"@id\":\"https:\/\/www.csj-emballages.com\/pt-pt\/produit\/150-caixas-para-calzones-28-x-17-x-7-cm\/#primaryimage\"},\"thumbnailUrl\":\"https:\/\/www.csj-emballages.com\/wp-content\/uploads\/2024\/07\/065ea37a-4727-4f49-9b7e-e1c901cb68d3-removebg-preview-e1721899071595.png\",\"datePublished\":\"2024-07-20T00:18:17+00:00\",\"dateModified\":\"2026-03-12T15:11:45+00:00\",\"description\":\"Descobre as nossas caixas de calzones de 28x17x7 cm: Oferece aos teus clientes caixas de calzones atraentes, perfeitas para restaurantes e pizzarias.\",\"breadcrumb\":{\"@id\":\"https:\/\/www.csj-emballages.com\/pt-pt\/produit\/150-caixas-para-calzones-28-x-17-x-7-cm\/#breadcrumb\"},\"inLanguage\":\"pt-PT\",\"potentialAction\":[{\"@type\":\"ReadAction\",\"target\":[\"https:\/\/www.csj-emballages.com\/pt-pt\/produit\/150-caixas-para-calzones-28-x-17-x-7-cm\/\"]}]},{\"@type\":\"ImageObject\",\"inLanguage\":\"pt-PT\",\"@id\":\"https:\/\/www.csj-emballages.com\/pt-pt\/produit\/150-caixas-para-calzones-28-x-17-x-7-cm\/#primaryimage\",\"url\":\"https:\/\/www.csj-emballages.com\/wp-content\/uploads\/2024\/07\/065ea37a-4727-4f49-9b7e-e1c901cb68d3-removebg-preview-e1721899071595.png\",\"contentUrl\":\"https:\/\/www.csj-emballages.com\/wp-content\/uploads\/2024\/07\/065ea37a-4727-4f49-9b7e-e1c901cb68d3-removebg-preview-e1721899071595.png\",\"width\":499,\"height\":500,\"caption\":\"Boites calzone 28x17 cm\"},{\"@type\":\"BreadcrumbList\",\"@id\":\"https:\/\/www.csj-emballages.com\/pt-pt\/produit\/150-caixas-para-calzones-28-x-17-x-7-cm\/#breadcrumb\",\"itemListElement\":[{\"@type\":\"ListItem\",\"position\":1,\"name\":\"Acolhimento\",\"item\":\"https:\/\/www.csj-emballages.com\/pt-pt\/universo-das-embalagens-alimentares\/\"},{\"@type\":\"ListItem\",\"position\":2,\"name\":\"Shop\",\"item\":\"https:\/\/www.csj-emballages.com\/shop\/\"},{\"@type\":\"ListItem\",\"position\":3,\"name\":\"Caixa de cart\u00e3o para calzones 28 x 17 x 7 cm por 150\"}]},{\"@type\":\"WebSite\",\"@id\":\"https:\/\/www.csj-emballages.com\/pt-pt\/#website\",\"url\":\"https:\/\/www.csj-emballages.com\/pt-pt\/\",\"name\":\"CSJ Emballages\",\"description\":\"\",\"publisher\":{\"@id\":\"https:\/\/www.csj-emballages.com\/pt-pt\/#organization\"},\"potentialAction\":[{\"@type\":\"SearchAction\",\"target\":{\"@type\":\"EntryPoint\",\"urlTemplate\":\"https:\/\/www.csj-emballages.com\/pt-pt\/?s={search_term_string}\"},\"query-input\":{\"@type\":\"PropertyValueSpecification\",\"valueRequired\":true,\"valueName\":\"search_term_string\"}}],\"inLanguage\":\"pt-PT\"},{\"@type\":\"Organization\",\"@id\":\"https:\/\/www.csj-emballages.com\/pt-pt\/#Organization\/\",\"name\":\"CSJ Emballages\",\"url\":\"https:\/\/www.csj-emballages.com\/pt-pt\/\",\"logo\":{\"@type\":\"ImageObject\",\"inLanguage\":\"pt-PT\",\"@id\":\"https:\/\/www.csj-emballages.com\/pt-pt\/#\/schema\/logo\/image\/\",\"url\":\"https:\/\/www.csj-emballages.com\/wp-content\/uploads\/2023\/10\/logo_csj.webp\",\"contentUrl\":\"https:\/\/www.csj-emballages.com\/wp-content\/uploads\/2023\/10\/logo_csj.webp\",\"width\":250,\"height\":95,\"caption\":\"CSJ Emballages\"},\"image\":{\"@id\":\"https:\/\/www.csj-emballages.com\/pt-pt\/#\/schema\/logo\/image\/\"},\"sameAs\":[\"https:\/\/www.facebook.com\/csjemballages\"],\"address\":{\"@type\":\"PostalAddress\",\"streetAddress\":\"ZI La Lechere\",\"addressLocality\":\"Patornay\",\"postalCode\":\"39130\",\"addressCountry\":\"FR\"},\"contactPoint\":[{\"@type\":\"ContactPoint\",\"contactType\":\"Service client\",\"telephone\":\"0384254272\",\"email\":\"contact@csj-emballages.com\"}]}]}<\/script>\n<!-- \/ Yoast SEO Premium plugin. -->","yoast_head_json":{"title":"Calzone 28x17x7 cm caixas de cart\u00e3o \/ CSJ Emballages","description":"Descobre as nossas caixas de calzones de 28x17x7 cm: Oferece aos teus clientes caixas de calzones atraentes, perfeitas para restaurantes e pizzarias.","robots":{"index":"index","follow":"follow","max-snippet":"max-snippet:-1","max-image-preview":"max-image-preview:large","max-video-preview":"max-video-preview:-1"},"canonical":"https:\/\/www.csj-emballages.com\/pt-pt\/produit\/150-caixas-para-calzones-28-x-17-x-7-cm\/","og_locale":"pt_PT","og_type":"article","og_title":"Caixa de cart\u00e3o para calzones 28 x 17 x 7 cm por 150","og_description":"Descobre as nossas caixas de calzones de 28x17x7 cm: Oferece aos teus clientes caixas de calzones atraentes, perfeitas para restaurantes e pizzarias.","og_url":"https:\/\/www.csj-emballages.com\/pt-pt\/produit\/150-caixas-para-calzones-28-x-17-x-7-cm\/","og_site_name":"CSJ Emballages","article_publisher":"https:\/\/www.facebook.com\/csjemballages","article_modified_time":"2026-03-12T15:11:45+00:00","og_image":[{"width":499,"height":500,"url":"https:\/\/www.csj-emballages.com\/wp-content\/uploads\/2024\/07\/065ea37a-4727-4f49-9b7e-e1c901cb68d3-removebg-preview-e1721899071595.png","type":"image\/png"}],"twitter_card":"summary_large_image","twitter_misc":{"Tempo estimado de leitura":"1 minuto"},"schema":{"@context":"https:\/\/schema.org","@graph":[{"@type":"WebPage","@id":"https:\/\/www.csj-emballages.com\/pt-pt\/produit\/150-caixas-para-calzones-28-x-17-x-7-cm\/","url":"https:\/\/www.csj-emballages.com\/pt-pt\/produit\/150-caixas-para-calzones-28-x-17-x-7-cm\/","name":"Calzone 28x17x7 cm caixas de cart\u00e3o \/ CSJ Emballages","isPartOf":{"@id":"https:\/\/www.csj-emballages.com\/pt-pt\/#website"},"primaryImageOfPage":{"@id":"https:\/\/www.csj-emballages.com\/pt-pt\/produit\/150-caixas-para-calzones-28-x-17-x-7-cm\/#primaryimage"},"image":{"@id":"https:\/\/www.csj-emballages.com\/pt-pt\/produit\/150-caixas-para-calzones-28-x-17-x-7-cm\/#primaryimage"},"thumbnailUrl":"https:\/\/www.csj-emballages.com\/wp-content\/uploads\/2024\/07\/065ea37a-4727-4f49-9b7e-e1c901cb68d3-removebg-preview-e1721899071595.png","datePublished":"2024-07-20T00:18:17+00:00","dateModified":"2026-03-12T15:11:45+00:00","description":"Descobre as nossas caixas de calzones de 28x17x7 cm: Oferece aos teus clientes caixas de calzones atraentes, perfeitas para restaurantes e pizzarias.","breadcrumb":{"@id":"https:\/\/www.csj-emballages.com\/pt-pt\/produit\/150-caixas-para-calzones-28-x-17-x-7-cm\/#breadcrumb"},"inLanguage":"pt-PT","potentialAction":[{"@type":"ReadAction","target":["https:\/\/www.csj-emballages.com\/pt-pt\/produit\/150-caixas-para-calzones-28-x-17-x-7-cm\/"]}]},{"@type":"ImageObject","inLanguage":"pt-PT","@id":"https:\/\/www.csj-emballages.com\/pt-pt\/produit\/150-caixas-para-calzones-28-x-17-x-7-cm\/#primaryimage","url":"https:\/\/www.csj-emballages.com\/wp-content\/uploads\/2024\/07\/065ea37a-4727-4f49-9b7e-e1c901cb68d3-removebg-preview-e1721899071595.png","contentUrl":"https:\/\/www.csj-emballages.com\/wp-content\/uploads\/2024\/07\/065ea37a-4727-4f49-9b7e-e1c901cb68d3-removebg-preview-e1721899071595.png","width":499,"height":500,"caption":"Boites calzone 28x17 cm"},{"@type":"BreadcrumbList","@id":"https:\/\/www.csj-emballages.com\/pt-pt\/produit\/150-caixas-para-calzones-28-x-17-x-7-cm\/#breadcrumb","itemListElement":[{"@type":"ListItem","position":1,"name":"Acolhimento","item":"https:\/\/www.csj-emballages.com\/pt-pt\/universo-das-embalagens-alimentares\/"},{"@type":"ListItem","position":2,"name":"Shop","item":"https:\/\/www.csj-emballages.com\/shop\/"},{"@type":"ListItem","position":3,"name":"Caixa de cart\u00e3o para calzones 28 x 17 x 7 cm por 150"}]},{"@type":"WebSite","@id":"https:\/\/www.csj-emballages.com\/pt-pt\/#website","url":"https:\/\/www.csj-emballages.com\/pt-pt\/","name":"CSJ Emballages","description":"","publisher":{"@id":"https:\/\/www.csj-emballages.com\/pt-pt\/#organization"},"potentialAction":[{"@type":"SearchAction","target":{"@type":"EntryPoint","urlTemplate":"https:\/\/www.csj-emballages.com\/pt-pt\/?s={search_term_string}"},"query-input":{"@type":"PropertyValueSpecification","valueRequired":true,"valueName":"search_term_string"}}],"inLanguage":"pt-PT"},{"@type":"Organization","@id":"https:\/\/www.csj-emballages.com\/pt-pt\/#Organization\/","name":"CSJ Emballages","url":"https:\/\/www.csj-emballages.com\/pt-pt\/","logo":{"@type":"ImageObject","inLanguage":"pt-PT","@id":"https:\/\/www.csj-emballages.com\/pt-pt\/#\/schema\/logo\/image\/","url":"https:\/\/www.csj-emballages.com\/wp-content\/uploads\/2023\/10\/logo_csj.webp","contentUrl":"https:\/\/www.csj-emballages.com\/wp-content\/uploads\/2023\/10\/logo_csj.webp","width":250,"height":95,"caption":"CSJ Emballages"},"image":{"@id":"https:\/\/www.csj-emballages.com\/pt-pt\/#\/schema\/logo\/image\/"},"sameAs":["https:\/\/www.facebook.com\/csjemballages"],"address":{"@type":"PostalAddress","streetAddress":"ZI La Lechere","addressLocality":"Patornay","postalCode":"39130","addressCountry":"FR"},"contactPoint":[{"@type":"ContactPoint","contactType":"Service client","telephone":"0384254272","email":"contact@csj-emballages.com"}]}]}},"df_price":31.32,"df_sale_price":31.32,"df_regular_price":34.8,"df_image_link":"https:\/\/www.csj-emballages.com\/wp-content\/uploads\/2024\/07\/065ea37a-4727-4f49-9b7e-e1c901cb68d3-removebg-preview-300x300.png","tiered_pricing_type":"fixed","tiered_pricing_fixed_rules":[],"tiered_pricing_percentage_rules":[],"tiered_pricing_minimum":1,"tiered_pricing_roles_data":[],"_links":{"self":[{"href":"https:\/\/www.csj-emballages.com\/pt-pt\/wp-json\/wp\/v2\/product\/125950","targetHints":{"allow":["GET"]}}],"collection":[{"href":"https:\/\/www.csj-emballages.com\/pt-pt\/wp-json\/wp\/v2\/product"}],"about":[{"href":"https:\/\/www.csj-emballages.com\/pt-pt\/wp-json\/wp\/v2\/types\/product"}],"wp:featuredmedia":[{"embeddable":true,"href":"https:\/\/www.csj-emballages.com\/pt-pt\/wp-json\/wp\/v2\/media\/33125"}],"wp:attachment":[{"href":"https:\/\/www.csj-emballages.com\/pt-pt\/wp-json\/wp\/v2\/media?parent=125950"}],"wp:term":[{"taxonomy":"product_brand","embeddable":true,"href":"https:\/\/www.csj-emballages.com\/pt-pt\/wp-json\/wp\/v2\/product_brand?post=125950"},{"taxonomy":"product_cat","embeddable":true,"href":"https:\/\/www.csj-emballages.com\/pt-pt\/wp-json\/wp\/v2\/product_cat?post=125950"},{"taxonomy":"product_tag","embeddable":true,"href":"https:\/\/www.csj-emballages.com\/pt-pt\/wp-json\/wp\/v2\/product_tag?post=125950"}],"curies":[{"name":"wp","href":"https:\/\/api.w.org\/{rel}","templated":true}]}}