{"id":125948,"date":"2024-07-16T02:18:18","date_gmt":"2024-07-16T00:18:18","guid":{"rendered":"https:\/\/www.csj-emballages.com\/produit\/jarra-de-plastico-reutilizavel-de-15-litros-com-pega-pp\/"},"modified":"2026-05-06T17:00:52","modified_gmt":"2026-05-06T15:00:52","slug":"jarra-de-plastico-reutilizavel-de-15-litros-com-pega-pp","status":"publish","type":"product","link":"https:\/\/www.csj-emballages.com\/pt-pt\/produit\/jarra-de-plastico-reutilizavel-de-15-litros-com-pega-pp\/","title":{"rendered":"Jarra de pl\u00e1stico reutiliz\u00e1vel de 1,5 litros com pega PP"},"content":{"rendered":"<h2>Jarra de pl\u00e1stico reutiliz\u00e1vel de 1,5 litros com pega PP<\/h2>\n<hr>\n<h3>Descri\u00e7\u00e3o do produto<\/h3>\n<p><!--more--><\/p>\n<div class=\"flex flex-grow flex-col max-w-full\">\n<div class=\"min-h-[20px] text-message flex w-full flex-col items-end gap-2 whitespace-pre-wrap break-words [.text-message+&amp;]:mt-5 overflow-x-auto\" dir=\"auto\" data-message-author-role=\"assistant\" data-message-id=\"e8eda74c-3650-4a65-bd98-4075df03a33e\">\n<div class=\"flex w-full flex-col gap-1 empty:hidden first:pt-[3px]\">\n<div class=\"markdown prose w-full break-words dark:prose-invert light\">\n<p>Descubra o nosso jarro de pl\u00e1stico de 1,5 L com pega, a solu\u00e7\u00e3o ideal para todas as suas bebidas. Fabricado em polipropileno (PP), este jarro reutiliz\u00e1vel combina robustez e leveza para uma utiliza\u00e7\u00e3o quotidiana. A pega ergon\u00f3mica torna-a f\u00e1cil e confort\u00e1vel de segurar, mesmo quando est\u00e1 cheia. Al\u00e9m disso, o seu design transparente permite-lhe ver o conte\u00fado num relance, facilitando o servi\u00e7o. Perfeito para \u00e1gua, sumos, cocktails e muito mais, combina com qualquer ambiente de mesa. A sua grande capacidade de 1,5 litros \u00e9 ideal para refei\u00e7\u00f5es com a fam\u00edlia e amigos. Gra\u00e7as \u00e0 sua constru\u00e7\u00e3o em PP, \u00e9 resistente aos choques e n\u00e3o se parte facilmente.      <\/p>\n<p>Utilize-a para piqueniques, churrascos ou festas. Invista neste jarro sustent\u00e1vel para reduzir o seu consumo de pl\u00e1stico descart\u00e1vel. Simplifique o seu dia a dia com o nosso jarro de pl\u00e1stico reutiliz\u00e1vel de 1,5 L com pega, uma escolha ecol\u00f3gica e econ\u00f3mica.  <\/p>\n<p>&nbsp;<\/p>\n<\/div>\n<\/div>\n<\/div>\n<\/div>\n<p><!--more--><\/p>\n<div class=\"flex flex-grow flex-col max-w-full\">\n<div class=\"min-h-[20px] text-message flex w-full flex-col items-end gap-2 whitespace-pre-wrap break-words [.text-message+&amp;]:mt-5 overflow-x-auto\" dir=\"auto\" data-message-author-role=\"assistant\" data-message-id=\"e8eda74c-3650-4a65-bd98-4075df03a33e\">\n<div class=\"flex w-full flex-col gap-1 empty:hidden first:pt-[3px]\">\n<div class=\"markdown prose w-full break-words dark:prose-invert light\">\n<p>Ofere\u00e7a a si pr\u00f3prio qualidade e durabilidade com este vers\u00e1til decantador.<\/p>\n<\/div>\n<\/div>\n<\/div>\n<\/div>\n<p>&nbsp;<\/p>\n<p><!--more--><\/p>\n<h4><strong>As suas vantagens:<\/strong><\/h4>\n<ul>\n<li><strong>Robusto e leve: <\/strong>Fabricado em polipropileno, \u00e9 resistente aos choques e f\u00e1cil de manusear.<\/li>\n<li><strong>Design transparente<\/strong>: Permite ver facilmente o conte\u00fado, facilitando o servi\u00e7o e a gest\u00e3o das bebidas.<\/li>\n<li><strong>Grande capacidade<\/strong>: Com 1,5 litros, \u00e9 perfeita para refei\u00e7\u00f5es em fam\u00edlia ou eventos.<\/li>\n<li><strong>Vers\u00e1til<\/strong>: Ideal para \u00e1gua, sumos, cocktails e muito mais, \u00e9 perfeito para qualquer ocasi\u00e3o.<\/li>\n<\/ul>\n<p>&nbsp;<\/p>\n<p><!--more--><\/p>\n<h4><strong>Outras informa\u00e7\u00f5es :<\/strong><\/h4>\n<ul>\n<li>Este decantador \u00e9 graduado de 100 a 1400 ml.<\/li>\n<\/ul>\n<p>&nbsp;<\/p>\n<p><!--more--><\/p>\n<p><a href=\"\/?product_cat=vaisselles-reutilisables\">V\u00ea o resto da nossa gama de pratos reutiliz\u00e1veis<\/a><\/p>\n","protected":false},"excerpt":{"rendered":"<p>Jarra de pl\u00e1stico reutiliz\u00e1vel de 1,5 litros com pega PP Descri\u00e7\u00e3o do produto<\/p>\n","protected":false},"featured_media":32508,"template":"","meta":{"_acf_changed":false},"product_brand":[],"product_cat":[1141,6722],"product_tag":[],"class_list":{"0":"post-125948","1":"product","2":"type-product","3":"status-publish","4":"has-post-thumbnail","6":"product_cat-embalagem-de-alimentos","7":"product_cat-pratos-reutilizaveis","9":"first","10":"instock","11":"taxable","12":"shipping-taxable","13":"purchasable","14":"product-type-simple"},"acf":[],"yoast_head":"<!-- This site is optimized with the Yoast SEO Premium plugin v26.6 (Yoast SEO v26.6) - https:\/\/yoast.com\/wordpress\/plugins\/seo\/ -->\n<title>Garrafa de pl\u00e1stico com pega 1.5L \/ CSJ Emballages<\/title>\n<meta name=\"description\" content=\"Jarra de pl\u00e1stico de 1,5 L com pega ergon\u00f3mica. Reutiliz\u00e1vel e robusto, este jarro \u00e9 ideal para todas as suas bebidas!\" \/>\n<meta name=\"robots\" content=\"index, follow, max-snippet:-1, max-image-preview:large, max-video-preview:-1\" \/>\n<link rel=\"canonical\" href=\"https:\/\/www.csj-emballages.com\/pt-pt\/produit\/jarra-de-plastico-reutilizavel-de-15-litros-com-pega-pp\/\" \/>\n<meta property=\"og:locale\" content=\"pt_PT\" \/>\n<meta property=\"og:type\" content=\"article\" \/>\n<meta property=\"og:title\" content=\"Jarra de pl\u00e1stico reutiliz\u00e1vel de 1,5 litros com pega PP\" \/>\n<meta property=\"og:description\" content=\"Jarra de pl\u00e1stico de 1,5 L com pega ergon\u00f3mica. Reutiliz\u00e1vel e robusto, este jarro \u00e9 ideal para todas as suas bebidas!\" \/>\n<meta property=\"og:url\" content=\"https:\/\/www.csj-emballages.com\/pt-pt\/produit\/jarra-de-plastico-reutilizavel-de-15-litros-com-pega-pp\/\" \/>\n<meta property=\"og:site_name\" content=\"CSJ Emballages\" \/>\n<meta property=\"article:publisher\" content=\"https:\/\/www.facebook.com\/csjemballages\" \/>\n<meta property=\"article:modified_time\" content=\"2026-05-06T15:00:52+00:00\" \/>\n<meta property=\"og:image\" content=\"https:\/\/www.csj-emballages.com\/wp-content\/uploads\/2024\/07\/0ebe232d-5766-41f1-9874-9c6ca7324b69-removebg-preview-e1721655266476.png\" \/>\n\t<meta property=\"og:image:width\" content=\"499\" \/>\n\t<meta property=\"og:image:height\" content=\"500\" \/>\n\t<meta property=\"og:image:type\" content=\"image\/png\" \/>\n<meta name=\"twitter:card\" content=\"summary_large_image\" \/>\n<meta name=\"twitter:label1\" content=\"Tempo estimado de leitura\" \/>\n\t<meta name=\"twitter:data1\" content=\"1 minuto\" \/>\n<script type=\"application\/ld+json\" class=\"yoast-schema-graph\">{\"@context\":\"https:\/\/schema.org\",\"@graph\":[{\"@type\":\"WebPage\",\"@id\":\"https:\/\/www.csj-emballages.com\/pt-pt\/produit\/jarra-de-plastico-reutilizavel-de-15-litros-com-pega-pp\/\",\"url\":\"https:\/\/www.csj-emballages.com\/pt-pt\/produit\/jarra-de-plastico-reutilizavel-de-15-litros-com-pega-pp\/\",\"name\":\"Garrafa de pl\u00e1stico com pega 1.5L \/ CSJ Emballages\",\"isPartOf\":{\"@id\":\"https:\/\/www.csj-emballages.com\/pt-pt\/#website\"},\"primaryImageOfPage\":{\"@id\":\"https:\/\/www.csj-emballages.com\/pt-pt\/produit\/jarra-de-plastico-reutilizavel-de-15-litros-com-pega-pp\/#primaryimage\"},\"image\":{\"@id\":\"https:\/\/www.csj-emballages.com\/pt-pt\/produit\/jarra-de-plastico-reutilizavel-de-15-litros-com-pega-pp\/#primaryimage\"},\"thumbnailUrl\":\"https:\/\/www.csj-emballages.com\/wp-content\/uploads\/2024\/07\/0ebe232d-5766-41f1-9874-9c6ca7324b69-removebg-preview-e1721655266476.png\",\"datePublished\":\"2024-07-16T00:18:18+00:00\",\"dateModified\":\"2026-05-06T15:00:52+00:00\",\"description\":\"Jarra de pl\u00e1stico de 1,5 L com pega ergon\u00f3mica. Reutiliz\u00e1vel e robusto, este jarro \u00e9 ideal para todas as suas bebidas!\",\"breadcrumb\":{\"@id\":\"https:\/\/www.csj-emballages.com\/pt-pt\/produit\/jarra-de-plastico-reutilizavel-de-15-litros-com-pega-pp\/#breadcrumb\"},\"inLanguage\":\"pt-PT\",\"potentialAction\":[{\"@type\":\"ReadAction\",\"target\":[\"https:\/\/www.csj-emballages.com\/pt-pt\/produit\/jarra-de-plastico-reutilizavel-de-15-litros-com-pega-pp\/\"]}]},{\"@type\":\"ImageObject\",\"inLanguage\":\"pt-PT\",\"@id\":\"https:\/\/www.csj-emballages.com\/pt-pt\/produit\/jarra-de-plastico-reutilizavel-de-15-litros-com-pega-pp\/#primaryimage\",\"url\":\"https:\/\/www.csj-emballages.com\/wp-content\/uploads\/2024\/07\/0ebe232d-5766-41f1-9874-9c6ca7324b69-removebg-preview-e1721655266476.png\",\"contentUrl\":\"https:\/\/www.csj-emballages.com\/wp-content\/uploads\/2024\/07\/0ebe232d-5766-41f1-9874-9c6ca7324b69-removebg-preview-e1721655266476.png\",\"width\":499,\"height\":500,\"caption\":\"Carafe plastique avec poign\u00e9e 1.5L\"},{\"@type\":\"BreadcrumbList\",\"@id\":\"https:\/\/www.csj-emballages.com\/pt-pt\/produit\/jarra-de-plastico-reutilizavel-de-15-litros-com-pega-pp\/#breadcrumb\",\"itemListElement\":[{\"@type\":\"ListItem\",\"position\":1,\"name\":\"Acolhimento\",\"item\":\"https:\/\/www.csj-emballages.com\/pt-pt\/universo-das-embalagens-alimentares\/\"},{\"@type\":\"ListItem\",\"position\":2,\"name\":\"Shop\",\"item\":\"https:\/\/www.csj-emballages.com\/shop\/\"},{\"@type\":\"ListItem\",\"position\":3,\"name\":\"Jarra de pl\u00e1stico reutiliz\u00e1vel de 1,5 litros com pega PP\"}]},{\"@type\":\"WebSite\",\"@id\":\"https:\/\/www.csj-emballages.com\/pt-pt\/#website\",\"url\":\"https:\/\/www.csj-emballages.com\/pt-pt\/\",\"name\":\"CSJ Emballages\",\"description\":\"\",\"publisher\":{\"@id\":\"https:\/\/www.csj-emballages.com\/pt-pt\/#organization\"},\"potentialAction\":[{\"@type\":\"SearchAction\",\"target\":{\"@type\":\"EntryPoint\",\"urlTemplate\":\"https:\/\/www.csj-emballages.com\/pt-pt\/?s={search_term_string}\"},\"query-input\":{\"@type\":\"PropertyValueSpecification\",\"valueRequired\":true,\"valueName\":\"search_term_string\"}}],\"inLanguage\":\"pt-PT\"},{\"@type\":\"Organization\",\"@id\":\"https:\/\/www.csj-emballages.com\/pt-pt\/#Organization\/\",\"name\":\"CSJ Emballages\",\"url\":\"https:\/\/www.csj-emballages.com\/pt-pt\/\",\"logo\":{\"@type\":\"ImageObject\",\"inLanguage\":\"pt-PT\",\"@id\":\"https:\/\/www.csj-emballages.com\/pt-pt\/#\/schema\/logo\/image\/\",\"url\":\"https:\/\/www.csj-emballages.com\/wp-content\/uploads\/2023\/10\/logo_csj.webp\",\"contentUrl\":\"https:\/\/www.csj-emballages.com\/wp-content\/uploads\/2023\/10\/logo_csj.webp\",\"width\":250,\"height\":95,\"caption\":\"CSJ Emballages\"},\"image\":{\"@id\":\"https:\/\/www.csj-emballages.com\/pt-pt\/#\/schema\/logo\/image\/\"},\"sameAs\":[\"https:\/\/www.facebook.com\/csjemballages\"],\"address\":{\"@type\":\"PostalAddress\",\"streetAddress\":\"ZI La Lechere\",\"addressLocality\":\"Patornay\",\"postalCode\":\"39130\",\"addressCountry\":\"FR\"},\"contactPoint\":[{\"@type\":\"ContactPoint\",\"contactType\":\"Service client\",\"telephone\":\"0384254272\",\"email\":\"contact@csj-emballages.com\"}]}]}<\/script>\n<!-- \/ Yoast SEO Premium plugin. -->","yoast_head_json":{"title":"Garrafa de pl\u00e1stico com pega 1.5L \/ CSJ Emballages","description":"Jarra de pl\u00e1stico de 1,5 L com pega ergon\u00f3mica. Reutiliz\u00e1vel e robusto, este jarro \u00e9 ideal para todas as suas bebidas!","robots":{"index":"index","follow":"follow","max-snippet":"max-snippet:-1","max-image-preview":"max-image-preview:large","max-video-preview":"max-video-preview:-1"},"canonical":"https:\/\/www.csj-emballages.com\/pt-pt\/produit\/jarra-de-plastico-reutilizavel-de-15-litros-com-pega-pp\/","og_locale":"pt_PT","og_type":"article","og_title":"Jarra de pl\u00e1stico reutiliz\u00e1vel de 1,5 litros com pega PP","og_description":"Jarra de pl\u00e1stico de 1,5 L com pega ergon\u00f3mica. Reutiliz\u00e1vel e robusto, este jarro \u00e9 ideal para todas as suas bebidas!","og_url":"https:\/\/www.csj-emballages.com\/pt-pt\/produit\/jarra-de-plastico-reutilizavel-de-15-litros-com-pega-pp\/","og_site_name":"CSJ Emballages","article_publisher":"https:\/\/www.facebook.com\/csjemballages","article_modified_time":"2026-05-06T15:00:52+00:00","og_image":[{"width":499,"height":500,"url":"https:\/\/www.csj-emballages.com\/wp-content\/uploads\/2024\/07\/0ebe232d-5766-41f1-9874-9c6ca7324b69-removebg-preview-e1721655266476.png","type":"image\/png"}],"twitter_card":"summary_large_image","twitter_misc":{"Tempo estimado de leitura":"1 minuto"},"schema":{"@context":"https:\/\/schema.org","@graph":[{"@type":"WebPage","@id":"https:\/\/www.csj-emballages.com\/pt-pt\/produit\/jarra-de-plastico-reutilizavel-de-15-litros-com-pega-pp\/","url":"https:\/\/www.csj-emballages.com\/pt-pt\/produit\/jarra-de-plastico-reutilizavel-de-15-litros-com-pega-pp\/","name":"Garrafa de pl\u00e1stico com pega 1.5L \/ CSJ Emballages","isPartOf":{"@id":"https:\/\/www.csj-emballages.com\/pt-pt\/#website"},"primaryImageOfPage":{"@id":"https:\/\/www.csj-emballages.com\/pt-pt\/produit\/jarra-de-plastico-reutilizavel-de-15-litros-com-pega-pp\/#primaryimage"},"image":{"@id":"https:\/\/www.csj-emballages.com\/pt-pt\/produit\/jarra-de-plastico-reutilizavel-de-15-litros-com-pega-pp\/#primaryimage"},"thumbnailUrl":"https:\/\/www.csj-emballages.com\/wp-content\/uploads\/2024\/07\/0ebe232d-5766-41f1-9874-9c6ca7324b69-removebg-preview-e1721655266476.png","datePublished":"2024-07-16T00:18:18+00:00","dateModified":"2026-05-06T15:00:52+00:00","description":"Jarra de pl\u00e1stico de 1,5 L com pega ergon\u00f3mica. Reutiliz\u00e1vel e robusto, este jarro \u00e9 ideal para todas as suas bebidas!","breadcrumb":{"@id":"https:\/\/www.csj-emballages.com\/pt-pt\/produit\/jarra-de-plastico-reutilizavel-de-15-litros-com-pega-pp\/#breadcrumb"},"inLanguage":"pt-PT","potentialAction":[{"@type":"ReadAction","target":["https:\/\/www.csj-emballages.com\/pt-pt\/produit\/jarra-de-plastico-reutilizavel-de-15-litros-com-pega-pp\/"]}]},{"@type":"ImageObject","inLanguage":"pt-PT","@id":"https:\/\/www.csj-emballages.com\/pt-pt\/produit\/jarra-de-plastico-reutilizavel-de-15-litros-com-pega-pp\/#primaryimage","url":"https:\/\/www.csj-emballages.com\/wp-content\/uploads\/2024\/07\/0ebe232d-5766-41f1-9874-9c6ca7324b69-removebg-preview-e1721655266476.png","contentUrl":"https:\/\/www.csj-emballages.com\/wp-content\/uploads\/2024\/07\/0ebe232d-5766-41f1-9874-9c6ca7324b69-removebg-preview-e1721655266476.png","width":499,"height":500,"caption":"Carafe plastique avec poign\u00e9e 1.5L"},{"@type":"BreadcrumbList","@id":"https:\/\/www.csj-emballages.com\/pt-pt\/produit\/jarra-de-plastico-reutilizavel-de-15-litros-com-pega-pp\/#breadcrumb","itemListElement":[{"@type":"ListItem","position":1,"name":"Acolhimento","item":"https:\/\/www.csj-emballages.com\/pt-pt\/universo-das-embalagens-alimentares\/"},{"@type":"ListItem","position":2,"name":"Shop","item":"https:\/\/www.csj-emballages.com\/shop\/"},{"@type":"ListItem","position":3,"name":"Jarra de pl\u00e1stico reutiliz\u00e1vel de 1,5 litros com pega PP"}]},{"@type":"WebSite","@id":"https:\/\/www.csj-emballages.com\/pt-pt\/#website","url":"https:\/\/www.csj-emballages.com\/pt-pt\/","name":"CSJ Emballages","description":"","publisher":{"@id":"https:\/\/www.csj-emballages.com\/pt-pt\/#organization"},"potentialAction":[{"@type":"SearchAction","target":{"@type":"EntryPoint","urlTemplate":"https:\/\/www.csj-emballages.com\/pt-pt\/?s={search_term_string}"},"query-input":{"@type":"PropertyValueSpecification","valueRequired":true,"valueName":"search_term_string"}}],"inLanguage":"pt-PT"},{"@type":"Organization","@id":"https:\/\/www.csj-emballages.com\/pt-pt\/#Organization\/","name":"CSJ Emballages","url":"https:\/\/www.csj-emballages.com\/pt-pt\/","logo":{"@type":"ImageObject","inLanguage":"pt-PT","@id":"https:\/\/www.csj-emballages.com\/pt-pt\/#\/schema\/logo\/image\/","url":"https:\/\/www.csj-emballages.com\/wp-content\/uploads\/2023\/10\/logo_csj.webp","contentUrl":"https:\/\/www.csj-emballages.com\/wp-content\/uploads\/2023\/10\/logo_csj.webp","width":250,"height":95,"caption":"CSJ Emballages"},"image":{"@id":"https:\/\/www.csj-emballages.com\/pt-pt\/#\/schema\/logo\/image\/"},"sameAs":["https:\/\/www.facebook.com\/csjemballages"],"address":{"@type":"PostalAddress","streetAddress":"ZI La Lechere","addressLocality":"Patornay","postalCode":"39130","addressCountry":"FR"},"contactPoint":[{"@type":"ContactPoint","contactType":"Service client","telephone":"0384254272","email":"contact@csj-emballages.com"}]}]}},"df_price":1.44,"df_sale_price":"","df_regular_price":1.44,"df_image_link":"https:\/\/www.csj-emballages.com\/wp-content\/uploads\/2024\/07\/0ebe232d-5766-41f1-9874-9c6ca7324b69-removebg-preview-300x300.png","tiered_pricing_type":"fixed","tiered_pricing_fixed_rules":[],"tiered_pricing_percentage_rules":[],"tiered_pricing_minimum":1,"tiered_pricing_roles_data":[],"_links":{"self":[{"href":"https:\/\/www.csj-emballages.com\/pt-pt\/wp-json\/wp\/v2\/product\/125948","targetHints":{"allow":["GET"]}}],"collection":[{"href":"https:\/\/www.csj-emballages.com\/pt-pt\/wp-json\/wp\/v2\/product"}],"about":[{"href":"https:\/\/www.csj-emballages.com\/pt-pt\/wp-json\/wp\/v2\/types\/product"}],"wp:featuredmedia":[{"embeddable":true,"href":"https:\/\/www.csj-emballages.com\/pt-pt\/wp-json\/wp\/v2\/media\/32508"}],"wp:attachment":[{"href":"https:\/\/www.csj-emballages.com\/pt-pt\/wp-json\/wp\/v2\/media?parent=125948"}],"wp:term":[{"taxonomy":"product_brand","embeddable":true,"href":"https:\/\/www.csj-emballages.com\/pt-pt\/wp-json\/wp\/v2\/product_brand?post=125948"},{"taxonomy":"product_cat","embeddable":true,"href":"https:\/\/www.csj-emballages.com\/pt-pt\/wp-json\/wp\/v2\/product_cat?post=125948"},{"taxonomy":"product_tag","embeddable":true,"href":"https:\/\/www.csj-emballages.com\/pt-pt\/wp-json\/wp\/v2\/product_tag?post=125948"}],"curies":[{"name":"wp","href":"https:\/\/api.w.org\/{rel}","templated":true}]}}