{"id":125943,"date":"2024-07-16T02:18:20","date_gmt":"2024-07-16T00:18:20","guid":{"rendered":"https:\/\/www.csj-emballages.com\/?post_type=product&#038;p=125943"},"modified":"2026-04-30T02:17:06","modified_gmt":"2026-04-30T00:17:06","slug":"50-caixas-kraft-para-takeaway-144-x-85-x-60-mm","status":"publish","type":"product","link":"https:\/\/www.csj-emballages.com\/pt-pt\/produit\/50-caixas-kraft-para-takeaway-144-x-85-x-60-mm\/","title":{"rendered":"Caixa de cart\u00e3o para levar nuggets 144 x 85 x 60 mm, embalagem de 50"},"content":{"rendered":"<h2>Caixa de pepitas<\/h2>\n<hr>\n<h3>Descri\u00e7\u00e3o da nossa caixa de cart\u00e3o para takeaway para nuggets 144 x 85 x 60 mm, embalagem de 50<\/h3>\n<p><!--more--><\/p>\n<p data-start=\"297\" data-end=\"702\">Est\u00e1 \u00e0 procura de uma solu\u00e7\u00e3o pr\u00e1tica e limpa para servir os seus nuggets para levar? Esta <g id=\"gid_0\">caixa de cart\u00e3o para nuggets<\/g> <g id=\"gid_1\">de 144 x 85 x 60 mm<\/g>, vendida em <g id=\"gid_2\">embalagens de 50 unidades<\/g>, \u00e9 perfeita para restaurantes, food trucks, snack-bares ou servi\u00e7os de entrega. Gra\u00e7as ao seu formato compacto, mas generoso, pode facilmente acomodar uma por\u00e7\u00e3o de nuggets, bem como picadas, propostas ou pratos de acompanhamento.  <\/p>\n<p data-start=\"704\" data-end=\"985\">Fabricado em <strong>cart\u00e3o grosso<\/strong> e resistente, conserva muito bem os alimentos quentes. Al\u00e9m disso, fecha-se num piscar de olhos gra\u00e7as ao seu sistema de abas intuitivo. Assim, pode poupar tempo durante o servi\u00e7o, oferecendo aos seus clientes uma apresenta\u00e7\u00e3o limpa e segura.  <\/p>\n<p data-start=\"987\" data-end=\"1271\">Al\u00e9m disso, o seu design simples e neutro enquadra-se em qualquer sinal. Pode at\u00e9 acrescentar um autocolante ou um carimbo para refor\u00e7ar a sua identidade empresarial. O seu interior resistente \u00e0 gordura evita derrames e mant\u00e9m a comida apetitosa at\u00e9 estar pronta a ser consumida.  <\/p>\n<p data-start=\"1273\" data-end=\"1418\">Esta <strong>caixa de pepitas<\/strong> \u00e9, portanto, uma solu\u00e7\u00e3o de embalagem fi\u00e1vel, pr\u00e1tica e econ\u00f3mica para todos os profissionais que procuram uma solu\u00e7\u00e3o eficaz para o dia a dia.<\/p>\n<p>&nbsp;<\/p>\n<p><!--more--><\/p>\n<p><strong><span style=\"color: #ff0000;\">*Op\u00e7\u00f5es de personaliza\u00e7\u00e3o<\/span><\/strong><\/p>\n<p>&nbsp;<\/p>\n<p><!--more--><\/p>\n<h4>Vantagens :<\/h4>\n<ul>\n<li data-start=\"1446\" data-end=\"1510\">Caixa s\u00f3lida que resiste muito bem a alimentos quentes e gordurosos.<\/li>\n<li data-start=\"1513\" data-end=\"1569\">Ideal para <strong>nuggets<\/strong>, <strong>tenders<\/strong> e <strong>pequenas por\u00e7\u00f5es<\/strong>.<\/li>\n<li data-start=\"1572\" data-end=\"1624\">O fecho r\u00e1pido e intuitivo poupa tempo.<\/li>\n<li data-start=\"1627\" data-end=\"1683\"><strong>Cart\u00e3o<\/strong>: uma solu\u00e7\u00e3o mais respons\u00e1vel do que o pl\u00e1stico.<\/li>\n<li data-start=\"1686\" data-end=\"1739\"><strong>Vendido em embalagens de 50 unidades<\/strong> para uma excelente rela\u00e7\u00e3o qualidade\/pre\u00e7o.<\/li>\n<li data-start=\"1742\" data-end=\"1799\">Apresenta\u00e7\u00e3o limpa e profissional para os seus clientes.<\/li>\n<\/ul>\n<p>&nbsp;<\/p>\n<p><!--more--><\/p>\n<h4>Outras informa\u00e7\u00f5es :<\/h4>\n<ul>\n<li><strong>Embalagem<\/strong>: Pacote de 50<\/li>\n<li><strong>Dimens\u00f5es<\/strong>: 144 x 85 x 60 mm<\/li>\n<li><strong>Material<\/strong>: Cart\u00e3o<\/li>\n<li><strong>Cor<\/strong>: castanho<\/li>\n<\/ul>\n<p>&nbsp;<\/p>\n<p><!--more--><\/p>\n<p>Clica aqui para veres os diferentes tamanhos dispon\u00edveis para este produto: <span style=\"color: #d12727;\"><a style=\"color: #d12727;\" href=\"https:\/\/www.csj-emballages.com\/pt-pt\/produit\/caixa-de-cartao-para-levar-nuggets-175-x-105-x-75-mm-embalagem-de-50\/\">175 x 105 x 75 mm<\/a><\/span> \/ <span style=\"color: #d12727;\"><a style=\"color: #d12727;\" href=\"https:\/\/www.csj-emballages.com\/pt-pt\/produit\/caixa-de-cartao-para-take-away-para-nuggets-228-x-124-x-78-mm-50-unidades\/\">228 x 124 x 78 mm<\/a><\/span><\/p>\n<p>&nbsp;<\/p>\n<p><!--more--><\/p>\n<p><a href=\"https:\/\/www.csj-emballages.com\/pt-pt\/categorie-produit\/embalagem-de-alimentos\/restauracao\/caixas-tabuleiros-bolsas-cones\/tabuleiros-caixas-de-cartao\/lancheiras\/\">V\u00ea o resto da nossa gama de lancheiras<\/a><\/p>\n","protected":false},"excerpt":{"rendered":"<p>Caixa de pepitas Descri\u00e7\u00e3o da nossa caixa de cart\u00e3o para takeaway para nuggets 144 x 85 x 60 mm, embalagem de 50<\/p>\n","protected":false},"featured_media":224636,"template":"","meta":{"_acf_changed":false},"product_brand":[],"product_cat":[1141,1138,3926,1476,2793],"product_tag":[],"class_list":{"0":"post-125943","1":"product","2":"type-product","3":"status-publish","4":"has-post-thumbnail","6":"product_cat-embalagem-de-alimentos","7":"product_cat-restauracao","8":"product_cat-caixas-tabuleiros-bolsas-cones","9":"product_cat-tabuleiros-caixas-de-cartao","10":"product_cat-lancheiras","12":"first","13":"instock","14":"taxable","15":"shipping-taxable","16":"purchasable","17":"product-type-simple"},"acf":[],"yoast_head":"<!-- This site is optimized with the Yoast SEO Premium plugin v26.6 (Yoast SEO v26.6) - https:\/\/yoast.com\/wordpress\/plugins\/seo\/ -->\n<title>Caixa de Take Away Nuggets 144 x 85 x 60 mm, embalagem de 50<\/title>\n<meta name=\"description\" content=\"Caixa de nuggets em kraft 144 x 85 x 60 mm, ideal para vendas de takeaway. Resistente \u00e0 gordura, garante um transporte \u00f3timo das suas pepitas\" \/>\n<meta name=\"robots\" content=\"index, follow, max-snippet:-1, max-image-preview:large, max-video-preview:-1\" \/>\n<link rel=\"canonical\" href=\"https:\/\/www.csj-emballages.com\/pt-pt\/produit\/50-caixas-kraft-para-takeaway-144-x-85-x-60-mm\/\" \/>\n<meta property=\"og:locale\" content=\"pt_PT\" \/>\n<meta property=\"og:type\" content=\"article\" \/>\n<meta property=\"og:title\" content=\"Caixa de cart\u00e3o para levar nuggets 144 x 85 x 60 mm, embalagem de 50\" \/>\n<meta property=\"og:description\" content=\"Caixa de nuggets em kraft 144 x 85 x 60 mm, ideal para vendas de takeaway. Resistente \u00e0 gordura, garante um transporte \u00f3timo das suas pepitas\" \/>\n<meta property=\"og:url\" content=\"https:\/\/www.csj-emballages.com\/pt-pt\/produit\/50-caixas-kraft-para-takeaway-144-x-85-x-60-mm\/\" \/>\n<meta property=\"og:site_name\" content=\"CSJ Emballages\" \/>\n<meta property=\"article:publisher\" content=\"https:\/\/www.facebook.com\/csjemballages\" \/>\n<meta property=\"article:modified_time\" content=\"2026-04-30T00:17:06+00:00\" \/>\n<meta property=\"og:image\" content=\"https:\/\/www.csj-emballages.com\/wp-content\/uploads\/2024\/07\/TK07-2.webp\" \/>\n\t<meta property=\"og:image:width\" content=\"800\" \/>\n\t<meta property=\"og:image:height\" content=\"800\" \/>\n\t<meta property=\"og:image:type\" content=\"image\/webp\" \/>\n<meta name=\"twitter:card\" content=\"summary_large_image\" \/>\n<meta name=\"twitter:label1\" content=\"Tempo estimado de leitura\" \/>\n\t<meta name=\"twitter:data1\" content=\"2 minutos\" \/>\n<script type=\"application\/ld+json\" class=\"yoast-schema-graph\">{\"@context\":\"https:\/\/schema.org\",\"@graph\":[{\"@type\":\"WebPage\",\"@id\":\"https:\/\/www.csj-emballages.com\/pt-pt\/produit\/50-caixas-kraft-para-takeaway-144-x-85-x-60-mm\/\",\"url\":\"https:\/\/www.csj-emballages.com\/pt-pt\/produit\/50-caixas-kraft-para-takeaway-144-x-85-x-60-mm\/\",\"name\":\"Caixa de Take Away Nuggets 144 x 85 x 60 mm, embalagem de 50\",\"isPartOf\":{\"@id\":\"https:\/\/www.csj-emballages.com\/pt-pt\/#website\"},\"primaryImageOfPage\":{\"@id\":\"https:\/\/www.csj-emballages.com\/pt-pt\/produit\/50-caixas-kraft-para-takeaway-144-x-85-x-60-mm\/#primaryimage\"},\"image\":{\"@id\":\"https:\/\/www.csj-emballages.com\/pt-pt\/produit\/50-caixas-kraft-para-takeaway-144-x-85-x-60-mm\/#primaryimage\"},\"thumbnailUrl\":\"https:\/\/www.csj-emballages.com\/wp-content\/uploads\/2024\/07\/TK07-2.webp\",\"datePublished\":\"2024-07-16T00:18:20+00:00\",\"dateModified\":\"2026-04-30T00:17:06+00:00\",\"description\":\"Caixa de nuggets em kraft 144 x 85 x 60 mm, ideal para vendas de takeaway. Resistente \u00e0 gordura, garante um transporte \u00f3timo das suas pepitas\",\"breadcrumb\":{\"@id\":\"https:\/\/www.csj-emballages.com\/pt-pt\/produit\/50-caixas-kraft-para-takeaway-144-x-85-x-60-mm\/#breadcrumb\"},\"inLanguage\":\"pt-PT\",\"potentialAction\":[{\"@type\":\"ReadAction\",\"target\":[\"https:\/\/www.csj-emballages.com\/pt-pt\/produit\/50-caixas-kraft-para-takeaway-144-x-85-x-60-mm\/\"]}]},{\"@type\":\"ImageObject\",\"inLanguage\":\"pt-PT\",\"@id\":\"https:\/\/www.csj-emballages.com\/pt-pt\/produit\/50-caixas-kraft-para-takeaway-144-x-85-x-60-mm\/#primaryimage\",\"url\":\"https:\/\/www.csj-emballages.com\/wp-content\/uploads\/2024\/07\/TK07-2.webp\",\"contentUrl\":\"https:\/\/www.csj-emballages.com\/wp-content\/uploads\/2024\/07\/TK07-2.webp\",\"width\":800,\"height\":800,\"caption\":\"Boite nuggets\"},{\"@type\":\"BreadcrumbList\",\"@id\":\"https:\/\/www.csj-emballages.com\/pt-pt\/produit\/50-caixas-kraft-para-takeaway-144-x-85-x-60-mm\/#breadcrumb\",\"itemListElement\":[{\"@type\":\"ListItem\",\"position\":1,\"name\":\"Acolhimento\",\"item\":\"https:\/\/www.csj-emballages.com\/pt-pt\/universo-das-embalagens-alimentares\/\"},{\"@type\":\"ListItem\",\"position\":2,\"name\":\"Shop\",\"item\":\"https:\/\/www.csj-emballages.com\/shop\/\"},{\"@type\":\"ListItem\",\"position\":3,\"name\":\"Caixa de cart\u00e3o para levar nuggets 144 x 85 x 60 mm, embalagem de 50\"}]},{\"@type\":\"WebSite\",\"@id\":\"https:\/\/www.csj-emballages.com\/pt-pt\/#website\",\"url\":\"https:\/\/www.csj-emballages.com\/pt-pt\/\",\"name\":\"CSJ Emballages\",\"description\":\"\",\"publisher\":{\"@id\":\"https:\/\/www.csj-emballages.com\/pt-pt\/#organization\"},\"potentialAction\":[{\"@type\":\"SearchAction\",\"target\":{\"@type\":\"EntryPoint\",\"urlTemplate\":\"https:\/\/www.csj-emballages.com\/pt-pt\/?s={search_term_string}\"},\"query-input\":{\"@type\":\"PropertyValueSpecification\",\"valueRequired\":true,\"valueName\":\"search_term_string\"}}],\"inLanguage\":\"pt-PT\"},{\"@type\":\"Organization\",\"@id\":\"https:\/\/www.csj-emballages.com\/pt-pt\/#Organization\/\",\"name\":\"CSJ Emballages\",\"url\":\"https:\/\/www.csj-emballages.com\/pt-pt\/\",\"logo\":{\"@type\":\"ImageObject\",\"inLanguage\":\"pt-PT\",\"@id\":\"https:\/\/www.csj-emballages.com\/pt-pt\/#\/schema\/logo\/image\/\",\"url\":\"https:\/\/www.csj-emballages.com\/wp-content\/uploads\/2023\/10\/logo_csj.webp\",\"contentUrl\":\"https:\/\/www.csj-emballages.com\/wp-content\/uploads\/2023\/10\/logo_csj.webp\",\"width\":250,\"height\":95,\"caption\":\"CSJ Emballages\"},\"image\":{\"@id\":\"https:\/\/www.csj-emballages.com\/pt-pt\/#\/schema\/logo\/image\/\"},\"sameAs\":[\"https:\/\/www.facebook.com\/csjemballages\"],\"address\":{\"@type\":\"PostalAddress\",\"streetAddress\":\"ZI La Lechere\",\"addressLocality\":\"Patornay\",\"postalCode\":\"39130\",\"addressCountry\":\"FR\"},\"contactPoint\":[{\"@type\":\"ContactPoint\",\"contactType\":\"Service client\",\"telephone\":\"0384254272\",\"email\":\"contact@csj-emballages.com\"}]}]}<\/script>\n<!-- \/ Yoast SEO Premium plugin. -->","yoast_head_json":{"title":"Caixa de Take Away Nuggets 144 x 85 x 60 mm, embalagem de 50","description":"Caixa de nuggets em kraft 144 x 85 x 60 mm, ideal para vendas de takeaway. Resistente \u00e0 gordura, garante um transporte \u00f3timo das suas pepitas","robots":{"index":"index","follow":"follow","max-snippet":"max-snippet:-1","max-image-preview":"max-image-preview:large","max-video-preview":"max-video-preview:-1"},"canonical":"https:\/\/www.csj-emballages.com\/pt-pt\/produit\/50-caixas-kraft-para-takeaway-144-x-85-x-60-mm\/","og_locale":"pt_PT","og_type":"article","og_title":"Caixa de cart\u00e3o para levar nuggets 144 x 85 x 60 mm, embalagem de 50","og_description":"Caixa de nuggets em kraft 144 x 85 x 60 mm, ideal para vendas de takeaway. Resistente \u00e0 gordura, garante um transporte \u00f3timo das suas pepitas","og_url":"https:\/\/www.csj-emballages.com\/pt-pt\/produit\/50-caixas-kraft-para-takeaway-144-x-85-x-60-mm\/","og_site_name":"CSJ Emballages","article_publisher":"https:\/\/www.facebook.com\/csjemballages","article_modified_time":"2026-04-30T00:17:06+00:00","og_image":[{"width":800,"height":800,"url":"https:\/\/www.csj-emballages.com\/wp-content\/uploads\/2024\/07\/TK07-2.webp","type":"image\/webp"}],"twitter_card":"summary_large_image","twitter_misc":{"Tempo estimado de leitura":"2 minutos"},"schema":{"@context":"https:\/\/schema.org","@graph":[{"@type":"WebPage","@id":"https:\/\/www.csj-emballages.com\/pt-pt\/produit\/50-caixas-kraft-para-takeaway-144-x-85-x-60-mm\/","url":"https:\/\/www.csj-emballages.com\/pt-pt\/produit\/50-caixas-kraft-para-takeaway-144-x-85-x-60-mm\/","name":"Caixa de Take Away Nuggets 144 x 85 x 60 mm, embalagem de 50","isPartOf":{"@id":"https:\/\/www.csj-emballages.com\/pt-pt\/#website"},"primaryImageOfPage":{"@id":"https:\/\/www.csj-emballages.com\/pt-pt\/produit\/50-caixas-kraft-para-takeaway-144-x-85-x-60-mm\/#primaryimage"},"image":{"@id":"https:\/\/www.csj-emballages.com\/pt-pt\/produit\/50-caixas-kraft-para-takeaway-144-x-85-x-60-mm\/#primaryimage"},"thumbnailUrl":"https:\/\/www.csj-emballages.com\/wp-content\/uploads\/2024\/07\/TK07-2.webp","datePublished":"2024-07-16T00:18:20+00:00","dateModified":"2026-04-30T00:17:06+00:00","description":"Caixa de nuggets em kraft 144 x 85 x 60 mm, ideal para vendas de takeaway. Resistente \u00e0 gordura, garante um transporte \u00f3timo das suas pepitas","breadcrumb":{"@id":"https:\/\/www.csj-emballages.com\/pt-pt\/produit\/50-caixas-kraft-para-takeaway-144-x-85-x-60-mm\/#breadcrumb"},"inLanguage":"pt-PT","potentialAction":[{"@type":"ReadAction","target":["https:\/\/www.csj-emballages.com\/pt-pt\/produit\/50-caixas-kraft-para-takeaway-144-x-85-x-60-mm\/"]}]},{"@type":"ImageObject","inLanguage":"pt-PT","@id":"https:\/\/www.csj-emballages.com\/pt-pt\/produit\/50-caixas-kraft-para-takeaway-144-x-85-x-60-mm\/#primaryimage","url":"https:\/\/www.csj-emballages.com\/wp-content\/uploads\/2024\/07\/TK07-2.webp","contentUrl":"https:\/\/www.csj-emballages.com\/wp-content\/uploads\/2024\/07\/TK07-2.webp","width":800,"height":800,"caption":"Boite nuggets"},{"@type":"BreadcrumbList","@id":"https:\/\/www.csj-emballages.com\/pt-pt\/produit\/50-caixas-kraft-para-takeaway-144-x-85-x-60-mm\/#breadcrumb","itemListElement":[{"@type":"ListItem","position":1,"name":"Acolhimento","item":"https:\/\/www.csj-emballages.com\/pt-pt\/universo-das-embalagens-alimentares\/"},{"@type":"ListItem","position":2,"name":"Shop","item":"https:\/\/www.csj-emballages.com\/shop\/"},{"@type":"ListItem","position":3,"name":"Caixa de cart\u00e3o para levar nuggets 144 x 85 x 60 mm, embalagem de 50"}]},{"@type":"WebSite","@id":"https:\/\/www.csj-emballages.com\/pt-pt\/#website","url":"https:\/\/www.csj-emballages.com\/pt-pt\/","name":"CSJ Emballages","description":"","publisher":{"@id":"https:\/\/www.csj-emballages.com\/pt-pt\/#organization"},"potentialAction":[{"@type":"SearchAction","target":{"@type":"EntryPoint","urlTemplate":"https:\/\/www.csj-emballages.com\/pt-pt\/?s={search_term_string}"},"query-input":{"@type":"PropertyValueSpecification","valueRequired":true,"valueName":"search_term_string"}}],"inLanguage":"pt-PT"},{"@type":"Organization","@id":"https:\/\/www.csj-emballages.com\/pt-pt\/#Organization\/","name":"CSJ Emballages","url":"https:\/\/www.csj-emballages.com\/pt-pt\/","logo":{"@type":"ImageObject","inLanguage":"pt-PT","@id":"https:\/\/www.csj-emballages.com\/pt-pt\/#\/schema\/logo\/image\/","url":"https:\/\/www.csj-emballages.com\/wp-content\/uploads\/2023\/10\/logo_csj.webp","contentUrl":"https:\/\/www.csj-emballages.com\/wp-content\/uploads\/2023\/10\/logo_csj.webp","width":250,"height":95,"caption":"CSJ Emballages"},"image":{"@id":"https:\/\/www.csj-emballages.com\/pt-pt\/#\/schema\/logo\/image\/"},"sameAs":["https:\/\/www.facebook.com\/csjemballages"],"address":{"@type":"PostalAddress","streetAddress":"ZI La Lechere","addressLocality":"Patornay","postalCode":"39130","addressCountry":"FR"},"contactPoint":[{"@type":"ContactPoint","contactType":"Service client","telephone":"0384254272","email":"contact@csj-emballages.com"}]}]}},"df_price":9.86,"df_sale_price":"","df_regular_price":9.86,"df_image_link":"https:\/\/www.csj-emballages.com\/wp-content\/uploads\/2024\/07\/TK07-2-300x300.webp","tiered_pricing_type":"fixed","tiered_pricing_fixed_rules":[],"tiered_pricing_percentage_rules":[],"tiered_pricing_minimum":1,"tiered_pricing_roles_data":[],"_links":{"self":[{"href":"https:\/\/www.csj-emballages.com\/pt-pt\/wp-json\/wp\/v2\/product\/125943","targetHints":{"allow":["GET"]}}],"collection":[{"href":"https:\/\/www.csj-emballages.com\/pt-pt\/wp-json\/wp\/v2\/product"}],"about":[{"href":"https:\/\/www.csj-emballages.com\/pt-pt\/wp-json\/wp\/v2\/types\/product"}],"wp:featuredmedia":[{"embeddable":true,"href":"https:\/\/www.csj-emballages.com\/pt-pt\/wp-json\/wp\/v2\/media\/224636"}],"wp:attachment":[{"href":"https:\/\/www.csj-emballages.com\/pt-pt\/wp-json\/wp\/v2\/media?parent=125943"}],"wp:term":[{"taxonomy":"product_brand","embeddable":true,"href":"https:\/\/www.csj-emballages.com\/pt-pt\/wp-json\/wp\/v2\/product_brand?post=125943"},{"taxonomy":"product_cat","embeddable":true,"href":"https:\/\/www.csj-emballages.com\/pt-pt\/wp-json\/wp\/v2\/product_cat?post=125943"},{"taxonomy":"product_tag","embeddable":true,"href":"https:\/\/www.csj-emballages.com\/pt-pt\/wp-json\/wp\/v2\/product_tag?post=125943"}],"curies":[{"name":"wp","href":"https:\/\/api.w.org\/{rel}","templated":true}]}}