{"id":125934,"date":"2024-07-10T11:24:52","date_gmt":"2024-07-10T09:24:52","guid":{"rendered":"https:\/\/www.csj-emballages.com\/produit\/100-sacos-de-confeitaria-feliz-natal-com-base-de-cartao-100-x-220-mm\/"},"modified":"2026-03-12T16:41:32","modified_gmt":"2026-03-12T15:41:32","slug":"100-sacos-de-confeitaria-feliz-natal-com-base-de-cartao-100-x-220-mm","status":"publish","type":"product","link":"https:\/\/www.csj-emballages.com\/pt-pt\/produit\/100-sacos-de-confeitaria-feliz-natal-com-base-de-cartao-100-x-220-mm\/","title":{"rendered":"Saco de rebu\u00e7ados de Natal &#8220;Joyeux No\u00ebl&#8221; 100 x 220 mm por 100"},"content":{"rendered":"<div style=\"box-sizing: inherit; font-family: Roboto, sans-serif;\">\n<div style=\"box-sizing: inherit; font-family: Roboto, sans-serif;\">\n<div style=\"box-sizing: inherit; font-family: Roboto, sans-serif;\">\n<div style=\"box-sizing: inherit; font-family: Roboto, sans-serif;\">\n<div style=\"box-sizing: inherit; font-family: Roboto, sans-serif;\">\n<div style=\"box-sizing: inherit; font-family: Roboto, sans-serif;\">\n<div style=\"box-sizing: inherit; font-family: Roboto, sans-serif;\">\n<div style=\"box-sizing: inherit; font-family: Roboto, sans-serif;\">\n<div style=\"box-sizing: inherit; font-family: Roboto, sans-serif;\">\n<div style=\"box-sizing: inherit; font-family: Roboto, sans-serif;\">\n<div style=\"box-sizing: inherit; font-family: Roboto, sans-serif;\">\n<div style=\"box-sizing: inherit; font-family: Roboto, sans-serif;\">\n<div style=\"box-sizing: inherit; font-family: Roboto, sans-serif;\">\n<div class=\"flex flex-grow flex-col max-w-full\">\n<div class=\"min-h-[20px] text-message flex flex-col items-start whitespace-pre-wrap break-words [.text-message+&amp;]:mt-5 juice:w-full juice:items-end overflow-x-auto gap-2\" dir=\"auto\" data-message-author-role=\"assistant\" data-message-id=\"2034782e-88f9-44ef-b4dc-07dd7bf0115f\">\n<div class=\"flex w-full flex-col gap-1 juice:empty:hidden juice:first:pt-[3px]\">\n<div class=\"markdown prose w-full break-words dark:prose-invert light\">\n<div style=\"box-sizing: inherit; font-family: Roboto, sans-serif;\">\n<div style=\"box-sizing: inherit; font-family: Roboto, sans-serif;\">\n<div style=\"box-sizing: inherit; font-family: Roboto, sans-serif;\">\n<div style=\"box-sizing: inherit; font-family: Roboto, sans-serif;\">\n<div style=\"box-sizing: inherit; font-family: Roboto, sans-serif;\">\n<div style=\"box-sizing: inherit; font-family: Roboto, sans-serif;\">\n<div style=\"box-sizing: inherit; font-family: Roboto, sans-serif;\">\n<div style=\"box-sizing: inherit; font-family: Roboto, sans-serif;\">\n<div style=\"box-sizing: inherit; font-family: Roboto, sans-serif;\">\n<div style=\"box-sizing: inherit; font-family: Roboto, sans-serif;\">\n<div style=\"box-sizing: inherit; font-family: Roboto, sans-serif;\">\n<div style=\"box-sizing: inherit; font-family: Roboto, sans-serif;\">\n<div style=\"box-sizing: inherit; font-family: Roboto, sans-serif;\">\n<div style=\"box-sizing: inherit; font-family: Roboto, sans-serif;\">\n<div style=\"box-sizing: inherit; font-family: Roboto, sans-serif;\">\n<div style=\"box-sizing: inherit; font-family: Roboto, sans-serif;\">\n<div style=\"box-sizing: inherit; font-family: Roboto, sans-serif;\">\n<div style=\"box-sizing: inherit; font-family: Roboto, sans-serif;\">\n<div style=\"box-sizing: inherit; font-family: Roboto, sans-serif;\">\n<div class=\"flex flex-grow flex-col max-w-full\">\n<div class=\"min-h-[20px] text-message flex flex-col items-start whitespace-pre-wrap break-words [.text-message+&amp;]:mt-5 juice:w-full juice:items-end overflow-x-auto gap-2\" dir=\"auto\" data-message-author-role=\"assistant\" data-message-id=\"2034782e-88f9-44ef-b4dc-07dd7bf0115f\">\n<div class=\"flex w-full flex-col gap-1 juice:empty:hidden juice:first:pt-[3px]\">\n<div class=\"markdown prose w-full break-words dark:prose-invert light\">\n<div style=\"box-sizing: inherit; font-family: Roboto, sans-serif;\">\n<div style=\"box-sizing: inherit; font-family: Roboto, sans-serif;\">\n<div style=\"box-sizing: inherit; font-family: Roboto, sans-serif;\">\n<div style=\"box-sizing: inherit; font-family: Roboto, sans-serif;\">\n<div style=\"box-sizing: inherit; font-family: Roboto, sans-serif;\">\n<div style=\"box-sizing: inherit; font-family: Roboto, sans-serif;\">\n<h2>Doces de Natal<\/h2>\n<div style=\"box-sizing: inherit; font-family: Roboto, sans-serif;\">\n<div style=\"box-sizing: inherit; font-family: Roboto, sans-serif;\">\n<div style=\"box-sizing: inherit; font-family: Roboto, sans-serif;\">\n<div style=\"text-align: center;\">\n<div style=\"box-sizing: inherit; font-family: Roboto, sans-serif;\">\n<div style=\"box-sizing: inherit; font-family: Roboto, sans-serif;\">\n<div style=\"box-sizing: inherit; font-family: Roboto, sans-serif;\">\n<div style=\"box-sizing: inherit; font-family: Roboto, sans-serif;\">\n<div style=\"box-sizing: inherit; font-family: Roboto, sans-serif;\">\n<div style=\"box-sizing: inherit; font-family: Roboto, sans-serif; text-align: left;\">\n<hr>\n<h3 style=\"text-align: left;\">Descri\u00e7\u00e3o do nosso saco de rebu\u00e7ados de Natal &#8220;Feliz Natal&#8221; 100 x 220 mm por 100<\/h3>\n<h3 style=\"text-align: left;\"><!--more--><\/h3>\n<\/div>\n<\/div>\n<\/div>\n<\/div>\n<\/div>\n<\/div>\n<\/div>\n<\/div>\n<\/div>\n<\/div>\n<\/div>\n<\/div>\n<\/div>\n<\/div>\n<\/div>\n<\/div>\n<\/div>\n<\/div>\n<\/div>\n<\/div>\n<\/div>\n<\/div>\n<\/div>\n<\/div>\n<\/div>\n<\/div>\n<\/div>\n<\/div>\n<\/div>\n<\/div>\n<\/div>\n<\/div>\n<\/div>\n<div style=\"box-sizing: inherit; font-family: Roboto, sans-serif;\">\n<div style=\"box-sizing: inherit; font-family: Roboto, sans-serif;\">\n<div style=\"box-sizing: inherit; font-family: Roboto, sans-serif;\">\n<div style=\"box-sizing: inherit; font-family: Roboto, sans-serif;\">\n<div style=\"box-sizing: inherit; font-family: Roboto, sans-serif;\">\n<div style=\"box-sizing: inherit; font-family: Roboto, sans-serif;\">\n<div style=\"box-sizing: inherit; font-family: Roboto, sans-serif;\">\n<div style=\"box-sizing: inherit; font-family: Roboto, sans-serif;\">\n<div style=\"box-sizing: inherit; font-family: Roboto, sans-serif;\">\n<div style=\"box-sizing: inherit; font-family: Roboto, sans-serif;\">\n<div style=\"box-sizing: inherit; font-family: Roboto, sans-serif;\">\n<div style=\"box-sizing: inherit; font-family: Roboto, sans-serif;\">\n<div style=\"box-sizing: inherit; font-family: Roboto, sans-serif;\">\n<div class=\"flex flex-grow flex-col max-w-full\">\n<div class=\"min-h-[20px] text-message flex flex-col items-start whitespace-pre-wrap break-words [.text-message+&amp;]:mt-5 juice:w-full juice:items-end overflow-x-auto gap-2\" dir=\"auto\" data-message-author-role=\"assistant\" data-message-id=\"2034782e-88f9-44ef-b4dc-07dd7bf0115f\">\n<div class=\"flex w-full flex-col gap-1 juice:empty:hidden juice:first:pt-[3px]\">\n<div class=\"markdown prose w-full break-words dark:prose-invert light\">\n<div style=\"box-sizing: inherit; font-family: Roboto, sans-serif;\">\n<div style=\"box-sizing: inherit; font-family: Roboto, sans-serif;\">\n<div style=\"box-sizing: inherit; font-family: Roboto, sans-serif;\">\n<div style=\"box-sizing: inherit; font-family: Roboto, sans-serif;\">\n<div style=\"box-sizing: inherit; font-family: Roboto, sans-serif;\">\n<div style=\"box-sizing: inherit; font-family: Roboto, sans-serif;\">\n<p data-start=\"0\" data-end=\"478\">D\u00ea um <strong data-start=\"43\" data-end=\"62\">toque de magia<\/strong> \u00e0s suas guloseimas de fim de ano com o nosso <strong data-start=\"104\" data-end=\"166\">saco de confeitar &#8220;Merry Christmas&#8221;, 100 x 220 mm, embalagem de 100<\/strong>. Gra\u00e7as aos seus <strong data-start=\"180\" data-end=\"210\">motivos festivos e elegantes<\/strong>, destaca instantaneamente as suas cria\u00e7\u00f5es e chama a aten\u00e7\u00e3o dos seus clientes. Quer ofere\u00e7a bolachas, chocolates, torr\u00f5es ou am\u00eandoas a\u00e7ucaradas, este <strong>saco de confeitaria<\/strong> \u00e9 uma verdadeira montra para as suas iguarias, reflectindo o esp\u00edrito caloroso da \u00e9poca festiva.<\/p>\n<p data-start=\"480\" data-end=\"1052\">A <strong data-start=\"484\" data-end=\"498\">base moldada<\/strong> assegura igualmente <strong data-start=\"510\" data-end=\"530\">uma grande estabilidade<\/strong>, facilitando o enchimento e garantindo uma apresenta\u00e7\u00e3o impec\u00e1vel, mesmo durante o transporte. Al\u00e9m disso, a <strong data-start=\"640\" data-end=\"655\">base r\u00edgida<\/strong> oferece <strong data-start=\"665\" data-end=\"696\">um refor\u00e7o suplementar<\/strong>, protegendo os seus produtos delicados e preservando o seu aspeto est\u00e9tico. Outra vantagem importante \u00e9 o facto de ser agora fabricado a partir de <strong data-start=\"812\" data-end=\"843\">um polipropileno monomaterial<\/strong>, um avan\u00e7o respons\u00e1vel que o torna <strong data-start=\"881\" data-end=\"901\">100% recicl\u00e1vel<\/strong>. Desta forma, \u00e9 poss\u00edvel combinar <strong data-start=\"924\" data-end=\"936\">eleg\u00e2ncia<\/strong> com <strong data-start=\"940\" data-end=\"963\">uma abordagem amiga do ambiente<\/strong>, em conformidade com o <strong data-start=\"983\" data-end=\"1010\">C\u00f3digo do Ambiente<\/strong> e os requisitos da <strong data-start=\"1034\" data-end=\"1051\">lei AGEC 2025<\/strong>.<\/p>\n<p data-start=\"1054\" data-end=\"1420\">Concebido para os <strong data-start=\"1069\" data-end=\"1084\">fabricantes de bolachas<\/strong>, <strong data-start=\"1104\" data-end=\"1118\">chocolateiros<\/strong>, <strong data-start=\"1120\" data-end=\"1134\">pasteleiros<\/strong> e <strong data-start=\"1138\" data-end=\"1152\">confeiteiros<\/strong>, este <strong>saco de pl\u00e1stico<\/strong> \u00e9 <strong data-start=\"1168\" data-end=\"1199\">adequado para o contacto com os alimentos<\/strong>, garantindo uma seguran\u00e7a \u00f3ptima para as suas prepara\u00e7\u00f5es. Ao escolher esta embalagem, oferece aos seus clientes uma experi\u00eancia visual e gourmet \u00fanica, afirmando simultaneamente o seu compromisso com o planeta.<\/p>\n<p data-start=\"1422\" data-end=\"1675\">Em suma, este <strong>saco de confe\u00e7\u00e3o de Natal &#8220;Merry Christmas&#8221;<\/strong> combina <strong data-start=\"1466\" data-end=\"1479\">praticidade<\/strong>, <strong data-start=\"1481\" data-end=\"1495\">durabilidade<\/strong> e <strong data-start=\"1499\" data-end=\"1516\">charme festivo<\/strong>. Permite-lhe melhorar as suas cria\u00e7\u00f5es, apoiando simultaneamente um consumo mais respons\u00e1vel. Fa\u00e7a a escolha inteligente e destaque-se da multid\u00e3o nesta \u00e9poca festiva!<\/p>\n<p data-start=\"1422\" data-end=\"1675\">\n<p><!--more--><\/p>\n<h4 style=\"text-align: left;\">Vantagens :<\/h4>\n<ul style=\"text-align: left;\">\n<li><strong data-start=\"1873\" data-end=\"1890\">Design festivo<\/strong> &#8220;Merry Christmas&#8221; para uma apresenta\u00e7\u00e3o irresist\u00edvel.<\/li>\n<li><strong data-start=\"1944\" data-end=\"1968\">Base moldada e r\u00edgida<\/strong> para uma estabilidade perfeita.<\/li>\n<li><strong data-start=\"2001\" data-end=\"2029\">Material \u00fanico recicl\u00e1vel<\/strong> em conformidade com a lei <strong data-start=\"2048\" data-end=\"2061\">AGEC 2025<\/strong>.<\/li>\n<li><strong data-start=\"2066\" data-end=\"2098\">Adequado para contacto com alimentos<\/strong>, ideal para confeitaria e biscoitos.<\/li>\n<li>Indicado para <strong data-start=\"2152\" data-end=\"2170\">profissionais<\/strong>: chocolateiros, biscoiteiros, pasteleiros, etc.<\/li>\n<\/ul>\n<\/div>\n<\/div>\n<\/div>\n<\/div>\n<\/div>\n<\/div>\n<\/div>\n<\/div>\n<\/div>\n<\/div>\n<\/div>\n<\/div>\n<p>&nbsp;<\/p>\n<\/div>\n<\/div>\n<\/div>\n<\/div>\n<\/div>\n<\/div>\n<\/div>\n<\/div>\n<\/div>\n<\/div>\n<\/div>\n<p><!--more--><\/p>\n<h4>Outras informa\u00e7\u00f5es :<\/h4>\n<ul style=\"box-sizing: inherit; font-family: Roboto, sans-serif;\">\n<li><strong>Embalagem<\/strong>: Pacote de 100<\/li>\n<li><span style=\"font-weight: bold;\">Tamanho<\/span>: 100 x 220 mm<\/li>\n<li><strong>Material<\/strong>: OPP<\/li>\n<li><strong>Cor<\/strong>: Transparente \/ Vermelho \/ Branco<\/li>\n<li><strong>Op\u00e7\u00e3o<\/strong>: Sacos com fundo de cart\u00e3o<\/li>\n<\/ul>\n<p>&nbsp;<\/p>\n<p><!--more--><\/p>\n<p>Este saco de Natal tamb\u00e9m est\u00e1 dispon\u00edvel num tamanho maior: <span style=\"color: #d12727;\"><a style=\"color: #d12727;\" href=\"https:\/\/www.csj-emballages.com\/produit\/100-sachet-noel-confiserie-fond-carton-joyeux-noel-120-x-275-mm\/\">120 x 275 mm<\/a><\/span><\/p>\n<p>&nbsp;<\/p>\n<p><!--more--><\/p>\n<p><a href=\"https:\/\/www.csj-emballages.com\/pt-pt\/categorie-produit\/embalagem-de-alimentos\/padaria-e-pastelaria\/sacos-saquetas-e-papel\/sacos-de-confeitaria\/sacos-tematicos\/sacos-de-natal\/\">Ver o resto da nossa gama de sacos de Natal<\/a><\/p>\n<\/div>\n<\/div>\n<\/div>\n<\/div>\n<\/div>\n<\/div>\n<\/div>\n<\/div>\n<\/div>\n<\/div>\n<\/div>\n<\/div>\n<\/div>\n<\/div>\n<\/div>\n<\/div>\n<\/div>\n<\/div>\n<\/div>\n<\/div>\n<\/div>\n<\/div>\n<\/div>\n","protected":false},"excerpt":{"rendered":"<p>Doces de Natal Descri\u00e7\u00e3o do nosso saco de rebu\u00e7ados de Natal &#8220;Feliz Natal&#8221; 100 x 220 mm por 100<\/p>\n","protected":false},"featured_media":243591,"template":"","meta":{"_acf_changed":false},"product_brand":[],"product_cat":[1141,1177,3919,1655,1666,3406],"product_tag":[],"class_list":{"0":"post-125934","1":"product","2":"type-product","3":"status-publish","4":"has-post-thumbnail","6":"product_cat-embalagem-de-alimentos","7":"product_cat-padaria-e-pastelaria","8":"product_cat-sacos-saquetas-e-papel","9":"product_cat-sacos-de-confeitaria","10":"product_cat-sacos-tematicos","11":"product_cat-sacos-de-natal","13":"first","14":"instock","15":"taxable","16":"shipping-taxable","17":"purchasable","18":"product-type-simple"},"acf":[],"yoast_head":"<!-- This site is optimized with the Yoast SEO Premium plugin v26.6 (Yoast SEO v26.6) - https:\/\/yoast.com\/wordpress\/plugins\/seo\/ -->\n<title>Saco de confeitarias de Natal &quot;Joyeux No\u00ebl&quot; 100 x 220 mm por 100<\/title>\n<meta name=\"description\" content=\"Saco de confeitarias de Natal 100 x 220 mm por 100: elegante, est\u00e1vel e recicl\u00e1vel, ideal para chocolatiers e patissiers.\" \/>\n<meta name=\"robots\" content=\"index, follow, max-snippet:-1, max-image-preview:large, max-video-preview:-1\" \/>\n<link rel=\"canonical\" href=\"https:\/\/www.csj-emballages.com\/pt-pt\/produit\/100-sacos-de-confeitaria-feliz-natal-com-base-de-cartao-100-x-220-mm\/\" \/>\n<meta property=\"og:locale\" content=\"pt_PT\" \/>\n<meta property=\"og:type\" content=\"article\" \/>\n<meta property=\"og:title\" content=\"Saco de Natal &quot;Feliz Natal&quot; 100 x 220 mm\" \/>\n<meta property=\"og:description\" content=\"Sacos de confeitaria de Natal de 100 x 220 mm, ideais para guloseimas festivas, presentes para convidados, eventos ou vendas na loja.\" \/>\n<meta property=\"og:url\" content=\"https:\/\/www.csj-emballages.com\/pt-pt\/produit\/100-sacos-de-confeitaria-feliz-natal-com-base-de-cartao-100-x-220-mm\/\" \/>\n<meta property=\"og:site_name\" content=\"CSJ Emballages\" \/>\n<meta property=\"article:publisher\" content=\"https:\/\/www.facebook.com\/csjemballages\" \/>\n<meta property=\"article:modified_time\" content=\"2026-03-12T15:41:32+00:00\" \/>\n<meta property=\"og:image\" content=\"https:\/\/www.csj-emballages.com\/wp-content\/uploads\/2024\/07\/SJOYEUXT1.webp\" \/>\n\t<meta property=\"og:image:width\" content=\"800\" \/>\n\t<meta property=\"og:image:height\" content=\"800\" \/>\n\t<meta property=\"og:image:type\" content=\"image\/webp\" \/>\n<meta name=\"twitter:card\" content=\"summary_large_image\" \/>\n<meta name=\"twitter:title\" content=\"Saco de Natal &quot;Feliz Natal&quot; 100 x 220 mm\" \/>\n<meta name=\"twitter:description\" content=\"Sacos de confeitaria de Natal de 100 x 220 mm, ideais para guloseimas festivas, presentes para convidados, eventos ou vendas na loja.\" \/>\n<meta name=\"twitter:label1\" content=\"Tempo estimado de leitura\" \/>\n\t<meta name=\"twitter:data1\" content=\"2 minutos\" \/>\n<script type=\"application\/ld+json\" class=\"yoast-schema-graph\">{\"@context\":\"https:\/\/schema.org\",\"@graph\":[{\"@type\":\"WebPage\",\"@id\":\"https:\/\/www.csj-emballages.com\/pt-pt\/produit\/100-sacos-de-confeitaria-feliz-natal-com-base-de-cartao-100-x-220-mm\/\",\"url\":\"https:\/\/www.csj-emballages.com\/pt-pt\/produit\/100-sacos-de-confeitaria-feliz-natal-com-base-de-cartao-100-x-220-mm\/\",\"name\":\"Saco de confeitarias de Natal \\\"Joyeux No\u00ebl\\\" 100 x 220 mm por 100\",\"isPartOf\":{\"@id\":\"https:\/\/www.csj-emballages.com\/pt-pt\/#website\"},\"primaryImageOfPage\":{\"@id\":\"https:\/\/www.csj-emballages.com\/pt-pt\/produit\/100-sacos-de-confeitaria-feliz-natal-com-base-de-cartao-100-x-220-mm\/#primaryimage\"},\"image\":{\"@id\":\"https:\/\/www.csj-emballages.com\/pt-pt\/produit\/100-sacos-de-confeitaria-feliz-natal-com-base-de-cartao-100-x-220-mm\/#primaryimage\"},\"thumbnailUrl\":\"https:\/\/www.csj-emballages.com\/wp-content\/uploads\/2024\/07\/SJOYEUXT1.webp\",\"datePublished\":\"2024-07-10T09:24:52+00:00\",\"dateModified\":\"2026-03-12T15:41:32+00:00\",\"description\":\"Saco de confeitarias de Natal 100 x 220 mm por 100: elegante, est\u00e1vel e recicl\u00e1vel, ideal para chocolatiers e patissiers.\",\"breadcrumb\":{\"@id\":\"https:\/\/www.csj-emballages.com\/pt-pt\/produit\/100-sacos-de-confeitaria-feliz-natal-com-base-de-cartao-100-x-220-mm\/#breadcrumb\"},\"inLanguage\":\"pt-PT\",\"potentialAction\":[{\"@type\":\"ReadAction\",\"target\":[\"https:\/\/www.csj-emballages.com\/pt-pt\/produit\/100-sacos-de-confeitaria-feliz-natal-com-base-de-cartao-100-x-220-mm\/\"]}]},{\"@type\":\"ImageObject\",\"inLanguage\":\"pt-PT\",\"@id\":\"https:\/\/www.csj-emballages.com\/pt-pt\/produit\/100-sacos-de-confeitaria-feliz-natal-com-base-de-cartao-100-x-220-mm\/#primaryimage\",\"url\":\"https:\/\/www.csj-emballages.com\/wp-content\/uploads\/2024\/07\/SJOYEUXT1.webp\",\"contentUrl\":\"https:\/\/www.csj-emballages.com\/wp-content\/uploads\/2024\/07\/SJOYEUXT1.webp\",\"width\":800,\"height\":800,\"caption\":\"Sachet confiseries no\u00ebl\"},{\"@type\":\"BreadcrumbList\",\"@id\":\"https:\/\/www.csj-emballages.com\/pt-pt\/produit\/100-sacos-de-confeitaria-feliz-natal-com-base-de-cartao-100-x-220-mm\/#breadcrumb\",\"itemListElement\":[{\"@type\":\"ListItem\",\"position\":1,\"name\":\"Acolhimento\",\"item\":\"https:\/\/www.csj-emballages.com\/pt-pt\/universo-das-embalagens-alimentares\/\"},{\"@type\":\"ListItem\",\"position\":2,\"name\":\"Shop\",\"item\":\"https:\/\/www.csj-emballages.com\/shop\/\"},{\"@type\":\"ListItem\",\"position\":3,\"name\":\"Saco de rebu\u00e7ados de Natal \u00ab\u00a0Joyeux No\u00ebl\u00a0\u00bb 100 x 220 mm por 100\"}]},{\"@type\":\"WebSite\",\"@id\":\"https:\/\/www.csj-emballages.com\/pt-pt\/#website\",\"url\":\"https:\/\/www.csj-emballages.com\/pt-pt\/\",\"name\":\"CSJ Emballages\",\"description\":\"\",\"publisher\":{\"@id\":\"https:\/\/www.csj-emballages.com\/pt-pt\/#organization\"},\"potentialAction\":[{\"@type\":\"SearchAction\",\"target\":{\"@type\":\"EntryPoint\",\"urlTemplate\":\"https:\/\/www.csj-emballages.com\/pt-pt\/?s={search_term_string}\"},\"query-input\":{\"@type\":\"PropertyValueSpecification\",\"valueRequired\":true,\"valueName\":\"search_term_string\"}}],\"inLanguage\":\"pt-PT\"},{\"@type\":\"Organization\",\"@id\":\"https:\/\/www.csj-emballages.com\/pt-pt\/#Organization\/\",\"name\":\"CSJ Emballages\",\"url\":\"https:\/\/www.csj-emballages.com\/pt-pt\/\",\"logo\":{\"@type\":\"ImageObject\",\"inLanguage\":\"pt-PT\",\"@id\":\"https:\/\/www.csj-emballages.com\/pt-pt\/#\/schema\/logo\/image\/\",\"url\":\"https:\/\/www.csj-emballages.com\/wp-content\/uploads\/2023\/10\/logo_csj.webp\",\"contentUrl\":\"https:\/\/www.csj-emballages.com\/wp-content\/uploads\/2023\/10\/logo_csj.webp\",\"width\":250,\"height\":95,\"caption\":\"CSJ Emballages\"},\"image\":{\"@id\":\"https:\/\/www.csj-emballages.com\/pt-pt\/#\/schema\/logo\/image\/\"},\"sameAs\":[\"https:\/\/www.facebook.com\/csjemballages\"],\"address\":{\"@type\":\"PostalAddress\",\"streetAddress\":\"ZI La Lechere\",\"addressLocality\":\"Patornay\",\"postalCode\":\"39130\",\"addressCountry\":\"FR\"},\"contactPoint\":[{\"@type\":\"ContactPoint\",\"contactType\":\"Service client\",\"telephone\":\"0384254272\",\"email\":\"contact@csj-emballages.com\"}]}]}<\/script>\n<!-- \/ Yoast SEO Premium plugin. -->","yoast_head_json":{"title":"Saco de confeitarias de Natal \"Joyeux No\u00ebl\" 100 x 220 mm por 100","description":"Saco de confeitarias de Natal 100 x 220 mm por 100: elegante, est\u00e1vel e recicl\u00e1vel, ideal para chocolatiers e patissiers.","robots":{"index":"index","follow":"follow","max-snippet":"max-snippet:-1","max-image-preview":"max-image-preview:large","max-video-preview":"max-video-preview:-1"},"canonical":"https:\/\/www.csj-emballages.com\/pt-pt\/produit\/100-sacos-de-confeitaria-feliz-natal-com-base-de-cartao-100-x-220-mm\/","og_locale":"pt_PT","og_type":"article","og_title":"Saco de Natal \"Feliz Natal\" 100 x 220 mm","og_description":"Sacos de confeitaria de Natal de 100 x 220 mm, ideais para guloseimas festivas, presentes para convidados, eventos ou vendas na loja.","og_url":"https:\/\/www.csj-emballages.com\/pt-pt\/produit\/100-sacos-de-confeitaria-feliz-natal-com-base-de-cartao-100-x-220-mm\/","og_site_name":"CSJ Emballages","article_publisher":"https:\/\/www.facebook.com\/csjemballages","article_modified_time":"2026-03-12T15:41:32+00:00","og_image":[{"width":800,"height":800,"url":"https:\/\/www.csj-emballages.com\/wp-content\/uploads\/2024\/07\/SJOYEUXT1.webp","type":"image\/webp"}],"twitter_card":"summary_large_image","twitter_title":"Saco de Natal \"Feliz Natal\" 100 x 220 mm","twitter_description":"Sacos de confeitaria de Natal de 100 x 220 mm, ideais para guloseimas festivas, presentes para convidados, eventos ou vendas na loja.","twitter_misc":{"Tempo estimado de leitura":"2 minutos"},"schema":{"@context":"https:\/\/schema.org","@graph":[{"@type":"WebPage","@id":"https:\/\/www.csj-emballages.com\/pt-pt\/produit\/100-sacos-de-confeitaria-feliz-natal-com-base-de-cartao-100-x-220-mm\/","url":"https:\/\/www.csj-emballages.com\/pt-pt\/produit\/100-sacos-de-confeitaria-feliz-natal-com-base-de-cartao-100-x-220-mm\/","name":"Saco de confeitarias de Natal \"Joyeux No\u00ebl\" 100 x 220 mm por 100","isPartOf":{"@id":"https:\/\/www.csj-emballages.com\/pt-pt\/#website"},"primaryImageOfPage":{"@id":"https:\/\/www.csj-emballages.com\/pt-pt\/produit\/100-sacos-de-confeitaria-feliz-natal-com-base-de-cartao-100-x-220-mm\/#primaryimage"},"image":{"@id":"https:\/\/www.csj-emballages.com\/pt-pt\/produit\/100-sacos-de-confeitaria-feliz-natal-com-base-de-cartao-100-x-220-mm\/#primaryimage"},"thumbnailUrl":"https:\/\/www.csj-emballages.com\/wp-content\/uploads\/2024\/07\/SJOYEUXT1.webp","datePublished":"2024-07-10T09:24:52+00:00","dateModified":"2026-03-12T15:41:32+00:00","description":"Saco de confeitarias de Natal 100 x 220 mm por 100: elegante, est\u00e1vel e recicl\u00e1vel, ideal para chocolatiers e patissiers.","breadcrumb":{"@id":"https:\/\/www.csj-emballages.com\/pt-pt\/produit\/100-sacos-de-confeitaria-feliz-natal-com-base-de-cartao-100-x-220-mm\/#breadcrumb"},"inLanguage":"pt-PT","potentialAction":[{"@type":"ReadAction","target":["https:\/\/www.csj-emballages.com\/pt-pt\/produit\/100-sacos-de-confeitaria-feliz-natal-com-base-de-cartao-100-x-220-mm\/"]}]},{"@type":"ImageObject","inLanguage":"pt-PT","@id":"https:\/\/www.csj-emballages.com\/pt-pt\/produit\/100-sacos-de-confeitaria-feliz-natal-com-base-de-cartao-100-x-220-mm\/#primaryimage","url":"https:\/\/www.csj-emballages.com\/wp-content\/uploads\/2024\/07\/SJOYEUXT1.webp","contentUrl":"https:\/\/www.csj-emballages.com\/wp-content\/uploads\/2024\/07\/SJOYEUXT1.webp","width":800,"height":800,"caption":"Sachet confiseries no\u00ebl"},{"@type":"BreadcrumbList","@id":"https:\/\/www.csj-emballages.com\/pt-pt\/produit\/100-sacos-de-confeitaria-feliz-natal-com-base-de-cartao-100-x-220-mm\/#breadcrumb","itemListElement":[{"@type":"ListItem","position":1,"name":"Acolhimento","item":"https:\/\/www.csj-emballages.com\/pt-pt\/universo-das-embalagens-alimentares\/"},{"@type":"ListItem","position":2,"name":"Shop","item":"https:\/\/www.csj-emballages.com\/shop\/"},{"@type":"ListItem","position":3,"name":"Saco de rebu\u00e7ados de Natal \u00ab\u00a0Joyeux No\u00ebl\u00a0\u00bb 100 x 220 mm por 100"}]},{"@type":"WebSite","@id":"https:\/\/www.csj-emballages.com\/pt-pt\/#website","url":"https:\/\/www.csj-emballages.com\/pt-pt\/","name":"CSJ Emballages","description":"","publisher":{"@id":"https:\/\/www.csj-emballages.com\/pt-pt\/#organization"},"potentialAction":[{"@type":"SearchAction","target":{"@type":"EntryPoint","urlTemplate":"https:\/\/www.csj-emballages.com\/pt-pt\/?s={search_term_string}"},"query-input":{"@type":"PropertyValueSpecification","valueRequired":true,"valueName":"search_term_string"}}],"inLanguage":"pt-PT"},{"@type":"Organization","@id":"https:\/\/www.csj-emballages.com\/pt-pt\/#Organization\/","name":"CSJ Emballages","url":"https:\/\/www.csj-emballages.com\/pt-pt\/","logo":{"@type":"ImageObject","inLanguage":"pt-PT","@id":"https:\/\/www.csj-emballages.com\/pt-pt\/#\/schema\/logo\/image\/","url":"https:\/\/www.csj-emballages.com\/wp-content\/uploads\/2023\/10\/logo_csj.webp","contentUrl":"https:\/\/www.csj-emballages.com\/wp-content\/uploads\/2023\/10\/logo_csj.webp","width":250,"height":95,"caption":"CSJ Emballages"},"image":{"@id":"https:\/\/www.csj-emballages.com\/pt-pt\/#\/schema\/logo\/image\/"},"sameAs":["https:\/\/www.facebook.com\/csjemballages"],"address":{"@type":"PostalAddress","streetAddress":"ZI La Lechere","addressLocality":"Patornay","postalCode":"39130","addressCountry":"FR"},"contactPoint":[{"@type":"ContactPoint","contactType":"Service client","telephone":"0384254272","email":"contact@csj-emballages.com"}]}]}},"df_price":15.46,"df_sale_price":"","df_regular_price":15.46,"df_image_link":"https:\/\/www.csj-emballages.com\/wp-content\/uploads\/2024\/07\/SJOYEUXT1-300x300.webp","tiered_pricing_type":"fixed","tiered_pricing_fixed_rules":[],"tiered_pricing_percentage_rules":[],"tiered_pricing_minimum":1,"tiered_pricing_roles_data":[],"_links":{"self":[{"href":"https:\/\/www.csj-emballages.com\/pt-pt\/wp-json\/wp\/v2\/product\/125934","targetHints":{"allow":["GET"]}}],"collection":[{"href":"https:\/\/www.csj-emballages.com\/pt-pt\/wp-json\/wp\/v2\/product"}],"about":[{"href":"https:\/\/www.csj-emballages.com\/pt-pt\/wp-json\/wp\/v2\/types\/product"}],"wp:featuredmedia":[{"embeddable":true,"href":"https:\/\/www.csj-emballages.com\/pt-pt\/wp-json\/wp\/v2\/media\/243591"}],"wp:attachment":[{"href":"https:\/\/www.csj-emballages.com\/pt-pt\/wp-json\/wp\/v2\/media?parent=125934"}],"wp:term":[{"taxonomy":"product_brand","embeddable":true,"href":"https:\/\/www.csj-emballages.com\/pt-pt\/wp-json\/wp\/v2\/product_brand?post=125934"},{"taxonomy":"product_cat","embeddable":true,"href":"https:\/\/www.csj-emballages.com\/pt-pt\/wp-json\/wp\/v2\/product_cat?post=125934"},{"taxonomy":"product_tag","embeddable":true,"href":"https:\/\/www.csj-emballages.com\/pt-pt\/wp-json\/wp\/v2\/product_tag?post=125934"}],"curies":[{"name":"wp","href":"https:\/\/api.w.org\/{rel}","templated":true}]}}