{"id":125909,"date":"2024-07-30T02:19:17","date_gmt":"2024-07-30T00:19:17","guid":{"rendered":"https:\/\/www.csj-emballages.com\/produit\/150-solas-douradas-brancas-com-bordas-rectas-210-x-95-mm\/"},"modified":"2026-05-01T02:14:27","modified_gmt":"2026-05-01T00:14:27","slug":"150-solas-douradas-brancas-com-bordas-rectas-210-x-95-mm","status":"publish","type":"product","link":"https:\/\/www.csj-emballages.com\/pt-pt\/produit\/150-solas-douradas-brancas-com-bordas-rectas-210-x-95-mm\/","title":{"rendered":"Base para bolo com bordas rectas dourada \/ branca 210 x 95 mm por 150"},"content":{"rendered":"<h2>Sola de bolo<\/h2>\n<hr>\n<h3>Descri\u00e7\u00e3o do nosso fundo de bolo com bordas rectas dourado\/branco 210 x 95 mm por 150<\/h3>\n<p><!--more--><\/p>\n<div>\n<p data-start=\"99\" data-end=\"408\">Descubra a <strong data-start=\"112\" data-end=\"176\">base para bolos com rebordo reto dourado\/branco 210 x 95 mm por 150<\/strong>, o acess\u00f3rio indispens\u00e1vel para real\u00e7ar as suas cria\u00e7\u00f5es doces e salgadas. Concebida para responder \u00e0s necessidades dos padeiros, pasteleiros e fornecedores de refei\u00e7\u00f5es, esta placa de base combina a robustez com a capacidade de melhorar as suas prepara\u00e7\u00f5es. <\/p>\n<p data-start=\"410\" data-end=\"952\"><strong data-start=\"419\" data-end=\"448\">Com 210 x 95 mm<\/strong>, \u00e9 perfeita para entremets, toros, bolos rectangulares e outras sobremesas que necessitem de uma base fi\u00e1vel. A <strong data-start=\"577\" data-end=\"598\">frente dourada brilhante<\/strong> chama imediatamente a aten\u00e7\u00e3o, dando um toque festivo e requintado, enquanto a <strong data-start=\"690\" data-end=\"705\">parte de tr\u00e1s branca<\/strong> permite uma apresenta\u00e7\u00e3o mais s\u00f3bria, consoante a ocasi\u00e3o. Gra\u00e7as aos seus <strong data-start=\"771\" data-end=\"792\">bordos limpos e rectos<\/strong>, os seus bolos ter\u00e3o um suporte \u00f3timo e um acabamento perfeito, ideal para exposi\u00e7\u00e3o em montras, transporte ou apresenta\u00e7\u00e3o em eventos.  <\/p>\n<p data-start=\"954\" data-end=\"1332\">Cada base foi concebida para suportar o peso das suas prepara\u00e7\u00f5es sem se deformar. Da mesma forma, o cart\u00e3o utilizado \u00e9 <strong data-start=\"1074\" data-end=\"1085\">robusto<\/strong> e de qualidade alimentar, garantindo uma utiliza\u00e7\u00e3o segura. Embalados em <strong data-start=\"1170\" data-end=\"1191\">lotes de 150 unidades<\/strong>, adaptam-se perfeitamente \u00e0s necessidades dos profissionais que procuram um stock suficiente para trabalhar diariamente com tranquilidade.  <\/p>\n<p data-start=\"1334\" data-end=\"1701\">Quer se trate de sobremesas individuais, de pastelaria familiar ou de cria\u00e7\u00f5es para a restaura\u00e7\u00e3o, esta <strong data-start=\"1456\" data-end=\"1495\">base retangular em dourado e branco<\/strong> d\u00e1-lhe a versatilidade necess\u00e1ria para exibir as suas cria\u00e7\u00f5es da melhor forma. Em suma, tornar-se-\u00e1 uma pe\u00e7a indispens\u00e1vel na sua oficina, com um acabamento digno das melhores apresenta\u00e7\u00f5es. <\/p>\n<\/div>\n<p data-start=\"1334\" data-end=\"1701\">\n<p data-start=\"1334\" data-end=\"1701\"><!--more--><\/p>\n<h4 data-start=\"1334\" data-end=\"1701\">Vantagens :<\/h4>\n<ul>\n<li><strong data-start=\"1728\" data-end=\"1746\">Base s\u00f3lida<\/strong> que suporta o peso dos bolos.<\/li>\n<li><strong data-start=\"1785\" data-end=\"1811\">Dupla face dourada\/branca<\/strong> para uma variedade de apresenta\u00e7\u00f5es.<\/li>\n<li><strong data-start=\"1847\" data-end=\"1863\">Bordos rectos<\/strong> para um acabamento limpo e profissional.<\/li>\n<li><strong data-start=\"1912\" data-end=\"1931\">Formato pr\u00e1tico<\/strong> de 210 x 95 mm, ideal para toros e sobremesas.<\/li>\n<li><strong data-start=\"1981\" data-end=\"1995\">Embalagem de 150 unidades<\/strong> para responder \u00e0s necessidades dos profissionais.<\/li>\n<\/ul>\n<p>&nbsp;<\/p>\n<p><!--more--><\/p>\n<h4>Outras informa\u00e7\u00f5es :<\/h4>\n<ul>\n<li><strong>Embalagem<\/strong>: Pacote de 150<\/li>\n<li><strong>Dimens\u00f5es<\/strong>: 210 x 95 mm<\/li>\n<li><strong>Material<\/strong>: Cart\u00e3o<\/li>\n<li><strong>Cor<\/strong>: Dourado \/ Branco<\/li>\n<\/ul>\n<p>&nbsp;<\/p>\n<p><!--more--><\/p>\n<p><a href=\"https:\/\/www.csj-emballages.com\/pt-pt\/categorie-produit\/embalagem-de-alimentos\/padaria-e-pastelaria\/suportes-para-bases-de-bolos\/solas-de-madeira\/\">Ver o resto da nossa gama de palmilhas para bolos<\/a><\/p>\n","protected":false},"excerpt":{"rendered":"<p>Sola de bolo Descri\u00e7\u00e3o do nosso fundo de bolo com bordas rectas dourado\/branco 210 x 95 mm por 150<\/p>\n","protected":false},"featured_media":242481,"template":"","meta":{"_acf_changed":false},"product_brand":[],"product_cat":[1141,1177,1914,3267,1267],"product_tag":[],"class_list":{"0":"post-125909","1":"product","2":"type-product","3":"status-publish","4":"has-post-thumbnail","6":"product_cat-embalagem-de-alimentos","7":"product_cat-padaria-e-pastelaria","8":"product_cat-suportes-para-bases-de-bolos","9":"product_cat-solas-de-madeira","10":"product_cat-descontos-promocoes","12":"first","13":"instock","14":"sale","15":"taxable","16":"shipping-taxable","17":"purchasable","18":"product-type-simple"},"acf":[],"yoast_head":"<!-- This site is optimized with the Yoast SEO Premium plugin v26.6 (Yoast SEO v26.6) - https:\/\/yoast.com\/wordpress\/plugins\/seo\/ -->\n<title>Semelle G\u00e2teau Bordos rectos Ouro \/ Branco 210 x 95 mm por 150<\/title>\n<meta name=\"description\" content=\"Base de bolo retangular dourada\/branca 210 x 95 mm, bordos direitos, s\u00f3lida e adequada para profissionais. Conjunto de 150 para apresenta\u00e7\u00f5es requintadas.\" \/>\n<meta name=\"robots\" content=\"index, follow, max-snippet:-1, max-image-preview:large, max-video-preview:-1\" \/>\n<link rel=\"canonical\" href=\"https:\/\/www.csj-emballages.com\/pt-pt\/produit\/150-solas-douradas-brancas-com-bordas-rectas-210-x-95-mm\/\" \/>\n<meta property=\"og:locale\" content=\"pt_PT\" \/>\n<meta property=\"og:type\" content=\"article\" \/>\n<meta property=\"og:title\" content=\"Base para bolo com bordas rectas dourada \/ branca 210 x 95 mm por 150\" \/>\n<meta property=\"og:description\" content=\"Base de bolo retangular dourada\/branca 210 x 95 mm, bordos direitos, s\u00f3lida e adequada para profissionais. Conjunto de 150 para apresenta\u00e7\u00f5es requintadas.\" \/>\n<meta property=\"og:url\" content=\"https:\/\/www.csj-emballages.com\/pt-pt\/produit\/150-solas-douradas-brancas-com-bordas-rectas-210-x-95-mm\/\" \/>\n<meta property=\"og:site_name\" content=\"CSJ Emballages\" \/>\n<meta property=\"article:publisher\" content=\"https:\/\/www.facebook.com\/csjemballages\" \/>\n<meta property=\"article:modified_time\" content=\"2026-05-01T00:14:27+00:00\" \/>\n<meta property=\"og:image\" content=\"https:\/\/www.csj-emballages.com\/wp-content\/uploads\/2024\/07\/SBO22.webp\" \/>\n\t<meta property=\"og:image:width\" content=\"800\" \/>\n\t<meta property=\"og:image:height\" content=\"800\" \/>\n\t<meta property=\"og:image:type\" content=\"image\/webp\" \/>\n<meta name=\"twitter:card\" content=\"summary_large_image\" \/>\n<meta name=\"twitter:label1\" content=\"Tempo estimado de leitura\" \/>\n\t<meta name=\"twitter:data1\" content=\"2 minutos\" \/>\n<script type=\"application\/ld+json\" class=\"yoast-schema-graph\">{\"@context\":\"https:\/\/schema.org\",\"@graph\":[{\"@type\":\"WebPage\",\"@id\":\"https:\/\/www.csj-emballages.com\/pt-pt\/produit\/150-solas-douradas-brancas-com-bordas-rectas-210-x-95-mm\/\",\"url\":\"https:\/\/www.csj-emballages.com\/pt-pt\/produit\/150-solas-douradas-brancas-com-bordas-rectas-210-x-95-mm\/\",\"name\":\"Semelle G\u00e2teau Bordos rectos Ouro \/ Branco 210 x 95 mm por 150\",\"isPartOf\":{\"@id\":\"https:\/\/www.csj-emballages.com\/pt-pt\/#website\"},\"primaryImageOfPage\":{\"@id\":\"https:\/\/www.csj-emballages.com\/pt-pt\/produit\/150-solas-douradas-brancas-com-bordas-rectas-210-x-95-mm\/#primaryimage\"},\"image\":{\"@id\":\"https:\/\/www.csj-emballages.com\/pt-pt\/produit\/150-solas-douradas-brancas-com-bordas-rectas-210-x-95-mm\/#primaryimage\"},\"thumbnailUrl\":\"https:\/\/www.csj-emballages.com\/wp-content\/uploads\/2024\/07\/SBO22.webp\",\"datePublished\":\"2024-07-30T00:19:17+00:00\",\"dateModified\":\"2026-05-01T00:14:27+00:00\",\"description\":\"Base de bolo retangular dourada\/branca 210 x 95 mm, bordos direitos, s\u00f3lida e adequada para profissionais. Conjunto de 150 para apresenta\u00e7\u00f5es requintadas.\",\"breadcrumb\":{\"@id\":\"https:\/\/www.csj-emballages.com\/pt-pt\/produit\/150-solas-douradas-brancas-com-bordas-rectas-210-x-95-mm\/#breadcrumb\"},\"inLanguage\":\"pt-PT\",\"potentialAction\":[{\"@type\":\"ReadAction\",\"target\":[\"https:\/\/www.csj-emballages.com\/pt-pt\/produit\/150-solas-douradas-brancas-com-bordas-rectas-210-x-95-mm\/\"]}]},{\"@type\":\"ImageObject\",\"inLanguage\":\"pt-PT\",\"@id\":\"https:\/\/www.csj-emballages.com\/pt-pt\/produit\/150-solas-douradas-brancas-com-bordas-rectas-210-x-95-mm\/#primaryimage\",\"url\":\"https:\/\/www.csj-emballages.com\/wp-content\/uploads\/2024\/07\/SBO22.webp\",\"contentUrl\":\"https:\/\/www.csj-emballages.com\/wp-content\/uploads\/2024\/07\/SBO22.webp\",\"width\":800,\"height\":800,\"caption\":\"Semelle g\u00e2teau\"},{\"@type\":\"BreadcrumbList\",\"@id\":\"https:\/\/www.csj-emballages.com\/pt-pt\/produit\/150-solas-douradas-brancas-com-bordas-rectas-210-x-95-mm\/#breadcrumb\",\"itemListElement\":[{\"@type\":\"ListItem\",\"position\":1,\"name\":\"Acolhimento\",\"item\":\"https:\/\/www.csj-emballages.com\/pt-pt\/universo-das-embalagens-alimentares\/\"},{\"@type\":\"ListItem\",\"position\":2,\"name\":\"Shop\",\"item\":\"https:\/\/www.csj-emballages.com\/shop\/\"},{\"@type\":\"ListItem\",\"position\":3,\"name\":\"Base para bolo com bordas rectas dourada \/ branca 210 x 95 mm por 150\"}]},{\"@type\":\"WebSite\",\"@id\":\"https:\/\/www.csj-emballages.com\/pt-pt\/#website\",\"url\":\"https:\/\/www.csj-emballages.com\/pt-pt\/\",\"name\":\"CSJ Emballages\",\"description\":\"\",\"publisher\":{\"@id\":\"https:\/\/www.csj-emballages.com\/pt-pt\/#organization\"},\"potentialAction\":[{\"@type\":\"SearchAction\",\"target\":{\"@type\":\"EntryPoint\",\"urlTemplate\":\"https:\/\/www.csj-emballages.com\/pt-pt\/?s={search_term_string}\"},\"query-input\":{\"@type\":\"PropertyValueSpecification\",\"valueRequired\":true,\"valueName\":\"search_term_string\"}}],\"inLanguage\":\"pt-PT\"},{\"@type\":\"Organization\",\"@id\":\"https:\/\/www.csj-emballages.com\/pt-pt\/#Organization\/\",\"name\":\"CSJ Emballages\",\"url\":\"https:\/\/www.csj-emballages.com\/pt-pt\/\",\"logo\":{\"@type\":\"ImageObject\",\"inLanguage\":\"pt-PT\",\"@id\":\"https:\/\/www.csj-emballages.com\/pt-pt\/#\/schema\/logo\/image\/\",\"url\":\"https:\/\/www.csj-emballages.com\/wp-content\/uploads\/2023\/10\/logo_csj.webp\",\"contentUrl\":\"https:\/\/www.csj-emballages.com\/wp-content\/uploads\/2023\/10\/logo_csj.webp\",\"width\":250,\"height\":95,\"caption\":\"CSJ Emballages\"},\"image\":{\"@id\":\"https:\/\/www.csj-emballages.com\/pt-pt\/#\/schema\/logo\/image\/\"},\"sameAs\":[\"https:\/\/www.facebook.com\/csjemballages\"],\"address\":{\"@type\":\"PostalAddress\",\"streetAddress\":\"ZI La Lechere\",\"addressLocality\":\"Patornay\",\"postalCode\":\"39130\",\"addressCountry\":\"FR\"},\"contactPoint\":[{\"@type\":\"ContactPoint\",\"contactType\":\"Service client\",\"telephone\":\"0384254272\",\"email\":\"contact@csj-emballages.com\"}]}]}<\/script>\n<!-- \/ Yoast SEO Premium plugin. -->","yoast_head_json":{"title":"Semelle G\u00e2teau Bordos rectos Ouro \/ Branco 210 x 95 mm por 150","description":"Base de bolo retangular dourada\/branca 210 x 95 mm, bordos direitos, s\u00f3lida e adequada para profissionais. Conjunto de 150 para apresenta\u00e7\u00f5es requintadas.","robots":{"index":"index","follow":"follow","max-snippet":"max-snippet:-1","max-image-preview":"max-image-preview:large","max-video-preview":"max-video-preview:-1"},"canonical":"https:\/\/www.csj-emballages.com\/pt-pt\/produit\/150-solas-douradas-brancas-com-bordas-rectas-210-x-95-mm\/","og_locale":"pt_PT","og_type":"article","og_title":"Base para bolo com bordas rectas dourada \/ branca 210 x 95 mm por 150","og_description":"Base de bolo retangular dourada\/branca 210 x 95 mm, bordos direitos, s\u00f3lida e adequada para profissionais. Conjunto de 150 para apresenta\u00e7\u00f5es requintadas.","og_url":"https:\/\/www.csj-emballages.com\/pt-pt\/produit\/150-solas-douradas-brancas-com-bordas-rectas-210-x-95-mm\/","og_site_name":"CSJ Emballages","article_publisher":"https:\/\/www.facebook.com\/csjemballages","article_modified_time":"2026-05-01T00:14:27+00:00","og_image":[{"width":800,"height":800,"url":"https:\/\/www.csj-emballages.com\/wp-content\/uploads\/2024\/07\/SBO22.webp","type":"image\/webp"}],"twitter_card":"summary_large_image","twitter_misc":{"Tempo estimado de leitura":"2 minutos"},"schema":{"@context":"https:\/\/schema.org","@graph":[{"@type":"WebPage","@id":"https:\/\/www.csj-emballages.com\/pt-pt\/produit\/150-solas-douradas-brancas-com-bordas-rectas-210-x-95-mm\/","url":"https:\/\/www.csj-emballages.com\/pt-pt\/produit\/150-solas-douradas-brancas-com-bordas-rectas-210-x-95-mm\/","name":"Semelle G\u00e2teau Bordos rectos Ouro \/ Branco 210 x 95 mm por 150","isPartOf":{"@id":"https:\/\/www.csj-emballages.com\/pt-pt\/#website"},"primaryImageOfPage":{"@id":"https:\/\/www.csj-emballages.com\/pt-pt\/produit\/150-solas-douradas-brancas-com-bordas-rectas-210-x-95-mm\/#primaryimage"},"image":{"@id":"https:\/\/www.csj-emballages.com\/pt-pt\/produit\/150-solas-douradas-brancas-com-bordas-rectas-210-x-95-mm\/#primaryimage"},"thumbnailUrl":"https:\/\/www.csj-emballages.com\/wp-content\/uploads\/2024\/07\/SBO22.webp","datePublished":"2024-07-30T00:19:17+00:00","dateModified":"2026-05-01T00:14:27+00:00","description":"Base de bolo retangular dourada\/branca 210 x 95 mm, bordos direitos, s\u00f3lida e adequada para profissionais. Conjunto de 150 para apresenta\u00e7\u00f5es requintadas.","breadcrumb":{"@id":"https:\/\/www.csj-emballages.com\/pt-pt\/produit\/150-solas-douradas-brancas-com-bordas-rectas-210-x-95-mm\/#breadcrumb"},"inLanguage":"pt-PT","potentialAction":[{"@type":"ReadAction","target":["https:\/\/www.csj-emballages.com\/pt-pt\/produit\/150-solas-douradas-brancas-com-bordas-rectas-210-x-95-mm\/"]}]},{"@type":"ImageObject","inLanguage":"pt-PT","@id":"https:\/\/www.csj-emballages.com\/pt-pt\/produit\/150-solas-douradas-brancas-com-bordas-rectas-210-x-95-mm\/#primaryimage","url":"https:\/\/www.csj-emballages.com\/wp-content\/uploads\/2024\/07\/SBO22.webp","contentUrl":"https:\/\/www.csj-emballages.com\/wp-content\/uploads\/2024\/07\/SBO22.webp","width":800,"height":800,"caption":"Semelle g\u00e2teau"},{"@type":"BreadcrumbList","@id":"https:\/\/www.csj-emballages.com\/pt-pt\/produit\/150-solas-douradas-brancas-com-bordas-rectas-210-x-95-mm\/#breadcrumb","itemListElement":[{"@type":"ListItem","position":1,"name":"Acolhimento","item":"https:\/\/www.csj-emballages.com\/pt-pt\/universo-das-embalagens-alimentares\/"},{"@type":"ListItem","position":2,"name":"Shop","item":"https:\/\/www.csj-emballages.com\/shop\/"},{"@type":"ListItem","position":3,"name":"Base para bolo com bordas rectas dourada \/ branca 210 x 95 mm por 150"}]},{"@type":"WebSite","@id":"https:\/\/www.csj-emballages.com\/pt-pt\/#website","url":"https:\/\/www.csj-emballages.com\/pt-pt\/","name":"CSJ Emballages","description":"","publisher":{"@id":"https:\/\/www.csj-emballages.com\/pt-pt\/#organization"},"potentialAction":[{"@type":"SearchAction","target":{"@type":"EntryPoint","urlTemplate":"https:\/\/www.csj-emballages.com\/pt-pt\/?s={search_term_string}"},"query-input":{"@type":"PropertyValueSpecification","valueRequired":true,"valueName":"search_term_string"}}],"inLanguage":"pt-PT"},{"@type":"Organization","@id":"https:\/\/www.csj-emballages.com\/pt-pt\/#Organization\/","name":"CSJ Emballages","url":"https:\/\/www.csj-emballages.com\/pt-pt\/","logo":{"@type":"ImageObject","inLanguage":"pt-PT","@id":"https:\/\/www.csj-emballages.com\/pt-pt\/#\/schema\/logo\/image\/","url":"https:\/\/www.csj-emballages.com\/wp-content\/uploads\/2023\/10\/logo_csj.webp","contentUrl":"https:\/\/www.csj-emballages.com\/wp-content\/uploads\/2023\/10\/logo_csj.webp","width":250,"height":95,"caption":"CSJ Emballages"},"image":{"@id":"https:\/\/www.csj-emballages.com\/pt-pt\/#\/schema\/logo\/image\/"},"sameAs":["https:\/\/www.facebook.com\/csjemballages"],"address":{"@type":"PostalAddress","streetAddress":"ZI La Lechere","addressLocality":"Patornay","postalCode":"39130","addressCountry":"FR"},"contactPoint":[{"@type":"ContactPoint","contactType":"Service client","telephone":"0384254272","email":"contact@csj-emballages.com"}]}]}},"df_price":6.83,"df_sale_price":6.83,"df_regular_price":8.53,"df_image_link":"https:\/\/www.csj-emballages.com\/wp-content\/uploads\/2024\/07\/SBO22-300x300.webp","tiered_pricing_type":"fixed","tiered_pricing_fixed_rules":[],"tiered_pricing_percentage_rules":[],"tiered_pricing_minimum":1,"tiered_pricing_roles_data":[],"_links":{"self":[{"href":"https:\/\/www.csj-emballages.com\/pt-pt\/wp-json\/wp\/v2\/product\/125909","targetHints":{"allow":["GET"]}}],"collection":[{"href":"https:\/\/www.csj-emballages.com\/pt-pt\/wp-json\/wp\/v2\/product"}],"about":[{"href":"https:\/\/www.csj-emballages.com\/pt-pt\/wp-json\/wp\/v2\/types\/product"}],"wp:featuredmedia":[{"embeddable":true,"href":"https:\/\/www.csj-emballages.com\/pt-pt\/wp-json\/wp\/v2\/media\/242481"}],"wp:attachment":[{"href":"https:\/\/www.csj-emballages.com\/pt-pt\/wp-json\/wp\/v2\/media?parent=125909"}],"wp:term":[{"taxonomy":"product_brand","embeddable":true,"href":"https:\/\/www.csj-emballages.com\/pt-pt\/wp-json\/wp\/v2\/product_brand?post=125909"},{"taxonomy":"product_cat","embeddable":true,"href":"https:\/\/www.csj-emballages.com\/pt-pt\/wp-json\/wp\/v2\/product_cat?post=125909"},{"taxonomy":"product_tag","embeddable":true,"href":"https:\/\/www.csj-emballages.com\/pt-pt\/wp-json\/wp\/v2\/product_tag?post=125909"}],"curies":[{"name":"wp","href":"https:\/\/api.w.org\/{rel}","templated":true}]}}