{"id":125867,"date":"2024-07-30T02:18:55","date_gmt":"2024-07-30T00:18:55","guid":{"rendered":"https:\/\/www.csj-emballages.com\/?post_type=product&#038;p=125867"},"modified":"2026-03-12T16:08:47","modified_gmt":"2026-03-12T15:08:47","slug":"70-tabuleiros-de-charcutaria-445-x-345-x-25","status":"publish","type":"product","link":"https:\/\/www.csj-emballages.com\/pt-pt\/produit\/70-tabuleiros-de-charcutaria-445-x-345-x-25\/","title":{"rendered":"Tabuleiro de charcutaria 44,5 x 34,5 x 2,5 cm por 70"},"content":{"rendered":"<h2>Tabuleiro de charcutaria<\/h2>\n<hr>\n<h3>Descubra o nosso tabuleiro de charcutaria 44,5 x 34,5 x 2,5 cm por 70<\/h3>\n<p><!--more--><\/p>\n<p data-start=\"237\" data-end=\"677\">Apresente os seus melhores pratos em grande estilo com este <strong data-start=\"301\" data-end=\"345\">tabuleiro de charcutaria<\/strong> <strong data-start=\"349\" data-end=\"369\">PET reutiliz\u00e1vel<\/strong> <strong data-start=\"301\" data-end=\"345\">de 44,5 x 34,5 x 2,5 cm<\/strong>. Concebido para <strong data-start=\"386\" data-end=\"446\">profissionais de restaura\u00e7\u00e3o e talhantes<\/strong>, este <strong>tabuleiro<\/strong> \u00e9 <strong data-start=\"467\" data-end=\"506\">resistente, pr\u00e1tico e atraente<\/strong>. A sua grande superf\u00edcie permite-lhe dispor harmoniosamente os seus sortidos de carnes frias, queijos, legumes crus ou mignardises.  <\/p>\n<p data-start=\"679\" data-end=\"1101\">Fabricado em <strong data-start=\"691\" data-end=\"705\">PET<\/strong>, este tabuleiro oferece uma excelente estabilidade, mesmo sob o peso dos alimentos mais generosos. A sua <strong data-start=\"813\" data-end=\"841\">cor preta cristalina<\/strong> tamb\u00e9m faz com que os seus produtos se destaquem, melhorando o seu <strong data-start=\"886\" data-end=\"904\">aspeto visual<\/strong> em buffets, expositores ou entregas. Reutiliz\u00e1vel v\u00e1rias vezes, \u00e9 uma <strong data-start=\"992\" data-end=\"1015\">alternativa duradoura<\/strong> aos tabuleiros descart\u00e1veis, mantendo um aspeto profissional e higi\u00e9nico.  <\/p>\n<p data-start=\"1103\" data-end=\"1466\">Este pr\u00e1tico <strong>tabuleiro de catering<\/strong> pode ser <strong data-start=\"1164\" data-end=\"1179\">utilizado frio<\/strong> ou apresentado \u00e0 temperatura ambiente. Gra\u00e7as aos seus <g id=\"gid_2\">rebordos ligeiramente elevados<\/g>, pode transportar os seus produtos em seguran\u00e7a sem qualquer risco de derrame. Al\u00e9m disso, o seu formato generoso de <strong>44,5 x 34,5 x 2,5 cm<\/strong> permite-lhe poupar tempo na prepara\u00e7\u00e3o dos seus preparativos.  <\/p>\n<p data-start=\"1468\" data-end=\"1652\">Ao escolher este <strong data-start=\"1486\" data-end=\"1519\">tabuleiro para charcutaria PET<\/strong>, est\u00e1 a combinar <strong data-start=\"1533\" data-end=\"1568\">qualidade, durabilidade e eleg\u00e2ncia<\/strong>, ao mesmo tempo que valoriza as suas cria\u00e7\u00f5es culin\u00e1rias com um suporte pr\u00e1tico e requintado.<\/p>\n<p data-start=\"1468\" data-end=\"1652\"><!--more--><\/p>\n<h4 data-start=\"1468\" data-end=\"1652\">Vantagens :<\/h4>\n<ul>\n<li data-start=\"1690\" data-end=\"1747\"><strong data-start=\"1693\" data-end=\"1713\">PET reutiliz\u00e1vel<\/strong>: resistente, duradouro e amigo do ambiente.<\/li>\n<li data-start=\"1750\" data-end=\"1818\"><strong data-start=\"1750\" data-end=\"1769\">Grande capacidade<\/strong>: ideal para tabuleiros de catering e buffets.<\/li>\n<li data-start=\"1821\" data-end=\"1897\"><strong data-start=\"1821\" data-end=\"1849\">Cor preta <\/strong>para uma apresenta\u00e7\u00e3o perfeita dos alimentos.<\/li>\n<li data-start=\"1900\" data-end=\"1947\"><strong data-start=\"1900\" data-end=\"1919\">Fixar os bordos<\/strong> para limitar o transbordo.<\/li>\n<li data-start=\"1950\" data-end=\"2018\"><strong data-start=\"1950\" data-end=\"1974\">Formato profissional<\/strong> adequado a todas as necessidades de apresenta\u00e7\u00e3o.<\/li>\n<\/ul>\n<p>&nbsp;<\/p>\n<p><!--more--><\/p>\n<h4>Outras informa\u00e7\u00f5es :<\/h4>\n<ul>\n<li><strong>Embalagem<\/strong>: Caixa de 70<\/li>\n<li><strong>Dimens\u00f5es<\/strong>: 44,5 x 34,5 x 2,5 cm<\/li>\n<li><strong>Material<\/strong>: PET<\/li>\n<li><strong>Cor<\/strong>: preto<\/li>\n<\/ul>\n<p>&nbsp;<\/p>\n<p><!--more--><\/p>\n<p><a href=\"https:\/\/www.csj-emballages.com\/pt-pt\/categorie-produit\/embalagem-de-alimentos\/descontos-promocoes\/\">V\u00ea o resto dos nossos produtos em stock<\/a><\/p>\n","protected":false},"excerpt":{"rendered":"<p>Tabuleiro de charcutaria Descubra o nosso tabuleiro de charcutaria 44,5 x 34,5 x 2,5 cm por 70<\/p>\n","protected":false},"featured_media":252477,"template":"","meta":{"_acf_changed":false},"product_brand":[],"product_cat":[1141,1267],"product_tag":[],"class_list":{"0":"post-125867","1":"product","2":"type-product","3":"status-publish","4":"has-post-thumbnail","6":"product_cat-embalagem-de-alimentos","7":"product_cat-descontos-promocoes","9":"first","10":"instock","11":"sale","12":"taxable","13":"shipping-taxable","14":"purchasable","15":"product-type-simple"},"acf":[],"yoast_head":"<!-- This site is optimized with the Yoast SEO Premium plugin v26.6 (Yoast SEO v26.6) - https:\/\/yoast.com\/wordpress\/plugins\/seo\/ -->\n<title>Tabuleiro para charcutaria 44,5 x 34,5 x 2,5 cm par 70<\/title>\n<meta name=\"description\" content=\"Escolha o tabuleiro de charcutaria PET reutiliz\u00e1vel 44,5 x 34,5 x 2,5: resistente, elegante e perfeito para as suas apresenta\u00e7\u00f5es de catering. Embalagem de 70 unidades.\" \/>\n<meta name=\"robots\" content=\"index, follow, max-snippet:-1, max-image-preview:large, max-video-preview:-1\" \/>\n<link rel=\"canonical\" href=\"https:\/\/www.csj-emballages.com\/pt-pt\/produit\/70-tabuleiros-de-charcutaria-445-x-345-x-25\/\" \/>\n<meta property=\"og:locale\" content=\"pt_PT\" \/>\n<meta property=\"og:type\" content=\"article\" \/>\n<meta property=\"og:title\" content=\"Tabuleiro de charcutaria 44,5 x 34,5 x 2,5 cm por 70\" \/>\n<meta property=\"og:description\" content=\"Escolha o tabuleiro de charcutaria PET reutiliz\u00e1vel 44,5 x 34,5 x 2,5: resistente, elegante e perfeito para as suas apresenta\u00e7\u00f5es de catering. Embalagem de 70 unidades.\" \/>\n<meta property=\"og:url\" content=\"https:\/\/www.csj-emballages.com\/pt-pt\/produit\/70-tabuleiros-de-charcutaria-445-x-345-x-25\/\" \/>\n<meta property=\"og:site_name\" content=\"CSJ Emballages\" \/>\n<meta property=\"article:publisher\" content=\"https:\/\/www.facebook.com\/csjemballages\" \/>\n<meta property=\"article:modified_time\" content=\"2026-03-12T15:08:47+00:00\" \/>\n<meta property=\"og:image\" content=\"https:\/\/www.csj-emballages.com\/wp-content\/uploads\/2024\/07\/4030DX.webp\" \/>\n\t<meta property=\"og:image:width\" content=\"800\" \/>\n\t<meta property=\"og:image:height\" content=\"800\" \/>\n\t<meta property=\"og:image:type\" content=\"image\/webp\" \/>\n<meta name=\"twitter:card\" content=\"summary_large_image\" \/>\n<meta name=\"twitter:label1\" content=\"Tempo estimado de leitura\" \/>\n\t<meta name=\"twitter:data1\" content=\"1 minuto\" \/>\n<script type=\"application\/ld+json\" class=\"yoast-schema-graph\">{\"@context\":\"https:\/\/schema.org\",\"@graph\":[{\"@type\":\"WebPage\",\"@id\":\"https:\/\/www.csj-emballages.com\/pt-pt\/produit\/70-tabuleiros-de-charcutaria-445-x-345-x-25\/\",\"url\":\"https:\/\/www.csj-emballages.com\/pt-pt\/produit\/70-tabuleiros-de-charcutaria-445-x-345-x-25\/\",\"name\":\"Tabuleiro para charcutaria 44,5 x 34,5 x 2,5 cm par 70\",\"isPartOf\":{\"@id\":\"https:\/\/www.csj-emballages.com\/pt-pt\/#website\"},\"primaryImageOfPage\":{\"@id\":\"https:\/\/www.csj-emballages.com\/pt-pt\/produit\/70-tabuleiros-de-charcutaria-445-x-345-x-25\/#primaryimage\"},\"image\":{\"@id\":\"https:\/\/www.csj-emballages.com\/pt-pt\/produit\/70-tabuleiros-de-charcutaria-445-x-345-x-25\/#primaryimage\"},\"thumbnailUrl\":\"https:\/\/www.csj-emballages.com\/wp-content\/uploads\/2024\/07\/4030DX.webp\",\"datePublished\":\"2024-07-30T00:18:55+00:00\",\"dateModified\":\"2026-03-12T15:08:47+00:00\",\"description\":\"Escolha o tabuleiro de charcutaria PET reutiliz\u00e1vel 44,5 x 34,5 x 2,5: resistente, elegante e perfeito para as suas apresenta\u00e7\u00f5es de catering. Embalagem de 70 unidades.\",\"breadcrumb\":{\"@id\":\"https:\/\/www.csj-emballages.com\/pt-pt\/produit\/70-tabuleiros-de-charcutaria-445-x-345-x-25\/#breadcrumb\"},\"inLanguage\":\"pt-PT\",\"potentialAction\":[{\"@type\":\"ReadAction\",\"target\":[\"https:\/\/www.csj-emballages.com\/pt-pt\/produit\/70-tabuleiros-de-charcutaria-445-x-345-x-25\/\"]}]},{\"@type\":\"ImageObject\",\"inLanguage\":\"pt-PT\",\"@id\":\"https:\/\/www.csj-emballages.com\/pt-pt\/produit\/70-tabuleiros-de-charcutaria-445-x-345-x-25\/#primaryimage\",\"url\":\"https:\/\/www.csj-emballages.com\/wp-content\/uploads\/2024\/07\/4030DX.webp\",\"contentUrl\":\"https:\/\/www.csj-emballages.com\/wp-content\/uploads\/2024\/07\/4030DX.webp\",\"width\":800,\"height\":800,\"caption\":\"Plateau \u00e0 charcuteries\"},{\"@type\":\"BreadcrumbList\",\"@id\":\"https:\/\/www.csj-emballages.com\/pt-pt\/produit\/70-tabuleiros-de-charcutaria-445-x-345-x-25\/#breadcrumb\",\"itemListElement\":[{\"@type\":\"ListItem\",\"position\":1,\"name\":\"Acolhimento\",\"item\":\"https:\/\/www.csj-emballages.com\/pt-pt\/universo-das-embalagens-alimentares\/\"},{\"@type\":\"ListItem\",\"position\":2,\"name\":\"Shop\",\"item\":\"https:\/\/www.csj-emballages.com\/shop\/\"},{\"@type\":\"ListItem\",\"position\":3,\"name\":\"Tabuleiro de charcutaria 44,5 x 34,5 x 2,5 cm por 70\"}]},{\"@type\":\"WebSite\",\"@id\":\"https:\/\/www.csj-emballages.com\/pt-pt\/#website\",\"url\":\"https:\/\/www.csj-emballages.com\/pt-pt\/\",\"name\":\"CSJ Emballages\",\"description\":\"\",\"publisher\":{\"@id\":\"https:\/\/www.csj-emballages.com\/pt-pt\/#organization\"},\"potentialAction\":[{\"@type\":\"SearchAction\",\"target\":{\"@type\":\"EntryPoint\",\"urlTemplate\":\"https:\/\/www.csj-emballages.com\/pt-pt\/?s={search_term_string}\"},\"query-input\":{\"@type\":\"PropertyValueSpecification\",\"valueRequired\":true,\"valueName\":\"search_term_string\"}}],\"inLanguage\":\"pt-PT\"},{\"@type\":\"Organization\",\"@id\":\"https:\/\/www.csj-emballages.com\/pt-pt\/#Organization\/\",\"name\":\"CSJ Emballages\",\"url\":\"https:\/\/www.csj-emballages.com\/pt-pt\/\",\"logo\":{\"@type\":\"ImageObject\",\"inLanguage\":\"pt-PT\",\"@id\":\"https:\/\/www.csj-emballages.com\/pt-pt\/#\/schema\/logo\/image\/\",\"url\":\"https:\/\/www.csj-emballages.com\/wp-content\/uploads\/2023\/10\/logo_csj.webp\",\"contentUrl\":\"https:\/\/www.csj-emballages.com\/wp-content\/uploads\/2023\/10\/logo_csj.webp\",\"width\":250,\"height\":95,\"caption\":\"CSJ Emballages\"},\"image\":{\"@id\":\"https:\/\/www.csj-emballages.com\/pt-pt\/#\/schema\/logo\/image\/\"},\"sameAs\":[\"https:\/\/www.facebook.com\/csjemballages\"],\"address\":{\"@type\":\"PostalAddress\",\"streetAddress\":\"ZI La Lechere\",\"addressLocality\":\"Patornay\",\"postalCode\":\"39130\",\"addressCountry\":\"FR\"},\"contactPoint\":[{\"@type\":\"ContactPoint\",\"contactType\":\"Service client\",\"telephone\":\"0384254272\",\"email\":\"contact@csj-emballages.com\"}]}]}<\/script>\n<!-- \/ Yoast SEO Premium plugin. -->","yoast_head_json":{"title":"Tabuleiro para charcutaria 44,5 x 34,5 x 2,5 cm par 70","description":"Escolha o tabuleiro de charcutaria PET reutiliz\u00e1vel 44,5 x 34,5 x 2,5: resistente, elegante e perfeito para as suas apresenta\u00e7\u00f5es de catering. Embalagem de 70 unidades.","robots":{"index":"index","follow":"follow","max-snippet":"max-snippet:-1","max-image-preview":"max-image-preview:large","max-video-preview":"max-video-preview:-1"},"canonical":"https:\/\/www.csj-emballages.com\/pt-pt\/produit\/70-tabuleiros-de-charcutaria-445-x-345-x-25\/","og_locale":"pt_PT","og_type":"article","og_title":"Tabuleiro de charcutaria 44,5 x 34,5 x 2,5 cm por 70","og_description":"Escolha o tabuleiro de charcutaria PET reutiliz\u00e1vel 44,5 x 34,5 x 2,5: resistente, elegante e perfeito para as suas apresenta\u00e7\u00f5es de catering. Embalagem de 70 unidades.","og_url":"https:\/\/www.csj-emballages.com\/pt-pt\/produit\/70-tabuleiros-de-charcutaria-445-x-345-x-25\/","og_site_name":"CSJ Emballages","article_publisher":"https:\/\/www.facebook.com\/csjemballages","article_modified_time":"2026-03-12T15:08:47+00:00","og_image":[{"width":800,"height":800,"url":"https:\/\/www.csj-emballages.com\/wp-content\/uploads\/2024\/07\/4030DX.webp","type":"image\/webp"}],"twitter_card":"summary_large_image","twitter_misc":{"Tempo estimado de leitura":"1 minuto"},"schema":{"@context":"https:\/\/schema.org","@graph":[{"@type":"WebPage","@id":"https:\/\/www.csj-emballages.com\/pt-pt\/produit\/70-tabuleiros-de-charcutaria-445-x-345-x-25\/","url":"https:\/\/www.csj-emballages.com\/pt-pt\/produit\/70-tabuleiros-de-charcutaria-445-x-345-x-25\/","name":"Tabuleiro para charcutaria 44,5 x 34,5 x 2,5 cm par 70","isPartOf":{"@id":"https:\/\/www.csj-emballages.com\/pt-pt\/#website"},"primaryImageOfPage":{"@id":"https:\/\/www.csj-emballages.com\/pt-pt\/produit\/70-tabuleiros-de-charcutaria-445-x-345-x-25\/#primaryimage"},"image":{"@id":"https:\/\/www.csj-emballages.com\/pt-pt\/produit\/70-tabuleiros-de-charcutaria-445-x-345-x-25\/#primaryimage"},"thumbnailUrl":"https:\/\/www.csj-emballages.com\/wp-content\/uploads\/2024\/07\/4030DX.webp","datePublished":"2024-07-30T00:18:55+00:00","dateModified":"2026-03-12T15:08:47+00:00","description":"Escolha o tabuleiro de charcutaria PET reutiliz\u00e1vel 44,5 x 34,5 x 2,5: resistente, elegante e perfeito para as suas apresenta\u00e7\u00f5es de catering. Embalagem de 70 unidades.","breadcrumb":{"@id":"https:\/\/www.csj-emballages.com\/pt-pt\/produit\/70-tabuleiros-de-charcutaria-445-x-345-x-25\/#breadcrumb"},"inLanguage":"pt-PT","potentialAction":[{"@type":"ReadAction","target":["https:\/\/www.csj-emballages.com\/pt-pt\/produit\/70-tabuleiros-de-charcutaria-445-x-345-x-25\/"]}]},{"@type":"ImageObject","inLanguage":"pt-PT","@id":"https:\/\/www.csj-emballages.com\/pt-pt\/produit\/70-tabuleiros-de-charcutaria-445-x-345-x-25\/#primaryimage","url":"https:\/\/www.csj-emballages.com\/wp-content\/uploads\/2024\/07\/4030DX.webp","contentUrl":"https:\/\/www.csj-emballages.com\/wp-content\/uploads\/2024\/07\/4030DX.webp","width":800,"height":800,"caption":"Plateau \u00e0 charcuteries"},{"@type":"BreadcrumbList","@id":"https:\/\/www.csj-emballages.com\/pt-pt\/produit\/70-tabuleiros-de-charcutaria-445-x-345-x-25\/#breadcrumb","itemListElement":[{"@type":"ListItem","position":1,"name":"Acolhimento","item":"https:\/\/www.csj-emballages.com\/pt-pt\/universo-das-embalagens-alimentares\/"},{"@type":"ListItem","position":2,"name":"Shop","item":"https:\/\/www.csj-emballages.com\/shop\/"},{"@type":"ListItem","position":3,"name":"Tabuleiro de charcutaria 44,5 x 34,5 x 2,5 cm por 70"}]},{"@type":"WebSite","@id":"https:\/\/www.csj-emballages.com\/pt-pt\/#website","url":"https:\/\/www.csj-emballages.com\/pt-pt\/","name":"CSJ Emballages","description":"","publisher":{"@id":"https:\/\/www.csj-emballages.com\/pt-pt\/#organization"},"potentialAction":[{"@type":"SearchAction","target":{"@type":"EntryPoint","urlTemplate":"https:\/\/www.csj-emballages.com\/pt-pt\/?s={search_term_string}"},"query-input":{"@type":"PropertyValueSpecification","valueRequired":true,"valueName":"search_term_string"}}],"inLanguage":"pt-PT"},{"@type":"Organization","@id":"https:\/\/www.csj-emballages.com\/pt-pt\/#Organization\/","name":"CSJ Emballages","url":"https:\/\/www.csj-emballages.com\/pt-pt\/","logo":{"@type":"ImageObject","inLanguage":"pt-PT","@id":"https:\/\/www.csj-emballages.com\/pt-pt\/#\/schema\/logo\/image\/","url":"https:\/\/www.csj-emballages.com\/wp-content\/uploads\/2023\/10\/logo_csj.webp","contentUrl":"https:\/\/www.csj-emballages.com\/wp-content\/uploads\/2023\/10\/logo_csj.webp","width":250,"height":95,"caption":"CSJ Emballages"},"image":{"@id":"https:\/\/www.csj-emballages.com\/pt-pt\/#\/schema\/logo\/image\/"},"sameAs":["https:\/\/www.facebook.com\/csjemballages"],"address":{"@type":"PostalAddress","streetAddress":"ZI La Lechere","addressLocality":"Patornay","postalCode":"39130","addressCountry":"FR"},"contactPoint":[{"@type":"ContactPoint","contactType":"Service client","telephone":"0384254272","email":"contact@csj-emballages.com"}]}]}},"df_price":51,"df_sale_price":51,"df_regular_price":60,"df_image_link":"https:\/\/www.csj-emballages.com\/wp-content\/uploads\/2024\/07\/4030DX-300x300.webp","tiered_pricing_type":"fixed","tiered_pricing_fixed_rules":[],"tiered_pricing_percentage_rules":[],"tiered_pricing_minimum":1,"tiered_pricing_roles_data":[],"_links":{"self":[{"href":"https:\/\/www.csj-emballages.com\/pt-pt\/wp-json\/wp\/v2\/product\/125867","targetHints":{"allow":["GET"]}}],"collection":[{"href":"https:\/\/www.csj-emballages.com\/pt-pt\/wp-json\/wp\/v2\/product"}],"about":[{"href":"https:\/\/www.csj-emballages.com\/pt-pt\/wp-json\/wp\/v2\/types\/product"}],"wp:featuredmedia":[{"embeddable":true,"href":"https:\/\/www.csj-emballages.com\/pt-pt\/wp-json\/wp\/v2\/media\/252477"}],"wp:attachment":[{"href":"https:\/\/www.csj-emballages.com\/pt-pt\/wp-json\/wp\/v2\/media?parent=125867"}],"wp:term":[{"taxonomy":"product_brand","embeddable":true,"href":"https:\/\/www.csj-emballages.com\/pt-pt\/wp-json\/wp\/v2\/product_brand?post=125867"},{"taxonomy":"product_cat","embeddable":true,"href":"https:\/\/www.csj-emballages.com\/pt-pt\/wp-json\/wp\/v2\/product_cat?post=125867"},{"taxonomy":"product_tag","embeddable":true,"href":"https:\/\/www.csj-emballages.com\/pt-pt\/wp-json\/wp\/v2\/product_tag?post=125867"}],"curies":[{"name":"wp","href":"https:\/\/api.w.org\/{rel}","templated":true}]}}