{"id":125857,"date":"2024-07-30T02:18:49","date_gmt":"2024-07-30T00:18:49","guid":{"rendered":"https:\/\/www.csj-emballages.com\/produit\/300-caixas-de-pastelaria-com-dobradicas-22-x-14-x-5-cm\/"},"modified":"2026-03-12T16:05:19","modified_gmt":"2026-03-12T15:05:19","slug":"300-caixas-de-pastelaria-com-dobradicas-22-x-14-x-5-cm","status":"publish","type":"product","link":"https:\/\/www.csj-emballages.com\/pt-pt\/produit\/300-caixas-de-pastelaria-com-dobradicas-22-x-14-x-5-cm\/","title":{"rendered":"Caixa de pastelaria viennoiseries cristal 22 x 14 x 5 cm por 300"},"content":{"rendered":"<h2>Caixa de pl\u00e1stico para pastelaria<\/h2>\n<hr>\n<h3>Descri\u00e7\u00e3o da nossa caixa de pl\u00e1stico para pastelaria 22 x 14 x 5 cm por 300<\/h3>\n<p><!--more--><\/p>\n<div>D\u00ea \u00e0s suas cria\u00e7\u00f5es doces uma apresenta\u00e7\u00e3o elegante e uma prote\u00e7\u00e3o \u00f3ptima com esta <strong>caixa de pl\u00e1stico r\u00edgido para pastelaria<\/strong>. Concebida para pasteleiros profissionais, padeiros, fornecedores de refei\u00e7\u00f5es e mesmo para particulares apaixonados por sobremesas, esta caixa combina praticidade, est\u00e9tica e higiene. Com as suas <strong>dimens\u00f5es generosas de 22 x 14 x 5 cm<\/strong>, \u00e9 perfeita para guardar uma massa individual, v\u00e1rios bolos pequenos, entremets ou fatias de tarte. A sua tampa transparente permite tamb\u00e9m valorizar as suas cria\u00e7\u00f5es, protegendo-as dos choques, da humidade e do manuseamento. Empilh\u00e1vel, leve e resistente, \u00e9 ideal para take-away, buffets ou eventos.    <\/div>\n<div>\n<p data-start=\"1012\" data-end=\"1284\"><strong data-start=\"1012\" data-end=\"1032\">Pronta a utilizar<\/strong>, esta caixa permite-lhe poupar tempo de prepara\u00e7\u00e3o e dar \u00e0s suas apresenta\u00e7\u00f5es uma <strong data-start=\"1112\" data-end=\"1137\">imagem profissional<\/strong>. De facto, a embalagem <strong>de 300 unidades<\/strong> est\u00e1 perfeitamente adaptada \u00e0s necessidades quotidianas dos profissionais e das produ\u00e7\u00f5es de eventos em grande escala.<\/p>\n<\/div>\n<p>&nbsp;<\/p>\n<p><!--more--><\/p>\n<h4>As suas vantagens:<\/h4>\n<ul>\n<li><strong>Visibilidade<\/strong>: O pl\u00e1stico transparente destaca as tuas cria\u00e7\u00f5es, chamando a aten\u00e7\u00e3o dos clientes.<\/li>\n<li><strong>Reutiliz\u00e1veis<\/strong>: f\u00e1ceis de limpar, podem ser utilizadas v\u00e1rias vezes, reduzindo o desperd\u00edcio.<\/li>\n<li><strong>Tamanho ideal<\/strong>: Perfeito para por\u00e7\u00f5es individuais ou pequenos doces.<\/li>\n<li><strong>Pr\u00e1tico<\/strong>: abertura e fecho com dobradi\u00e7as para uma utiliza\u00e7\u00e3o f\u00e1cil no dia a dia.<\/li>\n<\/ul>\n<p>&nbsp;<\/p>\n<p><!--more--><\/p>\n<h4>Outras informa\u00e7\u00f5es :<\/h4>\n<ul>\n<li><strong>Embalagem<\/strong>: Caixa de 300<\/li>\n<li><strong>Dimens\u00f5es<\/strong>: 22 x 14 x 5 (C x L x A em cm)<\/li>\n<li><strong>Material<\/strong>: PET<\/li>\n<\/ul>\n<div>\n<div><\/div>\n<\/div>\n<p><!--more--><\/p>\n<p><a href=\"\/?product_cat=boite-charniere-pour-patisseries\">Ver o resto da nossa gama de caixas de pl\u00e1stico para pastelaria<\/a><\/p>\n","protected":false},"excerpt":{"rendered":"<p>Caixa de pl\u00e1stico para pastelaria Descri\u00e7\u00e3o da nossa caixa de pl\u00e1stico para pastelaria 22 x 14 x 5 cm por 300<\/p>\n","protected":false},"featured_media":242370,"template":"","meta":{"_acf_changed":false},"product_brand":[],"product_cat":[1141,1177,3916,1258,6577,1267],"product_tag":[],"class_list":{"0":"post-125857","1":"product","2":"type-product","3":"status-publish","4":"has-post-thumbnail","6":"product_cat-embalagem-de-alimentos","7":"product_cat-padaria-e-pastelaria","8":"product_cat-caixas-e-estojos","9":"product_cat-caixas-de-pastelaria","10":"product_cat-caixa-com-dobradicas-para-pastelaria","11":"product_cat-descontos-promocoes","13":"first","14":"instock","15":"sale","16":"taxable","17":"shipping-taxable","18":"purchasable","19":"product-type-simple"},"acf":[],"yoast_head":"<!-- This site is optimized with the Yoast SEO Premium plugin v26.6 (Yoast SEO v26.6) - https:\/\/yoast.com\/wordpress\/plugins\/seo\/ -->\n<title>Caixa de pl\u00e1stico para pastelaria 22x14x5 cm x 300<\/title>\n<meta name=\"description\" content=\"Descubra a nossa caixa de pl\u00e1stico para pastelaria de 22x14x5 cm. Perfeita para grandes superf\u00edcies comerciais ou particulares.\" \/>\n<meta name=\"robots\" content=\"index, follow, max-snippet:-1, max-image-preview:large, max-video-preview:-1\" \/>\n<link rel=\"canonical\" href=\"https:\/\/www.csj-emballages.com\/pt-pt\/produit\/300-caixas-de-pastelaria-com-dobradicas-22-x-14-x-5-cm\/\" \/>\n<meta property=\"og:locale\" content=\"pt_PT\" \/>\n<meta property=\"og:type\" content=\"article\" \/>\n<meta property=\"og:title\" content=\"Caixa de pastelaria viennoiseries cristal 22 x 14 x 5 cm por 300\" \/>\n<meta property=\"og:description\" content=\"Descubra a nossa caixa de pl\u00e1stico para pastelaria de 22x14x5 cm. Perfeita para grandes superf\u00edcies comerciais ou particulares.\" \/>\n<meta property=\"og:url\" content=\"https:\/\/www.csj-emballages.com\/pt-pt\/produit\/300-caixas-de-pastelaria-com-dobradicas-22-x-14-x-5-cm\/\" \/>\n<meta property=\"og:site_name\" content=\"CSJ Emballages\" \/>\n<meta property=\"article:publisher\" content=\"https:\/\/www.facebook.com\/csjemballages\" \/>\n<meta property=\"article:modified_time\" content=\"2026-03-12T15:05:19+00:00\" \/>\n<meta property=\"og:image\" content=\"https:\/\/www.csj-emballages.com\/wp-content\/uploads\/2024\/07\/11BP50-1.webp\" \/>\n\t<meta property=\"og:image:width\" content=\"800\" \/>\n\t<meta property=\"og:image:height\" content=\"800\" \/>\n\t<meta property=\"og:image:type\" content=\"image\/webp\" \/>\n<meta name=\"twitter:card\" content=\"summary_large_image\" \/>\n<meta name=\"twitter:label1\" content=\"Tempo estimado de leitura\" \/>\n\t<meta name=\"twitter:data1\" content=\"1 minuto\" \/>\n<script type=\"application\/ld+json\" class=\"yoast-schema-graph\">{\"@context\":\"https:\/\/schema.org\",\"@graph\":[{\"@type\":\"WebPage\",\"@id\":\"https:\/\/www.csj-emballages.com\/pt-pt\/produit\/300-caixas-de-pastelaria-com-dobradicas-22-x-14-x-5-cm\/\",\"url\":\"https:\/\/www.csj-emballages.com\/pt-pt\/produit\/300-caixas-de-pastelaria-com-dobradicas-22-x-14-x-5-cm\/\",\"name\":\"Caixa de pl\u00e1stico para pastelaria 22x14x5 cm x 300\",\"isPartOf\":{\"@id\":\"https:\/\/www.csj-emballages.com\/pt-pt\/#website\"},\"primaryImageOfPage\":{\"@id\":\"https:\/\/www.csj-emballages.com\/pt-pt\/produit\/300-caixas-de-pastelaria-com-dobradicas-22-x-14-x-5-cm\/#primaryimage\"},\"image\":{\"@id\":\"https:\/\/www.csj-emballages.com\/pt-pt\/produit\/300-caixas-de-pastelaria-com-dobradicas-22-x-14-x-5-cm\/#primaryimage\"},\"thumbnailUrl\":\"https:\/\/www.csj-emballages.com\/wp-content\/uploads\/2024\/07\/11BP50-1.webp\",\"datePublished\":\"2024-07-30T00:18:49+00:00\",\"dateModified\":\"2026-03-12T15:05:19+00:00\",\"description\":\"Descubra a nossa caixa de pl\u00e1stico para pastelaria de 22x14x5 cm. Perfeita para grandes superf\u00edcies comerciais ou particulares.\",\"breadcrumb\":{\"@id\":\"https:\/\/www.csj-emballages.com\/pt-pt\/produit\/300-caixas-de-pastelaria-com-dobradicas-22-x-14-x-5-cm\/#breadcrumb\"},\"inLanguage\":\"pt-PT\",\"potentialAction\":[{\"@type\":\"ReadAction\",\"target\":[\"https:\/\/www.csj-emballages.com\/pt-pt\/produit\/300-caixas-de-pastelaria-com-dobradicas-22-x-14-x-5-cm\/\"]}]},{\"@type\":\"ImageObject\",\"inLanguage\":\"pt-PT\",\"@id\":\"https:\/\/www.csj-emballages.com\/pt-pt\/produit\/300-caixas-de-pastelaria-com-dobradicas-22-x-14-x-5-cm\/#primaryimage\",\"url\":\"https:\/\/www.csj-emballages.com\/wp-content\/uploads\/2024\/07\/11BP50-1.webp\",\"contentUrl\":\"https:\/\/www.csj-emballages.com\/wp-content\/uploads\/2024\/07\/11BP50-1.webp\",\"width\":800,\"height\":800,\"caption\":\"Boite p\u00e2tissi\u00e8re viennoiseries\"},{\"@type\":\"BreadcrumbList\",\"@id\":\"https:\/\/www.csj-emballages.com\/pt-pt\/produit\/300-caixas-de-pastelaria-com-dobradicas-22-x-14-x-5-cm\/#breadcrumb\",\"itemListElement\":[{\"@type\":\"ListItem\",\"position\":1,\"name\":\"Acolhimento\",\"item\":\"https:\/\/www.csj-emballages.com\/pt-pt\/universo-das-embalagens-alimentares\/\"},{\"@type\":\"ListItem\",\"position\":2,\"name\":\"Shop\",\"item\":\"https:\/\/www.csj-emballages.com\/shop\/\"},{\"@type\":\"ListItem\",\"position\":3,\"name\":\"Caixa de pastelaria viennoiseries cristal 22 x 14 x 5 cm por 300\"}]},{\"@type\":\"WebSite\",\"@id\":\"https:\/\/www.csj-emballages.com\/pt-pt\/#website\",\"url\":\"https:\/\/www.csj-emballages.com\/pt-pt\/\",\"name\":\"CSJ Emballages\",\"description\":\"\",\"publisher\":{\"@id\":\"https:\/\/www.csj-emballages.com\/pt-pt\/#organization\"},\"potentialAction\":[{\"@type\":\"SearchAction\",\"target\":{\"@type\":\"EntryPoint\",\"urlTemplate\":\"https:\/\/www.csj-emballages.com\/pt-pt\/?s={search_term_string}\"},\"query-input\":{\"@type\":\"PropertyValueSpecification\",\"valueRequired\":true,\"valueName\":\"search_term_string\"}}],\"inLanguage\":\"pt-PT\"},{\"@type\":\"Organization\",\"@id\":\"https:\/\/www.csj-emballages.com\/pt-pt\/#Organization\/\",\"name\":\"CSJ Emballages\",\"url\":\"https:\/\/www.csj-emballages.com\/pt-pt\/\",\"logo\":{\"@type\":\"ImageObject\",\"inLanguage\":\"pt-PT\",\"@id\":\"https:\/\/www.csj-emballages.com\/pt-pt\/#\/schema\/logo\/image\/\",\"url\":\"https:\/\/www.csj-emballages.com\/wp-content\/uploads\/2023\/10\/logo_csj.webp\",\"contentUrl\":\"https:\/\/www.csj-emballages.com\/wp-content\/uploads\/2023\/10\/logo_csj.webp\",\"width\":250,\"height\":95,\"caption\":\"CSJ Emballages\"},\"image\":{\"@id\":\"https:\/\/www.csj-emballages.com\/pt-pt\/#\/schema\/logo\/image\/\"},\"sameAs\":[\"https:\/\/www.facebook.com\/csjemballages\"],\"address\":{\"@type\":\"PostalAddress\",\"streetAddress\":\"ZI La Lechere\",\"addressLocality\":\"Patornay\",\"postalCode\":\"39130\",\"addressCountry\":\"FR\"},\"contactPoint\":[{\"@type\":\"ContactPoint\",\"contactType\":\"Service client\",\"telephone\":\"0384254272\",\"email\":\"contact@csj-emballages.com\"}]}]}<\/script>\n<!-- \/ Yoast SEO Premium plugin. -->","yoast_head_json":{"title":"Caixa de pl\u00e1stico para pastelaria 22x14x5 cm x 300","description":"Descubra a nossa caixa de pl\u00e1stico para pastelaria de 22x14x5 cm. Perfeita para grandes superf\u00edcies comerciais ou particulares.","robots":{"index":"index","follow":"follow","max-snippet":"max-snippet:-1","max-image-preview":"max-image-preview:large","max-video-preview":"max-video-preview:-1"},"canonical":"https:\/\/www.csj-emballages.com\/pt-pt\/produit\/300-caixas-de-pastelaria-com-dobradicas-22-x-14-x-5-cm\/","og_locale":"pt_PT","og_type":"article","og_title":"Caixa de pastelaria viennoiseries cristal 22 x 14 x 5 cm por 300","og_description":"Descubra a nossa caixa de pl\u00e1stico para pastelaria de 22x14x5 cm. Perfeita para grandes superf\u00edcies comerciais ou particulares.","og_url":"https:\/\/www.csj-emballages.com\/pt-pt\/produit\/300-caixas-de-pastelaria-com-dobradicas-22-x-14-x-5-cm\/","og_site_name":"CSJ Emballages","article_publisher":"https:\/\/www.facebook.com\/csjemballages","article_modified_time":"2026-03-12T15:05:19+00:00","og_image":[{"width":800,"height":800,"url":"https:\/\/www.csj-emballages.com\/wp-content\/uploads\/2024\/07\/11BP50-1.webp","type":"image\/webp"}],"twitter_card":"summary_large_image","twitter_misc":{"Tempo estimado de leitura":"1 minuto"},"schema":{"@context":"https:\/\/schema.org","@graph":[{"@type":"WebPage","@id":"https:\/\/www.csj-emballages.com\/pt-pt\/produit\/300-caixas-de-pastelaria-com-dobradicas-22-x-14-x-5-cm\/","url":"https:\/\/www.csj-emballages.com\/pt-pt\/produit\/300-caixas-de-pastelaria-com-dobradicas-22-x-14-x-5-cm\/","name":"Caixa de pl\u00e1stico para pastelaria 22x14x5 cm x 300","isPartOf":{"@id":"https:\/\/www.csj-emballages.com\/pt-pt\/#website"},"primaryImageOfPage":{"@id":"https:\/\/www.csj-emballages.com\/pt-pt\/produit\/300-caixas-de-pastelaria-com-dobradicas-22-x-14-x-5-cm\/#primaryimage"},"image":{"@id":"https:\/\/www.csj-emballages.com\/pt-pt\/produit\/300-caixas-de-pastelaria-com-dobradicas-22-x-14-x-5-cm\/#primaryimage"},"thumbnailUrl":"https:\/\/www.csj-emballages.com\/wp-content\/uploads\/2024\/07\/11BP50-1.webp","datePublished":"2024-07-30T00:18:49+00:00","dateModified":"2026-03-12T15:05:19+00:00","description":"Descubra a nossa caixa de pl\u00e1stico para pastelaria de 22x14x5 cm. Perfeita para grandes superf\u00edcies comerciais ou particulares.","breadcrumb":{"@id":"https:\/\/www.csj-emballages.com\/pt-pt\/produit\/300-caixas-de-pastelaria-com-dobradicas-22-x-14-x-5-cm\/#breadcrumb"},"inLanguage":"pt-PT","potentialAction":[{"@type":"ReadAction","target":["https:\/\/www.csj-emballages.com\/pt-pt\/produit\/300-caixas-de-pastelaria-com-dobradicas-22-x-14-x-5-cm\/"]}]},{"@type":"ImageObject","inLanguage":"pt-PT","@id":"https:\/\/www.csj-emballages.com\/pt-pt\/produit\/300-caixas-de-pastelaria-com-dobradicas-22-x-14-x-5-cm\/#primaryimage","url":"https:\/\/www.csj-emballages.com\/wp-content\/uploads\/2024\/07\/11BP50-1.webp","contentUrl":"https:\/\/www.csj-emballages.com\/wp-content\/uploads\/2024\/07\/11BP50-1.webp","width":800,"height":800,"caption":"Boite p\u00e2tissi\u00e8re viennoiseries"},{"@type":"BreadcrumbList","@id":"https:\/\/www.csj-emballages.com\/pt-pt\/produit\/300-caixas-de-pastelaria-com-dobradicas-22-x-14-x-5-cm\/#breadcrumb","itemListElement":[{"@type":"ListItem","position":1,"name":"Acolhimento","item":"https:\/\/www.csj-emballages.com\/pt-pt\/universo-das-embalagens-alimentares\/"},{"@type":"ListItem","position":2,"name":"Shop","item":"https:\/\/www.csj-emballages.com\/shop\/"},{"@type":"ListItem","position":3,"name":"Caixa de pastelaria viennoiseries cristal 22 x 14 x 5 cm por 300"}]},{"@type":"WebSite","@id":"https:\/\/www.csj-emballages.com\/pt-pt\/#website","url":"https:\/\/www.csj-emballages.com\/pt-pt\/","name":"CSJ Emballages","description":"","publisher":{"@id":"https:\/\/www.csj-emballages.com\/pt-pt\/#organization"},"potentialAction":[{"@type":"SearchAction","target":{"@type":"EntryPoint","urlTemplate":"https:\/\/www.csj-emballages.com\/pt-pt\/?s={search_term_string}"},"query-input":{"@type":"PropertyValueSpecification","valueRequired":true,"valueName":"search_term_string"}}],"inLanguage":"pt-PT"},{"@type":"Organization","@id":"https:\/\/www.csj-emballages.com\/pt-pt\/#Organization\/","name":"CSJ Emballages","url":"https:\/\/www.csj-emballages.com\/pt-pt\/","logo":{"@type":"ImageObject","inLanguage":"pt-PT","@id":"https:\/\/www.csj-emballages.com\/pt-pt\/#\/schema\/logo\/image\/","url":"https:\/\/www.csj-emballages.com\/wp-content\/uploads\/2023\/10\/logo_csj.webp","contentUrl":"https:\/\/www.csj-emballages.com\/wp-content\/uploads\/2023\/10\/logo_csj.webp","width":250,"height":95,"caption":"CSJ Emballages"},"image":{"@id":"https:\/\/www.csj-emballages.com\/pt-pt\/#\/schema\/logo\/image\/"},"sameAs":["https:\/\/www.facebook.com\/csjemballages"],"address":{"@type":"PostalAddress","streetAddress":"ZI La Lechere","addressLocality":"Patornay","postalCode":"39130","addressCountry":"FR"},"contactPoint":[{"@type":"ContactPoint","contactType":"Service client","telephone":"0384254272","email":"contact@csj-emballages.com"}]}]}},"df_price":54,"df_sale_price":54,"df_regular_price":60,"df_image_link":"https:\/\/www.csj-emballages.com\/wp-content\/uploads\/2024\/07\/11BP50-1-300x300.webp","tiered_pricing_type":"fixed","tiered_pricing_fixed_rules":[],"tiered_pricing_percentage_rules":[],"tiered_pricing_minimum":1,"tiered_pricing_roles_data":[],"_links":{"self":[{"href":"https:\/\/www.csj-emballages.com\/pt-pt\/wp-json\/wp\/v2\/product\/125857","targetHints":{"allow":["GET"]}}],"collection":[{"href":"https:\/\/www.csj-emballages.com\/pt-pt\/wp-json\/wp\/v2\/product"}],"about":[{"href":"https:\/\/www.csj-emballages.com\/pt-pt\/wp-json\/wp\/v2\/types\/product"}],"wp:featuredmedia":[{"embeddable":true,"href":"https:\/\/www.csj-emballages.com\/pt-pt\/wp-json\/wp\/v2\/media\/242370"}],"wp:attachment":[{"href":"https:\/\/www.csj-emballages.com\/pt-pt\/wp-json\/wp\/v2\/media?parent=125857"}],"wp:term":[{"taxonomy":"product_brand","embeddable":true,"href":"https:\/\/www.csj-emballages.com\/pt-pt\/wp-json\/wp\/v2\/product_brand?post=125857"},{"taxonomy":"product_cat","embeddable":true,"href":"https:\/\/www.csj-emballages.com\/pt-pt\/wp-json\/wp\/v2\/product_cat?post=125857"},{"taxonomy":"product_tag","embeddable":true,"href":"https:\/\/www.csj-emballages.com\/pt-pt\/wp-json\/wp\/v2\/product_tag?post=125857"}],"curies":[{"name":"wp","href":"https:\/\/api.w.org\/{rel}","templated":true}]}}