{"id":125830,"date":"2024-03-01T16:55:50","date_gmt":"2024-03-01T15:55:50","guid":{"rendered":"https:\/\/www.csj-emballages.com\/produit\/50-tampas-de-papel-para-copos-de-10-cl-374bla-374k\/"},"modified":"2026-04-17T02:12:03","modified_gmt":"2026-04-17T00:12:03","slug":"50-tampas-de-papel-para-copos-de-10-cl-374bla-374k","status":"publish","type":"product","link":"https:\/\/www.csj-emballages.com\/pt-pt\/produit\/50-tampas-de-papel-para-copos-de-10-cl-374bla-374k\/","title":{"rendered":"Tampa de papel para copo 374BLA 50 unid."},"content":{"rendered":"<h2>Tampa de papel<\/h2>\n<hr>\n<h3>Descubra a nossa tampa de papel para copos 374BLA, embalagem de 50<\/h3>\n<p><!--more--><\/p>\n<p data-start=\"246\" data-end=\"670\">Se pretende oferecer bebidas para levar sem o risco de derrame, esta <strong data-start=\"326\" data-end=\"349\">tampa de papel<\/strong> \u00e9 uma pequena solu\u00e7\u00e3o que muda tudo. Especialmente concebida para <strong data-start=\"428\" data-end=\"447\"><span style=\"color: #d12727;\"><a style=\"color: #d12727;\" href=\"https:\/\/www.csj-emballages.com\/pt-pt\/produit\/50-copos-de-cartao-branco-de-12-cl\/\">374BLA<\/a><\/span><\/strong>\u00e9 f\u00e1cil de encaixar e mant\u00e9m-se firmemente no lugar, mesmo quando a bebida est\u00e1 quente ou a viagem \u00e9 um pouco acidentada. O seu formato <strong>discreto<\/strong> mas eficaz mant\u00e9m o calor no interior, evitando salpicos inesperados.  <\/p>\n<p data-start=\"672\" data-end=\"1054\">O material <strong>de papel<\/strong>, resistente e agrad\u00e1vel ao tato, oferece uma alternativa mais respons\u00e1vel \u00e0s tradicionais tampas de pl\u00e1stico. \u00c9 resistente \u00e0 humidade, n\u00e3o se deforma e mant\u00e9m o seu papel at\u00e9 \u00e0 \u00faltima gota. \u00c9 o tipo de pormenor simples que \u00e9 apreciado tanto pelos profissionais como pelos clientes que gostam de um gesto mais amigo do ambiente.  <\/p>\n<p data-start=\"1056\" data-end=\"1375\">Gra\u00e7as \u00e0 sua <strong>pequena abertura pr\u00e9-cortada<\/strong>, \u00e9 f\u00e1cil beber enquanto caminha ou colocar uma palhinha, se necess\u00e1rio. Sem ferramentas complicadas, sem esfor\u00e7o: um clip, um clique e j\u00e1 est\u00e1. Para caf\u00e9s, padarias, snack-bares ou m\u00e1quinas de venda autom\u00e1tica, esta tampa simplifica realmente o servi\u00e7o.  <\/p>\n<p data-start=\"1377\" data-end=\"1571\">Vendidos <strong data-start=\"1383\" data-end=\"1400\">em embalagens de 50 unidades<\/strong>, s\u00e3o perfeitos para uma utiliza\u00e7\u00e3o regular. Nem demasiados, nem poucos: o n\u00famero certo para assegurar os seus servi\u00e7os sem sobrecarregar o seu espa\u00e7o de armazenamento. <\/p>\n<p data-start=\"1573\" data-end=\"1705\">Em poucas palavras, \u00e9 uma <strong>tampa de papel<\/strong> simples, limpa e eficaz, concebida para acompanhar todas as suas bebidas quentes no dia a dia.<\/p>\n<p data-start=\"1573\" data-end=\"1705\"><!--more--><\/p>\n<h4>Vantagens :<\/h4>\n<ul>\n<li data-start=\"1733\" data-end=\"1780\">Compat\u00edvel com os copos <strong>374BLA<\/strong>.<\/li>\n<li data-start=\"1783\" data-end=\"1828\">Papel resistente, uma alternativa ao pl\u00e1stico.<\/li>\n<li data-start=\"1831\" data-end=\"1867\">Instala\u00e7\u00e3o r\u00e1pida e segura.<\/li>\n<li data-start=\"1870\" data-end=\"1925\"><strong>Recorte<\/strong> pr\u00e1tico para beber ou acrescentar uma palhinha.<\/li>\n<li data-start=\"1928\" data-end=\"1967\">Embalagem de <strong>50<\/strong> unidades ideal para uma utiliza\u00e7\u00e3o regular.<\/li>\n<\/ul>\n<p>&nbsp;<\/p>\n<p><!--more--><\/p>\n<h4>Outras informa\u00e7\u00f5es :<\/h4>\n<ul>\n<li><strong>Embalagem<\/strong>: Pacote de 50<\/li>\n<li><strong>Dimens\u00f5es<\/strong>: \u00d864 x 11 mm (di\u00e2metro x altura)<\/li>\n<li><strong>Cor<\/strong>: Branco<\/li>\n<li><strong>Material<\/strong>: Papel<\/li>\n<\/ul>\n<p>&nbsp;<\/p>\n<p><!--more--><\/p>\n<p>Encontre aqui os copos compat\u00edveis com esta tampa de papel: <span style=\"color: #d12727;\"><a style=\"color: #d12727;\" href=\"https:\/\/www.csj-emballages.com\/pt-pt\/produit\/50-copos-de-cartao-branco-de-12-cl\/\">374BLA<\/a><\/span><\/p>\n<p>&nbsp;<\/p>\n<p><!--more--><\/p>\n<p><a href=\"https:\/\/www.csj-emballages.com\/pt-pt\/categorie-produit\/embalagem-de-alimentos\/restauracao\/chavenas-copos-baldes-garrafas\/copos-de-cartao\/copos-brancos\/\">Ver o resto da nossa gama de copos de papel<\/a><\/p>\n","protected":false},"excerpt":{"rendered":"<p>Tampa de papel Descubra a nossa tampa de papel para copos 374BLA, embalagem de 50<\/p>\n","protected":false},"featured_media":188096,"template":"","meta":{"_acf_changed":false},"product_brand":[],"product_cat":[1141,1138,1471,9242,9243,3544],"product_tag":[],"class_list":{"0":"post-125830","1":"product","2":"type-product","3":"status-publish","4":"has-post-thumbnail","6":"product_cat-embalagem-de-alimentos","7":"product_cat-restauracao","8":"product_cat-chavenas-copos-baldes-garrafas","9":"product_cat-copos-de-cartao","10":"product_cat-copos-brancos","11":"product_cat-acessorios-pt-pt","13":"first","14":"instock","15":"taxable","16":"shipping-taxable","17":"purchasable","18":"product-type-simple"},"acf":[],"yoast_head":"<!-- This site is optimized with the Yoast SEO Premium plugin v26.6 (Yoast SEO v26.6) - https:\/\/yoast.com\/wordpress\/plugins\/seo\/ -->\n<title>Tampa de papel para ch\u00e1vena de caf\u00e9 de 10 cl<\/title>\n<meta name=\"description\" content=\"Descubra a nossa tampa de papel para as suas ch\u00e1venas de caf\u00e9 de 10 cl. Dimens\u00f5es: 11 x 64 mm. Escolha um pacote de 50 tampas de papel a um pre\u00e7o baixo\" \/>\n<meta name=\"robots\" content=\"index, follow, max-snippet:-1, max-image-preview:large, max-video-preview:-1\" \/>\n<link rel=\"canonical\" href=\"https:\/\/www.csj-emballages.com\/pt-pt\/produit\/50-tampas-de-papel-para-copos-de-10-cl-374bla-374k\/\" \/>\n<meta property=\"og:locale\" content=\"pt_PT\" \/>\n<meta property=\"og:type\" content=\"article\" \/>\n<meta property=\"og:title\" content=\"Tampa de papel para copo 374BLA 50 unid.\" \/>\n<meta property=\"og:description\" content=\"Descubra a nossa tampa de papel para as suas ch\u00e1venas de caf\u00e9 de 10 cl. Dimens\u00f5es: 11 x 64 mm. Escolha um pacote de 50 tampas de papel a um pre\u00e7o baixo\" \/>\n<meta property=\"og:url\" content=\"https:\/\/www.csj-emballages.com\/pt-pt\/produit\/50-tampas-de-papel-para-copos-de-10-cl-374bla-374k\/\" \/>\n<meta property=\"og:site_name\" content=\"CSJ Emballages\" \/>\n<meta property=\"article:publisher\" content=\"https:\/\/www.facebook.com\/csjemballages\" \/>\n<meta property=\"article:modified_time\" content=\"2026-04-17T00:12:03+00:00\" \/>\n<meta property=\"og:image\" content=\"https:\/\/www.csj-emballages.com\/wp-content\/uploads\/2024\/03\/couverclepapier.webp\" \/>\n\t<meta property=\"og:image:width\" content=\"803\" \/>\n\t<meta property=\"og:image:height\" content=\"803\" \/>\n\t<meta property=\"og:image:type\" content=\"image\/webp\" \/>\n<meta name=\"twitter:card\" content=\"summary_large_image\" \/>\n<meta name=\"twitter:label1\" content=\"Tempo estimado de leitura\" \/>\n\t<meta name=\"twitter:data1\" content=\"2 minutos\" \/>\n<script type=\"application\/ld+json\" class=\"yoast-schema-graph\">{\"@context\":\"https:\/\/schema.org\",\"@graph\":[{\"@type\":\"WebPage\",\"@id\":\"https:\/\/www.csj-emballages.com\/pt-pt\/produit\/50-tampas-de-papel-para-copos-de-10-cl-374bla-374k\/\",\"url\":\"https:\/\/www.csj-emballages.com\/pt-pt\/produit\/50-tampas-de-papel-para-copos-de-10-cl-374bla-374k\/\",\"name\":\"Tampa de papel para ch\u00e1vena de caf\u00e9 de 10 cl\",\"isPartOf\":{\"@id\":\"https:\/\/www.csj-emballages.com\/pt-pt\/#website\"},\"primaryImageOfPage\":{\"@id\":\"https:\/\/www.csj-emballages.com\/pt-pt\/produit\/50-tampas-de-papel-para-copos-de-10-cl-374bla-374k\/#primaryimage\"},\"image\":{\"@id\":\"https:\/\/www.csj-emballages.com\/pt-pt\/produit\/50-tampas-de-papel-para-copos-de-10-cl-374bla-374k\/#primaryimage\"},\"thumbnailUrl\":\"https:\/\/www.csj-emballages.com\/wp-content\/uploads\/2024\/03\/couverclepapier.webp\",\"datePublished\":\"2024-03-01T15:55:50+00:00\",\"dateModified\":\"2026-04-17T00:12:03+00:00\",\"description\":\"Descubra a nossa tampa de papel para as suas ch\u00e1venas de caf\u00e9 de 10 cl. Dimens\u00f5es: 11 x 64 mm. Escolha um pacote de 50 tampas de papel a um pre\u00e7o baixo\",\"breadcrumb\":{\"@id\":\"https:\/\/www.csj-emballages.com\/pt-pt\/produit\/50-tampas-de-papel-para-copos-de-10-cl-374bla-374k\/#breadcrumb\"},\"inLanguage\":\"pt-PT\",\"potentialAction\":[{\"@type\":\"ReadAction\",\"target\":[\"https:\/\/www.csj-emballages.com\/pt-pt\/produit\/50-tampas-de-papel-para-copos-de-10-cl-374bla-374k\/\"]}]},{\"@type\":\"ImageObject\",\"inLanguage\":\"pt-PT\",\"@id\":\"https:\/\/www.csj-emballages.com\/pt-pt\/produit\/50-tampas-de-papel-para-copos-de-10-cl-374bla-374k\/#primaryimage\",\"url\":\"https:\/\/www.csj-emballages.com\/wp-content\/uploads\/2024\/03\/couverclepapier.webp\",\"contentUrl\":\"https:\/\/www.csj-emballages.com\/wp-content\/uploads\/2024\/03\/couverclepapier.webp\",\"width\":803,\"height\":803,\"caption\":\"Couvercle en papier\"},{\"@type\":\"BreadcrumbList\",\"@id\":\"https:\/\/www.csj-emballages.com\/pt-pt\/produit\/50-tampas-de-papel-para-copos-de-10-cl-374bla-374k\/#breadcrumb\",\"itemListElement\":[{\"@type\":\"ListItem\",\"position\":1,\"name\":\"Acolhimento\",\"item\":\"https:\/\/www.csj-emballages.com\/pt-pt\/universo-das-embalagens-alimentares\/\"},{\"@type\":\"ListItem\",\"position\":2,\"name\":\"Shop\",\"item\":\"https:\/\/www.csj-emballages.com\/shop\/\"},{\"@type\":\"ListItem\",\"position\":3,\"name\":\"Tampa de papel para copo 374BLA 50 unid.\"}]},{\"@type\":\"WebSite\",\"@id\":\"https:\/\/www.csj-emballages.com\/pt-pt\/#website\",\"url\":\"https:\/\/www.csj-emballages.com\/pt-pt\/\",\"name\":\"CSJ Emballages\",\"description\":\"\",\"publisher\":{\"@id\":\"https:\/\/www.csj-emballages.com\/pt-pt\/#organization\"},\"potentialAction\":[{\"@type\":\"SearchAction\",\"target\":{\"@type\":\"EntryPoint\",\"urlTemplate\":\"https:\/\/www.csj-emballages.com\/pt-pt\/?s={search_term_string}\"},\"query-input\":{\"@type\":\"PropertyValueSpecification\",\"valueRequired\":true,\"valueName\":\"search_term_string\"}}],\"inLanguage\":\"pt-PT\"},{\"@type\":\"Organization\",\"@id\":\"https:\/\/www.csj-emballages.com\/pt-pt\/#Organization\/\",\"name\":\"CSJ Emballages\",\"url\":\"https:\/\/www.csj-emballages.com\/pt-pt\/\",\"logo\":{\"@type\":\"ImageObject\",\"inLanguage\":\"pt-PT\",\"@id\":\"https:\/\/www.csj-emballages.com\/pt-pt\/#\/schema\/logo\/image\/\",\"url\":\"https:\/\/www.csj-emballages.com\/wp-content\/uploads\/2023\/10\/logo_csj.webp\",\"contentUrl\":\"https:\/\/www.csj-emballages.com\/wp-content\/uploads\/2023\/10\/logo_csj.webp\",\"width\":250,\"height\":95,\"caption\":\"CSJ Emballages\"},\"image\":{\"@id\":\"https:\/\/www.csj-emballages.com\/pt-pt\/#\/schema\/logo\/image\/\"},\"sameAs\":[\"https:\/\/www.facebook.com\/csjemballages\"],\"address\":{\"@type\":\"PostalAddress\",\"streetAddress\":\"ZI La Lechere\",\"addressLocality\":\"Patornay\",\"postalCode\":\"39130\",\"addressCountry\":\"FR\"},\"contactPoint\":[{\"@type\":\"ContactPoint\",\"contactType\":\"Service client\",\"telephone\":\"0384254272\",\"email\":\"contact@csj-emballages.com\"}]}]}<\/script>\n<!-- \/ Yoast SEO Premium plugin. -->","yoast_head_json":{"title":"Tampa de papel para ch\u00e1vena de caf\u00e9 de 10 cl","description":"Descubra a nossa tampa de papel para as suas ch\u00e1venas de caf\u00e9 de 10 cl. Dimens\u00f5es: 11 x 64 mm. Escolha um pacote de 50 tampas de papel a um pre\u00e7o baixo","robots":{"index":"index","follow":"follow","max-snippet":"max-snippet:-1","max-image-preview":"max-image-preview:large","max-video-preview":"max-video-preview:-1"},"canonical":"https:\/\/www.csj-emballages.com\/pt-pt\/produit\/50-tampas-de-papel-para-copos-de-10-cl-374bla-374k\/","og_locale":"pt_PT","og_type":"article","og_title":"Tampa de papel para copo 374BLA 50 unid.","og_description":"Descubra a nossa tampa de papel para as suas ch\u00e1venas de caf\u00e9 de 10 cl. Dimens\u00f5es: 11 x 64 mm. Escolha um pacote de 50 tampas de papel a um pre\u00e7o baixo","og_url":"https:\/\/www.csj-emballages.com\/pt-pt\/produit\/50-tampas-de-papel-para-copos-de-10-cl-374bla-374k\/","og_site_name":"CSJ Emballages","article_publisher":"https:\/\/www.facebook.com\/csjemballages","article_modified_time":"2026-04-17T00:12:03+00:00","og_image":[{"width":803,"height":803,"url":"https:\/\/www.csj-emballages.com\/wp-content\/uploads\/2024\/03\/couverclepapier.webp","type":"image\/webp"}],"twitter_card":"summary_large_image","twitter_misc":{"Tempo estimado de leitura":"2 minutos"},"schema":{"@context":"https:\/\/schema.org","@graph":[{"@type":"WebPage","@id":"https:\/\/www.csj-emballages.com\/pt-pt\/produit\/50-tampas-de-papel-para-copos-de-10-cl-374bla-374k\/","url":"https:\/\/www.csj-emballages.com\/pt-pt\/produit\/50-tampas-de-papel-para-copos-de-10-cl-374bla-374k\/","name":"Tampa de papel para ch\u00e1vena de caf\u00e9 de 10 cl","isPartOf":{"@id":"https:\/\/www.csj-emballages.com\/pt-pt\/#website"},"primaryImageOfPage":{"@id":"https:\/\/www.csj-emballages.com\/pt-pt\/produit\/50-tampas-de-papel-para-copos-de-10-cl-374bla-374k\/#primaryimage"},"image":{"@id":"https:\/\/www.csj-emballages.com\/pt-pt\/produit\/50-tampas-de-papel-para-copos-de-10-cl-374bla-374k\/#primaryimage"},"thumbnailUrl":"https:\/\/www.csj-emballages.com\/wp-content\/uploads\/2024\/03\/couverclepapier.webp","datePublished":"2024-03-01T15:55:50+00:00","dateModified":"2026-04-17T00:12:03+00:00","description":"Descubra a nossa tampa de papel para as suas ch\u00e1venas de caf\u00e9 de 10 cl. Dimens\u00f5es: 11 x 64 mm. Escolha um pacote de 50 tampas de papel a um pre\u00e7o baixo","breadcrumb":{"@id":"https:\/\/www.csj-emballages.com\/pt-pt\/produit\/50-tampas-de-papel-para-copos-de-10-cl-374bla-374k\/#breadcrumb"},"inLanguage":"pt-PT","potentialAction":[{"@type":"ReadAction","target":["https:\/\/www.csj-emballages.com\/pt-pt\/produit\/50-tampas-de-papel-para-copos-de-10-cl-374bla-374k\/"]}]},{"@type":"ImageObject","inLanguage":"pt-PT","@id":"https:\/\/www.csj-emballages.com\/pt-pt\/produit\/50-tampas-de-papel-para-copos-de-10-cl-374bla-374k\/#primaryimage","url":"https:\/\/www.csj-emballages.com\/wp-content\/uploads\/2024\/03\/couverclepapier.webp","contentUrl":"https:\/\/www.csj-emballages.com\/wp-content\/uploads\/2024\/03\/couverclepapier.webp","width":803,"height":803,"caption":"Couvercle en papier"},{"@type":"BreadcrumbList","@id":"https:\/\/www.csj-emballages.com\/pt-pt\/produit\/50-tampas-de-papel-para-copos-de-10-cl-374bla-374k\/#breadcrumb","itemListElement":[{"@type":"ListItem","position":1,"name":"Acolhimento","item":"https:\/\/www.csj-emballages.com\/pt-pt\/universo-das-embalagens-alimentares\/"},{"@type":"ListItem","position":2,"name":"Shop","item":"https:\/\/www.csj-emballages.com\/shop\/"},{"@type":"ListItem","position":3,"name":"Tampa de papel para copo 374BLA 50 unid."}]},{"@type":"WebSite","@id":"https:\/\/www.csj-emballages.com\/pt-pt\/#website","url":"https:\/\/www.csj-emballages.com\/pt-pt\/","name":"CSJ Emballages","description":"","publisher":{"@id":"https:\/\/www.csj-emballages.com\/pt-pt\/#organization"},"potentialAction":[{"@type":"SearchAction","target":{"@type":"EntryPoint","urlTemplate":"https:\/\/www.csj-emballages.com\/pt-pt\/?s={search_term_string}"},"query-input":{"@type":"PropertyValueSpecification","valueRequired":true,"valueName":"search_term_string"}}],"inLanguage":"pt-PT"},{"@type":"Organization","@id":"https:\/\/www.csj-emballages.com\/pt-pt\/#Organization\/","name":"CSJ Emballages","url":"https:\/\/www.csj-emballages.com\/pt-pt\/","logo":{"@type":"ImageObject","inLanguage":"pt-PT","@id":"https:\/\/www.csj-emballages.com\/pt-pt\/#\/schema\/logo\/image\/","url":"https:\/\/www.csj-emballages.com\/wp-content\/uploads\/2023\/10\/logo_csj.webp","contentUrl":"https:\/\/www.csj-emballages.com\/wp-content\/uploads\/2023\/10\/logo_csj.webp","width":250,"height":95,"caption":"CSJ Emballages"},"image":{"@id":"https:\/\/www.csj-emballages.com\/pt-pt\/#\/schema\/logo\/image\/"},"sameAs":["https:\/\/www.facebook.com\/csjemballages"],"address":{"@type":"PostalAddress","streetAddress":"ZI La Lechere","addressLocality":"Patornay","postalCode":"39130","addressCountry":"FR"},"contactPoint":[{"@type":"ContactPoint","contactType":"Service client","telephone":"0384254272","email":"contact@csj-emballages.com"}]}]}},"df_price":1.68,"df_sale_price":"","df_regular_price":1.68,"df_image_link":"https:\/\/www.csj-emballages.com\/wp-content\/uploads\/2024\/03\/couverclepapier-300x300.webp","tiered_pricing_type":"fixed","tiered_pricing_fixed_rules":[],"tiered_pricing_percentage_rules":[],"tiered_pricing_minimum":1,"tiered_pricing_roles_data":[],"_links":{"self":[{"href":"https:\/\/www.csj-emballages.com\/pt-pt\/wp-json\/wp\/v2\/product\/125830","targetHints":{"allow":["GET"]}}],"collection":[{"href":"https:\/\/www.csj-emballages.com\/pt-pt\/wp-json\/wp\/v2\/product"}],"about":[{"href":"https:\/\/www.csj-emballages.com\/pt-pt\/wp-json\/wp\/v2\/types\/product"}],"wp:featuredmedia":[{"embeddable":true,"href":"https:\/\/www.csj-emballages.com\/pt-pt\/wp-json\/wp\/v2\/media\/188096"}],"wp:attachment":[{"href":"https:\/\/www.csj-emballages.com\/pt-pt\/wp-json\/wp\/v2\/media?parent=125830"}],"wp:term":[{"taxonomy":"product_brand","embeddable":true,"href":"https:\/\/www.csj-emballages.com\/pt-pt\/wp-json\/wp\/v2\/product_brand?post=125830"},{"taxonomy":"product_cat","embeddable":true,"href":"https:\/\/www.csj-emballages.com\/pt-pt\/wp-json\/wp\/v2\/product_cat?post=125830"},{"taxonomy":"product_tag","embeddable":true,"href":"https:\/\/www.csj-emballages.com\/pt-pt\/wp-json\/wp\/v2\/product_tag?post=125830"}],"curies":[{"name":"wp","href":"https:\/\/api.w.org\/{rel}","templated":true}]}}