{"id":16405,"date":"2024-05-17T13:43:09","date_gmt":"2024-05-17T11:43:09","guid":{"rendered":"https:\/\/u15jnbdpoq.preview.infomaniak.website\/devolve-o-procedimento\/"},"modified":"2024-06-03T18:34:38","modified_gmt":"2024-06-03T16:34:38","slug":"devolve-o-procedimento","status":"publish","type":"page","link":"https:\/\/www.csj-emballages.com\/pt-pt\/devolve-o-procedimento\/","title":{"rendered":"Devolve o procedimento"},"content":{"rendered":"\t\t<div data-elementor-type=\"wp-page\" data-elementor-id=\"16405\" class=\"elementor elementor-16405 elementor-15456\" data-elementor-post-type=\"page\">\n\t\t\t\t<div class=\"elementor-element elementor-element-cf93bfe e-flex e-con-boxed e-con e-parent\" data-id=\"cf93bfe\" data-element_type=\"container\">\n\t\t\t\t\t<div class=\"e-con-inner\">\n\t\t\t\t<div class=\"elementor-element elementor-element-e0fe076 elementor-widget elementor-widget-text-editor\" data-id=\"e0fe076\" data-element_type=\"widget\" data-widget_type=\"text-editor.default\">\n\t\t\t\t<div class=\"elementor-widget-container\">\n\t\t\t\t\t\t\t\t\t<p>Quando compras na CSJ emballages, podes <strong>devolver o produto<\/strong> se este n\u00e3o corresponder \u00e0s tuas expectativas. Nesta p\u00e1gina, podes informar-se sobre as condi\u00e7\u00f5es necess\u00e1rias para uma devolu\u00e7\u00e3o bem sucedida.<\/p>\n<p>Podes devolver-nos o produto no prazo de 14 dias (exceto encomendas profissionais). Recordamos-te que, no \u00e2mbito desta devolu\u00e7\u00e3o, os produtos NUNCA devem ter sido utilizados: a embalagem deve estar intacta.<\/p>\n<h3> <\/h3>\n<p>Podes contactar-nos por telefone <span class=\"PBShortTxt\">, de segunda a sexta-feira, das 9h00 \u00e0s 12h00 e das 13h30 \u00e0s 17h00<\/span>, atrav\u00e9s do n\u00famero 03 84 25 42 72 (pre\u00e7o de uma chamada local). <strong>Deves anular a tua encomenda no prazo de 14 dias ap\u00f3s a rece\u00e7\u00e3o da encomenda.<\/strong><em>  (tal como comprovado pela data de rece\u00e7\u00e3o comunicada pelo transportador). O custo da devolu\u00e7\u00e3o da mercadoria fica a cargo do cliente.<\/em><\/p>\n<h2> <\/h2>\n<p>Queres exercer o teu direito de rescis\u00e3o? Basta seguires as instru\u00e7\u00f5es abaixo:<\/p>\n<ul>\n<li><em>Preenche <strong>o <a href=\"https:\/\/www.csj-emballages.com\/formulaire-de-retractation\/\" rel=\"hlid[=]128[&amp;]cpid[=]1706311\">formul\u00e1rio de desist\u00eancia<\/a> Ap\u00f3s <\/strong>a rece\u00e7\u00e3o deste formul\u00e1rio, tens 14 dias para devolver o(s) produto(s) de que j\u00e1 n\u00e3o necessitas.<\/em><\/li>\n<li><em><strong><br \/>\n  <a href=\"https:\/\/www.csj-emballages.com\/wp-content\/uploads\/2024\/05\/20676043650894.pdf\" target=\"_blank\" rel=\"hlid[=]8192[&amp;]flid[=]2121340 noopener\">Descarrega o formul\u00e1rio de devolu\u00e7\u00e3o <\/a><br \/>\n<\/strong>que vais imprimir e colocar na tua encomenda<\/em><\/li>\n<li>. Para esta devolu\u00e7\u00e3o, convidamos-te a tomar todas as medidas necess\u00e1rias para garantir uma entrega eficaz: encomenda solidamente refor\u00e7ada, portes suficientes, seguro do valor e rastreio. A CSJ emballages n\u00e3o pode, em caso algum, ser responsabilizada pela deteriora\u00e7\u00e3o do produto ou pelo seu roubo durante a viagem de regresso.<\/li>\n<\/ul>\n<p>O processo de reembolso ter\u00e1 in\u00edcio assim que recebermos a encomenda nas nossas instala\u00e7\u00f5es.<\/p>\n<p>A CSJ emballages reserva-se o direito de recusar a devolu\u00e7\u00e3o de produtos que n\u00e3o cumpram este procedimento.<\/p>\n<h2> <\/h2>\n<p>Em conformidade com as disposi\u00e7\u00f5es relativas ao direito de retrata\u00e7\u00e3o, o <strong>reembolso ser\u00e1 efectuado num prazo m\u00e1ximo de 30 dias<\/strong>. Este reembolso pode assumir v\u00e1rias formas:<\/p>\n<ul>\n<li>ou <strong>voltar a creditar o teu cart\u00e3o banc\u00e1rio<\/strong>: se tiveres pago com cart\u00e3o banc\u00e1rio, o nosso s\u00edtio poder\u00e1 voltar a creditar o teu cart\u00e3o;<\/li>\n<li>ou reembolsar-te <strong>via PayPal<\/strong>: se tiveres feito uma compra via PayPal, a nossa empresa reembolsar-te-\u00e1 atrav\u00e9s deste m\u00e9todo;<\/li>\n<li>ou por <strong>transfer\u00eancia banc\u00e1ria<\/strong>: o nosso s\u00edtio oferece-te um reembolso por transfer\u00eancia banc\u00e1ria se tiveres pago com cheque. Neste caso, n\u00e3o te esque\u00e7as de anexar um formul\u00e1rio de dados banc\u00e1rios (RIB ou IBAN) \u00e0 tua encomenda de devolu\u00e7\u00e3o.<\/li>\n<\/ul>\n<p>Nota importante: Mesmo que tenhas pago por cheque, n\u00e3o te poderemos reembolsar por este meio.<\/p>\n<p>Para mais informa\u00e7\u00f5es, consulta as nossas <a href=\"https:\/\/www.csj-emballages.com\/conditions-generales-de-ventes\/\" rel=\"hlid[=]128[&amp;]cpid[=]1706308\"><br \/>\n  <strong>Condi\u00e7\u00f5es Gerais de Venda<\/strong><br \/>\n<\/a>.<\/p>\n\t\t\t\t\t\t\t\t<\/div>\n\t\t\t\t<\/div>\n\t\t\t\t\t<\/div>\n\t\t\t\t<\/div>\n\t\t\t\t<\/div>\n\t\t","protected":false},"excerpt":{"rendered":"<p>Quando compras na CSJ emballages, podes devolver o produto se este n\u00e3o corresponder \u00e0s tuas expectativas. Nesta p\u00e1gina, podes informar-se sobre as condi\u00e7\u00f5es necess\u00e1rias para uma devolu\u00e7\u00e3o bem sucedida. Podes devolver-nos o produto no prazo de 14 dias (exceto encomendas profissionais). Recordamos-te que, no \u00e2mbito desta devolu\u00e7\u00e3o, os produtos NUNCA devem ter sido utilizados: a [&hellip;]<\/p>\n","protected":false},"author":1,"featured_media":0,"parent":0,"menu_order":0,"comment_status":"closed","ping_status":"closed","template":"","meta":{"_acf_changed":false,"footnotes":""},"categories":[],"tags":[],"class_list":["post-16405","page","type-page","status-publish","hentry"],"acf":[],"yoast_head":"<!-- This site is optimized with the Yoast SEO Premium plugin v26.6 (Yoast SEO v26.6) - https:\/\/yoast.com\/wordpress\/plugins\/seo\/ -->\n<title>Devolve o procedimento - CSJ Emballages<\/title>\n<meta name=\"robots\" content=\"index, follow, max-snippet:-1, max-image-preview:large, max-video-preview:-1\" \/>\n<link rel=\"canonical\" href=\"https:\/\/www.csj-emballages.com\/pt-pt\/devolve-o-procedimento\/\" \/>\n<meta property=\"og:locale\" content=\"pt_PT\" \/>\n<meta property=\"og:type\" content=\"article\" \/>\n<meta property=\"og:title\" content=\"Devolve o procedimento\" \/>\n<meta property=\"og:description\" content=\"Quando compras na CSJ emballages, podes devolver o produto se este n\u00e3o corresponder \u00e0s tuas expectativas. Nesta p\u00e1gina, podes informar-se sobre as condi\u00e7\u00f5es necess\u00e1rias para uma devolu\u00e7\u00e3o bem sucedida. Podes devolver-nos o produto no prazo de 14 dias (exceto encomendas profissionais). Recordamos-te que, no \u00e2mbito desta devolu\u00e7\u00e3o, os produtos NUNCA devem ter sido utilizados: a [&hellip;]\" \/>\n<meta property=\"og:url\" content=\"https:\/\/www.csj-emballages.com\/pt-pt\/devolve-o-procedimento\/\" \/>\n<meta property=\"og:site_name\" content=\"CSJ Emballages\" \/>\n<meta property=\"article:publisher\" content=\"https:\/\/www.facebook.com\/csjemballages\" \/>\n<meta property=\"article:modified_time\" content=\"2024-06-03T16:34:38+00:00\" \/>\n<meta name=\"twitter:card\" content=\"summary_large_image\" \/>\n<meta name=\"twitter:label1\" content=\"Tempo estimado de leitura\" \/>\n\t<meta name=\"twitter:data1\" content=\"2 minutos\" \/>\n<script type=\"application\/ld+json\" class=\"yoast-schema-graph\">{\"@context\":\"https:\/\/schema.org\",\"@graph\":[{\"@type\":\"WebPage\",\"@id\":\"https:\/\/www.csj-emballages.com\/pt-pt\/devolve-o-procedimento\/\",\"url\":\"https:\/\/www.csj-emballages.com\/pt-pt\/devolve-o-procedimento\/\",\"name\":\"Devolve o procedimento - CSJ Emballages\",\"isPartOf\":{\"@id\":\"https:\/\/www.csj-emballages.com\/pt-pt\/#website\"},\"datePublished\":\"2024-05-17T11:43:09+00:00\",\"dateModified\":\"2024-06-03T16:34:38+00:00\",\"breadcrumb\":{\"@id\":\"https:\/\/www.csj-emballages.com\/pt-pt\/devolve-o-procedimento\/#breadcrumb\"},\"inLanguage\":\"pt-PT\",\"potentialAction\":[{\"@type\":\"ReadAction\",\"target\":[\"https:\/\/www.csj-emballages.com\/pt-pt\/devolve-o-procedimento\/\"]}]},{\"@type\":\"BreadcrumbList\",\"@id\":\"https:\/\/www.csj-emballages.com\/pt-pt\/devolve-o-procedimento\/#breadcrumb\",\"itemListElement\":[{\"@type\":\"ListItem\",\"position\":1,\"name\":\"Acolhimento\",\"item\":\"https:\/\/www.csj-emballages.com\/pt-pt\/universo-das-embalagens-alimentares\/\"},{\"@type\":\"ListItem\",\"position\":2,\"name\":\"Devolve o procedimento\"}]},{\"@type\":\"WebSite\",\"@id\":\"https:\/\/www.csj-emballages.com\/pt-pt\/#website\",\"url\":\"https:\/\/www.csj-emballages.com\/pt-pt\/\",\"name\":\"CSJ Emballages\",\"description\":\"\",\"publisher\":{\"@id\":\"https:\/\/www.csj-emballages.com\/pt-pt\/#organization\"},\"potentialAction\":[{\"@type\":\"SearchAction\",\"target\":{\"@type\":\"EntryPoint\",\"urlTemplate\":\"https:\/\/www.csj-emballages.com\/pt-pt\/?s={search_term_string}\"},\"query-input\":{\"@type\":\"PropertyValueSpecification\",\"valueRequired\":true,\"valueName\":\"search_term_string\"}}],\"inLanguage\":\"pt-PT\"},{\"@type\":\"Organization\",\"@id\":\"https:\/\/www.csj-emballages.com\/pt-pt\/#Organization\/\",\"name\":\"CSJ Emballages\",\"url\":\"https:\/\/www.csj-emballages.com\/pt-pt\/\",\"logo\":{\"@type\":\"ImageObject\",\"inLanguage\":\"pt-PT\",\"@id\":\"https:\/\/www.csj-emballages.com\/pt-pt\/#\/schema\/logo\/image\/\",\"url\":\"https:\/\/www.csj-emballages.com\/wp-content\/uploads\/2023\/10\/logo_csj.webp\",\"contentUrl\":\"https:\/\/www.csj-emballages.com\/wp-content\/uploads\/2023\/10\/logo_csj.webp\",\"width\":250,\"height\":95,\"caption\":\"CSJ Emballages\"},\"image\":{\"@id\":\"https:\/\/www.csj-emballages.com\/pt-pt\/#\/schema\/logo\/image\/\"},\"sameAs\":[\"https:\/\/www.facebook.com\/csjemballages\"],\"address\":{\"@type\":\"PostalAddress\",\"streetAddress\":\"ZI La Lechere\",\"addressLocality\":\"Patornay\",\"postalCode\":\"39130\",\"addressCountry\":\"FR\"},\"contactPoint\":[{\"@type\":\"ContactPoint\",\"contactType\":\"Service client\",\"telephone\":\"0384254272\",\"email\":\"contact@csj-emballages.com\"}]}]}<\/script>\n<!-- \/ Yoast SEO Premium plugin. -->","yoast_head_json":{"title":"Devolve o procedimento - CSJ Emballages","robots":{"index":"index","follow":"follow","max-snippet":"max-snippet:-1","max-image-preview":"max-image-preview:large","max-video-preview":"max-video-preview:-1"},"canonical":"https:\/\/www.csj-emballages.com\/pt-pt\/devolve-o-procedimento\/","og_locale":"pt_PT","og_type":"article","og_title":"Devolve o procedimento","og_description":"Quando compras na CSJ emballages, podes devolver o produto se este n\u00e3o corresponder \u00e0s tuas expectativas. Nesta p\u00e1gina, podes informar-se sobre as condi\u00e7\u00f5es necess\u00e1rias para uma devolu\u00e7\u00e3o bem sucedida. Podes devolver-nos o produto no prazo de 14 dias (exceto encomendas profissionais). Recordamos-te que, no \u00e2mbito desta devolu\u00e7\u00e3o, os produtos NUNCA devem ter sido utilizados: a [&hellip;]","og_url":"https:\/\/www.csj-emballages.com\/pt-pt\/devolve-o-procedimento\/","og_site_name":"CSJ Emballages","article_publisher":"https:\/\/www.facebook.com\/csjemballages","article_modified_time":"2024-06-03T16:34:38+00:00","twitter_card":"summary_large_image","twitter_misc":{"Tempo estimado de leitura":"2 minutos"},"schema":{"@context":"https:\/\/schema.org","@graph":[{"@type":"WebPage","@id":"https:\/\/www.csj-emballages.com\/pt-pt\/devolve-o-procedimento\/","url":"https:\/\/www.csj-emballages.com\/pt-pt\/devolve-o-procedimento\/","name":"Devolve o procedimento - CSJ Emballages","isPartOf":{"@id":"https:\/\/www.csj-emballages.com\/pt-pt\/#website"},"datePublished":"2024-05-17T11:43:09+00:00","dateModified":"2024-06-03T16:34:38+00:00","breadcrumb":{"@id":"https:\/\/www.csj-emballages.com\/pt-pt\/devolve-o-procedimento\/#breadcrumb"},"inLanguage":"pt-PT","potentialAction":[{"@type":"ReadAction","target":["https:\/\/www.csj-emballages.com\/pt-pt\/devolve-o-procedimento\/"]}]},{"@type":"BreadcrumbList","@id":"https:\/\/www.csj-emballages.com\/pt-pt\/devolve-o-procedimento\/#breadcrumb","itemListElement":[{"@type":"ListItem","position":1,"name":"Acolhimento","item":"https:\/\/www.csj-emballages.com\/pt-pt\/universo-das-embalagens-alimentares\/"},{"@type":"ListItem","position":2,"name":"Devolve o procedimento"}]},{"@type":"WebSite","@id":"https:\/\/www.csj-emballages.com\/pt-pt\/#website","url":"https:\/\/www.csj-emballages.com\/pt-pt\/","name":"CSJ Emballages","description":"","publisher":{"@id":"https:\/\/www.csj-emballages.com\/pt-pt\/#organization"},"potentialAction":[{"@type":"SearchAction","target":{"@type":"EntryPoint","urlTemplate":"https:\/\/www.csj-emballages.com\/pt-pt\/?s={search_term_string}"},"query-input":{"@type":"PropertyValueSpecification","valueRequired":true,"valueName":"search_term_string"}}],"inLanguage":"pt-PT"},{"@type":"Organization","@id":"https:\/\/www.csj-emballages.com\/pt-pt\/#Organization\/","name":"CSJ Emballages","url":"https:\/\/www.csj-emballages.com\/pt-pt\/","logo":{"@type":"ImageObject","inLanguage":"pt-PT","@id":"https:\/\/www.csj-emballages.com\/pt-pt\/#\/schema\/logo\/image\/","url":"https:\/\/www.csj-emballages.com\/wp-content\/uploads\/2023\/10\/logo_csj.webp","contentUrl":"https:\/\/www.csj-emballages.com\/wp-content\/uploads\/2023\/10\/logo_csj.webp","width":250,"height":95,"caption":"CSJ Emballages"},"image":{"@id":"https:\/\/www.csj-emballages.com\/pt-pt\/#\/schema\/logo\/image\/"},"sameAs":["https:\/\/www.facebook.com\/csjemballages"],"address":{"@type":"PostalAddress","streetAddress":"ZI La Lechere","addressLocality":"Patornay","postalCode":"39130","addressCountry":"FR"},"contactPoint":[{"@type":"ContactPoint","contactType":"Service client","telephone":"0384254272","email":"contact@csj-emballages.com"}]}]}},"_links":{"self":[{"href":"https:\/\/www.csj-emballages.com\/pt-pt\/wp-json\/wp\/v2\/pages\/16405","targetHints":{"allow":["GET"]}}],"collection":[{"href":"https:\/\/www.csj-emballages.com\/pt-pt\/wp-json\/wp\/v2\/pages"}],"about":[{"href":"https:\/\/www.csj-emballages.com\/pt-pt\/wp-json\/wp\/v2\/types\/page"}],"author":[{"embeddable":true,"href":"https:\/\/www.csj-emballages.com\/pt-pt\/wp-json\/wp\/v2\/users\/1"}],"replies":[{"embeddable":true,"href":"https:\/\/www.csj-emballages.com\/pt-pt\/wp-json\/wp\/v2\/comments?post=16405"}],"version-history":[{"count":1,"href":"https:\/\/www.csj-emballages.com\/pt-pt\/wp-json\/wp\/v2\/pages\/16405\/revisions"}],"predecessor-version":[{"id":16406,"href":"https:\/\/www.csj-emballages.com\/pt-pt\/wp-json\/wp\/v2\/pages\/16405\/revisions\/16406"}],"wp:attachment":[{"href":"https:\/\/www.csj-emballages.com\/pt-pt\/wp-json\/wp\/v2\/media?parent=16405"}],"wp:term":[{"taxonomy":"category","embeddable":true,"href":"https:\/\/www.csj-emballages.com\/pt-pt\/wp-json\/wp\/v2\/categories?post=16405"},{"taxonomy":"post_tag","embeddable":true,"href":"https:\/\/www.csj-emballages.com\/pt-pt\/wp-json\/wp\/v2\/tags?post=16405"}],"curies":[{"name":"wp","href":"https:\/\/api.w.org\/{rel}","templated":true}]}}