{"id":277278,"date":"2026-04-13T08:18:14","date_gmt":"2026-04-13T06:18:14","guid":{"rendered":"https:\/\/www.csj-emballages.com\/produit\/meta-di-albicocche-non-pelate-in-scatola-5-1\/"},"modified":"2026-04-15T02:10:15","modified_gmt":"2026-04-15T00:10:15","slug":"meta-di-albicocche-non-pelate-in-scatola-5-1","status":"publish","type":"product","link":"https:\/\/www.csj-emballages.com\/it\/produit\/meta-di-albicocche-non-pelate-in-scatola-5-1\/","title":{"rendered":"Met\u00e0 di albicocche non pelate in scatola 5\/1"},"content":{"rendered":"<div class=\"elementor-element elementor-element-6621759 e-no-lazyload e-flex e-con-boxed e-con e-parent e-lazyloaded\" data-id=\"6621759\" data-element_type=\"container\">\n<div class=\"e-con-inner\">\n<div class=\"elementor-element elementor-element-4756e65 e-con-full e-flex e-con e-child\" data-id=\"4756e65\" data-element_type=\"container\">\n<div class=\"elementor-element elementor-element-a25940d elementor-widget elementor-widget-woocommerce-product-data-tabs\" data-id=\"a25940d\" data-element_type=\"widget\" data-widget_type=\"woocommerce-product-data-tabs.default\">\n<div class=\"elementor-widget-container\">\n<div class=\"woocommerce-tabs wc-tabs-wrapper\">\n<div id=\"tab-description\" class=\"woocommerce-Tabs-panel woocommerce-Tabs-panel--description panel entry-content wc-tab\" role=\"tabpanel\" aria-labelledby=\"tab-title-description\">\n<h2>Met\u00e0 di albicocche<\/h2>\n<hr>\n<h3>Scopri le nostre met\u00e0 di albicocche non pelate in scatola 5\/1<\/h3>\n<p><!--more--><\/p>\n<div class=\"flex flex-grow flex-col max-w-full\">\n<div class=\"min-h-[20px] text-message flex flex-col items-start whitespace-pre-wrap break-words [.text-message+&amp;]:mt-5 juice:w-full juice:items-end overflow-x-auto gap-2\" dir=\"auto\" data-message-author-role=\"assistant\" data-message-id=\"57798582-34e1-4470-b97b-0230ec037307\">\n<div class=\"flex w-full flex-col gap-1 juice:empty:hidden juice:first:pt-[3px]\">\n<div class=\"markdown prose w-full break-words dark:prose-invert light\">\n<p data-start=\"251\" data-end=\"626\">Queste <strong data-start=\"255\" data-end=\"308\">met\u00e0 di albicocche non pelate in scatola 5\/1<\/strong> sono una vera soluzione pratica per lavorare un frutto gustoso tutto l&#8217;anno, senza vincoli di stagione. Selezionate per il loro <strong>bel colore arancione<\/strong> e la loro <strong>polpa tenera<\/strong>, le <strong>albicocche<\/strong> sono tagliate in <strong>met\u00e0 regolari<\/strong> e poi accuratamente pelate per offrire una texture piacevole e una presentazione impeccabile nel piatto. <\/p>\n<p data-start=\"628\" data-end=\"993\">Appena aperte, trovi un frutto morbido, ben formato e facile da usare. Che sia per guarnire una <strong>crostata<\/strong>, preparare un <strong>clafoutis<\/strong>, accompagnare un <strong>dessert<\/strong> o integrare una <strong>ricetta agrodolce<\/strong>, queste <strong>met\u00e0 di albicocca<\/strong> si adattano a tutte le esigenze. La loro tenuta in cottura permette di conservare una bella presentazione, anche dopo il passaggio in forno o in preparazioni calde.  <\/p>\n<p data-start=\"995\" data-end=\"1296\">Grazie al suo <strong data-start=\"1007\" data-end=\"1021\">formato 5\/1<\/strong>, questa <strong>scatola<\/strong> \u00e8 perfettamente adatta ai professionisti della ristorazione, collettivit\u00e0, pasticceri o catering. Permette di lavorare in volume mantenendo una qualit\u00e0 costante. Guadagni tempo in cucina, limitando sprechi e manipolazioni.  <\/p>\n<p data-start=\"1298\" data-end=\"1558\">Inoltre, queste <strong>albicocche sciroppate<\/strong> offrono un sapore equilibrato, n\u00e9 troppo acido n\u00e9 troppo dolce, il che ne facilita l&#8217;uso in numerose ricette. Costituiscono una base affidabile sia per dessert classici che per creazioni pi\u00f9 moderne. <\/p>\n<p data-start=\"1560\" data-end=\"1743\">In sintesi, questo prodotto combina praticit\u00e0, regolarit\u00e0 e golosit\u00e0. Un indispensabile per chi vuole proporre preparazioni curate, senza dipendere dalla freschezza del mercato. <\/p>\n<p data-start=\"1560\" data-end=\"1743\">\n<\/div>\n<\/div>\n<\/div>\n<\/div>\n<p><!--more--><\/p>\n<h4>Vantaggi:<\/h4>\n<ul>\n<li data-start=\"1808\" data-end=\"1841\">Consistenza fondente e buona tenuta.<\/li>\n<li data-start=\"1844\" data-end=\"1863\">Sapore equilibrato.<\/li>\n<li data-start=\"1866\" data-end=\"1889\">Formato economico<strong> 5\/1<\/strong>.<\/li>\n<li data-start=\"1892\" data-end=\"1931\">Ideale per ristorazione e pasticceria.<\/li>\n<\/ul>\n<p>&nbsp;<\/p>\n<p><!--more--><\/p>\n<h4>Altre informazioni:<\/h4>\n<ul>\n<li><strong>Confezione<\/strong>: Scatola da 5\/1<\/li>\n<li><strong>Formato<\/strong>: Mezze<\/li>\n<li><strong>Peso netto sgocciolato<\/strong>: 2400 gr<\/li>\n<\/ul>\n<p>&nbsp;<\/p>\n<p><!--more--><\/p>\n<p>Queste albicocche a met\u00e0 sono disponibili anche in diversi formati: <span style=\"color: #d12727;\"><a style=\"color: #d12727;\" href=\"https:\/\/www.csj-emballages.com\/es\/produit\/4-4-latas-de-albaricoques-mumps-pelados-en-conserva\/\">Scatola 4\/4<\/a><\/span> \/ <span style=\"color: #d12727;\"><a style=\"color: #d12727;\" href=\"https:\/\/www.csj-emballages.com\/es\/produit\/3-1-lata-de-albaricoques-sin-pelar-para-reposteria\/\">Scatola 3\/1<\/a><\/span><\/p>\n<p>&nbsp;<\/p>\n<p><!--more--><\/p>\n<p><a href=\"https:\/\/www.csj-emballages.com\/it\/categorie-produit\/alimentari\/conserve\/frutta-sciroppata-2\/albicocche\/\">Consulta il resto della nostra gamma di albicocche<\/a><\/p>\n<\/div>\n<\/div>\n<\/div>\n<\/div>\n<\/div>\n<\/div>\n<\/div>\n<div id=\"dfd-widget-ztjp3rip\" class=\"dfd-widget\" data-dfd-view=\"Widget\" data-dfd-status=\"loading\">\n<div id=\"dfwidget-host-fcab42b2-fc1a-4b48-bcb7-1e7d3792ffcc\" class=\"dfwidget-host\"><\/div>\n<\/div>\n","protected":false},"excerpt":{"rendered":"<p>Met\u00e0 di albicocche Scopri le nostre met\u00e0 di albicocche non pelate in scatola 5\/1<\/p>\n","protected":false},"featured_media":270936,"template":"","meta":{"_acf_changed":false},"product_brand":[],"product_cat":[10445,11245,11302,11327],"product_tag":[],"class_list":{"0":"post-277278","1":"product","2":"type-product","3":"status-publish","4":"has-post-thumbnail","6":"product_cat-alimentari","7":"product_cat-conserve","8":"product_cat-frutta-sciroppata-2","9":"product_cat-albicocche","11":"first","12":"instock","13":"taxable","14":"shipping-taxable","15":"purchasable","16":"product-type-simple"},"acf":[],"yoast_head":"<!-- This site is optimized with the Yoast SEO Premium plugin v26.6 (Yoast SEO v26.6) - https:\/\/yoast.com\/wordpress\/plugins\/seo\/ -->\n<title>Met\u00e0 di Albicocche non Pelate in Scatola 5\/1<\/title>\n<meta name=\"description\" content=\"Met\u00e0 di albicocche non pelate in scatola 5\/1, perfette per pasticceria e ristorazione. Pratiche, morbide e regolari.\" \/>\n<meta name=\"robots\" content=\"index, follow, max-snippet:-1, max-image-preview:large, max-video-preview:-1\" \/>\n<link rel=\"canonical\" href=\"https:\/\/www.csj-emballages.com\/it\/produit\/meta-di-albicocche-non-pelate-in-scatola-5-1\/\" \/>\n<meta property=\"og:locale\" content=\"it_IT\" \/>\n<meta property=\"og:type\" content=\"article\" \/>\n<meta property=\"og:title\" content=\"Met\u00e0 di albicocche non pelate in scatola 5\/1\" \/>\n<meta property=\"og:description\" content=\"Met\u00e0 di albicocche non pelate in scatola 5\/1, perfette per pasticceria e ristorazione. Pratiche, morbide e regolari.\" \/>\n<meta property=\"og:url\" content=\"https:\/\/www.csj-emballages.com\/it\/produit\/meta-di-albicocche-non-pelate-in-scatola-5-1\/\" \/>\n<meta property=\"og:site_name\" content=\"CSJ Emballages\" \/>\n<meta property=\"article:publisher\" content=\"https:\/\/www.facebook.com\/csjemballages\" \/>\n<meta property=\"article:modified_time\" content=\"2026-04-15T00:10:15+00:00\" \/>\n<meta property=\"og:image\" content=\"https:\/\/www.csj-emballages.com\/wp-content\/uploads\/2024\/05\/010036-.webp\" \/>\n\t<meta property=\"og:image:width\" content=\"800\" \/>\n\t<meta property=\"og:image:height\" content=\"800\" \/>\n\t<meta property=\"og:image:type\" content=\"image\/webp\" \/>\n<meta name=\"twitter:card\" content=\"summary_large_image\" \/>\n<meta name=\"twitter:label1\" content=\"Dur\u00e9e de lecture estim\u00e9e\" \/>\n\t<meta name=\"twitter:data1\" content=\"1 minuto\" \/>\n<script type=\"application\/ld+json\" class=\"yoast-schema-graph\">{\"@context\":\"https:\/\/schema.org\",\"@graph\":[{\"@type\":\"WebPage\",\"@id\":\"https:\/\/www.csj-emballages.com\/it\/produit\/meta-di-albicocche-non-pelate-in-scatola-5-1\/\",\"url\":\"https:\/\/www.csj-emballages.com\/it\/produit\/meta-di-albicocche-non-pelate-in-scatola-5-1\/\",\"name\":\"Met\u00e0 di Albicocche non Pelate in Scatola 5\/1\",\"isPartOf\":{\"@id\":\"https:\/\/www.csj-emballages.com\/it\/#website\"},\"primaryImageOfPage\":{\"@id\":\"https:\/\/www.csj-emballages.com\/it\/produit\/meta-di-albicocche-non-pelate-in-scatola-5-1\/#primaryimage\"},\"image\":{\"@id\":\"https:\/\/www.csj-emballages.com\/it\/produit\/meta-di-albicocche-non-pelate-in-scatola-5-1\/#primaryimage\"},\"thumbnailUrl\":\"https:\/\/www.csj-emballages.com\/wp-content\/uploads\/2024\/05\/010036-.webp\",\"datePublished\":\"2026-04-13T06:18:14+00:00\",\"dateModified\":\"2026-04-15T00:10:15+00:00\",\"description\":\"Met\u00e0 di albicocche non pelate in scatola 5\/1, perfette per pasticceria e ristorazione. Pratiche, morbide e regolari.\",\"breadcrumb\":{\"@id\":\"https:\/\/www.csj-emballages.com\/it\/produit\/meta-di-albicocche-non-pelate-in-scatola-5-1\/#breadcrumb\"},\"inLanguage\":\"it-IT\",\"potentialAction\":[{\"@type\":\"ReadAction\",\"target\":[\"https:\/\/www.csj-emballages.com\/it\/produit\/meta-di-albicocche-non-pelate-in-scatola-5-1\/\"]}]},{\"@type\":\"ImageObject\",\"inLanguage\":\"it-IT\",\"@id\":\"https:\/\/www.csj-emballages.com\/it\/produit\/meta-di-albicocche-non-pelate-in-scatola-5-1\/#primaryimage\",\"url\":\"https:\/\/www.csj-emballages.com\/wp-content\/uploads\/2024\/05\/010036-.webp\",\"contentUrl\":\"https:\/\/www.csj-emballages.com\/wp-content\/uploads\/2024\/05\/010036-.webp\",\"width\":800,\"height\":800,\"caption\":\"Oreillons d'abricots\"},{\"@type\":\"BreadcrumbList\",\"@id\":\"https:\/\/www.csj-emballages.com\/it\/produit\/meta-di-albicocche-non-pelate-in-scatola-5-1\/#breadcrumb\",\"itemListElement\":[{\"@type\":\"ListItem\",\"position\":1,\"name\":\"Home\",\"item\":\"https:\/\/www.csj-emballages.com\/it\/universo-imballaggi-alimentari\/\"},{\"@type\":\"ListItem\",\"position\":2,\"name\":\"Negozio\",\"item\":\"https:\/\/www.csj-emballages.com\/it\/negozio\/\"},{\"@type\":\"ListItem\",\"position\":3,\"name\":\"Met\u00e0 di albicocche non pelate in scatola 5\/1\"}]},{\"@type\":\"WebSite\",\"@id\":\"https:\/\/www.csj-emballages.com\/it\/#website\",\"url\":\"https:\/\/www.csj-emballages.com\/it\/\",\"name\":\"CSJ Emballages\",\"description\":\"\",\"publisher\":{\"@id\":\"https:\/\/www.csj-emballages.com\/it\/#organization\"},\"potentialAction\":[{\"@type\":\"SearchAction\",\"target\":{\"@type\":\"EntryPoint\",\"urlTemplate\":\"https:\/\/www.csj-emballages.com\/it\/?s={search_term_string}\"},\"query-input\":{\"@type\":\"PropertyValueSpecification\",\"valueRequired\":true,\"valueName\":\"search_term_string\"}}],\"inLanguage\":\"it-IT\"},{\"@type\":\"Organization\",\"@id\":\"https:\/\/www.csj-emballages.com\/it\/#Organization\/\",\"name\":\"CSJ Emballages\",\"url\":\"https:\/\/www.csj-emballages.com\/it\/\",\"logo\":{\"@type\":\"ImageObject\",\"inLanguage\":\"it-IT\",\"@id\":\"https:\/\/www.csj-emballages.com\/it\/#\/schema\/logo\/image\/\",\"url\":\"https:\/\/www.csj-emballages.com\/wp-content\/uploads\/2023\/10\/logo_csj.webp\",\"contentUrl\":\"https:\/\/www.csj-emballages.com\/wp-content\/uploads\/2023\/10\/logo_csj.webp\",\"width\":250,\"height\":95,\"caption\":\"CSJ Emballages\"},\"image\":{\"@id\":\"https:\/\/www.csj-emballages.com\/it\/#\/schema\/logo\/image\/\"},\"sameAs\":[\"https:\/\/www.facebook.com\/csjemballages\"],\"address\":{\"@type\":\"PostalAddress\",\"streetAddress\":\"ZI La Lechere\",\"addressLocality\":\"Patornay\",\"postalCode\":\"39130\",\"addressCountry\":\"FR\"},\"contactPoint\":[{\"@type\":\"ContactPoint\",\"contactType\":\"Service client\",\"telephone\":\"0384254272\",\"email\":\"contact@csj-emballages.com\"}]}]}<\/script>\n<!-- \/ Yoast SEO Premium plugin. -->","yoast_head_json":{"title":"Met\u00e0 di Albicocche non Pelate in Scatola 5\/1","description":"Met\u00e0 di albicocche non pelate in scatola 5\/1, perfette per pasticceria e ristorazione. Pratiche, morbide e regolari.","robots":{"index":"index","follow":"follow","max-snippet":"max-snippet:-1","max-image-preview":"max-image-preview:large","max-video-preview":"max-video-preview:-1"},"canonical":"https:\/\/www.csj-emballages.com\/it\/produit\/meta-di-albicocche-non-pelate-in-scatola-5-1\/","og_locale":"it_IT","og_type":"article","og_title":"Met\u00e0 di albicocche non pelate in scatola 5\/1","og_description":"Met\u00e0 di albicocche non pelate in scatola 5\/1, perfette per pasticceria e ristorazione. Pratiche, morbide e regolari.","og_url":"https:\/\/www.csj-emballages.com\/it\/produit\/meta-di-albicocche-non-pelate-in-scatola-5-1\/","og_site_name":"CSJ Emballages","article_publisher":"https:\/\/www.facebook.com\/csjemballages","article_modified_time":"2026-04-15T00:10:15+00:00","og_image":[{"width":800,"height":800,"url":"https:\/\/www.csj-emballages.com\/wp-content\/uploads\/2024\/05\/010036-.webp","type":"image\/webp"}],"twitter_card":"summary_large_image","twitter_misc":{"Dur\u00e9e de lecture estim\u00e9e":"1 minuto"},"schema":{"@context":"https:\/\/schema.org","@graph":[{"@type":"WebPage","@id":"https:\/\/www.csj-emballages.com\/it\/produit\/meta-di-albicocche-non-pelate-in-scatola-5-1\/","url":"https:\/\/www.csj-emballages.com\/it\/produit\/meta-di-albicocche-non-pelate-in-scatola-5-1\/","name":"Met\u00e0 di Albicocche non Pelate in Scatola 5\/1","isPartOf":{"@id":"https:\/\/www.csj-emballages.com\/it\/#website"},"primaryImageOfPage":{"@id":"https:\/\/www.csj-emballages.com\/it\/produit\/meta-di-albicocche-non-pelate-in-scatola-5-1\/#primaryimage"},"image":{"@id":"https:\/\/www.csj-emballages.com\/it\/produit\/meta-di-albicocche-non-pelate-in-scatola-5-1\/#primaryimage"},"thumbnailUrl":"https:\/\/www.csj-emballages.com\/wp-content\/uploads\/2024\/05\/010036-.webp","datePublished":"2026-04-13T06:18:14+00:00","dateModified":"2026-04-15T00:10:15+00:00","description":"Met\u00e0 di albicocche non pelate in scatola 5\/1, perfette per pasticceria e ristorazione. Pratiche, morbide e regolari.","breadcrumb":{"@id":"https:\/\/www.csj-emballages.com\/it\/produit\/meta-di-albicocche-non-pelate-in-scatola-5-1\/#breadcrumb"},"inLanguage":"it-IT","potentialAction":[{"@type":"ReadAction","target":["https:\/\/www.csj-emballages.com\/it\/produit\/meta-di-albicocche-non-pelate-in-scatola-5-1\/"]}]},{"@type":"ImageObject","inLanguage":"it-IT","@id":"https:\/\/www.csj-emballages.com\/it\/produit\/meta-di-albicocche-non-pelate-in-scatola-5-1\/#primaryimage","url":"https:\/\/www.csj-emballages.com\/wp-content\/uploads\/2024\/05\/010036-.webp","contentUrl":"https:\/\/www.csj-emballages.com\/wp-content\/uploads\/2024\/05\/010036-.webp","width":800,"height":800,"caption":"Oreillons d'abricots"},{"@type":"BreadcrumbList","@id":"https:\/\/www.csj-emballages.com\/it\/produit\/meta-di-albicocche-non-pelate-in-scatola-5-1\/#breadcrumb","itemListElement":[{"@type":"ListItem","position":1,"name":"Home","item":"https:\/\/www.csj-emballages.com\/it\/universo-imballaggi-alimentari\/"},{"@type":"ListItem","position":2,"name":"Negozio","item":"https:\/\/www.csj-emballages.com\/it\/negozio\/"},{"@type":"ListItem","position":3,"name":"Met\u00e0 di albicocche non pelate in scatola 5\/1"}]},{"@type":"WebSite","@id":"https:\/\/www.csj-emballages.com\/it\/#website","url":"https:\/\/www.csj-emballages.com\/it\/","name":"CSJ Emballages","description":"","publisher":{"@id":"https:\/\/www.csj-emballages.com\/it\/#organization"},"potentialAction":[{"@type":"SearchAction","target":{"@type":"EntryPoint","urlTemplate":"https:\/\/www.csj-emballages.com\/it\/?s={search_term_string}"},"query-input":{"@type":"PropertyValueSpecification","valueRequired":true,"valueName":"search_term_string"}}],"inLanguage":"it-IT"},{"@type":"Organization","@id":"https:\/\/www.csj-emballages.com\/it\/#Organization\/","name":"CSJ Emballages","url":"https:\/\/www.csj-emballages.com\/it\/","logo":{"@type":"ImageObject","inLanguage":"it-IT","@id":"https:\/\/www.csj-emballages.com\/it\/#\/schema\/logo\/image\/","url":"https:\/\/www.csj-emballages.com\/wp-content\/uploads\/2023\/10\/logo_csj.webp","contentUrl":"https:\/\/www.csj-emballages.com\/wp-content\/uploads\/2023\/10\/logo_csj.webp","width":250,"height":95,"caption":"CSJ Emballages"},"image":{"@id":"https:\/\/www.csj-emballages.com\/it\/#\/schema\/logo\/image\/"},"sameAs":["https:\/\/www.facebook.com\/csjemballages"],"address":{"@type":"PostalAddress","streetAddress":"ZI La Lechere","addressLocality":"Patornay","postalCode":"39130","addressCountry":"FR"},"contactPoint":[{"@type":"ContactPoint","contactType":"Service client","telephone":"0384254272","email":"contact@csj-emballages.com"}]}]}},"df_price":14.99,"df_sale_price":"","df_regular_price":14.99,"df_image_link":"https:\/\/www.csj-emballages.com\/wp-content\/uploads\/2024\/05\/010036--300x300.webp","tiered_pricing_type":"fixed","tiered_pricing_fixed_rules":[],"tiered_pricing_percentage_rules":[],"tiered_pricing_minimum":1,"tiered_pricing_roles_data":[],"_links":{"self":[{"href":"https:\/\/www.csj-emballages.com\/it\/wp-json\/wp\/v2\/product\/277278","targetHints":{"allow":["GET"]}}],"collection":[{"href":"https:\/\/www.csj-emballages.com\/it\/wp-json\/wp\/v2\/product"}],"about":[{"href":"https:\/\/www.csj-emballages.com\/it\/wp-json\/wp\/v2\/types\/product"}],"wp:featuredmedia":[{"embeddable":true,"href":"https:\/\/www.csj-emballages.com\/it\/wp-json\/wp\/v2\/media\/270936"}],"wp:attachment":[{"href":"https:\/\/www.csj-emballages.com\/it\/wp-json\/wp\/v2\/media?parent=277278"}],"wp:term":[{"taxonomy":"product_brand","embeddable":true,"href":"https:\/\/www.csj-emballages.com\/it\/wp-json\/wp\/v2\/product_brand?post=277278"},{"taxonomy":"product_cat","embeddable":true,"href":"https:\/\/www.csj-emballages.com\/it\/wp-json\/wp\/v2\/product_cat?post=277278"},{"taxonomy":"product_tag","embeddable":true,"href":"https:\/\/www.csj-emballages.com\/it\/wp-json\/wp\/v2\/product_tag?post=277278"}],"curies":[{"name":"wp","href":"https:\/\/api.w.org\/{rel}","templated":true}]}}