{"id":275452,"date":"2026-03-30T08:18:15","date_gmt":"2026-03-30T06:18:15","guid":{"rendered":"https:\/\/www.csj-emballages.com\/produit\/caffe-in-grani-selecao-68-arabica-32-robusta-da-1-kg\/"},"modified":"2026-03-31T02:10:52","modified_gmt":"2026-03-31T00:10:52","slug":"caffe-in-grani-selecao-68-arabica-32-robusta-da-1-kg","status":"publish","type":"product","link":"https:\/\/www.csj-emballages.com\/it\/produit\/caffe-in-grani-selecao-68-arabica-32-robusta-da-1-kg\/","title":{"rendered":"Caff\u00e8 in grani Sele\u00e7\u00e3o 68% arabica \/ 32% robusta da 1 kg"},"content":{"rendered":"<h2>Caff\u00e8 in grani<\/h2>\n<hr>\n<h3>Scopri il nostro caff\u00e8 in grani Sele\u00e7\u00e3o 68% arabica \/ 32% robusta da 1 kg<\/h3>\n<p><!--more--><\/p>\n<p data-start=\"152\" data-end=\"461\">Scopri il <strong>caff\u00e8 in grani Sele\u00e7\u00e3o<\/strong>, una miscela sottilmente elaborata per offrire un&#8217;esperienza ricca ed equilibrata ad ogni tazza. Composto dal <strong>68% di arabica<\/strong> per le sue delicate note aromatiche e dal <strong>32% di robusta<\/strong> per la sua potenza, questo caff\u00e8 seduce con la sua intensit\u00e0 controllata e la sua piacevole persistenza al palato. <\/p>\n<p data-start=\"463\" data-end=\"700\">Il suo profilo gustativo rivela un caff\u00e8 armonioso, rotondo e leggermente corposo, ideale per gli amanti dei caff\u00e8 espressivi senza eccessi di amaro. Perfetto per iniziare la giornata con energia o per accompagnare una piacevole pausa caff\u00e8. <\/p>\n<p data-start=\"702\" data-end=\"845\">Confezionato in <strong>sacchetto da 1 kg<\/strong>, \u00e8 adatto sia ai professionisti che ai privati che desiderano unire qualit\u00e0 e regolarit\u00e0 nella vita di tutti i giorni.<\/p>\n<p data-start=\"702\" data-end=\"845\">\n<p data-start=\"702\" data-end=\"845\"><!--more--><\/p>\n<p><span style=\"color: #ff0000;\"><b>*Compatibili con le macchine NESCAF\u00c9 &amp; DOLCE GUSTO.<\/b><\/span><\/p>\n<p>&nbsp;<\/p>\n<p data-start=\"667\" data-end=\"860\"><!--more--><\/p>\n<h4 data-start=\"715\" data-end=\"933\">Vantaggi:<\/h4>\n<ul>\n<li data-section-id=\"tdkv14\" data-start=\"888\" data-end=\"978\">Dominanza arabica per la finezza, robusta per il corpo<\/li>\n<li data-section-id=\"tdkv14\" data-start=\"888\" data-end=\"978\"> Intensit\u00e0 piacevole senza essere troppo amara<\/li>\n<li data-section-id=\"3i85g6\" data-start=\"1050\" data-end=\"1117\"> Una degustazione raffinata<\/li>\n<li data-section-id=\"q8yimg\" data-start=\"1118\" data-end=\"1184\">Perfetto per un uso regolare<\/li>\n<li data-section-id=\"7gyeqq\" data-start=\"1185\" data-end=\"1279\">Ideale per espresso, caff\u00e8 lungo o macchine automatiche<\/li>\n<li data-section-id=\"1qu97yw\" data-start=\"1280\" data-end=\"1348\">Un caff\u00e8 che piacer\u00e0 a molti<\/li>\n<\/ul>\n<p>&nbsp;<\/p>\n<p data-start=\"715\" data-end=\"933\"><!--more--><\/p>\n<h4 data-start=\"715\" data-end=\"933\">Altre informazioni:<\/h4>\n<ul>\n<li><strong>Confezione<\/strong>: Pacco da 1 kg<\/li>\n<li><b>Composizione<\/b>: 68% arabica \/ 32% robusta<\/li>\n<\/ul>\n<p>&nbsp;<\/p>\n<p><!--more--><\/p>\n<p>Trova qui tutti i nostri caff\u00e8 in grani: <span style=\"color: #d12727;\"><a style=\"color: #d12727;\" href=\"https:\/\/www.csj-emballages.com\/es\/produit\/cafe-en-grano-chavena-65-arabica-35-robusta-en-1-kg\/\">Caff\u00e8 Chavena<\/a><\/span> \/ <span style=\"color: #d12727;\"><a style=\"color: #d12727;\" href=\"https:\/\/www.csj-emballages.com\/es\/produit\/cafe-en-grano-las-vegas-70-arabica-30-robusta-en-1-kg\/\">Caff\u00e8 Las Vegas<\/a><\/span><\/p>\n<p>&nbsp;<\/p>\n<p><!--more--><\/p>\n<p><a href=\"https:\/\/www.csj-emballages.com\/it\/categorie-produit\/alimentari\/caffe-in-grani\/\">Scopri il resto della nostra gamma di caff\u00e8 in grani<\/a><\/p>\n","protected":false},"excerpt":{"rendered":"<p>Caff\u00e8 in grani Scopri il nostro caff\u00e8 in grani Sele\u00e7\u00e3o 68% arabica \/ 32% robusta da 1 kg<\/p>\n","protected":false},"featured_media":275440,"template":"","meta":{"_acf_changed":false},"product_brand":[],"product_cat":[10445,11604],"product_tag":[],"class_list":{"0":"post-275452","1":"product","2":"type-product","3":"status-publish","4":"has-post-thumbnail","6":"product_cat-alimentari","7":"product_cat-caffe-in-grani","9":"first","10":"instock","11":"taxable","12":"shipping-taxable","13":"purchasable","14":"product-type-simple"},"acf":[],"yoast_head":"<!-- This site is optimized with the Yoast SEO Premium plugin v26.6 (Yoast SEO v26.6) - https:\/\/yoast.com\/wordpress\/plugins\/seo\/ -->\n<title>Caff\u00e8 in Grani Sele\u00e7\u00e3o 68% Arabica \/ 32% Robusta da 1 kg<\/title>\n<meta name=\"description\" content=\"Caff\u00e8 in grani Sele\u00e7\u00e3o 1 kg - Miscela 68% arabica \/ 32% robusta. Caff\u00e8 equilibrato, aromatico e leggermente corposo, ideale per espresso e uso quotidiano.\" \/>\n<meta name=\"robots\" content=\"index, follow, max-snippet:-1, max-image-preview:large, max-video-preview:-1\" \/>\n<link rel=\"canonical\" href=\"https:\/\/www.csj-emballages.com\/it\/produit\/caffe-in-grani-selecao-68-arabica-32-robusta-da-1-kg\/\" \/>\n<meta property=\"og:locale\" content=\"it_IT\" \/>\n<meta property=\"og:type\" content=\"article\" \/>\n<meta property=\"og:title\" content=\"Caff\u00e8 in grani Sele\u00e7\u00e3o 68% arabica \/ 32% robusta da 1 kg\" \/>\n<meta property=\"og:description\" content=\"Caff\u00e8 in grani Sele\u00e7\u00e3o 1 kg - Miscela 68% arabica \/ 32% robusta. Caff\u00e8 equilibrato, aromatico e leggermente corposo, ideale per espresso e uso quotidiano.\" \/>\n<meta property=\"og:url\" content=\"https:\/\/www.csj-emballages.com\/it\/produit\/caffe-in-grani-selecao-68-arabica-32-robusta-da-1-kg\/\" \/>\n<meta property=\"og:site_name\" content=\"CSJ Emballages\" \/>\n<meta property=\"article:publisher\" content=\"https:\/\/www.facebook.com\/csjemballages\" \/>\n<meta property=\"article:modified_time\" content=\"2026-03-31T00:10:52+00:00\" \/>\n<meta property=\"og:image\" content=\"https:\/\/www.csj-emballages.com\/wp-content\/uploads\/2026\/03\/13002.webp\" \/>\n\t<meta property=\"og:image:width\" content=\"799\" \/>\n\t<meta property=\"og:image:height\" content=\"800\" \/>\n\t<meta property=\"og:image:type\" content=\"image\/webp\" \/>\n<meta name=\"twitter:card\" content=\"summary_large_image\" \/>\n<meta name=\"twitter:label1\" content=\"Dur\u00e9e de lecture estim\u00e9e\" \/>\n\t<meta name=\"twitter:data1\" content=\"1 minuto\" \/>\n<script type=\"application\/ld+json\" class=\"yoast-schema-graph\">{\"@context\":\"https:\/\/schema.org\",\"@graph\":[{\"@type\":\"WebPage\",\"@id\":\"https:\/\/www.csj-emballages.com\/it\/produit\/caffe-in-grani-selecao-68-arabica-32-robusta-da-1-kg\/\",\"url\":\"https:\/\/www.csj-emballages.com\/it\/produit\/caffe-in-grani-selecao-68-arabica-32-robusta-da-1-kg\/\",\"name\":\"Caff\u00e8 in Grani Sele\u00e7\u00e3o 68% Arabica \/ 32% Robusta da 1 kg\",\"isPartOf\":{\"@id\":\"https:\/\/www.csj-emballages.com\/it\/#website\"},\"primaryImageOfPage\":{\"@id\":\"https:\/\/www.csj-emballages.com\/it\/produit\/caffe-in-grani-selecao-68-arabica-32-robusta-da-1-kg\/#primaryimage\"},\"image\":{\"@id\":\"https:\/\/www.csj-emballages.com\/it\/produit\/caffe-in-grani-selecao-68-arabica-32-robusta-da-1-kg\/#primaryimage\"},\"thumbnailUrl\":\"https:\/\/www.csj-emballages.com\/wp-content\/uploads\/2026\/03\/13002.webp\",\"datePublished\":\"2026-03-30T06:18:15+00:00\",\"dateModified\":\"2026-03-31T00:10:52+00:00\",\"description\":\"Caff\u00e8 in grani Sele\u00e7\u00e3o 1 kg - Miscela 68% arabica \/ 32% robusta. Caff\u00e8 equilibrato, aromatico e leggermente corposo, ideale per espresso e uso quotidiano.\",\"breadcrumb\":{\"@id\":\"https:\/\/www.csj-emballages.com\/it\/produit\/caffe-in-grani-selecao-68-arabica-32-robusta-da-1-kg\/#breadcrumb\"},\"inLanguage\":\"it-IT\",\"potentialAction\":[{\"@type\":\"ReadAction\",\"target\":[\"https:\/\/www.csj-emballages.com\/it\/produit\/caffe-in-grani-selecao-68-arabica-32-robusta-da-1-kg\/\"]}]},{\"@type\":\"ImageObject\",\"inLanguage\":\"it-IT\",\"@id\":\"https:\/\/www.csj-emballages.com\/it\/produit\/caffe-in-grani-selecao-68-arabica-32-robusta-da-1-kg\/#primaryimage\",\"url\":\"https:\/\/www.csj-emballages.com\/wp-content\/uploads\/2026\/03\/13002.webp\",\"contentUrl\":\"https:\/\/www.csj-emballages.com\/wp-content\/uploads\/2026\/03\/13002.webp\",\"width\":799,\"height\":800,\"caption\":\"Caf\u00e9 en grains\"},{\"@type\":\"BreadcrumbList\",\"@id\":\"https:\/\/www.csj-emballages.com\/it\/produit\/caffe-in-grani-selecao-68-arabica-32-robusta-da-1-kg\/#breadcrumb\",\"itemListElement\":[{\"@type\":\"ListItem\",\"position\":1,\"name\":\"Home\",\"item\":\"https:\/\/www.csj-emballages.com\/it\/universo-imballaggi-alimentari\/\"},{\"@type\":\"ListItem\",\"position\":2,\"name\":\"Negozio\",\"item\":\"https:\/\/www.csj-emballages.com\/it\/negozio\/\"},{\"@type\":\"ListItem\",\"position\":3,\"name\":\"Caff\u00e8 in grani Sele\u00e7\u00e3o 68% arabica \/ 32% robusta da 1 kg\"}]},{\"@type\":\"WebSite\",\"@id\":\"https:\/\/www.csj-emballages.com\/it\/#website\",\"url\":\"https:\/\/www.csj-emballages.com\/it\/\",\"name\":\"CSJ Emballages\",\"description\":\"\",\"publisher\":{\"@id\":\"https:\/\/www.csj-emballages.com\/it\/#organization\"},\"potentialAction\":[{\"@type\":\"SearchAction\",\"target\":{\"@type\":\"EntryPoint\",\"urlTemplate\":\"https:\/\/www.csj-emballages.com\/it\/?s={search_term_string}\"},\"query-input\":{\"@type\":\"PropertyValueSpecification\",\"valueRequired\":true,\"valueName\":\"search_term_string\"}}],\"inLanguage\":\"it-IT\"},{\"@type\":\"Organization\",\"@id\":\"https:\/\/www.csj-emballages.com\/it\/#Organization\/\",\"name\":\"CSJ Emballages\",\"url\":\"https:\/\/www.csj-emballages.com\/it\/\",\"logo\":{\"@type\":\"ImageObject\",\"inLanguage\":\"it-IT\",\"@id\":\"https:\/\/www.csj-emballages.com\/it\/#\/schema\/logo\/image\/\",\"url\":\"https:\/\/www.csj-emballages.com\/wp-content\/uploads\/2023\/10\/logo_csj.webp\",\"contentUrl\":\"https:\/\/www.csj-emballages.com\/wp-content\/uploads\/2023\/10\/logo_csj.webp\",\"width\":250,\"height\":95,\"caption\":\"CSJ Emballages\"},\"image\":{\"@id\":\"https:\/\/www.csj-emballages.com\/it\/#\/schema\/logo\/image\/\"},\"sameAs\":[\"https:\/\/www.facebook.com\/csjemballages\"],\"address\":{\"@type\":\"PostalAddress\",\"streetAddress\":\"ZI La Lechere\",\"addressLocality\":\"Patornay\",\"postalCode\":\"39130\",\"addressCountry\":\"FR\"},\"contactPoint\":[{\"@type\":\"ContactPoint\",\"contactType\":\"Service client\",\"telephone\":\"0384254272\",\"email\":\"contact@csj-emballages.com\"}]}]}<\/script>\n<!-- \/ Yoast SEO Premium plugin. -->","yoast_head_json":{"title":"Caff\u00e8 in Grani Sele\u00e7\u00e3o 68% Arabica \/ 32% Robusta da 1 kg","description":"Caff\u00e8 in grani Sele\u00e7\u00e3o 1 kg - Miscela 68% arabica \/ 32% robusta. Caff\u00e8 equilibrato, aromatico e leggermente corposo, ideale per espresso e uso quotidiano.","robots":{"index":"index","follow":"follow","max-snippet":"max-snippet:-1","max-image-preview":"max-image-preview:large","max-video-preview":"max-video-preview:-1"},"canonical":"https:\/\/www.csj-emballages.com\/it\/produit\/caffe-in-grani-selecao-68-arabica-32-robusta-da-1-kg\/","og_locale":"it_IT","og_type":"article","og_title":"Caff\u00e8 in grani Sele\u00e7\u00e3o 68% arabica \/ 32% robusta da 1 kg","og_description":"Caff\u00e8 in grani Sele\u00e7\u00e3o 1 kg - Miscela 68% arabica \/ 32% robusta. Caff\u00e8 equilibrato, aromatico e leggermente corposo, ideale per espresso e uso quotidiano.","og_url":"https:\/\/www.csj-emballages.com\/it\/produit\/caffe-in-grani-selecao-68-arabica-32-robusta-da-1-kg\/","og_site_name":"CSJ Emballages","article_publisher":"https:\/\/www.facebook.com\/csjemballages","article_modified_time":"2026-03-31T00:10:52+00:00","og_image":[{"width":799,"height":800,"url":"https:\/\/www.csj-emballages.com\/wp-content\/uploads\/2026\/03\/13002.webp","type":"image\/webp"}],"twitter_card":"summary_large_image","twitter_misc":{"Dur\u00e9e de lecture estim\u00e9e":"1 minuto"},"schema":{"@context":"https:\/\/schema.org","@graph":[{"@type":"WebPage","@id":"https:\/\/www.csj-emballages.com\/it\/produit\/caffe-in-grani-selecao-68-arabica-32-robusta-da-1-kg\/","url":"https:\/\/www.csj-emballages.com\/it\/produit\/caffe-in-grani-selecao-68-arabica-32-robusta-da-1-kg\/","name":"Caff\u00e8 in Grani Sele\u00e7\u00e3o 68% Arabica \/ 32% Robusta da 1 kg","isPartOf":{"@id":"https:\/\/www.csj-emballages.com\/it\/#website"},"primaryImageOfPage":{"@id":"https:\/\/www.csj-emballages.com\/it\/produit\/caffe-in-grani-selecao-68-arabica-32-robusta-da-1-kg\/#primaryimage"},"image":{"@id":"https:\/\/www.csj-emballages.com\/it\/produit\/caffe-in-grani-selecao-68-arabica-32-robusta-da-1-kg\/#primaryimage"},"thumbnailUrl":"https:\/\/www.csj-emballages.com\/wp-content\/uploads\/2026\/03\/13002.webp","datePublished":"2026-03-30T06:18:15+00:00","dateModified":"2026-03-31T00:10:52+00:00","description":"Caff\u00e8 in grani Sele\u00e7\u00e3o 1 kg - Miscela 68% arabica \/ 32% robusta. Caff\u00e8 equilibrato, aromatico e leggermente corposo, ideale per espresso e uso quotidiano.","breadcrumb":{"@id":"https:\/\/www.csj-emballages.com\/it\/produit\/caffe-in-grani-selecao-68-arabica-32-robusta-da-1-kg\/#breadcrumb"},"inLanguage":"it-IT","potentialAction":[{"@type":"ReadAction","target":["https:\/\/www.csj-emballages.com\/it\/produit\/caffe-in-grani-selecao-68-arabica-32-robusta-da-1-kg\/"]}]},{"@type":"ImageObject","inLanguage":"it-IT","@id":"https:\/\/www.csj-emballages.com\/it\/produit\/caffe-in-grani-selecao-68-arabica-32-robusta-da-1-kg\/#primaryimage","url":"https:\/\/www.csj-emballages.com\/wp-content\/uploads\/2026\/03\/13002.webp","contentUrl":"https:\/\/www.csj-emballages.com\/wp-content\/uploads\/2026\/03\/13002.webp","width":799,"height":800,"caption":"Caf\u00e9 en grains"},{"@type":"BreadcrumbList","@id":"https:\/\/www.csj-emballages.com\/it\/produit\/caffe-in-grani-selecao-68-arabica-32-robusta-da-1-kg\/#breadcrumb","itemListElement":[{"@type":"ListItem","position":1,"name":"Home","item":"https:\/\/www.csj-emballages.com\/it\/universo-imballaggi-alimentari\/"},{"@type":"ListItem","position":2,"name":"Negozio","item":"https:\/\/www.csj-emballages.com\/it\/negozio\/"},{"@type":"ListItem","position":3,"name":"Caff\u00e8 in grani Sele\u00e7\u00e3o 68% arabica \/ 32% robusta da 1 kg"}]},{"@type":"WebSite","@id":"https:\/\/www.csj-emballages.com\/it\/#website","url":"https:\/\/www.csj-emballages.com\/it\/","name":"CSJ Emballages","description":"","publisher":{"@id":"https:\/\/www.csj-emballages.com\/it\/#organization"},"potentialAction":[{"@type":"SearchAction","target":{"@type":"EntryPoint","urlTemplate":"https:\/\/www.csj-emballages.com\/it\/?s={search_term_string}"},"query-input":{"@type":"PropertyValueSpecification","valueRequired":true,"valueName":"search_term_string"}}],"inLanguage":"it-IT"},{"@type":"Organization","@id":"https:\/\/www.csj-emballages.com\/it\/#Organization\/","name":"CSJ Emballages","url":"https:\/\/www.csj-emballages.com\/it\/","logo":{"@type":"ImageObject","inLanguage":"it-IT","@id":"https:\/\/www.csj-emballages.com\/it\/#\/schema\/logo\/image\/","url":"https:\/\/www.csj-emballages.com\/wp-content\/uploads\/2023\/10\/logo_csj.webp","contentUrl":"https:\/\/www.csj-emballages.com\/wp-content\/uploads\/2023\/10\/logo_csj.webp","width":250,"height":95,"caption":"CSJ Emballages"},"image":{"@id":"https:\/\/www.csj-emballages.com\/it\/#\/schema\/logo\/image\/"},"sameAs":["https:\/\/www.facebook.com\/csjemballages"],"address":{"@type":"PostalAddress","streetAddress":"ZI La Lechere","addressLocality":"Patornay","postalCode":"39130","addressCountry":"FR"},"contactPoint":[{"@type":"ContactPoint","contactType":"Service client","telephone":"0384254272","email":"contact@csj-emballages.com"}]}]}},"df_price":15.18,"df_sale_price":"","df_regular_price":15.18,"df_image_link":"https:\/\/www.csj-emballages.com\/wp-content\/uploads\/2026\/03\/13002-300x300.webp","tiered_pricing_type":"fixed","tiered_pricing_fixed_rules":[],"tiered_pricing_percentage_rules":[],"tiered_pricing_minimum":1,"tiered_pricing_roles_data":[],"_links":{"self":[{"href":"https:\/\/www.csj-emballages.com\/it\/wp-json\/wp\/v2\/product\/275452","targetHints":{"allow":["GET"]}}],"collection":[{"href":"https:\/\/www.csj-emballages.com\/it\/wp-json\/wp\/v2\/product"}],"about":[{"href":"https:\/\/www.csj-emballages.com\/it\/wp-json\/wp\/v2\/types\/product"}],"wp:featuredmedia":[{"embeddable":true,"href":"https:\/\/www.csj-emballages.com\/it\/wp-json\/wp\/v2\/media\/275440"}],"wp:attachment":[{"href":"https:\/\/www.csj-emballages.com\/it\/wp-json\/wp\/v2\/media?parent=275452"}],"wp:term":[{"taxonomy":"product_brand","embeddable":true,"href":"https:\/\/www.csj-emballages.com\/it\/wp-json\/wp\/v2\/product_brand?post=275452"},{"taxonomy":"product_cat","embeddable":true,"href":"https:\/\/www.csj-emballages.com\/it\/wp-json\/wp\/v2\/product_cat?post=275452"},{"taxonomy":"product_tag","embeddable":true,"href":"https:\/\/www.csj-emballages.com\/it\/wp-json\/wp\/v2\/product_tag?post=275452"}],"curies":[{"name":"wp","href":"https:\/\/api.w.org\/{rel}","templated":true}]}}