{"id":275445,"date":"2026-03-30T08:18:17","date_gmt":"2026-03-30T06:18:17","guid":{"rendered":"https:\/\/www.csj-emballages.com\/produit\/caffe-in-grani-chavena-65-arabica-35-robusta-da-1-kg\/"},"modified":"2026-03-31T02:10:53","modified_gmt":"2026-03-31T00:10:53","slug":"caffe-in-grani-chavena-65-arabica-35-robusta-da-1-kg","status":"publish","type":"product","link":"https:\/\/www.csj-emballages.com\/it\/produit\/caffe-in-grani-chavena-65-arabica-35-robusta-da-1-kg\/","title":{"rendered":"Caff\u00e8 in grani Chavena 65% arabica \/ 35% robusta da 1 kg"},"content":{"rendered":"<h2>Caff\u00e8 in grani<\/h2>\n<hr>\n<h3>Scopri il nostro caff\u00e8 in grani Chavena 65% arabica \/ 35% robusta da 1 kg<\/h3>\n<p><!--more--><\/p>\n<p data-start=\"138\" data-end=\"406\">Regala alle tue pause caff\u00e8 un vero momento di carattere con il <strong>caff\u00e8 in grani Chavena<\/strong>. Innanzitutto, sapientemente equilibrato con il <strong>65% di arabica<\/strong> per la finezza e il <strong>35% di robusta<\/strong> per l&#8217;intensit\u00e0, questa miscela \u00e8 stata pensata per sedurre gli amanti del caff\u00e8 ricco e accessibile. <\/p>\n<p data-start=\"408\" data-end=\"665\">Allo stesso modo, fin dalla prima tazza, scoprirai un caff\u00e8 dall&#8217;aroma generoso, con una bella rotondit\u00e0 in bocca e una leggera amarezza controllata. Il suo profilo equilibrato lo rende un alleato ideale sia per un <strong>espresso<\/strong> potente che per un <strong>caff\u00e8 lungo<\/strong> delicato. <\/p>\n<p data-start=\"667\" data-end=\"860\">Confezionato in <strong>formato da 1 kg<\/strong>, \u00e8 perfettamente adatto sia ai professionisti (ristorazione, uffici, collettivit\u00e0) che ai privati esigenti che desiderano un caff\u00e8 di qualit\u00e0 ogni giorno.<\/p>\n<p data-start=\"667\" data-end=\"860\">\n<p data-start=\"667\" data-end=\"860\"><!--more--><\/p>\n<p data-start=\"667\" data-end=\"860\"><span style=\"color: #ff0000;\"><b>*Compatibili con le macchine NESCAFE &amp; DOLCE GUSTO.<\/b><\/span><\/p>\n<p data-start=\"667\" data-end=\"860\">\n<p data-start=\"667\" data-end=\"860\"><!--more--><\/p>\n<h4 data-start=\"715\" data-end=\"933\">Vantaggi:<\/h4>\n<ul>\n<li data-section-id=\"2x5tj8\" data-start=\"903\" data-end=\"996\">Alleanza ideale tra dolcezza (arabica) e intensit\u00e0 (robusta)<\/li>\n<li data-section-id=\"wfy21q\" data-start=\"997\" data-end=\"1073\">Perfetto per espresso cremosi e golosi<\/li>\n<li data-section-id=\"qgwnc2\" data-start=\"1074\" data-end=\"1151\">Un\u2019esperienza sensoriale completa<\/li>\n<li data-section-id=\"80djeb\" data-start=\"1152\" data-end=\"1225\">Ideale per un consumo regolare<\/li>\n<li data-section-id=\"16vf4oz\" data-start=\"1226\" data-end=\"1317\">Macchine automatiche, percolatori, macinacaff\u00e8<\/li>\n<li data-section-id=\"1urw6td\" data-start=\"1318\" data-end=\"1386\">Adatto sia per caff\u00e8 corto che lungo<\/li>\n<\/ul>\n<p>&nbsp;<\/p>\n<p data-start=\"715\" data-end=\"933\"><!--more--><\/p>\n<h4 data-start=\"715\" data-end=\"933\">Altre informazioni:<\/h4>\n<ul>\n<li><strong>Confezione<\/strong>: Pacco da 1 kg<\/li>\n<li><b>Composizione <\/b>: 65% arabica \/ 35% robusta<\/li>\n<\/ul>\n<p>&nbsp;<\/p>\n<p><!--more--><\/p>\n<p>Trova qui tutti i nostri caff\u00e8 in grani: <span style=\"color: #d12727;\"><a style=\"color: #d12727;\" href=\"https:\/\/www.csj-emballages.com\/es\/produit\/cafe-en-grano-selecao-68-arabica-32-robusta-en-1-kg\/\">Caff\u00e8 Sele\u00e7\u00e3o<\/a><\/span> \/ <span style=\"color: #d12727;\"><a style=\"color: #d12727;\" href=\"https:\/\/www.csj-emballages.com\/es\/produit\/cafe-en-grano-las-vegas-70-arabica-30-robusta-en-1-kg\/\">Caff\u00e8 Las Vegas<\/a><\/span><\/p>\n<p>&nbsp;<\/p>\n<p><!--more--><\/p>\n<p><a href=\"https:\/\/www.csj-emballages.com\/it\/categorie-produit\/alimentari\/caffe-in-grani\/\">Scopri il resto della nostra gamma di caff\u00e8 in grani<\/a><\/p>\n","protected":false},"excerpt":{"rendered":"<p>Caff\u00e8 in grani Scopri il nostro caff\u00e8 in grani Chavena 65% arabica \/ 35% robusta da 1 kg<\/p>\n","protected":false},"featured_media":275430,"template":"","meta":{"_acf_changed":false},"product_brand":[],"product_cat":[10445,11604],"product_tag":[],"class_list":{"0":"post-275445","1":"product","2":"type-product","3":"status-publish","4":"has-post-thumbnail","6":"product_cat-alimentari","7":"product_cat-caffe-in-grani","9":"first","10":"instock","11":"taxable","12":"shipping-taxable","13":"purchasable","14":"product-type-simple"},"acf":[],"yoast_head":"<!-- This site is optimized with the Yoast SEO Premium plugin v26.6 (Yoast SEO v26.6) - https:\/\/yoast.com\/wordpress\/plugins\/seo\/ -->\n<title>Caff\u00e8 in grani Chavena 65% Arabica \/ 35% Robusta da 1 kg<\/title>\n<meta name=\"description\" content=\"Caff\u00e8 in grani Chavena 1 kg \u2013 Miscela equilibrata 65% arabica \/ 35% robusta. Ideale per un espresso ricco, aromi intensi e crema generosa. Qualit\u00e0 professionale.\" \/>\n<meta name=\"robots\" content=\"index, follow, max-snippet:-1, max-image-preview:large, max-video-preview:-1\" \/>\n<link rel=\"canonical\" href=\"https:\/\/www.csj-emballages.com\/it\/produit\/caffe-in-grani-chavena-65-arabica-35-robusta-da-1-kg\/\" \/>\n<meta property=\"og:locale\" content=\"it_IT\" \/>\n<meta property=\"og:type\" content=\"article\" \/>\n<meta property=\"og:title\" content=\"Caff\u00e8 in grani Chavena 65% arabica \/ 35% robusta da 1 kg\" \/>\n<meta property=\"og:description\" content=\"Caff\u00e8 in grani Chavena 1 kg \u2013 Miscela equilibrata 65% arabica \/ 35% robusta. Ideale per un espresso ricco, aromi intensi e crema generosa. Qualit\u00e0 professionale.\" \/>\n<meta property=\"og:url\" content=\"https:\/\/www.csj-emballages.com\/it\/produit\/caffe-in-grani-chavena-65-arabica-35-robusta-da-1-kg\/\" \/>\n<meta property=\"og:site_name\" content=\"CSJ Emballages\" \/>\n<meta property=\"article:publisher\" content=\"https:\/\/www.facebook.com\/csjemballages\" \/>\n<meta property=\"article:modified_time\" content=\"2026-03-31T00:10:53+00:00\" \/>\n<meta property=\"og:image\" content=\"https:\/\/www.csj-emballages.com\/wp-content\/uploads\/2026\/03\/13003.webp\" \/>\n\t<meta property=\"og:image:width\" content=\"800\" \/>\n\t<meta property=\"og:image:height\" content=\"800\" \/>\n\t<meta property=\"og:image:type\" content=\"image\/webp\" \/>\n<meta name=\"twitter:card\" content=\"summary_large_image\" \/>\n<meta name=\"twitter:label1\" content=\"Dur\u00e9e de lecture estim\u00e9e\" \/>\n\t<meta name=\"twitter:data1\" content=\"1 minuto\" \/>\n<script type=\"application\/ld+json\" class=\"yoast-schema-graph\">{\"@context\":\"https:\/\/schema.org\",\"@graph\":[{\"@type\":\"WebPage\",\"@id\":\"https:\/\/www.csj-emballages.com\/it\/produit\/caffe-in-grani-chavena-65-arabica-35-robusta-da-1-kg\/\",\"url\":\"https:\/\/www.csj-emballages.com\/it\/produit\/caffe-in-grani-chavena-65-arabica-35-robusta-da-1-kg\/\",\"name\":\"Caff\u00e8 in grani Chavena 65% Arabica \/ 35% Robusta da 1 kg\",\"isPartOf\":{\"@id\":\"https:\/\/www.csj-emballages.com\/it\/#website\"},\"primaryImageOfPage\":{\"@id\":\"https:\/\/www.csj-emballages.com\/it\/produit\/caffe-in-grani-chavena-65-arabica-35-robusta-da-1-kg\/#primaryimage\"},\"image\":{\"@id\":\"https:\/\/www.csj-emballages.com\/it\/produit\/caffe-in-grani-chavena-65-arabica-35-robusta-da-1-kg\/#primaryimage\"},\"thumbnailUrl\":\"https:\/\/www.csj-emballages.com\/wp-content\/uploads\/2026\/03\/13003.webp\",\"datePublished\":\"2026-03-30T06:18:17+00:00\",\"dateModified\":\"2026-03-31T00:10:53+00:00\",\"description\":\"Caff\u00e8 in grani Chavena 1 kg \u2013 Miscela equilibrata 65% arabica \/ 35% robusta. Ideale per un espresso ricco, aromi intensi e crema generosa. Qualit\u00e0 professionale.\",\"breadcrumb\":{\"@id\":\"https:\/\/www.csj-emballages.com\/it\/produit\/caffe-in-grani-chavena-65-arabica-35-robusta-da-1-kg\/#breadcrumb\"},\"inLanguage\":\"it-IT\",\"potentialAction\":[{\"@type\":\"ReadAction\",\"target\":[\"https:\/\/www.csj-emballages.com\/it\/produit\/caffe-in-grani-chavena-65-arabica-35-robusta-da-1-kg\/\"]}]},{\"@type\":\"ImageObject\",\"inLanguage\":\"it-IT\",\"@id\":\"https:\/\/www.csj-emballages.com\/it\/produit\/caffe-in-grani-chavena-65-arabica-35-robusta-da-1-kg\/#primaryimage\",\"url\":\"https:\/\/www.csj-emballages.com\/wp-content\/uploads\/2026\/03\/13003.webp\",\"contentUrl\":\"https:\/\/www.csj-emballages.com\/wp-content\/uploads\/2026\/03\/13003.webp\",\"width\":800,\"height\":800,\"caption\":\"Caf\u00e9 en grains\"},{\"@type\":\"BreadcrumbList\",\"@id\":\"https:\/\/www.csj-emballages.com\/it\/produit\/caffe-in-grani-chavena-65-arabica-35-robusta-da-1-kg\/#breadcrumb\",\"itemListElement\":[{\"@type\":\"ListItem\",\"position\":1,\"name\":\"Home\",\"item\":\"https:\/\/www.csj-emballages.com\/it\/universo-imballaggi-alimentari\/\"},{\"@type\":\"ListItem\",\"position\":2,\"name\":\"Negozio\",\"item\":\"https:\/\/www.csj-emballages.com\/it\/negozio\/\"},{\"@type\":\"ListItem\",\"position\":3,\"name\":\"Caff\u00e8 in grani Chavena 65% arabica \/ 35% robusta da 1 kg\"}]},{\"@type\":\"WebSite\",\"@id\":\"https:\/\/www.csj-emballages.com\/it\/#website\",\"url\":\"https:\/\/www.csj-emballages.com\/it\/\",\"name\":\"CSJ Emballages\",\"description\":\"\",\"publisher\":{\"@id\":\"https:\/\/www.csj-emballages.com\/it\/#organization\"},\"potentialAction\":[{\"@type\":\"SearchAction\",\"target\":{\"@type\":\"EntryPoint\",\"urlTemplate\":\"https:\/\/www.csj-emballages.com\/it\/?s={search_term_string}\"},\"query-input\":{\"@type\":\"PropertyValueSpecification\",\"valueRequired\":true,\"valueName\":\"search_term_string\"}}],\"inLanguage\":\"it-IT\"},{\"@type\":\"Organization\",\"@id\":\"https:\/\/www.csj-emballages.com\/it\/#Organization\/\",\"name\":\"CSJ Emballages\",\"url\":\"https:\/\/www.csj-emballages.com\/it\/\",\"logo\":{\"@type\":\"ImageObject\",\"inLanguage\":\"it-IT\",\"@id\":\"https:\/\/www.csj-emballages.com\/it\/#\/schema\/logo\/image\/\",\"url\":\"https:\/\/www.csj-emballages.com\/wp-content\/uploads\/2023\/10\/logo_csj.webp\",\"contentUrl\":\"https:\/\/www.csj-emballages.com\/wp-content\/uploads\/2023\/10\/logo_csj.webp\",\"width\":250,\"height\":95,\"caption\":\"CSJ Emballages\"},\"image\":{\"@id\":\"https:\/\/www.csj-emballages.com\/it\/#\/schema\/logo\/image\/\"},\"sameAs\":[\"https:\/\/www.facebook.com\/csjemballages\"],\"address\":{\"@type\":\"PostalAddress\",\"streetAddress\":\"ZI La Lechere\",\"addressLocality\":\"Patornay\",\"postalCode\":\"39130\",\"addressCountry\":\"FR\"},\"contactPoint\":[{\"@type\":\"ContactPoint\",\"contactType\":\"Service client\",\"telephone\":\"0384254272\",\"email\":\"contact@csj-emballages.com\"}]}]}<\/script>\n<!-- \/ Yoast SEO Premium plugin. -->","yoast_head_json":{"title":"Caff\u00e8 in grani Chavena 65% Arabica \/ 35% Robusta da 1 kg","description":"Caff\u00e8 in grani Chavena 1 kg \u2013 Miscela equilibrata 65% arabica \/ 35% robusta. Ideale per un espresso ricco, aromi intensi e crema generosa. Qualit\u00e0 professionale.","robots":{"index":"index","follow":"follow","max-snippet":"max-snippet:-1","max-image-preview":"max-image-preview:large","max-video-preview":"max-video-preview:-1"},"canonical":"https:\/\/www.csj-emballages.com\/it\/produit\/caffe-in-grani-chavena-65-arabica-35-robusta-da-1-kg\/","og_locale":"it_IT","og_type":"article","og_title":"Caff\u00e8 in grani Chavena 65% arabica \/ 35% robusta da 1 kg","og_description":"Caff\u00e8 in grani Chavena 1 kg \u2013 Miscela equilibrata 65% arabica \/ 35% robusta. Ideale per un espresso ricco, aromi intensi e crema generosa. Qualit\u00e0 professionale.","og_url":"https:\/\/www.csj-emballages.com\/it\/produit\/caffe-in-grani-chavena-65-arabica-35-robusta-da-1-kg\/","og_site_name":"CSJ Emballages","article_publisher":"https:\/\/www.facebook.com\/csjemballages","article_modified_time":"2026-03-31T00:10:53+00:00","og_image":[{"width":800,"height":800,"url":"https:\/\/www.csj-emballages.com\/wp-content\/uploads\/2026\/03\/13003.webp","type":"image\/webp"}],"twitter_card":"summary_large_image","twitter_misc":{"Dur\u00e9e de lecture estim\u00e9e":"1 minuto"},"schema":{"@context":"https:\/\/schema.org","@graph":[{"@type":"WebPage","@id":"https:\/\/www.csj-emballages.com\/it\/produit\/caffe-in-grani-chavena-65-arabica-35-robusta-da-1-kg\/","url":"https:\/\/www.csj-emballages.com\/it\/produit\/caffe-in-grani-chavena-65-arabica-35-robusta-da-1-kg\/","name":"Caff\u00e8 in grani Chavena 65% Arabica \/ 35% Robusta da 1 kg","isPartOf":{"@id":"https:\/\/www.csj-emballages.com\/it\/#website"},"primaryImageOfPage":{"@id":"https:\/\/www.csj-emballages.com\/it\/produit\/caffe-in-grani-chavena-65-arabica-35-robusta-da-1-kg\/#primaryimage"},"image":{"@id":"https:\/\/www.csj-emballages.com\/it\/produit\/caffe-in-grani-chavena-65-arabica-35-robusta-da-1-kg\/#primaryimage"},"thumbnailUrl":"https:\/\/www.csj-emballages.com\/wp-content\/uploads\/2026\/03\/13003.webp","datePublished":"2026-03-30T06:18:17+00:00","dateModified":"2026-03-31T00:10:53+00:00","description":"Caff\u00e8 in grani Chavena 1 kg \u2013 Miscela equilibrata 65% arabica \/ 35% robusta. Ideale per un espresso ricco, aromi intensi e crema generosa. Qualit\u00e0 professionale.","breadcrumb":{"@id":"https:\/\/www.csj-emballages.com\/it\/produit\/caffe-in-grani-chavena-65-arabica-35-robusta-da-1-kg\/#breadcrumb"},"inLanguage":"it-IT","potentialAction":[{"@type":"ReadAction","target":["https:\/\/www.csj-emballages.com\/it\/produit\/caffe-in-grani-chavena-65-arabica-35-robusta-da-1-kg\/"]}]},{"@type":"ImageObject","inLanguage":"it-IT","@id":"https:\/\/www.csj-emballages.com\/it\/produit\/caffe-in-grani-chavena-65-arabica-35-robusta-da-1-kg\/#primaryimage","url":"https:\/\/www.csj-emballages.com\/wp-content\/uploads\/2026\/03\/13003.webp","contentUrl":"https:\/\/www.csj-emballages.com\/wp-content\/uploads\/2026\/03\/13003.webp","width":800,"height":800,"caption":"Caf\u00e9 en grains"},{"@type":"BreadcrumbList","@id":"https:\/\/www.csj-emballages.com\/it\/produit\/caffe-in-grani-chavena-65-arabica-35-robusta-da-1-kg\/#breadcrumb","itemListElement":[{"@type":"ListItem","position":1,"name":"Home","item":"https:\/\/www.csj-emballages.com\/it\/universo-imballaggi-alimentari\/"},{"@type":"ListItem","position":2,"name":"Negozio","item":"https:\/\/www.csj-emballages.com\/it\/negozio\/"},{"@type":"ListItem","position":3,"name":"Caff\u00e8 in grani Chavena 65% arabica \/ 35% robusta da 1 kg"}]},{"@type":"WebSite","@id":"https:\/\/www.csj-emballages.com\/it\/#website","url":"https:\/\/www.csj-emballages.com\/it\/","name":"CSJ Emballages","description":"","publisher":{"@id":"https:\/\/www.csj-emballages.com\/it\/#organization"},"potentialAction":[{"@type":"SearchAction","target":{"@type":"EntryPoint","urlTemplate":"https:\/\/www.csj-emballages.com\/it\/?s={search_term_string}"},"query-input":{"@type":"PropertyValueSpecification","valueRequired":true,"valueName":"search_term_string"}}],"inLanguage":"it-IT"},{"@type":"Organization","@id":"https:\/\/www.csj-emballages.com\/it\/#Organization\/","name":"CSJ Emballages","url":"https:\/\/www.csj-emballages.com\/it\/","logo":{"@type":"ImageObject","inLanguage":"it-IT","@id":"https:\/\/www.csj-emballages.com\/it\/#\/schema\/logo\/image\/","url":"https:\/\/www.csj-emballages.com\/wp-content\/uploads\/2023\/10\/logo_csj.webp","contentUrl":"https:\/\/www.csj-emballages.com\/wp-content\/uploads\/2023\/10\/logo_csj.webp","width":250,"height":95,"caption":"CSJ Emballages"},"image":{"@id":"https:\/\/www.csj-emballages.com\/it\/#\/schema\/logo\/image\/"},"sameAs":["https:\/\/www.facebook.com\/csjemballages"],"address":{"@type":"PostalAddress","streetAddress":"ZI La Lechere","addressLocality":"Patornay","postalCode":"39130","addressCountry":"FR"},"contactPoint":[{"@type":"ContactPoint","contactType":"Service client","telephone":"0384254272","email":"contact@csj-emballages.com"}]}]}},"df_price":13.37,"df_sale_price":"","df_regular_price":13.37,"df_image_link":"https:\/\/www.csj-emballages.com\/wp-content\/uploads\/2026\/03\/13003-300x300.webp","tiered_pricing_type":"fixed","tiered_pricing_fixed_rules":[],"tiered_pricing_percentage_rules":[],"tiered_pricing_minimum":1,"tiered_pricing_roles_data":[],"_links":{"self":[{"href":"https:\/\/www.csj-emballages.com\/it\/wp-json\/wp\/v2\/product\/275445","targetHints":{"allow":["GET"]}}],"collection":[{"href":"https:\/\/www.csj-emballages.com\/it\/wp-json\/wp\/v2\/product"}],"about":[{"href":"https:\/\/www.csj-emballages.com\/it\/wp-json\/wp\/v2\/types\/product"}],"wp:featuredmedia":[{"embeddable":true,"href":"https:\/\/www.csj-emballages.com\/it\/wp-json\/wp\/v2\/media\/275430"}],"wp:attachment":[{"href":"https:\/\/www.csj-emballages.com\/it\/wp-json\/wp\/v2\/media?parent=275445"}],"wp:term":[{"taxonomy":"product_brand","embeddable":true,"href":"https:\/\/www.csj-emballages.com\/it\/wp-json\/wp\/v2\/product_brand?post=275445"},{"taxonomy":"product_cat","embeddable":true,"href":"https:\/\/www.csj-emballages.com\/it\/wp-json\/wp\/v2\/product_cat?post=275445"},{"taxonomy":"product_tag","embeddable":true,"href":"https:\/\/www.csj-emballages.com\/it\/wp-json\/wp\/v2\/product_tag?post=275445"}],"curies":[{"name":"wp","href":"https:\/\/api.w.org\/{rel}","templated":true}]}}