{"id":275134,"date":"2026-02-17T14:18:27","date_gmt":"2026-02-17T13:18:27","guid":{"rendered":"https:\/\/www.csj-emballages.com\/produit\/bolduc-fiocchi-argento-10-mm-x-225-m\/"},"modified":"2026-03-28T02:11:18","modified_gmt":"2026-03-28T01:11:18","slug":"bolduc-fiocchi-argento-10-mm-x-225-m","status":"publish","type":"product","link":"https:\/\/www.csj-emballages.com\/it\/produit\/bolduc-fiocchi-argento-10-mm-x-225-m\/","title":{"rendered":"Bolduc fiocchi argento 10 mm x 225 m"},"content":{"rendered":"<h2 class=\"p1\">Bolduc fiocchi argento<\/h2>\n<hr>\n<h3>Scopri il nostro bolduc fiocchi argento 10 mm x 225 m<\/h3>\n<p><!--more--><\/p>\n<p data-start=\"122\" data-end=\"341\">Vuoi impreziosire i tuoi imballaggi senza sforzo? Questo <strong data-start=\"172\" data-end=\"206\">bolduc argentato con motivi a fiocchi<\/strong> \u00e8 il dettaglio che fa la differenza. Semplice, elegante e festivo, dona istantaneamente una finitura curata a tutti i tuoi pacchi.  <\/p>\n<p data-start=\"343\" data-end=\"668\">Con il suo <strong data-start=\"351\" data-end=\"381\">bellissimo colore argento luminoso<\/strong> e i suoi <strong data-start=\"389\" data-end=\"419\">delicati motivi a fiocchi<\/strong>, evoca perfettamente lo spirito delle feste di fine anno. Attira l&#8217;attenzione senza esagerare e conferisce ai tuoi imballaggi un tocco caldo e professionale. \u00c8 quel piccolo extra che fa piacere al cliente fin dal primo sguardo.  <\/p>\n<p data-start=\"670\" data-end=\"963\">La sua <strong data-start=\"673\" data-end=\"693\">larghezza di 10 mm<\/strong> lo rende molto facile da usare quotidianamente: si annoda rapidamente, si taglia senza difficolt\u00e0 e pu\u00f2 essere arricciato in pochi secondi per creare bei volumi. Che tu voglia realizzare un fiocco semplice o un effetto pi\u00f9 elaborato, si adatta a tutte le tue esigenze. <\/p>\n<p data-start=\"965\" data-end=\"1255\">Con i suoi <strong data-start=\"974\" data-end=\"1000\">225 metri di lunghezza<\/strong>, questo nastro \u00e8 particolarmente adatto a un uso regolare, sia in negozio, in ristorazione, in gastronomia o per le tue preparazioni a casa. Puoi confezionare numerosi prodotti mantenendo una coerenza visiva elegante. <\/p>\n<p data-start=\"965\" data-end=\"1255\"><!--more--><\/p>\n<h4 data-start=\"965\" data-end=\"1255\">Vantaggi:<\/h4>\n<ul>\n<li data-section-id=\"ugtu4g\" data-start=\"924\" data-end=\"1020\">Eleganti motivi a fiocchi per un&#8217;atmosfera natalizia riuscita<\/li>\n<li data-section-id=\"19k4iid\" data-start=\"1021\" data-end=\"1091\">Dona un tocco premium alle tue confezioni<\/li>\n<li data-section-id=\"1ibpj3i\" data-start=\"1092\" data-end=\"1155\">Si taglia e si arriccia facilmente<\/li>\n<li data-section-id=\"1bttxsb\" data-start=\"1156\" data-end=\"1229\">Ideale per uso intensivo<\/li>\n<li data-section-id=\"1gweh6a\" data-start=\"1230\" data-end=\"1315\">Perfetto per regali, cesti regalo, fioristi e negozi<\/li>\n<li data-section-id=\"o89cew\" data-start=\"1316\" data-end=\"1395\">Migliora immediatamente la percezione di qualit\u00e0<\/li>\n<\/ul>\n<p>&nbsp;<\/p>\n<p><!--more--><\/p>\n<h4>Altre informazioni:<\/h4>\n<ul>\n<li><strong>Confezione<\/strong>: Singola<\/li>\n<li><strong>Lunghezza<\/strong>: 225 m<\/li>\n<li><strong>Larghezza<\/strong>: 10 mm<\/li>\n<li><strong>Colore<\/strong>: Argento<\/li>\n<li><strong>Materiale: <\/strong>Polipropilene<\/li>\n<\/ul>\n<p>&nbsp;<\/p>\n<p><!--more--><\/p>\n<p>Questo bolduc fiocchi argento \u00e8 disponibile anche in colore oro: <span style=\"color: #d12727;\"><a style=\"color: #d12727;\" href=\"https:\/\/www.csj-emballages.com\/it\/produit\/nastro-fiocchi-oro-10-mm-x-225-m\/\">BOBREXM21<\/a><\/span><\/p>\n<p>&nbsp;<\/p>\n<p><!--more--><\/p>\n<p><a href=\"https:\/\/www.csj-emballages.com\/it\/categorie-produit\/imballaggi-alimentari\/panetteria-pasticceria\/accessori-e-attrezzature\/accessori-decorativi\/bobine-bolduc\/bolduc-fiocchi\/\">Consulta il resto della nostra gamma di bolduc &#8220;Fiocchi&#8221;<\/a><\/p>\n","protected":false},"excerpt":{"rendered":"<p>Bolduc fiocchi argento Scopri il nostro bolduc fiocchi argento 10 mm x 225 m<\/p>\n","protected":false},"featured_media":275127,"template":"","meta":{"_acf_changed":false},"product_brand":[],"product_cat":[10346,10344,11421,10347,10617,11633,10345,10871,10581,10591,11638],"product_tag":[],"class_list":{"0":"post-275134","1":"product","2":"type-product","3":"status-publish","4":"has-post-thumbnail","6":"product_cat-imballaggi-alimentari","7":"product_cat-panetteria-pasticceria","8":"product_cat-accessori-e-attrezzature","9":"product_cat-accessori-decorativi","10":"product_cat-bobine-bolduc","11":"product_cat-bolduc-fiocchi","12":"product_cat-boutique-e-negozio","14":"product_cat-accessori-decorativi-2","18":"first","19":"instock","20":"taxable","21":"shipping-taxable","22":"purchasable","23":"product-type-simple"},"acf":[],"yoast_head":"<!-- This site is optimized with the Yoast SEO Premium plugin v26.6 (Yoast SEO v26.6) - https:\/\/yoast.com\/wordpress\/plugins\/seo\/ -->\n<title>Bolduc Fiocchi Argento 10 mm x 225 m<\/title>\n<meta name=\"description\" content=\"Bolduc fiocchi argento 10 mm x 225 m: nastro regalo festivo e brillante, ideale per confezioni natalizie, cesti gastronomici e presentazioni professionali.\" \/>\n<meta name=\"robots\" content=\"index, follow, max-snippet:-1, max-image-preview:large, max-video-preview:-1\" \/>\n<link rel=\"canonical\" href=\"https:\/\/www.csj-emballages.com\/it\/produit\/bolduc-fiocchi-argento-10-mm-x-225-m\/\" \/>\n<meta property=\"og:locale\" content=\"it_IT\" \/>\n<meta property=\"og:type\" content=\"article\" \/>\n<meta property=\"og:title\" content=\"Bolduc fiocchi argento 10 mm x 225 m\" \/>\n<meta property=\"og:description\" content=\"Bolduc fiocchi argento 10 mm x 225 m: nastro regalo festivo e brillante, ideale per confezioni natalizie, cesti gastronomici e presentazioni professionali.\" \/>\n<meta property=\"og:url\" content=\"https:\/\/www.csj-emballages.com\/it\/produit\/bolduc-fiocchi-argento-10-mm-x-225-m\/\" \/>\n<meta property=\"og:site_name\" content=\"CSJ Emballages\" \/>\n<meta property=\"article:publisher\" content=\"https:\/\/www.facebook.com\/csjemballages\" \/>\n<meta property=\"article:modified_time\" content=\"2026-03-28T01:11:18+00:00\" \/>\n<meta property=\"og:image\" content=\"https:\/\/www.csj-emballages.com\/wp-content\/uploads\/2026\/02\/Rex-argent.webp\" \/>\n\t<meta property=\"og:image:width\" content=\"800\" \/>\n\t<meta property=\"og:image:height\" content=\"800\" \/>\n\t<meta property=\"og:image:type\" content=\"image\/webp\" \/>\n<meta name=\"twitter:card\" content=\"summary_large_image\" \/>\n<meta name=\"twitter:label1\" content=\"Dur\u00e9e de lecture estim\u00e9e\" \/>\n\t<meta name=\"twitter:data1\" content=\"1 minuto\" \/>\n<script type=\"application\/ld+json\" class=\"yoast-schema-graph\">{\"@context\":\"https:\/\/schema.org\",\"@graph\":[{\"@type\":\"WebPage\",\"@id\":\"https:\/\/www.csj-emballages.com\/it\/produit\/bolduc-fiocchi-argento-10-mm-x-225-m\/\",\"url\":\"https:\/\/www.csj-emballages.com\/it\/produit\/bolduc-fiocchi-argento-10-mm-x-225-m\/\",\"name\":\"Bolduc Fiocchi Argento 10 mm x 225 m\",\"isPartOf\":{\"@id\":\"https:\/\/www.csj-emballages.com\/it\/#website\"},\"primaryImageOfPage\":{\"@id\":\"https:\/\/www.csj-emballages.com\/it\/produit\/bolduc-fiocchi-argento-10-mm-x-225-m\/#primaryimage\"},\"image\":{\"@id\":\"https:\/\/www.csj-emballages.com\/it\/produit\/bolduc-fiocchi-argento-10-mm-x-225-m\/#primaryimage\"},\"thumbnailUrl\":\"https:\/\/www.csj-emballages.com\/wp-content\/uploads\/2026\/02\/Rex-argent.webp\",\"datePublished\":\"2026-02-17T13:18:27+00:00\",\"dateModified\":\"2026-03-28T01:11:18+00:00\",\"description\":\"Bolduc fiocchi argento 10 mm x 225 m: nastro regalo festivo e brillante, ideale per confezioni natalizie, cesti gastronomici e presentazioni professionali.\",\"breadcrumb\":{\"@id\":\"https:\/\/www.csj-emballages.com\/it\/produit\/bolduc-fiocchi-argento-10-mm-x-225-m\/#breadcrumb\"},\"inLanguage\":\"it-IT\",\"potentialAction\":[{\"@type\":\"ReadAction\",\"target\":[\"https:\/\/www.csj-emballages.com\/it\/produit\/bolduc-fiocchi-argento-10-mm-x-225-m\/\"]}]},{\"@type\":\"ImageObject\",\"inLanguage\":\"it-IT\",\"@id\":\"https:\/\/www.csj-emballages.com\/it\/produit\/bolduc-fiocchi-argento-10-mm-x-225-m\/#primaryimage\",\"url\":\"https:\/\/www.csj-emballages.com\/wp-content\/uploads\/2026\/02\/Rex-argent.webp\",\"contentUrl\":\"https:\/\/www.csj-emballages.com\/wp-content\/uploads\/2026\/02\/Rex-argent.webp\",\"width\":800,\"height\":800,\"caption\":\"Bolduc flocons argent\"},{\"@type\":\"BreadcrumbList\",\"@id\":\"https:\/\/www.csj-emballages.com\/it\/produit\/bolduc-fiocchi-argento-10-mm-x-225-m\/#breadcrumb\",\"itemListElement\":[{\"@type\":\"ListItem\",\"position\":1,\"name\":\"Home\",\"item\":\"https:\/\/www.csj-emballages.com\/it\/universo-imballaggi-alimentari\/\"},{\"@type\":\"ListItem\",\"position\":2,\"name\":\"Negozio\",\"item\":\"https:\/\/www.csj-emballages.com\/it\/negozio\/\"},{\"@type\":\"ListItem\",\"position\":3,\"name\":\"Bolduc fiocchi argento 10 mm x 225 m\"}]},{\"@type\":\"WebSite\",\"@id\":\"https:\/\/www.csj-emballages.com\/it\/#website\",\"url\":\"https:\/\/www.csj-emballages.com\/it\/\",\"name\":\"CSJ Emballages\",\"description\":\"\",\"publisher\":{\"@id\":\"https:\/\/www.csj-emballages.com\/it\/#organization\"},\"potentialAction\":[{\"@type\":\"SearchAction\",\"target\":{\"@type\":\"EntryPoint\",\"urlTemplate\":\"https:\/\/www.csj-emballages.com\/it\/?s={search_term_string}\"},\"query-input\":{\"@type\":\"PropertyValueSpecification\",\"valueRequired\":true,\"valueName\":\"search_term_string\"}}],\"inLanguage\":\"it-IT\"},{\"@type\":\"Organization\",\"@id\":\"https:\/\/www.csj-emballages.com\/it\/#Organization\/\",\"name\":\"CSJ Emballages\",\"url\":\"https:\/\/www.csj-emballages.com\/it\/\",\"logo\":{\"@type\":\"ImageObject\",\"inLanguage\":\"it-IT\",\"@id\":\"https:\/\/www.csj-emballages.com\/it\/#\/schema\/logo\/image\/\",\"url\":\"https:\/\/www.csj-emballages.com\/wp-content\/uploads\/2023\/10\/logo_csj.webp\",\"contentUrl\":\"https:\/\/www.csj-emballages.com\/wp-content\/uploads\/2023\/10\/logo_csj.webp\",\"width\":250,\"height\":95,\"caption\":\"CSJ Emballages\"},\"image\":{\"@id\":\"https:\/\/www.csj-emballages.com\/it\/#\/schema\/logo\/image\/\"},\"sameAs\":[\"https:\/\/www.facebook.com\/csjemballages\"],\"address\":{\"@type\":\"PostalAddress\",\"streetAddress\":\"ZI La Lechere\",\"addressLocality\":\"Patornay\",\"postalCode\":\"39130\",\"addressCountry\":\"FR\"},\"contactPoint\":[{\"@type\":\"ContactPoint\",\"contactType\":\"Service client\",\"telephone\":\"0384254272\",\"email\":\"contact@csj-emballages.com\"}]}]}<\/script>\n<!-- \/ Yoast SEO Premium plugin. -->","yoast_head_json":{"title":"Bolduc Fiocchi Argento 10 mm x 225 m","description":"Bolduc fiocchi argento 10 mm x 225 m: nastro regalo festivo e brillante, ideale per confezioni natalizie, cesti gastronomici e presentazioni professionali.","robots":{"index":"index","follow":"follow","max-snippet":"max-snippet:-1","max-image-preview":"max-image-preview:large","max-video-preview":"max-video-preview:-1"},"canonical":"https:\/\/www.csj-emballages.com\/it\/produit\/bolduc-fiocchi-argento-10-mm-x-225-m\/","og_locale":"it_IT","og_type":"article","og_title":"Bolduc fiocchi argento 10 mm x 225 m","og_description":"Bolduc fiocchi argento 10 mm x 225 m: nastro regalo festivo e brillante, ideale per confezioni natalizie, cesti gastronomici e presentazioni professionali.","og_url":"https:\/\/www.csj-emballages.com\/it\/produit\/bolduc-fiocchi-argento-10-mm-x-225-m\/","og_site_name":"CSJ Emballages","article_publisher":"https:\/\/www.facebook.com\/csjemballages","article_modified_time":"2026-03-28T01:11:18+00:00","og_image":[{"width":800,"height":800,"url":"https:\/\/www.csj-emballages.com\/wp-content\/uploads\/2026\/02\/Rex-argent.webp","type":"image\/webp"}],"twitter_card":"summary_large_image","twitter_misc":{"Dur\u00e9e de lecture estim\u00e9e":"1 minuto"},"schema":{"@context":"https:\/\/schema.org","@graph":[{"@type":"WebPage","@id":"https:\/\/www.csj-emballages.com\/it\/produit\/bolduc-fiocchi-argento-10-mm-x-225-m\/","url":"https:\/\/www.csj-emballages.com\/it\/produit\/bolduc-fiocchi-argento-10-mm-x-225-m\/","name":"Bolduc Fiocchi Argento 10 mm x 225 m","isPartOf":{"@id":"https:\/\/www.csj-emballages.com\/it\/#website"},"primaryImageOfPage":{"@id":"https:\/\/www.csj-emballages.com\/it\/produit\/bolduc-fiocchi-argento-10-mm-x-225-m\/#primaryimage"},"image":{"@id":"https:\/\/www.csj-emballages.com\/it\/produit\/bolduc-fiocchi-argento-10-mm-x-225-m\/#primaryimage"},"thumbnailUrl":"https:\/\/www.csj-emballages.com\/wp-content\/uploads\/2026\/02\/Rex-argent.webp","datePublished":"2026-02-17T13:18:27+00:00","dateModified":"2026-03-28T01:11:18+00:00","description":"Bolduc fiocchi argento 10 mm x 225 m: nastro regalo festivo e brillante, ideale per confezioni natalizie, cesti gastronomici e presentazioni professionali.","breadcrumb":{"@id":"https:\/\/www.csj-emballages.com\/it\/produit\/bolduc-fiocchi-argento-10-mm-x-225-m\/#breadcrumb"},"inLanguage":"it-IT","potentialAction":[{"@type":"ReadAction","target":["https:\/\/www.csj-emballages.com\/it\/produit\/bolduc-fiocchi-argento-10-mm-x-225-m\/"]}]},{"@type":"ImageObject","inLanguage":"it-IT","@id":"https:\/\/www.csj-emballages.com\/it\/produit\/bolduc-fiocchi-argento-10-mm-x-225-m\/#primaryimage","url":"https:\/\/www.csj-emballages.com\/wp-content\/uploads\/2026\/02\/Rex-argent.webp","contentUrl":"https:\/\/www.csj-emballages.com\/wp-content\/uploads\/2026\/02\/Rex-argent.webp","width":800,"height":800,"caption":"Bolduc flocons argent"},{"@type":"BreadcrumbList","@id":"https:\/\/www.csj-emballages.com\/it\/produit\/bolduc-fiocchi-argento-10-mm-x-225-m\/#breadcrumb","itemListElement":[{"@type":"ListItem","position":1,"name":"Home","item":"https:\/\/www.csj-emballages.com\/it\/universo-imballaggi-alimentari\/"},{"@type":"ListItem","position":2,"name":"Negozio","item":"https:\/\/www.csj-emballages.com\/it\/negozio\/"},{"@type":"ListItem","position":3,"name":"Bolduc fiocchi argento 10 mm x 225 m"}]},{"@type":"WebSite","@id":"https:\/\/www.csj-emballages.com\/it\/#website","url":"https:\/\/www.csj-emballages.com\/it\/","name":"CSJ Emballages","description":"","publisher":{"@id":"https:\/\/www.csj-emballages.com\/it\/#organization"},"potentialAction":[{"@type":"SearchAction","target":{"@type":"EntryPoint","urlTemplate":"https:\/\/www.csj-emballages.com\/it\/?s={search_term_string}"},"query-input":{"@type":"PropertyValueSpecification","valueRequired":true,"valueName":"search_term_string"}}],"inLanguage":"it-IT"},{"@type":"Organization","@id":"https:\/\/www.csj-emballages.com\/it\/#Organization\/","name":"CSJ Emballages","url":"https:\/\/www.csj-emballages.com\/it\/","logo":{"@type":"ImageObject","inLanguage":"it-IT","@id":"https:\/\/www.csj-emballages.com\/it\/#\/schema\/logo\/image\/","url":"https:\/\/www.csj-emballages.com\/wp-content\/uploads\/2023\/10\/logo_csj.webp","contentUrl":"https:\/\/www.csj-emballages.com\/wp-content\/uploads\/2023\/10\/logo_csj.webp","width":250,"height":95,"caption":"CSJ Emballages"},"image":{"@id":"https:\/\/www.csj-emballages.com\/it\/#\/schema\/logo\/image\/"},"sameAs":["https:\/\/www.facebook.com\/csjemballages"],"address":{"@type":"PostalAddress","streetAddress":"ZI La Lechere","addressLocality":"Patornay","postalCode":"39130","addressCountry":"FR"},"contactPoint":[{"@type":"ContactPoint","contactType":"Service client","telephone":"0384254272","email":"contact@csj-emballages.com"}]}]}},"df_price":8.35,"df_sale_price":"","df_regular_price":8.35,"df_image_link":"https:\/\/www.csj-emballages.com\/wp-content\/uploads\/2026\/02\/Rex-argent-300x300.webp","tiered_pricing_type":"fixed","tiered_pricing_fixed_rules":[],"tiered_pricing_percentage_rules":[],"tiered_pricing_minimum":1,"tiered_pricing_roles_data":[],"_links":{"self":[{"href":"https:\/\/www.csj-emballages.com\/it\/wp-json\/wp\/v2\/product\/275134","targetHints":{"allow":["GET"]}}],"collection":[{"href":"https:\/\/www.csj-emballages.com\/it\/wp-json\/wp\/v2\/product"}],"about":[{"href":"https:\/\/www.csj-emballages.com\/it\/wp-json\/wp\/v2\/types\/product"}],"wp:featuredmedia":[{"embeddable":true,"href":"https:\/\/www.csj-emballages.com\/it\/wp-json\/wp\/v2\/media\/275127"}],"wp:attachment":[{"href":"https:\/\/www.csj-emballages.com\/it\/wp-json\/wp\/v2\/media?parent=275134"}],"wp:term":[{"taxonomy":"product_brand","embeddable":true,"href":"https:\/\/www.csj-emballages.com\/it\/wp-json\/wp\/v2\/product_brand?post=275134"},{"taxonomy":"product_cat","embeddable":true,"href":"https:\/\/www.csj-emballages.com\/it\/wp-json\/wp\/v2\/product_cat?post=275134"},{"taxonomy":"product_tag","embeddable":true,"href":"https:\/\/www.csj-emballages.com\/it\/wp-json\/wp\/v2\/product_tag?post=275134"}],"curies":[{"name":"wp","href":"https:\/\/api.w.org\/{rel}","templated":true}]}}