{"id":274999,"date":"2026-02-17T14:18:16","date_gmt":"2026-02-17T13:18:16","guid":{"rendered":"https:\/\/www.csj-emballages.com\/produit\/bolduc-lapponia-rosso-10-mm-x-225-m\/"},"modified":"2026-03-28T02:11:14","modified_gmt":"2026-03-28T01:11:14","slug":"bolduc-lapponia-rosso-10-mm-x-225-m","status":"publish","type":"product","link":"https:\/\/www.csj-emballages.com\/it\/produit\/bolduc-lapponia-rosso-10-mm-x-225-m\/","title":{"rendered":"Bolduc Lapponia rosso 10 mm x 225 m"},"content":{"rendered":"<h2 class=\"p1\">Bolduc bordeaux<\/h2>\n<hr>\n<h3>Scopri il nostro bolduc bordeaux &#8220;Elias&#8221; 225 m x 10 mm<\/h3>\n<p><!--more--><\/p>\n<p data-start=\"42\" data-end=\"423\">Il <strong>bolduc Lapponia rosso<\/strong> \u00e8 appositamente progettato per impreziosire i tuoi imballaggi durante il periodo delle feste. Con i suoi motivi ispirati all&#8217;universo nordico, renne, fiocchi di neve, abeti e simboli invernali, crea immediatamente un&#8217;atmosfera calda e festosa. Il suo colore dominante <strong>rosso, abbinato al bianco<\/strong>, evoca lo spirito del Natale e attira naturalmente l&#8217;attenzione.  <\/p>\n<p data-start=\"425\" data-end=\"739\">Ideale per negozi, pasticcerie o gastronomie, questo bolduc permette di creare imballaggi di grande impatto visivo, perfettamente adatti alle feste di fine anno. Contribuisce a rafforzare l&#8217;esperienza del cliente aggiungendo un tocco decorativo curato e coinvolgente. <\/p>\n<p data-start=\"741\" data-end=\"997\">Con una <strong>larghezza di 10 mm<\/strong>, offre un risultato equilibrato che valorizza i tuoi pacchi senza sovraccaricarli. La sua <strong>lunghezza di 225 metri<\/strong> lo rende una soluzione economica e pratica per i professionisti con un volume di imballaggio elevato durante la stagione. <\/p>\n<p data-start=\"999\" data-end=\"1299\">Facile da maneggiare, questo <strong>bolduc<\/strong> si taglia in modo netto, si annoda facilmente e pu\u00f2 essere arricciato per aggiungere volume e una finitura pi\u00f9 elaborata. Si adatta sia a imballaggi semplici che a composizioni pi\u00f9 elaborate, permettendoti di personalizzare le tue presentazioni in base alle tue esigenze. <\/p>\n<p data-start=\"1301\" data-end=\"1567\">\u00c8 l&#8217;alleato ideale per creare imballaggi attraenti e immergere i tuoi clienti nello spirito del Natale.<\/p>\n<p data-start=\"1319\" data-end=\"1651\"><!--more--><\/p>\n<h4 data-start=\"1319\" data-end=\"1651\">Vantaggi:<\/h4>\n<ul>\n<li data-section-id=\"1elt0zf\" data-start=\"1617\" data-end=\"1684\"><strong>Motivi invernali<\/strong> e festivi per un&#8217;atmosfera natalizia immediata<\/li>\n<li data-section-id=\"hq3hgj\" data-start=\"1685\" data-end=\"1743\">Colori rosso e bianco attraenti e tradizionali<\/li>\n<li data-section-id=\"192zprn\" data-start=\"1744\" data-end=\"1816\">Ideale per valorizzare gli imballaggi durante le feste di fine anno<\/li>\n<li data-section-id=\"148hfj2\" data-start=\"1817\" data-end=\"1883\"><strong>Lunghezza di 225 metri<\/strong>, economica per un uso professionale<\/li>\n<li data-section-id=\"1srwifz\" data-start=\"1884\" data-end=\"1936\"><strong>Larghezza di 10 mm<\/strong> per un risultato visivo armonioso<\/li>\n<li data-section-id=\"ix2no\" data-start=\"1937\" data-end=\"2001\">Facile da usare: si taglia, si annoda e si arriccia facilmente<\/li>\n<li data-section-id=\"122mhx4\" data-start=\"2002\" data-end=\"2091\">Adatto a numerosi settori: negozi, pasticcerie, gastronomie, eventi<\/li>\n<li data-section-id=\"1m8qhyd\" data-start=\"2092\" data-end=\"2156\">Permette di creare un&#8217;esperienza cliente calda e festosa<\/li>\n<\/ul>\n<p>&nbsp;<\/p>\n<p><!--more--><\/p>\n<h4>Altre informazioni:<\/h4>\n<ul>\n<li><strong>Confezione<\/strong>: Singola<\/li>\n<li><strong>Lunghezza<\/strong>: 225 m<\/li>\n<li><strong>Larghezza<\/strong>: 10 mm<\/li>\n<li><strong>Colore<\/strong>: Rosso \/ Bianco<\/li>\n<li><strong>Materiale<\/strong>: Polipropilene<\/li>\n<\/ul>\n<p>&nbsp;<\/p>\n<p><!--more--><\/p>\n<p><a href=\"https:\/\/www.csj-emballages.com\/it\/categorie-produit\/imballaggi-alimentari\/panetteria-pasticceria\/accessori-e-attrezzature\/accessori-decorativi\/bobine-bolduc\/bolduc-lapponia\/\">Consulta il resto della nostra gamma di bolduc &#8220;Lapponia&#8221;<\/a><\/p>\n","protected":false},"excerpt":{"rendered":"<p>Bolduc bordeaux Scopri il nostro bolduc bordeaux &#8220;Elias&#8221; 225 m x 10 mm<\/p>\n","protected":false},"featured_media":274979,"template":"","meta":{"_acf_changed":false},"product_brand":[],"product_cat":[10346,10344,11421,10347,10617,11624,10345,10871,10581,10591,11641],"product_tag":[],"class_list":{"0":"post-274999","1":"product","2":"type-product","3":"status-publish","4":"has-post-thumbnail","6":"product_cat-imballaggi-alimentari","7":"product_cat-panetteria-pasticceria","8":"product_cat-accessori-e-attrezzature","9":"product_cat-accessori-decorativi","10":"product_cat-bobine-bolduc","11":"product_cat-bolduc-lapponia","12":"product_cat-boutique-e-negozio","14":"product_cat-accessori-decorativi-2","18":"first","19":"instock","20":"taxable","21":"shipping-taxable","22":"purchasable","23":"product-type-simple"},"acf":[],"yoast_head":"<!-- This site is optimized with the Yoast SEO Premium plugin v26.6 (Yoast SEO v26.6) - https:\/\/yoast.com\/wordpress\/plugins\/seo\/ -->\n<title>Bolduc Lapponia Rosso 10 mm x 225 m<\/title>\n<meta name=\"description\" content=\"Bolduc Lapponia rosso 10 mm x 225 m: nastro da imballaggio festivo con motivi natalizi. Perfetto per impreziosire i tuoi pacchi di fine anno.\" \/>\n<meta name=\"robots\" content=\"index, follow, max-snippet:-1, max-image-preview:large, max-video-preview:-1\" \/>\n<link rel=\"canonical\" href=\"https:\/\/www.csj-emballages.com\/it\/produit\/bolduc-lapponia-rosso-10-mm-x-225-m\/\" \/>\n<meta property=\"og:locale\" content=\"it_IT\" \/>\n<meta property=\"og:type\" content=\"article\" \/>\n<meta property=\"og:title\" content=\"Bolduc Lapponia rosso 10 mm x 225 m\" \/>\n<meta property=\"og:description\" content=\"Bolduc Lapponia rosso 10 mm x 225 m: nastro da imballaggio festivo con motivi natalizi. Perfetto per impreziosire i tuoi pacchi di fine anno.\" \/>\n<meta property=\"og:url\" content=\"https:\/\/www.csj-emballages.com\/it\/produit\/bolduc-lapponia-rosso-10-mm-x-225-m\/\" \/>\n<meta property=\"og:site_name\" content=\"CSJ Emballages\" \/>\n<meta property=\"article:publisher\" content=\"https:\/\/www.facebook.com\/csjemballages\" \/>\n<meta property=\"article:modified_time\" content=\"2026-03-28T01:11:14+00:00\" \/>\n<meta property=\"og:image\" content=\"https:\/\/www.csj-emballages.com\/wp-content\/uploads\/2026\/02\/Laponie.webp\" \/>\n\t<meta property=\"og:image:width\" content=\"800\" \/>\n\t<meta property=\"og:image:height\" content=\"800\" \/>\n\t<meta property=\"og:image:type\" content=\"image\/webp\" \/>\n<meta name=\"twitter:card\" content=\"summary_large_image\" \/>\n<meta name=\"twitter:label1\" content=\"Dur\u00e9e de lecture estim\u00e9e\" \/>\n\t<meta name=\"twitter:data1\" content=\"1 minuto\" \/>\n<script type=\"application\/ld+json\" class=\"yoast-schema-graph\">{\"@context\":\"https:\/\/schema.org\",\"@graph\":[{\"@type\":\"WebPage\",\"@id\":\"https:\/\/www.csj-emballages.com\/it\/produit\/bolduc-lapponia-rosso-10-mm-x-225-m\/\",\"url\":\"https:\/\/www.csj-emballages.com\/it\/produit\/bolduc-lapponia-rosso-10-mm-x-225-m\/\",\"name\":\"Bolduc Lapponia Rosso 10 mm x 225 m\",\"isPartOf\":{\"@id\":\"https:\/\/www.csj-emballages.com\/it\/#website\"},\"primaryImageOfPage\":{\"@id\":\"https:\/\/www.csj-emballages.com\/it\/produit\/bolduc-lapponia-rosso-10-mm-x-225-m\/#primaryimage\"},\"image\":{\"@id\":\"https:\/\/www.csj-emballages.com\/it\/produit\/bolduc-lapponia-rosso-10-mm-x-225-m\/#primaryimage\"},\"thumbnailUrl\":\"https:\/\/www.csj-emballages.com\/wp-content\/uploads\/2026\/02\/Laponie.webp\",\"datePublished\":\"2026-02-17T13:18:16+00:00\",\"dateModified\":\"2026-03-28T01:11:14+00:00\",\"description\":\"Bolduc Lapponia rosso 10 mm x 225 m: nastro da imballaggio festivo con motivi natalizi. Perfetto per impreziosire i tuoi pacchi di fine anno.\",\"breadcrumb\":{\"@id\":\"https:\/\/www.csj-emballages.com\/it\/produit\/bolduc-lapponia-rosso-10-mm-x-225-m\/#breadcrumb\"},\"inLanguage\":\"it-IT\",\"potentialAction\":[{\"@type\":\"ReadAction\",\"target\":[\"https:\/\/www.csj-emballages.com\/it\/produit\/bolduc-lapponia-rosso-10-mm-x-225-m\/\"]}]},{\"@type\":\"ImageObject\",\"inLanguage\":\"it-IT\",\"@id\":\"https:\/\/www.csj-emballages.com\/it\/produit\/bolduc-lapponia-rosso-10-mm-x-225-m\/#primaryimage\",\"url\":\"https:\/\/www.csj-emballages.com\/wp-content\/uploads\/2026\/02\/Laponie.webp\",\"contentUrl\":\"https:\/\/www.csj-emballages.com\/wp-content\/uploads\/2026\/02\/Laponie.webp\",\"width\":800,\"height\":800,\"caption\":\"Bolduc Laponie\"},{\"@type\":\"BreadcrumbList\",\"@id\":\"https:\/\/www.csj-emballages.com\/it\/produit\/bolduc-lapponia-rosso-10-mm-x-225-m\/#breadcrumb\",\"itemListElement\":[{\"@type\":\"ListItem\",\"position\":1,\"name\":\"Home\",\"item\":\"https:\/\/www.csj-emballages.com\/it\/universo-imballaggi-alimentari\/\"},{\"@type\":\"ListItem\",\"position\":2,\"name\":\"Negozio\",\"item\":\"https:\/\/www.csj-emballages.com\/it\/negozio\/\"},{\"@type\":\"ListItem\",\"position\":3,\"name\":\"Bolduc Lapponia rosso 10 mm x 225 m\"}]},{\"@type\":\"WebSite\",\"@id\":\"https:\/\/www.csj-emballages.com\/it\/#website\",\"url\":\"https:\/\/www.csj-emballages.com\/it\/\",\"name\":\"CSJ Emballages\",\"description\":\"\",\"publisher\":{\"@id\":\"https:\/\/www.csj-emballages.com\/it\/#organization\"},\"potentialAction\":[{\"@type\":\"SearchAction\",\"target\":{\"@type\":\"EntryPoint\",\"urlTemplate\":\"https:\/\/www.csj-emballages.com\/it\/?s={search_term_string}\"},\"query-input\":{\"@type\":\"PropertyValueSpecification\",\"valueRequired\":true,\"valueName\":\"search_term_string\"}}],\"inLanguage\":\"it-IT\"},{\"@type\":\"Organization\",\"@id\":\"https:\/\/www.csj-emballages.com\/it\/#Organization\/\",\"name\":\"CSJ Emballages\",\"url\":\"https:\/\/www.csj-emballages.com\/it\/\",\"logo\":{\"@type\":\"ImageObject\",\"inLanguage\":\"it-IT\",\"@id\":\"https:\/\/www.csj-emballages.com\/it\/#\/schema\/logo\/image\/\",\"url\":\"https:\/\/www.csj-emballages.com\/wp-content\/uploads\/2023\/10\/logo_csj.webp\",\"contentUrl\":\"https:\/\/www.csj-emballages.com\/wp-content\/uploads\/2023\/10\/logo_csj.webp\",\"width\":250,\"height\":95,\"caption\":\"CSJ Emballages\"},\"image\":{\"@id\":\"https:\/\/www.csj-emballages.com\/it\/#\/schema\/logo\/image\/\"},\"sameAs\":[\"https:\/\/www.facebook.com\/csjemballages\"],\"address\":{\"@type\":\"PostalAddress\",\"streetAddress\":\"ZI La Lechere\",\"addressLocality\":\"Patornay\",\"postalCode\":\"39130\",\"addressCountry\":\"FR\"},\"contactPoint\":[{\"@type\":\"ContactPoint\",\"contactType\":\"Service client\",\"telephone\":\"0384254272\",\"email\":\"contact@csj-emballages.com\"}]}]}<\/script>\n<!-- \/ Yoast SEO Premium plugin. -->","yoast_head_json":{"title":"Bolduc Lapponia Rosso 10 mm x 225 m","description":"Bolduc Lapponia rosso 10 mm x 225 m: nastro da imballaggio festivo con motivi natalizi. Perfetto per impreziosire i tuoi pacchi di fine anno.","robots":{"index":"index","follow":"follow","max-snippet":"max-snippet:-1","max-image-preview":"max-image-preview:large","max-video-preview":"max-video-preview:-1"},"canonical":"https:\/\/www.csj-emballages.com\/it\/produit\/bolduc-lapponia-rosso-10-mm-x-225-m\/","og_locale":"it_IT","og_type":"article","og_title":"Bolduc Lapponia rosso 10 mm x 225 m","og_description":"Bolduc Lapponia rosso 10 mm x 225 m: nastro da imballaggio festivo con motivi natalizi. Perfetto per impreziosire i tuoi pacchi di fine anno.","og_url":"https:\/\/www.csj-emballages.com\/it\/produit\/bolduc-lapponia-rosso-10-mm-x-225-m\/","og_site_name":"CSJ Emballages","article_publisher":"https:\/\/www.facebook.com\/csjemballages","article_modified_time":"2026-03-28T01:11:14+00:00","og_image":[{"width":800,"height":800,"url":"https:\/\/www.csj-emballages.com\/wp-content\/uploads\/2026\/02\/Laponie.webp","type":"image\/webp"}],"twitter_card":"summary_large_image","twitter_misc":{"Dur\u00e9e de lecture estim\u00e9e":"1 minuto"},"schema":{"@context":"https:\/\/schema.org","@graph":[{"@type":"WebPage","@id":"https:\/\/www.csj-emballages.com\/it\/produit\/bolduc-lapponia-rosso-10-mm-x-225-m\/","url":"https:\/\/www.csj-emballages.com\/it\/produit\/bolduc-lapponia-rosso-10-mm-x-225-m\/","name":"Bolduc Lapponia Rosso 10 mm x 225 m","isPartOf":{"@id":"https:\/\/www.csj-emballages.com\/it\/#website"},"primaryImageOfPage":{"@id":"https:\/\/www.csj-emballages.com\/it\/produit\/bolduc-lapponia-rosso-10-mm-x-225-m\/#primaryimage"},"image":{"@id":"https:\/\/www.csj-emballages.com\/it\/produit\/bolduc-lapponia-rosso-10-mm-x-225-m\/#primaryimage"},"thumbnailUrl":"https:\/\/www.csj-emballages.com\/wp-content\/uploads\/2026\/02\/Laponie.webp","datePublished":"2026-02-17T13:18:16+00:00","dateModified":"2026-03-28T01:11:14+00:00","description":"Bolduc Lapponia rosso 10 mm x 225 m: nastro da imballaggio festivo con motivi natalizi. Perfetto per impreziosire i tuoi pacchi di fine anno.","breadcrumb":{"@id":"https:\/\/www.csj-emballages.com\/it\/produit\/bolduc-lapponia-rosso-10-mm-x-225-m\/#breadcrumb"},"inLanguage":"it-IT","potentialAction":[{"@type":"ReadAction","target":["https:\/\/www.csj-emballages.com\/it\/produit\/bolduc-lapponia-rosso-10-mm-x-225-m\/"]}]},{"@type":"ImageObject","inLanguage":"it-IT","@id":"https:\/\/www.csj-emballages.com\/it\/produit\/bolduc-lapponia-rosso-10-mm-x-225-m\/#primaryimage","url":"https:\/\/www.csj-emballages.com\/wp-content\/uploads\/2026\/02\/Laponie.webp","contentUrl":"https:\/\/www.csj-emballages.com\/wp-content\/uploads\/2026\/02\/Laponie.webp","width":800,"height":800,"caption":"Bolduc Laponie"},{"@type":"BreadcrumbList","@id":"https:\/\/www.csj-emballages.com\/it\/produit\/bolduc-lapponia-rosso-10-mm-x-225-m\/#breadcrumb","itemListElement":[{"@type":"ListItem","position":1,"name":"Home","item":"https:\/\/www.csj-emballages.com\/it\/universo-imballaggi-alimentari\/"},{"@type":"ListItem","position":2,"name":"Negozio","item":"https:\/\/www.csj-emballages.com\/it\/negozio\/"},{"@type":"ListItem","position":3,"name":"Bolduc Lapponia rosso 10 mm x 225 m"}]},{"@type":"WebSite","@id":"https:\/\/www.csj-emballages.com\/it\/#website","url":"https:\/\/www.csj-emballages.com\/it\/","name":"CSJ Emballages","description":"","publisher":{"@id":"https:\/\/www.csj-emballages.com\/it\/#organization"},"potentialAction":[{"@type":"SearchAction","target":{"@type":"EntryPoint","urlTemplate":"https:\/\/www.csj-emballages.com\/it\/?s={search_term_string}"},"query-input":{"@type":"PropertyValueSpecification","valueRequired":true,"valueName":"search_term_string"}}],"inLanguage":"it-IT"},{"@type":"Organization","@id":"https:\/\/www.csj-emballages.com\/it\/#Organization\/","name":"CSJ Emballages","url":"https:\/\/www.csj-emballages.com\/it\/","logo":{"@type":"ImageObject","inLanguage":"it-IT","@id":"https:\/\/www.csj-emballages.com\/it\/#\/schema\/logo\/image\/","url":"https:\/\/www.csj-emballages.com\/wp-content\/uploads\/2023\/10\/logo_csj.webp","contentUrl":"https:\/\/www.csj-emballages.com\/wp-content\/uploads\/2023\/10\/logo_csj.webp","width":250,"height":95,"caption":"CSJ Emballages"},"image":{"@id":"https:\/\/www.csj-emballages.com\/it\/#\/schema\/logo\/image\/"},"sameAs":["https:\/\/www.facebook.com\/csjemballages"],"address":{"@type":"PostalAddress","streetAddress":"ZI La Lechere","addressLocality":"Patornay","postalCode":"39130","addressCountry":"FR"},"contactPoint":[{"@type":"ContactPoint","contactType":"Service client","telephone":"0384254272","email":"contact@csj-emballages.com"}]}]}},"df_price":7.55,"df_sale_price":"","df_regular_price":7.55,"df_image_link":"https:\/\/www.csj-emballages.com\/wp-content\/uploads\/2026\/02\/Laponie-300x300.webp","tiered_pricing_type":"fixed","tiered_pricing_fixed_rules":[],"tiered_pricing_percentage_rules":[],"tiered_pricing_minimum":1,"tiered_pricing_roles_data":[],"_links":{"self":[{"href":"https:\/\/www.csj-emballages.com\/it\/wp-json\/wp\/v2\/product\/274999","targetHints":{"allow":["GET"]}}],"collection":[{"href":"https:\/\/www.csj-emballages.com\/it\/wp-json\/wp\/v2\/product"}],"about":[{"href":"https:\/\/www.csj-emballages.com\/it\/wp-json\/wp\/v2\/types\/product"}],"wp:featuredmedia":[{"embeddable":true,"href":"https:\/\/www.csj-emballages.com\/it\/wp-json\/wp\/v2\/media\/274979"}],"wp:attachment":[{"href":"https:\/\/www.csj-emballages.com\/it\/wp-json\/wp\/v2\/media?parent=274999"}],"wp:term":[{"taxonomy":"product_brand","embeddable":true,"href":"https:\/\/www.csj-emballages.com\/it\/wp-json\/wp\/v2\/product_brand?post=274999"},{"taxonomy":"product_cat","embeddable":true,"href":"https:\/\/www.csj-emballages.com\/it\/wp-json\/wp\/v2\/product_cat?post=274999"},{"taxonomy":"product_tag","embeddable":true,"href":"https:\/\/www.csj-emballages.com\/it\/wp-json\/wp\/v2\/product_tag?post=274999"}],"curies":[{"name":"wp","href":"https:\/\/api.w.org\/{rel}","templated":true}]}}