{"id":273796,"date":"2026-03-13T16:18:16","date_gmt":"2026-03-13T15:18:16","guid":{"rendered":"https:\/\/www.csj-emballages.com\/produit\/caffe-in-grani-las-vegas-70-arabica-30-robusta-da-1-kg\/"},"modified":"2026-04-29T02:10:55","modified_gmt":"2026-04-29T00:10:55","slug":"caffe-in-grani-las-vegas-70-arabica-30-robusta-da-1-kg","status":"publish","type":"product","link":"https:\/\/www.csj-emballages.com\/it\/produit\/caffe-in-grani-las-vegas-70-arabica-30-robusta-da-1-kg\/","title":{"rendered":"Caff\u00e8 in grani Las Vegas 70% arabica \/ 30% robusta da 1 kg"},"content":{"rendered":"<h2>Caff\u00e8 in grani<\/h2>\n<hr>\n<h3>Scopri il nostro caff\u00e8 in grani Las Vegas 70% arabica \/ 30% robusta da 1 kg<\/h3>\n<p><!--more--><\/p>\n<p data-start=\"211\" data-end=\"488\">Il caff\u00e8 in grani <strong data-start=\"229\" data-end=\"270\">Las Vegas 70% Arabica \/ 30% Robusta<\/strong> offre un equilibrio armonioso tra dolcezza aromatica e intensit\u00e0. Questa miscela accuratamente elaborata unisce la finezza dei <strong>grani di Arabica alla potenza del Robusta<\/strong> per creare un caff\u00e8 ricco di gusto e carattere. <\/p>\n<p data-start=\"490\" data-end=\"794\">I <strong>chicchi Arabica<\/strong> apportano note aromatiche sottili e una piacevole rotondit\u00e0 in bocca, mentre il <strong>Robusta<\/strong> rafforza la struttura del caff\u00e8 e sviluppa una crema generosa, particolarmente apprezzata per l&#8217;espresso. Questa miscela garantisce cos\u00ec una tazza equilibrata, profumata e corposa al tempo stesso. <\/p>\n<p data-start=\"796\" data-end=\"1088\">Confezionato in sacchetto da <strong data-start=\"818\" data-end=\"826\">1 kg<\/strong>, \u00e8 ideale per i professionisti della ristorazione, degli uffici o per gli amanti del caff\u00e8 che prediligono la freschezza di un caff\u00e8 appena macinato. Si adatta perfettamente a macchine da caff\u00e8 automatiche, macinacaff\u00e8 e macchine espresso. <\/p>\n<p data-start=\"1090\" data-end=\"1511\">Grazie al suo profilo aromatico equilibrato, il <strong>caff\u00e8 Las Vegas<\/strong> accompagna sia le pause caff\u00e8 quotidiane che i momenti di degustazione pi\u00f9 intensi. La sua tostatura accuratamente controllata permette di rivelare tutta la ricchezza degli aromi e di offrire una tazza costante e gustosa. Ogni preparazione sprigiona un profumo gradevole che invita alla degustazione e rende ogni pausa caff\u00e8 ancora pi\u00f9 apprezzabile.  <\/p>\n<p data-start=\"1090\" data-end=\"1511\">\n<p data-start=\"1090\" data-end=\"1511\"><!--more--><\/p>\n<p data-start=\"1090\" data-end=\"1511\"><span style=\"color: #ff0000;\"><b>*Compatibili con le macchine NESCAF\u00c9 &amp; DOLCE GUSTO.<\/b><\/span><\/p>\n<p data-start=\"1090\" data-end=\"1511\">\n<p data-start=\"1074\" data-end=\"1229\"><!--more--><\/p>\n<h4 data-start=\"1074\" data-end=\"1229\">Vantaggi:<\/h4>\n<ul>\n<li data-start=\"1266\" data-end=\"1317\">Miscela equilibrata <strong data-start=\"1284\" data-end=\"1315\">70% Arabica \/ 30% Robusta<\/strong><\/li>\n<li data-start=\"1320\" data-end=\"1349\">Aromi ricchi e gusto corposo<\/li>\n<li data-start=\"1352\" data-end=\"1388\">Bella crema ideale per l&#8217;espresso<\/li>\n<li data-start=\"1391\" data-end=\"1435\">Chicchi interi per una freschezza ottimale<\/li>\n<li data-start=\"1438\" data-end=\"1477\">Adatto a macchine da caff\u00e8 e macinacaff\u00e8<\/li>\n<li data-start=\"1480\" data-end=\"1526\">Formato da <strong data-start=\"1487\" data-end=\"1495\">1 kg<\/strong> pratico per l&#8217;uso regolare<\/li>\n<li data-start=\"1529\" data-end=\"1576\">Ideale per professionisti e amanti del caff\u00e8.<\/li>\n<\/ul>\n<p>&nbsp;<\/p>\n<p><!--more--><\/p>\n<h4>Altre informazioni:<\/h4>\n<ul>\n<li><strong>Confezione<\/strong>: Pacco da 1 kg<\/li>\n<li><strong>Composizione<\/strong>: 70% arabica \/ 30% robusta<\/li>\n<\/ul>\n<p>&nbsp;<\/p>\n<p><!--more--><\/p>\n<p>Trovi qui tutti i nostri caff\u00e8 in grani: <span style=\"color: #d12727;\"><a style=\"color: #d12727;\" href=\"https:\/\/www.csj-emballages.com\/es\/produit\/cafe-en-grano-chavena-65-arabica-35-robusta-en-1-kg\/\">Caf\u00e9 Chavena<\/a><\/span> \/ <span style=\"color: #d12727;\"><a style=\"color: #d12727;\" href=\"https:\/\/www.csj-emballages.com\/es\/produit\/cafe-en-grano-selecao-68-arabica-32-robusta-en-1-kg\/\">Caf\u00e9 Sele\u00e7\u00e3o<\/a><\/span><\/p>\n<p>&nbsp;<\/p>\n<p><!--more--><\/p>\n<p><a href=\"https:\/\/www.csj-emballages.com\/it\/categorie-produit\/alimentari\/caffe-in-grani\/\">Scopri il resto della nostra gamma di caff\u00e8 in grani<\/a><\/p>\n","protected":false},"excerpt":{"rendered":"<p>Caff\u00e8 in grani Scopri il nostro caff\u00e8 in grani Las Vegas 70% arabica \/ 30% robusta da 1 kg<\/p>\n","protected":false},"featured_media":273788,"template":"","meta":{"_acf_changed":false},"product_brand":[],"product_cat":[10445,11604],"product_tag":[],"class_list":{"0":"post-273796","1":"product","2":"type-product","3":"status-publish","4":"has-post-thumbnail","6":"product_cat-alimentari","7":"product_cat-caffe-in-grani","9":"first","10":"instock","11":"featured","12":"taxable","13":"shipping-taxable","14":"purchasable","15":"product-type-simple"},"acf":[],"yoast_head":"<!-- This site is optimized with the Yoast SEO Premium plugin v26.6 (Yoast SEO v26.6) - https:\/\/yoast.com\/wordpress\/plugins\/seo\/ -->\n<title>Caff\u00e8 in Grani Las Vegas 70% Arabica \/ 30% Robusta da 1 kg<\/title>\n<meta name=\"description\" content=\"Caff\u00e8 in grani Las Vegas 70% Arabica \/ 30% Robusta da 1 kg. Miscela equilibrata, aromi ricchi e crema perfetta per espresso. Ideale per macchine da caff\u00e8.\" \/>\n<meta name=\"robots\" content=\"index, follow, max-snippet:-1, max-image-preview:large, max-video-preview:-1\" \/>\n<link rel=\"canonical\" href=\"https:\/\/www.csj-emballages.com\/it\/produit\/caffe-in-grani-las-vegas-70-arabica-30-robusta-da-1-kg\/\" \/>\n<meta property=\"og:locale\" content=\"it_IT\" \/>\n<meta property=\"og:type\" content=\"article\" \/>\n<meta property=\"og:title\" content=\"Caff\u00e8 in grani Las Vegas 70% arabica \/ 30% robusta da 1 kg\" \/>\n<meta property=\"og:description\" content=\"Caff\u00e8 in grani Las Vegas 70% Arabica \/ 30% Robusta da 1 kg. Miscela equilibrata, aromi ricchi e crema perfetta per espresso. Ideale per macchine da caff\u00e8.\" \/>\n<meta property=\"og:url\" content=\"https:\/\/www.csj-emballages.com\/it\/produit\/caffe-in-grani-las-vegas-70-arabica-30-robusta-da-1-kg\/\" \/>\n<meta property=\"og:site_name\" content=\"CSJ Emballages\" \/>\n<meta property=\"article:publisher\" content=\"https:\/\/www.facebook.com\/csjemballages\" \/>\n<meta property=\"article:modified_time\" content=\"2026-04-29T00:10:55+00:00\" \/>\n<meta property=\"og:image\" content=\"https:\/\/www.csj-emballages.com\/wp-content\/uploads\/2026\/03\/13001.webp\" \/>\n\t<meta property=\"og:image:width\" content=\"800\" \/>\n\t<meta property=\"og:image:height\" content=\"800\" \/>\n\t<meta property=\"og:image:type\" content=\"image\/webp\" \/>\n<meta name=\"twitter:card\" content=\"summary_large_image\" \/>\n<meta name=\"twitter:label1\" content=\"Dur\u00e9e de lecture estim\u00e9e\" \/>\n\t<meta name=\"twitter:data1\" content=\"1 minuto\" \/>\n<script type=\"application\/ld+json\" class=\"yoast-schema-graph\">{\"@context\":\"https:\/\/schema.org\",\"@graph\":[{\"@type\":\"WebPage\",\"@id\":\"https:\/\/www.csj-emballages.com\/it\/produit\/caffe-in-grani-las-vegas-70-arabica-30-robusta-da-1-kg\/\",\"url\":\"https:\/\/www.csj-emballages.com\/it\/produit\/caffe-in-grani-las-vegas-70-arabica-30-robusta-da-1-kg\/\",\"name\":\"Caff\u00e8 in Grani Las Vegas 70% Arabica \/ 30% Robusta da 1 kg\",\"isPartOf\":{\"@id\":\"https:\/\/www.csj-emballages.com\/it\/#website\"},\"primaryImageOfPage\":{\"@id\":\"https:\/\/www.csj-emballages.com\/it\/produit\/caffe-in-grani-las-vegas-70-arabica-30-robusta-da-1-kg\/#primaryimage\"},\"image\":{\"@id\":\"https:\/\/www.csj-emballages.com\/it\/produit\/caffe-in-grani-las-vegas-70-arabica-30-robusta-da-1-kg\/#primaryimage\"},\"thumbnailUrl\":\"https:\/\/www.csj-emballages.com\/wp-content\/uploads\/2026\/03\/13001.webp\",\"datePublished\":\"2026-03-13T15:18:16+00:00\",\"dateModified\":\"2026-04-29T00:10:55+00:00\",\"description\":\"Caff\u00e8 in grani Las Vegas 70% Arabica \/ 30% Robusta da 1 kg. Miscela equilibrata, aromi ricchi e crema perfetta per espresso. Ideale per macchine da caff\u00e8.\",\"breadcrumb\":{\"@id\":\"https:\/\/www.csj-emballages.com\/it\/produit\/caffe-in-grani-las-vegas-70-arabica-30-robusta-da-1-kg\/#breadcrumb\"},\"inLanguage\":\"it-IT\",\"potentialAction\":[{\"@type\":\"ReadAction\",\"target\":[\"https:\/\/www.csj-emballages.com\/it\/produit\/caffe-in-grani-las-vegas-70-arabica-30-robusta-da-1-kg\/\"]}]},{\"@type\":\"ImageObject\",\"inLanguage\":\"it-IT\",\"@id\":\"https:\/\/www.csj-emballages.com\/it\/produit\/caffe-in-grani-las-vegas-70-arabica-30-robusta-da-1-kg\/#primaryimage\",\"url\":\"https:\/\/www.csj-emballages.com\/wp-content\/uploads\/2026\/03\/13001.webp\",\"contentUrl\":\"https:\/\/www.csj-emballages.com\/wp-content\/uploads\/2026\/03\/13001.webp\",\"width\":800,\"height\":800,\"caption\":\"Caf\u00e9 en grains\"},{\"@type\":\"BreadcrumbList\",\"@id\":\"https:\/\/www.csj-emballages.com\/it\/produit\/caffe-in-grani-las-vegas-70-arabica-30-robusta-da-1-kg\/#breadcrumb\",\"itemListElement\":[{\"@type\":\"ListItem\",\"position\":1,\"name\":\"Home\",\"item\":\"https:\/\/www.csj-emballages.com\/it\/universo-imballaggi-alimentari\/\"},{\"@type\":\"ListItem\",\"position\":2,\"name\":\"Negozio\",\"item\":\"https:\/\/www.csj-emballages.com\/it\/negozio\/\"},{\"@type\":\"ListItem\",\"position\":3,\"name\":\"Caff\u00e8 in grani Las Vegas 70% arabica \/ 30% robusta da 1 kg\"}]},{\"@type\":\"WebSite\",\"@id\":\"https:\/\/www.csj-emballages.com\/it\/#website\",\"url\":\"https:\/\/www.csj-emballages.com\/it\/\",\"name\":\"CSJ Emballages\",\"description\":\"\",\"publisher\":{\"@id\":\"https:\/\/www.csj-emballages.com\/it\/#organization\"},\"potentialAction\":[{\"@type\":\"SearchAction\",\"target\":{\"@type\":\"EntryPoint\",\"urlTemplate\":\"https:\/\/www.csj-emballages.com\/it\/?s={search_term_string}\"},\"query-input\":{\"@type\":\"PropertyValueSpecification\",\"valueRequired\":true,\"valueName\":\"search_term_string\"}}],\"inLanguage\":\"it-IT\"},{\"@type\":\"Organization\",\"@id\":\"https:\/\/www.csj-emballages.com\/it\/#Organization\/\",\"name\":\"CSJ Emballages\",\"url\":\"https:\/\/www.csj-emballages.com\/it\/\",\"logo\":{\"@type\":\"ImageObject\",\"inLanguage\":\"it-IT\",\"@id\":\"https:\/\/www.csj-emballages.com\/it\/#\/schema\/logo\/image\/\",\"url\":\"https:\/\/www.csj-emballages.com\/wp-content\/uploads\/2023\/10\/logo_csj.webp\",\"contentUrl\":\"https:\/\/www.csj-emballages.com\/wp-content\/uploads\/2023\/10\/logo_csj.webp\",\"width\":250,\"height\":95,\"caption\":\"CSJ Emballages\"},\"image\":{\"@id\":\"https:\/\/www.csj-emballages.com\/it\/#\/schema\/logo\/image\/\"},\"sameAs\":[\"https:\/\/www.facebook.com\/csjemballages\"],\"address\":{\"@type\":\"PostalAddress\",\"streetAddress\":\"ZI La Lechere\",\"addressLocality\":\"Patornay\",\"postalCode\":\"39130\",\"addressCountry\":\"FR\"},\"contactPoint\":[{\"@type\":\"ContactPoint\",\"contactType\":\"Service client\",\"telephone\":\"0384254272\",\"email\":\"contact@csj-emballages.com\"}]}]}<\/script>\n<!-- \/ Yoast SEO Premium plugin. -->","yoast_head_json":{"title":"Caff\u00e8 in Grani Las Vegas 70% Arabica \/ 30% Robusta da 1 kg","description":"Caff\u00e8 in grani Las Vegas 70% Arabica \/ 30% Robusta da 1 kg. Miscela equilibrata, aromi ricchi e crema perfetta per espresso. Ideale per macchine da caff\u00e8.","robots":{"index":"index","follow":"follow","max-snippet":"max-snippet:-1","max-image-preview":"max-image-preview:large","max-video-preview":"max-video-preview:-1"},"canonical":"https:\/\/www.csj-emballages.com\/it\/produit\/caffe-in-grani-las-vegas-70-arabica-30-robusta-da-1-kg\/","og_locale":"it_IT","og_type":"article","og_title":"Caff\u00e8 in grani Las Vegas 70% arabica \/ 30% robusta da 1 kg","og_description":"Caff\u00e8 in grani Las Vegas 70% Arabica \/ 30% Robusta da 1 kg. Miscela equilibrata, aromi ricchi e crema perfetta per espresso. Ideale per macchine da caff\u00e8.","og_url":"https:\/\/www.csj-emballages.com\/it\/produit\/caffe-in-grani-las-vegas-70-arabica-30-robusta-da-1-kg\/","og_site_name":"CSJ Emballages","article_publisher":"https:\/\/www.facebook.com\/csjemballages","article_modified_time":"2026-04-29T00:10:55+00:00","og_image":[{"width":800,"height":800,"url":"https:\/\/www.csj-emballages.com\/wp-content\/uploads\/2026\/03\/13001.webp","type":"image\/webp"}],"twitter_card":"summary_large_image","twitter_misc":{"Dur\u00e9e de lecture estim\u00e9e":"1 minuto"},"schema":{"@context":"https:\/\/schema.org","@graph":[{"@type":"WebPage","@id":"https:\/\/www.csj-emballages.com\/it\/produit\/caffe-in-grani-las-vegas-70-arabica-30-robusta-da-1-kg\/","url":"https:\/\/www.csj-emballages.com\/it\/produit\/caffe-in-grani-las-vegas-70-arabica-30-robusta-da-1-kg\/","name":"Caff\u00e8 in Grani Las Vegas 70% Arabica \/ 30% Robusta da 1 kg","isPartOf":{"@id":"https:\/\/www.csj-emballages.com\/it\/#website"},"primaryImageOfPage":{"@id":"https:\/\/www.csj-emballages.com\/it\/produit\/caffe-in-grani-las-vegas-70-arabica-30-robusta-da-1-kg\/#primaryimage"},"image":{"@id":"https:\/\/www.csj-emballages.com\/it\/produit\/caffe-in-grani-las-vegas-70-arabica-30-robusta-da-1-kg\/#primaryimage"},"thumbnailUrl":"https:\/\/www.csj-emballages.com\/wp-content\/uploads\/2026\/03\/13001.webp","datePublished":"2026-03-13T15:18:16+00:00","dateModified":"2026-04-29T00:10:55+00:00","description":"Caff\u00e8 in grani Las Vegas 70% Arabica \/ 30% Robusta da 1 kg. Miscela equilibrata, aromi ricchi e crema perfetta per espresso. Ideale per macchine da caff\u00e8.","breadcrumb":{"@id":"https:\/\/www.csj-emballages.com\/it\/produit\/caffe-in-grani-las-vegas-70-arabica-30-robusta-da-1-kg\/#breadcrumb"},"inLanguage":"it-IT","potentialAction":[{"@type":"ReadAction","target":["https:\/\/www.csj-emballages.com\/it\/produit\/caffe-in-grani-las-vegas-70-arabica-30-robusta-da-1-kg\/"]}]},{"@type":"ImageObject","inLanguage":"it-IT","@id":"https:\/\/www.csj-emballages.com\/it\/produit\/caffe-in-grani-las-vegas-70-arabica-30-robusta-da-1-kg\/#primaryimage","url":"https:\/\/www.csj-emballages.com\/wp-content\/uploads\/2026\/03\/13001.webp","contentUrl":"https:\/\/www.csj-emballages.com\/wp-content\/uploads\/2026\/03\/13001.webp","width":800,"height":800,"caption":"Caf\u00e9 en grains"},{"@type":"BreadcrumbList","@id":"https:\/\/www.csj-emballages.com\/it\/produit\/caffe-in-grani-las-vegas-70-arabica-30-robusta-da-1-kg\/#breadcrumb","itemListElement":[{"@type":"ListItem","position":1,"name":"Home","item":"https:\/\/www.csj-emballages.com\/it\/universo-imballaggi-alimentari\/"},{"@type":"ListItem","position":2,"name":"Negozio","item":"https:\/\/www.csj-emballages.com\/it\/negozio\/"},{"@type":"ListItem","position":3,"name":"Caff\u00e8 in grani Las Vegas 70% arabica \/ 30% robusta da 1 kg"}]},{"@type":"WebSite","@id":"https:\/\/www.csj-emballages.com\/it\/#website","url":"https:\/\/www.csj-emballages.com\/it\/","name":"CSJ Emballages","description":"","publisher":{"@id":"https:\/\/www.csj-emballages.com\/it\/#organization"},"potentialAction":[{"@type":"SearchAction","target":{"@type":"EntryPoint","urlTemplate":"https:\/\/www.csj-emballages.com\/it\/?s={search_term_string}"},"query-input":{"@type":"PropertyValueSpecification","valueRequired":true,"valueName":"search_term_string"}}],"inLanguage":"it-IT"},{"@type":"Organization","@id":"https:\/\/www.csj-emballages.com\/it\/#Organization\/","name":"CSJ Emballages","url":"https:\/\/www.csj-emballages.com\/it\/","logo":{"@type":"ImageObject","inLanguage":"it-IT","@id":"https:\/\/www.csj-emballages.com\/it\/#\/schema\/logo\/image\/","url":"https:\/\/www.csj-emballages.com\/wp-content\/uploads\/2023\/10\/logo_csj.webp","contentUrl":"https:\/\/www.csj-emballages.com\/wp-content\/uploads\/2023\/10\/logo_csj.webp","width":250,"height":95,"caption":"CSJ Emballages"},"image":{"@id":"https:\/\/www.csj-emballages.com\/it\/#\/schema\/logo\/image\/"},"sameAs":["https:\/\/www.facebook.com\/csjemballages"],"address":{"@type":"PostalAddress","streetAddress":"ZI La Lechere","addressLocality":"Patornay","postalCode":"39130","addressCountry":"FR"},"contactPoint":[{"@type":"ContactPoint","contactType":"Service client","telephone":"0384254272","email":"contact@csj-emballages.com"}]}]}},"df_price":14.32,"df_sale_price":"","df_regular_price":14.32,"df_image_link":"https:\/\/www.csj-emballages.com\/wp-content\/uploads\/2026\/03\/13001-300x300.webp","tiered_pricing_type":"fixed","tiered_pricing_fixed_rules":[],"tiered_pricing_percentage_rules":[],"tiered_pricing_minimum":1,"tiered_pricing_roles_data":[],"_links":{"self":[{"href":"https:\/\/www.csj-emballages.com\/it\/wp-json\/wp\/v2\/product\/273796","targetHints":{"allow":["GET"]}}],"collection":[{"href":"https:\/\/www.csj-emballages.com\/it\/wp-json\/wp\/v2\/product"}],"about":[{"href":"https:\/\/www.csj-emballages.com\/it\/wp-json\/wp\/v2\/types\/product"}],"wp:featuredmedia":[{"embeddable":true,"href":"https:\/\/www.csj-emballages.com\/it\/wp-json\/wp\/v2\/media\/273788"}],"wp:attachment":[{"href":"https:\/\/www.csj-emballages.com\/it\/wp-json\/wp\/v2\/media?parent=273796"}],"wp:term":[{"taxonomy":"product_brand","embeddable":true,"href":"https:\/\/www.csj-emballages.com\/it\/wp-json\/wp\/v2\/product_brand?post=273796"},{"taxonomy":"product_cat","embeddable":true,"href":"https:\/\/www.csj-emballages.com\/it\/wp-json\/wp\/v2\/product_cat?post=273796"},{"taxonomy":"product_tag","embeddable":true,"href":"https:\/\/www.csj-emballages.com\/it\/wp-json\/wp\/v2\/product_tag?post=273796"}],"curies":[{"name":"wp","href":"https:\/\/api.w.org\/{rel}","templated":true}]}}