{"id":272285,"date":"2025-09-17T14:18:35","date_gmt":"2025-09-17T12:18:35","guid":{"rendered":"https:\/\/www.csj-emballages.com\/produit\/astuccio-in-pet-80-x-40-x-30-mm-confezione-da-10\/"},"modified":"2026-03-12T16:04:41","modified_gmt":"2026-03-12T15:04:41","slug":"astuccio-in-pet-80-x-40-x-30-mm-confezione-da-10","status":"publish","type":"product","link":"https:\/\/www.csj-emballages.com\/it\/produit\/astuccio-in-pet-80-x-40-x-30-mm-confezione-da-10\/","title":{"rendered":"Astuccio in PET 80 x 40 x 30 mm, confezione da 10"},"content":{"rendered":"<h2 class=\"p1\">Astuccio in PET<\/h2>\n<hr>\n<h3>Descrizione del nostro astuccio in PET 80 x 40 x 30 mm, confezione da 10<\/h3>\n<p><!--more--><\/p>\n<p data-start=\"127\" data-end=\"431\">Regala alle tue creazioni dolci una <strong data-start=\"162\" data-end=\"206\">presentazione elegante e professionale<\/strong> grazie al nostro <strong data-start=\"221\" data-end=\"257\">astuccio in PET trasparente<\/strong>! Ideale per <strong data-start=\"275\" data-end=\"298\">pasticceri artigianali<\/strong>, <strong data-start=\"300\" data-end=\"314\">panettieri<\/strong> o <strong data-start=\"318\" data-end=\"331\">catering<\/strong>, questo imballaggio valorizzer\u00e0 perfettamente le tue deliziose creazioni proteggendole.<\/p>\n<p data-start=\"433\" data-end=\"794\">Progettato per essere <strong data-start=\"449\" data-end=\"479\">facile da montare senza colla<\/strong>, questo astuccio \u00e8 al tempo stesso <strong data-start=\"504\" data-end=\"516\">pratico<\/strong> ed <strong data-start=\"520\" data-end=\"534\">estetico<\/strong>. La sua <strong data-start=\"539\" data-end=\"567\">trasparenza cristallina<\/strong> permette di esaltare il colore e la consistenza dei tuoi macaron, confetti, bonbon o piccoli oggetti decorativi. In un batter d&#8217;occhio, i tuoi prodotti prendono vita dietro una teca chiara e luminosa che ispira fiducia e golosit\u00e0.  <\/p>\n<p data-start=\"796\" data-end=\"1215\">Realizzato in <strong>PET rigido di qualit\u00e0<\/strong>, assicura un&#8217; <strong data-start=\"849\" data-end=\"869\">ottima tenuta<\/strong> e una <strong data-start=\"877\" data-end=\"900\">protezione ottimale<\/strong> durante il trasporto o l&#8217;esposizione. Che tu stia preparando scatole regalo, vendite da asporto o presentazioni in vetrina, questo astuccio si adatta a ogni tua esigenza. Inoltre, \u00e8 <strong data-start=\"1088\" data-end=\"1104\">riutilizzabile<\/strong>, un vero vantaggio per chi cerca un approccio <strong data-start=\"1158\" data-end=\"1177\">eco-responsabile<\/strong> senza compromettere la presentazione.  <\/p>\n<p data-start=\"1217\" data-end=\"1491\">Grazie alle sue pratiche dimensioni di <strong>80 x 40 x 30 mm<\/strong>, pu\u00f2 contenere diversi macaron allineati o vari piccoli elementi a seconda della tua creativit\u00e0. Leggero, resistente e versatile, questo imballaggio diventer\u00e0 presto un indispensabile nella tua gamma di confezioni dolciarie. <\/p>\n<p data-start=\"1493\" data-end=\"1695\">In sintesi, questo astuccio unisce <strong data-start=\"1518\" data-end=\"1535\">risparmio di tempo<\/strong>, <strong data-start=\"1537\" data-end=\"1551\">estetica<\/strong> e <strong data-start=\"1555\" data-end=\"1568\">affidabilit\u00e0<\/strong>. Ti aiuta a valorizzare i tuoi prodotti offrendo un&#8217;esperienza visiva che seduce i tuoi clienti al primo sguardo. <\/p>\n<p data-start=\"1378\" data-end=\"1605\"><!--more--><\/p>\n<h4 data-start=\"1378\" data-end=\"1605\">Vantaggi:<\/h4>\n<ul>\n<li><strong data-start=\"1736\" data-end=\"1754\">Montaggio facile<\/strong> senza colla.<\/li>\n<li><strong data-start=\"1770\" data-end=\"1795\">Trasparenza perfetta<\/strong> per una valorizzazione immediata.<\/li>\n<li>Materiale rigido e protettivo.<\/li>\n<li><strong data-start=\"1872\" data-end=\"1891\">Formato pratico<\/strong> per macaron, bonbon o confetti.<\/li>\n<li>Ideale per scatole regalo o vendita da asporto.<\/li>\n<\/ul>\n<p>&nbsp;<\/p>\n<p><!--more--><\/p>\n<h4>Altre informazioni:<\/h4>\n<ul>\n<li><strong>Confezionamento<\/strong>: Pacchetto da 10<\/li>\n<li><strong>Dimensioni<\/strong>: 80 x 40 x 30 mm<\/li>\n<li><strong>Materiale<\/strong>: PET<\/li>\n<li><strong>Colore<\/strong>: Cristallo<\/li>\n<\/ul>\n<p>&nbsp;<\/p>\n<p><!--more--><\/p>\n<p>Questo astuccio in PET \u00e8 disponibile in diverse misure: <span style=\"color: #d12727;\"><a style=\"color: #d12727;\" href=\"https:\/\/www.csj-emballages.com\/produit\/etui-macarons-pvc-80-x-60-x-40-mm-par-10\/\">80 x 60 x 40 mm<\/a><\/span> \/ <span style=\"color: #d12727;\"><a style=\"color: #d12727;\" href=\"https:\/\/www.csj-emballages.com\/produit\/etui-macarons-pvc-150-x-60-x-40-mm-par-10\/\">150 x 60 x 40 mm<\/a><\/span> \/ <span style=\"color: #d12727;\"><a style=\"color: #d12727;\" href=\"https:\/\/www.csj-emballages.com\/produit\/etui-macarons-pvc-160-x-40-x-30-mm-par-10\/\">160 x 40 x 30 mm<\/a><\/span> \/ <span style=\"color: #d12727;\"><a style=\"color: #d12727;\" href=\"https:\/\/www.csj-emballages.com\/produit\/etui-macarons-pvc-240-x-40-x-30-mm-par-10\/\">240 x 40 x 30 mm<\/a><\/span><\/p>\n<p>&nbsp;<\/p>\n<p><!--more--><\/p>\n<p><a href=\"https:\/\/www.csj-emballages.com\/it\/categorie-produit\/imballaggi-alimentari\/panetteria-pasticceria\/scatola-e-astuccio\/scatole-astucci\/astucci-per-macaron\/\">Consulta il resto della nostra gamma di astucci per macaron<\/a><\/p>\n","protected":false},"excerpt":{"rendered":"<p>Astuccio in PET Descrizione del nostro astuccio in PET 80 x 40 x 30 mm, confezione da 10<\/p>\n","protected":false},"featured_media":272288,"template":"","meta":{"_acf_changed":false},"product_brand":[],"product_cat":[10346,10344,10513,10388,10389],"product_tag":[],"class_list":{"0":"post-272285","1":"product","2":"type-product","3":"status-publish","4":"has-post-thumbnail","6":"product_cat-imballaggi-alimentari","7":"product_cat-panetteria-pasticceria","8":"product_cat-scatola-e-astuccio","9":"product_cat-scatole-astucci","10":"product_cat-astucci-per-macaron","12":"first","13":"instock","14":"taxable","15":"shipping-taxable","16":"purchasable","17":"product-type-simple"},"acf":[],"yoast_head":"<!-- This site is optimized with the Yoast SEO Premium plugin v26.6 (Yoast SEO v26.6) - https:\/\/yoast.com\/wordpress\/plugins\/seo\/ -->\n<title>Astuccio in PET 80 x 40 x 30 mm, confezione da 10<\/title>\n<meta name=\"description\" content=\"Astuccio in PET trasparente 80 x 40 x 30 mm \u2013 montaggio senza colla, pratico ed elegante. Perfetto per macaron, bonbon o confetti.\" \/>\n<meta name=\"robots\" content=\"index, follow, max-snippet:-1, max-image-preview:large, max-video-preview:-1\" \/>\n<link rel=\"canonical\" href=\"https:\/\/www.csj-emballages.com\/it\/produit\/astuccio-in-pet-80-x-40-x-30-mm-confezione-da-10\/\" \/>\n<meta property=\"og:locale\" content=\"it_IT\" \/>\n<meta property=\"og:type\" content=\"article\" \/>\n<meta property=\"og:title\" content=\"Astuccio in PET 80 x 40 x 30 mm, confezione da 10\" \/>\n<meta property=\"og:description\" content=\"Astuccio in PET trasparente 80 x 40 x 30 mm \u2013 montaggio senza colla, pratico ed elegante. Perfetto per macaron, bonbon o confetti.\" \/>\n<meta property=\"og:url\" content=\"https:\/\/www.csj-emballages.com\/it\/produit\/astuccio-in-pet-80-x-40-x-30-mm-confezione-da-10\/\" \/>\n<meta property=\"og:site_name\" content=\"CSJ Emballages\" \/>\n<meta property=\"article:publisher\" content=\"https:\/\/www.facebook.com\/csjemballages\" \/>\n<meta property=\"article:modified_time\" content=\"2026-03-12T15:04:41+00:00\" \/>\n<meta property=\"og:image\" content=\"https:\/\/www.csj-emballages.com\/wp-content\/uploads\/2025\/09\/115449-1.webp\" \/>\n\t<meta property=\"og:image:width\" content=\"800\" \/>\n\t<meta property=\"og:image:height\" content=\"800\" \/>\n\t<meta property=\"og:image:type\" content=\"image\/webp\" \/>\n<meta name=\"twitter:card\" content=\"summary_large_image\" \/>\n<meta name=\"twitter:label1\" content=\"Dur\u00e9e de lecture estim\u00e9e\" \/>\n\t<meta name=\"twitter:data1\" content=\"2 minuti\" \/>\n<script type=\"application\/ld+json\" class=\"yoast-schema-graph\">{\"@context\":\"https:\/\/schema.org\",\"@graph\":[{\"@type\":\"WebPage\",\"@id\":\"https:\/\/www.csj-emballages.com\/it\/produit\/astuccio-in-pet-80-x-40-x-30-mm-confezione-da-10\/\",\"url\":\"https:\/\/www.csj-emballages.com\/it\/produit\/astuccio-in-pet-80-x-40-x-30-mm-confezione-da-10\/\",\"name\":\"Astuccio in PET 80 x 40 x 30 mm, confezione da 10\",\"isPartOf\":{\"@id\":\"https:\/\/www.csj-emballages.com\/it\/#website\"},\"primaryImageOfPage\":{\"@id\":\"https:\/\/www.csj-emballages.com\/it\/produit\/astuccio-in-pet-80-x-40-x-30-mm-confezione-da-10\/#primaryimage\"},\"image\":{\"@id\":\"https:\/\/www.csj-emballages.com\/it\/produit\/astuccio-in-pet-80-x-40-x-30-mm-confezione-da-10\/#primaryimage\"},\"thumbnailUrl\":\"https:\/\/www.csj-emballages.com\/wp-content\/uploads\/2025\/09\/115449-1.webp\",\"datePublished\":\"2025-09-17T12:18:35+00:00\",\"dateModified\":\"2026-03-12T15:04:41+00:00\",\"description\":\"Astuccio in PET trasparente 80 x 40 x 30 mm \u2013 montaggio senza colla, pratico ed elegante. Perfetto per macaron, bonbon o confetti.\",\"breadcrumb\":{\"@id\":\"https:\/\/www.csj-emballages.com\/it\/produit\/astuccio-in-pet-80-x-40-x-30-mm-confezione-da-10\/#breadcrumb\"},\"inLanguage\":\"it-IT\",\"potentialAction\":[{\"@type\":\"ReadAction\",\"target\":[\"https:\/\/www.csj-emballages.com\/it\/produit\/astuccio-in-pet-80-x-40-x-30-mm-confezione-da-10\/\"]}]},{\"@type\":\"ImageObject\",\"inLanguage\":\"it-IT\",\"@id\":\"https:\/\/www.csj-emballages.com\/it\/produit\/astuccio-in-pet-80-x-40-x-30-mm-confezione-da-10\/#primaryimage\",\"url\":\"https:\/\/www.csj-emballages.com\/wp-content\/uploads\/2025\/09\/115449-1.webp\",\"contentUrl\":\"https:\/\/www.csj-emballages.com\/wp-content\/uploads\/2025\/09\/115449-1.webp\",\"width\":800,\"height\":800,\"caption\":\"\u00c9tui macarons\"},{\"@type\":\"BreadcrumbList\",\"@id\":\"https:\/\/www.csj-emballages.com\/it\/produit\/astuccio-in-pet-80-x-40-x-30-mm-confezione-da-10\/#breadcrumb\",\"itemListElement\":[{\"@type\":\"ListItem\",\"position\":1,\"name\":\"Home\",\"item\":\"https:\/\/www.csj-emballages.com\/it\/universo-imballaggi-alimentari\/\"},{\"@type\":\"ListItem\",\"position\":2,\"name\":\"Negozio\",\"item\":\"https:\/\/www.csj-emballages.com\/it\/negozio\/\"},{\"@type\":\"ListItem\",\"position\":3,\"name\":\"Astuccio in PET 80 x 40 x 30 mm, confezione da 10\"}]},{\"@type\":\"WebSite\",\"@id\":\"https:\/\/www.csj-emballages.com\/it\/#website\",\"url\":\"https:\/\/www.csj-emballages.com\/it\/\",\"name\":\"CSJ Emballages\",\"description\":\"\",\"publisher\":{\"@id\":\"https:\/\/www.csj-emballages.com\/it\/#organization\"},\"potentialAction\":[{\"@type\":\"SearchAction\",\"target\":{\"@type\":\"EntryPoint\",\"urlTemplate\":\"https:\/\/www.csj-emballages.com\/it\/?s={search_term_string}\"},\"query-input\":{\"@type\":\"PropertyValueSpecification\",\"valueRequired\":true,\"valueName\":\"search_term_string\"}}],\"inLanguage\":\"it-IT\"},{\"@type\":\"Organization\",\"@id\":\"https:\/\/www.csj-emballages.com\/it\/#Organization\/\",\"name\":\"CSJ Emballages\",\"url\":\"https:\/\/www.csj-emballages.com\/it\/\",\"logo\":{\"@type\":\"ImageObject\",\"inLanguage\":\"it-IT\",\"@id\":\"https:\/\/www.csj-emballages.com\/it\/#\/schema\/logo\/image\/\",\"url\":\"https:\/\/www.csj-emballages.com\/wp-content\/uploads\/2023\/10\/logo_csj.webp\",\"contentUrl\":\"https:\/\/www.csj-emballages.com\/wp-content\/uploads\/2023\/10\/logo_csj.webp\",\"width\":250,\"height\":95,\"caption\":\"CSJ Emballages\"},\"image\":{\"@id\":\"https:\/\/www.csj-emballages.com\/it\/#\/schema\/logo\/image\/\"},\"sameAs\":[\"https:\/\/www.facebook.com\/csjemballages\"],\"address\":{\"@type\":\"PostalAddress\",\"streetAddress\":\"ZI La Lechere\",\"addressLocality\":\"Patornay\",\"postalCode\":\"39130\",\"addressCountry\":\"FR\"},\"contactPoint\":[{\"@type\":\"ContactPoint\",\"contactType\":\"Service client\",\"telephone\":\"0384254272\",\"email\":\"contact@csj-emballages.com\"}]}]}<\/script>\n<!-- \/ Yoast SEO Premium plugin. -->","yoast_head_json":{"title":"Astuccio in PET 80 x 40 x 30 mm, confezione da 10","description":"Astuccio in PET trasparente 80 x 40 x 30 mm \u2013 montaggio senza colla, pratico ed elegante. Perfetto per macaron, bonbon o confetti.","robots":{"index":"index","follow":"follow","max-snippet":"max-snippet:-1","max-image-preview":"max-image-preview:large","max-video-preview":"max-video-preview:-1"},"canonical":"https:\/\/www.csj-emballages.com\/it\/produit\/astuccio-in-pet-80-x-40-x-30-mm-confezione-da-10\/","og_locale":"it_IT","og_type":"article","og_title":"Astuccio in PET 80 x 40 x 30 mm, confezione da 10","og_description":"Astuccio in PET trasparente 80 x 40 x 30 mm \u2013 montaggio senza colla, pratico ed elegante. Perfetto per macaron, bonbon o confetti.","og_url":"https:\/\/www.csj-emballages.com\/it\/produit\/astuccio-in-pet-80-x-40-x-30-mm-confezione-da-10\/","og_site_name":"CSJ Emballages","article_publisher":"https:\/\/www.facebook.com\/csjemballages","article_modified_time":"2026-03-12T15:04:41+00:00","og_image":[{"width":800,"height":800,"url":"https:\/\/www.csj-emballages.com\/wp-content\/uploads\/2025\/09\/115449-1.webp","type":"image\/webp"}],"twitter_card":"summary_large_image","twitter_misc":{"Dur\u00e9e de lecture estim\u00e9e":"2 minuti"},"schema":{"@context":"https:\/\/schema.org","@graph":[{"@type":"WebPage","@id":"https:\/\/www.csj-emballages.com\/it\/produit\/astuccio-in-pet-80-x-40-x-30-mm-confezione-da-10\/","url":"https:\/\/www.csj-emballages.com\/it\/produit\/astuccio-in-pet-80-x-40-x-30-mm-confezione-da-10\/","name":"Astuccio in PET 80 x 40 x 30 mm, confezione da 10","isPartOf":{"@id":"https:\/\/www.csj-emballages.com\/it\/#website"},"primaryImageOfPage":{"@id":"https:\/\/www.csj-emballages.com\/it\/produit\/astuccio-in-pet-80-x-40-x-30-mm-confezione-da-10\/#primaryimage"},"image":{"@id":"https:\/\/www.csj-emballages.com\/it\/produit\/astuccio-in-pet-80-x-40-x-30-mm-confezione-da-10\/#primaryimage"},"thumbnailUrl":"https:\/\/www.csj-emballages.com\/wp-content\/uploads\/2025\/09\/115449-1.webp","datePublished":"2025-09-17T12:18:35+00:00","dateModified":"2026-03-12T15:04:41+00:00","description":"Astuccio in PET trasparente 80 x 40 x 30 mm \u2013 montaggio senza colla, pratico ed elegante. Perfetto per macaron, bonbon o confetti.","breadcrumb":{"@id":"https:\/\/www.csj-emballages.com\/it\/produit\/astuccio-in-pet-80-x-40-x-30-mm-confezione-da-10\/#breadcrumb"},"inLanguage":"it-IT","potentialAction":[{"@type":"ReadAction","target":["https:\/\/www.csj-emballages.com\/it\/produit\/astuccio-in-pet-80-x-40-x-30-mm-confezione-da-10\/"]}]},{"@type":"ImageObject","inLanguage":"it-IT","@id":"https:\/\/www.csj-emballages.com\/it\/produit\/astuccio-in-pet-80-x-40-x-30-mm-confezione-da-10\/#primaryimage","url":"https:\/\/www.csj-emballages.com\/wp-content\/uploads\/2025\/09\/115449-1.webp","contentUrl":"https:\/\/www.csj-emballages.com\/wp-content\/uploads\/2025\/09\/115449-1.webp","width":800,"height":800,"caption":"\u00c9tui macarons"},{"@type":"BreadcrumbList","@id":"https:\/\/www.csj-emballages.com\/it\/produit\/astuccio-in-pet-80-x-40-x-30-mm-confezione-da-10\/#breadcrumb","itemListElement":[{"@type":"ListItem","position":1,"name":"Home","item":"https:\/\/www.csj-emballages.com\/it\/universo-imballaggi-alimentari\/"},{"@type":"ListItem","position":2,"name":"Negozio","item":"https:\/\/www.csj-emballages.com\/it\/negozio\/"},{"@type":"ListItem","position":3,"name":"Astuccio in PET 80 x 40 x 30 mm, confezione da 10"}]},{"@type":"WebSite","@id":"https:\/\/www.csj-emballages.com\/it\/#website","url":"https:\/\/www.csj-emballages.com\/it\/","name":"CSJ Emballages","description":"","publisher":{"@id":"https:\/\/www.csj-emballages.com\/it\/#organization"},"potentialAction":[{"@type":"SearchAction","target":{"@type":"EntryPoint","urlTemplate":"https:\/\/www.csj-emballages.com\/it\/?s={search_term_string}"},"query-input":{"@type":"PropertyValueSpecification","valueRequired":true,"valueName":"search_term_string"}}],"inLanguage":"it-IT"},{"@type":"Organization","@id":"https:\/\/www.csj-emballages.com\/it\/#Organization\/","name":"CSJ Emballages","url":"https:\/\/www.csj-emballages.com\/it\/","logo":{"@type":"ImageObject","inLanguage":"it-IT","@id":"https:\/\/www.csj-emballages.com\/it\/#\/schema\/logo\/image\/","url":"https:\/\/www.csj-emballages.com\/wp-content\/uploads\/2023\/10\/logo_csj.webp","contentUrl":"https:\/\/www.csj-emballages.com\/wp-content\/uploads\/2023\/10\/logo_csj.webp","width":250,"height":95,"caption":"CSJ Emballages"},"image":{"@id":"https:\/\/www.csj-emballages.com\/it\/#\/schema\/logo\/image\/"},"sameAs":["https:\/\/www.facebook.com\/csjemballages"],"address":{"@type":"PostalAddress","streetAddress":"ZI La Lechere","addressLocality":"Patornay","postalCode":"39130","addressCountry":"FR"},"contactPoint":[{"@type":"ContactPoint","contactType":"Service client","telephone":"0384254272","email":"contact@csj-emballages.com"}]}]}},"df_price":3.56,"df_sale_price":"","df_regular_price":3.56,"df_image_link":"https:\/\/www.csj-emballages.com\/wp-content\/uploads\/2025\/09\/115449-1-300x300.webp","tiered_pricing_type":"fixed","tiered_pricing_fixed_rules":[],"tiered_pricing_percentage_rules":[],"tiered_pricing_minimum":1,"tiered_pricing_roles_data":[],"_links":{"self":[{"href":"https:\/\/www.csj-emballages.com\/it\/wp-json\/wp\/v2\/product\/272285","targetHints":{"allow":["GET"]}}],"collection":[{"href":"https:\/\/www.csj-emballages.com\/it\/wp-json\/wp\/v2\/product"}],"about":[{"href":"https:\/\/www.csj-emballages.com\/it\/wp-json\/wp\/v2\/types\/product"}],"wp:featuredmedia":[{"embeddable":true,"href":"https:\/\/www.csj-emballages.com\/it\/wp-json\/wp\/v2\/media\/272288"}],"wp:attachment":[{"href":"https:\/\/www.csj-emballages.com\/it\/wp-json\/wp\/v2\/media?parent=272285"}],"wp:term":[{"taxonomy":"product_brand","embeddable":true,"href":"https:\/\/www.csj-emballages.com\/it\/wp-json\/wp\/v2\/product_brand?post=272285"},{"taxonomy":"product_cat","embeddable":true,"href":"https:\/\/www.csj-emballages.com\/it\/wp-json\/wp\/v2\/product_cat?post=272285"},{"taxonomy":"product_tag","embeddable":true,"href":"https:\/\/www.csj-emballages.com\/it\/wp-json\/wp\/v2\/product_tag?post=272285"}],"curies":[{"name":"wp","href":"https:\/\/api.w.org\/{rel}","templated":true}]}}