{"id":272250,"date":"2025-09-17T15:18:19","date_gmt":"2025-09-17T13:18:19","guid":{"rendered":"https:\/\/www.csj-emballages.com\/produit\/ballotin-avorio-250-grammi-per-10\/"},"modified":"2026-04-24T02:10:39","modified_gmt":"2026-04-24T00:10:39","slug":"ballotin-avorio-250-grammi-per-10","status":"publish","type":"product","link":"https:\/\/www.csj-emballages.com\/it\/produit\/ballotin-avorio-250-grammi-per-10\/","title":{"rendered":"Ballotin avorio 250 grammi per 10"},"content":{"rendered":"<h2 class=\"p1\">Ballotin avorio<\/h2>\n<hr>\n<h3>Descrizione del nostro ballotin avorio 250 grammi per 10<\/h3>\n<p><!--more--><\/p>\n<p data-start=\"153\" data-end=\"538\">Lasciati sedurre dal <strong>ballotin avorio da 250 grammi<\/strong>, l&#8217;imballaggio perfetto per esaltare le tue praline, cioccolatini e confetteria artigianale. Progettato per i professionisti esigenti, questo <strong>ballotin<\/strong> elegante unisce solidit\u00e0 e raffinatezza. Grazie al suo <strong>fondo in cartone agganciabile<\/strong>, assicura un&#8217;ottima tenuta, anche durante il trasporto o lo stoccaggio.  <\/p>\n<p data-start=\"540\" data-end=\"912\">La sua tonalit\u00e0 <strong>avorio tenue<\/strong> e raffinata evoca purezza e golosit\u00e0, ideale per cioccolaterie, pasticcerie o artigiani confettieri che desiderano valorizzare le loro creazioni. Allo stesso modo, il suo design pulito permette di aggiungere facilmente un nastro, un&#8217;etichetta o un logo personalizzato, per farne un vero e proprio imballaggio distintivo per il tuo marchio. <\/p>\n<p data-start=\"914\" data-end=\"1331\">Realizzata in cartone rigido di qualit\u00e0, questa <strong>scatola per cioccolatini<\/strong> \u00e8 resistente ed ecologica, poich\u00e9 interamente riciclabile. Il suo design intelligente con fondo agganciabile facilita un montaggio rapido, un vero risparmio di tempo per le tue preparazioni in serie. Fornita in <strong>confezione da<\/strong> <strong>10<\/strong>, ti offre un eccellente rapporto qualit\u00e0-prezzo, garantendo al contempo una presentazione curata e professionale.  <\/p>\n<p data-start=\"1333\" data-end=\"1528\">In sintesi, il <strong>ballotin avorio 250 g<\/strong> \u00e8 molto pi\u00f9 di una semplice scatola: \u00e8 uno scrigno per golosit\u00e0, pratico, elegante e durevole, che sapr\u00e0 sedurre i tuoi clienti al primo sguardo.<\/p>\n<p data-start=\"1378\" data-end=\"1605\"><!--more--><\/p>\n<h4 data-start=\"1378\" data-end=\"1605\">Vantaggi:<\/h4>\n<ul>\n<li><strong data-start=\"1568\" data-end=\"1586\">Design elegante<\/strong> e colore avorio raffinato.<\/li>\n<li><strong data-start=\"1678\" data-end=\"1706\">Montaggio facile e rapido<\/strong> senza attrezzi.<\/li>\n<li>Ideale per <strong data-start=\"1738\" data-end=\"1776\">praline, cioccolatini e confetteria<\/strong>.<\/li>\n<li>Riciclabile e rispettoso dell&#8217;ambiente.<\/li>\n<li><strong data-start=\"1834\" data-end=\"1853\">Personalizzabile<\/strong> con nastro o etichetta.<\/li>\n<\/ul>\n<p>&nbsp;<\/p>\n<p><!--more--><\/p>\n<h4>Altre informazioni:<\/h4>\n<ul>\n<li><strong>Confezionamento<\/strong>: Pacchetto da 10<\/li>\n<li><strong>Dimensioni<\/strong>: 115 x 75 x 50 mm<\/li>\n<li><strong>Materiale<\/strong>: Cartone<\/li>\n<li><strong>Capacit\u00e0<\/strong>: 250 grammi<\/li>\n<li><strong>Colore<\/strong>: Avorio<\/li>\n<\/ul>\n<p>&nbsp;<\/p>\n<p><!--more--><\/p>\n<p>Questo ballotin avorio \u00e8 disponibile in diverse misure: <span style=\"color: #d12727;\"><a style=\"color: #d12727;\" href=\"https:\/\/www.csj-emballages.com\/produit\/ballotin-ivoire-365-grammes-avec-fond-carton-125-x-80-x-55-mm-par-10\/\">375 grammi<\/a><\/span> \/ <span style=\"color: #d12727;\"><a style=\"color: #d12727;\" href=\"https:\/\/www.csj-emballages.com\/produit\/ballotin-ivoire-500-grammes-avec-fond-carton-140-x-90-x-60-mm-par-10\/\">500 grammi<\/a><\/span><\/p>\n<p>&nbsp;<\/p>\n<p><!--more--><\/p>\n<p><a href=\"\/?product_cat=ballotins\">Consulta il resto della nostra gamma di ballotin<\/a><\/p>\n","protected":false},"excerpt":{"rendered":"<p>Ballotin avorio Descrizione del nostro ballotin avorio 250 grammi per 10<\/p>\n","protected":false},"featured_media":272252,"template":"","meta":{"_acf_changed":false},"product_brand":[],"product_cat":[10346,10344,10513,10652,11532],"product_tag":[],"class_list":{"0":"post-272250","1":"product","2":"type-product","3":"status-publish","4":"has-post-thumbnail","6":"product_cat-imballaggi-alimentari","7":"product_cat-panetteria-pasticceria","8":"product_cat-scatola-e-astuccio","9":"product_cat-scatole-ballotin","10":"product_cat-ballotin-avorio","12":"first","13":"instock","14":"taxable","15":"shipping-taxable","16":"purchasable","17":"product-type-simple"},"acf":[],"yoast_head":"<!-- This site is optimized with the Yoast SEO Premium plugin v26.6 (Yoast SEO v26.6) - https:\/\/yoast.com\/wordpress\/plugins\/seo\/ -->\n<title>Ballotin Avorio 250 Grammi per 10<\/title>\n<meta name=\"description\" content=\"Ballotin avorio 250 g con fondo in cartone agganciabile. Elegante, solido e riciclabile, ideale per cioccolatini e confetteria. Confezione da 10 ballotin.\" \/>\n<meta name=\"robots\" content=\"index, follow, max-snippet:-1, max-image-preview:large, max-video-preview:-1\" \/>\n<link rel=\"canonical\" href=\"https:\/\/www.csj-emballages.com\/it\/produit\/ballotin-avorio-250-grammi-per-10\/\" \/>\n<meta property=\"og:locale\" content=\"it_IT\" \/>\n<meta property=\"og:type\" content=\"article\" \/>\n<meta property=\"og:title\" content=\"Ballotin avorio 250 grammi per 10\" \/>\n<meta property=\"og:description\" content=\"Ballotin avorio 250 g con fondo in cartone agganciabile. Elegante, solido e riciclabile, ideale per cioccolatini e confetteria. Confezione da 10 ballotin.\" \/>\n<meta property=\"og:url\" content=\"https:\/\/www.csj-emballages.com\/it\/produit\/ballotin-avorio-250-grammi-per-10\/\" \/>\n<meta property=\"og:site_name\" content=\"CSJ Emballages\" \/>\n<meta property=\"article:publisher\" content=\"https:\/\/www.facebook.com\/csjemballages\" \/>\n<meta property=\"article:modified_time\" content=\"2026-04-24T00:10:39+00:00\" \/>\n<meta property=\"og:image\" content=\"https:\/\/www.csj-emballages.com\/wp-content\/uploads\/2025\/09\/114550.webp\" \/>\n\t<meta property=\"og:image:width\" content=\"800\" \/>\n\t<meta property=\"og:image:height\" content=\"800\" \/>\n\t<meta property=\"og:image:type\" content=\"image\/webp\" \/>\n<meta name=\"twitter:card\" content=\"summary_large_image\" \/>\n<meta name=\"twitter:label1\" content=\"Dur\u00e9e de lecture estim\u00e9e\" \/>\n\t<meta name=\"twitter:data1\" content=\"1 minuto\" \/>\n<script type=\"application\/ld+json\" class=\"yoast-schema-graph\">{\"@context\":\"https:\/\/schema.org\",\"@graph\":[{\"@type\":\"WebPage\",\"@id\":\"https:\/\/www.csj-emballages.com\/it\/produit\/ballotin-avorio-250-grammi-per-10\/\",\"url\":\"https:\/\/www.csj-emballages.com\/it\/produit\/ballotin-avorio-250-grammi-per-10\/\",\"name\":\"Ballotin Avorio 250 Grammi per 10\",\"isPartOf\":{\"@id\":\"https:\/\/www.csj-emballages.com\/it\/#website\"},\"primaryImageOfPage\":{\"@id\":\"https:\/\/www.csj-emballages.com\/it\/produit\/ballotin-avorio-250-grammi-per-10\/#primaryimage\"},\"image\":{\"@id\":\"https:\/\/www.csj-emballages.com\/it\/produit\/ballotin-avorio-250-grammi-per-10\/#primaryimage\"},\"thumbnailUrl\":\"https:\/\/www.csj-emballages.com\/wp-content\/uploads\/2025\/09\/114550.webp\",\"datePublished\":\"2025-09-17T13:18:19+00:00\",\"dateModified\":\"2026-04-24T00:10:39+00:00\",\"description\":\"Ballotin avorio 250 g con fondo in cartone agganciabile. Elegante, solido e riciclabile, ideale per cioccolatini e confetteria. Confezione da 10 ballotin.\",\"breadcrumb\":{\"@id\":\"https:\/\/www.csj-emballages.com\/it\/produit\/ballotin-avorio-250-grammi-per-10\/#breadcrumb\"},\"inLanguage\":\"it-IT\",\"potentialAction\":[{\"@type\":\"ReadAction\",\"target\":[\"https:\/\/www.csj-emballages.com\/it\/produit\/ballotin-avorio-250-grammi-per-10\/\"]}]},{\"@type\":\"ImageObject\",\"inLanguage\":\"it-IT\",\"@id\":\"https:\/\/www.csj-emballages.com\/it\/produit\/ballotin-avorio-250-grammi-per-10\/#primaryimage\",\"url\":\"https:\/\/www.csj-emballages.com\/wp-content\/uploads\/2025\/09\/114550.webp\",\"contentUrl\":\"https:\/\/www.csj-emballages.com\/wp-content\/uploads\/2025\/09\/114550.webp\",\"width\":800,\"height\":800,\"caption\":\"Ballotin ivoire\"},{\"@type\":\"BreadcrumbList\",\"@id\":\"https:\/\/www.csj-emballages.com\/it\/produit\/ballotin-avorio-250-grammi-per-10\/#breadcrumb\",\"itemListElement\":[{\"@type\":\"ListItem\",\"position\":1,\"name\":\"Home\",\"item\":\"https:\/\/www.csj-emballages.com\/it\/universo-imballaggi-alimentari\/\"},{\"@type\":\"ListItem\",\"position\":2,\"name\":\"Negozio\",\"item\":\"https:\/\/www.csj-emballages.com\/it\/negozio\/\"},{\"@type\":\"ListItem\",\"position\":3,\"name\":\"Ballotin avorio 250 grammi per 10\"}]},{\"@type\":\"WebSite\",\"@id\":\"https:\/\/www.csj-emballages.com\/it\/#website\",\"url\":\"https:\/\/www.csj-emballages.com\/it\/\",\"name\":\"CSJ Emballages\",\"description\":\"\",\"publisher\":{\"@id\":\"https:\/\/www.csj-emballages.com\/it\/#organization\"},\"potentialAction\":[{\"@type\":\"SearchAction\",\"target\":{\"@type\":\"EntryPoint\",\"urlTemplate\":\"https:\/\/www.csj-emballages.com\/it\/?s={search_term_string}\"},\"query-input\":{\"@type\":\"PropertyValueSpecification\",\"valueRequired\":true,\"valueName\":\"search_term_string\"}}],\"inLanguage\":\"it-IT\"},{\"@type\":\"Organization\",\"@id\":\"https:\/\/www.csj-emballages.com\/it\/#Organization\/\",\"name\":\"CSJ Emballages\",\"url\":\"https:\/\/www.csj-emballages.com\/it\/\",\"logo\":{\"@type\":\"ImageObject\",\"inLanguage\":\"it-IT\",\"@id\":\"https:\/\/www.csj-emballages.com\/it\/#\/schema\/logo\/image\/\",\"url\":\"https:\/\/www.csj-emballages.com\/wp-content\/uploads\/2023\/10\/logo_csj.webp\",\"contentUrl\":\"https:\/\/www.csj-emballages.com\/wp-content\/uploads\/2023\/10\/logo_csj.webp\",\"width\":250,\"height\":95,\"caption\":\"CSJ Emballages\"},\"image\":{\"@id\":\"https:\/\/www.csj-emballages.com\/it\/#\/schema\/logo\/image\/\"},\"sameAs\":[\"https:\/\/www.facebook.com\/csjemballages\"],\"address\":{\"@type\":\"PostalAddress\",\"streetAddress\":\"ZI La Lechere\",\"addressLocality\":\"Patornay\",\"postalCode\":\"39130\",\"addressCountry\":\"FR\"},\"contactPoint\":[{\"@type\":\"ContactPoint\",\"contactType\":\"Service client\",\"telephone\":\"0384254272\",\"email\":\"contact@csj-emballages.com\"}]}]}<\/script>\n<!-- \/ Yoast SEO Premium plugin. -->","yoast_head_json":{"title":"Ballotin Avorio 250 Grammi per 10","description":"Ballotin avorio 250 g con fondo in cartone agganciabile. Elegante, solido e riciclabile, ideale per cioccolatini e confetteria. Confezione da 10 ballotin.","robots":{"index":"index","follow":"follow","max-snippet":"max-snippet:-1","max-image-preview":"max-image-preview:large","max-video-preview":"max-video-preview:-1"},"canonical":"https:\/\/www.csj-emballages.com\/it\/produit\/ballotin-avorio-250-grammi-per-10\/","og_locale":"it_IT","og_type":"article","og_title":"Ballotin avorio 250 grammi per 10","og_description":"Ballotin avorio 250 g con fondo in cartone agganciabile. Elegante, solido e riciclabile, ideale per cioccolatini e confetteria. Confezione da 10 ballotin.","og_url":"https:\/\/www.csj-emballages.com\/it\/produit\/ballotin-avorio-250-grammi-per-10\/","og_site_name":"CSJ Emballages","article_publisher":"https:\/\/www.facebook.com\/csjemballages","article_modified_time":"2026-04-24T00:10:39+00:00","og_image":[{"width":800,"height":800,"url":"https:\/\/www.csj-emballages.com\/wp-content\/uploads\/2025\/09\/114550.webp","type":"image\/webp"}],"twitter_card":"summary_large_image","twitter_misc":{"Dur\u00e9e de lecture estim\u00e9e":"1 minuto"},"schema":{"@context":"https:\/\/schema.org","@graph":[{"@type":"WebPage","@id":"https:\/\/www.csj-emballages.com\/it\/produit\/ballotin-avorio-250-grammi-per-10\/","url":"https:\/\/www.csj-emballages.com\/it\/produit\/ballotin-avorio-250-grammi-per-10\/","name":"Ballotin Avorio 250 Grammi per 10","isPartOf":{"@id":"https:\/\/www.csj-emballages.com\/it\/#website"},"primaryImageOfPage":{"@id":"https:\/\/www.csj-emballages.com\/it\/produit\/ballotin-avorio-250-grammi-per-10\/#primaryimage"},"image":{"@id":"https:\/\/www.csj-emballages.com\/it\/produit\/ballotin-avorio-250-grammi-per-10\/#primaryimage"},"thumbnailUrl":"https:\/\/www.csj-emballages.com\/wp-content\/uploads\/2025\/09\/114550.webp","datePublished":"2025-09-17T13:18:19+00:00","dateModified":"2026-04-24T00:10:39+00:00","description":"Ballotin avorio 250 g con fondo in cartone agganciabile. Elegante, solido e riciclabile, ideale per cioccolatini e confetteria. Confezione da 10 ballotin.","breadcrumb":{"@id":"https:\/\/www.csj-emballages.com\/it\/produit\/ballotin-avorio-250-grammi-per-10\/#breadcrumb"},"inLanguage":"it-IT","potentialAction":[{"@type":"ReadAction","target":["https:\/\/www.csj-emballages.com\/it\/produit\/ballotin-avorio-250-grammi-per-10\/"]}]},{"@type":"ImageObject","inLanguage":"it-IT","@id":"https:\/\/www.csj-emballages.com\/it\/produit\/ballotin-avorio-250-grammi-per-10\/#primaryimage","url":"https:\/\/www.csj-emballages.com\/wp-content\/uploads\/2025\/09\/114550.webp","contentUrl":"https:\/\/www.csj-emballages.com\/wp-content\/uploads\/2025\/09\/114550.webp","width":800,"height":800,"caption":"Ballotin ivoire"},{"@type":"BreadcrumbList","@id":"https:\/\/www.csj-emballages.com\/it\/produit\/ballotin-avorio-250-grammi-per-10\/#breadcrumb","itemListElement":[{"@type":"ListItem","position":1,"name":"Home","item":"https:\/\/www.csj-emballages.com\/it\/universo-imballaggi-alimentari\/"},{"@type":"ListItem","position":2,"name":"Negozio","item":"https:\/\/www.csj-emballages.com\/it\/negozio\/"},{"@type":"ListItem","position":3,"name":"Ballotin avorio 250 grammi per 10"}]},{"@type":"WebSite","@id":"https:\/\/www.csj-emballages.com\/it\/#website","url":"https:\/\/www.csj-emballages.com\/it\/","name":"CSJ Emballages","description":"","publisher":{"@id":"https:\/\/www.csj-emballages.com\/it\/#organization"},"potentialAction":[{"@type":"SearchAction","target":{"@type":"EntryPoint","urlTemplate":"https:\/\/www.csj-emballages.com\/it\/?s={search_term_string}"},"query-input":{"@type":"PropertyValueSpecification","valueRequired":true,"valueName":"search_term_string"}}],"inLanguage":"it-IT"},{"@type":"Organization","@id":"https:\/\/www.csj-emballages.com\/it\/#Organization\/","name":"CSJ Emballages","url":"https:\/\/www.csj-emballages.com\/it\/","logo":{"@type":"ImageObject","inLanguage":"it-IT","@id":"https:\/\/www.csj-emballages.com\/it\/#\/schema\/logo\/image\/","url":"https:\/\/www.csj-emballages.com\/wp-content\/uploads\/2023\/10\/logo_csj.webp","contentUrl":"https:\/\/www.csj-emballages.com\/wp-content\/uploads\/2023\/10\/logo_csj.webp","width":250,"height":95,"caption":"CSJ Emballages"},"image":{"@id":"https:\/\/www.csj-emballages.com\/it\/#\/schema\/logo\/image\/"},"sameAs":["https:\/\/www.facebook.com\/csjemballages"],"address":{"@type":"PostalAddress","streetAddress":"ZI La Lechere","addressLocality":"Patornay","postalCode":"39130","addressCountry":"FR"},"contactPoint":[{"@type":"ContactPoint","contactType":"Service client","telephone":"0384254272","email":"contact@csj-emballages.com"}]}]}},"df_price":5.05,"df_sale_price":"","df_regular_price":5.05,"df_image_link":"https:\/\/www.csj-emballages.com\/wp-content\/uploads\/2025\/09\/114550-300x300.webp","tiered_pricing_type":"fixed","tiered_pricing_fixed_rules":[],"tiered_pricing_percentage_rules":[],"tiered_pricing_minimum":1,"tiered_pricing_roles_data":[],"_links":{"self":[{"href":"https:\/\/www.csj-emballages.com\/it\/wp-json\/wp\/v2\/product\/272250","targetHints":{"allow":["GET"]}}],"collection":[{"href":"https:\/\/www.csj-emballages.com\/it\/wp-json\/wp\/v2\/product"}],"about":[{"href":"https:\/\/www.csj-emballages.com\/it\/wp-json\/wp\/v2\/types\/product"}],"wp:featuredmedia":[{"embeddable":true,"href":"https:\/\/www.csj-emballages.com\/it\/wp-json\/wp\/v2\/media\/272252"}],"wp:attachment":[{"href":"https:\/\/www.csj-emballages.com\/it\/wp-json\/wp\/v2\/media?parent=272250"}],"wp:term":[{"taxonomy":"product_brand","embeddable":true,"href":"https:\/\/www.csj-emballages.com\/it\/wp-json\/wp\/v2\/product_brand?post=272250"},{"taxonomy":"product_cat","embeddable":true,"href":"https:\/\/www.csj-emballages.com\/it\/wp-json\/wp\/v2\/product_cat?post=272250"},{"taxonomy":"product_tag","embeddable":true,"href":"https:\/\/www.csj-emballages.com\/it\/wp-json\/wp\/v2\/product_tag?post=272250"}],"curies":[{"name":"wp","href":"https:\/\/api.w.org\/{rel}","templated":true}]}}