{"id":272209,"date":"2025-09-15T09:55:59","date_gmt":"2025-09-15T07:55:59","guid":{"rendered":"https:\/\/www.csj-emballages.com\/produit\/tovagliolo-lilla-micro-goffrato-38-x-38-cm-da-40\/"},"modified":"2026-04-16T02:16:23","modified_gmt":"2026-04-16T00:16:23","slug":"tovagliolo-lilla-micro-goffrato-38-x-38-cm-da-40","status":"publish","type":"product","link":"https:\/\/www.csj-emballages.com\/it\/produit\/tovagliolo-lilla-micro-goffrato-38-x-38-cm-da-40\/","title":{"rendered":"Tovagliolo lilla micro-goffrato 38 x 38 cm da 40"},"content":{"rendered":"<h2 class=\"p1\">Tovagliolo lilla<\/h2>\n<hr>\n<h3>Descrizione del nostro tovagliolo lilla micro-goffrato 38 x 38 cm da 40<\/h3>\n<p><!--more--><\/p>\n<p data-start=\"261\" data-end=\"652\">Questo <strong data-start=\"267\" data-end=\"310\">tovagliolo lilla micro-goffrato 38 x 38 cm<\/strong> dona istantaneamente un tocco <strong>delicato<\/strong> ed <strong>elegante<\/strong> alle tue tavole. Il suo colore delicato si distingue dai toni classici pur rimanendo facile da abbinare, sia per un evento, un servizio catering, un ristorante o anche un ricevimento pi\u00f9 conviviale. Attira l&#8217;attenzione senza esagerare e crea un&#8217;atmosfera curata fin dalla preparazione.  <\/p>\n<p data-start=\"654\" data-end=\"1013\">Grazie alla sua texture <strong>micro-goffrata<\/strong>, il tovagliolo offre una buona presa e un&#8217;efficace assorbenza. Non \u00e8 solo bello: \u00e8 anche piacevole da usare. I discreti rilievi conferiscono un tocco pi\u00f9 qualitativo ed evitano l&#8217;effetto &#8220;carta troppo liscia&#8221;. Cos\u00ec, i tuoi clienti godono di un vero comfort a tavola, dall&#8217;inizio alla fine del pasto.   <\/p>\n<p data-start=\"1015\" data-end=\"1304\">Il suo formato <strong data-start=\"1026\" data-end=\"1040\">38 x 38 cm<\/strong> \u00e8 perfettamente adatto a numerosi usi. Pu\u00f2 essere piegato in diversi modi per abbellire una tavola o semplicemente appoggiato per un servizio rapido. Allo stesso modo, mantiene una buona resistenza per tutta la durata del pasto, anche durante servizi pi\u00f9 movimentati.  <\/p>\n<p data-start=\"1306\" data-end=\"1526\">La <strong data-start=\"1309\" data-end=\"1333\">confezione da 40 tovaglioli<\/strong> permette di gestire facilmente le esigenze occasionali o regolari, senza sprechi inutili. \u00c8 una soluzione pratica per chi vuole unire estetica, efficacia e semplicit\u00e0 nella vita di tutti i giorni. <\/p>\n<p data-start=\"1528\" data-end=\"1707\">In sintesi, questo <strong>tovagliolo lilla micro-goffrato<\/strong> combina morbidezza visiva, comfort d&#8217;uso e praticit\u00e0. Un piccolo dettaglio che fa la differenza su una tavola ben pensata. <\/p>\n<p><!--more--><\/p>\n<h4>Vantaggi:<\/h4>\n<ul>\n<li><strong data-start=\"948\" data-end=\"973\">Eleganti e moderne<\/strong>: Colore lilla tenue ed elegante, ideale per tutte le occasioni<\/li>\n<li><strong data-start=\"1041\" data-end=\"1064\">Assorbenza ottimale<\/strong>: Texture goffrata per una migliore efficacia<\/li>\n<li><strong data-start=\"1118\" data-end=\"1147\">Confortevole e resistente<\/strong>: Morbidezza al tatto e tenuta perfetta durante il pasto<\/li>\n<li><strong data-start=\"1209\" data-end=\"1228\">Formato pratico<\/strong>: Dimensioni generose per un utilizzo versatile<\/li>\n<li><strong data-start=\"1291\" data-end=\"1309\">Confezione economica<\/strong>: Questi tovaglioli goffrati sono <span class=\"Apple-converted-space\">v<\/span>enduti in confezione da 40, ideali per uso professionale o personale<\/li>\n<\/ul>\n<p>&nbsp;<\/p>\n<p><!--more--><\/p>\n<h4>Altre informazioni:<\/h4>\n<ul>\n<li><strong>Confezionamento<\/strong>: Pacchetto da 40<\/li>\n<li><strong>Dimensioni<\/strong>: 38 x 38 cm<\/li>\n<li><strong>Materiale<\/strong>: Micro-goffrato<\/li>\n<li><strong>Colore<\/strong>: Lilla<\/li>\n<\/ul>\n<p>&nbsp;<\/p>\n<p><!--more--><\/p>\n<p>Questo prodotto \u00e8 disponibile in diversi colori: <span style=\"color: #d12727;\"><a style=\"color: #d12727;\" href=\"https:\/\/www.csj-emballages.com\/it\/produit\/tovagliolo-blu-pastello-micro-goffrato-38-x-38-cm-x-40\/\">Blu pastello<\/a><\/span> \/ <span style=\"color: #d12727;\"><a style=\"color: #d12727;\" href=\"https:\/\/www.csj-emballages.com\/it\/produit\/tovagliolo-rosa-pastello-micro-goffrato-38-x-38-cm-da-40\/\">Rosa pastello<\/a><\/span> \/ <span style=\"color: #d12727;\"><a style=\"color: #d12727;\" href=\"https:\/\/www.csj-emballages.com\/it\/produit\/tovagliolo-arancione-micro-goffrato-38-x-38-cm-confezione-da-40\/\">Arancione<\/a><\/span> \/ <span style=\"color: #d12727;\"><a style=\"color: #d12727;\" href=\"https:\/\/www.csj-emballages.com\/it\/produit\/tovagliolo-avorio-micro-goffrato-38-x-38-cm-confezione-da-40\/\">Avorio<\/a><\/span> \/ <span style=\"color: #d12727;\"><a style=\"color: #d12727;\" href=\"https:\/\/www.csj-emballages.com\/it\/produit\/tovagliolo-champagne-micro-goffrato-38-x-38-cm-da-40\/\">Champagne<\/a><\/span> \/ <span style=\"color: #d12727;\"><a style=\"color: #d12727;\" href=\"https:\/\/www.csj-emballages.com\/it\/produit\/tovagliolo-giallo-micro-goffrato-38-x-38-cm-per-40\/\">Giallo<\/a><\/span> \/ <span style=\"color: #d12727;\"><a style=\"color: #d12727;\" href=\"https:\/\/www.csj-emballages.com\/it\/produit\/tovagliolo-blu-navy-micro-goffrato-38-x-38-cm-da-40\/\">Blu navy<\/a><\/span><\/p>\n<p>&nbsp;<\/p>\n<p><!--more--><\/p>\n<p><a href=\"\/?product_cat=serviettes-2-plis-micro-gaufrees\">Consulta il resto della nostra gamma di tovaglioli 2 veli goffrati<\/a><\/p>\n","protected":false},"excerpt":{"rendered":"<p>Tovagliolo lilla Descrizione del nostro tovagliolo lilla micro-goffrato 38 x 38 cm da 40<\/p>\n","protected":false},"featured_media":272214,"template":"","meta":{"_acf_changed":false},"product_brand":[],"product_cat":[10346,10375,10406,11124,11125],"product_tag":[],"class_list":{"0":"post-272209","1":"product","2":"type-product","3":"status-publish","4":"has-post-thumbnail","6":"product_cat-imballaggi-alimentari","7":"product_cat-ristorazione","8":"product_cat-tovaglioli-set-da-tavola-tovaglie","9":"product_cat-tovaglioli","10":"product_cat-tovaglioli-microgoffrati-2-veli","12":"first","13":"instock","14":"taxable","15":"shipping-taxable","16":"purchasable","17":"product-type-simple"},"acf":[],"yoast_head":"<!-- This site is optimized with the Yoast SEO Premium plugin v26.6 (Yoast SEO v26.6) - https:\/\/yoast.com\/wordpress\/plugins\/seo\/ -->\n<title>Tovagliolo Lilla Micro-Goffrato 38 x 38 cm da 40<\/title>\n<meta name=\"description\" content=\"Tovagliolo lilla micro-goffrato 38x38 cm venduto in confezione da 40. Elegante, assorbente e piacevole al tatto, ideale per tavoli, eventi e ristorazione.\" \/>\n<meta name=\"robots\" content=\"index, follow, max-snippet:-1, max-image-preview:large, max-video-preview:-1\" \/>\n<link rel=\"canonical\" href=\"https:\/\/www.csj-emballages.com\/it\/produit\/tovagliolo-lilla-micro-goffrato-38-x-38-cm-da-40\/\" \/>\n<meta property=\"og:locale\" content=\"it_IT\" \/>\n<meta property=\"og:type\" content=\"article\" \/>\n<meta property=\"og:title\" content=\"Tovagliolo lilla micro-goffrato 38 x 38 cm da 40\" \/>\n<meta property=\"og:description\" content=\"Tovagliolo lilla micro-goffrato 38x38 cm venduto in confezione da 40. Elegante, assorbente e piacevole al tatto, ideale per tavoli, eventi e ristorazione.\" \/>\n<meta property=\"og:url\" content=\"https:\/\/www.csj-emballages.com\/it\/produit\/tovagliolo-lilla-micro-goffrato-38-x-38-cm-da-40\/\" \/>\n<meta property=\"og:site_name\" content=\"CSJ Emballages\" \/>\n<meta property=\"article:publisher\" content=\"https:\/\/www.facebook.com\/csjemballages\" \/>\n<meta property=\"article:modified_time\" content=\"2026-04-16T00:16:23+00:00\" \/>\n<meta property=\"og:image\" content=\"https:\/\/www.csj-emballages.com\/wp-content\/uploads\/2025\/09\/SR40MGLILA.webp\" \/>\n\t<meta property=\"og:image:width\" content=\"800\" \/>\n\t<meta property=\"og:image:height\" content=\"800\" \/>\n\t<meta property=\"og:image:type\" content=\"image\/jpeg\" \/>\n<meta name=\"twitter:card\" content=\"summary_large_image\" \/>\n<meta name=\"twitter:label1\" content=\"Dur\u00e9e de lecture estim\u00e9e\" \/>\n\t<meta name=\"twitter:data1\" content=\"2 minuti\" \/>\n<script type=\"application\/ld+json\" class=\"yoast-schema-graph\">{\"@context\":\"https:\/\/schema.org\",\"@graph\":[{\"@type\":\"WebPage\",\"@id\":\"https:\/\/www.csj-emballages.com\/it\/produit\/tovagliolo-lilla-micro-goffrato-38-x-38-cm-da-40\/\",\"url\":\"https:\/\/www.csj-emballages.com\/it\/produit\/tovagliolo-lilla-micro-goffrato-38-x-38-cm-da-40\/\",\"name\":\"Tovagliolo Lilla Micro-Goffrato 38 x 38 cm da 40\",\"isPartOf\":{\"@id\":\"https:\/\/www.csj-emballages.com\/it\/#website\"},\"primaryImageOfPage\":{\"@id\":\"https:\/\/www.csj-emballages.com\/it\/produit\/tovagliolo-lilla-micro-goffrato-38-x-38-cm-da-40\/#primaryimage\"},\"image\":{\"@id\":\"https:\/\/www.csj-emballages.com\/it\/produit\/tovagliolo-lilla-micro-goffrato-38-x-38-cm-da-40\/#primaryimage\"},\"thumbnailUrl\":\"https:\/\/www.csj-emballages.com\/wp-content\/uploads\/2025\/09\/SR40MGLILA.webp\",\"datePublished\":\"2025-09-15T07:55:59+00:00\",\"dateModified\":\"2026-04-16T00:16:23+00:00\",\"description\":\"Tovagliolo lilla micro-goffrato 38x38 cm venduto in confezione da 40. Elegante, assorbente e piacevole al tatto, ideale per tavoli, eventi e ristorazione.\",\"breadcrumb\":{\"@id\":\"https:\/\/www.csj-emballages.com\/it\/produit\/tovagliolo-lilla-micro-goffrato-38-x-38-cm-da-40\/#breadcrumb\"},\"inLanguage\":\"it-IT\",\"potentialAction\":[{\"@type\":\"ReadAction\",\"target\":[\"https:\/\/www.csj-emballages.com\/it\/produit\/tovagliolo-lilla-micro-goffrato-38-x-38-cm-da-40\/\"]}]},{\"@type\":\"ImageObject\",\"inLanguage\":\"it-IT\",\"@id\":\"https:\/\/www.csj-emballages.com\/it\/produit\/tovagliolo-lilla-micro-goffrato-38-x-38-cm-da-40\/#primaryimage\",\"url\":\"https:\/\/www.csj-emballages.com\/wp-content\/uploads\/2025\/09\/SR40MGLILA.webp\",\"contentUrl\":\"https:\/\/www.csj-emballages.com\/wp-content\/uploads\/2025\/09\/SR40MGLILA.webp\",\"width\":800,\"height\":800,\"caption\":\"Serviette lila\"},{\"@type\":\"BreadcrumbList\",\"@id\":\"https:\/\/www.csj-emballages.com\/it\/produit\/tovagliolo-lilla-micro-goffrato-38-x-38-cm-da-40\/#breadcrumb\",\"itemListElement\":[{\"@type\":\"ListItem\",\"position\":1,\"name\":\"Home\",\"item\":\"https:\/\/www.csj-emballages.com\/it\/universo-imballaggi-alimentari\/\"},{\"@type\":\"ListItem\",\"position\":2,\"name\":\"Negozio\",\"item\":\"https:\/\/www.csj-emballages.com\/it\/negozio\/\"},{\"@type\":\"ListItem\",\"position\":3,\"name\":\"Tovagliolo lilla micro-goffrato 38 x 38 cm da 40\"}]},{\"@type\":\"WebSite\",\"@id\":\"https:\/\/www.csj-emballages.com\/it\/#website\",\"url\":\"https:\/\/www.csj-emballages.com\/it\/\",\"name\":\"CSJ Emballages\",\"description\":\"\",\"publisher\":{\"@id\":\"https:\/\/www.csj-emballages.com\/it\/#organization\"},\"potentialAction\":[{\"@type\":\"SearchAction\",\"target\":{\"@type\":\"EntryPoint\",\"urlTemplate\":\"https:\/\/www.csj-emballages.com\/it\/?s={search_term_string}\"},\"query-input\":{\"@type\":\"PropertyValueSpecification\",\"valueRequired\":true,\"valueName\":\"search_term_string\"}}],\"inLanguage\":\"it-IT\"},{\"@type\":\"Organization\",\"@id\":\"https:\/\/www.csj-emballages.com\/it\/#Organization\/\",\"name\":\"CSJ Emballages\",\"url\":\"https:\/\/www.csj-emballages.com\/it\/\",\"logo\":{\"@type\":\"ImageObject\",\"inLanguage\":\"it-IT\",\"@id\":\"https:\/\/www.csj-emballages.com\/it\/#\/schema\/logo\/image\/\",\"url\":\"https:\/\/www.csj-emballages.com\/wp-content\/uploads\/2023\/10\/logo_csj.webp\",\"contentUrl\":\"https:\/\/www.csj-emballages.com\/wp-content\/uploads\/2023\/10\/logo_csj.webp\",\"width\":250,\"height\":95,\"caption\":\"CSJ Emballages\"},\"image\":{\"@id\":\"https:\/\/www.csj-emballages.com\/it\/#\/schema\/logo\/image\/\"},\"sameAs\":[\"https:\/\/www.facebook.com\/csjemballages\"],\"address\":{\"@type\":\"PostalAddress\",\"streetAddress\":\"ZI La Lechere\",\"addressLocality\":\"Patornay\",\"postalCode\":\"39130\",\"addressCountry\":\"FR\"},\"contactPoint\":[{\"@type\":\"ContactPoint\",\"contactType\":\"Service client\",\"telephone\":\"0384254272\",\"email\":\"contact@csj-emballages.com\"}]}]}<\/script>\n<!-- \/ Yoast SEO Premium plugin. -->","yoast_head_json":{"title":"Tovagliolo Lilla Micro-Goffrato 38 x 38 cm da 40","description":"Tovagliolo lilla micro-goffrato 38x38 cm venduto in confezione da 40. Elegante, assorbente e piacevole al tatto, ideale per tavoli, eventi e ristorazione.","robots":{"index":"index","follow":"follow","max-snippet":"max-snippet:-1","max-image-preview":"max-image-preview:large","max-video-preview":"max-video-preview:-1"},"canonical":"https:\/\/www.csj-emballages.com\/it\/produit\/tovagliolo-lilla-micro-goffrato-38-x-38-cm-da-40\/","og_locale":"it_IT","og_type":"article","og_title":"Tovagliolo lilla micro-goffrato 38 x 38 cm da 40","og_description":"Tovagliolo lilla micro-goffrato 38x38 cm venduto in confezione da 40. Elegante, assorbente e piacevole al tatto, ideale per tavoli, eventi e ristorazione.","og_url":"https:\/\/www.csj-emballages.com\/it\/produit\/tovagliolo-lilla-micro-goffrato-38-x-38-cm-da-40\/","og_site_name":"CSJ Emballages","article_publisher":"https:\/\/www.facebook.com\/csjemballages","article_modified_time":"2026-04-16T00:16:23+00:00","og_image":[{"width":800,"height":800,"url":"https:\/\/www.csj-emballages.com\/wp-content\/uploads\/2025\/09\/SR40MGLILA.webp","type":"image\/jpeg"}],"twitter_card":"summary_large_image","twitter_misc":{"Dur\u00e9e de lecture estim\u00e9e":"2 minuti"},"schema":{"@context":"https:\/\/schema.org","@graph":[{"@type":"WebPage","@id":"https:\/\/www.csj-emballages.com\/it\/produit\/tovagliolo-lilla-micro-goffrato-38-x-38-cm-da-40\/","url":"https:\/\/www.csj-emballages.com\/it\/produit\/tovagliolo-lilla-micro-goffrato-38-x-38-cm-da-40\/","name":"Tovagliolo Lilla Micro-Goffrato 38 x 38 cm da 40","isPartOf":{"@id":"https:\/\/www.csj-emballages.com\/it\/#website"},"primaryImageOfPage":{"@id":"https:\/\/www.csj-emballages.com\/it\/produit\/tovagliolo-lilla-micro-goffrato-38-x-38-cm-da-40\/#primaryimage"},"image":{"@id":"https:\/\/www.csj-emballages.com\/it\/produit\/tovagliolo-lilla-micro-goffrato-38-x-38-cm-da-40\/#primaryimage"},"thumbnailUrl":"https:\/\/www.csj-emballages.com\/wp-content\/uploads\/2025\/09\/SR40MGLILA.webp","datePublished":"2025-09-15T07:55:59+00:00","dateModified":"2026-04-16T00:16:23+00:00","description":"Tovagliolo lilla micro-goffrato 38x38 cm venduto in confezione da 40. Elegante, assorbente e piacevole al tatto, ideale per tavoli, eventi e ristorazione.","breadcrumb":{"@id":"https:\/\/www.csj-emballages.com\/it\/produit\/tovagliolo-lilla-micro-goffrato-38-x-38-cm-da-40\/#breadcrumb"},"inLanguage":"it-IT","potentialAction":[{"@type":"ReadAction","target":["https:\/\/www.csj-emballages.com\/it\/produit\/tovagliolo-lilla-micro-goffrato-38-x-38-cm-da-40\/"]}]},{"@type":"ImageObject","inLanguage":"it-IT","@id":"https:\/\/www.csj-emballages.com\/it\/produit\/tovagliolo-lilla-micro-goffrato-38-x-38-cm-da-40\/#primaryimage","url":"https:\/\/www.csj-emballages.com\/wp-content\/uploads\/2025\/09\/SR40MGLILA.webp","contentUrl":"https:\/\/www.csj-emballages.com\/wp-content\/uploads\/2025\/09\/SR40MGLILA.webp","width":800,"height":800,"caption":"Serviette lila"},{"@type":"BreadcrumbList","@id":"https:\/\/www.csj-emballages.com\/it\/produit\/tovagliolo-lilla-micro-goffrato-38-x-38-cm-da-40\/#breadcrumb","itemListElement":[{"@type":"ListItem","position":1,"name":"Home","item":"https:\/\/www.csj-emballages.com\/it\/universo-imballaggi-alimentari\/"},{"@type":"ListItem","position":2,"name":"Negozio","item":"https:\/\/www.csj-emballages.com\/it\/negozio\/"},{"@type":"ListItem","position":3,"name":"Tovagliolo lilla micro-goffrato 38 x 38 cm da 40"}]},{"@type":"WebSite","@id":"https:\/\/www.csj-emballages.com\/it\/#website","url":"https:\/\/www.csj-emballages.com\/it\/","name":"CSJ Emballages","description":"","publisher":{"@id":"https:\/\/www.csj-emballages.com\/it\/#organization"},"potentialAction":[{"@type":"SearchAction","target":{"@type":"EntryPoint","urlTemplate":"https:\/\/www.csj-emballages.com\/it\/?s={search_term_string}"},"query-input":{"@type":"PropertyValueSpecification","valueRequired":true,"valueName":"search_term_string"}}],"inLanguage":"it-IT"},{"@type":"Organization","@id":"https:\/\/www.csj-emballages.com\/it\/#Organization\/","name":"CSJ Emballages","url":"https:\/\/www.csj-emballages.com\/it\/","logo":{"@type":"ImageObject","inLanguage":"it-IT","@id":"https:\/\/www.csj-emballages.com\/it\/#\/schema\/logo\/image\/","url":"https:\/\/www.csj-emballages.com\/wp-content\/uploads\/2023\/10\/logo_csj.webp","contentUrl":"https:\/\/www.csj-emballages.com\/wp-content\/uploads\/2023\/10\/logo_csj.webp","width":250,"height":95,"caption":"CSJ Emballages"},"image":{"@id":"https:\/\/www.csj-emballages.com\/it\/#\/schema\/logo\/image\/"},"sameAs":["https:\/\/www.facebook.com\/csjemballages"],"address":{"@type":"PostalAddress","streetAddress":"ZI La Lechere","addressLocality":"Patornay","postalCode":"39130","addressCountry":"FR"},"contactPoint":[{"@type":"ContactPoint","contactType":"Service client","telephone":"0384254272","email":"contact@csj-emballages.com"}]}]}},"df_price":1.73,"df_sale_price":"","df_regular_price":1.73,"df_image_link":"https:\/\/www.csj-emballages.com\/wp-content\/uploads\/2025\/09\/SR40MGLILA-300x300.webp","tiered_pricing_type":"fixed","tiered_pricing_fixed_rules":[],"tiered_pricing_percentage_rules":[],"tiered_pricing_minimum":1,"tiered_pricing_roles_data":[],"_links":{"self":[{"href":"https:\/\/www.csj-emballages.com\/it\/wp-json\/wp\/v2\/product\/272209","targetHints":{"allow":["GET"]}}],"collection":[{"href":"https:\/\/www.csj-emballages.com\/it\/wp-json\/wp\/v2\/product"}],"about":[{"href":"https:\/\/www.csj-emballages.com\/it\/wp-json\/wp\/v2\/types\/product"}],"wp:featuredmedia":[{"embeddable":true,"href":"https:\/\/www.csj-emballages.com\/it\/wp-json\/wp\/v2\/media\/272214"}],"wp:attachment":[{"href":"https:\/\/www.csj-emballages.com\/it\/wp-json\/wp\/v2\/media?parent=272209"}],"wp:term":[{"taxonomy":"product_brand","embeddable":true,"href":"https:\/\/www.csj-emballages.com\/it\/wp-json\/wp\/v2\/product_brand?post=272209"},{"taxonomy":"product_cat","embeddable":true,"href":"https:\/\/www.csj-emballages.com\/it\/wp-json\/wp\/v2\/product_cat?post=272209"},{"taxonomy":"product_tag","embeddable":true,"href":"https:\/\/www.csj-emballages.com\/it\/wp-json\/wp\/v2\/product_tag?post=272209"}],"curies":[{"name":"wp","href":"https:\/\/api.w.org\/{rel}","templated":true}]}}