{"id":272131,"date":"2025-09-19T17:18:48","date_gmt":"2025-09-19T15:18:48","guid":{"rendered":"https:\/\/www.csj-emballages.com\/produit\/confezione-2-bottiglie-bordeaux-in-cartone-con-maniglia-integrata-180-x-90-x-385-mm-set-da-5\/"},"modified":"2026-04-18T02:11:29","modified_gmt":"2026-04-18T00:11:29","slug":"confezione-2-bottiglie-bordeaux-in-cartone-con-maniglia-integrata-180-x-90-x-385-mm-set-da-5","status":"publish","type":"product","link":"https:\/\/www.csj-emballages.com\/it\/produit\/confezione-2-bottiglie-bordeaux-in-cartone-con-maniglia-integrata-180-x-90-x-385-mm-set-da-5\/","title":{"rendered":"Confezione 2 bottiglie bordeaux in cartone con maniglia integrata 180 x 90 x 385 mm &#8211; set da 5"},"content":{"rendered":"<h2 class=\"p1\">Confezione per bottiglia bordeaux<\/h2>\n<hr>\n<h3>Descrizione della nostra confezione 2 bottiglie bordeaux in cartone con maniglia integrata 180 x 90 x 385 mm &#8211; set da 5<\/h3>\n<p><!--more--><\/p>\n<p data-start=\"103\" data-end=\"557\">Offri alle tue bottiglie una presentazione elegante e professionale con questa <strong data-start=\"181\" data-end=\"221\">confezione 2 bottiglie bordeaux in cartone<\/strong>. Grazie al suo <strong data-start=\"375\" data-end=\"409\">cartone rigido<\/strong>, assicura un&#8217;ottima protezione durante il trasporto valorizzando al contempo le bottiglie sui tuoi scaffali o per l&#8217;asporto. <\/p>\n<p data-start=\"559\" data-end=\"872\">Questa <strong data-start=\"563\" data-end=\"593\">confezione con maniglia integrata<\/strong> \u00e8 l&#8217;ideale per enoteche, produttori di vino o gastronomie che desiderano offrire ai propri clienti un imballaggio <strong data-start=\"730\" data-end=\"755\">funzionale e curato<\/strong>. La <strong data-start=\"760\" data-end=\"780\">maniglia fustellata<\/strong> direttamente nel cartone facilita la presa, rendendo il trasporto semplice e sicuro. <\/p>\n<p data-start=\"874\" data-end=\"1154\">Allo stesso modo, le <strong data-start=\"887\" data-end=\"909\">finestre fustellate<\/strong> non sono solo estetiche: fungono anche da <strong data-start=\"973\" data-end=\"988\">separatori<\/strong> tra le due bottiglie, evitando urti durante la movimentazione. Cos\u00ec, ogni bottiglia resta al suo posto per una presentazione impeccabile fino alla degustazione. <\/p>\n<p data-start=\"1156\" data-end=\"1483\">La sua <strong data-start=\"1159\" data-end=\"1188\">tonalit\u00e0 bordeaux chic <\/strong><strong data-start=\"1159\" data-end=\"1188\">e calda<\/strong> valorizza il prodotto senza distogliere l&#8217;attenzione, perfetta per confezioni regalo, vendite promozionali o mercati locali. La confezione \u00e8 fornita <strong data-start=\"1347\" data-end=\"1363\">in lotti da 5<\/strong>, pratica per i professionisti che vogliono gestire le scorte senza ingombrare lo spazio. <\/p>\n<p data-start=\"1485\" data-end=\"1738\">In sintesi, questa <strong data-start=\"1500\" data-end=\"1552\">confezione 2 bottiglie bordeaux con maniglia integrata<\/strong> \u00e8 la soluzione ideale per unire protezione, presentazione e facilit\u00e0 di trasporto. Una scelta intelligente per chi vuole coniugare eleganza e praticit\u00e0 ogni giorno. <\/p>\n<p data-start=\"1378\" data-end=\"1605\"><!--more--><\/p>\n<h4 data-start=\"1378\" data-end=\"1605\">Vantaggi:<\/h4>\n<ul>\n<li data-start=\"1782\" data-end=\"1852\"><strong data-start=\"1782\" data-end=\"1812\">Cartone rigide e resistente<\/strong>, perfetto per proteggere le bottiglie.<\/li>\n<li data-start=\"1855\" data-end=\"1914\"><strong data-start=\"1855\" data-end=\"1875\">Maniglia integrata<\/strong> per un trasporto facile e sicuro.<\/li>\n<li data-start=\"1917\" data-end=\"1985\"><strong data-start=\"1917\" data-end=\"1939\">Finestre fustellate<\/strong> che fungono da separatori tra le bottiglie.<\/li>\n<li data-start=\"1988\" data-end=\"2060\"><strong data-start=\"1988\" data-end=\"2015\">Design caldo e chic<\/strong>, ideale per regali o vendita diretta.<\/li>\n<li data-start=\"2063\" data-end=\"2125\"><strong data-start=\"2063\" data-end=\"2080\">Formato adatto<\/strong> a bottiglie di Bordeaux e Borgogna.<\/li>\n<li data-start=\"2128\" data-end=\"2185\"><strong data-start=\"2128\" data-end=\"2149\">Confezionato in lotti da 5<\/strong>, pratico per i professionisti.<\/li>\n<\/ul>\n<p>&nbsp;<\/p>\n<p><!--more--><\/p>\n<h4>Altre informazioni:<\/h4>\n<ul>\n<li><strong>Confezione<\/strong>: Pacco da 5<\/li>\n<li><strong>Dimensioni<\/strong>: 180 x 90 x 385 mm<\/li>\n<li><strong>Materiale<\/strong>: Cartone<\/li>\n<li><strong>Capacit\u00e0<\/strong>: 2 bottiglie<\/li>\n<li><strong>Colore<\/strong>: Bordeaux<\/li>\n<\/ul>\n<p>&nbsp;<\/p>\n<p><!--more--><\/p>\n<p>Questa confezione bordeaux per 2 bottiglie \u00e8 disponibile in diverse versioni: <span style=\"color: #d12727;\"><a style=\"color: #d12727;\" href=\"https:\/\/www.csj-emballages.com\/produit\/etui-a-bouteille-bordeaux-carton-avec-poignee-90-x-90-x-384-mm-par-5\/\">1 bottiglia<\/a><\/span> \/ <span style=\"color: #d12727;\"><a style=\"color: #d12727;\" href=\"https:\/\/www.csj-emballages.com\/it\/produit\/astuccio-3-bottiglie-bordeaux-in-cartone-con-maniglia-integrata-270-x-90-x-385-mm-da-5\/\">3 bottiglie<\/a><\/span><\/p>\n<p>&nbsp;<\/p>\n<p><!--more--><\/p>\n<p>Scopri qui tutti i colori disponibili per questa confezione da 2 bottiglie: <span style=\"color: #d12727;\"><a style=\"color: #d12727;\" href=\"https:\/\/www.csj-emballages.com\/it\/produit\/astuccio-2-bottiglie-nero-in-cartone-con-maniglia-integrata-180-x-90-x-385-mm-da-5-pezzi\/\">Nero<\/a><\/span><span style=\"color: #d12727;\"> <\/span>\/ <span style=\"color: #d12727;\"><a style=\"color: #d12727;\" href=\"https:\/\/www.csj-emballages.com\/it\/produit\/astuccio-2-bottiglie-bianco-cartone-con-maniglia-integrata-180-x-90-x-385-mm-confezione-da-5\/\">Bianco<\/a> <\/span>\/ <span style=\"color: #d12727;\"><a style=\"color: #d12727;\" href=\"https:\/\/www.csj-emballages.com\/it\/produit\/astuccio-2-bottiglie-verde-oliva-in-cartone-con-maniglia-integrata-180-x-90-x-385-mm\/\">Verde oliva<\/a> <\/span>\/ <span style=\"color: #d12727;\"><a style=\"color: #d12727;\" href=\"https:\/\/www.csj-emballages.com\/it\/produit\/astuccio-2-bottiglie-cartone-con-maniglia-18-x-9-x-34-cm\/\">Kraft<\/a><\/span><\/p>\n<p>&nbsp;<\/p>\n<p><!--more--><\/p>\n<p><a href=\"https:\/\/www.csj-emballages.com\/it\/categorie-produit\/imballaggi-alimentari\/boutique-e-negozio\/sacchetti-buste\/sacchetti-per-bottiglie\/\">Scopri il resto della nostra gamma di sacchetti \/ confezioni per bottiglie<\/a><\/p>\n","protected":false},"excerpt":{"rendered":"<p>Confezione per bottiglia bordeaux Descrizione della nostra confezione 2 bottiglie bordeaux in cartone con maniglia integrata 180 x 90 x 385 mm &#8211; set da 5<\/p>\n","protected":false},"featured_media":272132,"template":"","meta":{"_acf_changed":false},"product_brand":[],"product_cat":[10346,10345,11140,11139],"product_tag":[],"class_list":{"0":"post-272131","1":"product","2":"type-product","3":"status-publish","4":"has-post-thumbnail","6":"product_cat-imballaggi-alimentari","7":"product_cat-boutique-e-negozio","8":"product_cat-sacchetti-buste","9":"product_cat-sacchetti-per-bottiglie","11":"first","12":"instock","13":"taxable","14":"shipping-taxable","15":"purchasable","16":"product-type-simple"},"acf":[],"yoast_head":"<!-- This site is optimized with the Yoast SEO Premium plugin v26.6 (Yoast SEO v26.6) - https:\/\/yoast.com\/wordpress\/plugins\/seo\/ -->\n<title>Confezione 2 Bottiglie Bordeaux con Maniglia 180 x 90 x 385 mm<\/title>\n<meta name=\"description\" content=\"Confezione 2 bottiglie bordeaux in cartone con maniglia integrata. Elegante, robusta e riciclabile, perfetta per bottiglie di Bordeaux o Borgogna.\" \/>\n<meta name=\"robots\" content=\"index, follow, max-snippet:-1, max-image-preview:large, max-video-preview:-1\" \/>\n<link rel=\"canonical\" href=\"https:\/\/www.csj-emballages.com\/it\/produit\/confezione-2-bottiglie-bordeaux-in-cartone-con-maniglia-integrata-180-x-90-x-385-mm-set-da-5\/\" \/>\n<meta property=\"og:locale\" content=\"it_IT\" \/>\n<meta property=\"og:type\" content=\"article\" \/>\n<meta property=\"og:title\" content=\"Confezione 2 bottiglie bordeaux in cartone con maniglia integrata 180 x 90 x 385 mm - set da 5\" \/>\n<meta property=\"og:description\" content=\"Confezione 2 bottiglie bordeaux in cartone con maniglia integrata. Elegante, robusta e riciclabile, perfetta per bottiglie di Bordeaux o Borgogna.\" \/>\n<meta property=\"og:url\" content=\"https:\/\/www.csj-emballages.com\/it\/produit\/confezione-2-bottiglie-bordeaux-in-cartone-con-maniglia-integrata-180-x-90-x-385-mm-set-da-5\/\" \/>\n<meta property=\"og:site_name\" content=\"CSJ Emballages\" \/>\n<meta property=\"article:publisher\" content=\"https:\/\/www.facebook.com\/csjemballages\" \/>\n<meta property=\"article:modified_time\" content=\"2026-04-18T00:11:29+00:00\" \/>\n<meta property=\"og:image\" content=\"https:\/\/www.csj-emballages.com\/wp-content\/uploads\/2025\/09\/136986.webp\" \/>\n\t<meta property=\"og:image:width\" content=\"800\" \/>\n\t<meta property=\"og:image:height\" content=\"800\" \/>\n\t<meta property=\"og:image:type\" content=\"image\/webp\" \/>\n<meta name=\"twitter:card\" content=\"summary_large_image\" \/>\n<meta name=\"twitter:label1\" content=\"Dur\u00e9e de lecture estim\u00e9e\" \/>\n\t<meta name=\"twitter:data1\" content=\"2 minuti\" \/>\n<script type=\"application\/ld+json\" class=\"yoast-schema-graph\">{\"@context\":\"https:\/\/schema.org\",\"@graph\":[{\"@type\":\"WebPage\",\"@id\":\"https:\/\/www.csj-emballages.com\/it\/produit\/confezione-2-bottiglie-bordeaux-in-cartone-con-maniglia-integrata-180-x-90-x-385-mm-set-da-5\/\",\"url\":\"https:\/\/www.csj-emballages.com\/it\/produit\/confezione-2-bottiglie-bordeaux-in-cartone-con-maniglia-integrata-180-x-90-x-385-mm-set-da-5\/\",\"name\":\"Confezione 2 Bottiglie Bordeaux con Maniglia 180 x 90 x 385 mm\",\"isPartOf\":{\"@id\":\"https:\/\/www.csj-emballages.com\/it\/#website\"},\"primaryImageOfPage\":{\"@id\":\"https:\/\/www.csj-emballages.com\/it\/produit\/confezione-2-bottiglie-bordeaux-in-cartone-con-maniglia-integrata-180-x-90-x-385-mm-set-da-5\/#primaryimage\"},\"image\":{\"@id\":\"https:\/\/www.csj-emballages.com\/it\/produit\/confezione-2-bottiglie-bordeaux-in-cartone-con-maniglia-integrata-180-x-90-x-385-mm-set-da-5\/#primaryimage\"},\"thumbnailUrl\":\"https:\/\/www.csj-emballages.com\/wp-content\/uploads\/2025\/09\/136986.webp\",\"datePublished\":\"2025-09-19T15:18:48+00:00\",\"dateModified\":\"2026-04-18T00:11:29+00:00\",\"description\":\"Confezione 2 bottiglie bordeaux in cartone con maniglia integrata. Elegante, robusta e riciclabile, perfetta per bottiglie di Bordeaux o Borgogna.\",\"breadcrumb\":{\"@id\":\"https:\/\/www.csj-emballages.com\/it\/produit\/confezione-2-bottiglie-bordeaux-in-cartone-con-maniglia-integrata-180-x-90-x-385-mm-set-da-5\/#breadcrumb\"},\"inLanguage\":\"it-IT\",\"potentialAction\":[{\"@type\":\"ReadAction\",\"target\":[\"https:\/\/www.csj-emballages.com\/it\/produit\/confezione-2-bottiglie-bordeaux-in-cartone-con-maniglia-integrata-180-x-90-x-385-mm-set-da-5\/\"]}]},{\"@type\":\"ImageObject\",\"inLanguage\":\"it-IT\",\"@id\":\"https:\/\/www.csj-emballages.com\/it\/produit\/confezione-2-bottiglie-bordeaux-in-cartone-con-maniglia-integrata-180-x-90-x-385-mm-set-da-5\/#primaryimage\",\"url\":\"https:\/\/www.csj-emballages.com\/wp-content\/uploads\/2025\/09\/136986.webp\",\"contentUrl\":\"https:\/\/www.csj-emballages.com\/wp-content\/uploads\/2025\/09\/136986.webp\",\"width\":800,\"height\":800,\"caption\":\"\u00c9tui 2 bouteilles bordeaux\"},{\"@type\":\"BreadcrumbList\",\"@id\":\"https:\/\/www.csj-emballages.com\/it\/produit\/confezione-2-bottiglie-bordeaux-in-cartone-con-maniglia-integrata-180-x-90-x-385-mm-set-da-5\/#breadcrumb\",\"itemListElement\":[{\"@type\":\"ListItem\",\"position\":1,\"name\":\"Home\",\"item\":\"https:\/\/www.csj-emballages.com\/it\/universo-imballaggi-alimentari\/\"},{\"@type\":\"ListItem\",\"position\":2,\"name\":\"Negozio\",\"item\":\"https:\/\/www.csj-emballages.com\/it\/negozio\/\"},{\"@type\":\"ListItem\",\"position\":3,\"name\":\"Confezione 2 bottiglie bordeaux in cartone con maniglia integrata 180 x 90 x 385 mm &#8211; set da 5\"}]},{\"@type\":\"WebSite\",\"@id\":\"https:\/\/www.csj-emballages.com\/it\/#website\",\"url\":\"https:\/\/www.csj-emballages.com\/it\/\",\"name\":\"CSJ Emballages\",\"description\":\"\",\"publisher\":{\"@id\":\"https:\/\/www.csj-emballages.com\/it\/#organization\"},\"potentialAction\":[{\"@type\":\"SearchAction\",\"target\":{\"@type\":\"EntryPoint\",\"urlTemplate\":\"https:\/\/www.csj-emballages.com\/it\/?s={search_term_string}\"},\"query-input\":{\"@type\":\"PropertyValueSpecification\",\"valueRequired\":true,\"valueName\":\"search_term_string\"}}],\"inLanguage\":\"it-IT\"},{\"@type\":\"Organization\",\"@id\":\"https:\/\/www.csj-emballages.com\/it\/#Organization\/\",\"name\":\"CSJ Emballages\",\"url\":\"https:\/\/www.csj-emballages.com\/it\/\",\"logo\":{\"@type\":\"ImageObject\",\"inLanguage\":\"it-IT\",\"@id\":\"https:\/\/www.csj-emballages.com\/it\/#\/schema\/logo\/image\/\",\"url\":\"https:\/\/www.csj-emballages.com\/wp-content\/uploads\/2023\/10\/logo_csj.webp\",\"contentUrl\":\"https:\/\/www.csj-emballages.com\/wp-content\/uploads\/2023\/10\/logo_csj.webp\",\"width\":250,\"height\":95,\"caption\":\"CSJ Emballages\"},\"image\":{\"@id\":\"https:\/\/www.csj-emballages.com\/it\/#\/schema\/logo\/image\/\"},\"sameAs\":[\"https:\/\/www.facebook.com\/csjemballages\"],\"address\":{\"@type\":\"PostalAddress\",\"streetAddress\":\"ZI La Lechere\",\"addressLocality\":\"Patornay\",\"postalCode\":\"39130\",\"addressCountry\":\"FR\"},\"contactPoint\":[{\"@type\":\"ContactPoint\",\"contactType\":\"Service client\",\"telephone\":\"0384254272\",\"email\":\"contact@csj-emballages.com\"}]}]}<\/script>\n<!-- \/ Yoast SEO Premium plugin. -->","yoast_head_json":{"title":"Confezione 2 Bottiglie Bordeaux con Maniglia 180 x 90 x 385 mm","description":"Confezione 2 bottiglie bordeaux in cartone con maniglia integrata. Elegante, robusta e riciclabile, perfetta per bottiglie di Bordeaux o Borgogna.","robots":{"index":"index","follow":"follow","max-snippet":"max-snippet:-1","max-image-preview":"max-image-preview:large","max-video-preview":"max-video-preview:-1"},"canonical":"https:\/\/www.csj-emballages.com\/it\/produit\/confezione-2-bottiglie-bordeaux-in-cartone-con-maniglia-integrata-180-x-90-x-385-mm-set-da-5\/","og_locale":"it_IT","og_type":"article","og_title":"Confezione 2 bottiglie bordeaux in cartone con maniglia integrata 180 x 90 x 385 mm - set da 5","og_description":"Confezione 2 bottiglie bordeaux in cartone con maniglia integrata. Elegante, robusta e riciclabile, perfetta per bottiglie di Bordeaux o Borgogna.","og_url":"https:\/\/www.csj-emballages.com\/it\/produit\/confezione-2-bottiglie-bordeaux-in-cartone-con-maniglia-integrata-180-x-90-x-385-mm-set-da-5\/","og_site_name":"CSJ Emballages","article_publisher":"https:\/\/www.facebook.com\/csjemballages","article_modified_time":"2026-04-18T00:11:29+00:00","og_image":[{"width":800,"height":800,"url":"https:\/\/www.csj-emballages.com\/wp-content\/uploads\/2025\/09\/136986.webp","type":"image\/webp"}],"twitter_card":"summary_large_image","twitter_misc":{"Dur\u00e9e de lecture estim\u00e9e":"2 minuti"},"schema":{"@context":"https:\/\/schema.org","@graph":[{"@type":"WebPage","@id":"https:\/\/www.csj-emballages.com\/it\/produit\/confezione-2-bottiglie-bordeaux-in-cartone-con-maniglia-integrata-180-x-90-x-385-mm-set-da-5\/","url":"https:\/\/www.csj-emballages.com\/it\/produit\/confezione-2-bottiglie-bordeaux-in-cartone-con-maniglia-integrata-180-x-90-x-385-mm-set-da-5\/","name":"Confezione 2 Bottiglie Bordeaux con Maniglia 180 x 90 x 385 mm","isPartOf":{"@id":"https:\/\/www.csj-emballages.com\/it\/#website"},"primaryImageOfPage":{"@id":"https:\/\/www.csj-emballages.com\/it\/produit\/confezione-2-bottiglie-bordeaux-in-cartone-con-maniglia-integrata-180-x-90-x-385-mm-set-da-5\/#primaryimage"},"image":{"@id":"https:\/\/www.csj-emballages.com\/it\/produit\/confezione-2-bottiglie-bordeaux-in-cartone-con-maniglia-integrata-180-x-90-x-385-mm-set-da-5\/#primaryimage"},"thumbnailUrl":"https:\/\/www.csj-emballages.com\/wp-content\/uploads\/2025\/09\/136986.webp","datePublished":"2025-09-19T15:18:48+00:00","dateModified":"2026-04-18T00:11:29+00:00","description":"Confezione 2 bottiglie bordeaux in cartone con maniglia integrata. Elegante, robusta e riciclabile, perfetta per bottiglie di Bordeaux o Borgogna.","breadcrumb":{"@id":"https:\/\/www.csj-emballages.com\/it\/produit\/confezione-2-bottiglie-bordeaux-in-cartone-con-maniglia-integrata-180-x-90-x-385-mm-set-da-5\/#breadcrumb"},"inLanguage":"it-IT","potentialAction":[{"@type":"ReadAction","target":["https:\/\/www.csj-emballages.com\/it\/produit\/confezione-2-bottiglie-bordeaux-in-cartone-con-maniglia-integrata-180-x-90-x-385-mm-set-da-5\/"]}]},{"@type":"ImageObject","inLanguage":"it-IT","@id":"https:\/\/www.csj-emballages.com\/it\/produit\/confezione-2-bottiglie-bordeaux-in-cartone-con-maniglia-integrata-180-x-90-x-385-mm-set-da-5\/#primaryimage","url":"https:\/\/www.csj-emballages.com\/wp-content\/uploads\/2025\/09\/136986.webp","contentUrl":"https:\/\/www.csj-emballages.com\/wp-content\/uploads\/2025\/09\/136986.webp","width":800,"height":800,"caption":"\u00c9tui 2 bouteilles bordeaux"},{"@type":"BreadcrumbList","@id":"https:\/\/www.csj-emballages.com\/it\/produit\/confezione-2-bottiglie-bordeaux-in-cartone-con-maniglia-integrata-180-x-90-x-385-mm-set-da-5\/#breadcrumb","itemListElement":[{"@type":"ListItem","position":1,"name":"Home","item":"https:\/\/www.csj-emballages.com\/it\/universo-imballaggi-alimentari\/"},{"@type":"ListItem","position":2,"name":"Negozio","item":"https:\/\/www.csj-emballages.com\/it\/negozio\/"},{"@type":"ListItem","position":3,"name":"Confezione 2 bottiglie bordeaux in cartone con maniglia integrata 180 x 90 x 385 mm &#8211; set da 5"}]},{"@type":"WebSite","@id":"https:\/\/www.csj-emballages.com\/it\/#website","url":"https:\/\/www.csj-emballages.com\/it\/","name":"CSJ Emballages","description":"","publisher":{"@id":"https:\/\/www.csj-emballages.com\/it\/#organization"},"potentialAction":[{"@type":"SearchAction","target":{"@type":"EntryPoint","urlTemplate":"https:\/\/www.csj-emballages.com\/it\/?s={search_term_string}"},"query-input":{"@type":"PropertyValueSpecification","valueRequired":true,"valueName":"search_term_string"}}],"inLanguage":"it-IT"},{"@type":"Organization","@id":"https:\/\/www.csj-emballages.com\/it\/#Organization\/","name":"CSJ Emballages","url":"https:\/\/www.csj-emballages.com\/it\/","logo":{"@type":"ImageObject","inLanguage":"it-IT","@id":"https:\/\/www.csj-emballages.com\/it\/#\/schema\/logo\/image\/","url":"https:\/\/www.csj-emballages.com\/wp-content\/uploads\/2023\/10\/logo_csj.webp","contentUrl":"https:\/\/www.csj-emballages.com\/wp-content\/uploads\/2023\/10\/logo_csj.webp","width":250,"height":95,"caption":"CSJ Emballages"},"image":{"@id":"https:\/\/www.csj-emballages.com\/it\/#\/schema\/logo\/image\/"},"sameAs":["https:\/\/www.facebook.com\/csjemballages"],"address":{"@type":"PostalAddress","streetAddress":"ZI La Lechere","addressLocality":"Patornay","postalCode":"39130","addressCountry":"FR"},"contactPoint":[{"@type":"ContactPoint","contactType":"Service client","telephone":"0384254272","email":"contact@csj-emballages.com"}]}]}},"df_price":6.37,"df_sale_price":"","df_regular_price":6.37,"df_image_link":"https:\/\/www.csj-emballages.com\/wp-content\/uploads\/2025\/09\/136986-300x300.webp","tiered_pricing_type":"fixed","tiered_pricing_fixed_rules":[],"tiered_pricing_percentage_rules":[],"tiered_pricing_minimum":1,"tiered_pricing_roles_data":[],"_links":{"self":[{"href":"https:\/\/www.csj-emballages.com\/it\/wp-json\/wp\/v2\/product\/272131","targetHints":{"allow":["GET"]}}],"collection":[{"href":"https:\/\/www.csj-emballages.com\/it\/wp-json\/wp\/v2\/product"}],"about":[{"href":"https:\/\/www.csj-emballages.com\/it\/wp-json\/wp\/v2\/types\/product"}],"wp:featuredmedia":[{"embeddable":true,"href":"https:\/\/www.csj-emballages.com\/it\/wp-json\/wp\/v2\/media\/272132"}],"wp:attachment":[{"href":"https:\/\/www.csj-emballages.com\/it\/wp-json\/wp\/v2\/media?parent=272131"}],"wp:term":[{"taxonomy":"product_brand","embeddable":true,"href":"https:\/\/www.csj-emballages.com\/it\/wp-json\/wp\/v2\/product_brand?post=272131"},{"taxonomy":"product_cat","embeddable":true,"href":"https:\/\/www.csj-emballages.com\/it\/wp-json\/wp\/v2\/product_cat?post=272131"},{"taxonomy":"product_tag","embeddable":true,"href":"https:\/\/www.csj-emballages.com\/it\/wp-json\/wp\/v2\/product_tag?post=272131"}],"curies":[{"name":"wp","href":"https:\/\/api.w.org\/{rel}","templated":true}]}}