{"id":272122,"date":"2025-09-24T09:18:19","date_gmt":"2025-09-24T07:18:19","guid":{"rendered":"https:\/\/www.csj-emballages.com\/produit\/busta-sottovuoto-goffrata-25-x-70-cm-100-%c2%b5-confezione-da-100\/"},"modified":"2026-04-03T02:21:52","modified_gmt":"2026-04-03T00:21:52","slug":"busta-sottovuoto-goffrata-25-x-70-cm-100-%c2%b5-confezione-da-100","status":"publish","type":"product","link":"https:\/\/www.csj-emballages.com\/it\/produit\/busta-sottovuoto-goffrata-25-x-70-cm-100-%c2%b5-confezione-da-100\/","title":{"rendered":"Busta sottovuoto goffrata 25 x 70 cm 100 \u00b5, confezione da 100"},"content":{"rendered":"<h2 class=\"p1\">Sacchetto sottovuoto<\/h2>\n<hr>\n<h3>Descrizione della nostra busta sottovuoto goffrata 25 x 70 cm 100 \u00b5, confezione da 100<\/h3>\n<p><!--more--><\/p>\n<p data-start=\"209\" data-end=\"693\">Se hai bisogno di un imballaggio capace di preservare i tuoi prodotti pi\u00f9 a lungo e facile da usare, queste <strong data-start=\"332\" data-end=\"369\">buste sottovuoto goffrate da 25 x 70 cm<\/strong> sono una vera soluzione vincente. Grazie alla loro grande lunghezza, sono perfette per alimenti voluminosi: pezzi di <strong>carne<\/strong>, <strong>pesci<\/strong> interi, <strong>salumi<\/strong> lunghi, <strong>formaggi<\/strong> generosi o anche preparazioni familiari. Cos\u00ec, approfitti di un formato versatile che si adatta a tutto ci\u00f2 che desideri conservare.  <\/p>\n<p data-start=\"695\" data-end=\"1108\">La <strong>goffratura<\/strong> interna non \u00e8 solo un dettaglio: migliora notevolmente l&#8217;aspirazione dell&#8217;aria, offrendo un sottovuoto pi\u00f9 performante. Il risultato: i tuoi prodotti si conservano meglio, mantengono i loro sapori originali e restano protetti dalle bruciature da congelamento. Allo stesso modo, lo spessore di <strong data-start=\"994\" data-end=\"1009\">100 micron<\/strong> offre una bella robustezza, ideale per evitare strappi o perdite durante lo stoccaggio.  <\/p>\n<p data-start=\"1110\" data-end=\"1417\">Puoi usarle sia con una macchina sottovuoto ad aspirazione esterna che con una campana professionale. La busta reagisce rapidamente e si salda in modo pulito, permettendoti di risparmiare tempo senza compromettere la qualit\u00e0. Per un uso quotidiano, professionale o domestico, \u00e8 una vera comodit\u00e0.  <\/p>\n<p data-start=\"1419\" data-end=\"1649\">La confezione da <strong data-start=\"1429\" data-end=\"1443\">100 unit\u00e0<\/strong> offre una buona autonomia. Hai tutto il necessario per organizzare le tue scorte, anticipare le tue preparazioni e ottimizzare i tuoi spazi di stoccaggio, sia in cucina, in un laboratorio di trasformazione o in un laboratorio. <\/p>\n<p data-start=\"1651\" data-end=\"1828\">In breve, queste <strong>buste sottovuoto goffrate<\/strong> ti permettono di conservare, proteggere e organizzare i tuoi alimenti in tutta semplicit\u00e0, migliorando la qualit\u00e0 delle tue preparazioni a lungo termine.<\/p>\n<p><!--more--><\/p>\n<h4 style=\"text-align: left;\"><strong>I loro vantaggi:<\/strong><\/h4>\n<ul style=\"text-align: left;\">\n<li><strong>Conservazione prolungata<\/strong>: Prolunga la durata degli alimenti.<\/li>\n<li><strong>Texture goffrata<\/strong>: Facilita l&#8217;evacuazione dell&#8217;aria, garantendo una tenuta ottimale.<\/li>\n<li><strong>Versatilit\u00e0<\/strong>: Compatibile con la maggior parte delle <span style=\"color: #d12727;\"><a style=\"color: #d12727;\" href=\"https:\/\/www.csj-emballages.com\/produit\/machine-sous-vide-semi-pro\/\">macchine sottovuoto<\/a><\/span> domestiche e professionali.<\/li>\n<li><strong>Formato pratico<\/strong>: ideale per piccole porzioni o alimenti singoli.<\/li>\n<li><strong>Sicure per gli alimenti<\/strong>: Materiali senza BPA, conformi alle norme alimentari<\/li>\n<\/ul>\n<p>.<\/p>\n<p><!--more--><\/p>\n<h4>Altre informazioni:<\/h4>\n<ul>\n<li><strong>Confezione<\/strong>: Pacco da 100<\/li>\n<li><strong>Dimensioni<\/strong>: 25 x 70 cm<\/li>\n<li><strong>Termosaldabile<\/strong>: S\u00ec<\/li>\n<li><strong>Tipo<\/strong> : Goffrato<\/li>\n<li><strong>Retraibile<\/strong>: No<\/li>\n<li><strong>Resistenza<\/strong>: 100 micron<\/li>\n<li><strong>Saldatura<\/strong>: 3 lati \/ apertura sulla larghezza<\/li>\n<li><strong>Temperatura di utilizzo<\/strong>: da -20\u00b0C a +70\u00b0C<\/li>\n<\/ul>\n<p>&nbsp;<\/p>\n<p><!--more--><\/p>\n<h4>Articoli complementari:<\/h4>\n<p>La  <span style=\"color: #d12727;\"><a style=\"color: #d12727;\" href=\"https:\/\/www.csj-emballages.com\/produit\/machine-sous-vide-semi-pro\/\">macchina sottovuoto semi-professionale (MSV)<\/a><\/span><\/p>\n<p>&nbsp;<\/p>\n<p><!--more--><\/p>\n<p><a href=\"https:\/\/www.csj-emballages.com\/it\/categorie-produit\/imballaggi-alimentari\/macelleria-gastronomia-ortofrutta\/sacchetti-e-buste\/sacchetti-sottovuoto\/sacchetti-sottovuoto-goffrati\/\">Consulta il resto della nostra gamma di sacchetti sottovuoto goffrati<\/a><\/p>\n<p>&nbsp;<\/p>\n","protected":false},"excerpt":{"rendered":"<p>Sacchetto sottovuoto Descrizione della nostra busta sottovuoto goffrata 25 x 70 cm 100 \u00b5, confezione da 100<\/p>\n","protected":false},"featured_media":269705,"template":"","meta":{"_acf_changed":false},"product_brand":[],"product_cat":[10346,10381,11412,11074,11083],"product_tag":[],"class_list":{"0":"post-272122","1":"product","2":"type-product","3":"status-publish","4":"has-post-thumbnail","6":"product_cat-imballaggi-alimentari","7":"product_cat-macelleria-gastronomia-ortofrutta","8":"product_cat-sacchetti-e-buste","9":"product_cat-sacchetti-sottovuoto","10":"product_cat-sacchetti-sottovuoto-goffrati","12":"first","13":"instock","14":"taxable","15":"shipping-taxable","16":"purchasable","17":"product-type-simple"},"acf":[],"yoast_head":"<!-- This site is optimized with the Yoast SEO Premium plugin v26.6 (Yoast SEO v26.6) - https:\/\/yoast.com\/wordpress\/plugins\/seo\/ -->\n<title>Busta Sottovuoto Goffrata 25 x 70 cm 100 \u00b5, Confezione Da 100<\/title>\n<meta name=\"description\" content=\"Buste sottovuoto goffrate 25 x 70 cm, spessore 100 \u00b5. Confezione da 100. Perfette per conservare a lungo carne, pesce e alimenti voluminosi.\" \/>\n<meta name=\"robots\" content=\"index, follow, max-snippet:-1, max-image-preview:large, max-video-preview:-1\" \/>\n<link rel=\"canonical\" href=\"https:\/\/www.csj-emballages.com\/it\/produit\/busta-sottovuoto-goffrata-25-x-70-cm-100-%c2%b5-confezione-da-100\/\" \/>\n<meta property=\"og:locale\" content=\"it_IT\" \/>\n<meta property=\"og:type\" content=\"article\" \/>\n<meta property=\"og:title\" content=\"Busta sottovuoto goffrata 25 x 70 cm 100 \u00b5, confezione da 100\" \/>\n<meta property=\"og:description\" content=\"Buste sottovuoto goffrate 25 x 70 cm, spessore 100 \u00b5. Confezione da 100. Perfette per conservare a lungo carne, pesce e alimenti voluminosi.\" \/>\n<meta property=\"og:url\" content=\"https:\/\/www.csj-emballages.com\/it\/produit\/busta-sottovuoto-goffrata-25-x-70-cm-100-%c2%b5-confezione-da-100\/\" \/>\n<meta property=\"og:site_name\" content=\"CSJ Emballages\" \/>\n<meta property=\"article:publisher\" content=\"https:\/\/www.facebook.com\/csjemballages\" \/>\n<meta property=\"article:modified_time\" content=\"2026-04-03T00:21:52+00:00\" \/>\n<meta property=\"og:image\" content=\"https:\/\/www.csj-emballages.com\/wp-content\/uploads\/2024\/03\/sac-sous-vide-gaufre.webp\" \/>\n\t<meta property=\"og:image:width\" content=\"800\" \/>\n\t<meta property=\"og:image:height\" content=\"800\" \/>\n\t<meta property=\"og:image:type\" content=\"image\/webp\" \/>\n<meta name=\"twitter:card\" content=\"summary_large_image\" \/>\n<meta name=\"twitter:label1\" content=\"Dur\u00e9e de lecture estim\u00e9e\" \/>\n\t<meta name=\"twitter:data1\" content=\"2 minuti\" \/>\n<script type=\"application\/ld+json\" class=\"yoast-schema-graph\">{\"@context\":\"https:\/\/schema.org\",\"@graph\":[{\"@type\":\"WebPage\",\"@id\":\"https:\/\/www.csj-emballages.com\/it\/produit\/busta-sottovuoto-goffrata-25-x-70-cm-100-%c2%b5-confezione-da-100\/\",\"url\":\"https:\/\/www.csj-emballages.com\/it\/produit\/busta-sottovuoto-goffrata-25-x-70-cm-100-%c2%b5-confezione-da-100\/\",\"name\":\"Busta Sottovuoto Goffrata 25 x 70 cm 100 \u00b5, Confezione Da 100\",\"isPartOf\":{\"@id\":\"https:\/\/www.csj-emballages.com\/it\/#website\"},\"primaryImageOfPage\":{\"@id\":\"https:\/\/www.csj-emballages.com\/it\/produit\/busta-sottovuoto-goffrata-25-x-70-cm-100-%c2%b5-confezione-da-100\/#primaryimage\"},\"image\":{\"@id\":\"https:\/\/www.csj-emballages.com\/it\/produit\/busta-sottovuoto-goffrata-25-x-70-cm-100-%c2%b5-confezione-da-100\/#primaryimage\"},\"thumbnailUrl\":\"https:\/\/www.csj-emballages.com\/wp-content\/uploads\/2024\/03\/sac-sous-vide-gaufre.webp\",\"datePublished\":\"2025-09-24T07:18:19+00:00\",\"dateModified\":\"2026-04-03T00:21:52+00:00\",\"description\":\"Buste sottovuoto goffrate 25 x 70 cm, spessore 100 \u00b5. Confezione da 100. Perfette per conservare a lungo carne, pesce e alimenti voluminosi.\",\"breadcrumb\":{\"@id\":\"https:\/\/www.csj-emballages.com\/it\/produit\/busta-sottovuoto-goffrata-25-x-70-cm-100-%c2%b5-confezione-da-100\/#breadcrumb\"},\"inLanguage\":\"it-IT\",\"potentialAction\":[{\"@type\":\"ReadAction\",\"target\":[\"https:\/\/www.csj-emballages.com\/it\/produit\/busta-sottovuoto-goffrata-25-x-70-cm-100-%c2%b5-confezione-da-100\/\"]}]},{\"@type\":\"ImageObject\",\"inLanguage\":\"it-IT\",\"@id\":\"https:\/\/www.csj-emballages.com\/it\/produit\/busta-sottovuoto-goffrata-25-x-70-cm-100-%c2%b5-confezione-da-100\/#primaryimage\",\"url\":\"https:\/\/www.csj-emballages.com\/wp-content\/uploads\/2024\/03\/sac-sous-vide-gaufre.webp\",\"contentUrl\":\"https:\/\/www.csj-emballages.com\/wp-content\/uploads\/2024\/03\/sac-sous-vide-gaufre.webp\",\"width\":800,\"height\":800,\"caption\":\"Sac sous vide\"},{\"@type\":\"BreadcrumbList\",\"@id\":\"https:\/\/www.csj-emballages.com\/it\/produit\/busta-sottovuoto-goffrata-25-x-70-cm-100-%c2%b5-confezione-da-100\/#breadcrumb\",\"itemListElement\":[{\"@type\":\"ListItem\",\"position\":1,\"name\":\"Home\",\"item\":\"https:\/\/www.csj-emballages.com\/it\/universo-imballaggi-alimentari\/\"},{\"@type\":\"ListItem\",\"position\":2,\"name\":\"Negozio\",\"item\":\"https:\/\/www.csj-emballages.com\/it\/negozio\/\"},{\"@type\":\"ListItem\",\"position\":3,\"name\":\"Busta sottovuoto goffrata 25 x 70 cm 100 \u00b5, confezione da 100\"}]},{\"@type\":\"WebSite\",\"@id\":\"https:\/\/www.csj-emballages.com\/it\/#website\",\"url\":\"https:\/\/www.csj-emballages.com\/it\/\",\"name\":\"CSJ Emballages\",\"description\":\"\",\"publisher\":{\"@id\":\"https:\/\/www.csj-emballages.com\/it\/#organization\"},\"potentialAction\":[{\"@type\":\"SearchAction\",\"target\":{\"@type\":\"EntryPoint\",\"urlTemplate\":\"https:\/\/www.csj-emballages.com\/it\/?s={search_term_string}\"},\"query-input\":{\"@type\":\"PropertyValueSpecification\",\"valueRequired\":true,\"valueName\":\"search_term_string\"}}],\"inLanguage\":\"it-IT\"},{\"@type\":\"Organization\",\"@id\":\"https:\/\/www.csj-emballages.com\/it\/#Organization\/\",\"name\":\"CSJ Emballages\",\"url\":\"https:\/\/www.csj-emballages.com\/it\/\",\"logo\":{\"@type\":\"ImageObject\",\"inLanguage\":\"it-IT\",\"@id\":\"https:\/\/www.csj-emballages.com\/it\/#\/schema\/logo\/image\/\",\"url\":\"https:\/\/www.csj-emballages.com\/wp-content\/uploads\/2023\/10\/logo_csj.webp\",\"contentUrl\":\"https:\/\/www.csj-emballages.com\/wp-content\/uploads\/2023\/10\/logo_csj.webp\",\"width\":250,\"height\":95,\"caption\":\"CSJ Emballages\"},\"image\":{\"@id\":\"https:\/\/www.csj-emballages.com\/it\/#\/schema\/logo\/image\/\"},\"sameAs\":[\"https:\/\/www.facebook.com\/csjemballages\"],\"address\":{\"@type\":\"PostalAddress\",\"streetAddress\":\"ZI La Lechere\",\"addressLocality\":\"Patornay\",\"postalCode\":\"39130\",\"addressCountry\":\"FR\"},\"contactPoint\":[{\"@type\":\"ContactPoint\",\"contactType\":\"Service client\",\"telephone\":\"0384254272\",\"email\":\"contact@csj-emballages.com\"}]}]}<\/script>\n<!-- \/ Yoast SEO Premium plugin. -->","yoast_head_json":{"title":"Busta Sottovuoto Goffrata 25 x 70 cm 100 \u00b5, Confezione Da 100","description":"Buste sottovuoto goffrate 25 x 70 cm, spessore 100 \u00b5. Confezione da 100. Perfette per conservare a lungo carne, pesce e alimenti voluminosi.","robots":{"index":"index","follow":"follow","max-snippet":"max-snippet:-1","max-image-preview":"max-image-preview:large","max-video-preview":"max-video-preview:-1"},"canonical":"https:\/\/www.csj-emballages.com\/it\/produit\/busta-sottovuoto-goffrata-25-x-70-cm-100-%c2%b5-confezione-da-100\/","og_locale":"it_IT","og_type":"article","og_title":"Busta sottovuoto goffrata 25 x 70 cm 100 \u00b5, confezione da 100","og_description":"Buste sottovuoto goffrate 25 x 70 cm, spessore 100 \u00b5. Confezione da 100. Perfette per conservare a lungo carne, pesce e alimenti voluminosi.","og_url":"https:\/\/www.csj-emballages.com\/it\/produit\/busta-sottovuoto-goffrata-25-x-70-cm-100-%c2%b5-confezione-da-100\/","og_site_name":"CSJ Emballages","article_publisher":"https:\/\/www.facebook.com\/csjemballages","article_modified_time":"2026-04-03T00:21:52+00:00","og_image":[{"width":800,"height":800,"url":"https:\/\/www.csj-emballages.com\/wp-content\/uploads\/2024\/03\/sac-sous-vide-gaufre.webp","type":"image\/webp"}],"twitter_card":"summary_large_image","twitter_misc":{"Dur\u00e9e de lecture estim\u00e9e":"2 minuti"},"schema":{"@context":"https:\/\/schema.org","@graph":[{"@type":"WebPage","@id":"https:\/\/www.csj-emballages.com\/it\/produit\/busta-sottovuoto-goffrata-25-x-70-cm-100-%c2%b5-confezione-da-100\/","url":"https:\/\/www.csj-emballages.com\/it\/produit\/busta-sottovuoto-goffrata-25-x-70-cm-100-%c2%b5-confezione-da-100\/","name":"Busta Sottovuoto Goffrata 25 x 70 cm 100 \u00b5, Confezione Da 100","isPartOf":{"@id":"https:\/\/www.csj-emballages.com\/it\/#website"},"primaryImageOfPage":{"@id":"https:\/\/www.csj-emballages.com\/it\/produit\/busta-sottovuoto-goffrata-25-x-70-cm-100-%c2%b5-confezione-da-100\/#primaryimage"},"image":{"@id":"https:\/\/www.csj-emballages.com\/it\/produit\/busta-sottovuoto-goffrata-25-x-70-cm-100-%c2%b5-confezione-da-100\/#primaryimage"},"thumbnailUrl":"https:\/\/www.csj-emballages.com\/wp-content\/uploads\/2024\/03\/sac-sous-vide-gaufre.webp","datePublished":"2025-09-24T07:18:19+00:00","dateModified":"2026-04-03T00:21:52+00:00","description":"Buste sottovuoto goffrate 25 x 70 cm, spessore 100 \u00b5. Confezione da 100. Perfette per conservare a lungo carne, pesce e alimenti voluminosi.","breadcrumb":{"@id":"https:\/\/www.csj-emballages.com\/it\/produit\/busta-sottovuoto-goffrata-25-x-70-cm-100-%c2%b5-confezione-da-100\/#breadcrumb"},"inLanguage":"it-IT","potentialAction":[{"@type":"ReadAction","target":["https:\/\/www.csj-emballages.com\/it\/produit\/busta-sottovuoto-goffrata-25-x-70-cm-100-%c2%b5-confezione-da-100\/"]}]},{"@type":"ImageObject","inLanguage":"it-IT","@id":"https:\/\/www.csj-emballages.com\/it\/produit\/busta-sottovuoto-goffrata-25-x-70-cm-100-%c2%b5-confezione-da-100\/#primaryimage","url":"https:\/\/www.csj-emballages.com\/wp-content\/uploads\/2024\/03\/sac-sous-vide-gaufre.webp","contentUrl":"https:\/\/www.csj-emballages.com\/wp-content\/uploads\/2024\/03\/sac-sous-vide-gaufre.webp","width":800,"height":800,"caption":"Sac sous vide"},{"@type":"BreadcrumbList","@id":"https:\/\/www.csj-emballages.com\/it\/produit\/busta-sottovuoto-goffrata-25-x-70-cm-100-%c2%b5-confezione-da-100\/#breadcrumb","itemListElement":[{"@type":"ListItem","position":1,"name":"Home","item":"https:\/\/www.csj-emballages.com\/it\/universo-imballaggi-alimentari\/"},{"@type":"ListItem","position":2,"name":"Negozio","item":"https:\/\/www.csj-emballages.com\/it\/negozio\/"},{"@type":"ListItem","position":3,"name":"Busta sottovuoto goffrata 25 x 70 cm 100 \u00b5, confezione da 100"}]},{"@type":"WebSite","@id":"https:\/\/www.csj-emballages.com\/it\/#website","url":"https:\/\/www.csj-emballages.com\/it\/","name":"CSJ Emballages","description":"","publisher":{"@id":"https:\/\/www.csj-emballages.com\/it\/#organization"},"potentialAction":[{"@type":"SearchAction","target":{"@type":"EntryPoint","urlTemplate":"https:\/\/www.csj-emballages.com\/it\/?s={search_term_string}"},"query-input":{"@type":"PropertyValueSpecification","valueRequired":true,"valueName":"search_term_string"}}],"inLanguage":"it-IT"},{"@type":"Organization","@id":"https:\/\/www.csj-emballages.com\/it\/#Organization\/","name":"CSJ Emballages","url":"https:\/\/www.csj-emballages.com\/it\/","logo":{"@type":"ImageObject","inLanguage":"it-IT","@id":"https:\/\/www.csj-emballages.com\/it\/#\/schema\/logo\/image\/","url":"https:\/\/www.csj-emballages.com\/wp-content\/uploads\/2023\/10\/logo_csj.webp","contentUrl":"https:\/\/www.csj-emballages.com\/wp-content\/uploads\/2023\/10\/logo_csj.webp","width":250,"height":95,"caption":"CSJ Emballages"},"image":{"@id":"https:\/\/www.csj-emballages.com\/it\/#\/schema\/logo\/image\/"},"sameAs":["https:\/\/www.facebook.com\/csjemballages"],"address":{"@type":"PostalAddress","streetAddress":"ZI La Lechere","addressLocality":"Patornay","postalCode":"39130","addressCountry":"FR"},"contactPoint":[{"@type":"ContactPoint","contactType":"Service client","telephone":"0384254272","email":"contact@csj-emballages.com"}]}]}},"df_price":35.7,"df_sale_price":"","df_regular_price":35.7,"df_image_link":"https:\/\/www.csj-emballages.com\/wp-content\/uploads\/2024\/03\/sac-sous-vide-gaufre-300x300.webp","tiered_pricing_type":"fixed","tiered_pricing_fixed_rules":[],"tiered_pricing_percentage_rules":[],"tiered_pricing_minimum":1,"tiered_pricing_roles_data":[],"_links":{"self":[{"href":"https:\/\/www.csj-emballages.com\/it\/wp-json\/wp\/v2\/product\/272122","targetHints":{"allow":["GET"]}}],"collection":[{"href":"https:\/\/www.csj-emballages.com\/it\/wp-json\/wp\/v2\/product"}],"about":[{"href":"https:\/\/www.csj-emballages.com\/it\/wp-json\/wp\/v2\/types\/product"}],"wp:featuredmedia":[{"embeddable":true,"href":"https:\/\/www.csj-emballages.com\/it\/wp-json\/wp\/v2\/media\/269705"}],"wp:attachment":[{"href":"https:\/\/www.csj-emballages.com\/it\/wp-json\/wp\/v2\/media?parent=272122"}],"wp:term":[{"taxonomy":"product_brand","embeddable":true,"href":"https:\/\/www.csj-emballages.com\/it\/wp-json\/wp\/v2\/product_brand?post=272122"},{"taxonomy":"product_cat","embeddable":true,"href":"https:\/\/www.csj-emballages.com\/it\/wp-json\/wp\/v2\/product_cat?post=272122"},{"taxonomy":"product_tag","embeddable":true,"href":"https:\/\/www.csj-emballages.com\/it\/wp-json\/wp\/v2\/product_tag?post=272122"}],"curies":[{"name":"wp","href":"https:\/\/api.w.org\/{rel}","templated":true}]}}