{"id":272115,"date":"2025-10-09T11:18:23","date_gmt":"2025-10-09T09:18:23","guid":{"rendered":"https:\/\/www.csj-emballages.com\/produit\/placca-oro-per-sacchetti-sottovuoto-bordi-arrotondati-200-x-250-mm-confezione-da-100\/"},"modified":"2026-04-17T02:15:09","modified_gmt":"2026-04-17T00:15:09","slug":"placca-oro-per-sacchetti-sottovuoto-bordi-arrotondati-200-x-250-mm-confezione-da-100","status":"publish","type":"product","link":"https:\/\/www.csj-emballages.com\/it\/produit\/placca-oro-per-sacchetti-sottovuoto-bordi-arrotondati-200-x-250-mm-confezione-da-100\/","title":{"rendered":"Placca oro per sacchetti sottovuoto bordi arrotondati 200 x 250 mm confezione da 100"},"content":{"rendered":"<h2>Placca oro per sacchetti sottovuoto<\/h2>\n<hr>\n<h3>Descrizione della nostra placca oro per sacchetti sottovuoto bordi arrotondati 200 x 250 mm confezione da 100<\/h3>\n<p><!--more--><\/p>\n<p data-start=\"127\" data-end=\"484\">La <strong data-start=\"130\" data-end=\"157\">placca oro per sacchetti sottovuoto<\/strong> <strong>200 x 250 mm<\/strong> con <strong>bordi arrotondati<\/strong> \u00e8 quel piccolo dettaglio che fa la differenza in una presentazione. A prima vista, potrebbe sembrare semplicemente un supporto per alimenti. Eppure, non appena la usi, ti accorgi subito che offre un vero valore aggiunto, sia per l&#8217;estetica che per la conservazione.  <\/p>\n<p data-start=\"486\" data-end=\"868\">Innanzitutto, il suo formato di <strong>200 x 250<\/strong><strong> mm<\/strong> \u00e8 perfetto per le preparazioni standard: diverse porzioni di salmone affumicato, alcune fette di salumi\u2026 \u00c8 esattamente la dimensione giusta per valorizzare i tuoi prodotti senza che sembrino sperduti sulla placca. E siccome \u00e8 rigida, mantiene bene gli alimenti sottovuoto, senza schiacciarli. <\/p>\n<p data-start=\"870\" data-end=\"1216\">Inoltre, la sua finitura <strong data-start=\"891\" data-end=\"904\">placca oro<\/strong> non \u00e8 l\u00ec solo per fare bella figura, conferisce un vero tocco premium, ideale per le vetrine, i banchi frigo o le presentazioni curate. Questo <strong>colore oro<\/strong> trasmette immediatamente un&#8217;impressione di qualit\u00e0, quasi di golosit\u00e0, che invoglia il cliente all&#8217;acquisto. <\/p>\n<p data-start=\"1218\" data-end=\"1498\">Inoltre, i <strong data-start=\"1222\" data-end=\"1240\">bordi arrotondati<\/strong> semplificano la vita quotidiana: niente angoli che si impigliano, meno rischi di forare il <strong>sacchetto sottovuoto<\/strong>, e un posizionamento molto pi\u00f9 fluido. \u00c8 quel tipo di dettaglio che si nota solo quando manca\u2026 e che cambia tutto quando c&#8217;\u00e8. <\/p>\n<p data-start=\"1500\" data-end=\"1773\">Compatibile con la maggior parte delle macchine sottovuoto sul mercato, questa <strong data-start=\"1567\" data-end=\"1594\">placca oro per sacchetti sottovuoto<\/strong> \u00e8 pensata per i professionisti che hanno bisogno di rapidit\u00e0, affidabilit\u00e0 e una bella presentazione. Venduta in <strong>confezione da 100<\/strong>, permette di gestire facilmente grandi volumi senza interruzioni. <\/p>\n<p data-start=\"1775\" data-end=\"1840\">In breve: semplice, pulita, elegante e soprattutto pratica.<\/p>\n<p><!--more--><\/p>\n<h4>Vantaggi:<\/h4>\n<ul>\n<li data-start=\"2055\" data-end=\"2094\">Presentazione premium in un batter d&#8217;occhio.<\/li>\n<li data-start=\"2097\" data-end=\"2149\"><strong>Bordi arrotondati<\/strong>: nessuna perforazione del sacchetto sottovuoto.<\/li>\n<li data-start=\"2152\" data-end=\"2203\">Supporto rigido per un mantenimento perfetto sottovuoto.<\/li>\n<li data-start=\"2245\" data-end=\"2281\">Formato ideale per piccole porzioni.<\/li>\n<li data-start=\"2284\" data-end=\"2314\">Confezione economica da <strong>100 pezzi<\/strong>.<\/li>\n<\/ul>\n<p>&nbsp;<\/p>\n<p><!--more--><\/p>\n<h4>Altre informazioni:<\/h4>\n<ul>\n<li><strong>Confezione<\/strong>: Pacco da 100<\/li>\n<li><strong>Dimensioni<\/strong>: 200 x 250 mm<\/li>\n<li><strong>Grammatura<\/strong>: 620 g\/m\u00b2<\/li>\n<li><strong>Materiale<\/strong>: Cartone<\/li>\n<li><strong>Colore<\/strong>: Oro<\/li>\n<\/ul>\n<p>&nbsp;<\/p>\n<p><!--more--><\/p>\n<p>Trova qui i sacchetti sottovuoto compatibili con questa dimensione di placche oro: <span style=\"color: #d12727;\"><a style=\"color: #d12727;\" href=\"https:\/\/www.csj-emballages.com\/it\/produit\/busta-sottovuoto-liscia-per-conservazione-25-x-30-cm-90-%c2%b5-da-100-pezzi\/\">SVIDELISS2530<\/a><\/span><\/p>\n<p>&nbsp;<\/p>\n<p><!--more--><\/p>\n<p>Questo prodotto \u00e8 disponibile in diverse dimensioni: <span style=\"color: #d12727;\"><a style=\"color: #d12727;\" href=\"https:\/\/www.csj-emballages.com\/produit\/plaque-or-sac-sous-vide-bords-arrondis-120-x-200-mm-par-200\/\">120 x 200 mm<\/a><\/span> \/ <span style=\"color: #d12727;\"><a style=\"color: #d12727;\" href=\"https:\/\/www.csj-emballages.com\/it\/produit\/piatto-oro-per-sacchetto-sottovuoto-con-bordi-arrotondati-150-x-200-mm-confezione-da-100\/\">150 x 200 mm<\/a><\/span> \/ <span style=\"color: #d12727;\"><a style=\"color: #d12727;\" href=\"https:\/\/www.csj-emballages.com\/produit\/plaque-or-sac-sous-vide-bords-arrondis-160-x-230-mm-par-200\/\">160 x 230 mm<\/a><\/span> \/ <span style=\"color: #d12727;\"><a style=\"color: #d12727;\" href=\"https:\/\/www.csj-emballages.com\/it\/produit\/placca-oro-o-sacchetto-sottovuoto-con-bordi-arrotondati-200-x-300-mm-da-100\/\">200 x 300 mm<\/a> <span style=\"color: #000000;\">\/<\/span> <a style=\"color: #d12727;\" href=\"https:\/\/www.csj-emballages.com\/it\/produit\/placca-oro-o-sacchetto-sottovuoto-con-bordi-arrotondati-200-x-500-mm-da-100\/\">200 x 500 mm<\/a> <span style=\"color: #000000;\">\/<\/span> <a style=\"color: #d12727;\" href=\"https:\/\/www.csj-emballages.com\/it\/produit\/placca-oro-o-sacchetto-sottovuoto-con-bordi-arrotondati-200-x-600-mm-da-100\/\">200 x 600 mm<\/a><\/span><\/p>\n<p>&nbsp;<\/p>\n<p><!--more--><\/p>\n<p><a href=\"https:\/\/www.csj-emballages.com\/it\/categorie-produit\/imballaggi-alimentari\/macelleria-gastronomia-ortofrutta\/sacchetti-e-buste\/sacchetti-sottovuoto\/placche-oro\/\">Consulta il resto della nostra gamma di placche oro per sacchetti sottovuoto<\/a><\/p>\n","protected":false},"excerpt":{"rendered":"<p>Placca oro per sacchetti sottovuoto Descrizione della nostra placca oro per sacchetti sottovuoto bordi arrotondati 200 x 250 mm confezione da 100<\/p>\n","protected":false},"featured_media":272116,"template":"","meta":{"_acf_changed":false},"product_brand":[],"product_cat":[10346,10381,11412,11074,11423],"product_tag":[],"class_list":{"0":"post-272115","1":"product","2":"type-product","3":"status-publish","4":"has-post-thumbnail","6":"product_cat-imballaggi-alimentari","7":"product_cat-macelleria-gastronomia-ortofrutta","8":"product_cat-sacchetti-e-buste","9":"product_cat-sacchetti-sottovuoto","10":"product_cat-placche-oro","12":"first","13":"instock","14":"taxable","15":"shipping-taxable","16":"purchasable","17":"product-type-simple"},"acf":[],"yoast_head":"<!-- This site is optimized with the Yoast SEO Premium plugin v26.6 (Yoast SEO v26.6) - https:\/\/yoast.com\/wordpress\/plugins\/seo\/ -->\n<title>Placca Oro per Sacchetti Sottovuoto Bordi Arrotondati 200 x 250 mm Confezione da 100<\/title>\n<meta name=\"description\" content=\"Ottimizza la conservazione dei tuoi alimenti con questa placca oro per sacchetti sottovuoto bordi arrotondati 200 x 250 mm. Proteggi i tuoi prodotti senza rischio di perforazione.\" \/>\n<meta name=\"robots\" content=\"index, follow, max-snippet:-1, max-image-preview:large, max-video-preview:-1\" \/>\n<link rel=\"canonical\" href=\"https:\/\/www.csj-emballages.com\/it\/produit\/placca-oro-per-sacchetti-sottovuoto-bordi-arrotondati-200-x-250-mm-confezione-da-100\/\" \/>\n<meta property=\"og:locale\" content=\"it_IT\" \/>\n<meta property=\"og:type\" content=\"article\" \/>\n<meta property=\"og:title\" content=\"Placca oro per sacchetti sottovuoto bordi arrotondati 200 x 250 mm confezione da 100\" \/>\n<meta property=\"og:description\" content=\"Ottimizza la conservazione dei tuoi alimenti con questa placca oro per sacchetti sottovuoto bordi arrotondati 200 x 250 mm. Proteggi i tuoi prodotti senza rischio di perforazione.\" \/>\n<meta property=\"og:url\" content=\"https:\/\/www.csj-emballages.com\/it\/produit\/placca-oro-per-sacchetti-sottovuoto-bordi-arrotondati-200-x-250-mm-confezione-da-100\/\" \/>\n<meta property=\"og:site_name\" content=\"CSJ Emballages\" \/>\n<meta property=\"article:publisher\" content=\"https:\/\/www.facebook.com\/csjemballages\" \/>\n<meta property=\"article:modified_time\" content=\"2026-04-17T00:15:09+00:00\" \/>\n<meta property=\"og:image\" content=\"https:\/\/www.csj-emballages.com\/wp-content\/uploads\/2025\/10\/PLAQ2025.webp\" \/>\n\t<meta property=\"og:image:width\" content=\"800\" \/>\n\t<meta property=\"og:image:height\" content=\"800\" \/>\n\t<meta property=\"og:image:type\" content=\"image\/webp\" \/>\n<meta name=\"twitter:card\" content=\"summary_large_image\" \/>\n<meta name=\"twitter:label1\" content=\"Dur\u00e9e de lecture estim\u00e9e\" \/>\n\t<meta name=\"twitter:data1\" content=\"2 minuti\" \/>\n<script type=\"application\/ld+json\" class=\"yoast-schema-graph\">{\"@context\":\"https:\/\/schema.org\",\"@graph\":[{\"@type\":\"WebPage\",\"@id\":\"https:\/\/www.csj-emballages.com\/it\/produit\/placca-oro-per-sacchetti-sottovuoto-bordi-arrotondati-200-x-250-mm-confezione-da-100\/\",\"url\":\"https:\/\/www.csj-emballages.com\/it\/produit\/placca-oro-per-sacchetti-sottovuoto-bordi-arrotondati-200-x-250-mm-confezione-da-100\/\",\"name\":\"Placca Oro per Sacchetti Sottovuoto Bordi Arrotondati 200 x 250 mm Confezione da 100\",\"isPartOf\":{\"@id\":\"https:\/\/www.csj-emballages.com\/it\/#website\"},\"primaryImageOfPage\":{\"@id\":\"https:\/\/www.csj-emballages.com\/it\/produit\/placca-oro-per-sacchetti-sottovuoto-bordi-arrotondati-200-x-250-mm-confezione-da-100\/#primaryimage\"},\"image\":{\"@id\":\"https:\/\/www.csj-emballages.com\/it\/produit\/placca-oro-per-sacchetti-sottovuoto-bordi-arrotondati-200-x-250-mm-confezione-da-100\/#primaryimage\"},\"thumbnailUrl\":\"https:\/\/www.csj-emballages.com\/wp-content\/uploads\/2025\/10\/PLAQ2025.webp\",\"datePublished\":\"2025-10-09T09:18:23+00:00\",\"dateModified\":\"2026-04-17T00:15:09+00:00\",\"description\":\"Ottimizza la conservazione dei tuoi alimenti con questa placca oro per sacchetti sottovuoto bordi arrotondati 200 x 250 mm. Proteggi i tuoi prodotti senza rischio di perforazione.\",\"breadcrumb\":{\"@id\":\"https:\/\/www.csj-emballages.com\/it\/produit\/placca-oro-per-sacchetti-sottovuoto-bordi-arrotondati-200-x-250-mm-confezione-da-100\/#breadcrumb\"},\"inLanguage\":\"it-IT\",\"potentialAction\":[{\"@type\":\"ReadAction\",\"target\":[\"https:\/\/www.csj-emballages.com\/it\/produit\/placca-oro-per-sacchetti-sottovuoto-bordi-arrotondati-200-x-250-mm-confezione-da-100\/\"]}]},{\"@type\":\"ImageObject\",\"inLanguage\":\"it-IT\",\"@id\":\"https:\/\/www.csj-emballages.com\/it\/produit\/placca-oro-per-sacchetti-sottovuoto-bordi-arrotondati-200-x-250-mm-confezione-da-100\/#primaryimage\",\"url\":\"https:\/\/www.csj-emballages.com\/wp-content\/uploads\/2025\/10\/PLAQ2025.webp\",\"contentUrl\":\"https:\/\/www.csj-emballages.com\/wp-content\/uploads\/2025\/10\/PLAQ2025.webp\",\"width\":800,\"height\":800,\"caption\":\"Plaque or sac sous vide\"},{\"@type\":\"BreadcrumbList\",\"@id\":\"https:\/\/www.csj-emballages.com\/it\/produit\/placca-oro-per-sacchetti-sottovuoto-bordi-arrotondati-200-x-250-mm-confezione-da-100\/#breadcrumb\",\"itemListElement\":[{\"@type\":\"ListItem\",\"position\":1,\"name\":\"Home\",\"item\":\"https:\/\/www.csj-emballages.com\/it\/universo-imballaggi-alimentari\/\"},{\"@type\":\"ListItem\",\"position\":2,\"name\":\"Negozio\",\"item\":\"https:\/\/www.csj-emballages.com\/it\/negozio\/\"},{\"@type\":\"ListItem\",\"position\":3,\"name\":\"Placca oro per sacchetti sottovuoto bordi arrotondati 200 x 250 mm confezione da 100\"}]},{\"@type\":\"WebSite\",\"@id\":\"https:\/\/www.csj-emballages.com\/it\/#website\",\"url\":\"https:\/\/www.csj-emballages.com\/it\/\",\"name\":\"CSJ Emballages\",\"description\":\"\",\"publisher\":{\"@id\":\"https:\/\/www.csj-emballages.com\/it\/#organization\"},\"potentialAction\":[{\"@type\":\"SearchAction\",\"target\":{\"@type\":\"EntryPoint\",\"urlTemplate\":\"https:\/\/www.csj-emballages.com\/it\/?s={search_term_string}\"},\"query-input\":{\"@type\":\"PropertyValueSpecification\",\"valueRequired\":true,\"valueName\":\"search_term_string\"}}],\"inLanguage\":\"it-IT\"},{\"@type\":\"Organization\",\"@id\":\"https:\/\/www.csj-emballages.com\/it\/#Organization\/\",\"name\":\"CSJ Emballages\",\"url\":\"https:\/\/www.csj-emballages.com\/it\/\",\"logo\":{\"@type\":\"ImageObject\",\"inLanguage\":\"it-IT\",\"@id\":\"https:\/\/www.csj-emballages.com\/it\/#\/schema\/logo\/image\/\",\"url\":\"https:\/\/www.csj-emballages.com\/wp-content\/uploads\/2023\/10\/logo_csj.webp\",\"contentUrl\":\"https:\/\/www.csj-emballages.com\/wp-content\/uploads\/2023\/10\/logo_csj.webp\",\"width\":250,\"height\":95,\"caption\":\"CSJ Emballages\"},\"image\":{\"@id\":\"https:\/\/www.csj-emballages.com\/it\/#\/schema\/logo\/image\/\"},\"sameAs\":[\"https:\/\/www.facebook.com\/csjemballages\"],\"address\":{\"@type\":\"PostalAddress\",\"streetAddress\":\"ZI La Lechere\",\"addressLocality\":\"Patornay\",\"postalCode\":\"39130\",\"addressCountry\":\"FR\"},\"contactPoint\":[{\"@type\":\"ContactPoint\",\"contactType\":\"Service client\",\"telephone\":\"0384254272\",\"email\":\"contact@csj-emballages.com\"}]}]}<\/script>\n<!-- \/ Yoast SEO Premium plugin. -->","yoast_head_json":{"title":"Placca Oro per Sacchetti Sottovuoto Bordi Arrotondati 200 x 250 mm Confezione da 100","description":"Ottimizza la conservazione dei tuoi alimenti con questa placca oro per sacchetti sottovuoto bordi arrotondati 200 x 250 mm. Proteggi i tuoi prodotti senza rischio di perforazione.","robots":{"index":"index","follow":"follow","max-snippet":"max-snippet:-1","max-image-preview":"max-image-preview:large","max-video-preview":"max-video-preview:-1"},"canonical":"https:\/\/www.csj-emballages.com\/it\/produit\/placca-oro-per-sacchetti-sottovuoto-bordi-arrotondati-200-x-250-mm-confezione-da-100\/","og_locale":"it_IT","og_type":"article","og_title":"Placca oro per sacchetti sottovuoto bordi arrotondati 200 x 250 mm confezione da 100","og_description":"Ottimizza la conservazione dei tuoi alimenti con questa placca oro per sacchetti sottovuoto bordi arrotondati 200 x 250 mm. Proteggi i tuoi prodotti senza rischio di perforazione.","og_url":"https:\/\/www.csj-emballages.com\/it\/produit\/placca-oro-per-sacchetti-sottovuoto-bordi-arrotondati-200-x-250-mm-confezione-da-100\/","og_site_name":"CSJ Emballages","article_publisher":"https:\/\/www.facebook.com\/csjemballages","article_modified_time":"2026-04-17T00:15:09+00:00","og_image":[{"width":800,"height":800,"url":"https:\/\/www.csj-emballages.com\/wp-content\/uploads\/2025\/10\/PLAQ2025.webp","type":"image\/webp"}],"twitter_card":"summary_large_image","twitter_misc":{"Dur\u00e9e de lecture estim\u00e9e":"2 minuti"},"schema":{"@context":"https:\/\/schema.org","@graph":[{"@type":"WebPage","@id":"https:\/\/www.csj-emballages.com\/it\/produit\/placca-oro-per-sacchetti-sottovuoto-bordi-arrotondati-200-x-250-mm-confezione-da-100\/","url":"https:\/\/www.csj-emballages.com\/it\/produit\/placca-oro-per-sacchetti-sottovuoto-bordi-arrotondati-200-x-250-mm-confezione-da-100\/","name":"Placca Oro per Sacchetti Sottovuoto Bordi Arrotondati 200 x 250 mm Confezione da 100","isPartOf":{"@id":"https:\/\/www.csj-emballages.com\/it\/#website"},"primaryImageOfPage":{"@id":"https:\/\/www.csj-emballages.com\/it\/produit\/placca-oro-per-sacchetti-sottovuoto-bordi-arrotondati-200-x-250-mm-confezione-da-100\/#primaryimage"},"image":{"@id":"https:\/\/www.csj-emballages.com\/it\/produit\/placca-oro-per-sacchetti-sottovuoto-bordi-arrotondati-200-x-250-mm-confezione-da-100\/#primaryimage"},"thumbnailUrl":"https:\/\/www.csj-emballages.com\/wp-content\/uploads\/2025\/10\/PLAQ2025.webp","datePublished":"2025-10-09T09:18:23+00:00","dateModified":"2026-04-17T00:15:09+00:00","description":"Ottimizza la conservazione dei tuoi alimenti con questa placca oro per sacchetti sottovuoto bordi arrotondati 200 x 250 mm. Proteggi i tuoi prodotti senza rischio di perforazione.","breadcrumb":{"@id":"https:\/\/www.csj-emballages.com\/it\/produit\/placca-oro-per-sacchetti-sottovuoto-bordi-arrotondati-200-x-250-mm-confezione-da-100\/#breadcrumb"},"inLanguage":"it-IT","potentialAction":[{"@type":"ReadAction","target":["https:\/\/www.csj-emballages.com\/it\/produit\/placca-oro-per-sacchetti-sottovuoto-bordi-arrotondati-200-x-250-mm-confezione-da-100\/"]}]},{"@type":"ImageObject","inLanguage":"it-IT","@id":"https:\/\/www.csj-emballages.com\/it\/produit\/placca-oro-per-sacchetti-sottovuoto-bordi-arrotondati-200-x-250-mm-confezione-da-100\/#primaryimage","url":"https:\/\/www.csj-emballages.com\/wp-content\/uploads\/2025\/10\/PLAQ2025.webp","contentUrl":"https:\/\/www.csj-emballages.com\/wp-content\/uploads\/2025\/10\/PLAQ2025.webp","width":800,"height":800,"caption":"Plaque or sac sous vide"},{"@type":"BreadcrumbList","@id":"https:\/\/www.csj-emballages.com\/it\/produit\/placca-oro-per-sacchetti-sottovuoto-bordi-arrotondati-200-x-250-mm-confezione-da-100\/#breadcrumb","itemListElement":[{"@type":"ListItem","position":1,"name":"Home","item":"https:\/\/www.csj-emballages.com\/it\/universo-imballaggi-alimentari\/"},{"@type":"ListItem","position":2,"name":"Negozio","item":"https:\/\/www.csj-emballages.com\/it\/negozio\/"},{"@type":"ListItem","position":3,"name":"Placca oro per sacchetti sottovuoto bordi arrotondati 200 x 250 mm confezione da 100"}]},{"@type":"WebSite","@id":"https:\/\/www.csj-emballages.com\/it\/#website","url":"https:\/\/www.csj-emballages.com\/it\/","name":"CSJ Emballages","description":"","publisher":{"@id":"https:\/\/www.csj-emballages.com\/it\/#organization"},"potentialAction":[{"@type":"SearchAction","target":{"@type":"EntryPoint","urlTemplate":"https:\/\/www.csj-emballages.com\/it\/?s={search_term_string}"},"query-input":{"@type":"PropertyValueSpecification","valueRequired":true,"valueName":"search_term_string"}}],"inLanguage":"it-IT"},{"@type":"Organization","@id":"https:\/\/www.csj-emballages.com\/it\/#Organization\/","name":"CSJ Emballages","url":"https:\/\/www.csj-emballages.com\/it\/","logo":{"@type":"ImageObject","inLanguage":"it-IT","@id":"https:\/\/www.csj-emballages.com\/it\/#\/schema\/logo\/image\/","url":"https:\/\/www.csj-emballages.com\/wp-content\/uploads\/2023\/10\/logo_csj.webp","contentUrl":"https:\/\/www.csj-emballages.com\/wp-content\/uploads\/2023\/10\/logo_csj.webp","width":250,"height":95,"caption":"CSJ Emballages"},"image":{"@id":"https:\/\/www.csj-emballages.com\/it\/#\/schema\/logo\/image\/"},"sameAs":["https:\/\/www.facebook.com\/csjemballages"],"address":{"@type":"PostalAddress","streetAddress":"ZI La Lechere","addressLocality":"Patornay","postalCode":"39130","addressCountry":"FR"},"contactPoint":[{"@type":"ContactPoint","contactType":"Service client","telephone":"0384254272","email":"contact@csj-emballages.com"}]}]}},"df_price":16.94,"df_sale_price":"","df_regular_price":16.94,"df_image_link":"https:\/\/www.csj-emballages.com\/wp-content\/uploads\/2025\/10\/PLAQ2025-300x300.webp","tiered_pricing_type":"fixed","tiered_pricing_fixed_rules":[],"tiered_pricing_percentage_rules":[],"tiered_pricing_minimum":1,"tiered_pricing_roles_data":[],"_links":{"self":[{"href":"https:\/\/www.csj-emballages.com\/it\/wp-json\/wp\/v2\/product\/272115","targetHints":{"allow":["GET"]}}],"collection":[{"href":"https:\/\/www.csj-emballages.com\/it\/wp-json\/wp\/v2\/product"}],"about":[{"href":"https:\/\/www.csj-emballages.com\/it\/wp-json\/wp\/v2\/types\/product"}],"wp:featuredmedia":[{"embeddable":true,"href":"https:\/\/www.csj-emballages.com\/it\/wp-json\/wp\/v2\/media\/272116"}],"wp:attachment":[{"href":"https:\/\/www.csj-emballages.com\/it\/wp-json\/wp\/v2\/media?parent=272115"}],"wp:term":[{"taxonomy":"product_brand","embeddable":true,"href":"https:\/\/www.csj-emballages.com\/it\/wp-json\/wp\/v2\/product_brand?post=272115"},{"taxonomy":"product_cat","embeddable":true,"href":"https:\/\/www.csj-emballages.com\/it\/wp-json\/wp\/v2\/product_cat?post=272115"},{"taxonomy":"product_tag","embeddable":true,"href":"https:\/\/www.csj-emballages.com\/it\/wp-json\/wp\/v2\/product_tag?post=272115"}],"curies":[{"name":"wp","href":"https:\/\/api.w.org\/{rel}","templated":true}]}}