{"id":272108,"date":"2025-10-09T15:18:28","date_gmt":"2025-10-09T13:18:28","guid":{"rendered":"https:\/\/www.csj-emballages.com\/produit\/sottotorta-quadrato-bianco-nero-22-x-22-cm-da-50\/"},"modified":"2026-04-29T02:12:56","modified_gmt":"2026-04-29T00:12:56","slug":"sottotorta-quadrato-bianco-nero-22-x-22-cm-da-50","status":"publish","type":"product","link":"https:\/\/www.csj-emballages.com\/it\/produit\/sottotorta-quadrato-bianco-nero-22-x-22-cm-da-50\/","title":{"rendered":"Sottotorta quadrato bianco \/ nero 22 x 22 cm da 50"},"content":{"rendered":"<h2>Sottotorta<\/h2>\n<hr>\n<h3>Scopri il nostro sottotorta quadrato bianco \/ nero 22 x 22 cm da 50<\/h3>\n<p><!--more--><\/p>\n<p data-start=\"260\" data-end=\"692\">Se cerchi un supporto pratico, solido e bello per presentare le tue creazioni, questo <strong data-start=\"346\" data-end=\"396\">Sottotorta quadrato bianco \/ nero 22 x 22 cm<\/strong> diventer\u00e0 rapidamente un elemento indispensabile nel tuo laboratorio. Innanzitutto, il suo formato quadrato \u00e8 davvero ideale: n\u00e9 troppo grande, n\u00e9 troppo piccolo, accoglie facilmente una torta, una crostata o anche un generoso entremets. E soprattutto, rimane molto stabile, il che rassicura sempre al momento del trasporto.  <\/p>\n<p data-start=\"694\" data-end=\"1132\">Ci\u00f2 che apprezziamo anche \u00e8 la sua natura <strong data-start=\"738\" data-end=\"753\">fronte-retro<\/strong>. Da un lato, il <strong data-start=\"769\" data-end=\"778\">bianco<\/strong>, perfetto per valorizzare dolci colorati o glasse brillanti. Dall&#8217;altro, il <strong data-start=\"877\" data-end=\"885\">nero<\/strong>, che aggiunge immediatamente un tocco pi\u00f9 moderno ed elegante. Cos\u00ec, a seconda della creazione del giorno o dell&#8217;effetto desiderato, puoi semplicemente girare il supporto per cambiare completamente l&#8217;atmosfera. \u00c8 semplice, veloce e francamente pratico.    <\/p>\n<p data-start=\"1134\" data-end=\"1583\">Inoltre, il supporto \u00e8 realizzato con un <strong data-start=\"1181\" data-end=\"1200\">materiale rigido<\/strong> di qualit\u00e0. Non si deforma, non si affloscia e resiste molto bene all&#8217;umidit\u00e0 e alle manipolazioni. Puoi quindi prenderlo in mano, spostarlo, rimetterlo in vetrina&#8230; senza temere incidenti. E poich\u00e9 \u00e8 un prodotto pensato per i professionisti, la sua confezione <strong data-start=\"1483\" data-end=\"1500\">da 50 unit\u00e0<\/strong> permette di averne sempre a portata di mano senza occupare troppo spazio in magazzino.   <\/p>\n<p data-start=\"1585\" data-end=\"1810\">Infine, \u00e8 bene precisare che questo <strong data-start=\"1622\" data-end=\"1672\">Sottotorta quadrato bianco \/ nero 22 x 22 cm<\/strong> \u00e8 anche <strong data-start=\"1683\" data-end=\"1697\">riciclabile<\/strong>, il che \u00e8 un vero vantaggio per chi desidera limitare il proprio impatto ambientale senza sacrificare la qualit\u00e0.<\/p>\n<p data-start=\"1812\" data-end=\"1944\">In breve: semplice, versatile, solido ed estetico. Un supporto che fa perfettamente il suo lavoro, valorizzando i tuoi dessert. <\/p>\n<p data-start=\"1610\" data-end=\"1809\"><!--more--><\/p>\n<h4 data-start=\"1610\" data-end=\"1809\">Vantaggi:<\/h4>\n<ul>\n<li data-start=\"1983\" data-end=\"2055\">Doppia faccia <strong data-start=\"1995\" data-end=\"2011\">bianco \/ nero<\/strong> per adattarsi a tutte le tue presentazioni.<\/li>\n<li data-start=\"2058\" data-end=\"2089\">Supporto <strong data-start=\"2066\" data-end=\"2087\">rigido e durevole.<\/strong><\/li>\n<li data-start=\"2092\" data-end=\"2140\">Formato ideale per torte, crostate ed entremets.<\/li>\n<li data-start=\"2143\" data-end=\"2180\">Confezione <strong data-start=\"2159\" data-end=\"2178\">pratica da 50.<\/strong><\/li>\n<li data-start=\"2183\" data-end=\"2205\">Prodotto <strong data-start=\"2191\" data-end=\"2205\">riciclabile<\/strong>.<\/li>\n<\/ul>\n<p>&nbsp;<\/p>\n<p><!--more--><\/p>\n<h4>Altre informazioni:<\/h4>\n<ul>\n<li><strong>Confezionamento<\/strong>: Pacchetto da 50<\/li>\n<li><strong>Dimensioni<\/strong>: 22 x 22 cm<\/li>\n<li><strong>Materiale<\/strong>: Cartone<\/li>\n<li><strong>Spessore<\/strong>: 1 mm<\/li>\n<li><strong>Colore<\/strong>: Bianco \/ Nero<\/li>\n<\/ul>\n<p>&nbsp;<\/p>\n<p><!--more--><\/p>\n<p>Questo sottotorta quadrato bianco \/ nero \u00e8 disponibile in diverse misure: <span style=\"color: #d12727;\"><a style=\"color: #d12727;\" href=\"https:\/\/www.csj-emballages.com\/it\/produit\/supporto-per-torta-quadrato-bianco-nero-16-x-16-cm-confezione-da-50\/\">16 x 16 cm<\/a><\/span> \/ <span style=\"color: #d12727;\"><a style=\"color: #d12727;\" href=\"https:\/\/www.csj-emballages.com\/it\/produit\/sottotorta-quadrato-bianco-nero-18-x-18-cm-da-50-pz\/\">18 x 18 cm<\/a><\/span> \/ <span style=\"color: #d12727;\"><a style=\"color: #d12727;\" href=\"https:\/\/www.csj-emballages.com\/it\/produit\/supporto-per-torta-quadrato-bianco-nero-20-x-20-cm-da-50\/\">20 x 20 cm<\/a><\/span> \/ <span style=\"color: #d12727;\"><a style=\"color: #d12727;\" href=\"https:\/\/www.csj-emballages.com\/it\/produit\/sottotorta-quadrato-bianco-nero-24-x-24-cm-confezione-da-50\/\">24 x 24 cm<\/a> <\/span>\/ <span style=\"color: #d12727;\"><a style=\"color: #d12727;\" href=\"https:\/\/www.csj-emballages.com\/it\/produit\/sottotorta-quadrato-bianco-nero-26-x-26-cm-da-50-pezzi\/\">26 x 26 cm<\/a> <\/span>\/ <span style=\"color: #d12727;\"><a style=\"color: #d12727;\" href=\"https:\/\/www.csj-emballages.com\/it\/produit\/supporto-per-torta-quadrato-bianco-nero-28-x-28-cm-confezione-da-50\/\">28 x 28 cm<\/a><\/span><\/p>\n<p>&nbsp;<\/p>\n<p><!--more--><\/p>\n<p><a href=\"https:\/\/www.csj-emballages.com\/it\/categorie-produit\/imballaggi-alimentari\/panetteria-pasticceria\/supporti-basi-per-torte\/supporti-per-torte-quadrati-bianchi-neri\/\">Consulta il resto della nostra gamma di sottotorta quadrati bianchi \/ neri<\/a><\/p>\n","protected":false},"excerpt":{"rendered":"<p>Sottotorta Scopri il nostro sottotorta quadrato bianco \/ nero 22 x 22 cm da 50<\/p>\n","protected":false},"featured_media":272095,"template":"","meta":{"_acf_changed":false},"product_brand":[],"product_cat":[10346,10344,10397,11523],"product_tag":[],"class_list":{"0":"post-272108","1":"product","2":"type-product","3":"status-publish","4":"has-post-thumbnail","6":"product_cat-imballaggi-alimentari","7":"product_cat-panetteria-pasticceria","8":"product_cat-supporti-basi-per-torte","9":"product_cat-supporti-per-torte-quadrati-bianchi-neri","11":"first","12":"instock","13":"taxable","14":"shipping-taxable","15":"purchasable","16":"product-type-simple"},"acf":[],"yoast_head":"<!-- This site is optimized with the Yoast SEO Premium plugin v26.6 (Yoast SEO v26.6) - https:\/\/yoast.com\/wordpress\/plugins\/seo\/ -->\n<title>Sottotorta Quadrato Bianco \/ Nero 22 x 22 cm da 50<\/title>\n<meta name=\"description\" content=\"Sottotorta quadrato bianco \/ nero 22 x 22 cm, rigido e reversibile. Ideale per presentare e trasportare i tuoi dolci professionali.\" \/>\n<meta name=\"robots\" content=\"index, follow, max-snippet:-1, max-image-preview:large, max-video-preview:-1\" \/>\n<link rel=\"canonical\" href=\"https:\/\/www.csj-emballages.com\/it\/produit\/sottotorta-quadrato-bianco-nero-22-x-22-cm-da-50\/\" \/>\n<meta property=\"og:locale\" content=\"it_IT\" \/>\n<meta property=\"og:type\" content=\"article\" \/>\n<meta property=\"og:title\" content=\"Sottotorta quadrato bianco \/ nero 22 x 22 cm da 50\" \/>\n<meta property=\"og:description\" content=\"Sottotorta quadrato bianco \/ nero 22 x 22 cm, rigido e reversibile. Ideale per presentare e trasportare i tuoi dolci professionali.\" \/>\n<meta property=\"og:url\" content=\"https:\/\/www.csj-emballages.com\/it\/produit\/sottotorta-quadrato-bianco-nero-22-x-22-cm-da-50\/\" \/>\n<meta property=\"og:site_name\" content=\"CSJ Emballages\" \/>\n<meta property=\"article:publisher\" content=\"https:\/\/www.facebook.com\/csjemballages\" \/>\n<meta property=\"article:modified_time\" content=\"2026-04-29T00:12:56+00:00\" \/>\n<meta property=\"og:image\" content=\"https:\/\/www.csj-emballages.com\/wp-content\/uploads\/2025\/10\/CBN.webp\" \/>\n\t<meta property=\"og:image:width\" content=\"800\" \/>\n\t<meta property=\"og:image:height\" content=\"800\" \/>\n\t<meta property=\"og:image:type\" content=\"image\/webp\" \/>\n<meta name=\"twitter:card\" content=\"summary_large_image\" \/>\n<meta name=\"twitter:label1\" content=\"Dur\u00e9e de lecture estim\u00e9e\" \/>\n\t<meta name=\"twitter:data1\" content=\"2 minuti\" \/>\n<script type=\"application\/ld+json\" class=\"yoast-schema-graph\">{\"@context\":\"https:\/\/schema.org\",\"@graph\":[{\"@type\":\"WebPage\",\"@id\":\"https:\/\/www.csj-emballages.com\/it\/produit\/sottotorta-quadrato-bianco-nero-22-x-22-cm-da-50\/\",\"url\":\"https:\/\/www.csj-emballages.com\/it\/produit\/sottotorta-quadrato-bianco-nero-22-x-22-cm-da-50\/\",\"name\":\"Sottotorta Quadrato Bianco \/ Nero 22 x 22 cm da 50\",\"isPartOf\":{\"@id\":\"https:\/\/www.csj-emballages.com\/it\/#website\"},\"primaryImageOfPage\":{\"@id\":\"https:\/\/www.csj-emballages.com\/it\/produit\/sottotorta-quadrato-bianco-nero-22-x-22-cm-da-50\/#primaryimage\"},\"image\":{\"@id\":\"https:\/\/www.csj-emballages.com\/it\/produit\/sottotorta-quadrato-bianco-nero-22-x-22-cm-da-50\/#primaryimage\"},\"thumbnailUrl\":\"https:\/\/www.csj-emballages.com\/wp-content\/uploads\/2025\/10\/CBN.webp\",\"datePublished\":\"2025-10-09T13:18:28+00:00\",\"dateModified\":\"2026-04-29T00:12:56+00:00\",\"description\":\"Sottotorta quadrato bianco \/ nero 22 x 22 cm, rigido e reversibile. Ideale per presentare e trasportare i tuoi dolci professionali.\",\"breadcrumb\":{\"@id\":\"https:\/\/www.csj-emballages.com\/it\/produit\/sottotorta-quadrato-bianco-nero-22-x-22-cm-da-50\/#breadcrumb\"},\"inLanguage\":\"it-IT\",\"potentialAction\":[{\"@type\":\"ReadAction\",\"target\":[\"https:\/\/www.csj-emballages.com\/it\/produit\/sottotorta-quadrato-bianco-nero-22-x-22-cm-da-50\/\"]}]},{\"@type\":\"ImageObject\",\"inLanguage\":\"it-IT\",\"@id\":\"https:\/\/www.csj-emballages.com\/it\/produit\/sottotorta-quadrato-bianco-nero-22-x-22-cm-da-50\/#primaryimage\",\"url\":\"https:\/\/www.csj-emballages.com\/wp-content\/uploads\/2025\/10\/CBN.webp\",\"contentUrl\":\"https:\/\/www.csj-emballages.com\/wp-content\/uploads\/2025\/10\/CBN.webp\",\"width\":800,\"height\":800,\"caption\":\"Support \u00e0 g\u00e2teau\"},{\"@type\":\"BreadcrumbList\",\"@id\":\"https:\/\/www.csj-emballages.com\/it\/produit\/sottotorta-quadrato-bianco-nero-22-x-22-cm-da-50\/#breadcrumb\",\"itemListElement\":[{\"@type\":\"ListItem\",\"position\":1,\"name\":\"Home\",\"item\":\"https:\/\/www.csj-emballages.com\/it\/universo-imballaggi-alimentari\/\"},{\"@type\":\"ListItem\",\"position\":2,\"name\":\"Negozio\",\"item\":\"https:\/\/www.csj-emballages.com\/it\/negozio\/\"},{\"@type\":\"ListItem\",\"position\":3,\"name\":\"Sottotorta quadrato bianco \/ nero 22 x 22 cm da 50\"}]},{\"@type\":\"WebSite\",\"@id\":\"https:\/\/www.csj-emballages.com\/it\/#website\",\"url\":\"https:\/\/www.csj-emballages.com\/it\/\",\"name\":\"CSJ Emballages\",\"description\":\"\",\"publisher\":{\"@id\":\"https:\/\/www.csj-emballages.com\/it\/#organization\"},\"potentialAction\":[{\"@type\":\"SearchAction\",\"target\":{\"@type\":\"EntryPoint\",\"urlTemplate\":\"https:\/\/www.csj-emballages.com\/it\/?s={search_term_string}\"},\"query-input\":{\"@type\":\"PropertyValueSpecification\",\"valueRequired\":true,\"valueName\":\"search_term_string\"}}],\"inLanguage\":\"it-IT\"},{\"@type\":\"Organization\",\"@id\":\"https:\/\/www.csj-emballages.com\/it\/#Organization\/\",\"name\":\"CSJ Emballages\",\"url\":\"https:\/\/www.csj-emballages.com\/it\/\",\"logo\":{\"@type\":\"ImageObject\",\"inLanguage\":\"it-IT\",\"@id\":\"https:\/\/www.csj-emballages.com\/it\/#\/schema\/logo\/image\/\",\"url\":\"https:\/\/www.csj-emballages.com\/wp-content\/uploads\/2023\/10\/logo_csj.webp\",\"contentUrl\":\"https:\/\/www.csj-emballages.com\/wp-content\/uploads\/2023\/10\/logo_csj.webp\",\"width\":250,\"height\":95,\"caption\":\"CSJ Emballages\"},\"image\":{\"@id\":\"https:\/\/www.csj-emballages.com\/it\/#\/schema\/logo\/image\/\"},\"sameAs\":[\"https:\/\/www.facebook.com\/csjemballages\"],\"address\":{\"@type\":\"PostalAddress\",\"streetAddress\":\"ZI La Lechere\",\"addressLocality\":\"Patornay\",\"postalCode\":\"39130\",\"addressCountry\":\"FR\"},\"contactPoint\":[{\"@type\":\"ContactPoint\",\"contactType\":\"Service client\",\"telephone\":\"0384254272\",\"email\":\"contact@csj-emballages.com\"}]}]}<\/script>\n<!-- \/ Yoast SEO Premium plugin. -->","yoast_head_json":{"title":"Sottotorta Quadrato Bianco \/ Nero 22 x 22 cm da 50","description":"Sottotorta quadrato bianco \/ nero 22 x 22 cm, rigido e reversibile. Ideale per presentare e trasportare i tuoi dolci professionali.","robots":{"index":"index","follow":"follow","max-snippet":"max-snippet:-1","max-image-preview":"max-image-preview:large","max-video-preview":"max-video-preview:-1"},"canonical":"https:\/\/www.csj-emballages.com\/it\/produit\/sottotorta-quadrato-bianco-nero-22-x-22-cm-da-50\/","og_locale":"it_IT","og_type":"article","og_title":"Sottotorta quadrato bianco \/ nero 22 x 22 cm da 50","og_description":"Sottotorta quadrato bianco \/ nero 22 x 22 cm, rigido e reversibile. Ideale per presentare e trasportare i tuoi dolci professionali.","og_url":"https:\/\/www.csj-emballages.com\/it\/produit\/sottotorta-quadrato-bianco-nero-22-x-22-cm-da-50\/","og_site_name":"CSJ Emballages","article_publisher":"https:\/\/www.facebook.com\/csjemballages","article_modified_time":"2026-04-29T00:12:56+00:00","og_image":[{"width":800,"height":800,"url":"https:\/\/www.csj-emballages.com\/wp-content\/uploads\/2025\/10\/CBN.webp","type":"image\/webp"}],"twitter_card":"summary_large_image","twitter_misc":{"Dur\u00e9e de lecture estim\u00e9e":"2 minuti"},"schema":{"@context":"https:\/\/schema.org","@graph":[{"@type":"WebPage","@id":"https:\/\/www.csj-emballages.com\/it\/produit\/sottotorta-quadrato-bianco-nero-22-x-22-cm-da-50\/","url":"https:\/\/www.csj-emballages.com\/it\/produit\/sottotorta-quadrato-bianco-nero-22-x-22-cm-da-50\/","name":"Sottotorta Quadrato Bianco \/ Nero 22 x 22 cm da 50","isPartOf":{"@id":"https:\/\/www.csj-emballages.com\/it\/#website"},"primaryImageOfPage":{"@id":"https:\/\/www.csj-emballages.com\/it\/produit\/sottotorta-quadrato-bianco-nero-22-x-22-cm-da-50\/#primaryimage"},"image":{"@id":"https:\/\/www.csj-emballages.com\/it\/produit\/sottotorta-quadrato-bianco-nero-22-x-22-cm-da-50\/#primaryimage"},"thumbnailUrl":"https:\/\/www.csj-emballages.com\/wp-content\/uploads\/2025\/10\/CBN.webp","datePublished":"2025-10-09T13:18:28+00:00","dateModified":"2026-04-29T00:12:56+00:00","description":"Sottotorta quadrato bianco \/ nero 22 x 22 cm, rigido e reversibile. Ideale per presentare e trasportare i tuoi dolci professionali.","breadcrumb":{"@id":"https:\/\/www.csj-emballages.com\/it\/produit\/sottotorta-quadrato-bianco-nero-22-x-22-cm-da-50\/#breadcrumb"},"inLanguage":"it-IT","potentialAction":[{"@type":"ReadAction","target":["https:\/\/www.csj-emballages.com\/it\/produit\/sottotorta-quadrato-bianco-nero-22-x-22-cm-da-50\/"]}]},{"@type":"ImageObject","inLanguage":"it-IT","@id":"https:\/\/www.csj-emballages.com\/it\/produit\/sottotorta-quadrato-bianco-nero-22-x-22-cm-da-50\/#primaryimage","url":"https:\/\/www.csj-emballages.com\/wp-content\/uploads\/2025\/10\/CBN.webp","contentUrl":"https:\/\/www.csj-emballages.com\/wp-content\/uploads\/2025\/10\/CBN.webp","width":800,"height":800,"caption":"Support \u00e0 g\u00e2teau"},{"@type":"BreadcrumbList","@id":"https:\/\/www.csj-emballages.com\/it\/produit\/sottotorta-quadrato-bianco-nero-22-x-22-cm-da-50\/#breadcrumb","itemListElement":[{"@type":"ListItem","position":1,"name":"Home","item":"https:\/\/www.csj-emballages.com\/it\/universo-imballaggi-alimentari\/"},{"@type":"ListItem","position":2,"name":"Negozio","item":"https:\/\/www.csj-emballages.com\/it\/negozio\/"},{"@type":"ListItem","position":3,"name":"Sottotorta quadrato bianco \/ nero 22 x 22 cm da 50"}]},{"@type":"WebSite","@id":"https:\/\/www.csj-emballages.com\/it\/#website","url":"https:\/\/www.csj-emballages.com\/it\/","name":"CSJ Emballages","description":"","publisher":{"@id":"https:\/\/www.csj-emballages.com\/it\/#organization"},"potentialAction":[{"@type":"SearchAction","target":{"@type":"EntryPoint","urlTemplate":"https:\/\/www.csj-emballages.com\/it\/?s={search_term_string}"},"query-input":{"@type":"PropertyValueSpecification","valueRequired":true,"valueName":"search_term_string"}}],"inLanguage":"it-IT"},{"@type":"Organization","@id":"https:\/\/www.csj-emballages.com\/it\/#Organization\/","name":"CSJ Emballages","url":"https:\/\/www.csj-emballages.com\/it\/","logo":{"@type":"ImageObject","inLanguage":"it-IT","@id":"https:\/\/www.csj-emballages.com\/it\/#\/schema\/logo\/image\/","url":"https:\/\/www.csj-emballages.com\/wp-content\/uploads\/2023\/10\/logo_csj.webp","contentUrl":"https:\/\/www.csj-emballages.com\/wp-content\/uploads\/2023\/10\/logo_csj.webp","width":250,"height":95,"caption":"CSJ Emballages"},"image":{"@id":"https:\/\/www.csj-emballages.com\/it\/#\/schema\/logo\/image\/"},"sameAs":["https:\/\/www.facebook.com\/csjemballages"],"address":{"@type":"PostalAddress","streetAddress":"ZI La Lechere","addressLocality":"Patornay","postalCode":"39130","addressCountry":"FR"},"contactPoint":[{"@type":"ContactPoint","contactType":"Service client","telephone":"0384254272","email":"contact@csj-emballages.com"}]}]}},"df_price":9.72,"df_sale_price":"","df_regular_price":9.72,"df_image_link":"https:\/\/www.csj-emballages.com\/wp-content\/uploads\/2025\/10\/CBN-300x300.webp","tiered_pricing_type":"fixed","tiered_pricing_fixed_rules":[],"tiered_pricing_percentage_rules":[],"tiered_pricing_minimum":1,"tiered_pricing_roles_data":[],"_links":{"self":[{"href":"https:\/\/www.csj-emballages.com\/it\/wp-json\/wp\/v2\/product\/272108","targetHints":{"allow":["GET"]}}],"collection":[{"href":"https:\/\/www.csj-emballages.com\/it\/wp-json\/wp\/v2\/product"}],"about":[{"href":"https:\/\/www.csj-emballages.com\/it\/wp-json\/wp\/v2\/types\/product"}],"wp:featuredmedia":[{"embeddable":true,"href":"https:\/\/www.csj-emballages.com\/it\/wp-json\/wp\/v2\/media\/272095"}],"wp:attachment":[{"href":"https:\/\/www.csj-emballages.com\/it\/wp-json\/wp\/v2\/media?parent=272108"}],"wp:term":[{"taxonomy":"product_brand","embeddable":true,"href":"https:\/\/www.csj-emballages.com\/it\/wp-json\/wp\/v2\/product_brand?post=272108"},{"taxonomy":"product_cat","embeddable":true,"href":"https:\/\/www.csj-emballages.com\/it\/wp-json\/wp\/v2\/product_cat?post=272108"},{"taxonomy":"product_tag","embeddable":true,"href":"https:\/\/www.csj-emballages.com\/it\/wp-json\/wp\/v2\/product_tag?post=272108"}],"curies":[{"name":"wp","href":"https:\/\/api.w.org\/{rel}","templated":true}]}}