{"id":272062,"date":"2025-10-20T17:18:17","date_gmt":"2025-10-20T15:18:17","guid":{"rendered":"https:\/\/www.csj-emballages.com\/produit\/busta-doypack-kraft-110-x-190-70-mm-da-50-pz\/"},"modified":"2026-04-17T02:13:10","modified_gmt":"2026-04-17T00:13:10","slug":"busta-doypack-kraft-110-x-190-70-mm-da-50-pz","status":"publish","type":"product","link":"https:\/\/www.csj-emballages.com\/it\/produit\/busta-doypack-kraft-110-x-190-70-mm-da-50-pz\/","title":{"rendered":"Busta Doypack kraft 110 x 190 + 70 mm da 50 pz"},"content":{"rendered":"<h2 class=\"p1\">Busta Doypack<\/h2>\n<hr>\n<h3>Descrizione della nostra busta Doypack kraft 110 x 190 + 70 mm da 50 pz<\/h3>\n<p><!--more--><\/p>\n<p data-start=\"255\" data-end=\"779\">La <strong data-start=\"258\" data-end=\"299\">busta Doypack kraft 110 x 190 + 70 mm<\/strong> \u00e8 esattamente il tipo di imballaggio che si ama usare ogni giorno: semplice, pratica e davvero bella. Grazie alla sua <strong data-start=\"418\" data-end=\"439\">carta kraft avana<\/strong>, dona subito un tocco naturale e autentico ai tuoi prodotti. Inoltre, essendo <strong data-start=\"535\" data-end=\"549\">richiudibile<\/strong>, puoi aprire e chiudere la busta quante volte vuoi, senza rovinarne il contenuto. Questo permette non solo di mantenere la freschezza pi\u00f9 a lungo, ma anche di rassicurare i tuoi clienti sulla qualit\u00e0 di ci\u00f2 che offri.   <\/p>\n<p data-start=\"781\" data-end=\"1116\">E poi c&#8217;\u00e8 la sua <strong data-start=\"800\" data-end=\"831\">grande finestra trasparente<\/strong>. Valorizza il prodotto senza dover aprire la busta, il che \u00e8 particolarmente utile per spezie, t\u00e8, frutta secca, caramelle o persino cosmetici solidi. Poich\u00e9 l&#8217;aspetto visivo \u00e8 fondamentale nell&#8217;acquisto, questa <strong>piccola finestra<\/strong> fa davvero la differenza.  <\/p>\n<p data-start=\"1118\" data-end=\"1419\">Inoltre, questa <strong>busta doypack<\/strong> \u00e8 di tipo <strong data-start=\"1157\" data-end=\"1169\">stand-up<\/strong>, il che significa che sta in piedi da sola. Cos\u00ec guadagni spazio e i tuoi scaffali restano ben organizzati. \u00c8 anche un&#8217;ottima alternativa ai barattoli di vetro o alle scatole di metallo: pi\u00f9 leggera, pi\u00f9 flessibile e soprattutto pi\u00f9 economica.  <\/p>\n<p data-start=\"1421\" data-end=\"1764\">Sul retro hai un bel po&#8217; di spazio per incollare le tue <strong data-start=\"1480\" data-end=\"1509\">etichette personalizzate<\/strong>. Che si tratti del tuo logo, degli ingredienti, dei valori nutrizionali o della data di scadenza, tutto trova il suo posto con ordine. \u00c8 perfetto per artigiani, produttori o negozi che desiderano un imballaggio professionale senza complicarsi la vita.  <\/p>\n<p data-start=\"1766\" data-end=\"1921\">Infine, questa confezione da <strong data-start=\"1788\" data-end=\"1802\">50 buste<\/strong> ti permette di confezionare facilmente e velocemente un&#8217;ampia variet\u00e0 di prodotti, mantenendo un aspetto professionale.<\/p>\n<p><!--more--><\/p>\n<p><strong>Vantaggi:<\/strong><\/p>\n<ul>\n<li data-start=\"1947\" data-end=\"1974\">Aspetto naturale e moderno.<\/li>\n<li data-start=\"1977\" data-end=\"2004\">Chiusura pratica.<\/li>\n<li data-start=\"2007\" data-end=\"2036\"><strong>Grande finestra <\/strong>trasparente.<\/li>\n<li data-start=\"2039\" data-end=\"2063\">Sta in piedi da sola.<\/li>\n<li data-start=\"2066\" data-end=\"2102\">Ideale per le tue etichette e i tuoi logo.<\/li>\n<\/ul>\n<p>&nbsp;<\/p>\n<p><!--more--><\/p>\n<h4>Altre informazioni:<\/h4>\n<ul>\n<li><strong>Confezionamento<\/strong>: Pacchetto da 50<\/li>\n<li><strong>Dimensioni<\/strong>: 110 x 190 + 70 mm<\/li>\n<li><strong>Colore<\/strong>: Avana<\/li>\n<li><strong>Volume<\/strong>: 225 \/ 250 ml<\/li>\n<li><strong>Materiale<\/strong>: Carta \/ PP<\/li>\n<\/ul>\n<p>&nbsp;<\/p>\n<p><!--more--><\/p>\n<p>Queste buste Doypack sono disponibili in diverse dimensioni: <span style=\"color: #d12727;\"><a style=\"color: #d12727;\" href=\"https:\/\/www.csj-emballages.com\/it\/produit\/sacchetto-doypack-kraft-80-x-140-50-mm-confezione-da-50\/\"><span style=\"color: #d12727;\">80 x 140 + 50 mm<\/span><\/a><\/span> \/ <span style=\"color: #d12727;\"><a style=\"color: #d12727;\" href=\"https:\/\/www.csj-emballages.com\/it\/produit\/sacchetto-doypack-kraft-130-x-220-70-mm-da-50\/\">130 x 220 + 70 mm<\/a><\/span> \/ <span style=\"color: #d12727;\"><a style=\"color: #d12727;\" href=\"https:\/\/www.csj-emballages.com\/it\/produit\/sacchetto-doypack-kraft-160-x-270-70-mm-da-50\/\">160 x 270 + 70 mm<\/a><\/span><\/p>\n<p>&nbsp;<\/p>\n<p><!--more--><\/p>\n<p><a href=\"https:\/\/www.csj-emballages.com\/it\/categorie-produit\/imballaggi-alimentari\/panetteria-pasticceria\/sacchi-sacchetti-e-carte\/sacchetti-per-confetteria\/sacchetti-doypack\/\">Scopri il resto della nostra gamma di buste doypack<\/a><\/p>\n","protected":false},"excerpt":{"rendered":"<p>Busta Doypack Descrizione della nostra busta Doypack kraft 110 x 190 + 70 mm da 50 pz<\/p>\n","protected":false},"featured_media":272065,"template":"","meta":{"_acf_changed":false},"product_brand":[],"product_cat":[10346,10344,10978,10985,11522],"product_tag":[],"class_list":{"0":"post-272062","1":"product","2":"type-product","3":"status-publish","4":"has-post-thumbnail","6":"product_cat-imballaggi-alimentari","7":"product_cat-panetteria-pasticceria","8":"product_cat-sacchi-sacchetti-e-carte","9":"product_cat-sacchetti-per-confetteria","10":"product_cat-sacchetti-doypack","12":"first","13":"instock","14":"featured","15":"taxable","16":"shipping-taxable","17":"purchasable","18":"product-type-simple"},"acf":[],"yoast_head":"<!-- This site is optimized with the Yoast SEO Premium plugin v26.6 (Yoast SEO v26.6) - https:\/\/yoast.com\/wordpress\/plugins\/seo\/ -->\n<title>Busta Doypack Kraft 110 x 190 + 70 mm da 50 pz<\/title>\n<meta name=\"description\" content=\"Busta Doypack kraft 110 x 190 + 70 mm con finestra e chiusura zip. Confezione da 50. Ideale per prodotti alimentari e artigianali.\" \/>\n<meta name=\"robots\" content=\"index, follow, max-snippet:-1, max-image-preview:large, max-video-preview:-1\" \/>\n<link rel=\"canonical\" href=\"https:\/\/www.csj-emballages.com\/it\/produit\/busta-doypack-kraft-110-x-190-70-mm-da-50-pz\/\" \/>\n<meta property=\"og:locale\" content=\"it_IT\" \/>\n<meta property=\"og:type\" content=\"article\" \/>\n<meta property=\"og:title\" content=\"Busta Doypack kraft 110 x 190 + 70 mm da 50 pz\" \/>\n<meta property=\"og:description\" content=\"Busta Doypack kraft 110 x 190 + 70 mm con finestra e chiusura zip. Confezione da 50. Ideale per prodotti alimentari e artigianali.\" \/>\n<meta property=\"og:url\" content=\"https:\/\/www.csj-emballages.com\/it\/produit\/busta-doypack-kraft-110-x-190-70-mm-da-50-pz\/\" \/>\n<meta property=\"og:site_name\" content=\"CSJ Emballages\" \/>\n<meta property=\"article:publisher\" content=\"https:\/\/www.facebook.com\/csjemballages\" \/>\n<meta property=\"article:modified_time\" content=\"2026-04-17T00:13:10+00:00\" \/>\n<meta property=\"og:image\" content=\"https:\/\/www.csj-emballages.com\/wp-content\/uploads\/2025\/10\/DOYPACK2.webp\" \/>\n\t<meta property=\"og:image:width\" content=\"800\" \/>\n\t<meta property=\"og:image:height\" content=\"800\" \/>\n\t<meta property=\"og:image:type\" content=\"image\/webp\" \/>\n<meta name=\"twitter:card\" content=\"summary_large_image\" \/>\n<meta name=\"twitter:label1\" content=\"Dur\u00e9e de lecture estim\u00e9e\" \/>\n\t<meta name=\"twitter:data1\" content=\"2 minuti\" \/>\n<script type=\"application\/ld+json\" class=\"yoast-schema-graph\">{\"@context\":\"https:\/\/schema.org\",\"@graph\":[{\"@type\":\"WebPage\",\"@id\":\"https:\/\/www.csj-emballages.com\/it\/produit\/busta-doypack-kraft-110-x-190-70-mm-da-50-pz\/\",\"url\":\"https:\/\/www.csj-emballages.com\/it\/produit\/busta-doypack-kraft-110-x-190-70-mm-da-50-pz\/\",\"name\":\"Busta Doypack Kraft 110 x 190 + 70 mm da 50 pz\",\"isPartOf\":{\"@id\":\"https:\/\/www.csj-emballages.com\/it\/#website\"},\"primaryImageOfPage\":{\"@id\":\"https:\/\/www.csj-emballages.com\/it\/produit\/busta-doypack-kraft-110-x-190-70-mm-da-50-pz\/#primaryimage\"},\"image\":{\"@id\":\"https:\/\/www.csj-emballages.com\/it\/produit\/busta-doypack-kraft-110-x-190-70-mm-da-50-pz\/#primaryimage\"},\"thumbnailUrl\":\"https:\/\/www.csj-emballages.com\/wp-content\/uploads\/2025\/10\/DOYPACK2.webp\",\"datePublished\":\"2025-10-20T15:18:17+00:00\",\"dateModified\":\"2026-04-17T00:13:10+00:00\",\"description\":\"Busta Doypack kraft 110 x 190 + 70 mm con finestra e chiusura zip. Confezione da 50. Ideale per prodotti alimentari e artigianali.\",\"breadcrumb\":{\"@id\":\"https:\/\/www.csj-emballages.com\/it\/produit\/busta-doypack-kraft-110-x-190-70-mm-da-50-pz\/#breadcrumb\"},\"inLanguage\":\"it-IT\",\"potentialAction\":[{\"@type\":\"ReadAction\",\"target\":[\"https:\/\/www.csj-emballages.com\/it\/produit\/busta-doypack-kraft-110-x-190-70-mm-da-50-pz\/\"]}]},{\"@type\":\"ImageObject\",\"inLanguage\":\"it-IT\",\"@id\":\"https:\/\/www.csj-emballages.com\/it\/produit\/busta-doypack-kraft-110-x-190-70-mm-da-50-pz\/#primaryimage\",\"url\":\"https:\/\/www.csj-emballages.com\/wp-content\/uploads\/2025\/10\/DOYPACK2.webp\",\"contentUrl\":\"https:\/\/www.csj-emballages.com\/wp-content\/uploads\/2025\/10\/DOYPACK2.webp\",\"width\":800,\"height\":800,\"caption\":\"Sachet Doypack\"},{\"@type\":\"BreadcrumbList\",\"@id\":\"https:\/\/www.csj-emballages.com\/it\/produit\/busta-doypack-kraft-110-x-190-70-mm-da-50-pz\/#breadcrumb\",\"itemListElement\":[{\"@type\":\"ListItem\",\"position\":1,\"name\":\"Home\",\"item\":\"https:\/\/www.csj-emballages.com\/it\/universo-imballaggi-alimentari\/\"},{\"@type\":\"ListItem\",\"position\":2,\"name\":\"Negozio\",\"item\":\"https:\/\/www.csj-emballages.com\/it\/negozio\/\"},{\"@type\":\"ListItem\",\"position\":3,\"name\":\"Busta Doypack kraft 110 x 190 + 70 mm da 50 pz\"}]},{\"@type\":\"WebSite\",\"@id\":\"https:\/\/www.csj-emballages.com\/it\/#website\",\"url\":\"https:\/\/www.csj-emballages.com\/it\/\",\"name\":\"CSJ Emballages\",\"description\":\"\",\"publisher\":{\"@id\":\"https:\/\/www.csj-emballages.com\/it\/#organization\"},\"potentialAction\":[{\"@type\":\"SearchAction\",\"target\":{\"@type\":\"EntryPoint\",\"urlTemplate\":\"https:\/\/www.csj-emballages.com\/it\/?s={search_term_string}\"},\"query-input\":{\"@type\":\"PropertyValueSpecification\",\"valueRequired\":true,\"valueName\":\"search_term_string\"}}],\"inLanguage\":\"it-IT\"},{\"@type\":\"Organization\",\"@id\":\"https:\/\/www.csj-emballages.com\/it\/#Organization\/\",\"name\":\"CSJ Emballages\",\"url\":\"https:\/\/www.csj-emballages.com\/it\/\",\"logo\":{\"@type\":\"ImageObject\",\"inLanguage\":\"it-IT\",\"@id\":\"https:\/\/www.csj-emballages.com\/it\/#\/schema\/logo\/image\/\",\"url\":\"https:\/\/www.csj-emballages.com\/wp-content\/uploads\/2023\/10\/logo_csj.webp\",\"contentUrl\":\"https:\/\/www.csj-emballages.com\/wp-content\/uploads\/2023\/10\/logo_csj.webp\",\"width\":250,\"height\":95,\"caption\":\"CSJ Emballages\"},\"image\":{\"@id\":\"https:\/\/www.csj-emballages.com\/it\/#\/schema\/logo\/image\/\"},\"sameAs\":[\"https:\/\/www.facebook.com\/csjemballages\"],\"address\":{\"@type\":\"PostalAddress\",\"streetAddress\":\"ZI La Lechere\",\"addressLocality\":\"Patornay\",\"postalCode\":\"39130\",\"addressCountry\":\"FR\"},\"contactPoint\":[{\"@type\":\"ContactPoint\",\"contactType\":\"Service client\",\"telephone\":\"0384254272\",\"email\":\"contact@csj-emballages.com\"}]}]}<\/script>\n<!-- \/ Yoast SEO Premium plugin. -->","yoast_head_json":{"title":"Busta Doypack Kraft 110 x 190 + 70 mm da 50 pz","description":"Busta Doypack kraft 110 x 190 + 70 mm con finestra e chiusura zip. Confezione da 50. Ideale per prodotti alimentari e artigianali.","robots":{"index":"index","follow":"follow","max-snippet":"max-snippet:-1","max-image-preview":"max-image-preview:large","max-video-preview":"max-video-preview:-1"},"canonical":"https:\/\/www.csj-emballages.com\/it\/produit\/busta-doypack-kraft-110-x-190-70-mm-da-50-pz\/","og_locale":"it_IT","og_type":"article","og_title":"Busta Doypack kraft 110 x 190 + 70 mm da 50 pz","og_description":"Busta Doypack kraft 110 x 190 + 70 mm con finestra e chiusura zip. Confezione da 50. Ideale per prodotti alimentari e artigianali.","og_url":"https:\/\/www.csj-emballages.com\/it\/produit\/busta-doypack-kraft-110-x-190-70-mm-da-50-pz\/","og_site_name":"CSJ Emballages","article_publisher":"https:\/\/www.facebook.com\/csjemballages","article_modified_time":"2026-04-17T00:13:10+00:00","og_image":[{"width":800,"height":800,"url":"https:\/\/www.csj-emballages.com\/wp-content\/uploads\/2025\/10\/DOYPACK2.webp","type":"image\/webp"}],"twitter_card":"summary_large_image","twitter_misc":{"Dur\u00e9e de lecture estim\u00e9e":"2 minuti"},"schema":{"@context":"https:\/\/schema.org","@graph":[{"@type":"WebPage","@id":"https:\/\/www.csj-emballages.com\/it\/produit\/busta-doypack-kraft-110-x-190-70-mm-da-50-pz\/","url":"https:\/\/www.csj-emballages.com\/it\/produit\/busta-doypack-kraft-110-x-190-70-mm-da-50-pz\/","name":"Busta Doypack Kraft 110 x 190 + 70 mm da 50 pz","isPartOf":{"@id":"https:\/\/www.csj-emballages.com\/it\/#website"},"primaryImageOfPage":{"@id":"https:\/\/www.csj-emballages.com\/it\/produit\/busta-doypack-kraft-110-x-190-70-mm-da-50-pz\/#primaryimage"},"image":{"@id":"https:\/\/www.csj-emballages.com\/it\/produit\/busta-doypack-kraft-110-x-190-70-mm-da-50-pz\/#primaryimage"},"thumbnailUrl":"https:\/\/www.csj-emballages.com\/wp-content\/uploads\/2025\/10\/DOYPACK2.webp","datePublished":"2025-10-20T15:18:17+00:00","dateModified":"2026-04-17T00:13:10+00:00","description":"Busta Doypack kraft 110 x 190 + 70 mm con finestra e chiusura zip. Confezione da 50. Ideale per prodotti alimentari e artigianali.","breadcrumb":{"@id":"https:\/\/www.csj-emballages.com\/it\/produit\/busta-doypack-kraft-110-x-190-70-mm-da-50-pz\/#breadcrumb"},"inLanguage":"it-IT","potentialAction":[{"@type":"ReadAction","target":["https:\/\/www.csj-emballages.com\/it\/produit\/busta-doypack-kraft-110-x-190-70-mm-da-50-pz\/"]}]},{"@type":"ImageObject","inLanguage":"it-IT","@id":"https:\/\/www.csj-emballages.com\/it\/produit\/busta-doypack-kraft-110-x-190-70-mm-da-50-pz\/#primaryimage","url":"https:\/\/www.csj-emballages.com\/wp-content\/uploads\/2025\/10\/DOYPACK2.webp","contentUrl":"https:\/\/www.csj-emballages.com\/wp-content\/uploads\/2025\/10\/DOYPACK2.webp","width":800,"height":800,"caption":"Sachet Doypack"},{"@type":"BreadcrumbList","@id":"https:\/\/www.csj-emballages.com\/it\/produit\/busta-doypack-kraft-110-x-190-70-mm-da-50-pz\/#breadcrumb","itemListElement":[{"@type":"ListItem","position":1,"name":"Home","item":"https:\/\/www.csj-emballages.com\/it\/universo-imballaggi-alimentari\/"},{"@type":"ListItem","position":2,"name":"Negozio","item":"https:\/\/www.csj-emballages.com\/it\/negozio\/"},{"@type":"ListItem","position":3,"name":"Busta Doypack kraft 110 x 190 + 70 mm da 50 pz"}]},{"@type":"WebSite","@id":"https:\/\/www.csj-emballages.com\/it\/#website","url":"https:\/\/www.csj-emballages.com\/it\/","name":"CSJ Emballages","description":"","publisher":{"@id":"https:\/\/www.csj-emballages.com\/it\/#organization"},"potentialAction":[{"@type":"SearchAction","target":{"@type":"EntryPoint","urlTemplate":"https:\/\/www.csj-emballages.com\/it\/?s={search_term_string}"},"query-input":{"@type":"PropertyValueSpecification","valueRequired":true,"valueName":"search_term_string"}}],"inLanguage":"it-IT"},{"@type":"Organization","@id":"https:\/\/www.csj-emballages.com\/it\/#Organization\/","name":"CSJ Emballages","url":"https:\/\/www.csj-emballages.com\/it\/","logo":{"@type":"ImageObject","inLanguage":"it-IT","@id":"https:\/\/www.csj-emballages.com\/it\/#\/schema\/logo\/image\/","url":"https:\/\/www.csj-emballages.com\/wp-content\/uploads\/2023\/10\/logo_csj.webp","contentUrl":"https:\/\/www.csj-emballages.com\/wp-content\/uploads\/2023\/10\/logo_csj.webp","width":250,"height":95,"caption":"CSJ Emballages"},"image":{"@id":"https:\/\/www.csj-emballages.com\/it\/#\/schema\/logo\/image\/"},"sameAs":["https:\/\/www.facebook.com\/csjemballages"],"address":{"@type":"PostalAddress","streetAddress":"ZI La Lechere","addressLocality":"Patornay","postalCode":"39130","addressCountry":"FR"},"contactPoint":[{"@type":"ContactPoint","contactType":"Service client","telephone":"0384254272","email":"contact@csj-emballages.com"}]}]}},"df_price":7,"df_sale_price":"","df_regular_price":7,"df_image_link":"https:\/\/www.csj-emballages.com\/wp-content\/uploads\/2025\/10\/DOYPACK2-300x300.webp","tiered_pricing_type":"fixed","tiered_pricing_fixed_rules":[],"tiered_pricing_percentage_rules":[],"tiered_pricing_minimum":1,"tiered_pricing_roles_data":[],"_links":{"self":[{"href":"https:\/\/www.csj-emballages.com\/it\/wp-json\/wp\/v2\/product\/272062","targetHints":{"allow":["GET"]}}],"collection":[{"href":"https:\/\/www.csj-emballages.com\/it\/wp-json\/wp\/v2\/product"}],"about":[{"href":"https:\/\/www.csj-emballages.com\/it\/wp-json\/wp\/v2\/types\/product"}],"wp:featuredmedia":[{"embeddable":true,"href":"https:\/\/www.csj-emballages.com\/it\/wp-json\/wp\/v2\/media\/272065"}],"wp:attachment":[{"href":"https:\/\/www.csj-emballages.com\/it\/wp-json\/wp\/v2\/media?parent=272062"}],"wp:term":[{"taxonomy":"product_brand","embeddable":true,"href":"https:\/\/www.csj-emballages.com\/it\/wp-json\/wp\/v2\/product_brand?post=272062"},{"taxonomy":"product_cat","embeddable":true,"href":"https:\/\/www.csj-emballages.com\/it\/wp-json\/wp\/v2\/product_cat?post=272062"},{"taxonomy":"product_tag","embeddable":true,"href":"https:\/\/www.csj-emballages.com\/it\/wp-json\/wp\/v2\/product_tag?post=272062"}],"curies":[{"name":"wp","href":"https:\/\/api.w.org\/{rel}","templated":true}]}}