{"id":272046,"date":"2025-10-24T11:18:20","date_gmt":"2025-10-24T09:18:20","guid":{"rendered":"https:\/\/www.csj-emballages.com\/produit\/sacchetto-per-pane-a-fette-blu-50-micron-16-x-5-5-x-45-cm-da-100\/"},"modified":"2026-03-12T16:42:28","modified_gmt":"2026-03-12T15:42:28","slug":"sacchetto-per-pane-a-fette-blu-50-micron-16-x-5-5-x-45-cm-da-100","status":"publish","type":"product","link":"https:\/\/www.csj-emballages.com\/it\/produit\/sacchetto-per-pane-a-fette-blu-50-micron-16-x-5-5-x-45-cm-da-100\/","title":{"rendered":"Sacchetto per pane a fette blu 50 micron 16 x 5 + 5 x 45 cm da 100"},"content":{"rendered":"<h2 class=\"p1\">Sacchetto per pane<\/h2>\n<hr>\n<h3>Descrizione del nostro sacchetto per pane a fette blu 50 micron 16 x 5 + 5 x 45 cm da 100<\/h3>\n<p><!--more--><\/p>\n<p data-start=\"271\" data-end=\"776\">Pensato per artigiani panificatori, catering o professionisti dell\u2019asporto, questo <strong data-start=\"369\" data-end=\"383\">sacchetto per pane<\/strong> <strong>blu in PEBD<\/strong> \u00e8 l\u2019imballaggio ideale per valorizzare i tuoi pani a fette. Grazie alla realizzazione in <strong data-start=\"524\" data-end=\"548\">PEBD macroforato<\/strong>, assicura un\u2019ottima aerazione del pane e ne preserva la freschezza pi\u00f9 a lungo. Inoltre, questo design aiuta anche a limitare la condensa, fondamentale quando lavori con pane a fette.  <\/p>\n<p data-start=\"778\" data-end=\"1287\">Questo <strong data-start=\"781\" data-end=\"803\">sacchetto per pane a fette<\/strong> si distingue per la sua <strong>moderna colorazione blu<\/strong>, facilmente riconoscibile, che aggiunge un tocco curato ai tuoi banchi. Inoltre, lo spessore di <strong data-start=\"963\" data-end=\"977\">50 micron<\/strong> gli conferisce una robustezza apprezzabile: resiste perfettamente alle manipolazioni ripetute, proteggendo al tempo stesso il contenuto in modo efficace. La dimensione <strong data-start=\"1126\" data-end=\"1148\">16 x 5 + 5 x 45 cm<\/strong> \u00e8 stata pensata per contenere la maggior parte dei pani a fette standard, rendendolo una scelta versatile per molti professionisti.  <\/p>\n<p data-start=\"1289\" data-end=\"1715\">In pi\u00f9, soddisfa tutti i requisiti di un imballaggio responsabile. Infatti \u00e8 <strong data-start=\"1373\" data-end=\"1387\">riciclabile<\/strong>, <strong data-start=\"1389\" data-end=\"1405\">riutilizzabile<\/strong> e certificato <strong data-start=\"1418\" data-end=\"1441\">idoneo al contatto alimentare<\/strong>, rassicurando i clienti e rafforzando il tuo impegno eco-responsabile. Cos\u00ec unisci praticit\u00e0, qualit\u00e0 e durata senza compromessi. Infine, <strong>venduto in confezioni da 100<\/strong>, \u00e8 una soluzione economica per il confezionamento quotidiano dei tuoi pani a fette.   <\/p>\n<p data-start=\"1717\" data-end=\"1895\">Con questo <strong>sacchetto<\/strong> semplifichi l\u2019organizzazione, valorizzi i tuoi prodotti e mostri ai clienti che dai la stessa importanza alla presentazione e alla qualit\u00e0.<\/p>\n<p>&nbsp;<\/p>\n<p><!--more--><\/p>\n<p><strong>Vantaggi:<\/strong><\/p>\n<ul>\n<li data-start=\"1934\" data-end=\"2004\">Realizzato in <strong data-start=\"1949\" data-end=\"1973\">PEBD macroforato<\/strong> per una migliore aerazione.<\/li>\n<li data-start=\"2007\" data-end=\"2072\"><strong data-start=\"2007\" data-end=\"2021\">Riciclabile<\/strong> e <strong data-start=\"2025\" data-end=\"2041\">riutilizzabile<\/strong>: una scelta pi\u00f9 responsabile.<\/li>\n<li data-start=\"2075\" data-end=\"2137\">Certificato <strong data-start=\"2084\" data-end=\"2107\">idoneo al contatto alimentare<\/strong> per la massima sicurezza.<\/li>\n<li data-start=\"2140\" data-end=\"2192\">Resistente grazie allo spessore di <strong data-start=\"2175\" data-end=\"2189\">50 micron<\/strong>.<\/li>\n<li data-start=\"2195\" data-end=\"2241\">Formato adatto ai pani a fette standard.<\/li>\n<li data-start=\"2244\" data-end=\"2296\">Colore <strong>blu<\/strong> moderno per una migliore visibilit\u00e0.<\/li>\n<\/ul>\n<p>&nbsp;<\/p>\n<p><!--more--><\/p>\n<h4>Altre informazioni:<\/h4>\n<ul>\n<li><strong>Confezionamento<\/strong>: Pacco da 100<\/li>\n<li><strong>Dimensioni<\/strong>: 16 x 5 + 5 x 45 cm<\/li>\n<li><strong>Spessore<\/strong>: 50 micron<\/li>\n<li><strong>Materiale<\/strong>: PEBD<\/li>\n<li><strong>Colore<\/strong>: Trasparente \/ Blu<\/li>\n<\/ul>\n<p>&nbsp;<\/p>\n<p><!--more--><\/p>\n<p>Questo sacchetto per pane \u00e8 disponibile in diverse misure: <span style=\"color: #d12727;\"><a style=\"color: #d12727;\" href=\"https:\/\/www.csj-emballages.com\/it\/produit\/sacchetto-per-pane-a-fette-giallo-50-micron-12-x-5-5-x-35-cm-confezione-da-100\/\">12 x 5 + 5 x 35 cm<\/a><\/span> \/ <span style=\"color: #d12727;\"><a style=\"color: #d12727;\" href=\"https:\/\/www.csj-emballages.com\/it\/produit\/sacchetto-per-pane-a-fette-verde-50-micron-16-x-5-5-x-35-cm-da-100\/\">16 x 5 + 5 x 35 cm<\/a><\/span> \/ <span style=\"color: #d12727;\"><a style=\"color: #d12727;\" href=\"https:\/\/www.csj-emballages.com\/it\/produit\/sacchetto-per-pane-a-fette-beige-50-micron-23-x-4-4-x-42-cm-in-confezione-da-100\/\">23 x 4 + 4 x 42 cm<\/a> <\/span>\/<span style=\"color: #d12727;\"> <a style=\"color: #d12727;\" href=\"https:\/\/www.csj-emballages.com\/it\/produit\/sacchetto-per-pane-a-fette-rosso-50-micron-16-x-5-5-x-60-cm-confezione-da-100\/\">16 x 5 + 5 x 60 cm<\/a> <span style=\"color: #000000;\">\/<\/span> <a style=\"color: #d12727;\" href=\"https:\/\/www.csj-emballages.com\/it\/produit\/sacchetto-per-pane-a-fette-viola-50-micron-23-x-5-5-5-5-x-50-cm-confezione-da-100\/\">23 x 5,5 +5,5 x 50 cm<\/a><\/span><\/p>\n<p>&nbsp;<\/p>\n<p><!--more--><\/p>\n<p><a href=\"\/?product_cat=sacs-pain-tranche\">Consulta il resto della nostra gamma di sacchetti per pane a fette<\/a><\/p>\n","protected":false},"excerpt":{"rendered":"<p>Sacchetto per pane Descrizione del nostro sacchetto per pane a fette blu 50 micron 16 x 5 + 5 x 45 cm da 100<\/p>\n","protected":false},"featured_media":272049,"template":"","meta":{"_acf_changed":false},"product_brand":[],"product_cat":[10346,10344,10978,10867,11025],"product_tag":[],"class_list":{"0":"post-272046","1":"product","2":"type-product","3":"status-publish","4":"has-post-thumbnail","6":"product_cat-imballaggi-alimentari","7":"product_cat-panetteria-pasticceria","8":"product_cat-sacchi-sacchetti-e-carte","9":"product_cat-sacchetti","10":"product_cat-sacchetti-per-pane-a-fette","12":"first","13":"instock","14":"taxable","15":"shipping-taxable","16":"purchasable","17":"product-type-simple"},"acf":[],"yoast_head":"<!-- This site is optimized with the Yoast SEO Premium plugin v26.6 (Yoast SEO v26.6) - https:\/\/yoast.com\/wordpress\/plugins\/seo\/ -->\n<title>Sacchetto per Pane a Fette Blu 50 Micron 16 x 5 + 5 x 45 cm da 100<\/title>\n<meta name=\"description\" content=\"Sacchetto per pane a fette blu 50 micron, macroforato, riciclabile e idoneo al contatto alimentare. Ideale per conservare e presentare i tuoi pani a fette.\" \/>\n<meta name=\"robots\" content=\"index, follow, max-snippet:-1, max-image-preview:large, max-video-preview:-1\" \/>\n<link rel=\"canonical\" href=\"https:\/\/www.csj-emballages.com\/it\/produit\/sacchetto-per-pane-a-fette-blu-50-micron-16-x-5-5-x-45-cm-da-100\/\" \/>\n<meta property=\"og:locale\" content=\"it_IT\" \/>\n<meta property=\"og:type\" content=\"article\" \/>\n<meta property=\"og:title\" content=\"Sacchetto per pane a fette blu 50 micron 16 x 5 + 5 x 45 cm da 100\" \/>\n<meta property=\"og:description\" content=\"Sacchetto per pane a fette blu 50 micron, macroforato, riciclabile e idoneo al contatto alimentare. Ideale per conservare e presentare i tuoi pani a fette.\" \/>\n<meta property=\"og:url\" content=\"https:\/\/www.csj-emballages.com\/it\/produit\/sacchetto-per-pane-a-fette-blu-50-micron-16-x-5-5-x-45-cm-da-100\/\" \/>\n<meta property=\"og:site_name\" content=\"CSJ Emballages\" \/>\n<meta property=\"article:publisher\" content=\"https:\/\/www.facebook.com\/csjemballages\" \/>\n<meta property=\"article:modified_time\" content=\"2026-03-12T15:42:28+00:00\" \/>\n<meta property=\"og:image\" content=\"https:\/\/www.csj-emballages.com\/wp-content\/uploads\/2025\/10\/SPBLEU50.webp\" \/>\n\t<meta property=\"og:image:width\" content=\"800\" \/>\n\t<meta property=\"og:image:height\" content=\"800\" \/>\n\t<meta property=\"og:image:type\" content=\"image\/jpeg\" \/>\n<meta name=\"twitter:card\" content=\"summary_large_image\" \/>\n<meta name=\"twitter:label1\" content=\"Dur\u00e9e de lecture estim\u00e9e\" \/>\n\t<meta name=\"twitter:data1\" content=\"2 minuti\" \/>\n<script type=\"application\/ld+json\" class=\"yoast-schema-graph\">{\"@context\":\"https:\/\/schema.org\",\"@graph\":[{\"@type\":\"WebPage\",\"@id\":\"https:\/\/www.csj-emballages.com\/it\/produit\/sacchetto-per-pane-a-fette-blu-50-micron-16-x-5-5-x-45-cm-da-100\/\",\"url\":\"https:\/\/www.csj-emballages.com\/it\/produit\/sacchetto-per-pane-a-fette-blu-50-micron-16-x-5-5-x-45-cm-da-100\/\",\"name\":\"Sacchetto per Pane a Fette Blu 50 Micron 16 x 5 + 5 x 45 cm da 100\",\"isPartOf\":{\"@id\":\"https:\/\/www.csj-emballages.com\/it\/#website\"},\"primaryImageOfPage\":{\"@id\":\"https:\/\/www.csj-emballages.com\/it\/produit\/sacchetto-per-pane-a-fette-blu-50-micron-16-x-5-5-x-45-cm-da-100\/#primaryimage\"},\"image\":{\"@id\":\"https:\/\/www.csj-emballages.com\/it\/produit\/sacchetto-per-pane-a-fette-blu-50-micron-16-x-5-5-x-45-cm-da-100\/#primaryimage\"},\"thumbnailUrl\":\"https:\/\/www.csj-emballages.com\/wp-content\/uploads\/2025\/10\/SPBLEU50.webp\",\"datePublished\":\"2025-10-24T09:18:20+00:00\",\"dateModified\":\"2026-03-12T15:42:28+00:00\",\"description\":\"Sacchetto per pane a fette blu 50 micron, macroforato, riciclabile e idoneo al contatto alimentare. Ideale per conservare e presentare i tuoi pani a fette.\",\"breadcrumb\":{\"@id\":\"https:\/\/www.csj-emballages.com\/it\/produit\/sacchetto-per-pane-a-fette-blu-50-micron-16-x-5-5-x-45-cm-da-100\/#breadcrumb\"},\"inLanguage\":\"it-IT\",\"potentialAction\":[{\"@type\":\"ReadAction\",\"target\":[\"https:\/\/www.csj-emballages.com\/it\/produit\/sacchetto-per-pane-a-fette-blu-50-micron-16-x-5-5-x-45-cm-da-100\/\"]}]},{\"@type\":\"ImageObject\",\"inLanguage\":\"it-IT\",\"@id\":\"https:\/\/www.csj-emballages.com\/it\/produit\/sacchetto-per-pane-a-fette-blu-50-micron-16-x-5-5-x-45-cm-da-100\/#primaryimage\",\"url\":\"https:\/\/www.csj-emballages.com\/wp-content\/uploads\/2025\/10\/SPBLEU50.webp\",\"contentUrl\":\"https:\/\/www.csj-emballages.com\/wp-content\/uploads\/2025\/10\/SPBLEU50.webp\",\"width\":800,\"height\":800,\"caption\":\"Sac \u00e0 pain\"},{\"@type\":\"BreadcrumbList\",\"@id\":\"https:\/\/www.csj-emballages.com\/it\/produit\/sacchetto-per-pane-a-fette-blu-50-micron-16-x-5-5-x-45-cm-da-100\/#breadcrumb\",\"itemListElement\":[{\"@type\":\"ListItem\",\"position\":1,\"name\":\"Home\",\"item\":\"https:\/\/www.csj-emballages.com\/it\/universo-imballaggi-alimentari\/\"},{\"@type\":\"ListItem\",\"position\":2,\"name\":\"Negozio\",\"item\":\"https:\/\/www.csj-emballages.com\/it\/negozio\/\"},{\"@type\":\"ListItem\",\"position\":3,\"name\":\"Sacchetto per pane a fette blu 50 micron 16 x 5 + 5 x 45 cm da 100\"}]},{\"@type\":\"WebSite\",\"@id\":\"https:\/\/www.csj-emballages.com\/it\/#website\",\"url\":\"https:\/\/www.csj-emballages.com\/it\/\",\"name\":\"CSJ Emballages\",\"description\":\"\",\"publisher\":{\"@id\":\"https:\/\/www.csj-emballages.com\/it\/#organization\"},\"potentialAction\":[{\"@type\":\"SearchAction\",\"target\":{\"@type\":\"EntryPoint\",\"urlTemplate\":\"https:\/\/www.csj-emballages.com\/it\/?s={search_term_string}\"},\"query-input\":{\"@type\":\"PropertyValueSpecification\",\"valueRequired\":true,\"valueName\":\"search_term_string\"}}],\"inLanguage\":\"it-IT\"},{\"@type\":\"Organization\",\"@id\":\"https:\/\/www.csj-emballages.com\/it\/#Organization\/\",\"name\":\"CSJ Emballages\",\"url\":\"https:\/\/www.csj-emballages.com\/it\/\",\"logo\":{\"@type\":\"ImageObject\",\"inLanguage\":\"it-IT\",\"@id\":\"https:\/\/www.csj-emballages.com\/it\/#\/schema\/logo\/image\/\",\"url\":\"https:\/\/www.csj-emballages.com\/wp-content\/uploads\/2023\/10\/logo_csj.webp\",\"contentUrl\":\"https:\/\/www.csj-emballages.com\/wp-content\/uploads\/2023\/10\/logo_csj.webp\",\"width\":250,\"height\":95,\"caption\":\"CSJ Emballages\"},\"image\":{\"@id\":\"https:\/\/www.csj-emballages.com\/it\/#\/schema\/logo\/image\/\"},\"sameAs\":[\"https:\/\/www.facebook.com\/csjemballages\"],\"address\":{\"@type\":\"PostalAddress\",\"streetAddress\":\"ZI La Lechere\",\"addressLocality\":\"Patornay\",\"postalCode\":\"39130\",\"addressCountry\":\"FR\"},\"contactPoint\":[{\"@type\":\"ContactPoint\",\"contactType\":\"Service client\",\"telephone\":\"0384254272\",\"email\":\"contact@csj-emballages.com\"}]}]}<\/script>\n<!-- \/ Yoast SEO Premium plugin. -->","yoast_head_json":{"title":"Sacchetto per Pane a Fette Blu 50 Micron 16 x 5 + 5 x 45 cm da 100","description":"Sacchetto per pane a fette blu 50 micron, macroforato, riciclabile e idoneo al contatto alimentare. Ideale per conservare e presentare i tuoi pani a fette.","robots":{"index":"index","follow":"follow","max-snippet":"max-snippet:-1","max-image-preview":"max-image-preview:large","max-video-preview":"max-video-preview:-1"},"canonical":"https:\/\/www.csj-emballages.com\/it\/produit\/sacchetto-per-pane-a-fette-blu-50-micron-16-x-5-5-x-45-cm-da-100\/","og_locale":"it_IT","og_type":"article","og_title":"Sacchetto per pane a fette blu 50 micron 16 x 5 + 5 x 45 cm da 100","og_description":"Sacchetto per pane a fette blu 50 micron, macroforato, riciclabile e idoneo al contatto alimentare. Ideale per conservare e presentare i tuoi pani a fette.","og_url":"https:\/\/www.csj-emballages.com\/it\/produit\/sacchetto-per-pane-a-fette-blu-50-micron-16-x-5-5-x-45-cm-da-100\/","og_site_name":"CSJ Emballages","article_publisher":"https:\/\/www.facebook.com\/csjemballages","article_modified_time":"2026-03-12T15:42:28+00:00","og_image":[{"width":800,"height":800,"url":"https:\/\/www.csj-emballages.com\/wp-content\/uploads\/2025\/10\/SPBLEU50.webp","type":"image\/jpeg"}],"twitter_card":"summary_large_image","twitter_misc":{"Dur\u00e9e de lecture estim\u00e9e":"2 minuti"},"schema":{"@context":"https:\/\/schema.org","@graph":[{"@type":"WebPage","@id":"https:\/\/www.csj-emballages.com\/it\/produit\/sacchetto-per-pane-a-fette-blu-50-micron-16-x-5-5-x-45-cm-da-100\/","url":"https:\/\/www.csj-emballages.com\/it\/produit\/sacchetto-per-pane-a-fette-blu-50-micron-16-x-5-5-x-45-cm-da-100\/","name":"Sacchetto per Pane a Fette Blu 50 Micron 16 x 5 + 5 x 45 cm da 100","isPartOf":{"@id":"https:\/\/www.csj-emballages.com\/it\/#website"},"primaryImageOfPage":{"@id":"https:\/\/www.csj-emballages.com\/it\/produit\/sacchetto-per-pane-a-fette-blu-50-micron-16-x-5-5-x-45-cm-da-100\/#primaryimage"},"image":{"@id":"https:\/\/www.csj-emballages.com\/it\/produit\/sacchetto-per-pane-a-fette-blu-50-micron-16-x-5-5-x-45-cm-da-100\/#primaryimage"},"thumbnailUrl":"https:\/\/www.csj-emballages.com\/wp-content\/uploads\/2025\/10\/SPBLEU50.webp","datePublished":"2025-10-24T09:18:20+00:00","dateModified":"2026-03-12T15:42:28+00:00","description":"Sacchetto per pane a fette blu 50 micron, macroforato, riciclabile e idoneo al contatto alimentare. Ideale per conservare e presentare i tuoi pani a fette.","breadcrumb":{"@id":"https:\/\/www.csj-emballages.com\/it\/produit\/sacchetto-per-pane-a-fette-blu-50-micron-16-x-5-5-x-45-cm-da-100\/#breadcrumb"},"inLanguage":"it-IT","potentialAction":[{"@type":"ReadAction","target":["https:\/\/www.csj-emballages.com\/it\/produit\/sacchetto-per-pane-a-fette-blu-50-micron-16-x-5-5-x-45-cm-da-100\/"]}]},{"@type":"ImageObject","inLanguage":"it-IT","@id":"https:\/\/www.csj-emballages.com\/it\/produit\/sacchetto-per-pane-a-fette-blu-50-micron-16-x-5-5-x-45-cm-da-100\/#primaryimage","url":"https:\/\/www.csj-emballages.com\/wp-content\/uploads\/2025\/10\/SPBLEU50.webp","contentUrl":"https:\/\/www.csj-emballages.com\/wp-content\/uploads\/2025\/10\/SPBLEU50.webp","width":800,"height":800,"caption":"Sac \u00e0 pain"},{"@type":"BreadcrumbList","@id":"https:\/\/www.csj-emballages.com\/it\/produit\/sacchetto-per-pane-a-fette-blu-50-micron-16-x-5-5-x-45-cm-da-100\/#breadcrumb","itemListElement":[{"@type":"ListItem","position":1,"name":"Home","item":"https:\/\/www.csj-emballages.com\/it\/universo-imballaggi-alimentari\/"},{"@type":"ListItem","position":2,"name":"Negozio","item":"https:\/\/www.csj-emballages.com\/it\/negozio\/"},{"@type":"ListItem","position":3,"name":"Sacchetto per pane a fette blu 50 micron 16 x 5 + 5 x 45 cm da 100"}]},{"@type":"WebSite","@id":"https:\/\/www.csj-emballages.com\/it\/#website","url":"https:\/\/www.csj-emballages.com\/it\/","name":"CSJ Emballages","description":"","publisher":{"@id":"https:\/\/www.csj-emballages.com\/it\/#organization"},"potentialAction":[{"@type":"SearchAction","target":{"@type":"EntryPoint","urlTemplate":"https:\/\/www.csj-emballages.com\/it\/?s={search_term_string}"},"query-input":{"@type":"PropertyValueSpecification","valueRequired":true,"valueName":"search_term_string"}}],"inLanguage":"it-IT"},{"@type":"Organization","@id":"https:\/\/www.csj-emballages.com\/it\/#Organization\/","name":"CSJ Emballages","url":"https:\/\/www.csj-emballages.com\/it\/","logo":{"@type":"ImageObject","inLanguage":"it-IT","@id":"https:\/\/www.csj-emballages.com\/it\/#\/schema\/logo\/image\/","url":"https:\/\/www.csj-emballages.com\/wp-content\/uploads\/2023\/10\/logo_csj.webp","contentUrl":"https:\/\/www.csj-emballages.com\/wp-content\/uploads\/2023\/10\/logo_csj.webp","width":250,"height":95,"caption":"CSJ Emballages"},"image":{"@id":"https:\/\/www.csj-emballages.com\/it\/#\/schema\/logo\/image\/"},"sameAs":["https:\/\/www.facebook.com\/csjemballages"],"address":{"@type":"PostalAddress","streetAddress":"ZI La Lechere","addressLocality":"Patornay","postalCode":"39130","addressCountry":"FR"},"contactPoint":[{"@type":"ContactPoint","contactType":"Service client","telephone":"0384254272","email":"contact@csj-emballages.com"}]}]}},"df_price":4.5,"df_sale_price":"","df_regular_price":4.5,"df_image_link":"https:\/\/www.csj-emballages.com\/wp-content\/uploads\/2025\/10\/SPBLEU50-300x300.webp","tiered_pricing_type":"fixed","tiered_pricing_fixed_rules":[],"tiered_pricing_percentage_rules":[],"tiered_pricing_minimum":1,"tiered_pricing_roles_data":[],"_links":{"self":[{"href":"https:\/\/www.csj-emballages.com\/it\/wp-json\/wp\/v2\/product\/272046","targetHints":{"allow":["GET"]}}],"collection":[{"href":"https:\/\/www.csj-emballages.com\/it\/wp-json\/wp\/v2\/product"}],"about":[{"href":"https:\/\/www.csj-emballages.com\/it\/wp-json\/wp\/v2\/types\/product"}],"wp:featuredmedia":[{"embeddable":true,"href":"https:\/\/www.csj-emballages.com\/it\/wp-json\/wp\/v2\/media\/272049"}],"wp:attachment":[{"href":"https:\/\/www.csj-emballages.com\/it\/wp-json\/wp\/v2\/media?parent=272046"}],"wp:term":[{"taxonomy":"product_brand","embeddable":true,"href":"https:\/\/www.csj-emballages.com\/it\/wp-json\/wp\/v2\/product_brand?post=272046"},{"taxonomy":"product_cat","embeddable":true,"href":"https:\/\/www.csj-emballages.com\/it\/wp-json\/wp\/v2\/product_cat?post=272046"},{"taxonomy":"product_tag","embeddable":true,"href":"https:\/\/www.csj-emballages.com\/it\/wp-json\/wp\/v2\/product_tag?post=272046"}],"curies":[{"name":"wp","href":"https:\/\/api.w.org\/{rel}","templated":true}]}}