{"id":271985,"date":"2025-11-04T14:18:25","date_gmt":"2025-11-04T13:18:25","guid":{"rendered":"https:\/\/www.csj-emballages.com\/produit\/sacchetto-antigrasso-per-galette-des-rois-29-3-x-36-cm-in-confezione-da-100\/"},"modified":"2026-03-12T16:37:47","modified_gmt":"2026-03-12T15:37:47","slug":"sacchetto-antigrasso-per-galette-des-rois-29-3-x-36-cm-in-confezione-da-100","status":"publish","type":"product","link":"https:\/\/www.csj-emballages.com\/it\/produit\/sacchetto-antigrasso-per-galette-des-rois-29-3-x-36-cm-in-confezione-da-100\/","title":{"rendered":"Sacchetto antigrasso per Galette des Rois 29 + 3 x 36 cm in confezione da 100"},"content":{"rendered":"<h2 class=\"p1\">Sacchetto per Galette des Rois<\/h2>\n<hr>\n<h3>Descrizione del nostro sacchetto per Galette des Rois 29 + 3 x 36 cm in confezione da 100<\/h3>\n<p><!--more--><\/p>\n<p data-start=\"192\" data-end=\"715\">Quando arriva il periodo delle <strong>galette<\/strong>, sappiamo tutti quanto il servizio possa diventare intenso. \u00c8 proprio per questo che questo <strong data-start=\"320\" data-end=\"359\">sacchetto per Galette des Rois 29 + 3 x 36 cm<\/strong> \u00e8 stato pensato: per rendere la tua quotidianit\u00e0 pi\u00f9 semplice offrendo al contempo una presentazione curata ai tuoi clienti. Grazie al suo formato pratico, accoglie facilmente una <strong>galette di dimensioni classiche<\/strong>, sia essa brioche o sfoglia. Il <strong>soffietto laterale di 3 cm<\/strong> fornisce lo spazio aggiuntivo necessario per evitare di schiacciare l&#8217;impasto o rovinare la decorazione.   <\/p>\n<p data-start=\"717\" data-end=\"981\">Questo <strong>sacchetto per Galette des Rois<\/strong> si distingue per la sua leggerezza e facilit\u00e0 d&#8217;uso. Con un solo gesto, si apre, si riempie e protegge la <strong>galette<\/strong> fino alla consegna al cliente. Diventa rapidamente un prezioso alleato nei momenti in cui gli ordini si susseguono e ogni secondo conta.  <\/p>\n<p data-start=\"983\" data-end=\"1421\">Venduto <strong data-start=\"989\" data-end=\"1000\">in confezione da 100<\/strong>, ti assicura una scorta confortevole per tutta la stagione dell&#8217;<strong>Epifania<\/strong>. Puoi cos\u00ec preparare le tue vendite con serenit\u00e0, sia che tu lavori in panetteria, pasticceria, minimarket o bottega artigianale. E poich\u00e9 una bella confezione fa parte del piacere, questo <strong>sacchetto per Galette des Rois<\/strong> valorizza il prodotto senza esagerare, mantenendo quello spirito caldo e tradizionale che associamo volentieri alla famosa galette.  <\/p>\n<p data-start=\"1423\" data-end=\"1728\">Allo stesso modo, il suo materiale resistente limita i rischi di strappo, anche quando la <strong>galette<\/strong> \u00e8 ancora tiepida o leggermente pesante. Accompagna il cliente fino a casa senza brutte sorprese. Insomma, \u00e8 il tipo di <strong>sacchetto<\/strong> che si adotta rapidamente e si riprende ogni anno, tanto semplifica il servizio.  <\/p>\n<p><!--more--><\/p>\n<h4 style=\"text-align: left\"><strong>Vantaggi:<\/strong><\/h4>\n<ul>\n<li data-start=\"1756\" data-end=\"1796\">Formato ideale per galette classiche.<\/li>\n<li data-start=\"1799\" data-end=\"1845\"><strong>Soffietto di 3 cm<\/strong> per una maggiore comodit\u00e0.<\/li>\n<li data-start=\"1848\" data-end=\"1880\">Manipolazione semplice e rapida.<\/li>\n<li data-start=\"1883\" data-end=\"1921\">Lotto da <strong>100<\/strong> per anticipare la stagione.<\/li>\n<li data-start=\"1924\" data-end=\"1958\">Resistente e piacevole da presentare.<\/li>\n<\/ul>\n<p>.<\/p>\n<p><!--more--><\/p>\n<h4>Altre informazioni:<\/h4>\n<ul>\n<li><strong>Confezionamento<\/strong>: Pacco da 100<\/li>\n<li><strong>Dimensioni<\/strong>: 29 + 3 x 36 cm<\/li>\n<li><strong>Colore<\/strong>: Bianco \/ Giallo senape \/ Nero<\/li>\n<li><strong>Materiale<\/strong>: Carta<\/li>\n<\/ul>\n<p>&nbsp;<\/p>\n<p><!--more--><\/p>\n<p>Trova qui la nostra corona oro: <span style=\"color: #d12727\"><a style=\"color: #d12727\" href=\"https:\/\/www.csj-emballages.com\/it\/produit\/corona-oro-in-cartone-da-100\/\">COUROR<\/a><\/span><\/p>\n<p>&nbsp;<\/p>\n<p><!--more--><\/p>\n<p>Questo sacchetto per galette \u00e8 disponibile in diverse misure: <span style=\"color: #d12727\"><a style=\"color: #d12727\" href=\"https:\/\/www.csj-emballages.com\/it\/produit\/sacchetto-per-galette-des-rois-antigrasso-23-3-x-30-cm-per-100\/\">23 + 3 x 30 cm<\/a><\/span> \/ <span style=\"color: #d12727\"><a style=\"color: #d12727\" href=\"https:\/\/www.csj-emballages.com\/it\/produit\/sacchetto-galette-des-rois-antigrasso-26-3-x-32-cm-da-100\/\">26 + 3 x 32 cm<\/a> <\/span>\/ <span style=\"color: #d12727\"><a style=\"color: #d12727\" href=\"https:\/\/www.csj-emballages.com\/produit\/sac-galette-des-rois-36-3-x-42-cm-par-100\/\">36 + 3 x 42 cm<\/a><\/span><\/p>\n<p>&nbsp;<\/p>\n<p><!--more--><\/p>\n<p><a href=\"https:\/\/www.csj-emballages.com\/it\/categorie-produit\/imballaggi-alimentari\/panetteria-pasticceria\/sacchi-sacchetti-e-carte\/sacchetti\/sacchetti-per-galette\/\">Consulta il resto della nostra gamma di sacchetti per Galette des Rois<\/a><\/p>\n","protected":false},"excerpt":{"rendered":"<p>Sacchetto per Galette des Rois Descrizione del nostro sacchetto per Galette des Rois 29 + 3 x 36 cm in confezione da 100<\/p>\n","protected":false},"featured_media":271986,"template":"","meta":{"_acf_changed":false},"product_brand":[],"product_cat":[10346,10344,10978,10867,10868],"product_tag":[],"class_list":{"0":"post-271985","1":"product","2":"type-product","3":"status-publish","4":"has-post-thumbnail","6":"product_cat-imballaggi-alimentari","7":"product_cat-panetteria-pasticceria","8":"product_cat-sacchi-sacchetti-e-carte","9":"product_cat-sacchetti","10":"product_cat-sacchetti-per-galette","12":"first","13":"instock","14":"taxable","15":"shipping-taxable","16":"purchasable","17":"product-type-simple"},"acf":[],"yoast_head":"<!-- This site is optimized with the Yoast SEO Premium plugin v26.6 (Yoast SEO v26.6) - https:\/\/yoast.com\/wordpress\/plugins\/seo\/ -->\n<title>Sacchetto per Galette des Rois 29 + 3 x 36 cm in confezione da 100<\/title>\n<meta name=\"description\" content=\"Sacchetto per Galette des Rois 29 + 3 x 36 cm in confezione da 100. Pratico, resistente e perfetto per confezionare le tue galette in modo semplice, pulito ed elegante.\" \/>\n<meta name=\"robots\" content=\"index, follow, max-snippet:-1, max-image-preview:large, max-video-preview:-1\" \/>\n<link rel=\"canonical\" href=\"https:\/\/www.csj-emballages.com\/it\/produit\/sacchetto-antigrasso-per-galette-des-rois-29-3-x-36-cm-in-confezione-da-100\/\" \/>\n<meta property=\"og:locale\" content=\"it_IT\" \/>\n<meta property=\"og:type\" content=\"article\" \/>\n<meta property=\"og:title\" content=\"Sacchetto antigrasso per Galette des Rois 29 + 3 x 36 cm in confezione da 100\" \/>\n<meta property=\"og:description\" content=\"Sacchetto per Galette des Rois 29 + 3 x 36 cm in confezione da 100. Pratico, resistente e perfetto per confezionare le tue galette in modo semplice, pulito ed elegante.\" \/>\n<meta property=\"og:url\" content=\"https:\/\/www.csj-emballages.com\/it\/produit\/sacchetto-antigrasso-per-galette-des-rois-29-3-x-36-cm-in-confezione-da-100\/\" \/>\n<meta property=\"og:site_name\" content=\"CSJ Emballages\" \/>\n<meta property=\"article:publisher\" content=\"https:\/\/www.facebook.com\/csjemballages\" \/>\n<meta property=\"article:modified_time\" content=\"2026-03-12T15:37:47+00:00\" \/>\n<meta property=\"og:image\" content=\"https:\/\/www.csj-emballages.com\/wp-content\/uploads\/2025\/11\/SACGAL29.webp\" \/>\n\t<meta property=\"og:image:width\" content=\"800\" \/>\n\t<meta property=\"og:image:height\" content=\"800\" \/>\n\t<meta property=\"og:image:type\" content=\"image\/webp\" \/>\n<meta name=\"twitter:card\" content=\"summary_large_image\" \/>\n<meta name=\"twitter:label1\" content=\"Dur\u00e9e de lecture estim\u00e9e\" \/>\n\t<meta name=\"twitter:data1\" content=\"2 minuti\" \/>\n<script type=\"application\/ld+json\" class=\"yoast-schema-graph\">{\"@context\":\"https:\/\/schema.org\",\"@graph\":[{\"@type\":\"WebPage\",\"@id\":\"https:\/\/www.csj-emballages.com\/it\/produit\/sacchetto-antigrasso-per-galette-des-rois-29-3-x-36-cm-in-confezione-da-100\/\",\"url\":\"https:\/\/www.csj-emballages.com\/it\/produit\/sacchetto-antigrasso-per-galette-des-rois-29-3-x-36-cm-in-confezione-da-100\/\",\"name\":\"Sacchetto per Galette des Rois 29 + 3 x 36 cm in confezione da 100\",\"isPartOf\":{\"@id\":\"https:\/\/www.csj-emballages.com\/it\/#website\"},\"primaryImageOfPage\":{\"@id\":\"https:\/\/www.csj-emballages.com\/it\/produit\/sacchetto-antigrasso-per-galette-des-rois-29-3-x-36-cm-in-confezione-da-100\/#primaryimage\"},\"image\":{\"@id\":\"https:\/\/www.csj-emballages.com\/it\/produit\/sacchetto-antigrasso-per-galette-des-rois-29-3-x-36-cm-in-confezione-da-100\/#primaryimage\"},\"thumbnailUrl\":\"https:\/\/www.csj-emballages.com\/wp-content\/uploads\/2025\/11\/SACGAL29.webp\",\"datePublished\":\"2025-11-04T13:18:25+00:00\",\"dateModified\":\"2026-03-12T15:37:47+00:00\",\"description\":\"Sacchetto per Galette des Rois 29 + 3 x 36 cm in confezione da 100. Pratico, resistente e perfetto per confezionare le tue galette in modo semplice, pulito ed elegante.\",\"breadcrumb\":{\"@id\":\"https:\/\/www.csj-emballages.com\/it\/produit\/sacchetto-antigrasso-per-galette-des-rois-29-3-x-36-cm-in-confezione-da-100\/#breadcrumb\"},\"inLanguage\":\"it-IT\",\"potentialAction\":[{\"@type\":\"ReadAction\",\"target\":[\"https:\/\/www.csj-emballages.com\/it\/produit\/sacchetto-antigrasso-per-galette-des-rois-29-3-x-36-cm-in-confezione-da-100\/\"]}]},{\"@type\":\"ImageObject\",\"inLanguage\":\"it-IT\",\"@id\":\"https:\/\/www.csj-emballages.com\/it\/produit\/sacchetto-antigrasso-per-galette-des-rois-29-3-x-36-cm-in-confezione-da-100\/#primaryimage\",\"url\":\"https:\/\/www.csj-emballages.com\/wp-content\/uploads\/2025\/11\/SACGAL29.webp\",\"contentUrl\":\"https:\/\/www.csj-emballages.com\/wp-content\/uploads\/2025\/11\/SACGAL29.webp\",\"width\":800,\"height\":800,\"caption\":\"Sac galette des rois\"},{\"@type\":\"BreadcrumbList\",\"@id\":\"https:\/\/www.csj-emballages.com\/it\/produit\/sacchetto-antigrasso-per-galette-des-rois-29-3-x-36-cm-in-confezione-da-100\/#breadcrumb\",\"itemListElement\":[{\"@type\":\"ListItem\",\"position\":1,\"name\":\"Home\",\"item\":\"https:\/\/www.csj-emballages.com\/it\/universo-imballaggi-alimentari\/\"},{\"@type\":\"ListItem\",\"position\":2,\"name\":\"Negozio\",\"item\":\"https:\/\/www.csj-emballages.com\/it\/negozio\/\"},{\"@type\":\"ListItem\",\"position\":3,\"name\":\"Sacchetto antigrasso per Galette des Rois 29 + 3 x 36 cm in confezione da 100\"}]},{\"@type\":\"WebSite\",\"@id\":\"https:\/\/www.csj-emballages.com\/it\/#website\",\"url\":\"https:\/\/www.csj-emballages.com\/it\/\",\"name\":\"CSJ Emballages\",\"description\":\"\",\"publisher\":{\"@id\":\"https:\/\/www.csj-emballages.com\/it\/#organization\"},\"potentialAction\":[{\"@type\":\"SearchAction\",\"target\":{\"@type\":\"EntryPoint\",\"urlTemplate\":\"https:\/\/www.csj-emballages.com\/it\/?s={search_term_string}\"},\"query-input\":{\"@type\":\"PropertyValueSpecification\",\"valueRequired\":true,\"valueName\":\"search_term_string\"}}],\"inLanguage\":\"it-IT\"},{\"@type\":\"Organization\",\"@id\":\"https:\/\/www.csj-emballages.com\/it\/#Organization\/\",\"name\":\"CSJ Emballages\",\"url\":\"https:\/\/www.csj-emballages.com\/it\/\",\"logo\":{\"@type\":\"ImageObject\",\"inLanguage\":\"it-IT\",\"@id\":\"https:\/\/www.csj-emballages.com\/it\/#\/schema\/logo\/image\/\",\"url\":\"https:\/\/www.csj-emballages.com\/wp-content\/uploads\/2023\/10\/logo_csj.webp\",\"contentUrl\":\"https:\/\/www.csj-emballages.com\/wp-content\/uploads\/2023\/10\/logo_csj.webp\",\"width\":250,\"height\":95,\"caption\":\"CSJ Emballages\"},\"image\":{\"@id\":\"https:\/\/www.csj-emballages.com\/it\/#\/schema\/logo\/image\/\"},\"sameAs\":[\"https:\/\/www.facebook.com\/csjemballages\"],\"address\":{\"@type\":\"PostalAddress\",\"streetAddress\":\"ZI La Lechere\",\"addressLocality\":\"Patornay\",\"postalCode\":\"39130\",\"addressCountry\":\"FR\"},\"contactPoint\":[{\"@type\":\"ContactPoint\",\"contactType\":\"Service client\",\"telephone\":\"0384254272\",\"email\":\"contact@csj-emballages.com\"}]}]}<\/script>\n<!-- \/ Yoast SEO Premium plugin. -->","yoast_head_json":{"title":"Sacchetto per Galette des Rois 29 + 3 x 36 cm in confezione da 100","description":"Sacchetto per Galette des Rois 29 + 3 x 36 cm in confezione da 100. Pratico, resistente e perfetto per confezionare le tue galette in modo semplice, pulito ed elegante.","robots":{"index":"index","follow":"follow","max-snippet":"max-snippet:-1","max-image-preview":"max-image-preview:large","max-video-preview":"max-video-preview:-1"},"canonical":"https:\/\/www.csj-emballages.com\/it\/produit\/sacchetto-antigrasso-per-galette-des-rois-29-3-x-36-cm-in-confezione-da-100\/","og_locale":"it_IT","og_type":"article","og_title":"Sacchetto antigrasso per Galette des Rois 29 + 3 x 36 cm in confezione da 100","og_description":"Sacchetto per Galette des Rois 29 + 3 x 36 cm in confezione da 100. Pratico, resistente e perfetto per confezionare le tue galette in modo semplice, pulito ed elegante.","og_url":"https:\/\/www.csj-emballages.com\/it\/produit\/sacchetto-antigrasso-per-galette-des-rois-29-3-x-36-cm-in-confezione-da-100\/","og_site_name":"CSJ Emballages","article_publisher":"https:\/\/www.facebook.com\/csjemballages","article_modified_time":"2026-03-12T15:37:47+00:00","og_image":[{"width":800,"height":800,"url":"https:\/\/www.csj-emballages.com\/wp-content\/uploads\/2025\/11\/SACGAL29.webp","type":"image\/webp"}],"twitter_card":"summary_large_image","twitter_misc":{"Dur\u00e9e de lecture estim\u00e9e":"2 minuti"},"schema":{"@context":"https:\/\/schema.org","@graph":[{"@type":"WebPage","@id":"https:\/\/www.csj-emballages.com\/it\/produit\/sacchetto-antigrasso-per-galette-des-rois-29-3-x-36-cm-in-confezione-da-100\/","url":"https:\/\/www.csj-emballages.com\/it\/produit\/sacchetto-antigrasso-per-galette-des-rois-29-3-x-36-cm-in-confezione-da-100\/","name":"Sacchetto per Galette des Rois 29 + 3 x 36 cm in confezione da 100","isPartOf":{"@id":"https:\/\/www.csj-emballages.com\/it\/#website"},"primaryImageOfPage":{"@id":"https:\/\/www.csj-emballages.com\/it\/produit\/sacchetto-antigrasso-per-galette-des-rois-29-3-x-36-cm-in-confezione-da-100\/#primaryimage"},"image":{"@id":"https:\/\/www.csj-emballages.com\/it\/produit\/sacchetto-antigrasso-per-galette-des-rois-29-3-x-36-cm-in-confezione-da-100\/#primaryimage"},"thumbnailUrl":"https:\/\/www.csj-emballages.com\/wp-content\/uploads\/2025\/11\/SACGAL29.webp","datePublished":"2025-11-04T13:18:25+00:00","dateModified":"2026-03-12T15:37:47+00:00","description":"Sacchetto per Galette des Rois 29 + 3 x 36 cm in confezione da 100. Pratico, resistente e perfetto per confezionare le tue galette in modo semplice, pulito ed elegante.","breadcrumb":{"@id":"https:\/\/www.csj-emballages.com\/it\/produit\/sacchetto-antigrasso-per-galette-des-rois-29-3-x-36-cm-in-confezione-da-100\/#breadcrumb"},"inLanguage":"it-IT","potentialAction":[{"@type":"ReadAction","target":["https:\/\/www.csj-emballages.com\/it\/produit\/sacchetto-antigrasso-per-galette-des-rois-29-3-x-36-cm-in-confezione-da-100\/"]}]},{"@type":"ImageObject","inLanguage":"it-IT","@id":"https:\/\/www.csj-emballages.com\/it\/produit\/sacchetto-antigrasso-per-galette-des-rois-29-3-x-36-cm-in-confezione-da-100\/#primaryimage","url":"https:\/\/www.csj-emballages.com\/wp-content\/uploads\/2025\/11\/SACGAL29.webp","contentUrl":"https:\/\/www.csj-emballages.com\/wp-content\/uploads\/2025\/11\/SACGAL29.webp","width":800,"height":800,"caption":"Sac galette des rois"},{"@type":"BreadcrumbList","@id":"https:\/\/www.csj-emballages.com\/it\/produit\/sacchetto-antigrasso-per-galette-des-rois-29-3-x-36-cm-in-confezione-da-100\/#breadcrumb","itemListElement":[{"@type":"ListItem","position":1,"name":"Home","item":"https:\/\/www.csj-emballages.com\/it\/universo-imballaggi-alimentari\/"},{"@type":"ListItem","position":2,"name":"Negozio","item":"https:\/\/www.csj-emballages.com\/it\/negozio\/"},{"@type":"ListItem","position":3,"name":"Sacchetto antigrasso per Galette des Rois 29 + 3 x 36 cm in confezione da 100"}]},{"@type":"WebSite","@id":"https:\/\/www.csj-emballages.com\/it\/#website","url":"https:\/\/www.csj-emballages.com\/it\/","name":"CSJ Emballages","description":"","publisher":{"@id":"https:\/\/www.csj-emballages.com\/it\/#organization"},"potentialAction":[{"@type":"SearchAction","target":{"@type":"EntryPoint","urlTemplate":"https:\/\/www.csj-emballages.com\/it\/?s={search_term_string}"},"query-input":{"@type":"PropertyValueSpecification","valueRequired":true,"valueName":"search_term_string"}}],"inLanguage":"it-IT"},{"@type":"Organization","@id":"https:\/\/www.csj-emballages.com\/it\/#Organization\/","name":"CSJ Emballages","url":"https:\/\/www.csj-emballages.com\/it\/","logo":{"@type":"ImageObject","inLanguage":"it-IT","@id":"https:\/\/www.csj-emballages.com\/it\/#\/schema\/logo\/image\/","url":"https:\/\/www.csj-emballages.com\/wp-content\/uploads\/2023\/10\/logo_csj.webp","contentUrl":"https:\/\/www.csj-emballages.com\/wp-content\/uploads\/2023\/10\/logo_csj.webp","width":250,"height":95,"caption":"CSJ Emballages"},"image":{"@id":"https:\/\/www.csj-emballages.com\/it\/#\/schema\/logo\/image\/"},"sameAs":["https:\/\/www.facebook.com\/csjemballages"],"address":{"@type":"PostalAddress","streetAddress":"ZI La Lechere","addressLocality":"Patornay","postalCode":"39130","addressCountry":"FR"},"contactPoint":[{"@type":"ContactPoint","contactType":"Service client","telephone":"0384254272","email":"contact@csj-emballages.com"}]}]}},"df_price":13.16,"df_sale_price":"","df_regular_price":13.16,"df_image_link":"https:\/\/www.csj-emballages.com\/wp-content\/uploads\/2025\/11\/SACGAL29-300x300.webp","tiered_pricing_type":"fixed","tiered_pricing_fixed_rules":[],"tiered_pricing_percentage_rules":[],"tiered_pricing_minimum":1,"tiered_pricing_roles_data":[],"_links":{"self":[{"href":"https:\/\/www.csj-emballages.com\/it\/wp-json\/wp\/v2\/product\/271985","targetHints":{"allow":["GET"]}}],"collection":[{"href":"https:\/\/www.csj-emballages.com\/it\/wp-json\/wp\/v2\/product"}],"about":[{"href":"https:\/\/www.csj-emballages.com\/it\/wp-json\/wp\/v2\/types\/product"}],"wp:featuredmedia":[{"embeddable":true,"href":"https:\/\/www.csj-emballages.com\/it\/wp-json\/wp\/v2\/media\/271986"}],"wp:attachment":[{"href":"https:\/\/www.csj-emballages.com\/it\/wp-json\/wp\/v2\/media?parent=271985"}],"wp:term":[{"taxonomy":"product_brand","embeddable":true,"href":"https:\/\/www.csj-emballages.com\/it\/wp-json\/wp\/v2\/product_brand?post=271985"},{"taxonomy":"product_cat","embeddable":true,"href":"https:\/\/www.csj-emballages.com\/it\/wp-json\/wp\/v2\/product_cat?post=271985"},{"taxonomy":"product_tag","embeddable":true,"href":"https:\/\/www.csj-emballages.com\/it\/wp-json\/wp\/v2\/product_tag?post=271985"}],"curies":[{"name":"wp","href":"https:\/\/api.w.org\/{rel}","templated":true}]}}