{"id":271982,"date":"2025-10-27T16:18:18","date_gmt":"2025-10-27T15:18:18","guid":{"rendered":"https:\/\/www.csj-emballages.com\/produit\/aceto-di-alcool-8-bottiglia-1l\/"},"modified":"2026-04-18T02:11:15","modified_gmt":"2026-04-18T00:11:15","slug":"aceto-di-alcool-8-bottiglia-1l","status":"publish","type":"product","link":"https:\/\/www.csj-emballages.com\/it\/produit\/aceto-di-alcool-8-bottiglia-1l\/","title":{"rendered":"Aceto di alcool 8% bottiglia 1L"},"content":{"rendered":"<h2 class=\"p1\">Aceto<\/h2>\n<hr>\n<h3>Descrizione del nostro aceto di alcool 8% bottiglia 1L<\/h3>\n<p><!--more--><\/p>\n<p data-start=\"301\" data-end=\"781\">L&#8217;<strong>aceto di alcool 8% in bottiglia da 1L<\/strong> \u00e8 un must per la cura della tua casa in modo semplice, efficace e naturale. Grazie alla sua concentrazione ideale, agisce rapidamente e ti aiuta in tutte le faccende domestiche. Infatti, sgrassa, disincrosta, pulisce e deodora con estrema semplicit\u00e0. Usato da generazioni, convince per la sua efficacia provata e per la sua composizione essenziale che rispetta l&#8217;ambiente.   <\/p>\n<p data-start=\"783\" data-end=\"1208\">Innanzitutto, l&#8217;<strong>aceto di alcool 8%<\/strong> si distingue per la sua versatilit\u00e0. Che si tratti di far brillare le superfici della cucina, eliminare il calcare in bagno, far risplendere i vetri o pulire i tuoi elettrodomestici, \u00e8 sempre la scelta giusta. Inoltre, sostituisce vantaggiosamente molti prodotti chimici, permettendoti non solo di risparmiare, ma anche di ridurre il tuo impatto ambientale.  <\/p>\n<p data-start=\"1210\" data-end=\"1540\">Inoltre, questo <strong>aceto all&#8217;8%<\/strong> garantisce una pulizia attiva e rapida. Bastano poche gocce per sciogliere i grassi, neutralizzare i cattivi odori o prevenire i depositi di calcare. La sua formulazione liquida, facile da usare, ti permette di utilizzarlo puro o diluito, a seconda dello sporco o della superficie da trattare.  <\/p>\n<p data-start=\"1542\" data-end=\"1785\">Infine, la sua <strong>bottiglia da 1L<\/strong> offre un eccellente rapporto qualit\u00e0-prezzo e assicura una lunga durata. Pratica da riporre, si integra perfettamente nella tua routine di pulizia, a casa, in negozio o in officina. <\/p>\n<p data-start=\"1787\" data-end=\"1977\">In sintesi, l&#8217;<strong>aceto di alcool 8%<\/strong> \u00e8 molto pi\u00f9 di un semplice detergente: \u00e8 un alleato quotidiano affidabile, naturale ed economico, che facilita la pulizia di tutte le tue superfici.<\/p>\n<p><!--more--><\/p>\n<p><strong>Vantaggi:<\/strong><\/p>\n<ul>\n<li data-start=\"2008\" data-end=\"2074\"><strong>Prodotto versatile<\/strong>: sgrassa, disincrosta, pulisce e deodora.<\/li>\n<li data-start=\"2077\" data-end=\"2100\">Naturale ed economico.<\/li>\n<li data-start=\"2103\" data-end=\"2143\">L&#8217;aceto sostituisce molti prodotti per la pulizia.<\/li>\n<li data-start=\"2146\" data-end=\"2179\">Formato pratico in <strong>bottiglia 1L<\/strong>.<\/li>\n<li data-start=\"2182\" data-end=\"2244\">Azione rapida ed efficace su tutte le superfici quotidiane.<\/li>\n<\/ul>\n<p>&nbsp;<\/p>\n<p><!--more--><\/p>\n<h4>Altre informazioni:<\/h4>\n<ul>\n<li><strong>Confezione<\/strong>: Unit\u00e0 singola<\/li>\n<li><strong>Volume<\/strong>: 1 litro<\/li>\n<li><strong>Colore<\/strong>: Incolore<\/li>\n<li><strong>pH<\/strong>: 2,45<\/li>\n<\/ul>\n<p>&nbsp;<\/p>\n<p><!--more--><\/p>\n<p><a href=\"https:\/\/www.csj-emballages.com\/it\/categorie-produit\/igiene-e-manutenzione\/prodotti-per-la-pulizia\/cucina\/\">Scopri il resto della nostra gamma di prodotti per l&#8217;igiene della cucina<\/a><\/p>\n","protected":false},"excerpt":{"rendered":"<p>Aceto Descrizione del nostro aceto di alcool 8% bottiglia 1L<\/p>\n","protected":false},"featured_media":271983,"template":"","meta":{"_acf_changed":false},"product_brand":[],"product_cat":[10356,10360,10361,10459],"product_tag":[],"class_list":{"0":"post-271982","1":"product","2":"type-product","3":"status-publish","4":"has-post-thumbnail","6":"product_cat-igiene-e-manutenzione","7":"product_cat-prodotti-per-la-pulizia","8":"product_cat-cucina","9":"product_cat-sanitari","11":"first","12":"instock","13":"taxable","14":"shipping-taxable","15":"purchasable","16":"product-type-simple"},"acf":[],"yoast_head":"<!-- This site is optimized with the Yoast SEO Premium plugin v26.6 (Yoast SEO v26.6) - https:\/\/yoast.com\/wordpress\/plugins\/seo\/ -->\n<title>Aceto di Alcool 8% Bottiglia 1L<\/title>\n<meta name=\"description\" content=\"Scopri l&#039;aceto all&#039;8% in bottiglia da 1L, un alleato naturale indispensabile per sgrassare, disincrostare, pulire e deodorare efficacemente ogni superficie.\" \/>\n<meta name=\"robots\" content=\"index, follow, max-snippet:-1, max-image-preview:large, max-video-preview:-1\" \/>\n<link rel=\"canonical\" href=\"https:\/\/www.csj-emballages.com\/it\/produit\/aceto-di-alcool-8-bottiglia-1l\/\" \/>\n<meta property=\"og:locale\" content=\"it_IT\" \/>\n<meta property=\"og:type\" content=\"article\" \/>\n<meta property=\"og:title\" content=\"Aceto di alcool 8% bottiglia 1L\" \/>\n<meta property=\"og:description\" content=\"Scopri l&#039;aceto all&#039;8% in bottiglia da 1L, un alleato naturale indispensabile per sgrassare, disincrostare, pulire e deodorare efficacemente ogni superficie.\" \/>\n<meta property=\"og:url\" content=\"https:\/\/www.csj-emballages.com\/it\/produit\/aceto-di-alcool-8-bottiglia-1l\/\" \/>\n<meta property=\"og:site_name\" content=\"CSJ Emballages\" \/>\n<meta property=\"article:publisher\" content=\"https:\/\/www.facebook.com\/csjemballages\" \/>\n<meta property=\"article:modified_time\" content=\"2026-04-18T00:11:15+00:00\" \/>\n<meta property=\"og:image\" content=\"https:\/\/www.csj-emballages.com\/wp-content\/uploads\/2025\/10\/127086.webp\" \/>\n\t<meta property=\"og:image:width\" content=\"800\" \/>\n\t<meta property=\"og:image:height\" content=\"800\" \/>\n\t<meta property=\"og:image:type\" content=\"image\/webp\" \/>\n<meta name=\"twitter:card\" content=\"summary_large_image\" \/>\n<meta name=\"twitter:label1\" content=\"Dur\u00e9e de lecture estim\u00e9e\" \/>\n\t<meta name=\"twitter:data1\" content=\"1 minuto\" \/>\n<script type=\"application\/ld+json\" class=\"yoast-schema-graph\">{\"@context\":\"https:\/\/schema.org\",\"@graph\":[{\"@type\":\"WebPage\",\"@id\":\"https:\/\/www.csj-emballages.com\/it\/produit\/aceto-di-alcool-8-bottiglia-1l\/\",\"url\":\"https:\/\/www.csj-emballages.com\/it\/produit\/aceto-di-alcool-8-bottiglia-1l\/\",\"name\":\"Aceto di Alcool 8% Bottiglia 1L\",\"isPartOf\":{\"@id\":\"https:\/\/www.csj-emballages.com\/it\/#website\"},\"primaryImageOfPage\":{\"@id\":\"https:\/\/www.csj-emballages.com\/it\/produit\/aceto-di-alcool-8-bottiglia-1l\/#primaryimage\"},\"image\":{\"@id\":\"https:\/\/www.csj-emballages.com\/it\/produit\/aceto-di-alcool-8-bottiglia-1l\/#primaryimage\"},\"thumbnailUrl\":\"https:\/\/www.csj-emballages.com\/wp-content\/uploads\/2025\/10\/127086.webp\",\"datePublished\":\"2025-10-27T15:18:18+00:00\",\"dateModified\":\"2026-04-18T00:11:15+00:00\",\"description\":\"Scopri l'aceto all'8% in bottiglia da 1L, un alleato naturale indispensabile per sgrassare, disincrostare, pulire e deodorare efficacemente ogni superficie.\",\"breadcrumb\":{\"@id\":\"https:\/\/www.csj-emballages.com\/it\/produit\/aceto-di-alcool-8-bottiglia-1l\/#breadcrumb\"},\"inLanguage\":\"it-IT\",\"potentialAction\":[{\"@type\":\"ReadAction\",\"target\":[\"https:\/\/www.csj-emballages.com\/it\/produit\/aceto-di-alcool-8-bottiglia-1l\/\"]}]},{\"@type\":\"ImageObject\",\"inLanguage\":\"it-IT\",\"@id\":\"https:\/\/www.csj-emballages.com\/it\/produit\/aceto-di-alcool-8-bottiglia-1l\/#primaryimage\",\"url\":\"https:\/\/www.csj-emballages.com\/wp-content\/uploads\/2025\/10\/127086.webp\",\"contentUrl\":\"https:\/\/www.csj-emballages.com\/wp-content\/uploads\/2025\/10\/127086.webp\",\"width\":800,\"height\":800,\"caption\":\"Vinaigre\"},{\"@type\":\"BreadcrumbList\",\"@id\":\"https:\/\/www.csj-emballages.com\/it\/produit\/aceto-di-alcool-8-bottiglia-1l\/#breadcrumb\",\"itemListElement\":[{\"@type\":\"ListItem\",\"position\":1,\"name\":\"Home\",\"item\":\"https:\/\/www.csj-emballages.com\/it\/universo-imballaggi-alimentari\/\"},{\"@type\":\"ListItem\",\"position\":2,\"name\":\"Negozio\",\"item\":\"https:\/\/www.csj-emballages.com\/it\/negozio\/\"},{\"@type\":\"ListItem\",\"position\":3,\"name\":\"Aceto di alcool 8% bottiglia 1L\"}]},{\"@type\":\"WebSite\",\"@id\":\"https:\/\/www.csj-emballages.com\/it\/#website\",\"url\":\"https:\/\/www.csj-emballages.com\/it\/\",\"name\":\"CSJ Emballages\",\"description\":\"\",\"publisher\":{\"@id\":\"https:\/\/www.csj-emballages.com\/it\/#organization\"},\"potentialAction\":[{\"@type\":\"SearchAction\",\"target\":{\"@type\":\"EntryPoint\",\"urlTemplate\":\"https:\/\/www.csj-emballages.com\/it\/?s={search_term_string}\"},\"query-input\":{\"@type\":\"PropertyValueSpecification\",\"valueRequired\":true,\"valueName\":\"search_term_string\"}}],\"inLanguage\":\"it-IT\"},{\"@type\":\"Organization\",\"@id\":\"https:\/\/www.csj-emballages.com\/it\/#Organization\/\",\"name\":\"CSJ Emballages\",\"url\":\"https:\/\/www.csj-emballages.com\/it\/\",\"logo\":{\"@type\":\"ImageObject\",\"inLanguage\":\"it-IT\",\"@id\":\"https:\/\/www.csj-emballages.com\/it\/#\/schema\/logo\/image\/\",\"url\":\"https:\/\/www.csj-emballages.com\/wp-content\/uploads\/2023\/10\/logo_csj.webp\",\"contentUrl\":\"https:\/\/www.csj-emballages.com\/wp-content\/uploads\/2023\/10\/logo_csj.webp\",\"width\":250,\"height\":95,\"caption\":\"CSJ Emballages\"},\"image\":{\"@id\":\"https:\/\/www.csj-emballages.com\/it\/#\/schema\/logo\/image\/\"},\"sameAs\":[\"https:\/\/www.facebook.com\/csjemballages\"],\"address\":{\"@type\":\"PostalAddress\",\"streetAddress\":\"ZI La Lechere\",\"addressLocality\":\"Patornay\",\"postalCode\":\"39130\",\"addressCountry\":\"FR\"},\"contactPoint\":[{\"@type\":\"ContactPoint\",\"contactType\":\"Service client\",\"telephone\":\"0384254272\",\"email\":\"contact@csj-emballages.com\"}]}]}<\/script>\n<!-- \/ Yoast SEO Premium plugin. -->","yoast_head_json":{"title":"Aceto di Alcool 8% Bottiglia 1L","description":"Scopri l'aceto all'8% in bottiglia da 1L, un alleato naturale indispensabile per sgrassare, disincrostare, pulire e deodorare efficacemente ogni superficie.","robots":{"index":"index","follow":"follow","max-snippet":"max-snippet:-1","max-image-preview":"max-image-preview:large","max-video-preview":"max-video-preview:-1"},"canonical":"https:\/\/www.csj-emballages.com\/it\/produit\/aceto-di-alcool-8-bottiglia-1l\/","og_locale":"it_IT","og_type":"article","og_title":"Aceto di alcool 8% bottiglia 1L","og_description":"Scopri l'aceto all'8% in bottiglia da 1L, un alleato naturale indispensabile per sgrassare, disincrostare, pulire e deodorare efficacemente ogni superficie.","og_url":"https:\/\/www.csj-emballages.com\/it\/produit\/aceto-di-alcool-8-bottiglia-1l\/","og_site_name":"CSJ Emballages","article_publisher":"https:\/\/www.facebook.com\/csjemballages","article_modified_time":"2026-04-18T00:11:15+00:00","og_image":[{"width":800,"height":800,"url":"https:\/\/www.csj-emballages.com\/wp-content\/uploads\/2025\/10\/127086.webp","type":"image\/webp"}],"twitter_card":"summary_large_image","twitter_misc":{"Dur\u00e9e de lecture estim\u00e9e":"1 minuto"},"schema":{"@context":"https:\/\/schema.org","@graph":[{"@type":"WebPage","@id":"https:\/\/www.csj-emballages.com\/it\/produit\/aceto-di-alcool-8-bottiglia-1l\/","url":"https:\/\/www.csj-emballages.com\/it\/produit\/aceto-di-alcool-8-bottiglia-1l\/","name":"Aceto di Alcool 8% Bottiglia 1L","isPartOf":{"@id":"https:\/\/www.csj-emballages.com\/it\/#website"},"primaryImageOfPage":{"@id":"https:\/\/www.csj-emballages.com\/it\/produit\/aceto-di-alcool-8-bottiglia-1l\/#primaryimage"},"image":{"@id":"https:\/\/www.csj-emballages.com\/it\/produit\/aceto-di-alcool-8-bottiglia-1l\/#primaryimage"},"thumbnailUrl":"https:\/\/www.csj-emballages.com\/wp-content\/uploads\/2025\/10\/127086.webp","datePublished":"2025-10-27T15:18:18+00:00","dateModified":"2026-04-18T00:11:15+00:00","description":"Scopri l'aceto all'8% in bottiglia da 1L, un alleato naturale indispensabile per sgrassare, disincrostare, pulire e deodorare efficacemente ogni superficie.","breadcrumb":{"@id":"https:\/\/www.csj-emballages.com\/it\/produit\/aceto-di-alcool-8-bottiglia-1l\/#breadcrumb"},"inLanguage":"it-IT","potentialAction":[{"@type":"ReadAction","target":["https:\/\/www.csj-emballages.com\/it\/produit\/aceto-di-alcool-8-bottiglia-1l\/"]}]},{"@type":"ImageObject","inLanguage":"it-IT","@id":"https:\/\/www.csj-emballages.com\/it\/produit\/aceto-di-alcool-8-bottiglia-1l\/#primaryimage","url":"https:\/\/www.csj-emballages.com\/wp-content\/uploads\/2025\/10\/127086.webp","contentUrl":"https:\/\/www.csj-emballages.com\/wp-content\/uploads\/2025\/10\/127086.webp","width":800,"height":800,"caption":"Vinaigre"},{"@type":"BreadcrumbList","@id":"https:\/\/www.csj-emballages.com\/it\/produit\/aceto-di-alcool-8-bottiglia-1l\/#breadcrumb","itemListElement":[{"@type":"ListItem","position":1,"name":"Home","item":"https:\/\/www.csj-emballages.com\/it\/universo-imballaggi-alimentari\/"},{"@type":"ListItem","position":2,"name":"Negozio","item":"https:\/\/www.csj-emballages.com\/it\/negozio\/"},{"@type":"ListItem","position":3,"name":"Aceto di alcool 8% bottiglia 1L"}]},{"@type":"WebSite","@id":"https:\/\/www.csj-emballages.com\/it\/#website","url":"https:\/\/www.csj-emballages.com\/it\/","name":"CSJ Emballages","description":"","publisher":{"@id":"https:\/\/www.csj-emballages.com\/it\/#organization"},"potentialAction":[{"@type":"SearchAction","target":{"@type":"EntryPoint","urlTemplate":"https:\/\/www.csj-emballages.com\/it\/?s={search_term_string}"},"query-input":{"@type":"PropertyValueSpecification","valueRequired":true,"valueName":"search_term_string"}}],"inLanguage":"it-IT"},{"@type":"Organization","@id":"https:\/\/www.csj-emballages.com\/it\/#Organization\/","name":"CSJ Emballages","url":"https:\/\/www.csj-emballages.com\/it\/","logo":{"@type":"ImageObject","inLanguage":"it-IT","@id":"https:\/\/www.csj-emballages.com\/it\/#\/schema\/logo\/image\/","url":"https:\/\/www.csj-emballages.com\/wp-content\/uploads\/2023\/10\/logo_csj.webp","contentUrl":"https:\/\/www.csj-emballages.com\/wp-content\/uploads\/2023\/10\/logo_csj.webp","width":250,"height":95,"caption":"CSJ Emballages"},"image":{"@id":"https:\/\/www.csj-emballages.com\/it\/#\/schema\/logo\/image\/"},"sameAs":["https:\/\/www.facebook.com\/csjemballages"],"address":{"@type":"PostalAddress","streetAddress":"ZI La Lechere","addressLocality":"Patornay","postalCode":"39130","addressCountry":"FR"},"contactPoint":[{"@type":"ContactPoint","contactType":"Service client","telephone":"0384254272","email":"contact@csj-emballages.com"}]}]}},"df_price":1.61,"df_sale_price":"","df_regular_price":1.61,"df_image_link":"https:\/\/www.csj-emballages.com\/wp-content\/uploads\/2025\/10\/127086-300x300.webp","tiered_pricing_type":"fixed","tiered_pricing_fixed_rules":[],"tiered_pricing_percentage_rules":[],"tiered_pricing_minimum":1,"tiered_pricing_roles_data":[],"_links":{"self":[{"href":"https:\/\/www.csj-emballages.com\/it\/wp-json\/wp\/v2\/product\/271982","targetHints":{"allow":["GET"]}}],"collection":[{"href":"https:\/\/www.csj-emballages.com\/it\/wp-json\/wp\/v2\/product"}],"about":[{"href":"https:\/\/www.csj-emballages.com\/it\/wp-json\/wp\/v2\/types\/product"}],"wp:featuredmedia":[{"embeddable":true,"href":"https:\/\/www.csj-emballages.com\/it\/wp-json\/wp\/v2\/media\/271983"}],"wp:attachment":[{"href":"https:\/\/www.csj-emballages.com\/it\/wp-json\/wp\/v2\/media?parent=271982"}],"wp:term":[{"taxonomy":"product_brand","embeddable":true,"href":"https:\/\/www.csj-emballages.com\/it\/wp-json\/wp\/v2\/product_brand?post=271982"},{"taxonomy":"product_cat","embeddable":true,"href":"https:\/\/www.csj-emballages.com\/it\/wp-json\/wp\/v2\/product_cat?post=271982"},{"taxonomy":"product_tag","embeddable":true,"href":"https:\/\/www.csj-emballages.com\/it\/wp-json\/wp\/v2\/product_tag?post=271982"}],"curies":[{"name":"wp","href":"https:\/\/api.w.org\/{rel}","templated":true}]}}