{"id":271955,"date":"2026-01-23T17:18:33","date_gmt":"2026-01-23T16:18:33","guid":{"rendered":"https:\/\/www.csj-emballages.com\/produit\/beccuccio-decorativo-azzurro-cielo-in-plastica-da-24\/"},"modified":"2026-03-12T16:08:55","modified_gmt":"2026-03-12T15:08:55","slug":"beccuccio-decorativo-azzurro-cielo-in-plastica-da-24","status":"publish","type":"product","link":"https:\/\/www.csj-emballages.com\/it\/produit\/beccuccio-decorativo-azzurro-cielo-in-plastica-da-24\/","title":{"rendered":"Beccuccio decorativo azzurro cielo in plastica da 24"},"content":{"rendered":"<h2>Beccuccio per pasticceria<\/h2>\n<hr>\n<h3>Scopri il nostro beccuccio decorativo azzurro cielo in plastica da 24<\/h3>\n<p><!--more--><\/p>\n<p data-start=\"243\" data-end=\"569\">Il <strong>set di 24 beccucci decorativi azzurro cielo<\/strong> in <strong>plastica<\/strong> \u00e8 lo strumento ideale per realizzare decorazioni varie e curate su tutte le tue creazioni dolci e salate. Progettato sia per i professionisti che per gli appassionati di pasticceria, questo <strong>set completo<\/strong> permette di moltiplicare effetti e texture con facilit\u00e0. <\/p>\n<p data-start=\"571\" data-end=\"859\">Realizzati in <strong>plastica<\/strong> resistente di qualit\u00e0 alimentare, questi <strong>beccucci<\/strong> assicurano una decorazione precisa e uniforme. Il loro <strong>colore azzurro cielo traslucido<\/strong> permette di visualizzare facilmente la preparazione all&#8217;interno della sac \u00e0 poche, facilitando cos\u00ec il lavoro in laboratorio o in cucina. <\/p>\n<p data-start=\"861\" data-end=\"1166\">La <strong>confezione include 24 forme diverse<\/strong>: <strong>stelle aperte e chiuse, lisce, rigate, a petalo o con motivi specifici<\/strong>. Sono ideali per decorare cupcake, torte, \u00e9clair, bign\u00e8, dessert, biscotti, ma anche per lavorare preparazioni salate come pur\u00e8 o mousse da aperitivo. <\/p>\n<p data-start=\"1168\" data-end=\"1370\">Leggeri e facili da maneggiare, questi <strong>beccucci<\/strong> sono adatti sia per un uso intensivo che occasionale. Un set completo e versatile per dare libero sfogo alla tua creativit\u00e0. <\/p>\n<p data-start=\"1168\" data-end=\"1370\"><!--more--><\/p>\n<h4 data-start=\"1168\" data-end=\"1370\">Vantaggi:<\/h4>\n<ul>\n<li data-start=\"1408\" data-end=\"1448\">Set completo di <strong>24 beccucci decorativi<\/strong>.<\/li>\n<li data-start=\"1451\" data-end=\"1500\">Plastica resistente idonea al contatto alimentare.<\/li>\n<li data-start=\"1503\" data-end=\"1560\"><strong>Colore azzurro cielo traslucido<\/strong> per una migliore visibilit\u00e0.<\/li>\n<li data-start=\"1563\" data-end=\"1609\">Ampia variet\u00e0 di forme per decorazioni creative.<\/li>\n<li data-start=\"1612\" data-end=\"1641\">Decorazione precisa e uniforme.<\/li>\n<li data-start=\"1692\" data-end=\"1712\">Facili da pulire.<\/li>\n<\/ul>\n<p>&nbsp;<\/p>\n<p><!--more--><\/p>\n<h4>Altre informazioni:<\/h4>\n<ul>\n<li><strong>Confezione<\/strong>: Pacchetto da 24<\/li>\n<li><strong>Colore<\/strong>: Azzurro cielo<\/li>\n<li><strong>Materiale<\/strong>: Plastica<\/li>\n<\/ul>\n<p>&nbsp;<\/p>\n<p><!--more--><\/p>\n<p>Questo set di 24 beccucci \u00e8 disponibile anche in set da 12 beccucci: <span style=\"color: #d12727;\"><a style=\"color: #d12727;\" href=\"https:\/\/www.csj-emballages.com\/it\/produit\/bocchette-pasticceria-decorazione-azzurro-cielo-plastica-set-da-12\/\">17868<\/a><\/span><\/p>\n<p>&nbsp;<\/p>\n<p><!--more--><\/p>\n<p><a href=\"https:\/\/www.csj-emballages.com\/it\/categorie-produit\/imballaggi-alimentari\/panetteria-pasticceria\/accessori-e-attrezzature\/sac-a-poche\/\">Consulta il resto della nostra gamma di beccucci \/ sac \u00e0 poche<\/a><\/p>\n","protected":false},"excerpt":{"rendered":"<p>Beccuccio per pasticceria Scopri il nostro beccuccio decorativo azzurro cielo in plastica da 24<\/p>\n","protected":false},"featured_media":271959,"template":"","meta":{"_acf_changed":false},"product_brand":[],"product_cat":[10346,10344,11421,11420],"product_tag":[],"class_list":{"0":"post-271955","1":"product","2":"type-product","3":"status-publish","4":"has-post-thumbnail","6":"product_cat-imballaggi-alimentari","7":"product_cat-panetteria-pasticceria","8":"product_cat-accessori-e-attrezzature","9":"product_cat-sac-a-poche","11":"first","12":"instock","13":"taxable","14":"shipping-taxable","15":"purchasable","16":"product-type-simple"},"acf":[],"yoast_head":"<!-- This site is optimized with the Yoast SEO Premium plugin v26.6 (Yoast SEO v26.6) - https:\/\/yoast.com\/wordpress\/plugins\/seo\/ -->\n<title>Beccuccio Decorativo Azzurro Cielo Plastica da 24<\/title>\n<meta name=\"description\" content=\"Beccuccio decorativo azzurro cielo in plastica da 24. Ideali per decorare torte, cupcake e dessert con precisione.\" \/>\n<meta name=\"robots\" content=\"index, follow, max-snippet:-1, max-image-preview:large, max-video-preview:-1\" \/>\n<link rel=\"canonical\" href=\"https:\/\/www.csj-emballages.com\/it\/produit\/beccuccio-decorativo-azzurro-cielo-in-plastica-da-24\/\" \/>\n<meta property=\"og:locale\" content=\"it_IT\" \/>\n<meta property=\"og:type\" content=\"article\" \/>\n<meta property=\"og:title\" content=\"Beccuccio decorativo azzurro cielo in plastica da 24\" \/>\n<meta property=\"og:description\" content=\"Beccuccio decorativo azzurro cielo in plastica da 24. Ideali per decorare torte, cupcake e dessert con precisione.\" \/>\n<meta property=\"og:url\" content=\"https:\/\/www.csj-emballages.com\/it\/produit\/beccuccio-decorativo-azzurro-cielo-in-plastica-da-24\/\" \/>\n<meta property=\"og:site_name\" content=\"CSJ Emballages\" \/>\n<meta property=\"article:publisher\" content=\"https:\/\/www.facebook.com\/csjemballages\" \/>\n<meta property=\"article:modified_time\" content=\"2026-03-12T15:08:55+00:00\" \/>\n<meta property=\"og:image\" content=\"https:\/\/www.csj-emballages.com\/wp-content\/uploads\/2026\/01\/45468.webp\" \/>\n\t<meta property=\"og:image:width\" content=\"800\" \/>\n\t<meta property=\"og:image:height\" content=\"800\" \/>\n\t<meta property=\"og:image:type\" content=\"image\/jpeg\" \/>\n<meta name=\"twitter:card\" content=\"summary_large_image\" \/>\n<meta name=\"twitter:label1\" content=\"Dur\u00e9e de lecture estim\u00e9e\" \/>\n\t<meta name=\"twitter:data1\" content=\"1 minuto\" \/>\n<script type=\"application\/ld+json\" class=\"yoast-schema-graph\">{\"@context\":\"https:\/\/schema.org\",\"@graph\":[{\"@type\":\"WebPage\",\"@id\":\"https:\/\/www.csj-emballages.com\/it\/produit\/beccuccio-decorativo-azzurro-cielo-in-plastica-da-24\/\",\"url\":\"https:\/\/www.csj-emballages.com\/it\/produit\/beccuccio-decorativo-azzurro-cielo-in-plastica-da-24\/\",\"name\":\"Beccuccio Decorativo Azzurro Cielo Plastica da 24\",\"isPartOf\":{\"@id\":\"https:\/\/www.csj-emballages.com\/it\/#website\"},\"primaryImageOfPage\":{\"@id\":\"https:\/\/www.csj-emballages.com\/it\/produit\/beccuccio-decorativo-azzurro-cielo-in-plastica-da-24\/#primaryimage\"},\"image\":{\"@id\":\"https:\/\/www.csj-emballages.com\/it\/produit\/beccuccio-decorativo-azzurro-cielo-in-plastica-da-24\/#primaryimage\"},\"thumbnailUrl\":\"https:\/\/www.csj-emballages.com\/wp-content\/uploads\/2026\/01\/45468.webp\",\"datePublished\":\"2026-01-23T16:18:33+00:00\",\"dateModified\":\"2026-03-12T15:08:55+00:00\",\"description\":\"Beccuccio decorativo azzurro cielo in plastica da 24. Ideali per decorare torte, cupcake e dessert con precisione.\",\"breadcrumb\":{\"@id\":\"https:\/\/www.csj-emballages.com\/it\/produit\/beccuccio-decorativo-azzurro-cielo-in-plastica-da-24\/#breadcrumb\"},\"inLanguage\":\"it-IT\",\"potentialAction\":[{\"@type\":\"ReadAction\",\"target\":[\"https:\/\/www.csj-emballages.com\/it\/produit\/beccuccio-decorativo-azzurro-cielo-in-plastica-da-24\/\"]}]},{\"@type\":\"ImageObject\",\"inLanguage\":\"it-IT\",\"@id\":\"https:\/\/www.csj-emballages.com\/it\/produit\/beccuccio-decorativo-azzurro-cielo-in-plastica-da-24\/#primaryimage\",\"url\":\"https:\/\/www.csj-emballages.com\/wp-content\/uploads\/2026\/01\/45468.webp\",\"contentUrl\":\"https:\/\/www.csj-emballages.com\/wp-content\/uploads\/2026\/01\/45468.webp\",\"width\":800,\"height\":800,\"caption\":\"Douille p\u00e2tisserie\"},{\"@type\":\"BreadcrumbList\",\"@id\":\"https:\/\/www.csj-emballages.com\/it\/produit\/beccuccio-decorativo-azzurro-cielo-in-plastica-da-24\/#breadcrumb\",\"itemListElement\":[{\"@type\":\"ListItem\",\"position\":1,\"name\":\"Home\",\"item\":\"https:\/\/www.csj-emballages.com\/it\/universo-imballaggi-alimentari\/\"},{\"@type\":\"ListItem\",\"position\":2,\"name\":\"Negozio\",\"item\":\"https:\/\/www.csj-emballages.com\/it\/negozio\/\"},{\"@type\":\"ListItem\",\"position\":3,\"name\":\"Beccuccio decorativo azzurro cielo in plastica da 24\"}]},{\"@type\":\"WebSite\",\"@id\":\"https:\/\/www.csj-emballages.com\/it\/#website\",\"url\":\"https:\/\/www.csj-emballages.com\/it\/\",\"name\":\"CSJ Emballages\",\"description\":\"\",\"publisher\":{\"@id\":\"https:\/\/www.csj-emballages.com\/it\/#organization\"},\"potentialAction\":[{\"@type\":\"SearchAction\",\"target\":{\"@type\":\"EntryPoint\",\"urlTemplate\":\"https:\/\/www.csj-emballages.com\/it\/?s={search_term_string}\"},\"query-input\":{\"@type\":\"PropertyValueSpecification\",\"valueRequired\":true,\"valueName\":\"search_term_string\"}}],\"inLanguage\":\"it-IT\"},{\"@type\":\"Organization\",\"@id\":\"https:\/\/www.csj-emballages.com\/it\/#Organization\/\",\"name\":\"CSJ Emballages\",\"url\":\"https:\/\/www.csj-emballages.com\/it\/\",\"logo\":{\"@type\":\"ImageObject\",\"inLanguage\":\"it-IT\",\"@id\":\"https:\/\/www.csj-emballages.com\/it\/#\/schema\/logo\/image\/\",\"url\":\"https:\/\/www.csj-emballages.com\/wp-content\/uploads\/2023\/10\/logo_csj.webp\",\"contentUrl\":\"https:\/\/www.csj-emballages.com\/wp-content\/uploads\/2023\/10\/logo_csj.webp\",\"width\":250,\"height\":95,\"caption\":\"CSJ Emballages\"},\"image\":{\"@id\":\"https:\/\/www.csj-emballages.com\/it\/#\/schema\/logo\/image\/\"},\"sameAs\":[\"https:\/\/www.facebook.com\/csjemballages\"],\"address\":{\"@type\":\"PostalAddress\",\"streetAddress\":\"ZI La Lechere\",\"addressLocality\":\"Patornay\",\"postalCode\":\"39130\",\"addressCountry\":\"FR\"},\"contactPoint\":[{\"@type\":\"ContactPoint\",\"contactType\":\"Service client\",\"telephone\":\"0384254272\",\"email\":\"contact@csj-emballages.com\"}]}]}<\/script>\n<!-- \/ Yoast SEO Premium plugin. -->","yoast_head_json":{"title":"Beccuccio Decorativo Azzurro Cielo Plastica da 24","description":"Beccuccio decorativo azzurro cielo in plastica da 24. Ideali per decorare torte, cupcake e dessert con precisione.","robots":{"index":"index","follow":"follow","max-snippet":"max-snippet:-1","max-image-preview":"max-image-preview:large","max-video-preview":"max-video-preview:-1"},"canonical":"https:\/\/www.csj-emballages.com\/it\/produit\/beccuccio-decorativo-azzurro-cielo-in-plastica-da-24\/","og_locale":"it_IT","og_type":"article","og_title":"Beccuccio decorativo azzurro cielo in plastica da 24","og_description":"Beccuccio decorativo azzurro cielo in plastica da 24. Ideali per decorare torte, cupcake e dessert con precisione.","og_url":"https:\/\/www.csj-emballages.com\/it\/produit\/beccuccio-decorativo-azzurro-cielo-in-plastica-da-24\/","og_site_name":"CSJ Emballages","article_publisher":"https:\/\/www.facebook.com\/csjemballages","article_modified_time":"2026-03-12T15:08:55+00:00","og_image":[{"width":800,"height":800,"url":"https:\/\/www.csj-emballages.com\/wp-content\/uploads\/2026\/01\/45468.webp","type":"image\/jpeg"}],"twitter_card":"summary_large_image","twitter_misc":{"Dur\u00e9e de lecture estim\u00e9e":"1 minuto"},"schema":{"@context":"https:\/\/schema.org","@graph":[{"@type":"WebPage","@id":"https:\/\/www.csj-emballages.com\/it\/produit\/beccuccio-decorativo-azzurro-cielo-in-plastica-da-24\/","url":"https:\/\/www.csj-emballages.com\/it\/produit\/beccuccio-decorativo-azzurro-cielo-in-plastica-da-24\/","name":"Beccuccio Decorativo Azzurro Cielo Plastica da 24","isPartOf":{"@id":"https:\/\/www.csj-emballages.com\/it\/#website"},"primaryImageOfPage":{"@id":"https:\/\/www.csj-emballages.com\/it\/produit\/beccuccio-decorativo-azzurro-cielo-in-plastica-da-24\/#primaryimage"},"image":{"@id":"https:\/\/www.csj-emballages.com\/it\/produit\/beccuccio-decorativo-azzurro-cielo-in-plastica-da-24\/#primaryimage"},"thumbnailUrl":"https:\/\/www.csj-emballages.com\/wp-content\/uploads\/2026\/01\/45468.webp","datePublished":"2026-01-23T16:18:33+00:00","dateModified":"2026-03-12T15:08:55+00:00","description":"Beccuccio decorativo azzurro cielo in plastica da 24. Ideali per decorare torte, cupcake e dessert con precisione.","breadcrumb":{"@id":"https:\/\/www.csj-emballages.com\/it\/produit\/beccuccio-decorativo-azzurro-cielo-in-plastica-da-24\/#breadcrumb"},"inLanguage":"it-IT","potentialAction":[{"@type":"ReadAction","target":["https:\/\/www.csj-emballages.com\/it\/produit\/beccuccio-decorativo-azzurro-cielo-in-plastica-da-24\/"]}]},{"@type":"ImageObject","inLanguage":"it-IT","@id":"https:\/\/www.csj-emballages.com\/it\/produit\/beccuccio-decorativo-azzurro-cielo-in-plastica-da-24\/#primaryimage","url":"https:\/\/www.csj-emballages.com\/wp-content\/uploads\/2026\/01\/45468.webp","contentUrl":"https:\/\/www.csj-emballages.com\/wp-content\/uploads\/2026\/01\/45468.webp","width":800,"height":800,"caption":"Douille p\u00e2tisserie"},{"@type":"BreadcrumbList","@id":"https:\/\/www.csj-emballages.com\/it\/produit\/beccuccio-decorativo-azzurro-cielo-in-plastica-da-24\/#breadcrumb","itemListElement":[{"@type":"ListItem","position":1,"name":"Home","item":"https:\/\/www.csj-emballages.com\/it\/universo-imballaggi-alimentari\/"},{"@type":"ListItem","position":2,"name":"Negozio","item":"https:\/\/www.csj-emballages.com\/it\/negozio\/"},{"@type":"ListItem","position":3,"name":"Beccuccio decorativo azzurro cielo in plastica da 24"}]},{"@type":"WebSite","@id":"https:\/\/www.csj-emballages.com\/it\/#website","url":"https:\/\/www.csj-emballages.com\/it\/","name":"CSJ Emballages","description":"","publisher":{"@id":"https:\/\/www.csj-emballages.com\/it\/#organization"},"potentialAction":[{"@type":"SearchAction","target":{"@type":"EntryPoint","urlTemplate":"https:\/\/www.csj-emballages.com\/it\/?s={search_term_string}"},"query-input":{"@type":"PropertyValueSpecification","valueRequired":true,"valueName":"search_term_string"}}],"inLanguage":"it-IT"},{"@type":"Organization","@id":"https:\/\/www.csj-emballages.com\/it\/#Organization\/","name":"CSJ Emballages","url":"https:\/\/www.csj-emballages.com\/it\/","logo":{"@type":"ImageObject","inLanguage":"it-IT","@id":"https:\/\/www.csj-emballages.com\/it\/#\/schema\/logo\/image\/","url":"https:\/\/www.csj-emballages.com\/wp-content\/uploads\/2023\/10\/logo_csj.webp","contentUrl":"https:\/\/www.csj-emballages.com\/wp-content\/uploads\/2023\/10\/logo_csj.webp","width":250,"height":95,"caption":"CSJ Emballages"},"image":{"@id":"https:\/\/www.csj-emballages.com\/it\/#\/schema\/logo\/image\/"},"sameAs":["https:\/\/www.facebook.com\/csjemballages"],"address":{"@type":"PostalAddress","streetAddress":"ZI La Lechere","addressLocality":"Patornay","postalCode":"39130","addressCountry":"FR"},"contactPoint":[{"@type":"ContactPoint","contactType":"Service client","telephone":"0384254272","email":"contact@csj-emballages.com"}]}]}},"df_price":24.73,"df_sale_price":"","df_regular_price":24.73,"df_image_link":"https:\/\/www.csj-emballages.com\/wp-content\/uploads\/2026\/01\/45468-300x300.webp","tiered_pricing_type":"fixed","tiered_pricing_fixed_rules":[],"tiered_pricing_percentage_rules":[],"tiered_pricing_minimum":1,"tiered_pricing_roles_data":[],"_links":{"self":[{"href":"https:\/\/www.csj-emballages.com\/it\/wp-json\/wp\/v2\/product\/271955","targetHints":{"allow":["GET"]}}],"collection":[{"href":"https:\/\/www.csj-emballages.com\/it\/wp-json\/wp\/v2\/product"}],"about":[{"href":"https:\/\/www.csj-emballages.com\/it\/wp-json\/wp\/v2\/types\/product"}],"wp:featuredmedia":[{"embeddable":true,"href":"https:\/\/www.csj-emballages.com\/it\/wp-json\/wp\/v2\/media\/271959"}],"wp:attachment":[{"href":"https:\/\/www.csj-emballages.com\/it\/wp-json\/wp\/v2\/media?parent=271955"}],"wp:term":[{"taxonomy":"product_brand","embeddable":true,"href":"https:\/\/www.csj-emballages.com\/it\/wp-json\/wp\/v2\/product_brand?post=271955"},{"taxonomy":"product_cat","embeddable":true,"href":"https:\/\/www.csj-emballages.com\/it\/wp-json\/wp\/v2\/product_cat?post=271955"},{"taxonomy":"product_tag","embeddable":true,"href":"https:\/\/www.csj-emballages.com\/it\/wp-json\/wp\/v2\/product_tag?post=271955"}],"curies":[{"name":"wp","href":"https:\/\/api.w.org\/{rel}","templated":true}]}}