{"id":271908,"date":"2024-07-16T02:18:18","date_gmt":"2024-07-16T00:18:18","guid":{"rendered":"https:\/\/www.csj-emballages.com\/produit\/caraffa-in-plastica-con-manico-15-litri-riutilizzabile-pp\/"},"modified":"2026-04-04T02:11:46","modified_gmt":"2026-04-04T00:11:46","slug":"caraffa-in-plastica-con-manico-15-litri-riutilizzabile-pp","status":"publish","type":"product","link":"https:\/\/www.csj-emballages.com\/it\/produit\/caraffa-in-plastica-con-manico-15-litri-riutilizzabile-pp\/","title":{"rendered":"Caraffa in plastica con manico 1,5 litri riutilizzabile PP"},"content":{"rendered":"<h2>Caraffa in plastica con manico 1,5 litri riutilizzabile PP<\/h2>\n<hr>\n<h3>Descrizione del prodotto<\/h3>\n<p><!--more--><\/p>\n<div class=\"flex flex-grow flex-col max-w-full\">\n<div class=\"min-h-[20px] text-message flex w-full flex-col items-end gap-2 whitespace-pre-wrap break-words [.text-message+&amp;]:mt-5 overflow-x-auto\" dir=\"auto\" data-message-author-role=\"assistant\" data-message-id=\"e8eda74c-3650-4a65-bd98-4075df03a33e\">\n<div class=\"flex w-full flex-col gap-1 empty:hidden first:pt-[3px]\">\n<div class=\"markdown prose w-full break-words dark:prose-invert light\">\n<p>Scopri la nostra caraffa in plastica con manico da 1,5L, la soluzione ideale per tutte le tue bevande. Realizzata in polipropilene (PP), questa caraffa riutilizzabile unisce robustezza e leggerezza per un uso quotidiano. Il manico ergonomico assicura una presa facile e confortevole, anche quando \u00e8 piena. Inoltre, il suo design trasparente permette di vedere il contenuto a colpo d&#8217;occhio, facilitando il servizio. Perfetta per acqua, succhi, cocktail e altro ancora, si adatta a qualsiasi tavola. La sua grande capacit\u00e0 di 1,5 litri \u00e8 ideale per i pasti in famiglia o con gli amici. Grazie alla sua costruzione in PP, \u00e8 resistente agli urti e non si rompe facilmente.      <\/p>\n<p>Usala durante i tuoi picnic, barbecue o ricevimenti. Investi in questa caraffa durevole per ridurre il consumo di plastica monouso. Semplifica la tua quotidianit\u00e0 con la nostra caraffa in plastica con manico da 1,5L riutilizzabile, una scelta ecologica ed economica.  <\/p>\n<p>&nbsp;<\/p>\n<\/div>\n<\/div>\n<\/div>\n<\/div>\n<p><!--more--><\/p>\n<div class=\"flex flex-grow flex-col max-w-full\">\n<div class=\"min-h-[20px] text-message flex w-full flex-col items-end gap-2 whitespace-pre-wrap break-words [.text-message+&amp;]:mt-5 overflow-x-auto\" dir=\"auto\" data-message-author-role=\"assistant\" data-message-id=\"e8eda74c-3650-4a65-bd98-4075df03a33e\">\n<div class=\"flex w-full flex-col gap-1 empty:hidden first:pt-[3px]\">\n<div class=\"markdown prose w-full break-words dark:prose-invert light\">\n<p>Regalati qualit\u00e0 e durabilit\u00e0 con questa caraffa versatile.<\/p>\n<\/div>\n<\/div>\n<\/div>\n<\/div>\n<p>&nbsp;<\/p>\n<p><!--more--><\/p>\n<h4><strong>I loro vantaggi:<\/strong><\/h4>\n<ul>\n<li><strong>Robustezza e leggerezza: <\/strong>Realizzata in polipropilene, resiste agli urti pur essendo facile da maneggiare.<\/li>\n<li><strong>Design trasparente<\/strong>: Permette di vedere facilmente il contenuto, facilitando il servizio e la gestione delle bevande.<\/li>\n<li><strong>Grande capacit\u00e0<\/strong>: Con 1,5 litri, \u00e8 perfetta per i pasti in famiglia o gli eventi.<\/li>\n<li><strong>Versatile<\/strong>: Ideale per acqua, succhi, cocktail e molto altro, si adatta a tutte le occasioni.<\/li>\n<\/ul>\n<p>&nbsp;<\/p>\n<p><!--more--><\/p>\n<h4><strong>Altre informazioni:<\/strong><\/h4>\n<ul>\n<li>Questa caraffa \u00e8 graduata da 100 a 1400 ml<\/li>\n<\/ul>\n<p>&nbsp;<\/p>\n<p><!--more--><\/p>\n<p><a href=\"\/?product_cat=vaisselles-reutilisables\">Consulta il resto della nostra gamma di stoviglie riutilizzabili<\/a><\/p>\n","protected":false},"excerpt":{"rendered":"<p>Caraffa in plastica con manico 1,5 litri riutilizzabile PP Descrizione del prodotto<\/p>\n","protected":false},"featured_media":271910,"template":"","meta":{"_acf_changed":false},"product_brand":[],"product_cat":[10346,10761],"product_tag":[],"class_list":{"0":"post-271908","1":"product","2":"type-product","3":"status-publish","4":"has-post-thumbnail","6":"product_cat-imballaggi-alimentari","7":"product_cat-stoviglie-riutilizzabili","9":"first","10":"instock","11":"taxable","12":"shipping-taxable","13":"purchasable","14":"product-type-simple"},"acf":[],"yoast_head":"<!-- This site is optimized with the Yoast SEO Premium plugin v26.6 (Yoast SEO v26.6) - https:\/\/yoast.com\/wordpress\/plugins\/seo\/ -->\n<title>Caraffa in plastica con manico 1,5L \/ CSJ Imballaggi<\/title>\n<meta name=\"description\" content=\"Caraffa in plastica con manico 1,5L con manico ergonomico. Riutilizzabile e robusta, questa caraffa \u00e8 ideale per tutte le tue bevande!\" \/>\n<meta name=\"robots\" content=\"index, follow, max-snippet:-1, max-image-preview:large, max-video-preview:-1\" \/>\n<link rel=\"canonical\" href=\"https:\/\/www.csj-emballages.com\/it\/produit\/caraffa-in-plastica-con-manico-15-litri-riutilizzabile-pp\/\" \/>\n<meta property=\"og:locale\" content=\"it_IT\" \/>\n<meta property=\"og:type\" content=\"article\" \/>\n<meta property=\"og:title\" content=\"Caraffa in plastica con manico 1,5 litri riutilizzabile PP\" \/>\n<meta property=\"og:description\" content=\"Caraffa in plastica con manico 1,5L con manico ergonomico. Riutilizzabile e robusta, questa caraffa \u00e8 ideale per tutte le tue bevande!\" \/>\n<meta property=\"og:url\" content=\"https:\/\/www.csj-emballages.com\/it\/produit\/caraffa-in-plastica-con-manico-15-litri-riutilizzabile-pp\/\" \/>\n<meta property=\"og:site_name\" content=\"CSJ Emballages\" \/>\n<meta property=\"article:publisher\" content=\"https:\/\/www.facebook.com\/csjemballages\" \/>\n<meta property=\"article:modified_time\" content=\"2026-04-04T00:11:46+00:00\" \/>\n<meta property=\"og:image\" content=\"https:\/\/www.csj-emballages.com\/wp-content\/uploads\/2024\/07\/0ebe232d-5766-41f1-9874-9c6ca7324b69-removebg-preview-e1721655266476.png\" \/>\n\t<meta property=\"og:image:width\" content=\"300\" \/>\n\t<meta property=\"og:image:height\" content=\"301\" \/>\n\t<meta property=\"og:image:type\" content=\"image\/png\" \/>\n<meta name=\"twitter:card\" content=\"summary_large_image\" \/>\n<meta name=\"twitter:label1\" content=\"Dur\u00e9e de lecture estim\u00e9e\" \/>\n\t<meta name=\"twitter:data1\" content=\"1 minuto\" \/>\n<script type=\"application\/ld+json\" class=\"yoast-schema-graph\">{\"@context\":\"https:\/\/schema.org\",\"@graph\":[{\"@type\":\"WebPage\",\"@id\":\"https:\/\/www.csj-emballages.com\/it\/produit\/caraffa-in-plastica-con-manico-15-litri-riutilizzabile-pp\/\",\"url\":\"https:\/\/www.csj-emballages.com\/it\/produit\/caraffa-in-plastica-con-manico-15-litri-riutilizzabile-pp\/\",\"name\":\"Caraffa in plastica con manico 1,5L \/ CSJ Imballaggi\",\"isPartOf\":{\"@id\":\"https:\/\/www.csj-emballages.com\/it\/#website\"},\"primaryImageOfPage\":{\"@id\":\"https:\/\/www.csj-emballages.com\/it\/produit\/caraffa-in-plastica-con-manico-15-litri-riutilizzabile-pp\/#primaryimage\"},\"image\":{\"@id\":\"https:\/\/www.csj-emballages.com\/it\/produit\/caraffa-in-plastica-con-manico-15-litri-riutilizzabile-pp\/#primaryimage\"},\"thumbnailUrl\":\"https:\/\/www.csj-emballages.com\/wp-content\/uploads\/2024\/07\/0ebe232d-5766-41f1-9874-9c6ca7324b69-removebg-preview-e1721655266476.png\",\"datePublished\":\"2024-07-16T00:18:18+00:00\",\"dateModified\":\"2026-04-04T00:11:46+00:00\",\"description\":\"Caraffa in plastica con manico 1,5L con manico ergonomico. Riutilizzabile e robusta, questa caraffa \u00e8 ideale per tutte le tue bevande!\",\"breadcrumb\":{\"@id\":\"https:\/\/www.csj-emballages.com\/it\/produit\/caraffa-in-plastica-con-manico-15-litri-riutilizzabile-pp\/#breadcrumb\"},\"inLanguage\":\"it-IT\",\"potentialAction\":[{\"@type\":\"ReadAction\",\"target\":[\"https:\/\/www.csj-emballages.com\/it\/produit\/caraffa-in-plastica-con-manico-15-litri-riutilizzabile-pp\/\"]}]},{\"@type\":\"ImageObject\",\"inLanguage\":\"it-IT\",\"@id\":\"https:\/\/www.csj-emballages.com\/it\/produit\/caraffa-in-plastica-con-manico-15-litri-riutilizzabile-pp\/#primaryimage\",\"url\":\"https:\/\/www.csj-emballages.com\/wp-content\/uploads\/2024\/07\/0ebe232d-5766-41f1-9874-9c6ca7324b69-removebg-preview-e1721655266476.png\",\"contentUrl\":\"https:\/\/www.csj-emballages.com\/wp-content\/uploads\/2024\/07\/0ebe232d-5766-41f1-9874-9c6ca7324b69-removebg-preview-e1721655266476.png\",\"width\":300,\"height\":301,\"caption\":\"Carafe plastique avec poign\u00e9e 1.5L\"},{\"@type\":\"BreadcrumbList\",\"@id\":\"https:\/\/www.csj-emballages.com\/it\/produit\/caraffa-in-plastica-con-manico-15-litri-riutilizzabile-pp\/#breadcrumb\",\"itemListElement\":[{\"@type\":\"ListItem\",\"position\":1,\"name\":\"Home\",\"item\":\"https:\/\/www.csj-emballages.com\/it\/universo-imballaggi-alimentari\/\"},{\"@type\":\"ListItem\",\"position\":2,\"name\":\"Negozio\",\"item\":\"https:\/\/www.csj-emballages.com\/it\/negozio\/\"},{\"@type\":\"ListItem\",\"position\":3,\"name\":\"Caraffa in plastica con manico 1,5 litri riutilizzabile PP\"}]},{\"@type\":\"WebSite\",\"@id\":\"https:\/\/www.csj-emballages.com\/it\/#website\",\"url\":\"https:\/\/www.csj-emballages.com\/it\/\",\"name\":\"CSJ Emballages\",\"description\":\"\",\"publisher\":{\"@id\":\"https:\/\/www.csj-emballages.com\/it\/#organization\"},\"potentialAction\":[{\"@type\":\"SearchAction\",\"target\":{\"@type\":\"EntryPoint\",\"urlTemplate\":\"https:\/\/www.csj-emballages.com\/it\/?s={search_term_string}\"},\"query-input\":{\"@type\":\"PropertyValueSpecification\",\"valueRequired\":true,\"valueName\":\"search_term_string\"}}],\"inLanguage\":\"it-IT\"},{\"@type\":\"Organization\",\"@id\":\"https:\/\/www.csj-emballages.com\/it\/#Organization\/\",\"name\":\"CSJ Emballages\",\"url\":\"https:\/\/www.csj-emballages.com\/it\/\",\"logo\":{\"@type\":\"ImageObject\",\"inLanguage\":\"it-IT\",\"@id\":\"https:\/\/www.csj-emballages.com\/it\/#\/schema\/logo\/image\/\",\"url\":\"https:\/\/www.csj-emballages.com\/wp-content\/uploads\/2023\/10\/logo_csj.webp\",\"contentUrl\":\"https:\/\/www.csj-emballages.com\/wp-content\/uploads\/2023\/10\/logo_csj.webp\",\"width\":250,\"height\":95,\"caption\":\"CSJ Emballages\"},\"image\":{\"@id\":\"https:\/\/www.csj-emballages.com\/it\/#\/schema\/logo\/image\/\"},\"sameAs\":[\"https:\/\/www.facebook.com\/csjemballages\"],\"address\":{\"@type\":\"PostalAddress\",\"streetAddress\":\"ZI La Lechere\",\"addressLocality\":\"Patornay\",\"postalCode\":\"39130\",\"addressCountry\":\"FR\"},\"contactPoint\":[{\"@type\":\"ContactPoint\",\"contactType\":\"Service client\",\"telephone\":\"0384254272\",\"email\":\"contact@csj-emballages.com\"}]}]}<\/script>\n<!-- \/ Yoast SEO Premium plugin. -->","yoast_head_json":{"title":"Caraffa in plastica con manico 1,5L \/ CSJ Imballaggi","description":"Caraffa in plastica con manico 1,5L con manico ergonomico. Riutilizzabile e robusta, questa caraffa \u00e8 ideale per tutte le tue bevande!","robots":{"index":"index","follow":"follow","max-snippet":"max-snippet:-1","max-image-preview":"max-image-preview:large","max-video-preview":"max-video-preview:-1"},"canonical":"https:\/\/www.csj-emballages.com\/it\/produit\/caraffa-in-plastica-con-manico-15-litri-riutilizzabile-pp\/","og_locale":"it_IT","og_type":"article","og_title":"Caraffa in plastica con manico 1,5 litri riutilizzabile PP","og_description":"Caraffa in plastica con manico 1,5L con manico ergonomico. Riutilizzabile e robusta, questa caraffa \u00e8 ideale per tutte le tue bevande!","og_url":"https:\/\/www.csj-emballages.com\/it\/produit\/caraffa-in-plastica-con-manico-15-litri-riutilizzabile-pp\/","og_site_name":"CSJ Emballages","article_publisher":"https:\/\/www.facebook.com\/csjemballages","article_modified_time":"2026-04-04T00:11:46+00:00","og_image":[{"width":300,"height":301,"url":"https:\/\/www.csj-emballages.com\/wp-content\/uploads\/2024\/07\/0ebe232d-5766-41f1-9874-9c6ca7324b69-removebg-preview-e1721655266476.png","type":"image\/png"}],"twitter_card":"summary_large_image","twitter_misc":{"Dur\u00e9e de lecture estim\u00e9e":"1 minuto"},"schema":{"@context":"https:\/\/schema.org","@graph":[{"@type":"WebPage","@id":"https:\/\/www.csj-emballages.com\/it\/produit\/caraffa-in-plastica-con-manico-15-litri-riutilizzabile-pp\/","url":"https:\/\/www.csj-emballages.com\/it\/produit\/caraffa-in-plastica-con-manico-15-litri-riutilizzabile-pp\/","name":"Caraffa in plastica con manico 1,5L \/ CSJ Imballaggi","isPartOf":{"@id":"https:\/\/www.csj-emballages.com\/it\/#website"},"primaryImageOfPage":{"@id":"https:\/\/www.csj-emballages.com\/it\/produit\/caraffa-in-plastica-con-manico-15-litri-riutilizzabile-pp\/#primaryimage"},"image":{"@id":"https:\/\/www.csj-emballages.com\/it\/produit\/caraffa-in-plastica-con-manico-15-litri-riutilizzabile-pp\/#primaryimage"},"thumbnailUrl":"https:\/\/www.csj-emballages.com\/wp-content\/uploads\/2024\/07\/0ebe232d-5766-41f1-9874-9c6ca7324b69-removebg-preview-e1721655266476.png","datePublished":"2024-07-16T00:18:18+00:00","dateModified":"2026-04-04T00:11:46+00:00","description":"Caraffa in plastica con manico 1,5L con manico ergonomico. Riutilizzabile e robusta, questa caraffa \u00e8 ideale per tutte le tue bevande!","breadcrumb":{"@id":"https:\/\/www.csj-emballages.com\/it\/produit\/caraffa-in-plastica-con-manico-15-litri-riutilizzabile-pp\/#breadcrumb"},"inLanguage":"it-IT","potentialAction":[{"@type":"ReadAction","target":["https:\/\/www.csj-emballages.com\/it\/produit\/caraffa-in-plastica-con-manico-15-litri-riutilizzabile-pp\/"]}]},{"@type":"ImageObject","inLanguage":"it-IT","@id":"https:\/\/www.csj-emballages.com\/it\/produit\/caraffa-in-plastica-con-manico-15-litri-riutilizzabile-pp\/#primaryimage","url":"https:\/\/www.csj-emballages.com\/wp-content\/uploads\/2024\/07\/0ebe232d-5766-41f1-9874-9c6ca7324b69-removebg-preview-e1721655266476.png","contentUrl":"https:\/\/www.csj-emballages.com\/wp-content\/uploads\/2024\/07\/0ebe232d-5766-41f1-9874-9c6ca7324b69-removebg-preview-e1721655266476.png","width":300,"height":301,"caption":"Carafe plastique avec poign\u00e9e 1.5L"},{"@type":"BreadcrumbList","@id":"https:\/\/www.csj-emballages.com\/it\/produit\/caraffa-in-plastica-con-manico-15-litri-riutilizzabile-pp\/#breadcrumb","itemListElement":[{"@type":"ListItem","position":1,"name":"Home","item":"https:\/\/www.csj-emballages.com\/it\/universo-imballaggi-alimentari\/"},{"@type":"ListItem","position":2,"name":"Negozio","item":"https:\/\/www.csj-emballages.com\/it\/negozio\/"},{"@type":"ListItem","position":3,"name":"Caraffa in plastica con manico 1,5 litri riutilizzabile PP"}]},{"@type":"WebSite","@id":"https:\/\/www.csj-emballages.com\/it\/#website","url":"https:\/\/www.csj-emballages.com\/it\/","name":"CSJ Emballages","description":"","publisher":{"@id":"https:\/\/www.csj-emballages.com\/it\/#organization"},"potentialAction":[{"@type":"SearchAction","target":{"@type":"EntryPoint","urlTemplate":"https:\/\/www.csj-emballages.com\/it\/?s={search_term_string}"},"query-input":{"@type":"PropertyValueSpecification","valueRequired":true,"valueName":"search_term_string"}}],"inLanguage":"it-IT"},{"@type":"Organization","@id":"https:\/\/www.csj-emballages.com\/it\/#Organization\/","name":"CSJ Emballages","url":"https:\/\/www.csj-emballages.com\/it\/","logo":{"@type":"ImageObject","inLanguage":"it-IT","@id":"https:\/\/www.csj-emballages.com\/it\/#\/schema\/logo\/image\/","url":"https:\/\/www.csj-emballages.com\/wp-content\/uploads\/2023\/10\/logo_csj.webp","contentUrl":"https:\/\/www.csj-emballages.com\/wp-content\/uploads\/2023\/10\/logo_csj.webp","width":250,"height":95,"caption":"CSJ Emballages"},"image":{"@id":"https:\/\/www.csj-emballages.com\/it\/#\/schema\/logo\/image\/"},"sameAs":["https:\/\/www.facebook.com\/csjemballages"],"address":{"@type":"PostalAddress","streetAddress":"ZI La Lechere","addressLocality":"Patornay","postalCode":"39130","addressCountry":"FR"},"contactPoint":[{"@type":"ContactPoint","contactType":"Service client","telephone":"0384254272","email":"contact@csj-emballages.com"}]}]}},"df_price":1.44,"df_sale_price":"","df_regular_price":1.44,"df_image_link":"https:\/\/www.csj-emballages.com\/wp-content\/uploads\/2024\/07\/0ebe232d-5766-41f1-9874-9c6ca7324b69-removebg-preview-300x300.png","tiered_pricing_type":"fixed","tiered_pricing_fixed_rules":[],"tiered_pricing_percentage_rules":[],"tiered_pricing_minimum":1,"tiered_pricing_roles_data":[],"_links":{"self":[{"href":"https:\/\/www.csj-emballages.com\/it\/wp-json\/wp\/v2\/product\/271908","targetHints":{"allow":["GET"]}}],"collection":[{"href":"https:\/\/www.csj-emballages.com\/it\/wp-json\/wp\/v2\/product"}],"about":[{"href":"https:\/\/www.csj-emballages.com\/it\/wp-json\/wp\/v2\/types\/product"}],"wp:featuredmedia":[{"embeddable":true,"href":"https:\/\/www.csj-emballages.com\/it\/wp-json\/wp\/v2\/media\/271910"}],"wp:attachment":[{"href":"https:\/\/www.csj-emballages.com\/it\/wp-json\/wp\/v2\/media?parent=271908"}],"wp:term":[{"taxonomy":"product_brand","embeddable":true,"href":"https:\/\/www.csj-emballages.com\/it\/wp-json\/wp\/v2\/product_brand?post=271908"},{"taxonomy":"product_cat","embeddable":true,"href":"https:\/\/www.csj-emballages.com\/it\/wp-json\/wp\/v2\/product_cat?post=271908"},{"taxonomy":"product_tag","embeddable":true,"href":"https:\/\/www.csj-emballages.com\/it\/wp-json\/wp\/v2\/product_tag?post=271908"}],"curies":[{"name":"wp","href":"https:\/\/api.w.org\/{rel}","templated":true}]}}