{"id":271846,"date":"2026-02-18T12:18:22","date_gmt":"2026-02-18T11:18:22","guid":{"rendered":"https:\/\/www.csj-emballages.com\/produit\/bicchiere-ecocup-trasparente-28-cl-non-graduato-da-24\/"},"modified":"2026-03-12T16:23:56","modified_gmt":"2026-03-12T15:23:56","slug":"bicchiere-ecocup-trasparente-28-cl-non-graduato-da-24","status":"publish","type":"product","link":"https:\/\/www.csj-emballages.com\/it\/produit\/bicchiere-ecocup-trasparente-28-cl-non-graduato-da-24\/","title":{"rendered":"Bicchiere ecocup trasparente 28 cl non graduato da 24"},"content":{"rendered":"<h2>Bicchiere ecocup<\/h2>\n<hr>\n<h3>Bicchiere ecocup trasparente 28 cl non graduato da 24<\/h3>\n<p><!--more--><\/p>\n<p data-start=\"70\" data-end=\"420\">I <strong>bicchieri ecocup trasparenti da 28 cl<\/strong> sono un prodotto eccellente per eventi, festival o punti ristoro e locali. Innanzitutto, riutilizzabili e resistenti, sostituiscono efficacemente i <strong>bicchieri usa e getta<\/strong> durante manifestazioni occasionali o utilizzi regolari. <\/p>\n<p data-start=\"422\" data-end=\"727\">Infatti, con la loro <strong>capacit\u00e0 di 28 cl<\/strong>, sono perfetti per <strong>bevande fredde<\/strong> come <strong>bibite, succhi, birre, cocktail o acque aromatizzate<\/strong>. La loro finitura trasparente leggermente opaca offre un aspetto sobrio e versatile, adatto a tutti i tipi di eventi: sportivi, culturali, privati o professionali. <\/p>\n<p data-start=\"729\" data-end=\"1062\">Allo stesso modo<strong>, non graduati<\/strong>, questi <strong>bicchieri ecocup<\/strong> lasciano totale libert\u00e0 di utilizzo e sono particolarmente adatti alle strutture che desiderano gestire autonomamente i propri volumi di servizio. Il loro materiale robusto consente molteplici riutilizzi senza rompersi n\u00e9 deformarsi, garantendo cos\u00ec un eccellente rapporto qualit\u00e0\/prezzo nel lungo termine. <\/p>\n<p data-start=\"1064\" data-end=\"1324\">Facili da pulire e da conservare, si integrano perfettamente in un <strong>approccio ecoresponsabile<\/strong> limitando i rifiuti. Inoltre, confezionati in <strong>24 unit\u00e0<\/strong>, rappresentano un formato pratico sia per le piccole strutture che per gli eventi su larga scala. <\/p>\n<p data-start=\"1064\" data-end=\"1324\"><!--more--><\/p>\n<h4>Vantaggi:<\/h4>\n<ul>\n<li data-start=\"1359\" data-end=\"1392\">Capacit\u00e0 versatile di <strong>28 cl<\/strong>.<\/li>\n<li data-start=\"1395\" data-end=\"1422\">Riutilizzabile e resistente.<\/li>\n<li data-start=\"1425\" data-end=\"1457\">Alternativa sostenibile all&#8217;usa e getta.<\/li>\n<li data-start=\"1460\" data-end=\"1509\">Finitura trasparente (<strong>opaca<\/strong>) sobria e moderna.<\/li>\n<li data-start=\"1512\" data-end=\"1553\">Non graduato per un utilizzo flessibile.<\/li>\n<li data-start=\"1556\" data-end=\"1602\">Ideale per eventi, festival e punti ristoro.<\/li>\n<li data-start=\"1605\" data-end=\"1638\">Confezione pratica <strong>da 24<\/strong>.<\/li>\n<\/ul>\n<p>&nbsp;<\/p>\n<p><!--more--><\/p>\n<h4>Altre informazioni:<\/h4>\n<ul>\n<li><strong>Confezione: <\/strong>Pacchetto da 24<\/li>\n<li><strong>Volume: <\/strong>28 cl<\/li>\n<li><strong>Diametro inferiore:<\/strong> 52 mm<\/li>\n<li><strong>Diametro superiore: <\/strong>70 mm<\/li>\n<li><strong>Altezza<\/strong>: 102 mm<\/li>\n<li><strong>Colore: <\/strong>Trasparente \/ Opaco<\/li>\n<li><strong>Materiale: <\/strong>Polipropilene<\/li>\n<\/ul>\n<p>&nbsp;<\/p>\n<p><!--more--><\/p>\n<p>Questi bicchieri sono disponibili anche in bianco: <span style=\"color: #d12727;\"><a style=\"color: #d12727;\" href=\"https:\/\/www.csj-emballages.com\/it\/produit\/bicchiere-ecocup-bianco-28-cl-non-graduato-da-24\/\">ECO2<\/a><\/span><\/p>\n<p>&nbsp;<\/p>\n<p><!--more--><\/p>\n<p><a href=\"https:\/\/www.csj-emballages.com\/it\/categorie-produit\/imballaggi-alimentari\/stoviglie-riutilizzabili\/\">Consulta il resto della nostra gamma di stoviglie riutilizzabili<\/a><\/p>\n","protected":false},"excerpt":{"rendered":"<p>Bicchiere ecocup Bicchiere ecocup trasparente 28 cl non graduato da 24<\/p>\n","protected":false},"featured_media":271850,"template":"","meta":{"_acf_changed":false},"product_brand":[],"product_cat":[10346,10375,10409,10685,10761],"product_tag":[],"class_list":{"0":"post-271846","1":"product","2":"type-product","3":"status-publish","4":"has-post-thumbnail","6":"product_cat-imballaggi-alimentari","7":"product_cat-ristorazione","8":"product_cat-bicchieri-calici-bottiglie","9":"product_cat-bicchieri-riutilizzabili-infrangibili","10":"product_cat-stoviglie-riutilizzabili","12":"first","13":"outofstock","14":"taxable","15":"shipping-taxable","16":"purchasable","17":"product-type-simple"},"acf":[],"yoast_head":"<!-- This site is optimized with the Yoast SEO Premium plugin v26.6 (Yoast SEO v26.6) - https:\/\/yoast.com\/wordpress\/plugins\/seo\/ -->\n<title>Bicchiere Ecocup<\/title>\n<meta name=\"description\" content=\"Bicchiere ecocup trasparente opaco 28 cl non graduato, riutilizzabile e resistente. Ideale per eventi, festival e punti ristoro. Lotto da 24 unit\u00e0.\" \/>\n<meta name=\"robots\" content=\"index, follow, max-snippet:-1, max-image-preview:large, max-video-preview:-1\" \/>\n<link rel=\"canonical\" href=\"https:\/\/www.csj-emballages.com\/it\/produit\/bicchiere-ecocup-trasparente-28-cl-non-graduato-da-24\/\" \/>\n<meta property=\"og:locale\" content=\"it_IT\" \/>\n<meta property=\"og:type\" content=\"article\" \/>\n<meta property=\"og:title\" content=\"Bicchiere ecocup trasparente 28 cl non graduato da 24\" \/>\n<meta property=\"og:description\" content=\"Bicchiere ecocup trasparente opaco 28 cl non graduato, riutilizzabile e resistente. Ideale per eventi, festival e punti ristoro. Lotto da 24 unit\u00e0.\" \/>\n<meta property=\"og:url\" content=\"https:\/\/www.csj-emballages.com\/it\/produit\/bicchiere-ecocup-trasparente-28-cl-non-graduato-da-24\/\" \/>\n<meta property=\"og:site_name\" content=\"CSJ Emballages\" \/>\n<meta property=\"article:publisher\" content=\"https:\/\/www.facebook.com\/csjemballages\" \/>\n<meta property=\"article:modified_time\" content=\"2026-03-12T15:23:56+00:00\" \/>\n<meta property=\"og:image\" content=\"https:\/\/www.csj-emballages.com\/wp-content\/uploads\/2026\/02\/ECO1.webp\" \/>\n\t<meta property=\"og:image:width\" content=\"800\" \/>\n\t<meta property=\"og:image:height\" content=\"800\" \/>\n\t<meta property=\"og:image:type\" content=\"image\/webp\" \/>\n<meta name=\"twitter:card\" content=\"summary_large_image\" \/>\n<meta name=\"twitter:label1\" content=\"Dur\u00e9e de lecture estim\u00e9e\" \/>\n\t<meta name=\"twitter:data1\" content=\"1 minuto\" \/>\n<script type=\"application\/ld+json\" class=\"yoast-schema-graph\">{\"@context\":\"https:\/\/schema.org\",\"@graph\":[{\"@type\":\"WebPage\",\"@id\":\"https:\/\/www.csj-emballages.com\/it\/produit\/bicchiere-ecocup-trasparente-28-cl-non-graduato-da-24\/\",\"url\":\"https:\/\/www.csj-emballages.com\/it\/produit\/bicchiere-ecocup-trasparente-28-cl-non-graduato-da-24\/\",\"name\":\"Bicchiere Ecocup\",\"isPartOf\":{\"@id\":\"https:\/\/www.csj-emballages.com\/it\/#website\"},\"primaryImageOfPage\":{\"@id\":\"https:\/\/www.csj-emballages.com\/it\/produit\/bicchiere-ecocup-trasparente-28-cl-non-graduato-da-24\/#primaryimage\"},\"image\":{\"@id\":\"https:\/\/www.csj-emballages.com\/it\/produit\/bicchiere-ecocup-trasparente-28-cl-non-graduato-da-24\/#primaryimage\"},\"thumbnailUrl\":\"https:\/\/www.csj-emballages.com\/wp-content\/uploads\/2026\/02\/ECO1.webp\",\"datePublished\":\"2026-02-18T11:18:22+00:00\",\"dateModified\":\"2026-03-12T15:23:56+00:00\",\"description\":\"Bicchiere ecocup trasparente opaco 28 cl non graduato, riutilizzabile e resistente. Ideale per eventi, festival e punti ristoro. Lotto da 24 unit\u00e0.\",\"breadcrumb\":{\"@id\":\"https:\/\/www.csj-emballages.com\/it\/produit\/bicchiere-ecocup-trasparente-28-cl-non-graduato-da-24\/#breadcrumb\"},\"inLanguage\":\"it-IT\",\"potentialAction\":[{\"@type\":\"ReadAction\",\"target\":[\"https:\/\/www.csj-emballages.com\/it\/produit\/bicchiere-ecocup-trasparente-28-cl-non-graduato-da-24\/\"]}]},{\"@type\":\"ImageObject\",\"inLanguage\":\"it-IT\",\"@id\":\"https:\/\/www.csj-emballages.com\/it\/produit\/bicchiere-ecocup-trasparente-28-cl-non-graduato-da-24\/#primaryimage\",\"url\":\"https:\/\/www.csj-emballages.com\/wp-content\/uploads\/2026\/02\/ECO1.webp\",\"contentUrl\":\"https:\/\/www.csj-emballages.com\/wp-content\/uploads\/2026\/02\/ECO1.webp\",\"width\":800,\"height\":800,\"caption\":\"Gobelets \u00e9cocup\"},{\"@type\":\"BreadcrumbList\",\"@id\":\"https:\/\/www.csj-emballages.com\/it\/produit\/bicchiere-ecocup-trasparente-28-cl-non-graduato-da-24\/#breadcrumb\",\"itemListElement\":[{\"@type\":\"ListItem\",\"position\":1,\"name\":\"Home\",\"item\":\"https:\/\/www.csj-emballages.com\/it\/universo-imballaggi-alimentari\/\"},{\"@type\":\"ListItem\",\"position\":2,\"name\":\"Negozio\",\"item\":\"https:\/\/www.csj-emballages.com\/it\/negozio\/\"},{\"@type\":\"ListItem\",\"position\":3,\"name\":\"Bicchiere ecocup trasparente 28 cl non graduato da 24\"}]},{\"@type\":\"WebSite\",\"@id\":\"https:\/\/www.csj-emballages.com\/it\/#website\",\"url\":\"https:\/\/www.csj-emballages.com\/it\/\",\"name\":\"CSJ Emballages\",\"description\":\"\",\"publisher\":{\"@id\":\"https:\/\/www.csj-emballages.com\/it\/#organization\"},\"potentialAction\":[{\"@type\":\"SearchAction\",\"target\":{\"@type\":\"EntryPoint\",\"urlTemplate\":\"https:\/\/www.csj-emballages.com\/it\/?s={search_term_string}\"},\"query-input\":{\"@type\":\"PropertyValueSpecification\",\"valueRequired\":true,\"valueName\":\"search_term_string\"}}],\"inLanguage\":\"it-IT\"},{\"@type\":\"Organization\",\"@id\":\"https:\/\/www.csj-emballages.com\/it\/#Organization\/\",\"name\":\"CSJ Emballages\",\"url\":\"https:\/\/www.csj-emballages.com\/it\/\",\"logo\":{\"@type\":\"ImageObject\",\"inLanguage\":\"it-IT\",\"@id\":\"https:\/\/www.csj-emballages.com\/it\/#\/schema\/logo\/image\/\",\"url\":\"https:\/\/www.csj-emballages.com\/wp-content\/uploads\/2023\/10\/logo_csj.webp\",\"contentUrl\":\"https:\/\/www.csj-emballages.com\/wp-content\/uploads\/2023\/10\/logo_csj.webp\",\"width\":250,\"height\":95,\"caption\":\"CSJ Emballages\"},\"image\":{\"@id\":\"https:\/\/www.csj-emballages.com\/it\/#\/schema\/logo\/image\/\"},\"sameAs\":[\"https:\/\/www.facebook.com\/csjemballages\"],\"address\":{\"@type\":\"PostalAddress\",\"streetAddress\":\"ZI La Lechere\",\"addressLocality\":\"Patornay\",\"postalCode\":\"39130\",\"addressCountry\":\"FR\"},\"contactPoint\":[{\"@type\":\"ContactPoint\",\"contactType\":\"Service client\",\"telephone\":\"0384254272\",\"email\":\"contact@csj-emballages.com\"}]}]}<\/script>\n<!-- \/ Yoast SEO Premium plugin. -->","yoast_head_json":{"title":"Bicchiere Ecocup","description":"Bicchiere ecocup trasparente opaco 28 cl non graduato, riutilizzabile e resistente. Ideale per eventi, festival e punti ristoro. Lotto da 24 unit\u00e0.","robots":{"index":"index","follow":"follow","max-snippet":"max-snippet:-1","max-image-preview":"max-image-preview:large","max-video-preview":"max-video-preview:-1"},"canonical":"https:\/\/www.csj-emballages.com\/it\/produit\/bicchiere-ecocup-trasparente-28-cl-non-graduato-da-24\/","og_locale":"it_IT","og_type":"article","og_title":"Bicchiere ecocup trasparente 28 cl non graduato da 24","og_description":"Bicchiere ecocup trasparente opaco 28 cl non graduato, riutilizzabile e resistente. Ideale per eventi, festival e punti ristoro. Lotto da 24 unit\u00e0.","og_url":"https:\/\/www.csj-emballages.com\/it\/produit\/bicchiere-ecocup-trasparente-28-cl-non-graduato-da-24\/","og_site_name":"CSJ Emballages","article_publisher":"https:\/\/www.facebook.com\/csjemballages","article_modified_time":"2026-03-12T15:23:56+00:00","og_image":[{"width":800,"height":800,"url":"https:\/\/www.csj-emballages.com\/wp-content\/uploads\/2026\/02\/ECO1.webp","type":"image\/webp"}],"twitter_card":"summary_large_image","twitter_misc":{"Dur\u00e9e de lecture estim\u00e9e":"1 minuto"},"schema":{"@context":"https:\/\/schema.org","@graph":[{"@type":"WebPage","@id":"https:\/\/www.csj-emballages.com\/it\/produit\/bicchiere-ecocup-trasparente-28-cl-non-graduato-da-24\/","url":"https:\/\/www.csj-emballages.com\/it\/produit\/bicchiere-ecocup-trasparente-28-cl-non-graduato-da-24\/","name":"Bicchiere Ecocup","isPartOf":{"@id":"https:\/\/www.csj-emballages.com\/it\/#website"},"primaryImageOfPage":{"@id":"https:\/\/www.csj-emballages.com\/it\/produit\/bicchiere-ecocup-trasparente-28-cl-non-graduato-da-24\/#primaryimage"},"image":{"@id":"https:\/\/www.csj-emballages.com\/it\/produit\/bicchiere-ecocup-trasparente-28-cl-non-graduato-da-24\/#primaryimage"},"thumbnailUrl":"https:\/\/www.csj-emballages.com\/wp-content\/uploads\/2026\/02\/ECO1.webp","datePublished":"2026-02-18T11:18:22+00:00","dateModified":"2026-03-12T15:23:56+00:00","description":"Bicchiere ecocup trasparente opaco 28 cl non graduato, riutilizzabile e resistente. Ideale per eventi, festival e punti ristoro. Lotto da 24 unit\u00e0.","breadcrumb":{"@id":"https:\/\/www.csj-emballages.com\/it\/produit\/bicchiere-ecocup-trasparente-28-cl-non-graduato-da-24\/#breadcrumb"},"inLanguage":"it-IT","potentialAction":[{"@type":"ReadAction","target":["https:\/\/www.csj-emballages.com\/it\/produit\/bicchiere-ecocup-trasparente-28-cl-non-graduato-da-24\/"]}]},{"@type":"ImageObject","inLanguage":"it-IT","@id":"https:\/\/www.csj-emballages.com\/it\/produit\/bicchiere-ecocup-trasparente-28-cl-non-graduato-da-24\/#primaryimage","url":"https:\/\/www.csj-emballages.com\/wp-content\/uploads\/2026\/02\/ECO1.webp","contentUrl":"https:\/\/www.csj-emballages.com\/wp-content\/uploads\/2026\/02\/ECO1.webp","width":800,"height":800,"caption":"Gobelets \u00e9cocup"},{"@type":"BreadcrumbList","@id":"https:\/\/www.csj-emballages.com\/it\/produit\/bicchiere-ecocup-trasparente-28-cl-non-graduato-da-24\/#breadcrumb","itemListElement":[{"@type":"ListItem","position":1,"name":"Home","item":"https:\/\/www.csj-emballages.com\/it\/universo-imballaggi-alimentari\/"},{"@type":"ListItem","position":2,"name":"Negozio","item":"https:\/\/www.csj-emballages.com\/it\/negozio\/"},{"@type":"ListItem","position":3,"name":"Bicchiere ecocup trasparente 28 cl non graduato da 24"}]},{"@type":"WebSite","@id":"https:\/\/www.csj-emballages.com\/it\/#website","url":"https:\/\/www.csj-emballages.com\/it\/","name":"CSJ Emballages","description":"","publisher":{"@id":"https:\/\/www.csj-emballages.com\/it\/#organization"},"potentialAction":[{"@type":"SearchAction","target":{"@type":"EntryPoint","urlTemplate":"https:\/\/www.csj-emballages.com\/it\/?s={search_term_string}"},"query-input":{"@type":"PropertyValueSpecification","valueRequired":true,"valueName":"search_term_string"}}],"inLanguage":"it-IT"},{"@type":"Organization","@id":"https:\/\/www.csj-emballages.com\/it\/#Organization\/","name":"CSJ Emballages","url":"https:\/\/www.csj-emballages.com\/it\/","logo":{"@type":"ImageObject","inLanguage":"it-IT","@id":"https:\/\/www.csj-emballages.com\/it\/#\/schema\/logo\/image\/","url":"https:\/\/www.csj-emballages.com\/wp-content\/uploads\/2023\/10\/logo_csj.webp","contentUrl":"https:\/\/www.csj-emballages.com\/wp-content\/uploads\/2023\/10\/logo_csj.webp","width":250,"height":95,"caption":"CSJ Emballages"},"image":{"@id":"https:\/\/www.csj-emballages.com\/it\/#\/schema\/logo\/image\/"},"sameAs":["https:\/\/www.facebook.com\/csjemballages"],"address":{"@type":"PostalAddress","streetAddress":"ZI La Lechere","addressLocality":"Patornay","postalCode":"39130","addressCountry":"FR"},"contactPoint":[{"@type":"ContactPoint","contactType":"Service client","telephone":"0384254272","email":"contact@csj-emballages.com"}]}]}},"df_price":6.65,"df_sale_price":"","df_regular_price":6.65,"df_image_link":"https:\/\/www.csj-emballages.com\/wp-content\/uploads\/2026\/02\/ECO1-300x300.webp","tiered_pricing_type":"fixed","tiered_pricing_fixed_rules":[],"tiered_pricing_percentage_rules":[],"tiered_pricing_minimum":1,"tiered_pricing_roles_data":[],"_links":{"self":[{"href":"https:\/\/www.csj-emballages.com\/it\/wp-json\/wp\/v2\/product\/271846","targetHints":{"allow":["GET"]}}],"collection":[{"href":"https:\/\/www.csj-emballages.com\/it\/wp-json\/wp\/v2\/product"}],"about":[{"href":"https:\/\/www.csj-emballages.com\/it\/wp-json\/wp\/v2\/types\/product"}],"wp:featuredmedia":[{"embeddable":true,"href":"https:\/\/www.csj-emballages.com\/it\/wp-json\/wp\/v2\/media\/271850"}],"wp:attachment":[{"href":"https:\/\/www.csj-emballages.com\/it\/wp-json\/wp\/v2\/media?parent=271846"}],"wp:term":[{"taxonomy":"product_brand","embeddable":true,"href":"https:\/\/www.csj-emballages.com\/it\/wp-json\/wp\/v2\/product_brand?post=271846"},{"taxonomy":"product_cat","embeddable":true,"href":"https:\/\/www.csj-emballages.com\/it\/wp-json\/wp\/v2\/product_cat?post=271846"},{"taxonomy":"product_tag","embeddable":true,"href":"https:\/\/www.csj-emballages.com\/it\/wp-json\/wp\/v2\/product_tag?post=271846"}],"curies":[{"name":"wp","href":"https:\/\/api.w.org\/{rel}","templated":true}]}}