{"id":271815,"date":"2024-08-27T02:18:19","date_gmt":"2024-08-27T00:18:19","guid":{"rendered":"https:\/\/www.csj-emballages.com\/produit\/pinza-per-nastri\/"},"modified":"2026-03-12T16:32:30","modified_gmt":"2026-03-12T15:32:30","slug":"pinza-per-nastri","status":"publish","type":"product","link":"https:\/\/www.csj-emballages.com\/it\/produit\/pinza-per-nastri\/","title":{"rendered":"Pinza per nastri"},"content":{"rendered":"<h2><strong style=\"font-family: Roboto, sans-serif;\">Pinza per nastri<\/strong><\/h2>\n<div style=\"box-sizing: inherit; font-family: Roboto, sans-serif;\">\n<div style=\"box-sizing: inherit; font-family: Roboto, sans-serif;\">\n<div style=\"box-sizing: inherit; font-family: Roboto, sans-serif;\">\n<div style=\"text-align: center;\">\n<div style=\"box-sizing: inherit; font-family: Roboto, sans-serif;\">\n<div style=\"box-sizing: inherit; font-family: Roboto, sans-serif;\">\n<div style=\"box-sizing: inherit; font-family: Roboto, sans-serif;\">\n<div style=\"box-sizing: inherit; font-family: Roboto, sans-serif;\">\n<div style=\"box-sizing: inherit; font-family: Roboto, sans-serif;\">\n<div style=\"box-sizing: inherit; font-family: Roboto, sans-serif; text-align: left;\">\n<hr>\n<h3 style=\"text-align: left;\">Descrizione della nostra pinza sfilacciatrice per nastri<\/h3>\n<p><!--more--><\/p>\n<p>Scopri la nostra <strong>pinza per nastri<\/strong>, lo strumento essenziale per personalizzare i tuoi pacchetti regalo con eleganza. Progettata per sfilacciare il bolduc, permette di creare effetti visivi sorprendenti. Il suo design ergonomico garantisce un&#8217;impugnatura comoda, anche durante lunghe sessioni di confezionamento. Realizzata in plastica robusta, \u00e8 al contempo resistente e leggera.   <\/p>\n<p>Grazie alla funzione di taglio integrata, puoi tagliare facilmente il nastro alla lunghezza desiderata. In un batter d&#8217;occhio, trasformerai semplici nastri in splendidi riccioli. Questo strumento \u00e8 perfetto per tutti, che tu sia un esperto o un principiante.  <\/p>\n<p>Facile da riporre, trova posto in un cassetto o sulla scrivania. L&#8217;ottimo rapporto qualit\u00e0-prezzo la rende un must per gli appassionati di decorazione. Usala per i tuoi eventi, che sia per Natale o per i compleanni.  <\/p>\n<p>In pi\u00f9, questa <strong>pinza<\/strong> \u00e8 ideale per personalizzare i regali dei tuoi cari. Provala e aggiungi un tocco di creativit\u00e0 ai tuoi nastri. Non aspettare oltre per abbellire le tue creazioni con stile e semplicit\u00e0!  <\/p>\n<p>Infine, l&#8217;eccellente rapporto qualit\u00e0-prezzo la rende una scelta saggia. \u00c8 accessibile a tutti, senza scendere a compromessi sulla qualit\u00e0. Scegli la nostra pinza per nastri e trasforma i tuoi imballaggi in vere opere d&#8217;arte, approfittando della sua praticit\u00e0 ed efficacia  <\/p>\n<p>&nbsp;<\/p>\n<\/div>\n<\/div>\n<\/div>\n<\/div>\n<\/div>\n<\/div>\n<\/div>\n<\/div>\n<\/div>\n<\/div>\n<p><!--more--><\/p>\n<p style=\"text-align: left;\"><strong>I vantaggi della nostra pinza per nastri:<\/strong><\/p>\n<ul style=\"text-align: left;\">\n<li><strong>Sfilacciatura precisa:<\/strong> sfilaccia il nastro con precisione per creare splendidi riccioli in un istante.<\/li>\n<li><strong>Utilizzo intuitivo:<\/strong> progettata per essere semplice da usare, anche per i principianti, garantendo risultati professionali in poco tempo.<\/li>\n<li><strong>Versatilit\u00e0:<\/strong> perfetta per ogni occasione, che sia Natale, compleanni o altri eventi speciali.<\/li>\n<li><strong>Durata:<\/strong> realizzata in plastica, \u00e8 resistente e ideale per numerosi progetti di confezionamento.<\/li>\n<\/ul>\n<p>&nbsp;<\/p>\n<p style=\"text-align: left;\"><!--more--><\/p>\n<p><a href=\"https:\/\/www.csj-emballages.com\/it\/categorie-produit\/imballaggi-alimentari\/panetteria-pasticceria\/accessori-e-attrezzature\/accessori-decorativi\/bobine-bolduc\/\">Consulta il resto della nostra gamma di bobine di nastro bolduc <\/a><\/p>\n","protected":false},"excerpt":{"rendered":"<p>Pinza per nastri Descrizione della nostra pinza sfilacciatrice per nastri<\/p>\n","protected":false},"featured_media":271820,"template":"","meta":{"_acf_changed":false},"product_brand":[],"product_cat":[10346,10344,11421,10347,11490],"product_tag":[],"class_list":{"0":"post-271815","1":"product","2":"type-product","3":"status-publish","4":"has-post-thumbnail","6":"product_cat-imballaggi-alimentari","7":"product_cat-panetteria-pasticceria","8":"product_cat-accessori-e-attrezzature","9":"product_cat-accessori-decorativi","10":"product_cat-accessori","12":"first","13":"instock","14":"taxable","15":"shipping-taxable","16":"purchasable","17":"product-type-simple"},"acf":[],"yoast_head":"<!-- This site is optimized with the Yoast SEO Premium plugin v26.6 (Yoast SEO v26.6) - https:\/\/yoast.com\/wordpress\/plugins\/seo\/ -->\n<title>Pinza per nastri \/ CSJ Emballages<\/title>\n<meta name=\"description\" content=\"Scopri la nostra pinza per nastri, ideale per sfilacciare facilmente il bolduc. Semplice da usare, resistente e con un ottimo rapporto qualit\u00e0-prezzo\" \/>\n<meta name=\"robots\" content=\"index, follow, max-snippet:-1, max-image-preview:large, max-video-preview:-1\" \/>\n<link rel=\"canonical\" href=\"https:\/\/www.csj-emballages.com\/it\/produit\/pinza-per-nastri\/\" \/>\n<meta property=\"og:locale\" content=\"it_IT\" \/>\n<meta property=\"og:type\" content=\"article\" \/>\n<meta property=\"og:title\" content=\"Pinza per nastri\" \/>\n<meta property=\"og:description\" content=\"Scopri la nostra pinza per nastri, ideale per sfilacciare facilmente il bolduc. Semplice da usare, resistente e con un ottimo rapporto qualit\u00e0-prezzo\" \/>\n<meta property=\"og:url\" content=\"https:\/\/www.csj-emballages.com\/it\/produit\/pinza-per-nastri\/\" \/>\n<meta property=\"og:site_name\" content=\"CSJ Emballages\" \/>\n<meta property=\"article:publisher\" content=\"https:\/\/www.facebook.com\/csjemballages\" \/>\n<meta property=\"article:modified_time\" content=\"2026-03-12T15:32:30+00:00\" \/>\n<meta property=\"og:image\" content=\"https:\/\/www.csj-emballages.com\/wp-content\/uploads\/2024\/08\/Pince-a-friser.webp\" \/>\n\t<meta property=\"og:image:width\" content=\"800\" \/>\n\t<meta property=\"og:image:height\" content=\"800\" \/>\n\t<meta property=\"og:image:type\" content=\"image\/webp\" \/>\n<meta name=\"twitter:card\" content=\"summary_large_image\" \/>\n<meta name=\"twitter:label1\" content=\"Dur\u00e9e de lecture estim\u00e9e\" \/>\n\t<meta name=\"twitter:data1\" content=\"1 minuto\" \/>\n<script type=\"application\/ld+json\" class=\"yoast-schema-graph\">{\"@context\":\"https:\/\/schema.org\",\"@graph\":[{\"@type\":\"WebPage\",\"@id\":\"https:\/\/www.csj-emballages.com\/it\/produit\/pinza-per-nastri\/\",\"url\":\"https:\/\/www.csj-emballages.com\/it\/produit\/pinza-per-nastri\/\",\"name\":\"Pinza per nastri \/ CSJ Emballages\",\"isPartOf\":{\"@id\":\"https:\/\/www.csj-emballages.com\/it\/#website\"},\"primaryImageOfPage\":{\"@id\":\"https:\/\/www.csj-emballages.com\/it\/produit\/pinza-per-nastri\/#primaryimage\"},\"image\":{\"@id\":\"https:\/\/www.csj-emballages.com\/it\/produit\/pinza-per-nastri\/#primaryimage\"},\"thumbnailUrl\":\"https:\/\/www.csj-emballages.com\/wp-content\/uploads\/2024\/08\/Pince-a-friser.webp\",\"datePublished\":\"2024-08-27T00:18:19+00:00\",\"dateModified\":\"2026-03-12T15:32:30+00:00\",\"description\":\"Scopri la nostra pinza per nastri, ideale per sfilacciare facilmente il bolduc. Semplice da usare, resistente e con un ottimo rapporto qualit\u00e0-prezzo\",\"breadcrumb\":{\"@id\":\"https:\/\/www.csj-emballages.com\/it\/produit\/pinza-per-nastri\/#breadcrumb\"},\"inLanguage\":\"it-IT\",\"potentialAction\":[{\"@type\":\"ReadAction\",\"target\":[\"https:\/\/www.csj-emballages.com\/it\/produit\/pinza-per-nastri\/\"]}]},{\"@type\":\"ImageObject\",\"inLanguage\":\"it-IT\",\"@id\":\"https:\/\/www.csj-emballages.com\/it\/produit\/pinza-per-nastri\/#primaryimage\",\"url\":\"https:\/\/www.csj-emballages.com\/wp-content\/uploads\/2024\/08\/Pince-a-friser.webp\",\"contentUrl\":\"https:\/\/www.csj-emballages.com\/wp-content\/uploads\/2024\/08\/Pince-a-friser.webp\",\"width\":800,\"height\":800,\"caption\":\"Pince \u00e0 bolduc\"},{\"@type\":\"BreadcrumbList\",\"@id\":\"https:\/\/www.csj-emballages.com\/it\/produit\/pinza-per-nastri\/#breadcrumb\",\"itemListElement\":[{\"@type\":\"ListItem\",\"position\":1,\"name\":\"Home\",\"item\":\"https:\/\/www.csj-emballages.com\/it\/universo-imballaggi-alimentari\/\"},{\"@type\":\"ListItem\",\"position\":2,\"name\":\"Negozio\",\"item\":\"https:\/\/www.csj-emballages.com\/it\/negozio\/\"},{\"@type\":\"ListItem\",\"position\":3,\"name\":\"Pinza per nastri\"}]},{\"@type\":\"WebSite\",\"@id\":\"https:\/\/www.csj-emballages.com\/it\/#website\",\"url\":\"https:\/\/www.csj-emballages.com\/it\/\",\"name\":\"CSJ Emballages\",\"description\":\"\",\"publisher\":{\"@id\":\"https:\/\/www.csj-emballages.com\/it\/#organization\"},\"potentialAction\":[{\"@type\":\"SearchAction\",\"target\":{\"@type\":\"EntryPoint\",\"urlTemplate\":\"https:\/\/www.csj-emballages.com\/it\/?s={search_term_string}\"},\"query-input\":{\"@type\":\"PropertyValueSpecification\",\"valueRequired\":true,\"valueName\":\"search_term_string\"}}],\"inLanguage\":\"it-IT\"},{\"@type\":\"Organization\",\"@id\":\"https:\/\/www.csj-emballages.com\/it\/#Organization\/\",\"name\":\"CSJ Emballages\",\"url\":\"https:\/\/www.csj-emballages.com\/it\/\",\"logo\":{\"@type\":\"ImageObject\",\"inLanguage\":\"it-IT\",\"@id\":\"https:\/\/www.csj-emballages.com\/it\/#\/schema\/logo\/image\/\",\"url\":\"https:\/\/www.csj-emballages.com\/wp-content\/uploads\/2023\/10\/logo_csj.webp\",\"contentUrl\":\"https:\/\/www.csj-emballages.com\/wp-content\/uploads\/2023\/10\/logo_csj.webp\",\"width\":250,\"height\":95,\"caption\":\"CSJ Emballages\"},\"image\":{\"@id\":\"https:\/\/www.csj-emballages.com\/it\/#\/schema\/logo\/image\/\"},\"sameAs\":[\"https:\/\/www.facebook.com\/csjemballages\"],\"address\":{\"@type\":\"PostalAddress\",\"streetAddress\":\"ZI La Lechere\",\"addressLocality\":\"Patornay\",\"postalCode\":\"39130\",\"addressCountry\":\"FR\"},\"contactPoint\":[{\"@type\":\"ContactPoint\",\"contactType\":\"Service client\",\"telephone\":\"0384254272\",\"email\":\"contact@csj-emballages.com\"}]}]}<\/script>\n<!-- \/ Yoast SEO Premium plugin. -->","yoast_head_json":{"title":"Pinza per nastri \/ CSJ Emballages","description":"Scopri la nostra pinza per nastri, ideale per sfilacciare facilmente il bolduc. Semplice da usare, resistente e con un ottimo rapporto qualit\u00e0-prezzo","robots":{"index":"index","follow":"follow","max-snippet":"max-snippet:-1","max-image-preview":"max-image-preview:large","max-video-preview":"max-video-preview:-1"},"canonical":"https:\/\/www.csj-emballages.com\/it\/produit\/pinza-per-nastri\/","og_locale":"it_IT","og_type":"article","og_title":"Pinza per nastri","og_description":"Scopri la nostra pinza per nastri, ideale per sfilacciare facilmente il bolduc. Semplice da usare, resistente e con un ottimo rapporto qualit\u00e0-prezzo","og_url":"https:\/\/www.csj-emballages.com\/it\/produit\/pinza-per-nastri\/","og_site_name":"CSJ Emballages","article_publisher":"https:\/\/www.facebook.com\/csjemballages","article_modified_time":"2026-03-12T15:32:30+00:00","og_image":[{"width":800,"height":800,"url":"https:\/\/www.csj-emballages.com\/wp-content\/uploads\/2024\/08\/Pince-a-friser.webp","type":"image\/webp"}],"twitter_card":"summary_large_image","twitter_misc":{"Dur\u00e9e de lecture estim\u00e9e":"1 minuto"},"schema":{"@context":"https:\/\/schema.org","@graph":[{"@type":"WebPage","@id":"https:\/\/www.csj-emballages.com\/it\/produit\/pinza-per-nastri\/","url":"https:\/\/www.csj-emballages.com\/it\/produit\/pinza-per-nastri\/","name":"Pinza per nastri \/ CSJ Emballages","isPartOf":{"@id":"https:\/\/www.csj-emballages.com\/it\/#website"},"primaryImageOfPage":{"@id":"https:\/\/www.csj-emballages.com\/it\/produit\/pinza-per-nastri\/#primaryimage"},"image":{"@id":"https:\/\/www.csj-emballages.com\/it\/produit\/pinza-per-nastri\/#primaryimage"},"thumbnailUrl":"https:\/\/www.csj-emballages.com\/wp-content\/uploads\/2024\/08\/Pince-a-friser.webp","datePublished":"2024-08-27T00:18:19+00:00","dateModified":"2026-03-12T15:32:30+00:00","description":"Scopri la nostra pinza per nastri, ideale per sfilacciare facilmente il bolduc. Semplice da usare, resistente e con un ottimo rapporto qualit\u00e0-prezzo","breadcrumb":{"@id":"https:\/\/www.csj-emballages.com\/it\/produit\/pinza-per-nastri\/#breadcrumb"},"inLanguage":"it-IT","potentialAction":[{"@type":"ReadAction","target":["https:\/\/www.csj-emballages.com\/it\/produit\/pinza-per-nastri\/"]}]},{"@type":"ImageObject","inLanguage":"it-IT","@id":"https:\/\/www.csj-emballages.com\/it\/produit\/pinza-per-nastri\/#primaryimage","url":"https:\/\/www.csj-emballages.com\/wp-content\/uploads\/2024\/08\/Pince-a-friser.webp","contentUrl":"https:\/\/www.csj-emballages.com\/wp-content\/uploads\/2024\/08\/Pince-a-friser.webp","width":800,"height":800,"caption":"Pince \u00e0 bolduc"},{"@type":"BreadcrumbList","@id":"https:\/\/www.csj-emballages.com\/it\/produit\/pinza-per-nastri\/#breadcrumb","itemListElement":[{"@type":"ListItem","position":1,"name":"Home","item":"https:\/\/www.csj-emballages.com\/it\/universo-imballaggi-alimentari\/"},{"@type":"ListItem","position":2,"name":"Negozio","item":"https:\/\/www.csj-emballages.com\/it\/negozio\/"},{"@type":"ListItem","position":3,"name":"Pinza per nastri"}]},{"@type":"WebSite","@id":"https:\/\/www.csj-emballages.com\/it\/#website","url":"https:\/\/www.csj-emballages.com\/it\/","name":"CSJ Emballages","description":"","publisher":{"@id":"https:\/\/www.csj-emballages.com\/it\/#organization"},"potentialAction":[{"@type":"SearchAction","target":{"@type":"EntryPoint","urlTemplate":"https:\/\/www.csj-emballages.com\/it\/?s={search_term_string}"},"query-input":{"@type":"PropertyValueSpecification","valueRequired":true,"valueName":"search_term_string"}}],"inLanguage":"it-IT"},{"@type":"Organization","@id":"https:\/\/www.csj-emballages.com\/it\/#Organization\/","name":"CSJ Emballages","url":"https:\/\/www.csj-emballages.com\/it\/","logo":{"@type":"ImageObject","inLanguage":"it-IT","@id":"https:\/\/www.csj-emballages.com\/it\/#\/schema\/logo\/image\/","url":"https:\/\/www.csj-emballages.com\/wp-content\/uploads\/2023\/10\/logo_csj.webp","contentUrl":"https:\/\/www.csj-emballages.com\/wp-content\/uploads\/2023\/10\/logo_csj.webp","width":250,"height":95,"caption":"CSJ Emballages"},"image":{"@id":"https:\/\/www.csj-emballages.com\/it\/#\/schema\/logo\/image\/"},"sameAs":["https:\/\/www.facebook.com\/csjemballages"],"address":{"@type":"PostalAddress","streetAddress":"ZI La Lechere","addressLocality":"Patornay","postalCode":"39130","addressCountry":"FR"},"contactPoint":[{"@type":"ContactPoint","contactType":"Service client","telephone":"0384254272","email":"contact@csj-emballages.com"}]}]}},"df_price":5.32,"df_sale_price":"","df_regular_price":5.32,"df_image_link":"https:\/\/www.csj-emballages.com\/wp-content\/uploads\/2024\/08\/Pince-a-friser-300x300.webp","tiered_pricing_type":"fixed","tiered_pricing_fixed_rules":[],"tiered_pricing_percentage_rules":[],"tiered_pricing_minimum":1,"tiered_pricing_roles_data":[],"_links":{"self":[{"href":"https:\/\/www.csj-emballages.com\/it\/wp-json\/wp\/v2\/product\/271815","targetHints":{"allow":["GET"]}}],"collection":[{"href":"https:\/\/www.csj-emballages.com\/it\/wp-json\/wp\/v2\/product"}],"about":[{"href":"https:\/\/www.csj-emballages.com\/it\/wp-json\/wp\/v2\/types\/product"}],"wp:featuredmedia":[{"embeddable":true,"href":"https:\/\/www.csj-emballages.com\/it\/wp-json\/wp\/v2\/media\/271820"}],"wp:attachment":[{"href":"https:\/\/www.csj-emballages.com\/it\/wp-json\/wp\/v2\/media?parent=271815"}],"wp:term":[{"taxonomy":"product_brand","embeddable":true,"href":"https:\/\/www.csj-emballages.com\/it\/wp-json\/wp\/v2\/product_brand?post=271815"},{"taxonomy":"product_cat","embeddable":true,"href":"https:\/\/www.csj-emballages.com\/it\/wp-json\/wp\/v2\/product_cat?post=271815"},{"taxonomy":"product_tag","embeddable":true,"href":"https:\/\/www.csj-emballages.com\/it\/wp-json\/wp\/v2\/product_tag?post=271815"}],"curies":[{"name":"wp","href":"https:\/\/api.w.org\/{rel}","templated":true}]}}