{"id":271810,"date":"2024-08-28T02:18:12","date_gmt":"2024-08-28T00:18:12","guid":{"rendered":"https:\/\/www.csj-emballages.com\/produit\/sacchetto-di-natale-il-mio-albero-manici-in-corda-26-13-x-32-cm\/"},"modified":"2026-03-12T16:09:31","modified_gmt":"2026-03-12T15:09:31","slug":"sacchetto-di-natale-il-mio-albero-manici-in-corda-26-13-x-32-cm","status":"publish","type":"product","link":"https:\/\/www.csj-emballages.com\/it\/produit\/sacchetto-di-natale-il-mio-albero-manici-in-corda-26-13-x-32-cm\/","title":{"rendered":"Sacchetto di Natale &#8220;il mio albero&#8221; manici in corda 26 + 13 x 32 cm"},"content":{"rendered":"<h2 class=\"p1\">Sacchetto di Natale<\/h2>\n<hr>\n<h3>Descrizione del nostro sacchetto di Natale &#8220;il mio albero&#8221; con manici in corda 26 + 13 x 32 cm<\/h3>\n<p><!--more--><\/p>\n<p data-start=\"167\" data-end=\"592\">Quando le feste si avvicinano, ogni dettaglio conta per creare un\u2019atmosfera calda e festosa. Il <strong data-start=\"267\" data-end=\"331\">sacchetto di Natale &#8220;Il mio albero&#8221; con manici in corda 26 + 13 x 32 cm <\/strong>\u00e8 molto pi\u00f9 di un semplice imballaggio: \u00e8 un vero scrigno per i tuoi regali e i tuoi prodotti golosi. Grazie al suo design elegante decorato con un <strong>albero di Natale<\/strong>, richiama subito la magia delle feste e aggiunge un tocco di raffinatezza ai tuoi packaging.  <\/p>\n<p data-start=\"594\" data-end=\"989\">Realizzato in <strong data-start=\"603\" data-end=\"630\">carta kraft di qualit\u00e0<\/strong>, questo <strong>sacchetto regalo <\/strong>\u00e8 al tempo stesso <strong data-start=\"653\" data-end=\"666\">resistente<\/strong> e <strong data-start=\"670\" data-end=\"682\">pratico<\/strong>. Il formato <strong>26 + 13 x 32 cm <\/strong>lo rende ideale per confezionare prodotti di confetteria, candele, gioielli o specialit\u00e0 artigianali. I suoi <strong data-start=\"864\" data-end=\"897\">robusti manici in corda<\/strong> garantiscono un trasporto facile e confortevole, aggiungendo al contempo una finitura premium.  <\/p>\n<p data-start=\"991\" data-end=\"1361\">Inoltre, scegliere questo <strong>sacchetto di Natale<\/strong> significa optare per un imballaggio <strong data-start=\"1065\" data-end=\"1079\">ecologico<\/strong> ed estetico. A differenza dei tradizionali sacchetti di plastica, la <strong>carta kraft<\/strong> si distingue per la sua durata e il rispetto dell\u2019ambiente. Un vantaggio importante per valorizzare la tua immagine presso i clienti, mettendo in evidenza il tuo impegno eco-responsabile.  <\/p>\n<p data-start=\"1363\" data-end=\"1704\">In sintesi, questo <strong data-start=\"1376\" data-end=\"1398\">sacchetto regalo di Natale<\/strong> \u00e8 perfetto per commercianti, pasticceri, cioccolatieri o negozi di decorazioni che vogliono offrire un packaging elegante, pratico e in armonia con lo spirito natalizio. Con lui, i tuoi clienti portano a casa non solo un prodotto, ma anche un\u2019esperienza festosa e memorabile. <\/p>\n<p><!--more--><\/p>\n<h4><strong>Vantaggi:<\/strong><\/h4>\n<ul>\n<li>Design festivo con motivo ad albero, ideale per Natale.<\/li>\n<li>Formato pratico per piccoli regali e prodotti artigianali.<\/li>\n<li><strong data-start=\"2039\" data-end=\"2071\">Manici in corda resistenti<\/strong> per un trasporto confortevole.<\/li>\n<li>Realizzato in <strong data-start=\"2118\" data-end=\"2158\">carta kraft resistente ed ecologica.<\/strong><\/li>\n<li>Valorizza i tuoi prodotti rafforzando la tua immagine eco-responsabile.<\/li>\n<\/ul>\n<p>&nbsp;<\/p>\n<p><!--more--><\/p>\n<h4>Altre informazioni:<\/h4>\n<ul>\n<li><strong>Confezionamento<\/strong>: All&#8217;unit\u00e0<\/li>\n<li><strong>Dimensioni<\/strong> : 26 + 13 x 32 cm<\/li>\n<li><strong>Colore<\/strong>: Rosso<\/li>\n<li><strong>Materiale<\/strong>: Carta<\/li>\n<\/ul>\n<p>&nbsp;<\/p>\n<p><!--more--><\/p>\n<p>Trova qui la misura inferiore di questo sacchetto regalo: <span style=\"color: #d12727;\"><a style=\"color: #d12727;\" href=\"https:\/\/www.csj-emballages.com\/produit\/1-sacs-motif-noel-poignees-cordelieres-18-10-x-23-cm\/\">9282BM<\/a><\/span><\/p>\n<p>&nbsp;<\/p>\n<p><!--more--><\/p>\n<p><a href=\"https:\/\/www.csj-emballages.com\/it\/categorie-produit\/imballaggi-alimentari\/boutique-e-negozio\/sacchetti-buste\/borse-boutique\/\">Scopri il resto della nostra gamma di sacchetti per negozi!<\/a><\/p>\n","protected":false},"excerpt":{"rendered":"<p>Sacchetto di Natale Descrizione del nostro sacchetto di Natale &#8220;il mio albero&#8221; con manici in corda 26 + 13 x 32 cm<\/p>\n","protected":false},"featured_media":271808,"template":"","meta":{"_acf_changed":false},"product_brand":[],"product_cat":[10346,10345,11140,11180],"product_tag":[],"class_list":{"0":"post-271810","1":"product","2":"type-product","3":"status-publish","4":"has-post-thumbnail","6":"product_cat-imballaggi-alimentari","7":"product_cat-boutique-e-negozio","8":"product_cat-sacchetti-buste","9":"product_cat-borse-boutique","11":"first","12":"instock","13":"taxable","14":"shipping-taxable","15":"purchasable","16":"product-type-simple"},"acf":[],"yoast_head":"<!-- This site is optimized with the Yoast SEO Premium plugin v26.6 (Yoast SEO v26.6) - https:\/\/yoast.com\/wordpress\/plugins\/seo\/ -->\n<title>Sacchetto di Natale &quot;il mio albero&quot; manici in corda 26 + 13 x 32 cm<\/title>\n<meta name=\"description\" content=\"Regala un packaging festivo e pratico con il sacchetto di Natale &quot;Il mio albero&quot; con manici in corda 26 + 13 x 32 cm, elegante e resistente.\" \/>\n<meta name=\"robots\" content=\"index, follow, max-snippet:-1, max-image-preview:large, max-video-preview:-1\" \/>\n<link rel=\"canonical\" href=\"https:\/\/www.csj-emballages.com\/it\/produit\/sacchetto-di-natale-il-mio-albero-manici-in-corda-26-13-x-32-cm\/\" \/>\n<meta property=\"og:locale\" content=\"it_IT\" \/>\n<meta property=\"og:type\" content=\"article\" \/>\n<meta property=\"og:title\" content=\"Sacchetto di Natale &quot;il mio albero&quot; manici in corda 26 + 13 x 32 cm\" \/>\n<meta property=\"og:description\" content=\"Regala un packaging festivo e pratico con il sacchetto di Natale &quot;Il mio albero&quot; con manici in corda 26 + 13 x 32 cm, elegante e resistente.\" \/>\n<meta property=\"og:url\" content=\"https:\/\/www.csj-emballages.com\/it\/produit\/sacchetto-di-natale-il-mio-albero-manici-in-corda-26-13-x-32-cm\/\" \/>\n<meta property=\"og:site_name\" content=\"CSJ Emballages\" \/>\n<meta property=\"article:publisher\" content=\"https:\/\/www.facebook.com\/csjemballages\" \/>\n<meta property=\"article:modified_time\" content=\"2026-03-12T15:09:31+00:00\" \/>\n<meta property=\"og:image\" content=\"https:\/\/www.csj-emballages.com\/wp-content\/uploads\/2024\/08\/3dc9491c-b8fd-41d0-9465-2a654832145c-removebg-preview-1-e1725266032463.png\" \/>\n\t<meta property=\"og:image:width\" content=\"300\" \/>\n\t<meta property=\"og:image:height\" content=\"300\" \/>\n\t<meta property=\"og:image:type\" content=\"image\/png\" \/>\n<meta name=\"twitter:card\" content=\"summary_large_image\" \/>\n<meta name=\"twitter:label1\" content=\"Dur\u00e9e de lecture estim\u00e9e\" \/>\n\t<meta name=\"twitter:data1\" content=\"2 minuti\" \/>\n<script type=\"application\/ld+json\" class=\"yoast-schema-graph\">{\"@context\":\"https:\/\/schema.org\",\"@graph\":[{\"@type\":\"WebPage\",\"@id\":\"https:\/\/www.csj-emballages.com\/it\/produit\/sacchetto-di-natale-il-mio-albero-manici-in-corda-26-13-x-32-cm\/\",\"url\":\"https:\/\/www.csj-emballages.com\/it\/produit\/sacchetto-di-natale-il-mio-albero-manici-in-corda-26-13-x-32-cm\/\",\"name\":\"Sacchetto di Natale \\\"il mio albero\\\" manici in corda 26 + 13 x 32 cm\",\"isPartOf\":{\"@id\":\"https:\/\/www.csj-emballages.com\/it\/#website\"},\"primaryImageOfPage\":{\"@id\":\"https:\/\/www.csj-emballages.com\/it\/produit\/sacchetto-di-natale-il-mio-albero-manici-in-corda-26-13-x-32-cm\/#primaryimage\"},\"image\":{\"@id\":\"https:\/\/www.csj-emballages.com\/it\/produit\/sacchetto-di-natale-il-mio-albero-manici-in-corda-26-13-x-32-cm\/#primaryimage\"},\"thumbnailUrl\":\"https:\/\/www.csj-emballages.com\/wp-content\/uploads\/2024\/08\/3dc9491c-b8fd-41d0-9465-2a654832145c-removebg-preview-1-e1725266032463.png\",\"datePublished\":\"2024-08-28T00:18:12+00:00\",\"dateModified\":\"2026-03-12T15:09:31+00:00\",\"description\":\"Regala un packaging festivo e pratico con il sacchetto di Natale \\\"Il mio albero\\\" con manici in corda 26 + 13 x 32 cm, elegante e resistente.\",\"breadcrumb\":{\"@id\":\"https:\/\/www.csj-emballages.com\/it\/produit\/sacchetto-di-natale-il-mio-albero-manici-in-corda-26-13-x-32-cm\/#breadcrumb\"},\"inLanguage\":\"it-IT\",\"potentialAction\":[{\"@type\":\"ReadAction\",\"target\":[\"https:\/\/www.csj-emballages.com\/it\/produit\/sacchetto-di-natale-il-mio-albero-manici-in-corda-26-13-x-32-cm\/\"]}]},{\"@type\":\"ImageObject\",\"inLanguage\":\"it-IT\",\"@id\":\"https:\/\/www.csj-emballages.com\/it\/produit\/sacchetto-di-natale-il-mio-albero-manici-in-corda-26-13-x-32-cm\/#primaryimage\",\"url\":\"https:\/\/www.csj-emballages.com\/wp-content\/uploads\/2024\/08\/3dc9491c-b8fd-41d0-9465-2a654832145c-removebg-preview-1-e1725266032463.png\",\"contentUrl\":\"https:\/\/www.csj-emballages.com\/wp-content\/uploads\/2024\/08\/3dc9491c-b8fd-41d0-9465-2a654832145c-removebg-preview-1-e1725266032463.png\",\"width\":300,\"height\":300,\"caption\":\"Sac de No\u00ebl\"},{\"@type\":\"BreadcrumbList\",\"@id\":\"https:\/\/www.csj-emballages.com\/it\/produit\/sacchetto-di-natale-il-mio-albero-manici-in-corda-26-13-x-32-cm\/#breadcrumb\",\"itemListElement\":[{\"@type\":\"ListItem\",\"position\":1,\"name\":\"Home\",\"item\":\"https:\/\/www.csj-emballages.com\/it\/universo-imballaggi-alimentari\/\"},{\"@type\":\"ListItem\",\"position\":2,\"name\":\"Negozio\",\"item\":\"https:\/\/www.csj-emballages.com\/it\/negozio\/\"},{\"@type\":\"ListItem\",\"position\":3,\"name\":\"Sacchetto di Natale \u00ab\u00a0il mio albero\u00a0\u00bb manici in corda 26 + 13 x 32 cm\"}]},{\"@type\":\"WebSite\",\"@id\":\"https:\/\/www.csj-emballages.com\/it\/#website\",\"url\":\"https:\/\/www.csj-emballages.com\/it\/\",\"name\":\"CSJ Emballages\",\"description\":\"\",\"publisher\":{\"@id\":\"https:\/\/www.csj-emballages.com\/it\/#organization\"},\"potentialAction\":[{\"@type\":\"SearchAction\",\"target\":{\"@type\":\"EntryPoint\",\"urlTemplate\":\"https:\/\/www.csj-emballages.com\/it\/?s={search_term_string}\"},\"query-input\":{\"@type\":\"PropertyValueSpecification\",\"valueRequired\":true,\"valueName\":\"search_term_string\"}}],\"inLanguage\":\"it-IT\"},{\"@type\":\"Organization\",\"@id\":\"https:\/\/www.csj-emballages.com\/it\/#Organization\/\",\"name\":\"CSJ Emballages\",\"url\":\"https:\/\/www.csj-emballages.com\/it\/\",\"logo\":{\"@type\":\"ImageObject\",\"inLanguage\":\"it-IT\",\"@id\":\"https:\/\/www.csj-emballages.com\/it\/#\/schema\/logo\/image\/\",\"url\":\"https:\/\/www.csj-emballages.com\/wp-content\/uploads\/2023\/10\/logo_csj.webp\",\"contentUrl\":\"https:\/\/www.csj-emballages.com\/wp-content\/uploads\/2023\/10\/logo_csj.webp\",\"width\":250,\"height\":95,\"caption\":\"CSJ Emballages\"},\"image\":{\"@id\":\"https:\/\/www.csj-emballages.com\/it\/#\/schema\/logo\/image\/\"},\"sameAs\":[\"https:\/\/www.facebook.com\/csjemballages\"],\"address\":{\"@type\":\"PostalAddress\",\"streetAddress\":\"ZI La Lechere\",\"addressLocality\":\"Patornay\",\"postalCode\":\"39130\",\"addressCountry\":\"FR\"},\"contactPoint\":[{\"@type\":\"ContactPoint\",\"contactType\":\"Service client\",\"telephone\":\"0384254272\",\"email\":\"contact@csj-emballages.com\"}]}]}<\/script>\n<!-- \/ Yoast SEO Premium plugin. -->","yoast_head_json":{"title":"Sacchetto di Natale \"il mio albero\" manici in corda 26 + 13 x 32 cm","description":"Regala un packaging festivo e pratico con il sacchetto di Natale \"Il mio albero\" con manici in corda 26 + 13 x 32 cm, elegante e resistente.","robots":{"index":"index","follow":"follow","max-snippet":"max-snippet:-1","max-image-preview":"max-image-preview:large","max-video-preview":"max-video-preview:-1"},"canonical":"https:\/\/www.csj-emballages.com\/it\/produit\/sacchetto-di-natale-il-mio-albero-manici-in-corda-26-13-x-32-cm\/","og_locale":"it_IT","og_type":"article","og_title":"Sacchetto di Natale \"il mio albero\" manici in corda 26 + 13 x 32 cm","og_description":"Regala un packaging festivo e pratico con il sacchetto di Natale \"Il mio albero\" con manici in corda 26 + 13 x 32 cm, elegante e resistente.","og_url":"https:\/\/www.csj-emballages.com\/it\/produit\/sacchetto-di-natale-il-mio-albero-manici-in-corda-26-13-x-32-cm\/","og_site_name":"CSJ Emballages","article_publisher":"https:\/\/www.facebook.com\/csjemballages","article_modified_time":"2026-03-12T15:09:31+00:00","og_image":[{"width":300,"height":300,"url":"https:\/\/www.csj-emballages.com\/wp-content\/uploads\/2024\/08\/3dc9491c-b8fd-41d0-9465-2a654832145c-removebg-preview-1-e1725266032463.png","type":"image\/png"}],"twitter_card":"summary_large_image","twitter_misc":{"Dur\u00e9e de lecture estim\u00e9e":"2 minuti"},"schema":{"@context":"https:\/\/schema.org","@graph":[{"@type":"WebPage","@id":"https:\/\/www.csj-emballages.com\/it\/produit\/sacchetto-di-natale-il-mio-albero-manici-in-corda-26-13-x-32-cm\/","url":"https:\/\/www.csj-emballages.com\/it\/produit\/sacchetto-di-natale-il-mio-albero-manici-in-corda-26-13-x-32-cm\/","name":"Sacchetto di Natale \"il mio albero\" manici in corda 26 + 13 x 32 cm","isPartOf":{"@id":"https:\/\/www.csj-emballages.com\/it\/#website"},"primaryImageOfPage":{"@id":"https:\/\/www.csj-emballages.com\/it\/produit\/sacchetto-di-natale-il-mio-albero-manici-in-corda-26-13-x-32-cm\/#primaryimage"},"image":{"@id":"https:\/\/www.csj-emballages.com\/it\/produit\/sacchetto-di-natale-il-mio-albero-manici-in-corda-26-13-x-32-cm\/#primaryimage"},"thumbnailUrl":"https:\/\/www.csj-emballages.com\/wp-content\/uploads\/2024\/08\/3dc9491c-b8fd-41d0-9465-2a654832145c-removebg-preview-1-e1725266032463.png","datePublished":"2024-08-28T00:18:12+00:00","dateModified":"2026-03-12T15:09:31+00:00","description":"Regala un packaging festivo e pratico con il sacchetto di Natale \"Il mio albero\" con manici in corda 26 + 13 x 32 cm, elegante e resistente.","breadcrumb":{"@id":"https:\/\/www.csj-emballages.com\/it\/produit\/sacchetto-di-natale-il-mio-albero-manici-in-corda-26-13-x-32-cm\/#breadcrumb"},"inLanguage":"it-IT","potentialAction":[{"@type":"ReadAction","target":["https:\/\/www.csj-emballages.com\/it\/produit\/sacchetto-di-natale-il-mio-albero-manici-in-corda-26-13-x-32-cm\/"]}]},{"@type":"ImageObject","inLanguage":"it-IT","@id":"https:\/\/www.csj-emballages.com\/it\/produit\/sacchetto-di-natale-il-mio-albero-manici-in-corda-26-13-x-32-cm\/#primaryimage","url":"https:\/\/www.csj-emballages.com\/wp-content\/uploads\/2024\/08\/3dc9491c-b8fd-41d0-9465-2a654832145c-removebg-preview-1-e1725266032463.png","contentUrl":"https:\/\/www.csj-emballages.com\/wp-content\/uploads\/2024\/08\/3dc9491c-b8fd-41d0-9465-2a654832145c-removebg-preview-1-e1725266032463.png","width":300,"height":300,"caption":"Sac de No\u00ebl"},{"@type":"BreadcrumbList","@id":"https:\/\/www.csj-emballages.com\/it\/produit\/sacchetto-di-natale-il-mio-albero-manici-in-corda-26-13-x-32-cm\/#breadcrumb","itemListElement":[{"@type":"ListItem","position":1,"name":"Home","item":"https:\/\/www.csj-emballages.com\/it\/universo-imballaggi-alimentari\/"},{"@type":"ListItem","position":2,"name":"Negozio","item":"https:\/\/www.csj-emballages.com\/it\/negozio\/"},{"@type":"ListItem","position":3,"name":"Sacchetto di Natale \u00ab\u00a0il mio albero\u00a0\u00bb manici in corda 26 + 13 x 32 cm"}]},{"@type":"WebSite","@id":"https:\/\/www.csj-emballages.com\/it\/#website","url":"https:\/\/www.csj-emballages.com\/it\/","name":"CSJ Emballages","description":"","publisher":{"@id":"https:\/\/www.csj-emballages.com\/it\/#organization"},"potentialAction":[{"@type":"SearchAction","target":{"@type":"EntryPoint","urlTemplate":"https:\/\/www.csj-emballages.com\/it\/?s={search_term_string}"},"query-input":{"@type":"PropertyValueSpecification","valueRequired":true,"valueName":"search_term_string"}}],"inLanguage":"it-IT"},{"@type":"Organization","@id":"https:\/\/www.csj-emballages.com\/it\/#Organization\/","name":"CSJ Emballages","url":"https:\/\/www.csj-emballages.com\/it\/","logo":{"@type":"ImageObject","inLanguage":"it-IT","@id":"https:\/\/www.csj-emballages.com\/it\/#\/schema\/logo\/image\/","url":"https:\/\/www.csj-emballages.com\/wp-content\/uploads\/2023\/10\/logo_csj.webp","contentUrl":"https:\/\/www.csj-emballages.com\/wp-content\/uploads\/2023\/10\/logo_csj.webp","width":250,"height":95,"caption":"CSJ Emballages"},"image":{"@id":"https:\/\/www.csj-emballages.com\/it\/#\/schema\/logo\/image\/"},"sameAs":["https:\/\/www.facebook.com\/csjemballages"],"address":{"@type":"PostalAddress","streetAddress":"ZI La Lechere","addressLocality":"Patornay","postalCode":"39130","addressCountry":"FR"},"contactPoint":[{"@type":"ContactPoint","contactType":"Service client","telephone":"0384254272","email":"contact@csj-emballages.com"}]}]}},"df_price":1.46,"df_sale_price":"","df_regular_price":1.46,"df_image_link":"https:\/\/www.csj-emballages.com\/wp-content\/uploads\/2024\/08\/3dc9491c-b8fd-41d0-9465-2a654832145c-removebg-preview-1-300x300.png","tiered_pricing_type":"fixed","tiered_pricing_fixed_rules":[],"tiered_pricing_percentage_rules":[],"tiered_pricing_minimum":1,"tiered_pricing_roles_data":[],"_links":{"self":[{"href":"https:\/\/www.csj-emballages.com\/it\/wp-json\/wp\/v2\/product\/271810","targetHints":{"allow":["GET"]}}],"collection":[{"href":"https:\/\/www.csj-emballages.com\/it\/wp-json\/wp\/v2\/product"}],"about":[{"href":"https:\/\/www.csj-emballages.com\/it\/wp-json\/wp\/v2\/types\/product"}],"wp:featuredmedia":[{"embeddable":true,"href":"https:\/\/www.csj-emballages.com\/it\/wp-json\/wp\/v2\/media\/271808"}],"wp:attachment":[{"href":"https:\/\/www.csj-emballages.com\/it\/wp-json\/wp\/v2\/media?parent=271810"}],"wp:term":[{"taxonomy":"product_brand","embeddable":true,"href":"https:\/\/www.csj-emballages.com\/it\/wp-json\/wp\/v2\/product_brand?post=271810"},{"taxonomy":"product_cat","embeddable":true,"href":"https:\/\/www.csj-emballages.com\/it\/wp-json\/wp\/v2\/product_cat?post=271810"},{"taxonomy":"product_tag","embeddable":true,"href":"https:\/\/www.csj-emballages.com\/it\/wp-json\/wp\/v2\/product_tag?post=271810"}],"curies":[{"name":"wp","href":"https:\/\/api.w.org\/{rel}","templated":true}]}}