{"id":271783,"date":"2024-06-20T15:30:38","date_gmt":"2024-06-20T13:30:38","guid":{"rendered":"https:\/\/www.csj-emballages.com\/produit\/scatola-per-pasti-in-cartone-225-x-180-x-90-mm-da-50\/"},"modified":"2026-04-17T02:14:05","modified_gmt":"2026-04-17T00:14:05","slug":"scatola-per-pasti-in-cartone-225-x-180-x-90-mm-da-50","status":"publish","type":"product","link":"https:\/\/www.csj-emballages.com\/it\/produit\/scatola-per-pasti-in-cartone-225-x-180-x-90-mm-da-50\/","title":{"rendered":"Scatola per pasti in cartone 225 x 180 x 90 mm da 50"},"content":{"rendered":"<div style=\"font-family: Roboto, sans-serif;\">\n<div style=\"font-family: Roboto, sans-serif;\">\n<div style=\"font-family: Roboto, sans-serif;\">\n<div style=\"font-family: Roboto, sans-serif;\">\n<div style=\"font-family: Roboto, sans-serif;\">\n<div style=\"font-family: Roboto, sans-serif;\">\n<h2>Scatola per pasti in cartone<\/h2>\n<div style=\"text-align: center;\">\n<hr>\n<h3 style=\"text-align: left;\">Descrizione della nostra scatola per pasti in cartone 225 x 180 x 90 mm da 50 pezzi<!--more--><\/h3>\n<p style=\"text-align: left;\" data-start=\"161\" data-end=\"583\">La <strong data-start=\"164\" data-end=\"207\">scatola per pasti in cartone 225 x 180 x 90 mm<\/strong> \u00e8 pensata per semplificare il servizio di piatti da asporto, offrendo al contempo una presentazione pulita e professionale. Grazie al suo formato generoso, accoglie facilmente <strong>pasti completi<\/strong> come <strong>insalate miste<\/strong>, <strong>pasta<\/strong>, <strong>piatti caldi<\/strong> o persino <strong>dessert<\/strong>. Inoltre, il suo <strong>cartone spesso<\/strong> assicura una buona tenuta, evitando deformazioni durante il trasporto.  <\/p>\n<p style=\"text-align: left;\" data-start=\"585\" data-end=\"937\">Da un lato, il suo <strong>sistema di chiusura integrato<\/strong> permette di sigillare rapidamente le preparazioni. Dall&#8217;altro, la sua superficie liscia ti offre la possibilit\u00e0 di aggiungere un&#8217;<strong>etichetta<\/strong>, un <strong>logo<\/strong> o qualsiasi informazione utile per <strong>personalizzare<\/strong> l&#8217;ordine. Cos\u00ec, questa <strong data-start=\"164\" data-end=\"207\">scatola per pasti<\/strong> diventa non solo pratica, ma anche un supporto visivo di valore per la tua attivit\u00e0.  <\/p>\n<p style=\"text-align: left;\" data-start=\"939\" data-end=\"1321\">Essendo realizzata in cartone, rappresenta un&#8217;alternativa pi\u00f9 responsabile rispetto agli imballaggi plastici tradizionali. \u00c8 adatta sia per food-truck, fast food, catering, snack bar o attivit\u00e0 che offrono piatti da asporto. Inoltre, resiste perfettamente agli <strong>alimenti caldi o freddi<\/strong>, offrendoti un utilizzo versatile quotidianamente.  <\/p>\n<p style=\"text-align: left;\" data-start=\"1323\" data-end=\"1579\">In sintesi, questa <strong data-start=\"164\" data-end=\"207\">scatola per pasti<\/strong> unisce <strong data-start=\"1359\" data-end=\"1371\">solidit\u00e0<\/strong>, <strong data-start=\"1373\" data-end=\"1386\">praticit\u00e0<\/strong> ed <strong data-start=\"1390\" data-end=\"1404\">estetica<\/strong>, pur rimanendo facile da stoccare e semplice da maneggiare. Risponde alle esigenze dei professionisti che cercano un imballaggio affidabile e piacevole da presentare ai propri clienti. <\/p>\n<p style=\"text-align: left;\" data-start=\"1323\" data-end=\"1579\">\n<p style=\"text-align: left;\"><!--more--><\/p>\n<p style=\"text-align: left;\"><strong>Vantaggi:<\/strong><\/p>\n<ul>\n<li style=\"text-align: left;\" data-start=\"1608\" data-end=\"1646\">Formato ideale per <strong>menu completi<\/strong>.<\/li>\n<li style=\"text-align: left;\" data-start=\"1649\" data-end=\"1694\"><strong>Cartone solido<\/strong> e resistente ai piatti caldi.<\/li>\n<li style=\"text-align: left;\" data-start=\"1697\" data-end=\"1744\"><strong>Chiusura integrata<\/strong> per un trasporto sicuro.<\/li>\n<li style=\"text-align: left;\" data-start=\"1747\" data-end=\"1801\">Superficie personalizzabile (etichette, logo, menzioni).<\/li>\n<li style=\"text-align: left;\" data-start=\"1804\" data-end=\"1847\">Alternativa pi\u00f9 responsabile alla plastica.<\/li>\n<li style=\"text-align: left;\" data-start=\"1850\" data-end=\"1908\">Pratica per tutti i tipi di ristorazione da asporto.<\/li>\n<\/ul>\n<\/div>\n<p>&nbsp;<\/p>\n<p><!--more--><\/p>\n<h4>Altre informazioni:<\/h4>\n<ul>\n<li><strong>Confezionamento<\/strong>: Pacchetto da 50<\/li>\n<li><strong>Dimensioni<\/strong>: 225 x 180 x 90 mm<\/li>\n<li><strong>Materiale<\/strong>: Cartone<\/li>\n<li><strong>Tipo di coperchio<\/strong>: Coperchio a cerniera<\/li>\n<\/ul>\n<p>&nbsp;<\/p>\n<p><!--more--><\/p>\n<p>Prodotto disponibile in diverse misure: <span style=\"color: #d12727;\"><a style=\"color: #d12727;\" href=\"https:\/\/www.csj-emballages.com\/it\/produit\/scatola-burger-in-cartone-120-x-130-x-70-mm-da-100-pz\/\">HP1K<\/a><\/span> \/ <span style=\"color: #d12727;\"><a style=\"color: #d12727;\" href=\"https:\/\/www.csj-emballages.com\/it\/produit\/scatola-burger-cartone-175-x-120-x-70-mm-confezione-da-100\/\">HP2K<\/a><\/span> \/ <span style=\"color: #d12727;\"><a style=\"color: #d12727;\" href=\"https:\/\/www.csj-emballages.com\/it\/produit\/scatola-per-tacos-in-cartone-240-x-137-x-70-mm-da-100\/\">HP3K<\/a><\/span> \/ <span style=\"color: #d12727;\"><a style=\"color: #d12727;\" href=\"https:\/\/www.csj-emballages.com\/produit\/100-boite-carton-a-panini-208-x-70-x-75-mm-restauration-snack-hot-dog-emporter\/\">HP5K<\/a><\/span> \/ <span style=\"color: #d12727;\"><a style=\"color: #d12727;\" href=\"https:\/\/www.csj-emballages.com\/produit\/boite-carton-burger-jetable-carton-150-x-150-x-70-mm\/\">HP6K<\/a><\/span> \/ <span style=\"color: #d12727;\"><a style=\"color: #d12727;\" href=\"https:\/\/www.csj-emballages.com\/it\/produit\/scatola-burger-in-cartone-165-x-150-x-110-mm-da-100\/\">HP6KH<\/a><\/span> \/ <span style=\"color: #d12727;\"><a style=\"color: #d12727;\" href=\"https:\/\/www.csj-emballages.com\/produit\/50-boite-carton-burgers-jetables-carton-150-x-150-x-70-mm\/\">HP6KGE<\/a><\/span> \/         <span style=\"color: #d12727;\"><a style=\"color: #d12727;\" href=\"https:\/\/www.csj-emballages.com\/produit\/50-boites-doubles-burgers-xl-jetables-carton-170-x-170-x-80-mm\/\">HP6KXL<\/a> <span style=\"color: #000000;\">\/<\/span> <a style=\"color: #d12727;\" href=\"https:\/\/www.csj-emballages.com\/produit\/50-boite-carton-hot-dog-carton-kraft-23-2-x-9-x-6-3-cm-restauration-snack-emporter\/\">HP8K<\/a><\/span><\/p>\n<p>&nbsp;<\/p>\n<p><!--more--><\/p>\n<p><a href=\"https:\/\/www.csj-emballages.com\/it\/categorie-produit\/imballaggi-alimentari\/ristorazione\/scatole-vaschette-buste-coni\/vaschette-scatole-in-cartone\/scatole-cartone-pasto\/\">Consulta il resto della nostra gamma di scatole per burger<\/a><\/p>\n<\/div>\n<\/div>\n<\/div>\n<\/div>\n<\/div>\n<\/div>\n","protected":false},"excerpt":{"rendered":"<p>Scatola per pasti in cartone Descrizione della nostra scatola per pasti in cartone 225 x 180 x 90 mm da 50 pezzi<\/p>\n","protected":false},"featured_media":271790,"template":"","meta":{"_acf_changed":false},"product_brand":[],"product_cat":[10346,10375,10511,10506,10507],"product_tag":[],"class_list":{"0":"post-271783","1":"product","2":"type-product","3":"status-publish","4":"has-post-thumbnail","6":"product_cat-imballaggi-alimentari","7":"product_cat-ristorazione","8":"product_cat-scatole-vaschette-buste-coni","9":"product_cat-vaschette-scatole-in-cartone","10":"product_cat-scatole-cartone-pasto","12":"first","13":"instock","14":"taxable","15":"shipping-taxable","16":"purchasable","17":"product-type-simple"},"acf":[],"yoast_head":"<!-- This site is optimized with the Yoast SEO Premium plugin v26.6 (Yoast SEO v26.6) - https:\/\/yoast.com\/wordpress\/plugins\/seo\/ -->\n<title>Scatola Pasti Cartone 225 x 180 x 90 mm da 50<\/title>\n<meta name=\"description\" content=\"Scopri la nostra scatola per pasti in cartone 225 x 180 x 90 mm: resistente, pratica ed eco-responsabile, perfetta per il trasporto dei tuoi pasti e snack.\" \/>\n<meta name=\"robots\" content=\"index, follow, max-snippet:-1, max-image-preview:large, max-video-preview:-1\" \/>\n<link rel=\"canonical\" href=\"https:\/\/www.csj-emballages.com\/it\/produit\/scatola-per-pasti-in-cartone-225-x-180-x-90-mm-da-50\/\" \/>\n<meta property=\"og:locale\" content=\"it_IT\" \/>\n<meta property=\"og:type\" content=\"article\" \/>\n<meta property=\"og:title\" content=\"Scatola per pasti in cartone 225 x 180 x 90 mm da 50\" \/>\n<meta property=\"og:description\" content=\"Scopri la nostra scatola per pasti in cartone 225 x 180 x 90 mm: resistente, pratica ed eco-responsabile, perfetta per il trasporto dei tuoi pasti e snack.\" \/>\n<meta property=\"og:url\" content=\"https:\/\/www.csj-emballages.com\/it\/produit\/scatola-per-pasti-in-cartone-225-x-180-x-90-mm-da-50\/\" \/>\n<meta property=\"og:site_name\" content=\"CSJ Emballages\" \/>\n<meta property=\"article:publisher\" content=\"https:\/\/www.facebook.com\/csjemballages\" \/>\n<meta property=\"article:modified_time\" content=\"2026-04-17T00:14:05+00:00\" \/>\n<meta property=\"og:image\" content=\"https:\/\/www.csj-emballages.com\/wp-content\/uploads\/2024\/06\/HP4K.webp\" \/>\n\t<meta property=\"og:image:width\" content=\"800\" \/>\n\t<meta property=\"og:image:height\" content=\"800\" \/>\n\t<meta property=\"og:image:type\" content=\"image\/webp\" \/>\n<meta name=\"twitter:card\" content=\"summary_large_image\" \/>\n<meta name=\"twitter:label1\" content=\"Dur\u00e9e de lecture estim\u00e9e\" \/>\n\t<meta name=\"twitter:data1\" content=\"2 minuti\" \/>\n<script type=\"application\/ld+json\" class=\"yoast-schema-graph\">{\"@context\":\"https:\/\/schema.org\",\"@graph\":[{\"@type\":\"WebPage\",\"@id\":\"https:\/\/www.csj-emballages.com\/it\/produit\/scatola-per-pasti-in-cartone-225-x-180-x-90-mm-da-50\/\",\"url\":\"https:\/\/www.csj-emballages.com\/it\/produit\/scatola-per-pasti-in-cartone-225-x-180-x-90-mm-da-50\/\",\"name\":\"Scatola Pasti Cartone 225 x 180 x 90 mm da 50\",\"isPartOf\":{\"@id\":\"https:\/\/www.csj-emballages.com\/it\/#website\"},\"primaryImageOfPage\":{\"@id\":\"https:\/\/www.csj-emballages.com\/it\/produit\/scatola-per-pasti-in-cartone-225-x-180-x-90-mm-da-50\/#primaryimage\"},\"image\":{\"@id\":\"https:\/\/www.csj-emballages.com\/it\/produit\/scatola-per-pasti-in-cartone-225-x-180-x-90-mm-da-50\/#primaryimage\"},\"thumbnailUrl\":\"https:\/\/www.csj-emballages.com\/wp-content\/uploads\/2024\/06\/HP4K.webp\",\"datePublished\":\"2024-06-20T13:30:38+00:00\",\"dateModified\":\"2026-04-17T00:14:05+00:00\",\"description\":\"Scopri la nostra scatola per pasti in cartone 225 x 180 x 90 mm: resistente, pratica ed eco-responsabile, perfetta per il trasporto dei tuoi pasti e snack.\",\"breadcrumb\":{\"@id\":\"https:\/\/www.csj-emballages.com\/it\/produit\/scatola-per-pasti-in-cartone-225-x-180-x-90-mm-da-50\/#breadcrumb\"},\"inLanguage\":\"it-IT\",\"potentialAction\":[{\"@type\":\"ReadAction\",\"target\":[\"https:\/\/www.csj-emballages.com\/it\/produit\/scatola-per-pasti-in-cartone-225-x-180-x-90-mm-da-50\/\"]}]},{\"@type\":\"ImageObject\",\"inLanguage\":\"it-IT\",\"@id\":\"https:\/\/www.csj-emballages.com\/it\/produit\/scatola-per-pasti-in-cartone-225-x-180-x-90-mm-da-50\/#primaryimage\",\"url\":\"https:\/\/www.csj-emballages.com\/wp-content\/uploads\/2024\/06\/HP4K.webp\",\"contentUrl\":\"https:\/\/www.csj-emballages.com\/wp-content\/uploads\/2024\/06\/HP4K.webp\",\"width\":800,\"height\":800,\"caption\":\"Boite repas carton\"},{\"@type\":\"BreadcrumbList\",\"@id\":\"https:\/\/www.csj-emballages.com\/it\/produit\/scatola-per-pasti-in-cartone-225-x-180-x-90-mm-da-50\/#breadcrumb\",\"itemListElement\":[{\"@type\":\"ListItem\",\"position\":1,\"name\":\"Home\",\"item\":\"https:\/\/www.csj-emballages.com\/it\/universo-imballaggi-alimentari\/\"},{\"@type\":\"ListItem\",\"position\":2,\"name\":\"Negozio\",\"item\":\"https:\/\/www.csj-emballages.com\/it\/negozio\/\"},{\"@type\":\"ListItem\",\"position\":3,\"name\":\"Scatola per pasti in cartone 225 x 180 x 90 mm da 50\"}]},{\"@type\":\"WebSite\",\"@id\":\"https:\/\/www.csj-emballages.com\/it\/#website\",\"url\":\"https:\/\/www.csj-emballages.com\/it\/\",\"name\":\"CSJ Emballages\",\"description\":\"\",\"publisher\":{\"@id\":\"https:\/\/www.csj-emballages.com\/it\/#organization\"},\"potentialAction\":[{\"@type\":\"SearchAction\",\"target\":{\"@type\":\"EntryPoint\",\"urlTemplate\":\"https:\/\/www.csj-emballages.com\/it\/?s={search_term_string}\"},\"query-input\":{\"@type\":\"PropertyValueSpecification\",\"valueRequired\":true,\"valueName\":\"search_term_string\"}}],\"inLanguage\":\"it-IT\"},{\"@type\":\"Organization\",\"@id\":\"https:\/\/www.csj-emballages.com\/it\/#Organization\/\",\"name\":\"CSJ Emballages\",\"url\":\"https:\/\/www.csj-emballages.com\/it\/\",\"logo\":{\"@type\":\"ImageObject\",\"inLanguage\":\"it-IT\",\"@id\":\"https:\/\/www.csj-emballages.com\/it\/#\/schema\/logo\/image\/\",\"url\":\"https:\/\/www.csj-emballages.com\/wp-content\/uploads\/2023\/10\/logo_csj.webp\",\"contentUrl\":\"https:\/\/www.csj-emballages.com\/wp-content\/uploads\/2023\/10\/logo_csj.webp\",\"width\":250,\"height\":95,\"caption\":\"CSJ Emballages\"},\"image\":{\"@id\":\"https:\/\/www.csj-emballages.com\/it\/#\/schema\/logo\/image\/\"},\"sameAs\":[\"https:\/\/www.facebook.com\/csjemballages\"],\"address\":{\"@type\":\"PostalAddress\",\"streetAddress\":\"ZI La Lechere\",\"addressLocality\":\"Patornay\",\"postalCode\":\"39130\",\"addressCountry\":\"FR\"},\"contactPoint\":[{\"@type\":\"ContactPoint\",\"contactType\":\"Service client\",\"telephone\":\"0384254272\",\"email\":\"contact@csj-emballages.com\"}]}]}<\/script>\n<!-- \/ Yoast SEO Premium plugin. -->","yoast_head_json":{"title":"Scatola Pasti Cartone 225 x 180 x 90 mm da 50","description":"Scopri la nostra scatola per pasti in cartone 225 x 180 x 90 mm: resistente, pratica ed eco-responsabile, perfetta per il trasporto dei tuoi pasti e snack.","robots":{"index":"index","follow":"follow","max-snippet":"max-snippet:-1","max-image-preview":"max-image-preview:large","max-video-preview":"max-video-preview:-1"},"canonical":"https:\/\/www.csj-emballages.com\/it\/produit\/scatola-per-pasti-in-cartone-225-x-180-x-90-mm-da-50\/","og_locale":"it_IT","og_type":"article","og_title":"Scatola per pasti in cartone 225 x 180 x 90 mm da 50","og_description":"Scopri la nostra scatola per pasti in cartone 225 x 180 x 90 mm: resistente, pratica ed eco-responsabile, perfetta per il trasporto dei tuoi pasti e snack.","og_url":"https:\/\/www.csj-emballages.com\/it\/produit\/scatola-per-pasti-in-cartone-225-x-180-x-90-mm-da-50\/","og_site_name":"CSJ Emballages","article_publisher":"https:\/\/www.facebook.com\/csjemballages","article_modified_time":"2026-04-17T00:14:05+00:00","og_image":[{"width":800,"height":800,"url":"https:\/\/www.csj-emballages.com\/wp-content\/uploads\/2024\/06\/HP4K.webp","type":"image\/webp"}],"twitter_card":"summary_large_image","twitter_misc":{"Dur\u00e9e de lecture estim\u00e9e":"2 minuti"},"schema":{"@context":"https:\/\/schema.org","@graph":[{"@type":"WebPage","@id":"https:\/\/www.csj-emballages.com\/it\/produit\/scatola-per-pasti-in-cartone-225-x-180-x-90-mm-da-50\/","url":"https:\/\/www.csj-emballages.com\/it\/produit\/scatola-per-pasti-in-cartone-225-x-180-x-90-mm-da-50\/","name":"Scatola Pasti Cartone 225 x 180 x 90 mm da 50","isPartOf":{"@id":"https:\/\/www.csj-emballages.com\/it\/#website"},"primaryImageOfPage":{"@id":"https:\/\/www.csj-emballages.com\/it\/produit\/scatola-per-pasti-in-cartone-225-x-180-x-90-mm-da-50\/#primaryimage"},"image":{"@id":"https:\/\/www.csj-emballages.com\/it\/produit\/scatola-per-pasti-in-cartone-225-x-180-x-90-mm-da-50\/#primaryimage"},"thumbnailUrl":"https:\/\/www.csj-emballages.com\/wp-content\/uploads\/2024\/06\/HP4K.webp","datePublished":"2024-06-20T13:30:38+00:00","dateModified":"2026-04-17T00:14:05+00:00","description":"Scopri la nostra scatola per pasti in cartone 225 x 180 x 90 mm: resistente, pratica ed eco-responsabile, perfetta per il trasporto dei tuoi pasti e snack.","breadcrumb":{"@id":"https:\/\/www.csj-emballages.com\/it\/produit\/scatola-per-pasti-in-cartone-225-x-180-x-90-mm-da-50\/#breadcrumb"},"inLanguage":"it-IT","potentialAction":[{"@type":"ReadAction","target":["https:\/\/www.csj-emballages.com\/it\/produit\/scatola-per-pasti-in-cartone-225-x-180-x-90-mm-da-50\/"]}]},{"@type":"ImageObject","inLanguage":"it-IT","@id":"https:\/\/www.csj-emballages.com\/it\/produit\/scatola-per-pasti-in-cartone-225-x-180-x-90-mm-da-50\/#primaryimage","url":"https:\/\/www.csj-emballages.com\/wp-content\/uploads\/2024\/06\/HP4K.webp","contentUrl":"https:\/\/www.csj-emballages.com\/wp-content\/uploads\/2024\/06\/HP4K.webp","width":800,"height":800,"caption":"Boite repas carton"},{"@type":"BreadcrumbList","@id":"https:\/\/www.csj-emballages.com\/it\/produit\/scatola-per-pasti-in-cartone-225-x-180-x-90-mm-da-50\/#breadcrumb","itemListElement":[{"@type":"ListItem","position":1,"name":"Home","item":"https:\/\/www.csj-emballages.com\/it\/universo-imballaggi-alimentari\/"},{"@type":"ListItem","position":2,"name":"Negozio","item":"https:\/\/www.csj-emballages.com\/it\/negozio\/"},{"@type":"ListItem","position":3,"name":"Scatola per pasti in cartone 225 x 180 x 90 mm da 50"}]},{"@type":"WebSite","@id":"https:\/\/www.csj-emballages.com\/it\/#website","url":"https:\/\/www.csj-emballages.com\/it\/","name":"CSJ Emballages","description":"","publisher":{"@id":"https:\/\/www.csj-emballages.com\/it\/#organization"},"potentialAction":[{"@type":"SearchAction","target":{"@type":"EntryPoint","urlTemplate":"https:\/\/www.csj-emballages.com\/it\/?s={search_term_string}"},"query-input":{"@type":"PropertyValueSpecification","valueRequired":true,"valueName":"search_term_string"}}],"inLanguage":"it-IT"},{"@type":"Organization","@id":"https:\/\/www.csj-emballages.com\/it\/#Organization\/","name":"CSJ Emballages","url":"https:\/\/www.csj-emballages.com\/it\/","logo":{"@type":"ImageObject","inLanguage":"it-IT","@id":"https:\/\/www.csj-emballages.com\/it\/#\/schema\/logo\/image\/","url":"https:\/\/www.csj-emballages.com\/wp-content\/uploads\/2023\/10\/logo_csj.webp","contentUrl":"https:\/\/www.csj-emballages.com\/wp-content\/uploads\/2023\/10\/logo_csj.webp","width":250,"height":95,"caption":"CSJ Emballages"},"image":{"@id":"https:\/\/www.csj-emballages.com\/it\/#\/schema\/logo\/image\/"},"sameAs":["https:\/\/www.facebook.com\/csjemballages"],"address":{"@type":"PostalAddress","streetAddress":"ZI La Lechere","addressLocality":"Patornay","postalCode":"39130","addressCountry":"FR"},"contactPoint":[{"@type":"ContactPoint","contactType":"Service client","telephone":"0384254272","email":"contact@csj-emballages.com"}]}]}},"df_price":14.47,"df_sale_price":"","df_regular_price":14.47,"df_image_link":"https:\/\/www.csj-emballages.com\/wp-content\/uploads\/2024\/06\/HP4K-300x300.webp","tiered_pricing_type":"fixed","tiered_pricing_fixed_rules":[],"tiered_pricing_percentage_rules":[],"tiered_pricing_minimum":1,"tiered_pricing_roles_data":[],"_links":{"self":[{"href":"https:\/\/www.csj-emballages.com\/it\/wp-json\/wp\/v2\/product\/271783","targetHints":{"allow":["GET"]}}],"collection":[{"href":"https:\/\/www.csj-emballages.com\/it\/wp-json\/wp\/v2\/product"}],"about":[{"href":"https:\/\/www.csj-emballages.com\/it\/wp-json\/wp\/v2\/types\/product"}],"wp:featuredmedia":[{"embeddable":true,"href":"https:\/\/www.csj-emballages.com\/it\/wp-json\/wp\/v2\/media\/271790"}],"wp:attachment":[{"href":"https:\/\/www.csj-emballages.com\/it\/wp-json\/wp\/v2\/media?parent=271783"}],"wp:term":[{"taxonomy":"product_brand","embeddable":true,"href":"https:\/\/www.csj-emballages.com\/it\/wp-json\/wp\/v2\/product_brand?post=271783"},{"taxonomy":"product_cat","embeddable":true,"href":"https:\/\/www.csj-emballages.com\/it\/wp-json\/wp\/v2\/product_cat?post=271783"},{"taxonomy":"product_tag","embeddable":true,"href":"https:\/\/www.csj-emballages.com\/it\/wp-json\/wp\/v2\/product_tag?post=271783"}],"curies":[{"name":"wp","href":"https:\/\/api.w.org\/{rel}","templated":true}]}}