{"id":271757,"date":"2024-06-20T15:26:55","date_gmt":"2024-06-20T13:26:55","guid":{"rendered":"https:\/\/www.csj-emballages.com\/produit\/rotolo-termosaldabile-in-alluminio-senza-stampa-92g-35-cm-di-laize-10-kg\/"},"modified":"2026-03-26T02:13:40","modified_gmt":"2026-03-26T01:13:40","slug":"rotolo-termosaldabile-in-alluminio-senza-stampa-92g-35-cm-di-laize-10-kg","status":"publish","type":"product","link":"https:\/\/www.csj-emballages.com\/it\/produit\/rotolo-termosaldabile-in-alluminio-senza-stampa-92g-35-cm-di-laize-10-kg\/","title":{"rendered":"Rotolo termosaldabile in alluminio senza stampa 92g 35 cm di laize 10 kg"},"content":{"rendered":"<h2><strong>Rotolo termosaldabile in alluminio senza stampa 92g &#8211; 10kg<\/strong><\/h2>\n<div style=\"font-family: Roboto, sans-serif\">\n<div style=\"font-family: Roboto, sans-serif\">\n<div style=\"font-family: Roboto, sans-serif\">\n<div style=\"font-family: Roboto, sans-serif\">\n<div style=\"font-family: Roboto, sans-serif\">\n<div style=\"font-family: Roboto, sans-serif\">\n<hr>\n<h3>Descrizione del prodotto<\/h3>\n<div class=\"flex flex-grow flex-col max-w-full\">\n<div class=\"min-h-[20px] text-message flex flex-col items-start whitespace-pre-wrap break-words [.text-message+&amp;]:mt-5 juice:w-full juice:items-end overflow-x-auto gap-2\" dir=\"auto\" data-message-author-role=\"assistant\" data-message-id=\"1f0c3cb2-e885-433d-b1c5-b4dc35f163e4\">\n<div class=\"flex w-full flex-col gap-1 juice:empty:hidden juice:first:pt-[3px]\">\n<div class=\"markdown prose w-full break-words dark:prose-invert light\">\n<p>Il rotolo termosaldabile in alluminio senza stampa da 10kg \u00e8 ideale per confezionare il formaggio, garantendo una conservazione ottimale. Inoltre, grazie alla sua barriera anti-ossigeno, preserva la freschezza e gli aromi del formaggio. Questo rotolo assicura una perfetta tenuta contro l\u2019umidit\u00e0, prolungando cos\u00ec la durata del prodotto. \u00c8 adatto a diversi tipi di formaggi, dai pi\u00f9 delicati ai pi\u00f9 stagionati.   <\/p>\n<p>Il rotolo termosaldabile in alluminio senza stampa da 10 kg \u00e8 progettato per un uso semplice, ideale per le macchine termosaldatrici. Grazie alla compatibilit\u00e0 ottimale, consente un\u2019applicazione rapida ed efficace, semplificando il processo di confezionamento. Infine, con una grammatura di 92g\/m2, questo rotolo \u00e8 particolarmente adatto per l\u2019imballaggio e la conservazione dei formaggi, garantendone freschezza e protezione.  <\/p>\n<div class=\"group\/conversation-turn relative flex w-full min-w-0 flex-col agent-turn\">\n<div class=\"flex-col gap-1 md:gap-3\">\n<div class=\"flex flex-grow flex-col max-w-full\">\n<div class=\"min-h-[20px] text-message flex flex-col items-start whitespace-pre-wrap break-words [.text-message+&amp;]:mt-5 juice:w-full juice:items-end overflow-x-auto gap-2\" dir=\"auto\" data-message-author-role=\"assistant\" data-message-id=\"31cbdc1b-add2-4b03-8a61-e709407a54e5\">\n<div class=\"flex w-full flex-col gap-1 juice:empty:hidden juice:first:pt-[3px]\">\n<div class=\"markdown prose w-full break-words dark:prose-invert light\">\n<p><strong>I suoi vantaggi:<\/strong><\/p>\n<\/div>\n<\/div>\n<\/div>\n<\/div>\n<\/div>\n<\/div>\n<\/div>\n<\/div>\n<\/div>\n<\/div>\n<ul>\n<li><strong>Personalizzabile<\/strong>: Dai un tocco unico ai tuoi imballaggi con opzioni di personalizzazione come la stampa del tuo logo, motivi speciali&#8230; Perfetto per rafforzare l\u2019immagine del tuo marchio. <\/li>\n<li><strong>Versatilit\u00e0<\/strong>: Questo rotolo \u00e8 adatto a una variet\u00e0 di formaggi, dai pi\u00f9 delicati ai pi\u00f9 stagionati.<\/li>\n<\/ul>\n<p><strong>Altre informazioni:<\/strong><\/p>\n<ul>\n<li>Termosaldabile: S\u00ec<\/li>\n<li>Carta accoppiata alluminio + spalmatura PEBD<\/li>\n<li>Imballaggio ermetico igienico ed eccellente resistenza meccanica<\/li>\n<\/ul>\n<p>&nbsp;<\/p>\n<p><!--more--><\/p>\n<p><a href=\"https:\/\/www.csj-emballages.com\/it\/categorie-produit\/imballaggi-alimentari\/macelleria-gastronomia-ortofrutta\/carte-alimentari\/carta-accoppiata-alluminio\/\">Consulta il resto della nostra gamma di carta accoppiata alluminio<\/a><\/p>\n<\/div>\n<\/div>\n<\/div>\n<\/div>\n<\/div>\n<\/div>\n","protected":false},"excerpt":{"rendered":"<p>Rotolo termosaldabile in alluminio senza stampa 92g &#8211; 10kg Descrizione del prodotto Il rotolo termosaldabile in alluminio senza stampa da 10kg \u00e8 ideale per confezionare il formaggio, garantendo una conservazione ottimale. Inoltre, grazie alla sua barriera anti-ossigeno, preserva la freschezza e gli aromi del formaggio. Questo rotolo assicura una perfetta tenuta contro l\u2019umidit\u00e0, prolungando cos\u00ec [&hellip;]<\/p>\n","protected":false},"featured_media":271763,"template":"","meta":{"_acf_changed":false},"product_brand":[],"product_cat":[10346,10381,10395,11464],"product_tag":[],"class_list":{"0":"post-271757","1":"product","2":"type-product","3":"status-publish","4":"has-post-thumbnail","6":"product_cat-imballaggi-alimentari","7":"product_cat-macelleria-gastronomia-ortofrutta","8":"product_cat-carte-alimentari","9":"product_cat-carta-accoppiata-alluminio","11":"first","12":"instock","13":"taxable","14":"shipping-taxable","15":"purchasable","16":"product-type-simple"},"acf":[],"yoast_head":"<!-- This site is optimized with the Yoast SEO Premium plugin v26.6 (Yoast SEO v26.6) - https:\/\/yoast.com\/wordpress\/plugins\/seo\/ -->\n<title>Rotolo termosaldabile in alluminio senza stampa 92g\/m2 10kg<\/title>\n<meta name=\"description\" content=\"Rotolo termosaldabile in alluminio senza stampa! Dim: 350 mm! Scegli un rotolo di carta resistente, di qualit\u00e0, economico e a prezzo SCONTATO\" \/>\n<meta name=\"robots\" content=\"index, follow, max-snippet:-1, max-image-preview:large, max-video-preview:-1\" \/>\n<link rel=\"canonical\" href=\"https:\/\/www.csj-emballages.com\/it\/produit\/rotolo-termosaldabile-in-alluminio-senza-stampa-92g-35-cm-di-laize-10-kg\/\" \/>\n<meta property=\"og:locale\" content=\"it_IT\" \/>\n<meta property=\"og:type\" content=\"article\" \/>\n<meta property=\"og:title\" content=\"Rotolo termosaldabile in alluminio senza stampa 92g 35 cm di laize 10 kg\" \/>\n<meta property=\"og:description\" content=\"Rotolo termosaldabile in alluminio senza stampa! Dim: 350 mm! Scegli un rotolo di carta resistente, di qualit\u00e0, economico e a prezzo SCONTATO\" \/>\n<meta property=\"og:url\" content=\"https:\/\/www.csj-emballages.com\/it\/produit\/rotolo-termosaldabile-in-alluminio-senza-stampa-92g-35-cm-di-laize-10-kg\/\" \/>\n<meta property=\"og:site_name\" content=\"CSJ Emballages\" \/>\n<meta property=\"article:publisher\" content=\"https:\/\/www.facebook.com\/csjemballages\" \/>\n<meta property=\"article:modified_time\" content=\"2026-03-26T01:13:40+00:00\" \/>\n<meta property=\"og:image\" content=\"https:\/\/www.csj-emballages.com\/wp-content\/uploads\/2024\/06\/papier-thermoscellable-aluminium-1.webp\" \/>\n\t<meta property=\"og:image:width\" content=\"800\" \/>\n\t<meta property=\"og:image:height\" content=\"800\" \/>\n\t<meta property=\"og:image:type\" content=\"image\/jpeg\" \/>\n<meta name=\"twitter:card\" content=\"summary_large_image\" \/>\n<meta name=\"twitter:label1\" content=\"Dur\u00e9e de lecture estim\u00e9e\" \/>\n\t<meta name=\"twitter:data1\" content=\"1 minuto\" \/>\n<script type=\"application\/ld+json\" class=\"yoast-schema-graph\">{\"@context\":\"https:\/\/schema.org\",\"@graph\":[{\"@type\":\"WebPage\",\"@id\":\"https:\/\/www.csj-emballages.com\/it\/produit\/rotolo-termosaldabile-in-alluminio-senza-stampa-92g-35-cm-di-laize-10-kg\/\",\"url\":\"https:\/\/www.csj-emballages.com\/it\/produit\/rotolo-termosaldabile-in-alluminio-senza-stampa-92g-35-cm-di-laize-10-kg\/\",\"name\":\"Rotolo termosaldabile in alluminio senza stampa 92g\/m2 10kg\",\"isPartOf\":{\"@id\":\"https:\/\/www.csj-emballages.com\/it\/#website\"},\"primaryImageOfPage\":{\"@id\":\"https:\/\/www.csj-emballages.com\/it\/produit\/rotolo-termosaldabile-in-alluminio-senza-stampa-92g-35-cm-di-laize-10-kg\/#primaryimage\"},\"image\":{\"@id\":\"https:\/\/www.csj-emballages.com\/it\/produit\/rotolo-termosaldabile-in-alluminio-senza-stampa-92g-35-cm-di-laize-10-kg\/#primaryimage\"},\"thumbnailUrl\":\"https:\/\/www.csj-emballages.com\/wp-content\/uploads\/2024\/06\/papier-thermoscellable-aluminium-1.webp\",\"datePublished\":\"2024-06-20T13:26:55+00:00\",\"dateModified\":\"2026-03-26T01:13:40+00:00\",\"description\":\"Rotolo termosaldabile in alluminio senza stampa! Dim: 350 mm! Scegli un rotolo di carta resistente, di qualit\u00e0, economico e a prezzo SCONTATO\",\"breadcrumb\":{\"@id\":\"https:\/\/www.csj-emballages.com\/it\/produit\/rotolo-termosaldabile-in-alluminio-senza-stampa-92g-35-cm-di-laize-10-kg\/#breadcrumb\"},\"inLanguage\":\"it-IT\",\"potentialAction\":[{\"@type\":\"ReadAction\",\"target\":[\"https:\/\/www.csj-emballages.com\/it\/produit\/rotolo-termosaldabile-in-alluminio-senza-stampa-92g-35-cm-di-laize-10-kg\/\"]}]},{\"@type\":\"ImageObject\",\"inLanguage\":\"it-IT\",\"@id\":\"https:\/\/www.csj-emballages.com\/it\/produit\/rotolo-termosaldabile-in-alluminio-senza-stampa-92g-35-cm-di-laize-10-kg\/#primaryimage\",\"url\":\"https:\/\/www.csj-emballages.com\/wp-content\/uploads\/2024\/06\/papier-thermoscellable-aluminium-1.webp\",\"contentUrl\":\"https:\/\/www.csj-emballages.com\/wp-content\/uploads\/2024\/06\/papier-thermoscellable-aluminium-1.webp\",\"width\":800,\"height\":800,\"caption\":\"Rouleau thermoscellable aluminium\"},{\"@type\":\"BreadcrumbList\",\"@id\":\"https:\/\/www.csj-emballages.com\/it\/produit\/rotolo-termosaldabile-in-alluminio-senza-stampa-92g-35-cm-di-laize-10-kg\/#breadcrumb\",\"itemListElement\":[{\"@type\":\"ListItem\",\"position\":1,\"name\":\"Home\",\"item\":\"https:\/\/www.csj-emballages.com\/it\/universo-imballaggi-alimentari\/\"},{\"@type\":\"ListItem\",\"position\":2,\"name\":\"Negozio\",\"item\":\"https:\/\/www.csj-emballages.com\/it\/negozio\/\"},{\"@type\":\"ListItem\",\"position\":3,\"name\":\"Rotolo termosaldabile in alluminio senza stampa 92g 35 cm di laize 10 kg\"}]},{\"@type\":\"WebSite\",\"@id\":\"https:\/\/www.csj-emballages.com\/it\/#website\",\"url\":\"https:\/\/www.csj-emballages.com\/it\/\",\"name\":\"CSJ Emballages\",\"description\":\"\",\"publisher\":{\"@id\":\"https:\/\/www.csj-emballages.com\/it\/#organization\"},\"potentialAction\":[{\"@type\":\"SearchAction\",\"target\":{\"@type\":\"EntryPoint\",\"urlTemplate\":\"https:\/\/www.csj-emballages.com\/it\/?s={search_term_string}\"},\"query-input\":{\"@type\":\"PropertyValueSpecification\",\"valueRequired\":true,\"valueName\":\"search_term_string\"}}],\"inLanguage\":\"it-IT\"},{\"@type\":\"Organization\",\"@id\":\"https:\/\/www.csj-emballages.com\/it\/#Organization\/\",\"name\":\"CSJ Emballages\",\"url\":\"https:\/\/www.csj-emballages.com\/it\/\",\"logo\":{\"@type\":\"ImageObject\",\"inLanguage\":\"it-IT\",\"@id\":\"https:\/\/www.csj-emballages.com\/it\/#\/schema\/logo\/image\/\",\"url\":\"https:\/\/www.csj-emballages.com\/wp-content\/uploads\/2023\/10\/logo_csj.webp\",\"contentUrl\":\"https:\/\/www.csj-emballages.com\/wp-content\/uploads\/2023\/10\/logo_csj.webp\",\"width\":250,\"height\":95,\"caption\":\"CSJ Emballages\"},\"image\":{\"@id\":\"https:\/\/www.csj-emballages.com\/it\/#\/schema\/logo\/image\/\"},\"sameAs\":[\"https:\/\/www.facebook.com\/csjemballages\"],\"address\":{\"@type\":\"PostalAddress\",\"streetAddress\":\"ZI La Lechere\",\"addressLocality\":\"Patornay\",\"postalCode\":\"39130\",\"addressCountry\":\"FR\"},\"contactPoint\":[{\"@type\":\"ContactPoint\",\"contactType\":\"Service client\",\"telephone\":\"0384254272\",\"email\":\"contact@csj-emballages.com\"}]}]}<\/script>\n<!-- \/ Yoast SEO Premium plugin. -->","yoast_head_json":{"title":"Rotolo termosaldabile in alluminio senza stampa 92g\/m2 10kg","description":"Rotolo termosaldabile in alluminio senza stampa! Dim: 350 mm! Scegli un rotolo di carta resistente, di qualit\u00e0, economico e a prezzo SCONTATO","robots":{"index":"index","follow":"follow","max-snippet":"max-snippet:-1","max-image-preview":"max-image-preview:large","max-video-preview":"max-video-preview:-1"},"canonical":"https:\/\/www.csj-emballages.com\/it\/produit\/rotolo-termosaldabile-in-alluminio-senza-stampa-92g-35-cm-di-laize-10-kg\/","og_locale":"it_IT","og_type":"article","og_title":"Rotolo termosaldabile in alluminio senza stampa 92g 35 cm di laize 10 kg","og_description":"Rotolo termosaldabile in alluminio senza stampa! Dim: 350 mm! Scegli un rotolo di carta resistente, di qualit\u00e0, economico e a prezzo SCONTATO","og_url":"https:\/\/www.csj-emballages.com\/it\/produit\/rotolo-termosaldabile-in-alluminio-senza-stampa-92g-35-cm-di-laize-10-kg\/","og_site_name":"CSJ Emballages","article_publisher":"https:\/\/www.facebook.com\/csjemballages","article_modified_time":"2026-03-26T01:13:40+00:00","og_image":[{"width":800,"height":800,"url":"https:\/\/www.csj-emballages.com\/wp-content\/uploads\/2024\/06\/papier-thermoscellable-aluminium-1.webp","type":"image\/jpeg"}],"twitter_card":"summary_large_image","twitter_misc":{"Dur\u00e9e de lecture estim\u00e9e":"1 minuto"},"schema":{"@context":"https:\/\/schema.org","@graph":[{"@type":"WebPage","@id":"https:\/\/www.csj-emballages.com\/it\/produit\/rotolo-termosaldabile-in-alluminio-senza-stampa-92g-35-cm-di-laize-10-kg\/","url":"https:\/\/www.csj-emballages.com\/it\/produit\/rotolo-termosaldabile-in-alluminio-senza-stampa-92g-35-cm-di-laize-10-kg\/","name":"Rotolo termosaldabile in alluminio senza stampa 92g\/m2 10kg","isPartOf":{"@id":"https:\/\/www.csj-emballages.com\/it\/#website"},"primaryImageOfPage":{"@id":"https:\/\/www.csj-emballages.com\/it\/produit\/rotolo-termosaldabile-in-alluminio-senza-stampa-92g-35-cm-di-laize-10-kg\/#primaryimage"},"image":{"@id":"https:\/\/www.csj-emballages.com\/it\/produit\/rotolo-termosaldabile-in-alluminio-senza-stampa-92g-35-cm-di-laize-10-kg\/#primaryimage"},"thumbnailUrl":"https:\/\/www.csj-emballages.com\/wp-content\/uploads\/2024\/06\/papier-thermoscellable-aluminium-1.webp","datePublished":"2024-06-20T13:26:55+00:00","dateModified":"2026-03-26T01:13:40+00:00","description":"Rotolo termosaldabile in alluminio senza stampa! Dim: 350 mm! Scegli un rotolo di carta resistente, di qualit\u00e0, economico e a prezzo SCONTATO","breadcrumb":{"@id":"https:\/\/www.csj-emballages.com\/it\/produit\/rotolo-termosaldabile-in-alluminio-senza-stampa-92g-35-cm-di-laize-10-kg\/#breadcrumb"},"inLanguage":"it-IT","potentialAction":[{"@type":"ReadAction","target":["https:\/\/www.csj-emballages.com\/it\/produit\/rotolo-termosaldabile-in-alluminio-senza-stampa-92g-35-cm-di-laize-10-kg\/"]}]},{"@type":"ImageObject","inLanguage":"it-IT","@id":"https:\/\/www.csj-emballages.com\/it\/produit\/rotolo-termosaldabile-in-alluminio-senza-stampa-92g-35-cm-di-laize-10-kg\/#primaryimage","url":"https:\/\/www.csj-emballages.com\/wp-content\/uploads\/2024\/06\/papier-thermoscellable-aluminium-1.webp","contentUrl":"https:\/\/www.csj-emballages.com\/wp-content\/uploads\/2024\/06\/papier-thermoscellable-aluminium-1.webp","width":800,"height":800,"caption":"Rouleau thermoscellable aluminium"},{"@type":"BreadcrumbList","@id":"https:\/\/www.csj-emballages.com\/it\/produit\/rotolo-termosaldabile-in-alluminio-senza-stampa-92g-35-cm-di-laize-10-kg\/#breadcrumb","itemListElement":[{"@type":"ListItem","position":1,"name":"Home","item":"https:\/\/www.csj-emballages.com\/it\/universo-imballaggi-alimentari\/"},{"@type":"ListItem","position":2,"name":"Negozio","item":"https:\/\/www.csj-emballages.com\/it\/negozio\/"},{"@type":"ListItem","position":3,"name":"Rotolo termosaldabile in alluminio senza stampa 92g 35 cm di laize 10 kg"}]},{"@type":"WebSite","@id":"https:\/\/www.csj-emballages.com\/it\/#website","url":"https:\/\/www.csj-emballages.com\/it\/","name":"CSJ Emballages","description":"","publisher":{"@id":"https:\/\/www.csj-emballages.com\/it\/#organization"},"potentialAction":[{"@type":"SearchAction","target":{"@type":"EntryPoint","urlTemplate":"https:\/\/www.csj-emballages.com\/it\/?s={search_term_string}"},"query-input":{"@type":"PropertyValueSpecification","valueRequired":true,"valueName":"search_term_string"}}],"inLanguage":"it-IT"},{"@type":"Organization","@id":"https:\/\/www.csj-emballages.com\/it\/#Organization\/","name":"CSJ Emballages","url":"https:\/\/www.csj-emballages.com\/it\/","logo":{"@type":"ImageObject","inLanguage":"it-IT","@id":"https:\/\/www.csj-emballages.com\/it\/#\/schema\/logo\/image\/","url":"https:\/\/www.csj-emballages.com\/wp-content\/uploads\/2023\/10\/logo_csj.webp","contentUrl":"https:\/\/www.csj-emballages.com\/wp-content\/uploads\/2023\/10\/logo_csj.webp","width":250,"height":95,"caption":"CSJ Emballages"},"image":{"@id":"https:\/\/www.csj-emballages.com\/it\/#\/schema\/logo\/image\/"},"sameAs":["https:\/\/www.facebook.com\/csjemballages"],"address":{"@type":"PostalAddress","streetAddress":"ZI La Lechere","addressLocality":"Patornay","postalCode":"39130","addressCountry":"FR"},"contactPoint":[{"@type":"ContactPoint","contactType":"Service client","telephone":"0384254272","email":"contact@csj-emballages.com"}]}]}},"df_price":99.04,"df_sale_price":"","df_regular_price":99.04,"df_image_link":"https:\/\/www.csj-emballages.com\/wp-content\/uploads\/2024\/06\/papier-thermoscellable-aluminium-1-300x300.webp","tiered_pricing_type":"fixed","tiered_pricing_fixed_rules":[],"tiered_pricing_percentage_rules":[],"tiered_pricing_minimum":1,"tiered_pricing_roles_data":[],"_links":{"self":[{"href":"https:\/\/www.csj-emballages.com\/it\/wp-json\/wp\/v2\/product\/271757","targetHints":{"allow":["GET"]}}],"collection":[{"href":"https:\/\/www.csj-emballages.com\/it\/wp-json\/wp\/v2\/product"}],"about":[{"href":"https:\/\/www.csj-emballages.com\/it\/wp-json\/wp\/v2\/types\/product"}],"wp:featuredmedia":[{"embeddable":true,"href":"https:\/\/www.csj-emballages.com\/it\/wp-json\/wp\/v2\/media\/271763"}],"wp:attachment":[{"href":"https:\/\/www.csj-emballages.com\/it\/wp-json\/wp\/v2\/media?parent=271757"}],"wp:term":[{"taxonomy":"product_brand","embeddable":true,"href":"https:\/\/www.csj-emballages.com\/it\/wp-json\/wp\/v2\/product_brand?post=271757"},{"taxonomy":"product_cat","embeddable":true,"href":"https:\/\/www.csj-emballages.com\/it\/wp-json\/wp\/v2\/product_cat?post=271757"},{"taxonomy":"product_tag","embeddable":true,"href":"https:\/\/www.csj-emballages.com\/it\/wp-json\/wp\/v2\/product_tag?post=271757"}],"curies":[{"name":"wp","href":"https:\/\/api.w.org\/{rel}","templated":true}]}}