{"id":271745,"date":"2024-09-28T02:18:11","date_gmt":"2024-09-28T00:18:11","guid":{"rendered":"https:\/\/www.csj-emballages.com\/produit\/sacchetto-portabottiglie-kraft-con-finestra-pet-12-10-x-38-cm\/"},"modified":"2026-03-12T16:38:32","modified_gmt":"2026-03-12T15:38:32","slug":"sacchetto-portabottiglie-kraft-con-finestra-pet-12-10-x-38-cm","status":"publish","type":"product","link":"https:\/\/www.csj-emballages.com\/it\/produit\/sacchetto-portabottiglie-kraft-con-finestra-pet-12-10-x-38-cm\/","title":{"rendered":"Sacchetto portabottiglie kraft con finestra PET 12 + 10 x 38 cm"},"content":{"rendered":"<div style=\"font-family: Roboto, sans-serif;\">\n<div style=\"font-family: Roboto, sans-serif;\">\n<div style=\"font-family: Roboto, sans-serif;\">\n<div style=\"font-family: Roboto, sans-serif;\">\n<div style=\"font-family: Roboto, sans-serif;\">\n<div style=\"font-family: Roboto, sans-serif;\">\n<h2><strong style=\"font-family: Roboto, sans-serif;\">Sacchetto portabottiglie<\/strong><\/h2>\n<div style=\"font-family: Roboto, sans-serif;\">\n<div style=\"font-family: Roboto, sans-serif;\">\n<div style=\"font-family: Roboto, sans-serif;\">\n<div style=\"text-align: center;\">\n<div style=\"font-family: Roboto, sans-serif;\">\n<div style=\"font-family: Roboto, sans-serif;\">\n<div style=\"font-family: Roboto, sans-serif;\">\n<div style=\"font-family: Roboto, sans-serif;\">\n<div style=\"font-family: Roboto, sans-serif;\">\n<div style=\"font-family: Roboto, sans-serif; text-align: left;\">\n<hr>\n<h3 style=\"text-align: left;\">Descrizione del nostro sacchetto portabottiglie kraft con finestra PET 12 + 10 x 38 cm<\/h3>\n<p><!--more--><\/p>\n<\/div>\n<\/div>\n<\/div>\n<\/div>\n<\/div>\n<\/div>\n<\/div>\n<\/div>\n<\/div>\n<\/div>\n<p data-start=\"0\" data-end=\"515\">Offri alle tue bottiglie un contenitore <strong data-start=\"73\" data-end=\"84\">elegante<\/strong> e <strong data-start=\"88\" data-end=\"100\">pratico<\/strong> con il nostro <strong data-start=\"112\" data-end=\"163\">sacchetto portabottiglie kraft con finestra PET 12 + 10 x 38 cm<\/strong>. Progettato per valorizzare le tue vendite da asporto, questo sacchetto combina <strong data-start=\"223\" data-end=\"237\">resistenza<\/strong>, stile e visibilit\u00e0. Grazie alla sua <strong data-start=\"271\" data-end=\"302\">ampia finestra trasparente<\/strong>, i tuoi clienti possono ammirare la bottiglia a colpo d&#8217;occhio, mettendo immediatamente in risalto il prodotto, che si tratti di un vino raffinato, di un olio d&#8217;oliva artigianale o di una limonata artigianale.  <\/p>\n<p data-start=\"517\" data-end=\"856\">Realizzato in <strong data-start=\"529\" data-end=\"553\">carta kraft robusta<\/strong>, unisce una texture naturale e un look autentico che conquista al primo contatto. Inoltre, i suoi <strong data-start=\"653\" data-end=\"678\">manici in policotone<\/strong> aggiungono un tocco di eleganza garantendo un&#8217;ottima presa. Puoi quindi trasportare le tue bottiglie in tutta sicurezza, senza temere strappi.  <\/p>\n<p data-start=\"858\" data-end=\"1293\">Questo sacchetto si adatta perfettamente a enoteche, gastronomie, produttori locali o organizzatori di eventi che desiderano proporre un imballaggio <strong data-start=\"1000\" data-end=\"1011\">sostenibile<\/strong> e chic. Infatti, il kraft \u00e8 riconosciuto per la sua <strong data-start=\"1060\" data-end=\"1072\">solidit\u00e0<\/strong> e il suo aspetto <strong data-start=\"1087\" data-end=\"1105\">ecosostenibile<\/strong>, mentre la finestra PET trasparente permette di creare un <strong data-start=\"1165\" data-end=\"1182\">impatto visivo<\/strong> forte. Cos\u00ec, i tuoi prodotti si distinguono facilmente in vetrina o durante una presentazione in negozio.  <\/p>\n<p data-start=\"1295\" data-end=\"1731\">Infine, questo sacchetto \u00e8 anche un&#8217;ottima scelta per i regali. Il suo design sobrio ma raffinato lo rende un imballaggio ideale per regalare una bottiglia con eleganza, che sia per un compleanno, una festa o un ricevimento professionale. In sintesi, questo <strong data-start=\"1545\" data-end=\"1576\">sacchetto portabottiglie kraft con finestra<\/strong> non \u00e8 solo un contenitore: \u00e8 un vero asset di marketing che riflette la qualit\u00e0 del tuo marchio e l&#8217;attenzione che dedichi ai dettagli.  <\/p>\n<p data-start=\"1295\" data-end=\"1731\">\n<p><!--more--><\/p>\n<p style=\"text-align: left;\"><strong>Vantaggi:<\/strong><\/p>\n<ul style=\"text-align: left;\">\n<li><strong data-start=\"1945\" data-end=\"1976\">Ampia finestra trasparente<\/strong> per una visibilit\u00e0 immediata del contenuto.<\/li>\n<li><strong data-start=\"2023\" data-end=\"2048\">Manici in policotone<\/strong> eleganti e confortevoli.<\/li>\n<li><strong data-start=\"2080\" data-end=\"2106\">Carta kraft resistente<\/strong> e aspetto ecosostenibile.<\/li>\n<li>Ideale per vini, oli, limonate o regali.<\/li>\n<li>Valorizza i tuoi prodotti in negozio o durante eventi.<\/li>\n<\/ul>\n<\/div>\n<\/div>\n<\/div>\n<\/div>\n<\/div>\n<\/div>\n<div class=\"elementor elementor-175 elementor-location-footer\" data-elementor-type=\"footer\" data-elementor-id=\"175\" data-elementor-post-type=\"elementor_library\">\n<div class=\"elementor-element elementor-element-d413b54 e-flex e-con-boxed e-con e-parent e-lazyloaded\" data-id=\"d413b54\" data-element_type=\"container\">\n<div class=\"e-con-inner\">\n<div class=\"elementor-element elementor-element-9493a3c elementor-widget elementor-widget-shortcode\" data-id=\"9493a3c\" data-element_type=\"widget\" data-widget_type=\"shortcode.default\">\n<div class=\"elementor-widget-container\"><\/div>\n<\/div>\n<\/div>\n<\/div>\n<\/div>\n<p><!--more--><\/p>\n<h4>Altre informazioni:<\/h4>\n<ul>\n<li><strong>Confezione<\/strong>: Singolo<\/li>\n<li><strong>Dimensioni<\/strong>: 12 + 10 x 38 cm<\/li>\n<li><strong>Colore<\/strong>: Kraft<\/li>\n<li><strong>Materiale<\/strong>: Finestra PET &#8211; Manici policotone<\/li>\n<\/ul>\n<p>&nbsp;<\/p>\n<p style=\"text-align: left;\"><!--more--><\/p>\n<p><a href=\"https:\/\/www.csj-emballages.com\/it\/categorie-produit\/imballaggi-alimentari\/boutique-e-negozio\/sacchetti-buste\/sacchetti-per-bottiglie\/\">Consulta il resto della nostra gamma di sacchetti portabottiglie<\/a><\/p>\n","protected":false},"excerpt":{"rendered":"<p>Sacchetto portabottiglie Descrizione del nostro sacchetto portabottiglie kraft con finestra PET 12 + 10 x 38 cm<\/p>\n","protected":false},"featured_media":271746,"template":"","meta":{"_acf_changed":false},"product_brand":[],"product_cat":[10346,10345,11140,11139],"product_tag":[],"class_list":{"0":"post-271745","1":"product","2":"type-product","3":"status-publish","4":"has-post-thumbnail","6":"product_cat-imballaggi-alimentari","7":"product_cat-boutique-e-negozio","8":"product_cat-sacchetti-buste","9":"product_cat-sacchetti-per-bottiglie","11":"first","12":"instock","13":"taxable","14":"shipping-taxable","15":"purchasable","16":"product-type-simple"},"acf":[],"yoast_head":"<!-- This site is optimized with the Yoast SEO Premium plugin v26.6 (Yoast SEO v26.6) - https:\/\/yoast.com\/wordpress\/plugins\/seo\/ -->\n<title>Sacchetti portabottiglie - kraft con finestra<\/title>\n<meta name=\"description\" content=\"Scopri i nostri Sacchetti portabottiglie kraft con finestra PET (12 + 10 x 38 cm), robusti, eleganti ed ecologici, perfetti per valorizzare le tue bottiglie.\" \/>\n<meta name=\"robots\" content=\"index, follow, max-snippet:-1, max-image-preview:large, max-video-preview:-1\" \/>\n<link rel=\"canonical\" href=\"https:\/\/www.csj-emballages.com\/it\/produit\/sacchetto-portabottiglie-kraft-con-finestra-pet-12-10-x-38-cm\/\" \/>\n<meta property=\"og:locale\" content=\"it_IT\" \/>\n<meta property=\"og:type\" content=\"article\" \/>\n<meta property=\"og:title\" content=\"Sacchetto portabottiglie kraft con finestra PET 12 + 10 x 38 cm\" \/>\n<meta property=\"og:description\" content=\"Scopri i nostri Sacchetti portabottiglie kraft con finestra PET (12 + 10 x 38 cm), robusti, eleganti ed ecologici, perfetti per valorizzare le tue bottiglie.\" \/>\n<meta property=\"og:url\" content=\"https:\/\/www.csj-emballages.com\/it\/produit\/sacchetto-portabottiglie-kraft-con-finestra-pet-12-10-x-38-cm\/\" \/>\n<meta property=\"og:site_name\" content=\"CSJ Emballages\" \/>\n<meta property=\"article:publisher\" content=\"https:\/\/www.facebook.com\/csjemballages\" \/>\n<meta property=\"article:modified_time\" content=\"2026-03-12T15:38:32+00:00\" \/>\n<meta property=\"og:image\" content=\"https:\/\/www.csj-emballages.com\/wp-content\/uploads\/2024\/09\/SBK1238.webp\" \/>\n\t<meta property=\"og:image:width\" content=\"800\" \/>\n\t<meta property=\"og:image:height\" content=\"800\" \/>\n\t<meta property=\"og:image:type\" content=\"image\/webp\" \/>\n<meta name=\"twitter:card\" content=\"summary_large_image\" \/>\n<meta name=\"twitter:label1\" content=\"Dur\u00e9e de lecture estim\u00e9e\" \/>\n\t<meta name=\"twitter:data1\" content=\"2 minuti\" \/>\n<script type=\"application\/ld+json\" class=\"yoast-schema-graph\">{\"@context\":\"https:\/\/schema.org\",\"@graph\":[{\"@type\":\"WebPage\",\"@id\":\"https:\/\/www.csj-emballages.com\/it\/produit\/sacchetto-portabottiglie-kraft-con-finestra-pet-12-10-x-38-cm\/\",\"url\":\"https:\/\/www.csj-emballages.com\/it\/produit\/sacchetto-portabottiglie-kraft-con-finestra-pet-12-10-x-38-cm\/\",\"name\":\"Sacchetti portabottiglie - kraft con finestra\",\"isPartOf\":{\"@id\":\"https:\/\/www.csj-emballages.com\/it\/#website\"},\"primaryImageOfPage\":{\"@id\":\"https:\/\/www.csj-emballages.com\/it\/produit\/sacchetto-portabottiglie-kraft-con-finestra-pet-12-10-x-38-cm\/#primaryimage\"},\"image\":{\"@id\":\"https:\/\/www.csj-emballages.com\/it\/produit\/sacchetto-portabottiglie-kraft-con-finestra-pet-12-10-x-38-cm\/#primaryimage\"},\"thumbnailUrl\":\"https:\/\/www.csj-emballages.com\/wp-content\/uploads\/2024\/09\/SBK1238.webp\",\"datePublished\":\"2024-09-28T00:18:11+00:00\",\"dateModified\":\"2026-03-12T15:38:32+00:00\",\"description\":\"Scopri i nostri Sacchetti portabottiglie kraft con finestra PET (12 + 10 x 38 cm), robusti, eleganti ed ecologici, perfetti per valorizzare le tue bottiglie.\",\"breadcrumb\":{\"@id\":\"https:\/\/www.csj-emballages.com\/it\/produit\/sacchetto-portabottiglie-kraft-con-finestra-pet-12-10-x-38-cm\/#breadcrumb\"},\"inLanguage\":\"it-IT\",\"potentialAction\":[{\"@type\":\"ReadAction\",\"target\":[\"https:\/\/www.csj-emballages.com\/it\/produit\/sacchetto-portabottiglie-kraft-con-finestra-pet-12-10-x-38-cm\/\"]}]},{\"@type\":\"ImageObject\",\"inLanguage\":\"it-IT\",\"@id\":\"https:\/\/www.csj-emballages.com\/it\/produit\/sacchetto-portabottiglie-kraft-con-finestra-pet-12-10-x-38-cm\/#primaryimage\",\"url\":\"https:\/\/www.csj-emballages.com\/wp-content\/uploads\/2024\/09\/SBK1238.webp\",\"contentUrl\":\"https:\/\/www.csj-emballages.com\/wp-content\/uploads\/2024\/09\/SBK1238.webp\",\"width\":800,\"height\":800,\"caption\":\"Sac bouteille\"},{\"@type\":\"BreadcrumbList\",\"@id\":\"https:\/\/www.csj-emballages.com\/it\/produit\/sacchetto-portabottiglie-kraft-con-finestra-pet-12-10-x-38-cm\/#breadcrumb\",\"itemListElement\":[{\"@type\":\"ListItem\",\"position\":1,\"name\":\"Home\",\"item\":\"https:\/\/www.csj-emballages.com\/it\/universo-imballaggi-alimentari\/\"},{\"@type\":\"ListItem\",\"position\":2,\"name\":\"Negozio\",\"item\":\"https:\/\/www.csj-emballages.com\/it\/negozio\/\"},{\"@type\":\"ListItem\",\"position\":3,\"name\":\"Sacchetto portabottiglie kraft con finestra PET 12 + 10 x 38 cm\"}]},{\"@type\":\"WebSite\",\"@id\":\"https:\/\/www.csj-emballages.com\/it\/#website\",\"url\":\"https:\/\/www.csj-emballages.com\/it\/\",\"name\":\"CSJ Emballages\",\"description\":\"\",\"publisher\":{\"@id\":\"https:\/\/www.csj-emballages.com\/it\/#organization\"},\"potentialAction\":[{\"@type\":\"SearchAction\",\"target\":{\"@type\":\"EntryPoint\",\"urlTemplate\":\"https:\/\/www.csj-emballages.com\/it\/?s={search_term_string}\"},\"query-input\":{\"@type\":\"PropertyValueSpecification\",\"valueRequired\":true,\"valueName\":\"search_term_string\"}}],\"inLanguage\":\"it-IT\"},{\"@type\":\"Organization\",\"@id\":\"https:\/\/www.csj-emballages.com\/it\/#Organization\/\",\"name\":\"CSJ Emballages\",\"url\":\"https:\/\/www.csj-emballages.com\/it\/\",\"logo\":{\"@type\":\"ImageObject\",\"inLanguage\":\"it-IT\",\"@id\":\"https:\/\/www.csj-emballages.com\/it\/#\/schema\/logo\/image\/\",\"url\":\"https:\/\/www.csj-emballages.com\/wp-content\/uploads\/2023\/10\/logo_csj.webp\",\"contentUrl\":\"https:\/\/www.csj-emballages.com\/wp-content\/uploads\/2023\/10\/logo_csj.webp\",\"width\":250,\"height\":95,\"caption\":\"CSJ Emballages\"},\"image\":{\"@id\":\"https:\/\/www.csj-emballages.com\/it\/#\/schema\/logo\/image\/\"},\"sameAs\":[\"https:\/\/www.facebook.com\/csjemballages\"],\"address\":{\"@type\":\"PostalAddress\",\"streetAddress\":\"ZI La Lechere\",\"addressLocality\":\"Patornay\",\"postalCode\":\"39130\",\"addressCountry\":\"FR\"},\"contactPoint\":[{\"@type\":\"ContactPoint\",\"contactType\":\"Service client\",\"telephone\":\"0384254272\",\"email\":\"contact@csj-emballages.com\"}]}]}<\/script>\n<!-- \/ Yoast SEO Premium plugin. -->","yoast_head_json":{"title":"Sacchetti portabottiglie - kraft con finestra","description":"Scopri i nostri Sacchetti portabottiglie kraft con finestra PET (12 + 10 x 38 cm), robusti, eleganti ed ecologici, perfetti per valorizzare le tue bottiglie.","robots":{"index":"index","follow":"follow","max-snippet":"max-snippet:-1","max-image-preview":"max-image-preview:large","max-video-preview":"max-video-preview:-1"},"canonical":"https:\/\/www.csj-emballages.com\/it\/produit\/sacchetto-portabottiglie-kraft-con-finestra-pet-12-10-x-38-cm\/","og_locale":"it_IT","og_type":"article","og_title":"Sacchetto portabottiglie kraft con finestra PET 12 + 10 x 38 cm","og_description":"Scopri i nostri Sacchetti portabottiglie kraft con finestra PET (12 + 10 x 38 cm), robusti, eleganti ed ecologici, perfetti per valorizzare le tue bottiglie.","og_url":"https:\/\/www.csj-emballages.com\/it\/produit\/sacchetto-portabottiglie-kraft-con-finestra-pet-12-10-x-38-cm\/","og_site_name":"CSJ Emballages","article_publisher":"https:\/\/www.facebook.com\/csjemballages","article_modified_time":"2026-03-12T15:38:32+00:00","og_image":[{"width":800,"height":800,"url":"https:\/\/www.csj-emballages.com\/wp-content\/uploads\/2024\/09\/SBK1238.webp","type":"image\/webp"}],"twitter_card":"summary_large_image","twitter_misc":{"Dur\u00e9e de lecture estim\u00e9e":"2 minuti"},"schema":{"@context":"https:\/\/schema.org","@graph":[{"@type":"WebPage","@id":"https:\/\/www.csj-emballages.com\/it\/produit\/sacchetto-portabottiglie-kraft-con-finestra-pet-12-10-x-38-cm\/","url":"https:\/\/www.csj-emballages.com\/it\/produit\/sacchetto-portabottiglie-kraft-con-finestra-pet-12-10-x-38-cm\/","name":"Sacchetti portabottiglie - kraft con finestra","isPartOf":{"@id":"https:\/\/www.csj-emballages.com\/it\/#website"},"primaryImageOfPage":{"@id":"https:\/\/www.csj-emballages.com\/it\/produit\/sacchetto-portabottiglie-kraft-con-finestra-pet-12-10-x-38-cm\/#primaryimage"},"image":{"@id":"https:\/\/www.csj-emballages.com\/it\/produit\/sacchetto-portabottiglie-kraft-con-finestra-pet-12-10-x-38-cm\/#primaryimage"},"thumbnailUrl":"https:\/\/www.csj-emballages.com\/wp-content\/uploads\/2024\/09\/SBK1238.webp","datePublished":"2024-09-28T00:18:11+00:00","dateModified":"2026-03-12T15:38:32+00:00","description":"Scopri i nostri Sacchetti portabottiglie kraft con finestra PET (12 + 10 x 38 cm), robusti, eleganti ed ecologici, perfetti per valorizzare le tue bottiglie.","breadcrumb":{"@id":"https:\/\/www.csj-emballages.com\/it\/produit\/sacchetto-portabottiglie-kraft-con-finestra-pet-12-10-x-38-cm\/#breadcrumb"},"inLanguage":"it-IT","potentialAction":[{"@type":"ReadAction","target":["https:\/\/www.csj-emballages.com\/it\/produit\/sacchetto-portabottiglie-kraft-con-finestra-pet-12-10-x-38-cm\/"]}]},{"@type":"ImageObject","inLanguage":"it-IT","@id":"https:\/\/www.csj-emballages.com\/it\/produit\/sacchetto-portabottiglie-kraft-con-finestra-pet-12-10-x-38-cm\/#primaryimage","url":"https:\/\/www.csj-emballages.com\/wp-content\/uploads\/2024\/09\/SBK1238.webp","contentUrl":"https:\/\/www.csj-emballages.com\/wp-content\/uploads\/2024\/09\/SBK1238.webp","width":800,"height":800,"caption":"Sac bouteille"},{"@type":"BreadcrumbList","@id":"https:\/\/www.csj-emballages.com\/it\/produit\/sacchetto-portabottiglie-kraft-con-finestra-pet-12-10-x-38-cm\/#breadcrumb","itemListElement":[{"@type":"ListItem","position":1,"name":"Home","item":"https:\/\/www.csj-emballages.com\/it\/universo-imballaggi-alimentari\/"},{"@type":"ListItem","position":2,"name":"Negozio","item":"https:\/\/www.csj-emballages.com\/it\/negozio\/"},{"@type":"ListItem","position":3,"name":"Sacchetto portabottiglie kraft con finestra PET 12 + 10 x 38 cm"}]},{"@type":"WebSite","@id":"https:\/\/www.csj-emballages.com\/it\/#website","url":"https:\/\/www.csj-emballages.com\/it\/","name":"CSJ Emballages","description":"","publisher":{"@id":"https:\/\/www.csj-emballages.com\/it\/#organization"},"potentialAction":[{"@type":"SearchAction","target":{"@type":"EntryPoint","urlTemplate":"https:\/\/www.csj-emballages.com\/it\/?s={search_term_string}"},"query-input":{"@type":"PropertyValueSpecification","valueRequired":true,"valueName":"search_term_string"}}],"inLanguage":"it-IT"},{"@type":"Organization","@id":"https:\/\/www.csj-emballages.com\/it\/#Organization\/","name":"CSJ Emballages","url":"https:\/\/www.csj-emballages.com\/it\/","logo":{"@type":"ImageObject","inLanguage":"it-IT","@id":"https:\/\/www.csj-emballages.com\/it\/#\/schema\/logo\/image\/","url":"https:\/\/www.csj-emballages.com\/wp-content\/uploads\/2023\/10\/logo_csj.webp","contentUrl":"https:\/\/www.csj-emballages.com\/wp-content\/uploads\/2023\/10\/logo_csj.webp","width":250,"height":95,"caption":"CSJ Emballages"},"image":{"@id":"https:\/\/www.csj-emballages.com\/it\/#\/schema\/logo\/image\/"},"sameAs":["https:\/\/www.facebook.com\/csjemballages"],"address":{"@type":"PostalAddress","streetAddress":"ZI La Lechere","addressLocality":"Patornay","postalCode":"39130","addressCountry":"FR"},"contactPoint":[{"@type":"ContactPoint","contactType":"Service client","telephone":"0384254272","email":"contact@csj-emballages.com"}]}]}},"df_price":1.09,"df_sale_price":"","df_regular_price":1.09,"df_image_link":"https:\/\/www.csj-emballages.com\/wp-content\/uploads\/2024\/09\/SBK1238-300x300.webp","tiered_pricing_type":"fixed","tiered_pricing_fixed_rules":[],"tiered_pricing_percentage_rules":[],"tiered_pricing_minimum":1,"tiered_pricing_roles_data":[],"_links":{"self":[{"href":"https:\/\/www.csj-emballages.com\/it\/wp-json\/wp\/v2\/product\/271745","targetHints":{"allow":["GET"]}}],"collection":[{"href":"https:\/\/www.csj-emballages.com\/it\/wp-json\/wp\/v2\/product"}],"about":[{"href":"https:\/\/www.csj-emballages.com\/it\/wp-json\/wp\/v2\/types\/product"}],"wp:featuredmedia":[{"embeddable":true,"href":"https:\/\/www.csj-emballages.com\/it\/wp-json\/wp\/v2\/media\/271746"}],"wp:attachment":[{"href":"https:\/\/www.csj-emballages.com\/it\/wp-json\/wp\/v2\/media?parent=271745"}],"wp:term":[{"taxonomy":"product_brand","embeddable":true,"href":"https:\/\/www.csj-emballages.com\/it\/wp-json\/wp\/v2\/product_brand?post=271745"},{"taxonomy":"product_cat","embeddable":true,"href":"https:\/\/www.csj-emballages.com\/it\/wp-json\/wp\/v2\/product_cat?post=271745"},{"taxonomy":"product_tag","embeddable":true,"href":"https:\/\/www.csj-emballages.com\/it\/wp-json\/wp\/v2\/product_tag?post=271745"}],"curies":[{"name":"wp","href":"https:\/\/api.w.org\/{rel}","templated":true}]}}