{"id":271721,"date":"2024-09-06T02:18:16","date_gmt":"2024-09-06T00:18:16","guid":{"rendered":"https:\/\/www.csj-emballages.com\/produit\/scatola-per-tronchetto-natale-magico-30-x-11-x-10-cm-25-pezzi\/"},"modified":"2026-03-12T16:11:32","modified_gmt":"2026-03-12T15:11:32","slug":"scatola-per-tronchetto-natale-magico-30-x-11-x-10-cm-25-pezzi","status":"publish","type":"product","link":"https:\/\/www.csj-emballages.com\/it\/produit\/scatola-per-tronchetto-natale-magico-30-x-11-x-10-cm-25-pezzi\/","title":{"rendered":"Scatola per tronchetto &#8220;Natale magico&#8221; 30 x 11 x 10 cm &#8211; 25 pezzi"},"content":{"rendered":"<div style=\"font-family: Roboto, sans-serif;\">\n<div style=\"font-family: Roboto, sans-serif;\">\n<div style=\"font-family: Roboto, sans-serif;\">\n<div style=\"font-family: Roboto, sans-serif;\">\n<div style=\"font-family: Roboto, sans-serif;\">\n<div style=\"font-family: Roboto, sans-serif;\">\n<div style=\"font-family: Roboto, sans-serif;\">\n<div style=\"font-family: Roboto, sans-serif;\">\n<div style=\"font-family: Roboto, sans-serif;\">\n<div style=\"font-family: Roboto, sans-serif;\">\n<div style=\"font-family: Roboto, sans-serif;\">\n<div style=\"font-family: Roboto, sans-serif;\">\n<div style=\"font-family: Roboto, sans-serif;\">\n<div class=\"flex flex-grow flex-col max-w-full\">\n<div class=\"min-h-[20px] text-message flex flex-col items-start whitespace-pre-wrap break-words [.text-message+&amp;]:mt-5 juice:w-full juice:items-end overflow-x-auto gap-2\" dir=\"auto\" data-message-author-role=\"assistant\" data-message-id=\"2034782e-88f9-44ef-b4dc-07dd7bf0115f\">\n<div class=\"flex w-full flex-col gap-1 juice:empty:hidden juice:first:pt-[3px]\">\n<div class=\"markdown prose w-full break-words dark:prose-invert light\">\n<div style=\"font-family: Roboto, sans-serif;\">\n<div style=\"font-family: Roboto, sans-serif;\">\n<div style=\"font-family: Roboto, sans-serif;\">\n<div style=\"font-family: Roboto, sans-serif;\">\n<div style=\"font-family: Roboto, sans-serif;\">\n<div style=\"font-family: Roboto, sans-serif;\">\n<h2>Scatola per tronchetto<\/h2>\n<div style=\"font-family: Roboto, sans-serif;\">\n<div style=\"font-family: Roboto, sans-serif;\">\n<div style=\"font-family: Roboto, sans-serif;\">\n<div style=\"text-align: center;\">\n<div style=\"font-family: Roboto, sans-serif;\">\n<div style=\"font-family: Roboto, sans-serif;\">\n<div style=\"font-family: Roboto, sans-serif;\">\n<div style=\"font-family: Roboto, sans-serif;\">\n<div style=\"font-family: Roboto, sans-serif;\">\n<div style=\"font-family: Roboto, sans-serif; text-align: left;\">\n<hr>\n<h3 style=\"text-align: left;\">Descrizione della nostra scatola per tronchetto &#8220;Natale Magico&#8221; 30x11x10 cm<!--more--><\/h3>\n<\/div>\n<\/div>\n<\/div>\n<\/div>\n<\/div>\n<\/div>\n<\/div>\n<\/div>\n<\/div>\n<\/div>\n<\/div>\n<\/div>\n<\/div>\n<\/div>\n<\/div>\n<\/div>\n<\/div>\n<\/div>\n<\/div>\n<\/div>\n<\/div>\n<\/div>\n<\/div>\n<\/div>\n<\/div>\n<\/div>\n<\/div>\n<\/div>\n<\/div>\n<\/div>\n<\/div>\n<\/div>\n<\/div>\n<p>La <strong>scatola per tronchetto<\/strong> <strong>&#8220;Natale Magico&#8221; 30 x 11 x 10 cm<\/strong> in confezione da <strong>25<\/strong> \u00e8 un prodotto ideale per celebrare le feste con eleganza e praticit\u00e0. La sua dimensione \u00e8 perfettamente adatta per ospitare tronchetti di Natale generosi e golosi, garantendo un trasporto sicuro e senza intoppi. Progettata per soddisfare le esigenze dei professionisti della pasticceria, questa <strong>scatola<\/strong> unisce robustezza ed estetica.  <\/p>\n<p>Indispensabile, \u00e8 realizzata con materiali di qualit\u00e0 che assicurano una presentazione impeccabile dei tuoi dessert. La sua struttura solida mantiene la forma del tronchetto, anche durante i tragitti pi\u00f9 lunghi. Che tu sia pasticciere, catering o chef, la <strong>scatola per tronchetto<\/strong> <strong>&#8220;Natale Magico&#8221;<\/strong> protegge le tue creazioni valorizzandole grazie al suo design elegante.  <\/p>\n<p>&nbsp;<\/p>\n<p><!--more--><\/p>\n<h4>Perch\u00e9 utilizzare le nostre scatole per tronchetto?<\/h4>\n<p>Il suo colore delicato, arricchito da illustrazioni festive, ispira immediatamente lo spirito natalizio. Crea un effetto visivo accattivante, trasformando la semplice <strong>scatola per tronchetto<\/strong> in un vero elemento decorativo per la tavola. La presentazione \u00e8 un fattore essenziale per conquistare i clienti; questa <strong>scatola<\/strong> risponde pienamente a tale esigenza. Rende ogni dessert un momento unico, mantenendo un eccellente rapporto qualit\u00e0-prezzo.   <\/p>\n<p>Oltre al design festivo, \u00e8 facile da montare, offrendo un notevole risparmio di tempo per i professionisti durante il periodo delle feste. Il suo design permette inoltre una chiusura ermetica. Oltre a proteggere i dessert dagli urti, la <strong>scatola per tronchetto<\/strong> assicura anche un&#8217;ottima igiene.  <\/p>\n<p>Il lotto da 25 <strong>scatole per tronchetto<\/strong> <strong>&#8220;Natale Magico&#8221;<\/strong> \u00e8 perfetto per anticipare l&#8217;elevata domanda del periodo festivo. Potrai cos\u00ec preparare i tuoi ordini senza preoccuparti delle scorte. Queste <strong>scatole per tronchetto<\/strong> sono pratiche per le grandi produzioni pur rimanendo eleganti, il che \u00e8 essenziale per rafforzare l&#8217;immagine di qualit\u00e0 del tuo marchio.  <\/p>\n<p>&nbsp;<\/p>\n<p><!--more--><\/p>\n<div style=\"font-family: Roboto, sans-serif;\">\n<div style=\"font-family: Roboto, sans-serif;\">\n<div style=\"font-family: Roboto, sans-serif;\">\n<div style=\"font-family: Roboto, sans-serif;\">\n<div style=\"font-family: Roboto, sans-serif;\">\n<div style=\"font-family: Roboto, sans-serif;\">\n<div style=\"font-family: Roboto, sans-serif;\">\n<div style=\"font-family: Roboto, sans-serif;\">\n<div style=\"font-family: Roboto, sans-serif;\">\n<div style=\"font-family: Roboto, sans-serif;\">\n<div style=\"font-family: Roboto, sans-serif;\">\n<div style=\"font-family: Roboto, sans-serif;\">\n<div style=\"font-family: Roboto, sans-serif;\">\n<div class=\"flex flex-grow flex-col max-w-full\">\n<div class=\"min-h-[20px] text-message flex flex-col items-start whitespace-pre-wrap break-words [.text-message+&amp;]:mt-5 juice:w-full juice:items-end overflow-x-auto gap-2\" dir=\"auto\" data-message-author-role=\"assistant\" data-message-id=\"2034782e-88f9-44ef-b4dc-07dd7bf0115f\">\n<div class=\"flex w-full flex-col gap-1 juice:empty:hidden juice:first:pt-[3px]\">\n<div class=\"markdown prose w-full break-words dark:prose-invert light\">\n<div style=\"font-family: Roboto, sans-serif;\">\n<div style=\"font-family: Roboto, sans-serif;\">\n<div style=\"font-family: Roboto, sans-serif;\">\n<div style=\"font-family: Roboto, sans-serif;\">\n<div style=\"font-family: Roboto, sans-serif;\">\n<div style=\"font-family: Roboto, sans-serif;\">\n<p>Infine, questa <strong>scatola<\/strong> si adatta facilmente a diversi tipi di tronchetti: cioccolato, frutta, mousse o pan di spagna. Permette una presentazione raffinata pur essendo abbastanza spaziosa per guarnizioni generose. Questo prodotto, per il suo design curato, il formato pratico e l&#8217;estetica festiva, \u00e8 un must delle festivit\u00e0 di fine anno.  <\/p>\n<p>Scegli la <strong>scatola per tronchetto<\/strong> <strong>&#8220;Natale Magico&#8221;<\/strong> per valorizzare le tue creazioni e soddisfare i tuoi clienti in cerca di eleganza e praticit\u00e0<\/p>\n<p>&nbsp;<\/p>\n<p><!--more--><\/p>\n<h4 style=\"text-align: left;\"><strong>I vantaggi della nostra <\/strong>scatola per tronchetto &#8220;Natale <strong>Magico<\/strong>&#8221; 30x11x10 cm <strong>:<\/strong><\/h4>\n<ul style=\"text-align: left;\">\n<li><strong>Dimensioni adatte<\/strong>: le sue misure di <strong>30 x 11 x 10 cm<\/strong> sono perfette per un tronchetto di dimensioni standard.<\/li>\n<li><strong>Design festivo<\/strong>: con la sua estetica ispirata al Natale, questa <strong>scatola<\/strong> aggiunge un tocco di magia ai tuoi dessert.<\/li>\n<li><strong>Protezione ottimale<\/strong>: la <strong>scatola<\/strong> \u00e8 dotata di una chiusura sicura, che protegge efficacemente il tuo tronchetto durante il trasporto o lo stoccaggio.<\/li>\n<li><strong>Praticit\u00e0<\/strong>: il suo design permette una manipolazione semplice e una presentazione curata.<\/li>\n<\/ul>\n<\/div>\n<\/div>\n<\/div>\n<\/div>\n<\/div>\n<\/div>\n<\/div>\n<\/div>\n<\/div>\n<\/div>\n<\/div>\n<\/div>\n<p>&nbsp;<\/p>\n<\/div>\n<\/div>\n<\/div>\n<\/div>\n<\/div>\n<\/div>\n<\/div>\n<\/div>\n<\/div>\n<\/div>\n<\/div>\n<p><!--more--><\/p>\n<h4>Altre informazioni su questo prodotto:<\/h4>\n<ul style=\"font-family: Roboto, sans-serif;\">\n<li><strong>Confezione<\/strong>: Pacco da 25<\/li>\n<li><span style=\"font-weight: bold;\">Dimensioni<\/span>: 30 x 11 x 10 cm (L x l x h)<\/li>\n<\/ul>\n<p>&nbsp;<\/p>\n<p style=\"text-align: left;\"><!--more--><\/p>\n<p><a href=\"https:\/\/www.csj-emballages.com\/it\/categorie-produit\/imballaggi-alimentari\/panetteria-pasticceria\/scatola-e-astuccio\/scatole-per-tronchetto\/\">Consulta il resto della nostra gamma di scatole per tronchetto &#8216;Natale Magico&#8217;<\/a><\/p>\n<p>&nbsp;<\/p>\n","protected":false},"excerpt":{"rendered":"<p>Scatola per tronchetto Descrizione della nostra scatola per tronchetto &#8220;Natale Magico&#8221; 30x11x10 cm<\/p>\n","protected":false},"featured_media":271720,"template":"","meta":{"_acf_changed":false},"product_brand":[],"product_cat":[10346,10344,10513,10571,11452],"product_tag":[],"class_list":{"0":"post-271721","1":"product","2":"type-product","3":"status-publish","4":"has-post-thumbnail","6":"product_cat-imballaggi-alimentari","7":"product_cat-panetteria-pasticceria","8":"product_cat-scatola-e-astuccio","9":"product_cat-scatole-per-tronchetto","10":"product_cat-scatole-per-tronchetto-natale-incantato","12":"first","13":"instock","14":"taxable","15":"shipping-taxable","16":"purchasable","17":"product-type-simple"},"acf":[],"yoast_head":"<!-- This site is optimized with the Yoast SEO Premium plugin v26.6 (Yoast SEO v26.6) - https:\/\/yoast.com\/wordpress\/plugins\/seo\/ -->\n<title>Scatola per tronchetto 30x11x10 cm - Modello &#039;Natale Magico&#039;<\/title>\n<meta name=\"description\" content=\"La scatola per tronchetto &quot;Natale magico&quot; 30 x 11 x 10 cm offre un design festivo e una protezione ottimale. Ideale per valorizzare i tuoi dessert natalizi con eleganza.\" \/>\n<meta name=\"robots\" content=\"index, follow, max-snippet:-1, max-image-preview:large, max-video-preview:-1\" \/>\n<link rel=\"canonical\" href=\"https:\/\/www.csj-emballages.com\/it\/produit\/scatola-per-tronchetto-natale-magico-30-x-11-x-10-cm-25-pezzi\/\" \/>\n<meta property=\"og:locale\" content=\"it_IT\" \/>\n<meta property=\"og:type\" content=\"article\" \/>\n<meta property=\"og:title\" content=\"Scatola per tronchetto 30x11x10 cm - Modello &#039;Natale Magico&#039;\" \/>\n<meta property=\"og:description\" content=\"La scatola per tronchetto &quot;Natale magico&quot; 30 x 11 x 10 cm offre un design festivo e una protezione ottimale. Ideale per valorizzare i tuoi dessert natalizi con eleganza.\" \/>\n<meta property=\"og:url\" content=\"https:\/\/www.csj-emballages.com\/it\/produit\/scatola-per-tronchetto-natale-magico-30-x-11-x-10-cm-25-pezzi\/\" \/>\n<meta property=\"og:site_name\" content=\"CSJ Emballages\" \/>\n<meta property=\"article:publisher\" content=\"https:\/\/www.facebook.com\/csjemballages\" \/>\n<meta property=\"article:modified_time\" content=\"2026-03-12T15:11:32+00:00\" \/>\n<meta property=\"og:image\" content=\"https:\/\/www.csj-emballages.com\/wp-content\/uploads\/2024\/09\/e-amande-4-1-4-300x300.png\" \/>\n<meta name=\"twitter:card\" content=\"summary_large_image\" \/>\n<meta name=\"twitter:title\" content=\"Scatola per tronchetto 30x11x10 cm - Modello &#039;Natale Magico&#039;\" \/>\n<meta name=\"twitter:description\" content=\"La scatola per tronchetto &quot;Natale magico&quot; 30 x 11 x 10 cm offre un design festivo e una protezione ottimale. Ideale per valorizzare i tuoi dessert natalizi con eleganza.\" \/>\n<meta name=\"twitter:image\" content=\"https:\/\/www.csj-emballages.com\/wp-content\/uploads\/2024\/09\/e-amande-4-1-4-1024x1024.png\" \/>\n<meta name=\"twitter:label1\" content=\"Dur\u00e9e de lecture estim\u00e9e\" \/>\n\t<meta name=\"twitter:data1\" content=\"2 minuti\" \/>\n<script type=\"application\/ld+json\" class=\"yoast-schema-graph\">{\"@context\":\"https:\/\/schema.org\",\"@graph\":[{\"@type\":\"WebPage\",\"@id\":\"https:\/\/www.csj-emballages.com\/it\/produit\/scatola-per-tronchetto-natale-magico-30-x-11-x-10-cm-25-pezzi\/\",\"url\":\"https:\/\/www.csj-emballages.com\/it\/produit\/scatola-per-tronchetto-natale-magico-30-x-11-x-10-cm-25-pezzi\/\",\"name\":\"Scatola per tronchetto 30x11x10 cm - Modello 'Natale Magico'\",\"isPartOf\":{\"@id\":\"https:\/\/www.csj-emballages.com\/it\/#website\"},\"primaryImageOfPage\":{\"@id\":\"https:\/\/www.csj-emballages.com\/it\/produit\/scatola-per-tronchetto-natale-magico-30-x-11-x-10-cm-25-pezzi\/#primaryimage\"},\"image\":{\"@id\":\"https:\/\/www.csj-emballages.com\/it\/produit\/scatola-per-tronchetto-natale-magico-30-x-11-x-10-cm-25-pezzi\/#primaryimage\"},\"thumbnailUrl\":\"https:\/\/www.csj-emballages.com\/wp-content\/uploads\/2024\/09\/Buche-1-png-e1732692086559.webp\",\"datePublished\":\"2024-09-06T00:18:16+00:00\",\"dateModified\":\"2026-03-12T15:11:32+00:00\",\"description\":\"La scatola per tronchetto \\\"Natale magico\\\" 30 x 11 x 10 cm offre un design festivo e una protezione ottimale. Ideale per valorizzare i tuoi dessert natalizi con eleganza.\",\"breadcrumb\":{\"@id\":\"https:\/\/www.csj-emballages.com\/it\/produit\/scatola-per-tronchetto-natale-magico-30-x-11-x-10-cm-25-pezzi\/#breadcrumb\"},\"inLanguage\":\"it-IT\",\"potentialAction\":[{\"@type\":\"ReadAction\",\"target\":[\"https:\/\/www.csj-emballages.com\/it\/produit\/scatola-per-tronchetto-natale-magico-30-x-11-x-10-cm-25-pezzi\/\"]}]},{\"@type\":\"ImageObject\",\"inLanguage\":\"it-IT\",\"@id\":\"https:\/\/www.csj-emballages.com\/it\/produit\/scatola-per-tronchetto-natale-magico-30-x-11-x-10-cm-25-pezzi\/#primaryimage\",\"url\":\"https:\/\/www.csj-emballages.com\/wp-content\/uploads\/2024\/09\/Buche-1-png-e1732692086559.webp\",\"contentUrl\":\"https:\/\/www.csj-emballages.com\/wp-content\/uploads\/2024\/09\/Buche-1-png-e1732692086559.webp\",\"width\":800,\"height\":800,\"caption\":\"boite a buche\"},{\"@type\":\"BreadcrumbList\",\"@id\":\"https:\/\/www.csj-emballages.com\/it\/produit\/scatola-per-tronchetto-natale-magico-30-x-11-x-10-cm-25-pezzi\/#breadcrumb\",\"itemListElement\":[{\"@type\":\"ListItem\",\"position\":1,\"name\":\"Home\",\"item\":\"https:\/\/www.csj-emballages.com\/it\/universo-imballaggi-alimentari\/\"},{\"@type\":\"ListItem\",\"position\":2,\"name\":\"Negozio\",\"item\":\"https:\/\/www.csj-emballages.com\/it\/negozio\/\"},{\"@type\":\"ListItem\",\"position\":3,\"name\":\"Scatola per tronchetto \u00ab\u00a0Natale magico\u00a0\u00bb 30 x 11 x 10 cm &#8211; 25 pezzi\"}]},{\"@type\":\"WebSite\",\"@id\":\"https:\/\/www.csj-emballages.com\/it\/#website\",\"url\":\"https:\/\/www.csj-emballages.com\/it\/\",\"name\":\"CSJ Emballages\",\"description\":\"\",\"publisher\":{\"@id\":\"https:\/\/www.csj-emballages.com\/it\/#organization\"},\"potentialAction\":[{\"@type\":\"SearchAction\",\"target\":{\"@type\":\"EntryPoint\",\"urlTemplate\":\"https:\/\/www.csj-emballages.com\/it\/?s={search_term_string}\"},\"query-input\":{\"@type\":\"PropertyValueSpecification\",\"valueRequired\":true,\"valueName\":\"search_term_string\"}}],\"inLanguage\":\"it-IT\"},{\"@type\":\"Organization\",\"@id\":\"https:\/\/www.csj-emballages.com\/it\/#Organization\/\",\"name\":\"CSJ Emballages\",\"url\":\"https:\/\/www.csj-emballages.com\/it\/\",\"logo\":{\"@type\":\"ImageObject\",\"inLanguage\":\"it-IT\",\"@id\":\"https:\/\/www.csj-emballages.com\/it\/#\/schema\/logo\/image\/\",\"url\":\"https:\/\/www.csj-emballages.com\/wp-content\/uploads\/2023\/10\/logo_csj.webp\",\"contentUrl\":\"https:\/\/www.csj-emballages.com\/wp-content\/uploads\/2023\/10\/logo_csj.webp\",\"width\":250,\"height\":95,\"caption\":\"CSJ Emballages\"},\"image\":{\"@id\":\"https:\/\/www.csj-emballages.com\/it\/#\/schema\/logo\/image\/\"},\"sameAs\":[\"https:\/\/www.facebook.com\/csjemballages\"],\"address\":{\"@type\":\"PostalAddress\",\"streetAddress\":\"ZI La Lechere\",\"addressLocality\":\"Patornay\",\"postalCode\":\"39130\",\"addressCountry\":\"FR\"},\"contactPoint\":[{\"@type\":\"ContactPoint\",\"contactType\":\"Service client\",\"telephone\":\"0384254272\",\"email\":\"contact@csj-emballages.com\"}]}]}<\/script>\n<!-- \/ Yoast SEO Premium plugin. -->","yoast_head_json":{"title":"Scatola per tronchetto 30x11x10 cm - Modello 'Natale Magico'","description":"La scatola per tronchetto \"Natale magico\" 30 x 11 x 10 cm offre un design festivo e una protezione ottimale. Ideale per valorizzare i tuoi dessert natalizi con eleganza.","robots":{"index":"index","follow":"follow","max-snippet":"max-snippet:-1","max-image-preview":"max-image-preview:large","max-video-preview":"max-video-preview:-1"},"canonical":"https:\/\/www.csj-emballages.com\/it\/produit\/scatola-per-tronchetto-natale-magico-30-x-11-x-10-cm-25-pezzi\/","og_locale":"it_IT","og_type":"article","og_title":"Scatola per tronchetto 30x11x10 cm - Modello 'Natale Magico'","og_description":"La scatola per tronchetto \"Natale magico\" 30 x 11 x 10 cm offre un design festivo e una protezione ottimale. Ideale per valorizzare i tuoi dessert natalizi con eleganza.","og_url":"https:\/\/www.csj-emballages.com\/it\/produit\/scatola-per-tronchetto-natale-magico-30-x-11-x-10-cm-25-pezzi\/","og_site_name":"CSJ Emballages","article_publisher":"https:\/\/www.facebook.com\/csjemballages","article_modified_time":"2026-03-12T15:11:32+00:00","og_image":[{"url":"https:\/\/www.csj-emballages.com\/wp-content\/uploads\/2024\/09\/e-amande-4-1-4-300x300.png","type":"","width":"","height":""}],"twitter_card":"summary_large_image","twitter_title":"Scatola per tronchetto 30x11x10 cm - Modello 'Natale Magico'","twitter_description":"La scatola per tronchetto \"Natale magico\" 30 x 11 x 10 cm offre un design festivo e una protezione ottimale. Ideale per valorizzare i tuoi dessert natalizi con eleganza.","twitter_image":"https:\/\/www.csj-emballages.com\/wp-content\/uploads\/2024\/09\/e-amande-4-1-4-1024x1024.png","twitter_misc":{"Dur\u00e9e de lecture estim\u00e9e":"2 minuti"},"schema":{"@context":"https:\/\/schema.org","@graph":[{"@type":"WebPage","@id":"https:\/\/www.csj-emballages.com\/it\/produit\/scatola-per-tronchetto-natale-magico-30-x-11-x-10-cm-25-pezzi\/","url":"https:\/\/www.csj-emballages.com\/it\/produit\/scatola-per-tronchetto-natale-magico-30-x-11-x-10-cm-25-pezzi\/","name":"Scatola per tronchetto 30x11x10 cm - Modello 'Natale Magico'","isPartOf":{"@id":"https:\/\/www.csj-emballages.com\/it\/#website"},"primaryImageOfPage":{"@id":"https:\/\/www.csj-emballages.com\/it\/produit\/scatola-per-tronchetto-natale-magico-30-x-11-x-10-cm-25-pezzi\/#primaryimage"},"image":{"@id":"https:\/\/www.csj-emballages.com\/it\/produit\/scatola-per-tronchetto-natale-magico-30-x-11-x-10-cm-25-pezzi\/#primaryimage"},"thumbnailUrl":"https:\/\/www.csj-emballages.com\/wp-content\/uploads\/2024\/09\/Buche-1-png-e1732692086559.webp","datePublished":"2024-09-06T00:18:16+00:00","dateModified":"2026-03-12T15:11:32+00:00","description":"La scatola per tronchetto \"Natale magico\" 30 x 11 x 10 cm offre un design festivo e una protezione ottimale. Ideale per valorizzare i tuoi dessert natalizi con eleganza.","breadcrumb":{"@id":"https:\/\/www.csj-emballages.com\/it\/produit\/scatola-per-tronchetto-natale-magico-30-x-11-x-10-cm-25-pezzi\/#breadcrumb"},"inLanguage":"it-IT","potentialAction":[{"@type":"ReadAction","target":["https:\/\/www.csj-emballages.com\/it\/produit\/scatola-per-tronchetto-natale-magico-30-x-11-x-10-cm-25-pezzi\/"]}]},{"@type":"ImageObject","inLanguage":"it-IT","@id":"https:\/\/www.csj-emballages.com\/it\/produit\/scatola-per-tronchetto-natale-magico-30-x-11-x-10-cm-25-pezzi\/#primaryimage","url":"https:\/\/www.csj-emballages.com\/wp-content\/uploads\/2024\/09\/Buche-1-png-e1732692086559.webp","contentUrl":"https:\/\/www.csj-emballages.com\/wp-content\/uploads\/2024\/09\/Buche-1-png-e1732692086559.webp","width":800,"height":800,"caption":"boite a buche"},{"@type":"BreadcrumbList","@id":"https:\/\/www.csj-emballages.com\/it\/produit\/scatola-per-tronchetto-natale-magico-30-x-11-x-10-cm-25-pezzi\/#breadcrumb","itemListElement":[{"@type":"ListItem","position":1,"name":"Home","item":"https:\/\/www.csj-emballages.com\/it\/universo-imballaggi-alimentari\/"},{"@type":"ListItem","position":2,"name":"Negozio","item":"https:\/\/www.csj-emballages.com\/it\/negozio\/"},{"@type":"ListItem","position":3,"name":"Scatola per tronchetto \u00ab\u00a0Natale magico\u00a0\u00bb 30 x 11 x 10 cm &#8211; 25 pezzi"}]},{"@type":"WebSite","@id":"https:\/\/www.csj-emballages.com\/it\/#website","url":"https:\/\/www.csj-emballages.com\/it\/","name":"CSJ Emballages","description":"","publisher":{"@id":"https:\/\/www.csj-emballages.com\/it\/#organization"},"potentialAction":[{"@type":"SearchAction","target":{"@type":"EntryPoint","urlTemplate":"https:\/\/www.csj-emballages.com\/it\/?s={search_term_string}"},"query-input":{"@type":"PropertyValueSpecification","valueRequired":true,"valueName":"search_term_string"}}],"inLanguage":"it-IT"},{"@type":"Organization","@id":"https:\/\/www.csj-emballages.com\/it\/#Organization\/","name":"CSJ Emballages","url":"https:\/\/www.csj-emballages.com\/it\/","logo":{"@type":"ImageObject","inLanguage":"it-IT","@id":"https:\/\/www.csj-emballages.com\/it\/#\/schema\/logo\/image\/","url":"https:\/\/www.csj-emballages.com\/wp-content\/uploads\/2023\/10\/logo_csj.webp","contentUrl":"https:\/\/www.csj-emballages.com\/wp-content\/uploads\/2023\/10\/logo_csj.webp","width":250,"height":95,"caption":"CSJ Emballages"},"image":{"@id":"https:\/\/www.csj-emballages.com\/it\/#\/schema\/logo\/image\/"},"sameAs":["https:\/\/www.facebook.com\/csjemballages"],"address":{"@type":"PostalAddress","streetAddress":"ZI La Lechere","addressLocality":"Patornay","postalCode":"39130","addressCountry":"FR"},"contactPoint":[{"@type":"ContactPoint","contactType":"Service client","telephone":"0384254272","email":"contact@csj-emballages.com"}]}]}},"df_price":16.38,"df_sale_price":"","df_regular_price":16.38,"df_image_link":"https:\/\/www.csj-emballages.com\/wp-content\/uploads\/2024\/09\/Buche-1-300x300.webp","tiered_pricing_type":"fixed","tiered_pricing_fixed_rules":[],"tiered_pricing_percentage_rules":[],"tiered_pricing_minimum":1,"tiered_pricing_roles_data":[],"_links":{"self":[{"href":"https:\/\/www.csj-emballages.com\/it\/wp-json\/wp\/v2\/product\/271721","targetHints":{"allow":["GET"]}}],"collection":[{"href":"https:\/\/www.csj-emballages.com\/it\/wp-json\/wp\/v2\/product"}],"about":[{"href":"https:\/\/www.csj-emballages.com\/it\/wp-json\/wp\/v2\/types\/product"}],"wp:featuredmedia":[{"embeddable":true,"href":"https:\/\/www.csj-emballages.com\/it\/wp-json\/wp\/v2\/media\/271720"}],"wp:attachment":[{"href":"https:\/\/www.csj-emballages.com\/it\/wp-json\/wp\/v2\/media?parent=271721"}],"wp:term":[{"taxonomy":"product_brand","embeddable":true,"href":"https:\/\/www.csj-emballages.com\/it\/wp-json\/wp\/v2\/product_brand?post=271721"},{"taxonomy":"product_cat","embeddable":true,"href":"https:\/\/www.csj-emballages.com\/it\/wp-json\/wp\/v2\/product_cat?post=271721"},{"taxonomy":"product_tag","embeddable":true,"href":"https:\/\/www.csj-emballages.com\/it\/wp-json\/wp\/v2\/product_tag?post=271721"}],"curies":[{"name":"wp","href":"https:\/\/api.w.org\/{rel}","templated":true}]}}