{"id":271713,"date":"2024-10-05T02:18:14","date_gmt":"2024-10-05T00:18:14","guid":{"rendered":"https:\/\/www.csj-emballages.com\/produit\/vaschetta-alimentare-cartone-rettangolare-500-ml-confezione-da-50\/"},"modified":"2026-04-30T11:47:16","modified_gmt":"2026-04-30T09:47:16","slug":"vaschetta-alimentare-cartone-rettangolare-500-ml-confezione-da-50","status":"publish","type":"product","link":"https:\/\/www.csj-emballages.com\/it\/produit\/vaschetta-alimentare-cartone-rettangolare-500-ml-confezione-da-50\/","title":{"rendered":"Vaschetta alimentare cartone rettangolare 500 ml confezione da 50"},"content":{"rendered":"<div style=\"box-sizing: inherit; font-family: Roboto, sans-serif;\">\n<div style=\"box-sizing: inherit; font-family: Roboto, sans-serif;\">\n<div style=\"box-sizing: inherit; font-family: Roboto, sans-serif;\">\n<div style=\"box-sizing: inherit; font-family: Roboto, sans-serif;\">\n<div style=\"box-sizing: inherit; font-family: Roboto, sans-serif;\">\n<div style=\"box-sizing: inherit; font-family: Roboto, sans-serif;\">\n<div style=\"box-sizing: inherit; font-family: Roboto, sans-serif;\">\n<div style=\"box-sizing: inherit; font-family: Roboto, sans-serif;\">\n<div style=\"box-sizing: inherit; font-family: Roboto, sans-serif;\">\n<div style=\"box-sizing: inherit; font-family: Roboto, sans-serif;\">\n<div style=\"box-sizing: inherit; font-family: Roboto, sans-serif;\">\n<div style=\"box-sizing: inherit; font-family: Roboto, sans-serif;\">\n<div style=\"box-sizing: inherit; font-family: Roboto, sans-serif;\">\n<div class=\"flex flex-grow flex-col max-w-full\">\n<div class=\"min-h-[20px] text-message flex flex-col items-start whitespace-pre-wrap break-words [.text-message+&amp;]:mt-5 juice:w-full juice:items-end overflow-x-auto gap-2\" dir=\"auto\" data-message-author-role=\"assistant\" data-message-id=\"2034782e-88f9-44ef-b4dc-07dd7bf0115f\">\n<div class=\"flex w-full flex-col gap-1 juice:empty:hidden juice:first:pt-[3px]\">\n<div class=\"markdown prose w-full break-words dark:prose-invert light\">\n<div style=\"box-sizing: inherit; font-family: Roboto, sans-serif;\">\n<div style=\"box-sizing: inherit; font-family: Roboto, sans-serif;\">\n<div style=\"box-sizing: inherit; font-family: Roboto, sans-serif;\">\n<div style=\"box-sizing: inherit; font-family: Roboto, sans-serif;\">\n<div style=\"box-sizing: inherit; font-family: Roboto, sans-serif;\">\n<div style=\"box-sizing: inherit; font-family: Roboto, sans-serif;\">\n<h2>Vaschetta<\/h2>\n<div style=\"box-sizing: inherit; font-family: Roboto, sans-serif;\">\n<div style=\"box-sizing: inherit; font-family: Roboto, sans-serif;\">\n<div style=\"box-sizing: inherit; font-family: Roboto, sans-serif;\">\n<div style=\"text-align: center;\">\n<div style=\"box-sizing: inherit; font-family: Roboto, sans-serif;\">\n<div style=\"box-sizing: inherit; font-family: Roboto, sans-serif;\">\n<div style=\"box-sizing: inherit; font-family: Roboto, sans-serif;\">\n<div style=\"box-sizing: inherit; font-family: Roboto, sans-serif;\">\n<div style=\"box-sizing: inherit; font-family: Roboto, sans-serif;\">\n<div style=\"box-sizing: inherit; font-family: Roboto, sans-serif; text-align: left;\">\n<hr>\n<h3 style=\"text-align: left;\">Descrizione della nostra vaschetta alimentare rettangolare 500 ml kraft<!--more--><\/h3>\n<\/div>\n<\/div>\n<\/div>\n<\/div>\n<\/div>\n<\/div>\n<\/div>\n<\/div>\n<\/div>\n<\/div>\n<\/div>\n<\/div>\n<\/div>\n<\/div>\n<\/div>\n<\/div>\n<\/div>\n<\/div>\n<\/div>\n<\/div>\n<\/div>\n<\/div>\n<\/div>\n<\/div>\n<\/div>\n<\/div>\n<\/div>\n<\/div>\n<\/div>\n<\/div>\n<\/div>\n<\/div>\n<\/div>\n<div class=\"flex max-w-full flex-col flex-grow\">\n<div class=\"min-h-8 text-message flex w-full flex-col items-end gap-2 whitespace-normal break-words [.text-message+&amp;]:mt-5\" dir=\"auto\" data-message-author-role=\"assistant\" data-message-id=\"290aa723-0852-4224-b964-694d71f8ed99\" data-message-model-slug=\"gpt-4o\">\n<div class=\"flex w-full flex-col gap-1 empty:hidden first:pt-[3px]\">\n<div class=\"markdown prose w-full break-words dark:prose-invert light\">\n<p>Scopri la <strong>vaschetta alimentare<\/strong> in <strong>cartone rettangolare<\/strong> <strong>500 ml<\/strong>, ideale per le tue esigenze di imballaggio ecologico. Progettata per facilitare il servizio delle tue preparazioni, questa <strong>vaschetta<\/strong> \u00e8 perfetta per qualsiasi tipo di piatto da asporto. Grazie al suo materiale in <strong>cartone<\/strong> naturale, \u00e8 allo stesso tempo resistente e rispettosa dell&#8217;ambiente.  <\/p>\n<p>Realizzata in <strong>cartone kraft<\/strong>, questa <strong>vaschetta<\/strong> garantisce la conservazione ottimale dei tuoi piatti. Non si deforma facilmente e preserva la freschezza dei tuoi alimenti. Puoi utilizzarla per piatti caldi o freddi senza compromettere la qualit\u00e0. Dal design moderno ed essenziale, questa <strong>vaschetta<\/strong> si adatta a ogni occasione, che si tratti di pranzi da asporto, picnic o pasti a domicilio.   <\/p>\n<p>&nbsp;<\/p>\n<\/div>\n<\/div>\n<\/div>\n<\/div>\n<p><!--more--><\/p>\n<h4>Perch\u00e9 usare la nostra vaschetta?<\/h4>\n<p>La <strong>vaschetta alimentare<\/strong> in <strong>cartone rettangolare<\/strong> offre una presa facile, migliorando l&#8217;esperienza dei tuoi clienti. Le sue dimensioni pratiche la rendono un contenitore ideale per ristoranti, catering e altre attivit\u00e0 di ristorazione. Inoltre, permette di ridurre i rifiuti plastici. La sua composizione in <strong>cartone<\/strong> la rende totalmente riciclabile, una scelta responsabile per la tua attivit\u00e0.   <\/p>\n<p>Questo modello di <strong>vaschetta alimentare<\/strong> <strong>rettangolare<\/strong> \u00e8 progettato per resistere a un&#8217;ampia variet\u00e0 di alimenti, dalle insalate ai piatti cucinati. La sua solidit\u00e0 permette di contenere alimenti con salsa, garantendo un trasporto senza perdite. Grazie al suo cartone spesso, questa <strong>vaschetta<\/strong> mantiene gli alimenti alla giusta temperatura pi\u00f9 a lungo, ideale per i piatti preparati.  <\/p>\n<p>\u00c8 fornita in lotti da <strong>50<\/strong>, il che permette una facile gestione delle tue scorte e dei tuoi ordini. Pratiche e poco ingombranti, le <strong>vaschette alimentari<\/strong> sono semplici da conservare nelle tue cucine o spazi di lavoro. Optando per queste <strong>vaschette<\/strong> da <strong>500<\/strong><strong> ml<\/strong>, fai una scelta pratica ed economica per la tua attivit\u00e0.  <\/p>\n<p>&nbsp;<\/p>\n<p><!--more--><\/p>\n<div style=\"box-sizing: inherit; font-family: Roboto, sans-serif;\">\n<div style=\"box-sizing: inherit; font-family: Roboto, sans-serif;\">\n<div style=\"box-sizing: inherit; font-family: Roboto, sans-serif;\">\n<div style=\"box-sizing: inherit; font-family: Roboto, sans-serif;\">\n<div style=\"box-sizing: inherit; font-family: Roboto, sans-serif;\">\n<div style=\"box-sizing: inherit; font-family: Roboto, sans-serif;\">\n<div style=\"box-sizing: inherit; font-family: Roboto, sans-serif;\">\n<div style=\"box-sizing: inherit; font-family: Roboto, sans-serif;\">\n<div style=\"box-sizing: inherit; font-family: Roboto, sans-serif;\">\n<div style=\"box-sizing: inherit; font-family: Roboto, sans-serif;\">\n<div style=\"box-sizing: inherit; font-family: Roboto, sans-serif;\">\n<div style=\"box-sizing: inherit; font-family: Roboto, sans-serif;\">\n<div style=\"box-sizing: inherit; font-family: Roboto, sans-serif;\">\n<div class=\"flex flex-grow flex-col max-w-full\">\n<div class=\"min-h-[20px] text-message flex flex-col items-start whitespace-pre-wrap break-words [.text-message+&amp;]:mt-5 juice:w-full juice:items-end overflow-x-auto gap-2\" dir=\"auto\" data-message-author-role=\"assistant\" data-message-id=\"2034782e-88f9-44ef-b4dc-07dd7bf0115f\">\n<div class=\"flex w-full flex-col gap-1 juice:empty:hidden juice:first:pt-[3px]\">\n<div class=\"markdown prose w-full break-words dark:prose-invert light\">\n<div style=\"box-sizing: inherit; font-family: Roboto, sans-serif;\">\n<div style=\"box-sizing: inherit; font-family: Roboto, sans-serif;\">\n<div style=\"box-sizing: inherit; font-family: Roboto, sans-serif;\">\n<div style=\"box-sizing: inherit; font-family: Roboto, sans-serif;\">\n<div style=\"box-sizing: inherit; font-family: Roboto, sans-serif;\">\n<div style=\"box-sizing: inherit; font-family: Roboto, sans-serif;\">\n<div class=\"flex max-w-full flex-col flex-grow\">\n<div class=\"min-h-8 text-message flex w-full flex-col items-end gap-2 whitespace-normal break-words [.text-message+&amp;]:mt-5\" dir=\"auto\" data-message-author-role=\"assistant\" data-message-id=\"290aa723-0852-4224-b964-694d71f8ed99\" data-message-model-slug=\"gpt-4o\">\n<div class=\"flex w-full flex-col gap-1 empty:hidden first:pt-[3px]\">\n<div class=\"markdown prose w-full break-words dark:prose-invert light\">\n<p>Con il suo design semplice e naturale, valorizza la presentazione dei tuoi piatti. Mette in risalto la qualit\u00e0 delle tue preparazioni rafforzando l&#8217;immagine eco-responsabile della tua azienda. Questo modello risponde alle attuali aspettative in termini di sostenibilit\u00e0 e riciclabilit\u00e0.  <\/p>\n<p>Scegliere questa <strong>vaschetta alimentare<\/strong> in cartone significa impegnarsi per un futuro pi\u00f9 verde. La sua praticit\u00e0, semplicit\u00e0 e rispetto dell&#8217;ambiente la rendono una soluzione di imballaggio perfetta. <\/p>\n<p>Adottala oggi stesso per valorizzare i tuoi piatti rispettando l&#8217;ambiente.<\/p>\n<\/div>\n<\/div>\n<\/div>\n<\/div>\n<div class=\"mb-2 flex gap-3 empty:hidden -ml-2\">\n<div class=\"items-center justify-start rounded-xl p-1 flex\">\n<div class=\"flex items-center\"><\/div>\n<\/div>\n<\/div>\n<p><!--more--><\/p>\n<h4 style=\"text-align: left;\"><strong>I vantaggi della nostra vaschetta alimentare rettangolare 500 ml:<\/strong><\/h4>\n<\/div>\n<\/div>\n<\/div>\n<\/div>\n<\/div>\n<\/div>\n<\/div>\n<\/div>\n<\/div>\n<\/div>\n<\/div>\n<\/div>\n<\/div>\n<\/div>\n<\/div>\n<\/div>\n<\/div>\n<\/div>\n<\/div>\n<\/div>\n<\/div>\n<\/div>\n<\/div>\n<ul>\n<li><strong>Ecologica e sostenibile<\/strong>: La <strong>vaschetta kraft<\/strong> \u00e8 realizzata in cartone riciclabile, riducendo l&#8217;impatto ambientale.<\/li>\n<li><strong>Versatile<\/strong>: Adatta a piatti caldi o freddi, resiste a temperature variabili.<\/li>\n<li><strong>Pratica per il trasporto<\/strong>: La sua forma rettangolare e i materiali robusti permettono di trasportare gli alimenti in tutta sicurezza. La <strong>vaschetta alimentare<\/strong> mantiene le preparazioni in posizione, evitando rischi di perdite. <\/li>\n<li><strong>Capacit\u00e0 di 500 ml<\/strong>: Il suo formato \u00e8 ideale per pasti semplici e offre una presentazione curata.<\/li>\n<\/ul>\n<p>&nbsp;<\/p>\n<p><!--more--><\/p>\n<h4>Altre informazioni:<\/h4>\n<ul style=\"box-sizing: inherit; font-family: Roboto, sans-serif;\">\n<li><strong>Confezionamento<\/strong>: Pacco da 50<\/li>\n<li><span style=\"font-weight: bold;\">Dimensioni<\/span>: 17 x 12 x 4 (L x l x H in cm)<\/li>\n<li><strong>Materiale<\/strong>: Cartone + PP<\/li>\n<li><b>Temperatura di utilizzo: <\/b>&#8211; 18\u00baC \/ + 80\u00baC<\/li>\n<li><strong>Contatto alimentare<\/strong>: idoneo<\/li>\n<\/ul>\n<p><strong><span style=\"color: #ff0000;\">Coperchio venduto separatamente*<\/span><\/strong><\/p>\n<p>&nbsp;<\/p>\n<p><!--more--><\/p>\n<p>Link dei coperchi: <span style=\"color: #d12727;\"><a style=\"color: #d12727;\" href=\"https:\/\/www.csj-emballages.com\/produit\/50-couvercle-plastique-pour-barquette-rectangulaire-en-pp\/\">COUVBAKGE<\/a><\/span><\/p>\n<p>&nbsp;<\/p>\n<p style=\"text-align: left;\"><!--more--><\/p>\n<p><a href=\"https:\/\/www.csj-emballages.com\/it\/categorie-produit\/imballaggi-alimentari\/ristorazione\/vasetti-ciotole-portabicchieri\/vaschette-in-cartone\/\">Consulta il resto della nostra gamma di vaschette cartone<\/a><\/p>\n","protected":false},"excerpt":{"rendered":"<p>Vaschetta Descrizione della nostra vaschetta alimentare rettangolare 500 ml kraft<\/p>\n","protected":false},"featured_media":271723,"template":"","meta":{"_acf_changed":false},"product_brand":[],"product_cat":[11670,10346,10381,10512,10428,11446],"product_tag":[],"class_list":{"0":"post-271713","1":"product","2":"type-product","3":"status-publish","4":"has-post-thumbnail","6":"product_cat-vaschette-cartone","7":"product_cat-imballaggi-alimentari","8":"product_cat-macelleria-gastronomia-ortofrutta","9":"product_cat-vaschette-scatole-e-vasetti","10":"product_cat-vaschette-scatole-barattoli-alimentari","11":"product_cat-vaschette-in-cartone","13":"first","14":"instock","15":"taxable","16":"shipping-taxable","17":"purchasable","18":"product-type-simple"},"acf":[],"yoast_head":"<!-- This site is optimized with the Yoast SEO Premium plugin v26.6 (Yoast SEO v26.6) - https:\/\/yoast.com\/wordpress\/plugins\/seo\/ -->\n<title>Vaschetta Alimentare Cartone Rettangolare 500 ml<\/title>\n<meta name=\"description\" content=\"Vaschetta alimentare rettangolare in cartone da 500 ml in confezione da 50, ideale per piatti caldi e freddi. Ecologica, riciclabile, resistente e pratica.\" \/>\n<meta name=\"robots\" content=\"index, follow, max-snippet:-1, max-image-preview:large, max-video-preview:-1\" \/>\n<link rel=\"canonical\" href=\"https:\/\/www.csj-emballages.com\/it\/produit\/vaschetta-alimentare-cartone-rettangolare-500-ml-confezione-da-50\/\" \/>\n<meta property=\"og:locale\" content=\"it_IT\" \/>\n<meta property=\"og:type\" content=\"article\" \/>\n<meta property=\"og:title\" content=\"Vaschetta alimentare cartone rettangolare 500 ml\" \/>\n<meta property=\"og:description\" content=\"Vaschetta alimentare rettangolare in cartone da 500 ml in confezione da 50, ideale per piatti caldi e freddi. Ecologica, riciclabile, resistente e pratica.\" \/>\n<meta property=\"og:url\" content=\"https:\/\/www.csj-emballages.com\/it\/produit\/vaschetta-alimentare-cartone-rettangolare-500-ml-confezione-da-50\/\" \/>\n<meta property=\"og:site_name\" content=\"CSJ Emballages\" \/>\n<meta property=\"article:publisher\" content=\"https:\/\/www.facebook.com\/csjemballages\" \/>\n<meta property=\"article:modified_time\" content=\"2026-04-30T09:47:16+00:00\" \/>\n<meta property=\"og:image\" content=\"https:\/\/www.csj-emballages.com\/wp-content\/uploads\/2024\/10\/BA500KGE.webp\" \/>\n\t<meta property=\"og:image:width\" content=\"800\" \/>\n\t<meta property=\"og:image:height\" content=\"800\" \/>\n\t<meta property=\"og:image:type\" content=\"image\/webp\" \/>\n<meta name=\"twitter:card\" content=\"summary_large_image\" \/>\n<meta name=\"twitter:title\" content=\"Vaschetta alimentare cartone rettangolare 500 ml\" \/>\n<meta name=\"twitter:description\" content=\"Vaschetta alimentare rettangolare in cartone da 500 ml in confezione da 50, ideale per piatti caldi e freddi. Ecologica, riciclabile, resistente e pratica.\" \/>\n<meta name=\"twitter:label1\" content=\"Dur\u00e9e de lecture estim\u00e9e\" \/>\n\t<meta name=\"twitter:data1\" content=\"2 minuti\" \/>\n<script type=\"application\/ld+json\" class=\"yoast-schema-graph\">{\"@context\":\"https:\/\/schema.org\",\"@graph\":[{\"@type\":\"WebPage\",\"@id\":\"https:\/\/www.csj-emballages.com\/it\/produit\/vaschetta-alimentare-cartone-rettangolare-500-ml-confezione-da-50\/\",\"url\":\"https:\/\/www.csj-emballages.com\/it\/produit\/vaschetta-alimentare-cartone-rettangolare-500-ml-confezione-da-50\/\",\"name\":\"Vaschetta Alimentare Cartone Rettangolare 500 ml\",\"isPartOf\":{\"@id\":\"https:\/\/www.csj-emballages.com\/it\/#website\"},\"primaryImageOfPage\":{\"@id\":\"https:\/\/www.csj-emballages.com\/it\/produit\/vaschetta-alimentare-cartone-rettangolare-500-ml-confezione-da-50\/#primaryimage\"},\"image\":{\"@id\":\"https:\/\/www.csj-emballages.com\/it\/produit\/vaschetta-alimentare-cartone-rettangolare-500-ml-confezione-da-50\/#primaryimage\"},\"thumbnailUrl\":\"https:\/\/www.csj-emballages.com\/wp-content\/uploads\/2024\/10\/BA500KGE.webp\",\"datePublished\":\"2024-10-05T00:18:14+00:00\",\"dateModified\":\"2026-04-30T09:47:16+00:00\",\"description\":\"Vaschetta alimentare rettangolare in cartone da 500 ml in confezione da 50, ideale per piatti caldi e freddi. Ecologica, riciclabile, resistente e pratica.\",\"breadcrumb\":{\"@id\":\"https:\/\/www.csj-emballages.com\/it\/produit\/vaschetta-alimentare-cartone-rettangolare-500-ml-confezione-da-50\/#breadcrumb\"},\"inLanguage\":\"it-IT\",\"potentialAction\":[{\"@type\":\"ReadAction\",\"target\":[\"https:\/\/www.csj-emballages.com\/it\/produit\/vaschetta-alimentare-cartone-rettangolare-500-ml-confezione-da-50\/\"]}]},{\"@type\":\"ImageObject\",\"inLanguage\":\"it-IT\",\"@id\":\"https:\/\/www.csj-emballages.com\/it\/produit\/vaschetta-alimentare-cartone-rettangolare-500-ml-confezione-da-50\/#primaryimage\",\"url\":\"https:\/\/www.csj-emballages.com\/wp-content\/uploads\/2024\/10\/BA500KGE.webp\",\"contentUrl\":\"https:\/\/www.csj-emballages.com\/wp-content\/uploads\/2024\/10\/BA500KGE.webp\",\"width\":800,\"height\":800,\"caption\":\"Barquette alimentaire\"},{\"@type\":\"BreadcrumbList\",\"@id\":\"https:\/\/www.csj-emballages.com\/it\/produit\/vaschetta-alimentare-cartone-rettangolare-500-ml-confezione-da-50\/#breadcrumb\",\"itemListElement\":[{\"@type\":\"ListItem\",\"position\":1,\"name\":\"Home\",\"item\":\"https:\/\/www.csj-emballages.com\/it\/universo-imballaggi-alimentari\/\"},{\"@type\":\"ListItem\",\"position\":2,\"name\":\"Negozio\",\"item\":\"https:\/\/www.csj-emballages.com\/it\/negozio\/\"},{\"@type\":\"ListItem\",\"position\":3,\"name\":\"Vaschetta alimentare cartone rettangolare 500 ml confezione da 50\"}]},{\"@type\":\"WebSite\",\"@id\":\"https:\/\/www.csj-emballages.com\/it\/#website\",\"url\":\"https:\/\/www.csj-emballages.com\/it\/\",\"name\":\"CSJ Emballages\",\"description\":\"\",\"publisher\":{\"@id\":\"https:\/\/www.csj-emballages.com\/it\/#organization\"},\"potentialAction\":[{\"@type\":\"SearchAction\",\"target\":{\"@type\":\"EntryPoint\",\"urlTemplate\":\"https:\/\/www.csj-emballages.com\/it\/?s={search_term_string}\"},\"query-input\":{\"@type\":\"PropertyValueSpecification\",\"valueRequired\":true,\"valueName\":\"search_term_string\"}}],\"inLanguage\":\"it-IT\"},{\"@type\":\"Organization\",\"@id\":\"https:\/\/www.csj-emballages.com\/it\/#Organization\/\",\"name\":\"CSJ Emballages\",\"url\":\"https:\/\/www.csj-emballages.com\/it\/\",\"logo\":{\"@type\":\"ImageObject\",\"inLanguage\":\"it-IT\",\"@id\":\"https:\/\/www.csj-emballages.com\/it\/#\/schema\/logo\/image\/\",\"url\":\"https:\/\/www.csj-emballages.com\/wp-content\/uploads\/2023\/10\/logo_csj.webp\",\"contentUrl\":\"https:\/\/www.csj-emballages.com\/wp-content\/uploads\/2023\/10\/logo_csj.webp\",\"width\":250,\"height\":95,\"caption\":\"CSJ Emballages\"},\"image\":{\"@id\":\"https:\/\/www.csj-emballages.com\/it\/#\/schema\/logo\/image\/\"},\"sameAs\":[\"https:\/\/www.facebook.com\/csjemballages\"],\"address\":{\"@type\":\"PostalAddress\",\"streetAddress\":\"ZI La Lechere\",\"addressLocality\":\"Patornay\",\"postalCode\":\"39130\",\"addressCountry\":\"FR\"},\"contactPoint\":[{\"@type\":\"ContactPoint\",\"contactType\":\"Service client\",\"telephone\":\"0384254272\",\"email\":\"contact@csj-emballages.com\"}]}]}<\/script>\n<!-- \/ Yoast SEO Premium plugin. -->","yoast_head_json":{"title":"Vaschetta Alimentare Cartone Rettangolare 500 ml","description":"Vaschetta alimentare rettangolare in cartone da 500 ml in confezione da 50, ideale per piatti caldi e freddi. Ecologica, riciclabile, resistente e pratica.","robots":{"index":"index","follow":"follow","max-snippet":"max-snippet:-1","max-image-preview":"max-image-preview:large","max-video-preview":"max-video-preview:-1"},"canonical":"https:\/\/www.csj-emballages.com\/it\/produit\/vaschetta-alimentare-cartone-rettangolare-500-ml-confezione-da-50\/","og_locale":"it_IT","og_type":"article","og_title":"Vaschetta alimentare cartone rettangolare 500 ml","og_description":"Vaschetta alimentare rettangolare in cartone da 500 ml in confezione da 50, ideale per piatti caldi e freddi. Ecologica, riciclabile, resistente e pratica.","og_url":"https:\/\/www.csj-emballages.com\/it\/produit\/vaschetta-alimentare-cartone-rettangolare-500-ml-confezione-da-50\/","og_site_name":"CSJ Emballages","article_publisher":"https:\/\/www.facebook.com\/csjemballages","article_modified_time":"2026-04-30T09:47:16+00:00","og_image":[{"width":800,"height":800,"url":"https:\/\/www.csj-emballages.com\/wp-content\/uploads\/2024\/10\/BA500KGE.webp","type":"image\/webp"}],"twitter_card":"summary_large_image","twitter_title":"Vaschetta alimentare cartone rettangolare 500 ml","twitter_description":"Vaschetta alimentare rettangolare in cartone da 500 ml in confezione da 50, ideale per piatti caldi e freddi. Ecologica, riciclabile, resistente e pratica.","twitter_misc":{"Dur\u00e9e de lecture estim\u00e9e":"2 minuti"},"schema":{"@context":"https:\/\/schema.org","@graph":[{"@type":"WebPage","@id":"https:\/\/www.csj-emballages.com\/it\/produit\/vaschetta-alimentare-cartone-rettangolare-500-ml-confezione-da-50\/","url":"https:\/\/www.csj-emballages.com\/it\/produit\/vaschetta-alimentare-cartone-rettangolare-500-ml-confezione-da-50\/","name":"Vaschetta Alimentare Cartone Rettangolare 500 ml","isPartOf":{"@id":"https:\/\/www.csj-emballages.com\/it\/#website"},"primaryImageOfPage":{"@id":"https:\/\/www.csj-emballages.com\/it\/produit\/vaschetta-alimentare-cartone-rettangolare-500-ml-confezione-da-50\/#primaryimage"},"image":{"@id":"https:\/\/www.csj-emballages.com\/it\/produit\/vaschetta-alimentare-cartone-rettangolare-500-ml-confezione-da-50\/#primaryimage"},"thumbnailUrl":"https:\/\/www.csj-emballages.com\/wp-content\/uploads\/2024\/10\/BA500KGE.webp","datePublished":"2024-10-05T00:18:14+00:00","dateModified":"2026-04-30T09:47:16+00:00","description":"Vaschetta alimentare rettangolare in cartone da 500 ml in confezione da 50, ideale per piatti caldi e freddi. Ecologica, riciclabile, resistente e pratica.","breadcrumb":{"@id":"https:\/\/www.csj-emballages.com\/it\/produit\/vaschetta-alimentare-cartone-rettangolare-500-ml-confezione-da-50\/#breadcrumb"},"inLanguage":"it-IT","potentialAction":[{"@type":"ReadAction","target":["https:\/\/www.csj-emballages.com\/it\/produit\/vaschetta-alimentare-cartone-rettangolare-500-ml-confezione-da-50\/"]}]},{"@type":"ImageObject","inLanguage":"it-IT","@id":"https:\/\/www.csj-emballages.com\/it\/produit\/vaschetta-alimentare-cartone-rettangolare-500-ml-confezione-da-50\/#primaryimage","url":"https:\/\/www.csj-emballages.com\/wp-content\/uploads\/2024\/10\/BA500KGE.webp","contentUrl":"https:\/\/www.csj-emballages.com\/wp-content\/uploads\/2024\/10\/BA500KGE.webp","width":800,"height":800,"caption":"Barquette alimentaire"},{"@type":"BreadcrumbList","@id":"https:\/\/www.csj-emballages.com\/it\/produit\/vaschetta-alimentare-cartone-rettangolare-500-ml-confezione-da-50\/#breadcrumb","itemListElement":[{"@type":"ListItem","position":1,"name":"Home","item":"https:\/\/www.csj-emballages.com\/it\/universo-imballaggi-alimentari\/"},{"@type":"ListItem","position":2,"name":"Negozio","item":"https:\/\/www.csj-emballages.com\/it\/negozio\/"},{"@type":"ListItem","position":3,"name":"Vaschetta alimentare cartone rettangolare 500 ml confezione da 50"}]},{"@type":"WebSite","@id":"https:\/\/www.csj-emballages.com\/it\/#website","url":"https:\/\/www.csj-emballages.com\/it\/","name":"CSJ Emballages","description":"","publisher":{"@id":"https:\/\/www.csj-emballages.com\/it\/#organization"},"potentialAction":[{"@type":"SearchAction","target":{"@type":"EntryPoint","urlTemplate":"https:\/\/www.csj-emballages.com\/it\/?s={search_term_string}"},"query-input":{"@type":"PropertyValueSpecification","valueRequired":true,"valueName":"search_term_string"}}],"inLanguage":"it-IT"},{"@type":"Organization","@id":"https:\/\/www.csj-emballages.com\/it\/#Organization\/","name":"CSJ Emballages","url":"https:\/\/www.csj-emballages.com\/it\/","logo":{"@type":"ImageObject","inLanguage":"it-IT","@id":"https:\/\/www.csj-emballages.com\/it\/#\/schema\/logo\/image\/","url":"https:\/\/www.csj-emballages.com\/wp-content\/uploads\/2023\/10\/logo_csj.webp","contentUrl":"https:\/\/www.csj-emballages.com\/wp-content\/uploads\/2023\/10\/logo_csj.webp","width":250,"height":95,"caption":"CSJ Emballages"},"image":{"@id":"https:\/\/www.csj-emballages.com\/it\/#\/schema\/logo\/image\/"},"sameAs":["https:\/\/www.facebook.com\/csjemballages"],"address":{"@type":"PostalAddress","streetAddress":"ZI La Lechere","addressLocality":"Patornay","postalCode":"39130","addressCountry":"FR"},"contactPoint":[{"@type":"ContactPoint","contactType":"Service client","telephone":"0384254272","email":"contact@csj-emballages.com"}]}]}},"df_price":8.16,"df_sale_price":"","df_regular_price":8.16,"df_image_link":"https:\/\/www.csj-emballages.com\/wp-content\/uploads\/2024\/10\/BA500KGE-300x300.webp","tiered_pricing_type":"fixed","tiered_pricing_fixed_rules":[],"tiered_pricing_percentage_rules":[],"tiered_pricing_minimum":1,"tiered_pricing_roles_data":[],"_links":{"self":[{"href":"https:\/\/www.csj-emballages.com\/it\/wp-json\/wp\/v2\/product\/271713","targetHints":{"allow":["GET"]}}],"collection":[{"href":"https:\/\/www.csj-emballages.com\/it\/wp-json\/wp\/v2\/product"}],"about":[{"href":"https:\/\/www.csj-emballages.com\/it\/wp-json\/wp\/v2\/types\/product"}],"wp:featuredmedia":[{"embeddable":true,"href":"https:\/\/www.csj-emballages.com\/it\/wp-json\/wp\/v2\/media\/271723"}],"wp:attachment":[{"href":"https:\/\/www.csj-emballages.com\/it\/wp-json\/wp\/v2\/media?parent=271713"}],"wp:term":[{"taxonomy":"product_brand","embeddable":true,"href":"https:\/\/www.csj-emballages.com\/it\/wp-json\/wp\/v2\/product_brand?post=271713"},{"taxonomy":"product_cat","embeddable":true,"href":"https:\/\/www.csj-emballages.com\/it\/wp-json\/wp\/v2\/product_cat?post=271713"},{"taxonomy":"product_tag","embeddable":true,"href":"https:\/\/www.csj-emballages.com\/it\/wp-json\/wp\/v2\/product_tag?post=271713"}],"curies":[{"name":"wp","href":"https:\/\/api.w.org\/{rel}","templated":true}]}}