{"id":271708,"date":"2024-09-06T02:18:18","date_gmt":"2024-09-06T00:18:18","guid":{"rendered":"https:\/\/www.csj-emballages.com\/produit\/scatola-per-tronchetto-natale-incantato-35-x-11-x-10-cm-confezione-da-25\/"},"modified":"2026-03-12T16:11:34","modified_gmt":"2026-03-12T15:11:34","slug":"scatola-per-tronchetto-natale-incantato-35-x-11-x-10-cm-confezione-da-25","status":"publish","type":"product","link":"https:\/\/www.csj-emballages.com\/it\/produit\/scatola-per-tronchetto-natale-incantato-35-x-11-x-10-cm-confezione-da-25\/","title":{"rendered":"Scatola per tronchetto &#8220;Natale Incantato&#8221; 35 x 11 x 10 cm, confezione da 25"},"content":{"rendered":"<div style=\"font-family: Roboto, sans-serif;\">\n<div style=\"font-family: Roboto, sans-serif;\">\n<div style=\"font-family: Roboto, sans-serif;\">\n<div style=\"font-family: Roboto, sans-serif;\">\n<div style=\"font-family: Roboto, sans-serif;\">\n<div style=\"font-family: Roboto, sans-serif;\">\n<div style=\"font-family: Roboto, sans-serif;\">\n<div style=\"font-family: Roboto, sans-serif;\">\n<div style=\"font-family: Roboto, sans-serif;\">\n<div style=\"font-family: Roboto, sans-serif;\">\n<div style=\"font-family: Roboto, sans-serif;\">\n<div style=\"font-family: Roboto, sans-serif;\">\n<div style=\"font-family: Roboto, sans-serif;\">\n<div class=\"flex flex-grow flex-col max-w-full\">\n<div class=\"min-h-[20px] text-message flex flex-col items-start whitespace-pre-wrap break-words [.text-message+&amp;]:mt-5 juice:w-full juice:items-end overflow-x-auto gap-2\" dir=\"auto\" data-message-author-role=\"assistant\" data-message-id=\"2034782e-88f9-44ef-b4dc-07dd7bf0115f\">\n<div class=\"flex w-full flex-col gap-1 juice:empty:hidden juice:first:pt-[3px]\">\n<div class=\"markdown prose w-full break-words dark:prose-invert light\">\n<div style=\"font-family: Roboto, sans-serif;\">\n<div style=\"font-family: Roboto, sans-serif;\">\n<div style=\"font-family: Roboto, sans-serif;\">\n<div style=\"font-family: Roboto, sans-serif;\">\n<div style=\"font-family: Roboto, sans-serif;\">\n<div style=\"font-family: Roboto, sans-serif;\">\n<h2>Scatola per tronchetto<\/h2>\n<div style=\"font-family: Roboto, sans-serif;\">\n<div style=\"font-family: Roboto, sans-serif;\">\n<div style=\"font-family: Roboto, sans-serif;\">\n<div style=\"text-align: center;\">\n<div style=\"font-family: Roboto, sans-serif;\">\n<div style=\"font-family: Roboto, sans-serif;\">\n<div style=\"font-family: Roboto, sans-serif;\">\n<div style=\"font-family: Roboto, sans-serif;\">\n<div style=\"font-family: Roboto, sans-serif;\">\n<div style=\"font-family: Roboto, sans-serif; text-align: left;\">\n<hr>\n<h3 style=\"text-align: left;\">Descrizione della nostra scatola per tronchetto &#8220;Natale Incantato&#8221; 35x11x10 cm<!--more--><\/h3>\n<\/div>\n<\/div>\n<\/div>\n<\/div>\n<\/div>\n<\/div>\n<\/div>\n<\/div>\n<\/div>\n<\/div>\n<\/div>\n<\/div>\n<\/div>\n<\/div>\n<\/div>\n<\/div>\n<\/div>\n<\/div>\n<\/div>\n<\/div>\n<\/div>\n<\/div>\n<\/div>\n<\/div>\n<\/div>\n<\/div>\n<\/div>\n<\/div>\n<\/div>\n<\/div>\n<\/div>\n<\/div>\n<\/div>\n<p>Immergiti nello spirito festivo con la <strong>scatola per tronchetto<\/strong> &#8220;Natale Incantato&#8221;. Un prodotto appositamente creato per esaltare i tuoi dolci di fine anno. Misurando <strong>35 x 11 x 10 cm<\/strong>, questa <strong>scatola per tronchetto<\/strong> unisce praticit\u00e0 ed estetica per una presentazione raffinata dei tuoi tronchetti di Natale. Lasciati sedurre dal suo design elegante che cattura l&#8217;essenza magica delle feste. Che tu sia un pasticcere professionista o un appassionato amatoriale, questa <strong>scatola per tronchetto<\/strong> \u00e8 l&#8217;accessorio indispensabile per valorizzare le tue creazioni golose.    <\/p>\n<p>Innanzitutto, il suo formato \u00e8 ideale per contenere un grande <strong>tronchetto<\/strong>, garantendo una presentazione impeccabile e proteggendo la delicatezza del tuo dolce. Grazie alle sue dimensioni, questa <strong>scatola<\/strong> offre uno spazio perfetto per mantenere intatta la tua pasticceria, sia per una consegna che per un regalo. Inoltre, il suo aspetto esterno evoca la magia del Natale, con motivi festivi che delizieranno grandi e piccini. Ogni dettaglio di questa <strong>scatola per tronchetto<\/strong> \u00e8 stato pensato per portare un tocco di magia alle tue feste di fine anno.   <\/p>\n<p>&nbsp;<\/p>\n<p><!--more--><\/p>\n<h4>Perch\u00e9 usare le nostre scatole per tronchetto?<\/h4>\n<p>Oltre alla sua estetica accattivante, la <strong>scatola per tronchetto<\/strong> &#8220;<strong>Natale Incantato<\/strong>&#8221; \u00e8 progettata per offrire un utilizzo pratico. La sua chiusura sicura garantisce una buona protezione del tuo dolce. Inoltre, i materiali utilizzati sono resistenti e durevoli, offrendo una stabilit\u00e0 perfetta anche durante il trasporto. Sia per una presentazione in tavola che per un regalo ai tuoi cari, questa <strong>scatola<\/strong> ti assicura una valorizzazione perfetta.   <\/p>\n<p>Optando per questa <strong>scatola<\/strong>, scegli anche di contribuire alla salvaguardia dell&#8217;ambiente pur godendo di un prodotto di qualit\u00e0 superiore. Questo mix di funzionalit\u00e0, durabilit\u00e0 ed eleganza la rende un must-have per le feste di fine anno. <\/p>\n<p>&nbsp;<\/p>\n<p><!--more--><\/p>\n<div style=\"font-family: Roboto, sans-serif;\">\n<div style=\"font-family: Roboto, sans-serif;\">\n<div style=\"font-family: Roboto, sans-serif;\">\n<div style=\"font-family: Roboto, sans-serif;\">\n<div style=\"font-family: Roboto, sans-serif;\">\n<div style=\"font-family: Roboto, sans-serif;\">\n<div style=\"font-family: Roboto, sans-serif;\">\n<div style=\"font-family: Roboto, sans-serif;\">\n<div style=\"font-family: Roboto, sans-serif;\">\n<div style=\"font-family: Roboto, sans-serif;\">\n<div style=\"font-family: Roboto, sans-serif;\">\n<div style=\"font-family: Roboto, sans-serif;\">\n<div style=\"font-family: Roboto, sans-serif;\">\n<div class=\"flex flex-grow flex-col max-w-full\">\n<div class=\"min-h-[20px] text-message flex flex-col items-start whitespace-pre-wrap break-words [.text-message+&amp;]:mt-5 juice:w-full juice:items-end overflow-x-auto gap-2\" dir=\"auto\" data-message-author-role=\"assistant\" data-message-id=\"2034782e-88f9-44ef-b4dc-07dd7bf0115f\">\n<div class=\"flex w-full flex-col gap-1 juice:empty:hidden juice:first:pt-[3px]\">\n<div class=\"markdown prose w-full break-words dark:prose-invert light\">\n<div style=\"font-family: Roboto, sans-serif;\">\n<div style=\"font-family: Roboto, sans-serif;\">\n<div style=\"font-family: Roboto, sans-serif;\">\n<div style=\"font-family: Roboto, sans-serif;\">\n<div style=\"font-family: Roboto, sans-serif;\">\n<div style=\"font-family: Roboto, sans-serif;\">\n<p>In sintesi, la <strong>scatola per tronchetto<\/strong> &#8220;<strong>Natale Incantato<\/strong>&#8221; \u00e8 molto pi\u00f9 di un semplice imballaggio. \u00c8 una vera e propria messa in scena per i tuoi tronchetti di Natale. Disponibile in diverse misure, \u00e8 progettata per soddisfare varie esigenze. Offri ai tuoi dolci natalizi una confezione all&#8217;altezza del loro sapore optando per questa <strong>scatola per tronchetto<\/strong>. Un prodotto che sapr\u00e0 sedurre tutti gli amanti delle dolcezze e dell&#8217;eleganza.   <\/p>\n<p>&nbsp;<\/p>\n<p><!--more--><\/p>\n<h4 style=\"text-align: left;\"><strong>I vantaggi della nostra <\/strong>scatola per tronchetto &#8220;Natale Incantato&#8221; 35x11x10 cm <strong>:<\/strong><\/h4>\n<ul style=\"text-align: left;\">\n<li><strong>Dimensioni adatte<\/strong>: Le sue misure di <strong>35 x 11 x 10 cm<\/strong> sono perfette per un tronchetto di grandi dimensioni.<\/li>\n<li><strong>Design festivo<\/strong>: Con la sua estetica ispirata al Natale, questa <strong>scatola<\/strong> aggiunge un tocco di magia ai tuoi dolci.<\/li>\n<li><strong>Protezione ottimale<\/strong>: La <strong>scatola<\/strong> \u00e8 dotata di una chiusura sicura, proteggendo efficacemente il tuo tronchetto durante il trasporto o la conservazione.<\/li>\n<li><strong>Praticit\u00e0<\/strong>: Il suo design consente una manipolazione semplice e una presentazione curata.<\/li>\n<\/ul>\n<\/div>\n<\/div>\n<\/div>\n<\/div>\n<\/div>\n<\/div>\n<\/div>\n<\/div>\n<\/div>\n<\/div>\n<\/div>\n<\/div>\n<p>&nbsp;<\/p>\n<\/div>\n<\/div>\n<\/div>\n<\/div>\n<\/div>\n<\/div>\n<\/div>\n<\/div>\n<\/div>\n<\/div>\n<\/div>\n<p><!--more--><\/p>\n<h4>Altre informazioni su questo prodotto:<\/h4>\n<ul style=\"font-family: Roboto, sans-serif;\">\n<li><strong>Confezionamento<\/strong>: Pacchetto da 25<\/li>\n<li><span style=\"font-weight: bold;\">Dimensione<\/span>: 35 x 11 x 10 cm (L x P x A)<\/li>\n<\/ul>\n<p>&nbsp;<\/p>\n<p style=\"text-align: left;\"><!--more--><\/p>\n<p><a href=\"https:\/\/www.csj-emballages.com\/it\/categorie-produit\/imballaggi-alimentari\/panetteria-pasticceria\/scatola-e-astuccio\/scatole-per-tronchetto\/\">Consulta il resto della nostra gamma di scatole per tronchetto &#8216;Natale Incantato&#8217;<\/a><\/p>\n<p>&nbsp;<\/p>\n","protected":false},"excerpt":{"rendered":"<p>Scatola per tronchetto Descrizione della nostra scatola per tronchetto &#8220;Natale Incantato&#8221; 35x11x10 cm<\/p>\n","protected":false},"featured_media":271720,"template":"","meta":{"_acf_changed":false},"product_brand":[],"product_cat":[10346,10344,10513,10571,11452],"product_tag":[],"class_list":{"0":"post-271708","1":"product","2":"type-product","3":"status-publish","4":"has-post-thumbnail","6":"product_cat-imballaggi-alimentari","7":"product_cat-panetteria-pasticceria","8":"product_cat-scatola-e-astuccio","9":"product_cat-scatole-per-tronchetto","10":"product_cat-scatole-per-tronchetto-natale-incantato","12":"first","13":"instock","14":"taxable","15":"shipping-taxable","16":"purchasable","17":"product-type-simple"},"acf":[],"yoast_head":"<!-- This site is optimized with the Yoast SEO Premium plugin v26.6 (Yoast SEO v26.6) - https:\/\/yoast.com\/wordpress\/plugins\/seo\/ -->\n<title>Scatola per tronchetto 35x11x10 cm - Modello &#039;Natale Incantato&#039;<\/title>\n<meta name=\"description\" content=\"La scatola per tronchetto &quot;Natale Incantato&quot; 35 x 11 x 10 cm offre un design festivo e una protezione ottimale. Ideale per esaltare i tuoi dolci natalizi con eleganza.\" \/>\n<meta name=\"robots\" content=\"index, follow, max-snippet:-1, max-image-preview:large, max-video-preview:-1\" \/>\n<link rel=\"canonical\" href=\"https:\/\/www.csj-emballages.com\/it\/produit\/scatola-per-tronchetto-natale-incantato-35-x-11-x-10-cm-confezione-da-25\/\" \/>\n<meta property=\"og:locale\" content=\"it_IT\" \/>\n<meta property=\"og:type\" content=\"article\" \/>\n<meta property=\"og:title\" content=\"Scatola per tronchetto 35x11x10 cm - Modello &#039;Natale Incantato&#039;\" \/>\n<meta property=\"og:description\" content=\"La scatola per tronchetto &quot;Natale Incantato&quot; 35 x 11 x 10 cm offre un design festivo e una protezione ottimale. Ideale per esaltare i tuoi dolci natalizi con eleganza.\" \/>\n<meta property=\"og:url\" content=\"https:\/\/www.csj-emballages.com\/it\/produit\/scatola-per-tronchetto-natale-incantato-35-x-11-x-10-cm-confezione-da-25\/\" \/>\n<meta property=\"og:site_name\" content=\"CSJ Emballages\" \/>\n<meta property=\"article:publisher\" content=\"https:\/\/www.facebook.com\/csjemballages\" \/>\n<meta property=\"article:modified_time\" content=\"2026-03-12T15:11:34+00:00\" \/>\n<meta property=\"og:image\" content=\"https:\/\/www.csj-emballages.com\/wp-content\/uploads\/2024\/09\/e-amande-4-1-6-300x300.png\" \/>\n<meta name=\"twitter:card\" content=\"summary_large_image\" \/>\n<meta name=\"twitter:title\" content=\"Scatola per tronchetto 35x11x10 cm - Modello &#039;Natale Incantato&#039;\" \/>\n<meta name=\"twitter:description\" content=\"La scatola per tronchetto &quot;Natale Incantato&quot; 35 x 11 x 10 cm offre un design festivo e una protezione ottimale. Ideale per esaltare i tuoi dolci natalizi con eleganza.\" \/>\n<meta name=\"twitter:image\" content=\"https:\/\/www.csj-emballages.com\/wp-content\/uploads\/2024\/09\/e-amande-4-1-6-1024x1024.png\" \/>\n<meta name=\"twitter:label1\" content=\"Dur\u00e9e de lecture estim\u00e9e\" \/>\n\t<meta name=\"twitter:data1\" content=\"2 minuti\" \/>\n<script type=\"application\/ld+json\" class=\"yoast-schema-graph\">{\"@context\":\"https:\/\/schema.org\",\"@graph\":[{\"@type\":\"WebPage\",\"@id\":\"https:\/\/www.csj-emballages.com\/it\/produit\/scatola-per-tronchetto-natale-incantato-35-x-11-x-10-cm-confezione-da-25\/\",\"url\":\"https:\/\/www.csj-emballages.com\/it\/produit\/scatola-per-tronchetto-natale-incantato-35-x-11-x-10-cm-confezione-da-25\/\",\"name\":\"Scatola per tronchetto 35x11x10 cm - Modello 'Natale Incantato'\",\"isPartOf\":{\"@id\":\"https:\/\/www.csj-emballages.com\/it\/#website\"},\"primaryImageOfPage\":{\"@id\":\"https:\/\/www.csj-emballages.com\/it\/produit\/scatola-per-tronchetto-natale-incantato-35-x-11-x-10-cm-confezione-da-25\/#primaryimage\"},\"image\":{\"@id\":\"https:\/\/www.csj-emballages.com\/it\/produit\/scatola-per-tronchetto-natale-incantato-35-x-11-x-10-cm-confezione-da-25\/#primaryimage\"},\"thumbnailUrl\":\"https:\/\/www.csj-emballages.com\/wp-content\/uploads\/2024\/09\/Buche-1-png-e1732692086559.webp\",\"datePublished\":\"2024-09-06T00:18:18+00:00\",\"dateModified\":\"2026-03-12T15:11:34+00:00\",\"description\":\"La scatola per tronchetto \\\"Natale Incantato\\\" 35 x 11 x 10 cm offre un design festivo e una protezione ottimale. Ideale per esaltare i tuoi dolci natalizi con eleganza.\",\"breadcrumb\":{\"@id\":\"https:\/\/www.csj-emballages.com\/it\/produit\/scatola-per-tronchetto-natale-incantato-35-x-11-x-10-cm-confezione-da-25\/#breadcrumb\"},\"inLanguage\":\"it-IT\",\"potentialAction\":[{\"@type\":\"ReadAction\",\"target\":[\"https:\/\/www.csj-emballages.com\/it\/produit\/scatola-per-tronchetto-natale-incantato-35-x-11-x-10-cm-confezione-da-25\/\"]}]},{\"@type\":\"ImageObject\",\"inLanguage\":\"it-IT\",\"@id\":\"https:\/\/www.csj-emballages.com\/it\/produit\/scatola-per-tronchetto-natale-incantato-35-x-11-x-10-cm-confezione-da-25\/#primaryimage\",\"url\":\"https:\/\/www.csj-emballages.com\/wp-content\/uploads\/2024\/09\/Buche-1-png-e1732692086559.webp\",\"contentUrl\":\"https:\/\/www.csj-emballages.com\/wp-content\/uploads\/2024\/09\/Buche-1-png-e1732692086559.webp\",\"width\":800,\"height\":800,\"caption\":\"boite a buche\"},{\"@type\":\"BreadcrumbList\",\"@id\":\"https:\/\/www.csj-emballages.com\/it\/produit\/scatola-per-tronchetto-natale-incantato-35-x-11-x-10-cm-confezione-da-25\/#breadcrumb\",\"itemListElement\":[{\"@type\":\"ListItem\",\"position\":1,\"name\":\"Home\",\"item\":\"https:\/\/www.csj-emballages.com\/it\/universo-imballaggi-alimentari\/\"},{\"@type\":\"ListItem\",\"position\":2,\"name\":\"Negozio\",\"item\":\"https:\/\/www.csj-emballages.com\/it\/negozio\/\"},{\"@type\":\"ListItem\",\"position\":3,\"name\":\"Scatola per tronchetto \u00ab\u00a0Natale Incantato\u00a0\u00bb 35 x 11 x 10 cm, confezione da 25\"}]},{\"@type\":\"WebSite\",\"@id\":\"https:\/\/www.csj-emballages.com\/it\/#website\",\"url\":\"https:\/\/www.csj-emballages.com\/it\/\",\"name\":\"CSJ Emballages\",\"description\":\"\",\"publisher\":{\"@id\":\"https:\/\/www.csj-emballages.com\/it\/#organization\"},\"potentialAction\":[{\"@type\":\"SearchAction\",\"target\":{\"@type\":\"EntryPoint\",\"urlTemplate\":\"https:\/\/www.csj-emballages.com\/it\/?s={search_term_string}\"},\"query-input\":{\"@type\":\"PropertyValueSpecification\",\"valueRequired\":true,\"valueName\":\"search_term_string\"}}],\"inLanguage\":\"it-IT\"},{\"@type\":\"Organization\",\"@id\":\"https:\/\/www.csj-emballages.com\/it\/#Organization\/\",\"name\":\"CSJ Emballages\",\"url\":\"https:\/\/www.csj-emballages.com\/it\/\",\"logo\":{\"@type\":\"ImageObject\",\"inLanguage\":\"it-IT\",\"@id\":\"https:\/\/www.csj-emballages.com\/it\/#\/schema\/logo\/image\/\",\"url\":\"https:\/\/www.csj-emballages.com\/wp-content\/uploads\/2023\/10\/logo_csj.webp\",\"contentUrl\":\"https:\/\/www.csj-emballages.com\/wp-content\/uploads\/2023\/10\/logo_csj.webp\",\"width\":250,\"height\":95,\"caption\":\"CSJ Emballages\"},\"image\":{\"@id\":\"https:\/\/www.csj-emballages.com\/it\/#\/schema\/logo\/image\/\"},\"sameAs\":[\"https:\/\/www.facebook.com\/csjemballages\"],\"address\":{\"@type\":\"PostalAddress\",\"streetAddress\":\"ZI La Lechere\",\"addressLocality\":\"Patornay\",\"postalCode\":\"39130\",\"addressCountry\":\"FR\"},\"contactPoint\":[{\"@type\":\"ContactPoint\",\"contactType\":\"Service client\",\"telephone\":\"0384254272\",\"email\":\"contact@csj-emballages.com\"}]}]}<\/script>\n<!-- \/ Yoast SEO Premium plugin. -->","yoast_head_json":{"title":"Scatola per tronchetto 35x11x10 cm - Modello 'Natale Incantato'","description":"La scatola per tronchetto \"Natale Incantato\" 35 x 11 x 10 cm offre un design festivo e una protezione ottimale. Ideale per esaltare i tuoi dolci natalizi con eleganza.","robots":{"index":"index","follow":"follow","max-snippet":"max-snippet:-1","max-image-preview":"max-image-preview:large","max-video-preview":"max-video-preview:-1"},"canonical":"https:\/\/www.csj-emballages.com\/it\/produit\/scatola-per-tronchetto-natale-incantato-35-x-11-x-10-cm-confezione-da-25\/","og_locale":"it_IT","og_type":"article","og_title":"Scatola per tronchetto 35x11x10 cm - Modello 'Natale Incantato'","og_description":"La scatola per tronchetto \"Natale Incantato\" 35 x 11 x 10 cm offre un design festivo e una protezione ottimale. Ideale per esaltare i tuoi dolci natalizi con eleganza.","og_url":"https:\/\/www.csj-emballages.com\/it\/produit\/scatola-per-tronchetto-natale-incantato-35-x-11-x-10-cm-confezione-da-25\/","og_site_name":"CSJ Emballages","article_publisher":"https:\/\/www.facebook.com\/csjemballages","article_modified_time":"2026-03-12T15:11:34+00:00","og_image":[{"url":"https:\/\/www.csj-emballages.com\/wp-content\/uploads\/2024\/09\/e-amande-4-1-6-300x300.png","type":"","width":"","height":""}],"twitter_card":"summary_large_image","twitter_title":"Scatola per tronchetto 35x11x10 cm - Modello 'Natale Incantato'","twitter_description":"La scatola per tronchetto \"Natale Incantato\" 35 x 11 x 10 cm offre un design festivo e una protezione ottimale. Ideale per esaltare i tuoi dolci natalizi con eleganza.","twitter_image":"https:\/\/www.csj-emballages.com\/wp-content\/uploads\/2024\/09\/e-amande-4-1-6-1024x1024.png","twitter_misc":{"Dur\u00e9e de lecture estim\u00e9e":"2 minuti"},"schema":{"@context":"https:\/\/schema.org","@graph":[{"@type":"WebPage","@id":"https:\/\/www.csj-emballages.com\/it\/produit\/scatola-per-tronchetto-natale-incantato-35-x-11-x-10-cm-confezione-da-25\/","url":"https:\/\/www.csj-emballages.com\/it\/produit\/scatola-per-tronchetto-natale-incantato-35-x-11-x-10-cm-confezione-da-25\/","name":"Scatola per tronchetto 35x11x10 cm - Modello 'Natale Incantato'","isPartOf":{"@id":"https:\/\/www.csj-emballages.com\/it\/#website"},"primaryImageOfPage":{"@id":"https:\/\/www.csj-emballages.com\/it\/produit\/scatola-per-tronchetto-natale-incantato-35-x-11-x-10-cm-confezione-da-25\/#primaryimage"},"image":{"@id":"https:\/\/www.csj-emballages.com\/it\/produit\/scatola-per-tronchetto-natale-incantato-35-x-11-x-10-cm-confezione-da-25\/#primaryimage"},"thumbnailUrl":"https:\/\/www.csj-emballages.com\/wp-content\/uploads\/2024\/09\/Buche-1-png-e1732692086559.webp","datePublished":"2024-09-06T00:18:18+00:00","dateModified":"2026-03-12T15:11:34+00:00","description":"La scatola per tronchetto \"Natale Incantato\" 35 x 11 x 10 cm offre un design festivo e una protezione ottimale. Ideale per esaltare i tuoi dolci natalizi con eleganza.","breadcrumb":{"@id":"https:\/\/www.csj-emballages.com\/it\/produit\/scatola-per-tronchetto-natale-incantato-35-x-11-x-10-cm-confezione-da-25\/#breadcrumb"},"inLanguage":"it-IT","potentialAction":[{"@type":"ReadAction","target":["https:\/\/www.csj-emballages.com\/it\/produit\/scatola-per-tronchetto-natale-incantato-35-x-11-x-10-cm-confezione-da-25\/"]}]},{"@type":"ImageObject","inLanguage":"it-IT","@id":"https:\/\/www.csj-emballages.com\/it\/produit\/scatola-per-tronchetto-natale-incantato-35-x-11-x-10-cm-confezione-da-25\/#primaryimage","url":"https:\/\/www.csj-emballages.com\/wp-content\/uploads\/2024\/09\/Buche-1-png-e1732692086559.webp","contentUrl":"https:\/\/www.csj-emballages.com\/wp-content\/uploads\/2024\/09\/Buche-1-png-e1732692086559.webp","width":800,"height":800,"caption":"boite a buche"},{"@type":"BreadcrumbList","@id":"https:\/\/www.csj-emballages.com\/it\/produit\/scatola-per-tronchetto-natale-incantato-35-x-11-x-10-cm-confezione-da-25\/#breadcrumb","itemListElement":[{"@type":"ListItem","position":1,"name":"Home","item":"https:\/\/www.csj-emballages.com\/it\/universo-imballaggi-alimentari\/"},{"@type":"ListItem","position":2,"name":"Negozio","item":"https:\/\/www.csj-emballages.com\/it\/negozio\/"},{"@type":"ListItem","position":3,"name":"Scatola per tronchetto \u00ab\u00a0Natale Incantato\u00a0\u00bb 35 x 11 x 10 cm, confezione da 25"}]},{"@type":"WebSite","@id":"https:\/\/www.csj-emballages.com\/it\/#website","url":"https:\/\/www.csj-emballages.com\/it\/","name":"CSJ Emballages","description":"","publisher":{"@id":"https:\/\/www.csj-emballages.com\/it\/#organization"},"potentialAction":[{"@type":"SearchAction","target":{"@type":"EntryPoint","urlTemplate":"https:\/\/www.csj-emballages.com\/it\/?s={search_term_string}"},"query-input":{"@type":"PropertyValueSpecification","valueRequired":true,"valueName":"search_term_string"}}],"inLanguage":"it-IT"},{"@type":"Organization","@id":"https:\/\/www.csj-emballages.com\/it\/#Organization\/","name":"CSJ Emballages","url":"https:\/\/www.csj-emballages.com\/it\/","logo":{"@type":"ImageObject","inLanguage":"it-IT","@id":"https:\/\/www.csj-emballages.com\/it\/#\/schema\/logo\/image\/","url":"https:\/\/www.csj-emballages.com\/wp-content\/uploads\/2023\/10\/logo_csj.webp","contentUrl":"https:\/\/www.csj-emballages.com\/wp-content\/uploads\/2023\/10\/logo_csj.webp","width":250,"height":95,"caption":"CSJ Emballages"},"image":{"@id":"https:\/\/www.csj-emballages.com\/it\/#\/schema\/logo\/image\/"},"sameAs":["https:\/\/www.facebook.com\/csjemballages"],"address":{"@type":"PostalAddress","streetAddress":"ZI La Lechere","addressLocality":"Patornay","postalCode":"39130","addressCountry":"FR"},"contactPoint":[{"@type":"ContactPoint","contactType":"Service client","telephone":"0384254272","email":"contact@csj-emballages.com"}]}]}},"df_price":17.26,"df_sale_price":"","df_regular_price":17.26,"df_image_link":"https:\/\/www.csj-emballages.com\/wp-content\/uploads\/2024\/09\/Buche-1-300x300.webp","tiered_pricing_type":"fixed","tiered_pricing_fixed_rules":[],"tiered_pricing_percentage_rules":[],"tiered_pricing_minimum":1,"tiered_pricing_roles_data":[],"_links":{"self":[{"href":"https:\/\/www.csj-emballages.com\/it\/wp-json\/wp\/v2\/product\/271708","targetHints":{"allow":["GET"]}}],"collection":[{"href":"https:\/\/www.csj-emballages.com\/it\/wp-json\/wp\/v2\/product"}],"about":[{"href":"https:\/\/www.csj-emballages.com\/it\/wp-json\/wp\/v2\/types\/product"}],"wp:featuredmedia":[{"embeddable":true,"href":"https:\/\/www.csj-emballages.com\/it\/wp-json\/wp\/v2\/media\/271720"}],"wp:attachment":[{"href":"https:\/\/www.csj-emballages.com\/it\/wp-json\/wp\/v2\/media?parent=271708"}],"wp:term":[{"taxonomy":"product_brand","embeddable":true,"href":"https:\/\/www.csj-emballages.com\/it\/wp-json\/wp\/v2\/product_brand?post=271708"},{"taxonomy":"product_cat","embeddable":true,"href":"https:\/\/www.csj-emballages.com\/it\/wp-json\/wp\/v2\/product_cat?post=271708"},{"taxonomy":"product_tag","embeddable":true,"href":"https:\/\/www.csj-emballages.com\/it\/wp-json\/wp\/v2\/product_tag?post=271708"}],"curies":[{"name":"wp","href":"https:\/\/api.w.org\/{rel}","templated":true}]}}