{"id":271689,"date":"2024-10-10T17:19:16","date_gmt":"2024-10-10T15:19:16","guid":{"rendered":"https:\/\/www.csj-emballages.com\/produit\/tovagliolo-bianco-2-veli-30-x-40-cm-da-100\/"},"modified":"2026-03-03T13:01:19","modified_gmt":"2026-03-03T12:01:19","slug":"tovagliolo-bianco-2-veli-30-x-40-cm-da-100","status":"publish","type":"product","link":"https:\/\/www.csj-emballages.com\/it\/produit\/tovagliolo-bianco-2-veli-30-x-40-cm-da-100\/","title":{"rendered":"Tovagliolo bianco 2 veli 30 x 40 cm da 100"},"content":{"rendered":"<h2>Tovagliolo bianco<\/h2>\n<hr>\n<h3>Descrizione del nostro tovagliolo bianco 2 veli 30 x 40 cm da 100<\/h3>\n<p><!--more--><\/p>\n<p class=\"\" data-start=\"215\" data-end=\"549\">Dai un tocco di pulizia ed eleganza alle tue tavole con questo <strong data-start=\"285\" data-end=\"313\">tovagliolo bianco 2 veli<\/strong>, nel formato generoso <strong data-start=\"337\" data-end=\"351\">30 x 40 cm<\/strong>. Che sia per il servizio al tavolo nella ristorazione tradizionale, per un evento, un buffet o anche per l\u2019uso domestico, questo <strong>tovagliolo a 2 veli<\/strong> offre morbidezza, resistenza e assorbenza. Realizzato in <strong data-start=\"564\" data-end=\"586\">ovatta di cellulosa<\/strong>, \u00e8 progettato per garantire un <strong data-start=\"621\" data-end=\"640\">comfort ottimale<\/strong> durante l\u2019uso, assicurando al tempo stesso un\u2019ottima tenuta anche quando \u00e8 umido. Inoltre, il suo design sobrio e classico in bianco si integra perfettamente con ogni stile di decorazione, dal pi\u00f9 semplice al pi\u00f9 raffinato. Proposto in <strong data-start=\"864\" data-end=\"896\">confezione conveniente da 100 unit\u00e0<\/strong>, questo <strong>tovagliolo<\/strong> \u00e8 ideale per professionisti della ristorazione, organizzatori di eventi, catering e collettivit\u00e0. \u00c8 perfetto anche per l\u2019uso domestico, per grandi tavolate o pranzi di festa.     <\/p>\n<h6 data-start=\"215\" data-end=\"549\"><\/h6>\n<p style=\"text-align: right;\"><!--more--><\/p>\n<p class=\"\" data-start=\"215\" data-end=\"549\">Grazie alla sua <strong data-start=\"1161\" data-end=\"1178\">piegatura curata<\/strong>, \u00e8 veloce da sistemare e offre subito una presentazione pulita e professionale. Adatto a ogni tipo di ristorazione \u2013 tradizionale, veloce, da asporto o per eventi \u2013 questo <strong>tovagliolo bianco<\/strong> \u00e8 una soluzione igienica, pratica ed estetica. Il suo colore <strong>bianco<\/strong> richiama purezza e semplicit\u00e0, valorizzando la tua tavola.  <\/p>\n<p class=\"\" data-start=\"1662\" data-end=\"1799\">In sintesi, \u00e8 una scelta intelligente per unire <strong data-start=\"1693\" data-end=\"1729\">efficacia, convenienza ed eleganza<\/strong>, sia per un pranzo quotidiano, un banchetto o un ricevimento.<\/p>\n<p><!--more--><\/p>\n<div style=\"font-family: Roboto, sans-serif;\">\n<div style=\"font-family: Roboto, sans-serif;\">\n<div style=\"font-family: Roboto, sans-serif;\">\n<div style=\"font-family: Roboto, sans-serif;\">\n<div style=\"font-family: Roboto, sans-serif;\">\n<div style=\"font-family: Roboto, sans-serif;\">\n<p style=\"text-align: left;\"><strong>I loro vantaggi:<\/strong><\/p>\n<ul style=\"text-align: left;\">\n<li>Formato generoso 30 x 40 cm, perfetto per l\u2019uso a tavola<\/li>\n<li>Texture morbida e resistente grazie ai 2 veli<\/li>\n<li>Questi tovaglioli bianchi hanno un\u2019ottima assorbenza<\/li>\n<li>Colore bianco elegante, si adatta a ogni atmosfera<\/li>\n<li>Pronto all\u2019uso, ideale per professionisti e privati<\/li>\n<li>Confezionato da 100 per un ottimo rapporto qualit\u00e0\/prezzo<\/li>\n<\/ul>\n<\/div>\n<div style=\"font-family: Roboto, sans-serif;\"><\/div>\n<\/div>\n<\/div>\n<\/div>\n<\/div>\n<\/div>\n<p><!--more--><\/p>\n<div style=\"font-family: Roboto, sans-serif;\">\n<div style=\"font-family: Roboto, sans-serif;\">\n<div style=\"font-family: Roboto, sans-serif;\">\n<h4>Altre informazioni:<\/h4>\n<ul>\n<li><strong>Confezione<\/strong> : Pacco da 100<\/li>\n<li><strong>Dimensioni<\/strong> : 30 x 40 cm<\/li>\n<li><strong>Numero di veli<\/strong> : 2<\/li>\n<li><strong>Colore<\/strong> : Bianco<\/li>\n<\/ul>\n<p>&nbsp;<\/p>\n<\/div>\n<\/div>\n<\/div>\n<div style=\"font-family: Roboto, sans-serif;\">\n<div style=\"font-family: Roboto, sans-serif;\">\n<div style=\"font-family: Roboto, sans-serif;\">\n<p><!--more--><\/p>\n<p><a href=\"https:\/\/www.csj-emballages.com\/it\/categorie-produit\/imballaggi-alimentari\/ristorazione\/tovaglioli-set-da-tavola-tovaglie\/tovaglioli\/tovaglioli-a-2-veli\/\">Scopri il resto della nostra gamma di tovaglioli a 2 veli<\/a><\/p>\n<\/div>\n<\/div>\n<\/div>\n<div style=\"font-family: Roboto, sans-serif;\">\n<div style=\"font-family: Roboto, sans-serif;\">\n<div style=\"font-family: Roboto, sans-serif;\">\n<div style=\"text-align: center;\">\n<div style=\"font-family: Roboto, sans-serif;\">\n<div style=\"font-family: Roboto, sans-serif;\">\n<div style=\"font-family: Roboto, sans-serif;\">\n<div style=\"font-family: Roboto, sans-serif;\">\n<div style=\"font-family: Roboto, sans-serif;\">\n<div style=\"font-family: Roboto, sans-serif; text-align: left;\"><\/div>\n<\/div>\n<\/div>\n<\/div>\n<\/div>\n<\/div>\n<\/div>\n<\/div>\n<\/div>\n<\/div>\n","protected":false},"excerpt":{"rendered":"<p>Tovagliolo bianco Descrizione del nostro tovagliolo bianco 2 veli 30 x 40 cm da 100<\/p>\n","protected":false},"featured_media":271693,"template":"","meta":{"_acf_changed":false},"product_brand":[],"product_cat":[10346,10375,10406,11124,11130],"product_tag":[],"class_list":{"0":"post-271689","1":"product","2":"type-product","3":"status-publish","4":"has-post-thumbnail","6":"product_cat-imballaggi-alimentari","7":"product_cat-ristorazione","8":"product_cat-tovaglioli-set-da-tavola-tovaglie","9":"product_cat-tovaglioli","10":"product_cat-tovaglioli-a-2-veli","12":"first","13":"instock","14":"taxable","15":"shipping-taxable","16":"purchasable","17":"product-type-simple"},"acf":[],"yoast_head":"<!-- This site is optimized with the Yoast SEO Premium plugin v26.6 (Yoast SEO v26.6) - https:\/\/yoast.com\/wordpress\/plugins\/seo\/ -->\n<title>Tovagliolo Bianco 2 Veli 30 x 40 cm da 100<\/title>\n<meta name=\"description\" content=\"Tovagliolo bianco 2 veli 30 x 40 cm. Elegante, assorbente e resistente, perfetto per i professionisti della ristorazione o per eventi privati.\" \/>\n<meta name=\"robots\" content=\"index, follow, max-snippet:-1, max-image-preview:large, max-video-preview:-1\" \/>\n<link rel=\"canonical\" href=\"https:\/\/www.csj-emballages.com\/it\/produit\/tovagliolo-bianco-2-veli-30-x-40-cm-da-100\/\" \/>\n<meta property=\"og:locale\" content=\"it_IT\" \/>\n<meta property=\"og:type\" content=\"article\" \/>\n<meta property=\"og:title\" content=\"Tovagliolo bianco 2 veli 30 x 40 cm da 100\" \/>\n<meta property=\"og:description\" content=\"Tovagliolo bianco 2 veli 30 x 40 cm. Elegante, assorbente e resistente, perfetto per i professionisti della ristorazione o per eventi privati.\" \/>\n<meta property=\"og:url\" content=\"https:\/\/www.csj-emballages.com\/it\/produit\/tovagliolo-bianco-2-veli-30-x-40-cm-da-100\/\" \/>\n<meta property=\"og:site_name\" content=\"CSJ Emballages\" \/>\n<meta property=\"article:publisher\" content=\"https:\/\/www.facebook.com\/csjemballages\" \/>\n<meta property=\"article:modified_time\" content=\"2026-03-03T12:01:19+00:00\" \/>\n<meta property=\"og:image\" content=\"https:\/\/www.csj-emballages.com\/wp-content\/uploads\/2024\/10\/SR3040.webp\" \/>\n\t<meta property=\"og:image:width\" content=\"800\" \/>\n\t<meta property=\"og:image:height\" content=\"800\" \/>\n\t<meta property=\"og:image:type\" content=\"image\/webp\" \/>\n<meta name=\"twitter:card\" content=\"summary_large_image\" \/>\n<meta name=\"twitter:label1\" content=\"Dur\u00e9e de lecture estim\u00e9e\" \/>\n\t<meta name=\"twitter:data1\" content=\"1 minuto\" \/>\n<script type=\"application\/ld+json\" class=\"yoast-schema-graph\">{\"@context\":\"https:\/\/schema.org\",\"@graph\":[{\"@type\":\"WebPage\",\"@id\":\"https:\/\/www.csj-emballages.com\/it\/produit\/tovagliolo-bianco-2-veli-30-x-40-cm-da-100\/\",\"url\":\"https:\/\/www.csj-emballages.com\/it\/produit\/tovagliolo-bianco-2-veli-30-x-40-cm-da-100\/\",\"name\":\"Tovagliolo Bianco 2 Veli 30 x 40 cm da 100\",\"isPartOf\":{\"@id\":\"https:\/\/www.csj-emballages.com\/it\/#website\"},\"primaryImageOfPage\":{\"@id\":\"https:\/\/www.csj-emballages.com\/it\/produit\/tovagliolo-bianco-2-veli-30-x-40-cm-da-100\/#primaryimage\"},\"image\":{\"@id\":\"https:\/\/www.csj-emballages.com\/it\/produit\/tovagliolo-bianco-2-veli-30-x-40-cm-da-100\/#primaryimage\"},\"thumbnailUrl\":\"https:\/\/www.csj-emballages.com\/wp-content\/uploads\/2024\/10\/SR3040.webp\",\"datePublished\":\"2024-10-10T15:19:16+00:00\",\"dateModified\":\"2026-03-03T12:01:19+00:00\",\"description\":\"Tovagliolo bianco 2 veli 30 x 40 cm. Elegante, assorbente e resistente, perfetto per i professionisti della ristorazione o per eventi privati.\",\"breadcrumb\":{\"@id\":\"https:\/\/www.csj-emballages.com\/it\/produit\/tovagliolo-bianco-2-veli-30-x-40-cm-da-100\/#breadcrumb\"},\"inLanguage\":\"it-IT\",\"potentialAction\":[{\"@type\":\"ReadAction\",\"target\":[\"https:\/\/www.csj-emballages.com\/it\/produit\/tovagliolo-bianco-2-veli-30-x-40-cm-da-100\/\"]}]},{\"@type\":\"ImageObject\",\"inLanguage\":\"it-IT\",\"@id\":\"https:\/\/www.csj-emballages.com\/it\/produit\/tovagliolo-bianco-2-veli-30-x-40-cm-da-100\/#primaryimage\",\"url\":\"https:\/\/www.csj-emballages.com\/wp-content\/uploads\/2024\/10\/SR3040.webp\",\"contentUrl\":\"https:\/\/www.csj-emballages.com\/wp-content\/uploads\/2024\/10\/SR3040.webp\",\"width\":800,\"height\":800,\"caption\":\"Sac sous vide\"},{\"@type\":\"BreadcrumbList\",\"@id\":\"https:\/\/www.csj-emballages.com\/it\/produit\/tovagliolo-bianco-2-veli-30-x-40-cm-da-100\/#breadcrumb\",\"itemListElement\":[{\"@type\":\"ListItem\",\"position\":1,\"name\":\"Home\",\"item\":\"https:\/\/www.csj-emballages.com\/it\/universo-imballaggi-alimentari\/\"},{\"@type\":\"ListItem\",\"position\":2,\"name\":\"Negozio\",\"item\":\"https:\/\/www.csj-emballages.com\/it\/negozio\/\"},{\"@type\":\"ListItem\",\"position\":3,\"name\":\"Tovagliolo bianco 2 veli 30 x 40 cm da 100\"}]},{\"@type\":\"WebSite\",\"@id\":\"https:\/\/www.csj-emballages.com\/it\/#website\",\"url\":\"https:\/\/www.csj-emballages.com\/it\/\",\"name\":\"CSJ Emballages\",\"description\":\"\",\"publisher\":{\"@id\":\"https:\/\/www.csj-emballages.com\/it\/#organization\"},\"potentialAction\":[{\"@type\":\"SearchAction\",\"target\":{\"@type\":\"EntryPoint\",\"urlTemplate\":\"https:\/\/www.csj-emballages.com\/it\/?s={search_term_string}\"},\"query-input\":{\"@type\":\"PropertyValueSpecification\",\"valueRequired\":true,\"valueName\":\"search_term_string\"}}],\"inLanguage\":\"it-IT\"},{\"@type\":\"Organization\",\"@id\":\"https:\/\/www.csj-emballages.com\/it\/#Organization\/\",\"name\":\"CSJ Emballages\",\"url\":\"https:\/\/www.csj-emballages.com\/it\/\",\"logo\":{\"@type\":\"ImageObject\",\"inLanguage\":\"it-IT\",\"@id\":\"https:\/\/www.csj-emballages.com\/it\/#\/schema\/logo\/image\/\",\"url\":\"https:\/\/www.csj-emballages.com\/wp-content\/uploads\/2023\/10\/logo_csj.webp\",\"contentUrl\":\"https:\/\/www.csj-emballages.com\/wp-content\/uploads\/2023\/10\/logo_csj.webp\",\"width\":250,\"height\":95,\"caption\":\"CSJ Emballages\"},\"image\":{\"@id\":\"https:\/\/www.csj-emballages.com\/it\/#\/schema\/logo\/image\/\"},\"sameAs\":[\"https:\/\/www.facebook.com\/csjemballages\"],\"address\":{\"@type\":\"PostalAddress\",\"streetAddress\":\"ZI La Lechere\",\"addressLocality\":\"Patornay\",\"postalCode\":\"39130\",\"addressCountry\":\"FR\"},\"contactPoint\":[{\"@type\":\"ContactPoint\",\"contactType\":\"Service client\",\"telephone\":\"0384254272\",\"email\":\"contact@csj-emballages.com\"}]}]}<\/script>\n<!-- \/ Yoast SEO Premium plugin. -->","yoast_head_json":{"title":"Tovagliolo Bianco 2 Veli 30 x 40 cm da 100","description":"Tovagliolo bianco 2 veli 30 x 40 cm. Elegante, assorbente e resistente, perfetto per i professionisti della ristorazione o per eventi privati.","robots":{"index":"index","follow":"follow","max-snippet":"max-snippet:-1","max-image-preview":"max-image-preview:large","max-video-preview":"max-video-preview:-1"},"canonical":"https:\/\/www.csj-emballages.com\/it\/produit\/tovagliolo-bianco-2-veli-30-x-40-cm-da-100\/","og_locale":"it_IT","og_type":"article","og_title":"Tovagliolo bianco 2 veli 30 x 40 cm da 100","og_description":"Tovagliolo bianco 2 veli 30 x 40 cm. Elegante, assorbente e resistente, perfetto per i professionisti della ristorazione o per eventi privati.","og_url":"https:\/\/www.csj-emballages.com\/it\/produit\/tovagliolo-bianco-2-veli-30-x-40-cm-da-100\/","og_site_name":"CSJ Emballages","article_publisher":"https:\/\/www.facebook.com\/csjemballages","article_modified_time":"2026-03-03T12:01:19+00:00","og_image":[{"width":800,"height":800,"url":"https:\/\/www.csj-emballages.com\/wp-content\/uploads\/2024\/10\/SR3040.webp","type":"image\/webp"}],"twitter_card":"summary_large_image","twitter_misc":{"Dur\u00e9e de lecture estim\u00e9e":"1 minuto"},"schema":{"@context":"https:\/\/schema.org","@graph":[{"@type":"WebPage","@id":"https:\/\/www.csj-emballages.com\/it\/produit\/tovagliolo-bianco-2-veli-30-x-40-cm-da-100\/","url":"https:\/\/www.csj-emballages.com\/it\/produit\/tovagliolo-bianco-2-veli-30-x-40-cm-da-100\/","name":"Tovagliolo Bianco 2 Veli 30 x 40 cm da 100","isPartOf":{"@id":"https:\/\/www.csj-emballages.com\/it\/#website"},"primaryImageOfPage":{"@id":"https:\/\/www.csj-emballages.com\/it\/produit\/tovagliolo-bianco-2-veli-30-x-40-cm-da-100\/#primaryimage"},"image":{"@id":"https:\/\/www.csj-emballages.com\/it\/produit\/tovagliolo-bianco-2-veli-30-x-40-cm-da-100\/#primaryimage"},"thumbnailUrl":"https:\/\/www.csj-emballages.com\/wp-content\/uploads\/2024\/10\/SR3040.webp","datePublished":"2024-10-10T15:19:16+00:00","dateModified":"2026-03-03T12:01:19+00:00","description":"Tovagliolo bianco 2 veli 30 x 40 cm. Elegante, assorbente e resistente, perfetto per i professionisti della ristorazione o per eventi privati.","breadcrumb":{"@id":"https:\/\/www.csj-emballages.com\/it\/produit\/tovagliolo-bianco-2-veli-30-x-40-cm-da-100\/#breadcrumb"},"inLanguage":"it-IT","potentialAction":[{"@type":"ReadAction","target":["https:\/\/www.csj-emballages.com\/it\/produit\/tovagliolo-bianco-2-veli-30-x-40-cm-da-100\/"]}]},{"@type":"ImageObject","inLanguage":"it-IT","@id":"https:\/\/www.csj-emballages.com\/it\/produit\/tovagliolo-bianco-2-veli-30-x-40-cm-da-100\/#primaryimage","url":"https:\/\/www.csj-emballages.com\/wp-content\/uploads\/2024\/10\/SR3040.webp","contentUrl":"https:\/\/www.csj-emballages.com\/wp-content\/uploads\/2024\/10\/SR3040.webp","width":800,"height":800,"caption":"Sac sous vide"},{"@type":"BreadcrumbList","@id":"https:\/\/www.csj-emballages.com\/it\/produit\/tovagliolo-bianco-2-veli-30-x-40-cm-da-100\/#breadcrumb","itemListElement":[{"@type":"ListItem","position":1,"name":"Home","item":"https:\/\/www.csj-emballages.com\/it\/universo-imballaggi-alimentari\/"},{"@type":"ListItem","position":2,"name":"Negozio","item":"https:\/\/www.csj-emballages.com\/it\/negozio\/"},{"@type":"ListItem","position":3,"name":"Tovagliolo bianco 2 veli 30 x 40 cm da 100"}]},{"@type":"WebSite","@id":"https:\/\/www.csj-emballages.com\/it\/#website","url":"https:\/\/www.csj-emballages.com\/it\/","name":"CSJ Emballages","description":"","publisher":{"@id":"https:\/\/www.csj-emballages.com\/it\/#organization"},"potentialAction":[{"@type":"SearchAction","target":{"@type":"EntryPoint","urlTemplate":"https:\/\/www.csj-emballages.com\/it\/?s={search_term_string}"},"query-input":{"@type":"PropertyValueSpecification","valueRequired":true,"valueName":"search_term_string"}}],"inLanguage":"it-IT"},{"@type":"Organization","@id":"https:\/\/www.csj-emballages.com\/it\/#Organization\/","name":"CSJ Emballages","url":"https:\/\/www.csj-emballages.com\/it\/","logo":{"@type":"ImageObject","inLanguage":"it-IT","@id":"https:\/\/www.csj-emballages.com\/it\/#\/schema\/logo\/image\/","url":"https:\/\/www.csj-emballages.com\/wp-content\/uploads\/2023\/10\/logo_csj.webp","contentUrl":"https:\/\/www.csj-emballages.com\/wp-content\/uploads\/2023\/10\/logo_csj.webp","width":250,"height":95,"caption":"CSJ Emballages"},"image":{"@id":"https:\/\/www.csj-emballages.com\/it\/#\/schema\/logo\/image\/"},"sameAs":["https:\/\/www.facebook.com\/csjemballages"],"address":{"@type":"PostalAddress","streetAddress":"ZI La Lechere","addressLocality":"Patornay","postalCode":"39130","addressCountry":"FR"},"contactPoint":[{"@type":"ContactPoint","contactType":"Service client","telephone":"0384254272","email":"contact@csj-emballages.com"}]}]}},"df_price":2.98,"df_sale_price":"","df_regular_price":2.98,"df_image_link":"https:\/\/www.csj-emballages.com\/wp-content\/uploads\/2024\/10\/SR3040-300x300.webp","tiered_pricing_type":"fixed","tiered_pricing_fixed_rules":[],"tiered_pricing_percentage_rules":[],"tiered_pricing_minimum":1,"tiered_pricing_roles_data":[],"_links":{"self":[{"href":"https:\/\/www.csj-emballages.com\/it\/wp-json\/wp\/v2\/product\/271689","targetHints":{"allow":["GET"]}}],"collection":[{"href":"https:\/\/www.csj-emballages.com\/it\/wp-json\/wp\/v2\/product"}],"about":[{"href":"https:\/\/www.csj-emballages.com\/it\/wp-json\/wp\/v2\/types\/product"}],"wp:featuredmedia":[{"embeddable":true,"href":"https:\/\/www.csj-emballages.com\/it\/wp-json\/wp\/v2\/media\/271693"}],"wp:attachment":[{"href":"https:\/\/www.csj-emballages.com\/it\/wp-json\/wp\/v2\/media?parent=271689"}],"wp:term":[{"taxonomy":"product_brand","embeddable":true,"href":"https:\/\/www.csj-emballages.com\/it\/wp-json\/wp\/v2\/product_brand?post=271689"},{"taxonomy":"product_cat","embeddable":true,"href":"https:\/\/www.csj-emballages.com\/it\/wp-json\/wp\/v2\/product_cat?post=271689"},{"taxonomy":"product_tag","embeddable":true,"href":"https:\/\/www.csj-emballages.com\/it\/wp-json\/wp\/v2\/product_tag?post=271689"}],"curies":[{"name":"wp","href":"https:\/\/api.w.org\/{rel}","templated":true}]}}