{"id":271681,"date":"2024-10-09T02:18:15","date_gmt":"2024-10-09T00:18:15","guid":{"rendered":"https:\/\/www.csj-emballages.com\/produit\/cestino-cartone-kraft-30-x-40-x-6-cm-confezione-da-25\/"},"modified":"2026-04-03T02:14:50","modified_gmt":"2026-04-03T00:14:50","slug":"cestino-cartone-kraft-30-x-40-x-6-cm-confezione-da-25","status":"publish","type":"product","link":"https:\/\/www.csj-emballages.com\/it\/produit\/cestino-cartone-kraft-30-x-40-x-6-cm-confezione-da-25\/","title":{"rendered":"Cestino cartone kraft 30 x 40 x 6 cm confezione da 25"},"content":{"rendered":"<div style=\"font-family: Roboto, sans-serif;\">\n<div style=\"font-family: Roboto, sans-serif;\">\n<div style=\"font-family: Roboto, sans-serif;\">\n<div style=\"font-family: Roboto, sans-serif;\">\n<div style=\"font-family: Roboto, sans-serif;\">\n<div style=\"font-family: Roboto, sans-serif;\">\n<div style=\"font-family: Roboto, sans-serif;\">\n<div style=\"font-family: Roboto, sans-serif;\">\n<div style=\"font-family: Roboto, sans-serif;\">\n<div style=\"font-family: Roboto, sans-serif;\">\n<div style=\"font-family: Roboto, sans-serif;\">\n<div style=\"font-family: Roboto, sans-serif;\">\n<div style=\"font-family: Roboto, sans-serif;\">\n<div class=\"flex flex-grow flex-col max-w-full\">\n<div class=\"min-h-[20px] text-message flex flex-col items-start whitespace-pre-wrap break-words [.text-message+&amp;]:mt-5 juice:w-full juice:items-end overflow-x-auto gap-2\" dir=\"auto\" data-message-author-role=\"assistant\" data-message-id=\"2034782e-88f9-44ef-b4dc-07dd7bf0115f\">\n<div class=\"flex w-full flex-col gap-1 juice:empty:hidden juice:first:pt-[3px]\">\n<div class=\"markdown prose w-full break-words dark:prose-invert light\">\n<div style=\"font-family: Roboto, sans-serif;\">\n<div style=\"font-family: Roboto, sans-serif;\">\n<div style=\"font-family: Roboto, sans-serif;\">\n<div style=\"font-family: Roboto, sans-serif;\">\n<div style=\"font-family: Roboto, sans-serif;\">\n<div style=\"font-family: Roboto, sans-serif;\">\n<h2>Cestino cartone<\/h2>\n<div style=\"font-family: Roboto, sans-serif;\">\n<div style=\"font-family: Roboto, sans-serif;\">\n<div style=\"font-family: Roboto, sans-serif;\">\n<div style=\"text-align: center;\">\n<div style=\"font-family: Roboto, sans-serif;\">\n<div style=\"font-family: Roboto, sans-serif;\">\n<div style=\"font-family: Roboto, sans-serif;\">\n<div style=\"font-family: Roboto, sans-serif;\">\n<div style=\"font-family: Roboto, sans-serif;\">\n<div style=\"font-family: Roboto, sans-serif; text-align: left;\">\n<hr>\n<h3 style=\"text-align: left;\">Descrizione del nostro cestino cartone kraft 30 x 40 x 6 cm confezione da 25<!--more--><\/h3>\n<\/div>\n<\/div>\n<\/div>\n<\/div>\n<\/div>\n<\/div>\n<\/div>\n<\/div>\n<\/div>\n<\/div>\n<\/div>\n<\/div>\n<\/div>\n<\/div>\n<\/div>\n<\/div>\n<\/div>\n<\/div>\n<\/div>\n<\/div>\n<\/div>\n<\/div>\n<\/div>\n<\/div>\n<\/div>\n<\/div>\n<\/div>\n<\/div>\n<\/div>\n<\/div>\n<\/div>\n<\/div>\n<\/div>\n<p><strong>Cestino cartone kraft rettangolare 30 x 40 x 6 cm confezione da 25<\/strong>: una soluzione elegante per le tue presentazioni. Questo <strong>cestino cartone<\/strong> unisce design pratico ed estetica. Con le sue dimensioni generose, si adatta a diverse occasioni. Che sia per un evento professionale o una festa in famiglia, questo <strong>cestino presentazione<\/strong> ti sar\u00e0 di grande utilit\u00e0.   <\/p>\n<p>Realizzato in cartone, questo <strong>cestino rettangolare<\/strong> \u00e8 allo stesso tempo robusto e leggero. Il suo design rettangolare permette una sistemazione ottimale dei prodotti. Inoltre, offre una grande capacit\u00e0 di stoccaggio. Puoi metterci snack, frutta o anche prodotti di bellezza. Grazie alla sua forma, facilita la valorizzazione dei tuoi articoli.    <\/p>\n<p>\u00c8 anche possibile personalizzare questo <strong>cestino presentazione<\/strong>. Puoi aggiungere decorazioni, come nastri o etichette. Questo permette di creare un&#8217;atmosfera unica e personale. Ad esempio, per un evento di Natale, aggiungi motivi festivi. Per un compleanno, colori vivaci faranno al caso tuo. Le possibilit\u00e0 sono infinite grazie a questo <strong>cestino rettangolare<\/strong>.     <\/p>\n<p>&nbsp;<\/p>\n<p><!--more--><\/p>\n<h4>Perch\u00e9 usare il nostro cestino?<\/h4>\n<p>Scegliendo questo <strong>cestino cartone<\/strong>, fai una scelta ecosostenibile. Infatti, il cartone \u00e8 un materiale riciclabile. Questo significa che, dopo l&#8217;utilizzo, puoi facilmente riciclare questo <strong>cestino presentazione<\/strong>. Cos\u00ec, contribuisci alla protezione dell&#8217;ambiente utilizzando un prodotto pratico. Inoltre, la sua concezione curata aggiunge un tocco di eleganza alla tua decorazione.    <\/p>\n<p>Le occasioni d&#8217;uso sono molteplici. Che sia durante un matrimonio, un compleanno o una riunione di lavoro, il <strong>cestino rettangolare<\/strong> si integra perfettamente nel tuo arredamento. Inoltre, la sua estetica semplice ma elegante lo rende adattabile a tutti gli stili. Per una presentazione curata, \u00e8 essenziale scegliere bene i propri contenitori. Il <strong>cestino cartone<\/strong> risponde a questa esigenza con maestria.    <\/p>\n<p>&nbsp;<\/p>\n<p><!--more--><\/p>\n<div style=\"font-family: Roboto, sans-serif;\">\n<div style=\"font-family: Roboto, sans-serif;\">\n<div style=\"font-family: Roboto, sans-serif;\">\n<div style=\"font-family: Roboto, sans-serif;\">\n<div style=\"font-family: Roboto, sans-serif;\">\n<div style=\"font-family: Roboto, sans-serif;\">\n<div style=\"font-family: Roboto, sans-serif;\">\n<div style=\"font-family: Roboto, sans-serif;\">\n<div style=\"font-family: Roboto, sans-serif;\">\n<div style=\"font-family: Roboto, sans-serif;\">\n<div style=\"font-family: Roboto, sans-serif;\">\n<div style=\"font-family: Roboto, sans-serif;\">\n<div style=\"font-family: Roboto, sans-serif;\">\n<div class=\"flex flex-grow flex-col max-w-full\">\n<div class=\"min-h-[20px] text-message flex flex-col items-start whitespace-pre-wrap break-words [.text-message+&amp;]:mt-5 juice:w-full juice:items-end overflow-x-auto gap-2\" dir=\"auto\" data-message-author-role=\"assistant\" data-message-id=\"2034782e-88f9-44ef-b4dc-07dd7bf0115f\">\n<div class=\"flex w-full flex-col gap-1 juice:empty:hidden juice:first:pt-[3px]\">\n<div class=\"markdown prose w-full break-words dark:prose-invert light\">\n<div style=\"font-family: Roboto, sans-serif;\">\n<div style=\"font-family: Roboto, sans-serif;\">\n<div style=\"font-family: Roboto, sans-serif;\">\n<div style=\"font-family: Roboto, sans-serif;\">\n<div style=\"font-family: Roboto, sans-serif;\">\n<div style=\"font-family: Roboto, sans-serif;\">\n<p>In sintesi, il <strong>cestino cartone rettangolare 30 x 40 x 6 cm confezione da 25<\/strong> \u00e8 una scelta giudiziosa. Combina praticit\u00e0, estetica ed ecosostenibilit\u00e0. Il suo utilizzo \u00e8 semplice e vario. Che tu voglia organizzare un evento o semplicemente sistemare le tue cose, questo <strong>cestino presentazione<\/strong> \u00e8 ideale.   <\/p>\n<p>Con la sua capacit\u00e0 e solidit\u00e0, non delude mai. Per ottimizzare la tua sistemazione o abbellire le tue presentazioni, punta su questo <strong>cestino cartone<\/strong>. Non rimarrai deluso dalla qualit\u00e0 e dal design. Infine, non dimenticare che ogni dettaglio conta per una presentazione riuscita. Scegliendo questo <strong>cestino rettangolare<\/strong>, investi in un prodotto affidabile ed elegante    <\/p>\n<p>&nbsp;<\/p>\n<p><!--more--><\/p>\n<h4 style=\"text-align: left;\"><strong>I vantaggi dei cestini cartone<\/strong><strong>:<\/strong><\/h4>\n<ul style=\"text-align: left;\">\n<li><strong>Ecologico<\/strong>: Realizzato in cartone riciclabile, contribuisce alla protezione dell&#8217;ambiente.<\/li>\n<li><strong>Pratico<\/strong>: Le sue dimensioni permettono di sistemare efficacemente vari articoli, dagli alimenti agli oggetti decorativi.<\/li>\n<li><strong>Versatile<\/strong>: Adatto per numerose occasioni, \u00e8 ideale per eventi come matrimoni, compleanni o riunioni di lavoro.<\/li>\n<li><strong>Facilit\u00e0 d&#8217;uso<\/strong>: <strong>Cestino<\/strong> progettato con manici, facilita la presa.<\/li>\n<\/ul>\n<\/div>\n<\/div>\n<\/div>\n<\/div>\n<\/div>\n<\/div>\n<\/div>\n<\/div>\n<\/div>\n<\/div>\n<\/div>\n<\/div>\n<p>&nbsp;<\/p>\n<\/div>\n<\/div>\n<\/div>\n<\/div>\n<\/div>\n<\/div>\n<\/div>\n<\/div>\n<\/div>\n<\/div>\n<\/div>\n<p><!--more--><\/p>\n<h4>Altre informazioni:<\/h4>\n<ul style=\"font-family: Roboto, sans-serif;\">\n<li><strong>Confezione<\/strong>: Lotto da 25<\/li>\n<li><span style=\"font-weight: bold;\">Dimensione<\/span>: 30 x 40 x 6 cm<\/li>\n<li><strong>Materiale<\/strong>: cartone<\/li>\n<\/ul>\n<p>&nbsp;<\/p>\n<p><!--more--><\/p>\n<p>Disponibile anche in <span style=\"color: #d12727;\"><a style=\"color: #d12727;\" href=\"https:\/\/www.csj-emballages.com\/it\/produit\/cesto-in-cartone-kraft-32-x-22-x-6-cm-confezione-da-25\/\">32 x 22 x 6 cm<\/a><\/span><\/p>\n<p>&nbsp;<\/p>\n<p style=\"text-align: left;\"><!--more--><\/p>\n<p><a href=\"\/?product_cat=panier-corbeille\">Consulta il resto della nostra gamma di cestini \/ corbeille<\/a><\/p>\n","protected":false},"excerpt":{"rendered":"<p>Cestino cartone Descrizione del nostro cestino cartone kraft 30 x 40 x 6 cm confezione da 25<\/p>\n","protected":false},"featured_media":271683,"template":"","meta":{"_acf_changed":false},"product_brand":[],"product_cat":[10346,10345,10871,10917],"product_tag":[],"class_list":{"0":"post-271681","1":"product","2":"type-product","3":"status-publish","4":"has-post-thumbnail","6":"product_cat-imballaggi-alimentari","7":"product_cat-boutique-e-negozio","8":"product_cat-accessori-e-attrezzature","9":"product_cat-cesti-cestini","10":"product_shipping_class-vietato-in-punto-di-ritiro","12":"first","13":"instock","14":"taxable","15":"shipping-taxable","16":"purchasable","17":"product-type-simple"},"acf":[],"yoast_head":"<!-- This site is optimized with the Yoast SEO Premium plugin v26.6 (Yoast SEO v26.6) - https:\/\/yoast.com\/wordpress\/plugins\/seo\/ -->\n<title>Cestino cartone rettangolare kraft 30 x 40 x 6 cm<\/title>\n<meta name=\"description\" content=\"Scopri il cestino cartone rettangolare 30 x 40 x 6 cm confezione da 25: pratico, ecosostenibile e versatile. Ideale per le tue presentazioni.\" \/>\n<meta name=\"robots\" content=\"index, follow, max-snippet:-1, max-image-preview:large, max-video-preview:-1\" \/>\n<link rel=\"canonical\" href=\"https:\/\/www.csj-emballages.com\/it\/produit\/cestino-cartone-kraft-30-x-40-x-6-cm-confezione-da-25\/\" \/>\n<meta property=\"og:locale\" content=\"it_IT\" \/>\n<meta property=\"og:type\" content=\"article\" \/>\n<meta property=\"og:title\" content=\"Cestino cartone rettangolare kraft 30 x 40 x 6 cm\" \/>\n<meta property=\"og:description\" content=\"Scopri il cestino cartone rettangolare 30 x 40 x 6 cm confezione da 25: pratico, ecosostenibile e versatile. Ideale per le tue presentazioni.\" \/>\n<meta property=\"og:url\" content=\"https:\/\/www.csj-emballages.com\/it\/produit\/cestino-cartone-kraft-30-x-40-x-6-cm-confezione-da-25\/\" \/>\n<meta property=\"og:site_name\" content=\"CSJ Emballages\" \/>\n<meta property=\"article:publisher\" content=\"https:\/\/www.facebook.com\/csjemballages\" \/>\n<meta property=\"article:modified_time\" content=\"2026-04-03T00:14:50+00:00\" \/>\n<meta property=\"og:image\" content=\"https:\/\/www.csj-emballages.com\/wp-content\/uploads\/2024\/10\/e-amande-49-1.png\" \/>\n\t<meta property=\"og:image:width\" content=\"300\" \/>\n\t<meta property=\"og:image:height\" content=\"300\" \/>\n\t<meta property=\"og:image:type\" content=\"image\/png\" \/>\n<meta name=\"twitter:card\" content=\"summary_large_image\" \/>\n<meta name=\"twitter:title\" content=\"Cestino cartone rettangolare kraft 30 x 40 x 6 cm\" \/>\n<meta name=\"twitter:description\" content=\"Scopri il cestino cartone rettangolare 30 x 40 x 6 cm confezione da 25: pratico, ecosostenibile e versatile. Ideale per le tue presentazioni.\" \/>\n<meta name=\"twitter:label1\" content=\"Dur\u00e9e de lecture estim\u00e9e\" \/>\n\t<meta name=\"twitter:data1\" content=\"2 minuti\" \/>\n<script type=\"application\/ld+json\" class=\"yoast-schema-graph\">{\"@context\":\"https:\/\/schema.org\",\"@graph\":[{\"@type\":\"WebPage\",\"@id\":\"https:\/\/www.csj-emballages.com\/it\/produit\/cestino-cartone-kraft-30-x-40-x-6-cm-confezione-da-25\/\",\"url\":\"https:\/\/www.csj-emballages.com\/it\/produit\/cestino-cartone-kraft-30-x-40-x-6-cm-confezione-da-25\/\",\"name\":\"Cestino cartone rettangolare kraft 30 x 40 x 6 cm\",\"isPartOf\":{\"@id\":\"https:\/\/www.csj-emballages.com\/it\/#website\"},\"primaryImageOfPage\":{\"@id\":\"https:\/\/www.csj-emballages.com\/it\/produit\/cestino-cartone-kraft-30-x-40-x-6-cm-confezione-da-25\/#primaryimage\"},\"image\":{\"@id\":\"https:\/\/www.csj-emballages.com\/it\/produit\/cestino-cartone-kraft-30-x-40-x-6-cm-confezione-da-25\/#primaryimage\"},\"thumbnailUrl\":\"https:\/\/www.csj-emballages.com\/wp-content\/uploads\/2024\/10\/e-amande-49-1.png\",\"datePublished\":\"2024-10-09T00:18:15+00:00\",\"dateModified\":\"2026-04-03T00:14:50+00:00\",\"description\":\"Scopri il cestino cartone rettangolare 30 x 40 x 6 cm confezione da 25: pratico, ecosostenibile e versatile. Ideale per le tue presentazioni.\",\"breadcrumb\":{\"@id\":\"https:\/\/www.csj-emballages.com\/it\/produit\/cestino-cartone-kraft-30-x-40-x-6-cm-confezione-da-25\/#breadcrumb\"},\"inLanguage\":\"it-IT\",\"potentialAction\":[{\"@type\":\"ReadAction\",\"target\":[\"https:\/\/www.csj-emballages.com\/it\/produit\/cestino-cartone-kraft-30-x-40-x-6-cm-confezione-da-25\/\"]}]},{\"@type\":\"ImageObject\",\"inLanguage\":\"it-IT\",\"@id\":\"https:\/\/www.csj-emballages.com\/it\/produit\/cestino-cartone-kraft-30-x-40-x-6-cm-confezione-da-25\/#primaryimage\",\"url\":\"https:\/\/www.csj-emballages.com\/wp-content\/uploads\/2024\/10\/e-amande-49-1.png\",\"contentUrl\":\"https:\/\/www.csj-emballages.com\/wp-content\/uploads\/2024\/10\/e-amande-49-1.png\",\"width\":300,\"height\":300,\"caption\":\"Corbeille carton\"},{\"@type\":\"BreadcrumbList\",\"@id\":\"https:\/\/www.csj-emballages.com\/it\/produit\/cestino-cartone-kraft-30-x-40-x-6-cm-confezione-da-25\/#breadcrumb\",\"itemListElement\":[{\"@type\":\"ListItem\",\"position\":1,\"name\":\"Home\",\"item\":\"https:\/\/www.csj-emballages.com\/it\/universo-imballaggi-alimentari\/\"},{\"@type\":\"ListItem\",\"position\":2,\"name\":\"Negozio\",\"item\":\"https:\/\/www.csj-emballages.com\/it\/negozio\/\"},{\"@type\":\"ListItem\",\"position\":3,\"name\":\"Cestino cartone kraft 30 x 40 x 6 cm confezione da 25\"}]},{\"@type\":\"WebSite\",\"@id\":\"https:\/\/www.csj-emballages.com\/it\/#website\",\"url\":\"https:\/\/www.csj-emballages.com\/it\/\",\"name\":\"CSJ Emballages\",\"description\":\"\",\"publisher\":{\"@id\":\"https:\/\/www.csj-emballages.com\/it\/#organization\"},\"potentialAction\":[{\"@type\":\"SearchAction\",\"target\":{\"@type\":\"EntryPoint\",\"urlTemplate\":\"https:\/\/www.csj-emballages.com\/it\/?s={search_term_string}\"},\"query-input\":{\"@type\":\"PropertyValueSpecification\",\"valueRequired\":true,\"valueName\":\"search_term_string\"}}],\"inLanguage\":\"it-IT\"},{\"@type\":\"Organization\",\"@id\":\"https:\/\/www.csj-emballages.com\/it\/#Organization\/\",\"name\":\"CSJ Emballages\",\"url\":\"https:\/\/www.csj-emballages.com\/it\/\",\"logo\":{\"@type\":\"ImageObject\",\"inLanguage\":\"it-IT\",\"@id\":\"https:\/\/www.csj-emballages.com\/it\/#\/schema\/logo\/image\/\",\"url\":\"https:\/\/www.csj-emballages.com\/wp-content\/uploads\/2023\/10\/logo_csj.webp\",\"contentUrl\":\"https:\/\/www.csj-emballages.com\/wp-content\/uploads\/2023\/10\/logo_csj.webp\",\"width\":250,\"height\":95,\"caption\":\"CSJ Emballages\"},\"image\":{\"@id\":\"https:\/\/www.csj-emballages.com\/it\/#\/schema\/logo\/image\/\"},\"sameAs\":[\"https:\/\/www.facebook.com\/csjemballages\"],\"address\":{\"@type\":\"PostalAddress\",\"streetAddress\":\"ZI La Lechere\",\"addressLocality\":\"Patornay\",\"postalCode\":\"39130\",\"addressCountry\":\"FR\"},\"contactPoint\":[{\"@type\":\"ContactPoint\",\"contactType\":\"Service client\",\"telephone\":\"0384254272\",\"email\":\"contact@csj-emballages.com\"}]}]}<\/script>\n<!-- \/ Yoast SEO Premium plugin. -->","yoast_head_json":{"title":"Cestino cartone rettangolare kraft 30 x 40 x 6 cm","description":"Scopri il cestino cartone rettangolare 30 x 40 x 6 cm confezione da 25: pratico, ecosostenibile e versatile. Ideale per le tue presentazioni.","robots":{"index":"index","follow":"follow","max-snippet":"max-snippet:-1","max-image-preview":"max-image-preview:large","max-video-preview":"max-video-preview:-1"},"canonical":"https:\/\/www.csj-emballages.com\/it\/produit\/cestino-cartone-kraft-30-x-40-x-6-cm-confezione-da-25\/","og_locale":"it_IT","og_type":"article","og_title":"Cestino cartone rettangolare kraft 30 x 40 x 6 cm","og_description":"Scopri il cestino cartone rettangolare 30 x 40 x 6 cm confezione da 25: pratico, ecosostenibile e versatile. Ideale per le tue presentazioni.","og_url":"https:\/\/www.csj-emballages.com\/it\/produit\/cestino-cartone-kraft-30-x-40-x-6-cm-confezione-da-25\/","og_site_name":"CSJ Emballages","article_publisher":"https:\/\/www.facebook.com\/csjemballages","article_modified_time":"2026-04-03T00:14:50+00:00","og_image":[{"width":300,"height":300,"url":"https:\/\/www.csj-emballages.com\/wp-content\/uploads\/2024\/10\/e-amande-49-1.png","type":"image\/png"}],"twitter_card":"summary_large_image","twitter_title":"Cestino cartone rettangolare kraft 30 x 40 x 6 cm","twitter_description":"Scopri il cestino cartone rettangolare 30 x 40 x 6 cm confezione da 25: pratico, ecosostenibile e versatile. Ideale per le tue presentazioni.","twitter_misc":{"Dur\u00e9e de lecture estim\u00e9e":"2 minuti"},"schema":{"@context":"https:\/\/schema.org","@graph":[{"@type":"WebPage","@id":"https:\/\/www.csj-emballages.com\/it\/produit\/cestino-cartone-kraft-30-x-40-x-6-cm-confezione-da-25\/","url":"https:\/\/www.csj-emballages.com\/it\/produit\/cestino-cartone-kraft-30-x-40-x-6-cm-confezione-da-25\/","name":"Cestino cartone rettangolare kraft 30 x 40 x 6 cm","isPartOf":{"@id":"https:\/\/www.csj-emballages.com\/it\/#website"},"primaryImageOfPage":{"@id":"https:\/\/www.csj-emballages.com\/it\/produit\/cestino-cartone-kraft-30-x-40-x-6-cm-confezione-da-25\/#primaryimage"},"image":{"@id":"https:\/\/www.csj-emballages.com\/it\/produit\/cestino-cartone-kraft-30-x-40-x-6-cm-confezione-da-25\/#primaryimage"},"thumbnailUrl":"https:\/\/www.csj-emballages.com\/wp-content\/uploads\/2024\/10\/e-amande-49-1.png","datePublished":"2024-10-09T00:18:15+00:00","dateModified":"2026-04-03T00:14:50+00:00","description":"Scopri il cestino cartone rettangolare 30 x 40 x 6 cm confezione da 25: pratico, ecosostenibile e versatile. Ideale per le tue presentazioni.","breadcrumb":{"@id":"https:\/\/www.csj-emballages.com\/it\/produit\/cestino-cartone-kraft-30-x-40-x-6-cm-confezione-da-25\/#breadcrumb"},"inLanguage":"it-IT","potentialAction":[{"@type":"ReadAction","target":["https:\/\/www.csj-emballages.com\/it\/produit\/cestino-cartone-kraft-30-x-40-x-6-cm-confezione-da-25\/"]}]},{"@type":"ImageObject","inLanguage":"it-IT","@id":"https:\/\/www.csj-emballages.com\/it\/produit\/cestino-cartone-kraft-30-x-40-x-6-cm-confezione-da-25\/#primaryimage","url":"https:\/\/www.csj-emballages.com\/wp-content\/uploads\/2024\/10\/e-amande-49-1.png","contentUrl":"https:\/\/www.csj-emballages.com\/wp-content\/uploads\/2024\/10\/e-amande-49-1.png","width":300,"height":300,"caption":"Corbeille carton"},{"@type":"BreadcrumbList","@id":"https:\/\/www.csj-emballages.com\/it\/produit\/cestino-cartone-kraft-30-x-40-x-6-cm-confezione-da-25\/#breadcrumb","itemListElement":[{"@type":"ListItem","position":1,"name":"Home","item":"https:\/\/www.csj-emballages.com\/it\/universo-imballaggi-alimentari\/"},{"@type":"ListItem","position":2,"name":"Negozio","item":"https:\/\/www.csj-emballages.com\/it\/negozio\/"},{"@type":"ListItem","position":3,"name":"Cestino cartone kraft 30 x 40 x 6 cm confezione da 25"}]},{"@type":"WebSite","@id":"https:\/\/www.csj-emballages.com\/it\/#website","url":"https:\/\/www.csj-emballages.com\/it\/","name":"CSJ Emballages","description":"","publisher":{"@id":"https:\/\/www.csj-emballages.com\/it\/#organization"},"potentialAction":[{"@type":"SearchAction","target":{"@type":"EntryPoint","urlTemplate":"https:\/\/www.csj-emballages.com\/it\/?s={search_term_string}"},"query-input":{"@type":"PropertyValueSpecification","valueRequired":true,"valueName":"search_term_string"}}],"inLanguage":"it-IT"},{"@type":"Organization","@id":"https:\/\/www.csj-emballages.com\/it\/#Organization\/","name":"CSJ Emballages","url":"https:\/\/www.csj-emballages.com\/it\/","logo":{"@type":"ImageObject","inLanguage":"it-IT","@id":"https:\/\/www.csj-emballages.com\/it\/#\/schema\/logo\/image\/","url":"https:\/\/www.csj-emballages.com\/wp-content\/uploads\/2023\/10\/logo_csj.webp","contentUrl":"https:\/\/www.csj-emballages.com\/wp-content\/uploads\/2023\/10\/logo_csj.webp","width":250,"height":95,"caption":"CSJ Emballages"},"image":{"@id":"https:\/\/www.csj-emballages.com\/it\/#\/schema\/logo\/image\/"},"sameAs":["https:\/\/www.facebook.com\/csjemballages"],"address":{"@type":"PostalAddress","streetAddress":"ZI La Lechere","addressLocality":"Patornay","postalCode":"39130","addressCountry":"FR"},"contactPoint":[{"@type":"ContactPoint","contactType":"Service client","telephone":"0384254272","email":"contact@csj-emballages.com"}]}]}},"df_price":20.38,"df_sale_price":"","df_regular_price":20.38,"df_image_link":"https:\/\/www.csj-emballages.com\/wp-content\/uploads\/2024\/10\/e-amande-49-1.png","tiered_pricing_type":"fixed","tiered_pricing_fixed_rules":[],"tiered_pricing_percentage_rules":[],"tiered_pricing_minimum":1,"tiered_pricing_roles_data":[],"_links":{"self":[{"href":"https:\/\/www.csj-emballages.com\/it\/wp-json\/wp\/v2\/product\/271681","targetHints":{"allow":["GET"]}}],"collection":[{"href":"https:\/\/www.csj-emballages.com\/it\/wp-json\/wp\/v2\/product"}],"about":[{"href":"https:\/\/www.csj-emballages.com\/it\/wp-json\/wp\/v2\/types\/product"}],"wp:featuredmedia":[{"embeddable":true,"href":"https:\/\/www.csj-emballages.com\/it\/wp-json\/wp\/v2\/media\/271683"}],"wp:attachment":[{"href":"https:\/\/www.csj-emballages.com\/it\/wp-json\/wp\/v2\/media?parent=271681"}],"wp:term":[{"taxonomy":"product_brand","embeddable":true,"href":"https:\/\/www.csj-emballages.com\/it\/wp-json\/wp\/v2\/product_brand?post=271681"},{"taxonomy":"product_cat","embeddable":true,"href":"https:\/\/www.csj-emballages.com\/it\/wp-json\/wp\/v2\/product_cat?post=271681"},{"taxonomy":"product_tag","embeddable":true,"href":"https:\/\/www.csj-emballages.com\/it\/wp-json\/wp\/v2\/product_tag?post=271681"}],"curies":[{"name":"wp","href":"https:\/\/api.w.org\/{rel}","templated":true}]}}