{"id":271666,"date":"2024-11-06T02:18:15","date_gmt":"2024-11-06T01:18:15","guid":{"rendered":"https:\/\/www.csj-emballages.com\/produit\/mezze-albicocche-conservate-in-scatola-4-4\/"},"modified":"2026-03-31T02:10:17","modified_gmt":"2026-03-31T00:10:17","slug":"mezze-albicocche-conservate-in-scatola-4-4","status":"publish","type":"product","link":"https:\/\/www.csj-emballages.com\/it\/produit\/mezze-albicocche-conservate-in-scatola-4-4\/","title":{"rendered":"Mezze albicocche conservate in scatola 4\/4"},"content":{"rendered":"<h2>Mezze albicocche<\/h2>\n<hr>\n<h3><span style=\"font-weight: bold;\">Scopri le nostre mezze albicocche conservate in scatola 4\/4<\/span><!--more--><\/h3>\n<p data-start=\"241\" data-end=\"613\">Queste <strong>mezze albicocche in scatola<\/strong> <strong data-start=\"275\" data-end=\"282\">4\/4<\/strong> sono la soluzione ideale quando desideri frutta vera, pronta all&#8217;uso e senza sorprese. All&#8217;apertura, scopri <strong>belle mezze albicocche<\/strong> ben formate, dal colore caldo e dalla consistenza morbida. Mantengono un gusto equilibrato, n\u00e9 troppo dolce n\u00e9 troppo insipido, il che le rende facili da usare in molte preparazioni.  <\/p>\n<p data-start=\"615\" data-end=\"1044\">Grazie al loro formato generoso, queste <strong>albicocche conservate<\/strong> soddisfano perfettamente le esigenze dei professionisti e delle collettivit\u00e0, ma anche di chi cucina in grandi quantit\u00e0. Si integrano bene sia in un <strong>dessert semplice<\/strong> che in una <strong>ricetta pi\u00f9 elaborata<\/strong>. Che sia per una <strong>torta, una macedonia, una torta soffice, un clafoutis<\/strong> o anche un tocco dolce in una preparazione salata, fanno il loro lavoro senza sforzo.  <\/p>\n<p data-start=\"1046\" data-end=\"1352\">Allo stesso modo, la confezione in <strong>scatola<\/strong> consente una conservazione a lungo termine mantenendo una qualit\u00e0 costante. Guadagni tempo in cucina, perch\u00e9 la frutta \u00e8 gi\u00e0 pronta: <strong>niente sbucciatura, niente taglio, niente sprechi<\/strong>. Basta aprire, scolare se necessario, e lasciare parlare la tua creativit\u00e0.  <\/p>\n<p data-start=\"1354\" data-end=\"1632\">Inoltre, la loro tenuta in cottura \u00e8 un vero vantaggio. Le mezze albicocche mantengono la loro forma e morbidezza, garantendo un risultato curato nel piatto. \u00c8 un prodotto affidabile, pratico e costante, pensato per semplificare la quotidianit\u00e0 garantendo un risultato goloso.  <\/p>\n<p data-start=\"1634\" data-end=\"1776\">In sintesi, queste <strong>mezze albicocche conservate<\/strong> sono un must-have da avere in dispensa per cucinare velocemente, bene e senza compromessi sul gusto.<\/p>\n<p>&nbsp;<\/p>\n<p><!--more--><\/p>\n<h4>Vantaggi:<\/h4>\n<ul>\n<li data-start=\"1804\" data-end=\"1836\"><strong>Belle mezze albicocche<\/strong> ben calibrate.<\/li>\n<li data-start=\"1839\" data-end=\"1867\">Gusto equilibrato e naturale.<\/li>\n<li data-start=\"1870\" data-end=\"1911\"><strong>Formato 4\/4<\/strong> adatto per usi intensivi.<\/li>\n<li data-start=\"1914\" data-end=\"1955\">Pronte all&#8217;uso, risparmio di tempo garantito.<\/li>\n<li data-start=\"1958\" data-end=\"1998\">Buona tenuta in cottura e in pasticceria.<\/li>\n<\/ul>\n<p>&nbsp;<\/p>\n<p><!--more--><\/p>\n<h4>Altre informazioni:<\/h4>\n<ul>\n<li><strong>Confezione<\/strong>: Scatola 4\/4<\/li>\n<li><strong>Capacit\u00e0<\/strong>: 850 ml<\/li>\n<li><strong>Forma<\/strong>: Mezze albicocche<\/li>\n<li><strong>Peso netto<\/strong>: 820 g<\/li>\n<li><strong>Peso netto sgocciolato<\/strong>: 480 g<\/li>\n<\/ul>\n<p>&nbsp;<\/p>\n<p><!--more--><\/p>\n<p>Queste mezze albicocche sono disponibili anche in diversi formati: <span style=\"color: #d12727;\"><a style=\"color: #d12727;\" href=\"https:\/\/www.csj-emballages.com\/it\/produit\/mezze-albicocche-pelate-sciroppate-in-scatola-5-1\/\">Scatola 5\/1<\/a><\/span> \/ <span style=\"color: #d12727;\"><a style=\"color: #d12727;\" href=\"https:\/\/www.csj-emballages.com\/it\/produit\/mezze-albicocche-pelate-sciroppate-qualita-pasticceria-in-latta-3-1\/\">Scatola 3\/1<\/a><\/span><\/p>\n<p>&nbsp;<\/p>\n<p><!--more--><\/p>\n<p><a href=\"https:\/\/www.csj-emballages.com\/it\/categorie-produit\/alimentari\/conserve\/frutta-sciroppata-2\/albicocche\/\">Consulta il resto della nostra gamma di albicocche sciroppate<\/a><\/p>\n<p>&nbsp;<\/p>\n","protected":false},"excerpt":{"rendered":"<p>Mezze albicocche Scopri le nostre mezze albicocche conservate in scatola 4\/4<\/p>\n","protected":false},"featured_media":271668,"template":"","meta":{"_acf_changed":false},"product_brand":[],"product_cat":[10445,11245,11302,11327],"product_tag":[],"class_list":{"0":"post-271666","1":"product","2":"type-product","3":"status-publish","4":"has-post-thumbnail","6":"product_cat-alimentari","7":"product_cat-conserve","8":"product_cat-frutta-sciroppata-2","9":"product_cat-albicocche","11":"first","12":"instock","13":"taxable","14":"shipping-taxable","15":"purchasable","16":"product-type-simple"},"acf":[],"yoast_head":"<!-- This site is optimized with the Yoast SEO Premium plugin v26.6 (Yoast SEO v26.6) - https:\/\/yoast.com\/wordpress\/plugins\/seo\/ -->\n<title>Mezze Albicocche Conservate in Scatola 4\/4<\/title>\n<meta name=\"description\" content=\"Mezze albicocche conservate in scatola 4\/4: frutta pronta all&#039;uso, morbida e saporita, ideale per dessert, pasticceria e cucina professionale.\" \/>\n<meta name=\"robots\" content=\"index, follow, max-snippet:-1, max-image-preview:large, max-video-preview:-1\" \/>\n<link rel=\"canonical\" href=\"https:\/\/www.csj-emballages.com\/it\/produit\/mezze-albicocche-conservate-in-scatola-4-4\/\" \/>\n<meta property=\"og:locale\" content=\"it_IT\" \/>\n<meta property=\"og:type\" content=\"article\" \/>\n<meta property=\"og:title\" content=\"Mezze albicocche conservate in scatola 4\/4\" \/>\n<meta property=\"og:description\" content=\"Mezze albicocche conservate in scatola 4\/4: frutta pronta all&#039;uso, morbida e saporita, ideale per dessert, pasticceria e cucina professionale.\" \/>\n<meta property=\"og:url\" content=\"https:\/\/www.csj-emballages.com\/it\/produit\/mezze-albicocche-conservate-in-scatola-4-4\/\" \/>\n<meta property=\"og:site_name\" content=\"CSJ Emballages\" \/>\n<meta property=\"article:publisher\" content=\"https:\/\/www.facebook.com\/csjemballages\" \/>\n<meta property=\"article:modified_time\" content=\"2026-03-31T00:10:17+00:00\" \/>\n<meta property=\"og:image\" content=\"https:\/\/www.csj-emballages.com\/wp-content\/uploads\/2024\/11\/010196.webp\" \/>\n\t<meta property=\"og:image:width\" content=\"800\" \/>\n\t<meta property=\"og:image:height\" content=\"800\" \/>\n\t<meta property=\"og:image:type\" content=\"image\/webp\" \/>\n<meta name=\"twitter:card\" content=\"summary_large_image\" \/>\n<meta name=\"twitter:label1\" content=\"Dur\u00e9e de lecture estim\u00e9e\" \/>\n\t<meta name=\"twitter:data1\" content=\"2 minuti\" \/>\n<script type=\"application\/ld+json\" class=\"yoast-schema-graph\">{\"@context\":\"https:\/\/schema.org\",\"@graph\":[{\"@type\":\"WebPage\",\"@id\":\"https:\/\/www.csj-emballages.com\/it\/produit\/mezze-albicocche-conservate-in-scatola-4-4\/\",\"url\":\"https:\/\/www.csj-emballages.com\/it\/produit\/mezze-albicocche-conservate-in-scatola-4-4\/\",\"name\":\"Mezze Albicocche Conservate in Scatola 4\/4\",\"isPartOf\":{\"@id\":\"https:\/\/www.csj-emballages.com\/it\/#website\"},\"primaryImageOfPage\":{\"@id\":\"https:\/\/www.csj-emballages.com\/it\/produit\/mezze-albicocche-conservate-in-scatola-4-4\/#primaryimage\"},\"image\":{\"@id\":\"https:\/\/www.csj-emballages.com\/it\/produit\/mezze-albicocche-conservate-in-scatola-4-4\/#primaryimage\"},\"thumbnailUrl\":\"https:\/\/www.csj-emballages.com\/wp-content\/uploads\/2024\/11\/010196.webp\",\"datePublished\":\"2024-11-06T01:18:15+00:00\",\"dateModified\":\"2026-03-31T00:10:17+00:00\",\"description\":\"Mezze albicocche conservate in scatola 4\/4: frutta pronta all'uso, morbida e saporita, ideale per dessert, pasticceria e cucina professionale.\",\"breadcrumb\":{\"@id\":\"https:\/\/www.csj-emballages.com\/it\/produit\/mezze-albicocche-conservate-in-scatola-4-4\/#breadcrumb\"},\"inLanguage\":\"it-IT\",\"potentialAction\":[{\"@type\":\"ReadAction\",\"target\":[\"https:\/\/www.csj-emballages.com\/it\/produit\/mezze-albicocche-conservate-in-scatola-4-4\/\"]}]},{\"@type\":\"ImageObject\",\"inLanguage\":\"it-IT\",\"@id\":\"https:\/\/www.csj-emballages.com\/it\/produit\/mezze-albicocche-conservate-in-scatola-4-4\/#primaryimage\",\"url\":\"https:\/\/www.csj-emballages.com\/wp-content\/uploads\/2024\/11\/010196.webp\",\"contentUrl\":\"https:\/\/www.csj-emballages.com\/wp-content\/uploads\/2024\/11\/010196.webp\",\"width\":800,\"height\":800,\"caption\":\"Oreillons d'abricots\"},{\"@type\":\"BreadcrumbList\",\"@id\":\"https:\/\/www.csj-emballages.com\/it\/produit\/mezze-albicocche-conservate-in-scatola-4-4\/#breadcrumb\",\"itemListElement\":[{\"@type\":\"ListItem\",\"position\":1,\"name\":\"Home\",\"item\":\"https:\/\/www.csj-emballages.com\/it\/universo-imballaggi-alimentari\/\"},{\"@type\":\"ListItem\",\"position\":2,\"name\":\"Negozio\",\"item\":\"https:\/\/www.csj-emballages.com\/it\/negozio\/\"},{\"@type\":\"ListItem\",\"position\":3,\"name\":\"Mezze albicocche conservate in scatola 4\/4\"}]},{\"@type\":\"WebSite\",\"@id\":\"https:\/\/www.csj-emballages.com\/it\/#website\",\"url\":\"https:\/\/www.csj-emballages.com\/it\/\",\"name\":\"CSJ Emballages\",\"description\":\"\",\"publisher\":{\"@id\":\"https:\/\/www.csj-emballages.com\/it\/#organization\"},\"potentialAction\":[{\"@type\":\"SearchAction\",\"target\":{\"@type\":\"EntryPoint\",\"urlTemplate\":\"https:\/\/www.csj-emballages.com\/it\/?s={search_term_string}\"},\"query-input\":{\"@type\":\"PropertyValueSpecification\",\"valueRequired\":true,\"valueName\":\"search_term_string\"}}],\"inLanguage\":\"it-IT\"},{\"@type\":\"Organization\",\"@id\":\"https:\/\/www.csj-emballages.com\/it\/#Organization\/\",\"name\":\"CSJ Emballages\",\"url\":\"https:\/\/www.csj-emballages.com\/it\/\",\"logo\":{\"@type\":\"ImageObject\",\"inLanguage\":\"it-IT\",\"@id\":\"https:\/\/www.csj-emballages.com\/it\/#\/schema\/logo\/image\/\",\"url\":\"https:\/\/www.csj-emballages.com\/wp-content\/uploads\/2023\/10\/logo_csj.webp\",\"contentUrl\":\"https:\/\/www.csj-emballages.com\/wp-content\/uploads\/2023\/10\/logo_csj.webp\",\"width\":250,\"height\":95,\"caption\":\"CSJ Emballages\"},\"image\":{\"@id\":\"https:\/\/www.csj-emballages.com\/it\/#\/schema\/logo\/image\/\"},\"sameAs\":[\"https:\/\/www.facebook.com\/csjemballages\"],\"address\":{\"@type\":\"PostalAddress\",\"streetAddress\":\"ZI La Lechere\",\"addressLocality\":\"Patornay\",\"postalCode\":\"39130\",\"addressCountry\":\"FR\"},\"contactPoint\":[{\"@type\":\"ContactPoint\",\"contactType\":\"Service client\",\"telephone\":\"0384254272\",\"email\":\"contact@csj-emballages.com\"}]}]}<\/script>\n<!-- \/ Yoast SEO Premium plugin. -->","yoast_head_json":{"title":"Mezze Albicocche Conservate in Scatola 4\/4","description":"Mezze albicocche conservate in scatola 4\/4: frutta pronta all'uso, morbida e saporita, ideale per dessert, pasticceria e cucina professionale.","robots":{"index":"index","follow":"follow","max-snippet":"max-snippet:-1","max-image-preview":"max-image-preview:large","max-video-preview":"max-video-preview:-1"},"canonical":"https:\/\/www.csj-emballages.com\/it\/produit\/mezze-albicocche-conservate-in-scatola-4-4\/","og_locale":"it_IT","og_type":"article","og_title":"Mezze albicocche conservate in scatola 4\/4","og_description":"Mezze albicocche conservate in scatola 4\/4: frutta pronta all'uso, morbida e saporita, ideale per dessert, pasticceria e cucina professionale.","og_url":"https:\/\/www.csj-emballages.com\/it\/produit\/mezze-albicocche-conservate-in-scatola-4-4\/","og_site_name":"CSJ Emballages","article_publisher":"https:\/\/www.facebook.com\/csjemballages","article_modified_time":"2026-03-31T00:10:17+00:00","og_image":[{"width":800,"height":800,"url":"https:\/\/www.csj-emballages.com\/wp-content\/uploads\/2024\/11\/010196.webp","type":"image\/webp"}],"twitter_card":"summary_large_image","twitter_misc":{"Dur\u00e9e de lecture estim\u00e9e":"2 minuti"},"schema":{"@context":"https:\/\/schema.org","@graph":[{"@type":"WebPage","@id":"https:\/\/www.csj-emballages.com\/it\/produit\/mezze-albicocche-conservate-in-scatola-4-4\/","url":"https:\/\/www.csj-emballages.com\/it\/produit\/mezze-albicocche-conservate-in-scatola-4-4\/","name":"Mezze Albicocche Conservate in Scatola 4\/4","isPartOf":{"@id":"https:\/\/www.csj-emballages.com\/it\/#website"},"primaryImageOfPage":{"@id":"https:\/\/www.csj-emballages.com\/it\/produit\/mezze-albicocche-conservate-in-scatola-4-4\/#primaryimage"},"image":{"@id":"https:\/\/www.csj-emballages.com\/it\/produit\/mezze-albicocche-conservate-in-scatola-4-4\/#primaryimage"},"thumbnailUrl":"https:\/\/www.csj-emballages.com\/wp-content\/uploads\/2024\/11\/010196.webp","datePublished":"2024-11-06T01:18:15+00:00","dateModified":"2026-03-31T00:10:17+00:00","description":"Mezze albicocche conservate in scatola 4\/4: frutta pronta all'uso, morbida e saporita, ideale per dessert, pasticceria e cucina professionale.","breadcrumb":{"@id":"https:\/\/www.csj-emballages.com\/it\/produit\/mezze-albicocche-conservate-in-scatola-4-4\/#breadcrumb"},"inLanguage":"it-IT","potentialAction":[{"@type":"ReadAction","target":["https:\/\/www.csj-emballages.com\/it\/produit\/mezze-albicocche-conservate-in-scatola-4-4\/"]}]},{"@type":"ImageObject","inLanguage":"it-IT","@id":"https:\/\/www.csj-emballages.com\/it\/produit\/mezze-albicocche-conservate-in-scatola-4-4\/#primaryimage","url":"https:\/\/www.csj-emballages.com\/wp-content\/uploads\/2024\/11\/010196.webp","contentUrl":"https:\/\/www.csj-emballages.com\/wp-content\/uploads\/2024\/11\/010196.webp","width":800,"height":800,"caption":"Oreillons d'abricots"},{"@type":"BreadcrumbList","@id":"https:\/\/www.csj-emballages.com\/it\/produit\/mezze-albicocche-conservate-in-scatola-4-4\/#breadcrumb","itemListElement":[{"@type":"ListItem","position":1,"name":"Home","item":"https:\/\/www.csj-emballages.com\/it\/universo-imballaggi-alimentari\/"},{"@type":"ListItem","position":2,"name":"Negozio","item":"https:\/\/www.csj-emballages.com\/it\/negozio\/"},{"@type":"ListItem","position":3,"name":"Mezze albicocche conservate in scatola 4\/4"}]},{"@type":"WebSite","@id":"https:\/\/www.csj-emballages.com\/it\/#website","url":"https:\/\/www.csj-emballages.com\/it\/","name":"CSJ Emballages","description":"","publisher":{"@id":"https:\/\/www.csj-emballages.com\/it\/#organization"},"potentialAction":[{"@type":"SearchAction","target":{"@type":"EntryPoint","urlTemplate":"https:\/\/www.csj-emballages.com\/it\/?s={search_term_string}"},"query-input":{"@type":"PropertyValueSpecification","valueRequired":true,"valueName":"search_term_string"}}],"inLanguage":"it-IT"},{"@type":"Organization","@id":"https:\/\/www.csj-emballages.com\/it\/#Organization\/","name":"CSJ Emballages","url":"https:\/\/www.csj-emballages.com\/it\/","logo":{"@type":"ImageObject","inLanguage":"it-IT","@id":"https:\/\/www.csj-emballages.com\/it\/#\/schema\/logo\/image\/","url":"https:\/\/www.csj-emballages.com\/wp-content\/uploads\/2023\/10\/logo_csj.webp","contentUrl":"https:\/\/www.csj-emballages.com\/wp-content\/uploads\/2023\/10\/logo_csj.webp","width":250,"height":95,"caption":"CSJ Emballages"},"image":{"@id":"https:\/\/www.csj-emballages.com\/it\/#\/schema\/logo\/image\/"},"sameAs":["https:\/\/www.facebook.com\/csjemballages"],"address":{"@type":"PostalAddress","streetAddress":"ZI La Lechere","addressLocality":"Patornay","postalCode":"39130","addressCountry":"FR"},"contactPoint":[{"@type":"ContactPoint","contactType":"Service client","telephone":"0384254272","email":"contact@csj-emballages.com"}]}]}},"df_price":2.91,"df_sale_price":"","df_regular_price":2.91,"df_image_link":"https:\/\/www.csj-emballages.com\/wp-content\/uploads\/2024\/11\/010196-300x300.webp","tiered_pricing_type":"fixed","tiered_pricing_fixed_rules":[],"tiered_pricing_percentage_rules":[],"tiered_pricing_minimum":1,"tiered_pricing_roles_data":[],"_links":{"self":[{"href":"https:\/\/www.csj-emballages.com\/it\/wp-json\/wp\/v2\/product\/271666","targetHints":{"allow":["GET"]}}],"collection":[{"href":"https:\/\/www.csj-emballages.com\/it\/wp-json\/wp\/v2\/product"}],"about":[{"href":"https:\/\/www.csj-emballages.com\/it\/wp-json\/wp\/v2\/types\/product"}],"wp:featuredmedia":[{"embeddable":true,"href":"https:\/\/www.csj-emballages.com\/it\/wp-json\/wp\/v2\/media\/271668"}],"wp:attachment":[{"href":"https:\/\/www.csj-emballages.com\/it\/wp-json\/wp\/v2\/media?parent=271666"}],"wp:term":[{"taxonomy":"product_brand","embeddable":true,"href":"https:\/\/www.csj-emballages.com\/it\/wp-json\/wp\/v2\/product_brand?post=271666"},{"taxonomy":"product_cat","embeddable":true,"href":"https:\/\/www.csj-emballages.com\/it\/wp-json\/wp\/v2\/product_cat?post=271666"},{"taxonomy":"product_tag","embeddable":true,"href":"https:\/\/www.csj-emballages.com\/it\/wp-json\/wp\/v2\/product_tag?post=271666"}],"curies":[{"name":"wp","href":"https:\/\/api.w.org\/{rel}","templated":true}]}}