{"id":271659,"date":"2024-11-06T02:18:20","date_gmt":"2024-11-06T01:18:20","guid":{"rendered":"https:\/\/www.csj-emballages.com\/produit\/olive-verdi-denocciolate-in-scatola-4-4\/"},"modified":"2026-04-03T02:11:59","modified_gmt":"2026-04-03T00:11:59","slug":"olive-verdi-denocciolate-in-scatola-4-4","status":"publish","type":"product","link":"https:\/\/www.csj-emballages.com\/it\/produit\/olive-verdi-denocciolate-in-scatola-4-4\/","title":{"rendered":"Olive verdi denocciolate in scatola 4\/4"},"content":{"rendered":"<h2 class=\"p1\">Olive verdi<\/h2>\n<hr>\n<h3><strong>Scopri le nostre o<\/strong>live verdi denocciolate in scatola 4\/4<\/h3>\n<p><!--more--><\/p>\n<p data-start=\"202\" data-end=\"604\">Semplici, pratiche e sempre apprezzate, queste <strong data-start=\"249\" data-end=\"291\">olive verdi denocciolate in scatola 4\/4<\/strong> trovano facilmente il loro posto in tutte le cucine, siano esse professionali o familiari. Appena aperte, si scoprono <strong>olive<\/strong> dalla polpa soda, dal colore naturale e dal gusto equilibrato. N\u00e9 troppo salate, n\u00e9 troppo amare, donano il giusto carattere ai piatti di tutti i giorni.  <\/p>\n<p data-start=\"606\" data-end=\"998\">Il fatto che siano gi\u00e0 denocciolate cambia chiaramente le cose. Risparmi tempo, eviti manipolazioni inutili e puoi usarle immediatamente. Cos\u00ec, si integrano bene sia in un&#8217;insalata mista che su una <strong>pizza, in una focaccia, una tapenade o anche come accompagnamento per l&#8217;aperitivo<\/strong>. La loro versatilit\u00e0 permette di variare gli usi senza mai stancarsi.   <\/p>\n<p data-start=\"1000\" data-end=\"1311\">Grazie al suo <strong data-start=\"1012\" data-end=\"1026\">formato 4\/4<\/strong>, questa <strong>scatola di olive verdi<\/strong> \u00e8 particolarmente adatta a ristoranti, catering, snack bar o cucine collettive. Offre una quantit\u00e0 generosa garantendo una conservazione ottimale. Inoltre, il confezionamento in scatola assicura una qualit\u00e0 costante, dalla prima all&#8217;ultima oliva.  <\/p>\n<p data-start=\"1313\" data-end=\"1571\">Inoltre, la loro piacevole consistenza resiste bene alla cottura. Non diventano n\u00e9 molli n\u00e9 insipide, il che le rende ideali sia per piatti caldi che per preparazioni fredde. In breve, \u00e8 un prodotto affidabile, facile da lavorare e sempre utile.  <\/p>\n<p data-start=\"1573\" data-end=\"1778\">Queste <strong>olive verdi denocciolate<\/strong> sono quindi una scommessa sicura: pratiche, gustose e pronte all&#8217;uso, semplificano il lavoro in cucina aggiungendo un tocco mediterraneo a ogni ricetta.<\/p>\n<p>&nbsp;<\/p>\n<p><!--more--><\/p>\n<h4>Vantaggi:<\/h4>\n<ul>\n<li data-start=\"1806\" data-end=\"1845\">Olive pronte all&#8217;uso, senza nocciolo.<\/li>\n<li data-start=\"1848\" data-end=\"1882\">Gusto equilibrato e consistenza soda.<\/li>\n<li data-start=\"1885\" data-end=\"1932\"><strong>Formato 4\/4<\/strong> ideale per uso professionale.<\/li>\n<li data-start=\"1935\" data-end=\"1976\">Adatte sia a piatti caldi che freddi.<\/li>\n<li data-start=\"1979\" data-end=\"2010\">Conservazione ottimale in scatola.<\/li>\n<\/ul>\n<p>&nbsp;<\/p>\n<p><!--more--><\/p>\n<h4>Altre informazioni:<\/h4>\n<ul>\n<li><strong>Confezionamento<\/strong>: Scatola 4\/4<\/li>\n<li><b>Origine: <\/b>Grecia<\/li>\n<li><strong>Peso netto sgocciolato<\/strong>: 380 g<\/li>\n<li><strong>Peso netto<\/strong>: 820 g<\/li>\n<\/ul>\n<p>&nbsp;<\/p>\n<p><!--more--><\/p>\n<p>Trovi qui le nostre olive nere denocciolate: <span style=\"color: #d12727;\"><a style=\"color: #d12727;\" href=\"https:\/\/www.csj-emballages.com\/it\/produit\/olive-nere-denocciolate-in-lattina-5-1\/\">180061<\/a><\/span><\/p>\n<p>&nbsp;<\/p>\n<p><!--more--><\/p>\n<p><a href=\"https:\/\/www.csj-emballages.com\/it\/categorie-produit\/alimentari\/conserve\/verdure\/\">Consulta qui il resto della nostra gamma di verdure<\/a><\/p>\n","protected":false},"excerpt":{"rendered":"<p>Olive verdi Scopri le nostre olive verdi denocciolate in scatola 4\/4<\/p>\n","protected":false},"featured_media":271662,"template":"","meta":{"_acf_changed":false},"product_brand":[],"product_cat":[10445,11245,11252],"product_tag":[],"class_list":{"0":"post-271659","1":"product","2":"type-product","3":"status-publish","4":"has-post-thumbnail","6":"product_cat-alimentari","7":"product_cat-conserve","8":"product_cat-verdure","10":"first","11":"instock","12":"taxable","13":"shipping-taxable","14":"purchasable","15":"product-type-simple"},"acf":[],"yoast_head":"<!-- This site is optimized with the Yoast SEO Premium plugin v26.6 (Yoast SEO v26.6) - https:\/\/yoast.com\/wordpress\/plugins\/seo\/ -->\n<title>Olive Verdi Denocciolate in Scatola 4\/4<\/title>\n<meta name=\"description\" content=\"Olive verdi denocciolate in scatola 4\/4, pratiche e gustose. Ideali per pizze, insalate, aperitivi e cucine professionali.\" \/>\n<meta name=\"robots\" content=\"index, follow, max-snippet:-1, max-image-preview:large, max-video-preview:-1\" \/>\n<link rel=\"canonical\" href=\"https:\/\/www.csj-emballages.com\/it\/produit\/olive-verdi-denocciolate-in-scatola-4-4\/\" \/>\n<meta property=\"og:locale\" content=\"it_IT\" \/>\n<meta property=\"og:type\" content=\"article\" \/>\n<meta property=\"og:title\" content=\"Olive verdi denocciolate in scatola 4\/4\" \/>\n<meta property=\"og:description\" content=\"Olive verdi denocciolate in scatola 4\/4, pratiche e gustose. Ideali per pizze, insalate, aperitivi e cucine professionali.\" \/>\n<meta property=\"og:url\" content=\"https:\/\/www.csj-emballages.com\/it\/produit\/olive-verdi-denocciolate-in-scatola-4-4\/\" \/>\n<meta property=\"og:site_name\" content=\"CSJ Emballages\" \/>\n<meta property=\"article:publisher\" content=\"https:\/\/www.facebook.com\/csjemballages\" \/>\n<meta property=\"article:modified_time\" content=\"2026-04-03T00:11:59+00:00\" \/>\n<meta property=\"og:image\" content=\"https:\/\/www.csj-emballages.com\/wp-content\/uploads\/2024\/11\/Olive-denoyautee-verte.webp\" \/>\n\t<meta property=\"og:image:width\" content=\"800\" \/>\n\t<meta property=\"og:image:height\" content=\"800\" \/>\n\t<meta property=\"og:image:type\" content=\"image\/webp\" \/>\n<meta name=\"twitter:card\" content=\"summary_large_image\" \/>\n<meta name=\"twitter:label1\" content=\"Dur\u00e9e de lecture estim\u00e9e\" \/>\n\t<meta name=\"twitter:data1\" content=\"1 minuto\" \/>\n<script type=\"application\/ld+json\" class=\"yoast-schema-graph\">{\"@context\":\"https:\/\/schema.org\",\"@graph\":[{\"@type\":\"WebPage\",\"@id\":\"https:\/\/www.csj-emballages.com\/it\/produit\/olive-verdi-denocciolate-in-scatola-4-4\/\",\"url\":\"https:\/\/www.csj-emballages.com\/it\/produit\/olive-verdi-denocciolate-in-scatola-4-4\/\",\"name\":\"Olive Verdi Denocciolate in Scatola 4\/4\",\"isPartOf\":{\"@id\":\"https:\/\/www.csj-emballages.com\/it\/#website\"},\"primaryImageOfPage\":{\"@id\":\"https:\/\/www.csj-emballages.com\/it\/produit\/olive-verdi-denocciolate-in-scatola-4-4\/#primaryimage\"},\"image\":{\"@id\":\"https:\/\/www.csj-emballages.com\/it\/produit\/olive-verdi-denocciolate-in-scatola-4-4\/#primaryimage\"},\"thumbnailUrl\":\"https:\/\/www.csj-emballages.com\/wp-content\/uploads\/2024\/11\/Olive-denoyautee-verte.webp\",\"datePublished\":\"2024-11-06T01:18:20+00:00\",\"dateModified\":\"2026-04-03T00:11:59+00:00\",\"description\":\"Olive verdi denocciolate in scatola 4\/4, pratiche e gustose. Ideali per pizze, insalate, aperitivi e cucine professionali.\",\"breadcrumb\":{\"@id\":\"https:\/\/www.csj-emballages.com\/it\/produit\/olive-verdi-denocciolate-in-scatola-4-4\/#breadcrumb\"},\"inLanguage\":\"it-IT\",\"potentialAction\":[{\"@type\":\"ReadAction\",\"target\":[\"https:\/\/www.csj-emballages.com\/it\/produit\/olive-verdi-denocciolate-in-scatola-4-4\/\"]}]},{\"@type\":\"ImageObject\",\"inLanguage\":\"it-IT\",\"@id\":\"https:\/\/www.csj-emballages.com\/it\/produit\/olive-verdi-denocciolate-in-scatola-4-4\/#primaryimage\",\"url\":\"https:\/\/www.csj-emballages.com\/wp-content\/uploads\/2024\/11\/Olive-denoyautee-verte.webp\",\"contentUrl\":\"https:\/\/www.csj-emballages.com\/wp-content\/uploads\/2024\/11\/Olive-denoyautee-verte.webp\",\"width\":800,\"height\":800,\"caption\":\"Olive verte\"},{\"@type\":\"BreadcrumbList\",\"@id\":\"https:\/\/www.csj-emballages.com\/it\/produit\/olive-verdi-denocciolate-in-scatola-4-4\/#breadcrumb\",\"itemListElement\":[{\"@type\":\"ListItem\",\"position\":1,\"name\":\"Home\",\"item\":\"https:\/\/www.csj-emballages.com\/it\/universo-imballaggi-alimentari\/\"},{\"@type\":\"ListItem\",\"position\":2,\"name\":\"Negozio\",\"item\":\"https:\/\/www.csj-emballages.com\/it\/negozio\/\"},{\"@type\":\"ListItem\",\"position\":3,\"name\":\"Olive verdi denocciolate in scatola 4\/4\"}]},{\"@type\":\"WebSite\",\"@id\":\"https:\/\/www.csj-emballages.com\/it\/#website\",\"url\":\"https:\/\/www.csj-emballages.com\/it\/\",\"name\":\"CSJ Emballages\",\"description\":\"\",\"publisher\":{\"@id\":\"https:\/\/www.csj-emballages.com\/it\/#organization\"},\"potentialAction\":[{\"@type\":\"SearchAction\",\"target\":{\"@type\":\"EntryPoint\",\"urlTemplate\":\"https:\/\/www.csj-emballages.com\/it\/?s={search_term_string}\"},\"query-input\":{\"@type\":\"PropertyValueSpecification\",\"valueRequired\":true,\"valueName\":\"search_term_string\"}}],\"inLanguage\":\"it-IT\"},{\"@type\":\"Organization\",\"@id\":\"https:\/\/www.csj-emballages.com\/it\/#Organization\/\",\"name\":\"CSJ Emballages\",\"url\":\"https:\/\/www.csj-emballages.com\/it\/\",\"logo\":{\"@type\":\"ImageObject\",\"inLanguage\":\"it-IT\",\"@id\":\"https:\/\/www.csj-emballages.com\/it\/#\/schema\/logo\/image\/\",\"url\":\"https:\/\/www.csj-emballages.com\/wp-content\/uploads\/2023\/10\/logo_csj.webp\",\"contentUrl\":\"https:\/\/www.csj-emballages.com\/wp-content\/uploads\/2023\/10\/logo_csj.webp\",\"width\":250,\"height\":95,\"caption\":\"CSJ Emballages\"},\"image\":{\"@id\":\"https:\/\/www.csj-emballages.com\/it\/#\/schema\/logo\/image\/\"},\"sameAs\":[\"https:\/\/www.facebook.com\/csjemballages\"],\"address\":{\"@type\":\"PostalAddress\",\"streetAddress\":\"ZI La Lechere\",\"addressLocality\":\"Patornay\",\"postalCode\":\"39130\",\"addressCountry\":\"FR\"},\"contactPoint\":[{\"@type\":\"ContactPoint\",\"contactType\":\"Service client\",\"telephone\":\"0384254272\",\"email\":\"contact@csj-emballages.com\"}]}]}<\/script>\n<!-- \/ Yoast SEO Premium plugin. -->","yoast_head_json":{"title":"Olive Verdi Denocciolate in Scatola 4\/4","description":"Olive verdi denocciolate in scatola 4\/4, pratiche e gustose. Ideali per pizze, insalate, aperitivi e cucine professionali.","robots":{"index":"index","follow":"follow","max-snippet":"max-snippet:-1","max-image-preview":"max-image-preview:large","max-video-preview":"max-video-preview:-1"},"canonical":"https:\/\/www.csj-emballages.com\/it\/produit\/olive-verdi-denocciolate-in-scatola-4-4\/","og_locale":"it_IT","og_type":"article","og_title":"Olive verdi denocciolate in scatola 4\/4","og_description":"Olive verdi denocciolate in scatola 4\/4, pratiche e gustose. Ideali per pizze, insalate, aperitivi e cucine professionali.","og_url":"https:\/\/www.csj-emballages.com\/it\/produit\/olive-verdi-denocciolate-in-scatola-4-4\/","og_site_name":"CSJ Emballages","article_publisher":"https:\/\/www.facebook.com\/csjemballages","article_modified_time":"2026-04-03T00:11:59+00:00","og_image":[{"width":800,"height":800,"url":"https:\/\/www.csj-emballages.com\/wp-content\/uploads\/2024\/11\/Olive-denoyautee-verte.webp","type":"image\/webp"}],"twitter_card":"summary_large_image","twitter_misc":{"Dur\u00e9e de lecture estim\u00e9e":"1 minuto"},"schema":{"@context":"https:\/\/schema.org","@graph":[{"@type":"WebPage","@id":"https:\/\/www.csj-emballages.com\/it\/produit\/olive-verdi-denocciolate-in-scatola-4-4\/","url":"https:\/\/www.csj-emballages.com\/it\/produit\/olive-verdi-denocciolate-in-scatola-4-4\/","name":"Olive Verdi Denocciolate in Scatola 4\/4","isPartOf":{"@id":"https:\/\/www.csj-emballages.com\/it\/#website"},"primaryImageOfPage":{"@id":"https:\/\/www.csj-emballages.com\/it\/produit\/olive-verdi-denocciolate-in-scatola-4-4\/#primaryimage"},"image":{"@id":"https:\/\/www.csj-emballages.com\/it\/produit\/olive-verdi-denocciolate-in-scatola-4-4\/#primaryimage"},"thumbnailUrl":"https:\/\/www.csj-emballages.com\/wp-content\/uploads\/2024\/11\/Olive-denoyautee-verte.webp","datePublished":"2024-11-06T01:18:20+00:00","dateModified":"2026-04-03T00:11:59+00:00","description":"Olive verdi denocciolate in scatola 4\/4, pratiche e gustose. Ideali per pizze, insalate, aperitivi e cucine professionali.","breadcrumb":{"@id":"https:\/\/www.csj-emballages.com\/it\/produit\/olive-verdi-denocciolate-in-scatola-4-4\/#breadcrumb"},"inLanguage":"it-IT","potentialAction":[{"@type":"ReadAction","target":["https:\/\/www.csj-emballages.com\/it\/produit\/olive-verdi-denocciolate-in-scatola-4-4\/"]}]},{"@type":"ImageObject","inLanguage":"it-IT","@id":"https:\/\/www.csj-emballages.com\/it\/produit\/olive-verdi-denocciolate-in-scatola-4-4\/#primaryimage","url":"https:\/\/www.csj-emballages.com\/wp-content\/uploads\/2024\/11\/Olive-denoyautee-verte.webp","contentUrl":"https:\/\/www.csj-emballages.com\/wp-content\/uploads\/2024\/11\/Olive-denoyautee-verte.webp","width":800,"height":800,"caption":"Olive verte"},{"@type":"BreadcrumbList","@id":"https:\/\/www.csj-emballages.com\/it\/produit\/olive-verdi-denocciolate-in-scatola-4-4\/#breadcrumb","itemListElement":[{"@type":"ListItem","position":1,"name":"Home","item":"https:\/\/www.csj-emballages.com\/it\/universo-imballaggi-alimentari\/"},{"@type":"ListItem","position":2,"name":"Negozio","item":"https:\/\/www.csj-emballages.com\/it\/negozio\/"},{"@type":"ListItem","position":3,"name":"Olive verdi denocciolate in scatola 4\/4"}]},{"@type":"WebSite","@id":"https:\/\/www.csj-emballages.com\/it\/#website","url":"https:\/\/www.csj-emballages.com\/it\/","name":"CSJ Emballages","description":"","publisher":{"@id":"https:\/\/www.csj-emballages.com\/it\/#organization"},"potentialAction":[{"@type":"SearchAction","target":{"@type":"EntryPoint","urlTemplate":"https:\/\/www.csj-emballages.com\/it\/?s={search_term_string}"},"query-input":{"@type":"PropertyValueSpecification","valueRequired":true,"valueName":"search_term_string"}}],"inLanguage":"it-IT"},{"@type":"Organization","@id":"https:\/\/www.csj-emballages.com\/it\/#Organization\/","name":"CSJ Emballages","url":"https:\/\/www.csj-emballages.com\/it\/","logo":{"@type":"ImageObject","inLanguage":"it-IT","@id":"https:\/\/www.csj-emballages.com\/it\/#\/schema\/logo\/image\/","url":"https:\/\/www.csj-emballages.com\/wp-content\/uploads\/2023\/10\/logo_csj.webp","contentUrl":"https:\/\/www.csj-emballages.com\/wp-content\/uploads\/2023\/10\/logo_csj.webp","width":250,"height":95,"caption":"CSJ Emballages"},"image":{"@id":"https:\/\/www.csj-emballages.com\/it\/#\/schema\/logo\/image\/"},"sameAs":["https:\/\/www.facebook.com\/csjemballages"],"address":{"@type":"PostalAddress","streetAddress":"ZI La Lechere","addressLocality":"Patornay","postalCode":"39130","addressCountry":"FR"},"contactPoint":[{"@type":"ContactPoint","contactType":"Service client","telephone":"0384254272","email":"contact@csj-emballages.com"}]}]}},"df_price":3.6,"df_sale_price":"","df_regular_price":3.6,"df_image_link":"https:\/\/www.csj-emballages.com\/wp-content\/uploads\/2024\/11\/Olive-denoyautee-verte-300x300.webp","tiered_pricing_type":"fixed","tiered_pricing_fixed_rules":[],"tiered_pricing_percentage_rules":[],"tiered_pricing_minimum":1,"tiered_pricing_roles_data":[],"_links":{"self":[{"href":"https:\/\/www.csj-emballages.com\/it\/wp-json\/wp\/v2\/product\/271659","targetHints":{"allow":["GET"]}}],"collection":[{"href":"https:\/\/www.csj-emballages.com\/it\/wp-json\/wp\/v2\/product"}],"about":[{"href":"https:\/\/www.csj-emballages.com\/it\/wp-json\/wp\/v2\/types\/product"}],"wp:featuredmedia":[{"embeddable":true,"href":"https:\/\/www.csj-emballages.com\/it\/wp-json\/wp\/v2\/media\/271662"}],"wp:attachment":[{"href":"https:\/\/www.csj-emballages.com\/it\/wp-json\/wp\/v2\/media?parent=271659"}],"wp:term":[{"taxonomy":"product_brand","embeddable":true,"href":"https:\/\/www.csj-emballages.com\/it\/wp-json\/wp\/v2\/product_brand?post=271659"},{"taxonomy":"product_cat","embeddable":true,"href":"https:\/\/www.csj-emballages.com\/it\/wp-json\/wp\/v2\/product_cat?post=271659"},{"taxonomy":"product_tag","embeddable":true,"href":"https:\/\/www.csj-emballages.com\/it\/wp-json\/wp\/v2\/product_tag?post=271659"}],"curies":[{"name":"wp","href":"https:\/\/api.w.org\/{rel}","templated":true}]}}