{"id":271646,"date":"2024-11-06T02:18:25","date_gmt":"2024-11-06T01:18:25","guid":{"rendered":"https:\/\/www.csj-emballages.com\/produit\/cetrioli-sottaceto-pastorizzati-calibro-120-149-in-latta-5-1\/"},"modified":"2026-03-12T16:07:05","modified_gmt":"2026-03-12T15:07:05","slug":"cetrioli-sottaceto-pastorizzati-calibro-120-149-in-latta-5-1","status":"publish","type":"product","link":"https:\/\/www.csj-emballages.com\/it\/produit\/cetrioli-sottaceto-pastorizzati-calibro-120-149-in-latta-5-1\/","title":{"rendered":"Cetri\u00f3li sottaceto pastorizzati calibro 120\/149 in latta 5\/1"},"content":{"rendered":"<h2>Cetriolini pastorizzati<\/h2>\n<hr>\n<h3><span style=\"font-weight: bold\">Scopri i nostri cetriolini sottaceto pastorizzati calibro 120\/149 in latta 5\/1<\/span><\/h3>\n<p><!--more--><\/p>\n<p data-start=\"257\" data-end=\"611\">Questi <strong>cetriolini sottaceto pastorizzati<\/strong> sono un vero classico\u2026 ma fatto come si deve. Selezionati in <strong data-start=\"365\" data-end=\"383\">calibro 120\/149<\/strong>, offrono una <strong>pezzatura regolare<\/strong>, ideale per l\u2019uso professionale di tutti i giorni. N\u00e9 troppo grandi n\u00e9 troppo sottili, tengono perfettamente sia al taglio sia al servizio, rendendoli facili da lavorare in cucina.  <\/p>\n<p data-start=\"613\" data-end=\"1029\">Appena apri la <strong>latta 5\/1<\/strong>, trovi <strong>cetriolini<\/strong> croccanti, ben verdi e immersi in un <strong>aceto equilibrato<\/strong>. Il gusto \u00e8 deciso, leggermente acidulo, senza essere aggressivo. Risultato: danno sprint alle ricette senza coprire gli altri sapori. Che sia per accompagnare una <strong>selezione di salumi, dare carattere a un panino, farcire un burger o completare un piatto da catering<\/strong>, fanno il loro lavoro, in modo semplice ed efficace.   <\/p>\n<p data-start=\"1031\" data-end=\"1387\">Grazie alla <strong>pastorizzazione<\/strong>, la conservazione \u00e8 sotto controllo e la qualit\u00e0 resta costante nel tempo. Questo permette di lavorare con tranquillit\u00e0, anche su grandi volumi. Il formato <strong data-start=\"1209\" data-end=\"1216\">5\/1<\/strong> \u00e8 infatti perfetto per ristoranti, snack bar, brasserie o catering che hanno bisogno di un prodotto affidabile, pronto all\u2019uso e sempre disponibile in dispensa.  <\/p>\n<p data-start=\"1389\" data-end=\"1570\">Altro punto a favore: la consistenza resta soda anche dopo l\u2019apertura, evitando cetriolini molli o troppo impregnati. Cos\u00ec guadagni in regolarit\u00e0 e comodit\u00e0 di servizio. <\/p>\n<p data-start=\"1572\" data-end=\"1741\">In sintesi, questi <strong>cetriolini sottaceto pastorizzati<\/strong> sono una scelta sicura per i professionisti che cercano un prodotto semplice, efficace e facile da inserire in ogni tipo di preparazione.<\/p>\n<p>&nbsp;<\/p>\n<p><!--more--><\/p>\n<div class=\"flex flex-grow flex-col max-w-full\">\n<div class=\"min-h-[20px] text-message flex flex-col items-start whitespace-pre-wrap break-words [.text-message+&amp;]:mt-5 juice:w-full juice:items-end overflow-x-auto gap-2\" dir=\"auto\" data-message-author-role=\"assistant\" data-message-id=\"579bfb50-fb6c-479d-a152-27ab4b509f37\">\n<div class=\"flex w-full flex-col gap-1 juice:empty:hidden juice:first:pt-[3px]\">\n<div class=\"markdown prose w-full break-words dark:prose-invert light\">\n<div class=\"flex-1 overflow-hidden\">\n<div class=\"react-scroll-to-bottom--css-ygaxm-79elbk h-full\">\n<div class=\"react-scroll-to-bottom--css-ygaxm-1n7m0yu\">\n<div class=\"flex flex-col text-sm\">\n<div class=\"w-full text-token-text-primary\" dir=\"auto\" data-testid=\"conversation-turn-3\" data-scroll-anchor=\"true\">\n<div class=\"py-2 juice:py-[18px] px-3 text-base md:px-4 m-auto md:px-5 lg:px-1 xl:px-5\">\n<div class=\"mx-auto flex flex-1 gap-3 text-base juice:gap-4 juice:md:gap-5 juice:lg:gap-6 md:max-w-3xl lg:max-w-[40rem] xl:max-w-[48rem]\">\n<div class=\"group\/conversation-turn relative flex w-full min-w-0 flex-col agent-turn\">\n<div class=\"flex-col gap-1 md:gap-3\">\n<div class=\"flex flex-grow flex-col max-w-full\">\n<div class=\"min-h-[20px] text-message flex flex-col items-start whitespace-pre-wrap break-words [.text-message+&amp;]:mt-5 juice:w-full juice:items-end overflow-x-auto gap-2\" dir=\"auto\" data-message-author-role=\"assistant\" data-message-id=\"cc8c8b89-e7cc-4334-9633-5926bce5a78c\">\n<div class=\"flex w-full flex-col gap-1 juice:empty:hidden juice:first:pt-[3px]\">\n<div class=\"markdown prose w-full break-words dark:prose-invert light\">\n<div class=\"flex flex-grow flex-col max-w-full\">\n<div class=\"min-h-[20px] text-message flex flex-col items-start whitespace-pre-wrap break-words [.text-message+&amp;]:mt-5 juice:w-full juice:items-end overflow-x-auto gap-2\" dir=\"auto\" data-message-author-role=\"assistant\" data-message-id=\"a5ad94cc-6796-4ad8-b325-83b721399f0a\">\n<div class=\"flex w-full flex-col gap-1 juice:empty:hidden juice:first:pt-[3px]\">\n<div class=\"markdown prose w-full break-words dark:prose-invert light\">\n<div class=\"flex flex-grow flex-col max-w-full\">\n<div class=\"min-h-[20px] text-message flex flex-col items-start whitespace-pre-wrap break-words [.text-message+&amp;]:mt-5 juice:w-full juice:items-end overflow-x-auto gap-2\" dir=\"auto\" data-message-author-role=\"assistant\" data-message-id=\"f22b6444-e23a-4e78-827a-fa8ff3877731\">\n<div class=\"flex w-full flex-col gap-1 juice:empty:hidden juice:first:pt-[3px]\">\n<div class=\"markdown prose w-full break-words dark:prose-invert light\">\n<div class=\"flex flex-grow flex-col max-w-full\">\n<h4 data-start=\"1515\" data-end=\"1796\">Vantaggi:<\/h4>\n<ul>\n<li data-start=\"1769\" data-end=\"1806\"><strong>Calibro 120\/149<\/strong> regolare e pratico.<\/li>\n<li data-start=\"1809\" data-end=\"1846\">Consistenza croccante e gusto equilibrato.<\/li>\n<li data-start=\"1849\" data-end=\"1888\">Latta grande <strong>formato 5\/1<\/strong> per uso professionale.<\/li>\n<li data-start=\"1891\" data-end=\"1920\">Ottima tenuta dopo l\u2019apertura.<\/li>\n<li data-start=\"1923\" data-end=\"1961\">Versatili in cucina e al servizio.<\/li>\n<\/ul>\n<div class=\"min-h-[20px] text-message flex flex-col items-start whitespace-pre-wrap break-words [.text-message+&amp;]:mt-5 juice:w-full juice:items-end overflow-x-auto gap-2\" dir=\"auto\" data-message-author-role=\"assistant\" data-message-id=\"ec402d76-ebcd-4cc4-a0c8-22820d3d0931\">\n<div class=\"flex w-full flex-col gap-1 juice:empty:hidden juice:first:pt-[3px]\">\n<div class=\"markdown prose w-full break-words dark:prose-invert light\">\n<p data-start=\"1515\" data-end=\"1796\">\n<\/div>\n<\/div>\n<\/div>\n<\/div>\n<\/div>\n<\/div>\n<\/div>\n<\/div>\n<\/div>\n<\/div>\n<\/div>\n<\/div>\n<\/div>\n<\/div>\n<\/div>\n<\/div>\n<\/div>\n<\/div>\n<\/div>\n<\/div>\n<\/div>\n<\/div>\n<\/div>\n<\/div>\n<\/div>\n<\/div>\n<\/div>\n<\/div>\n<\/div>\n<p><!--more--><\/p>\n<h4>Altre informazioni:<\/h4>\n<ul>\n<li><strong>Confezionamento<\/strong>: latta 5\/1<\/li>\n<li><strong>Calibro<\/strong>: 120\/149<\/li>\n<\/ul>\n<p>&nbsp;<\/p>\n<p><!--more--><\/p>\n<p>Scopri anche i nostri cetriolini calibro 80\/119: <span style=\"color: #d12727\"><a style=\"color: #d12727\" href=\"https:\/\/www.csj-emballages.com\/it\/produit\/cetriolini-sottaceto-pastorizzati-calibro-80-119-in-scatola-5-1\/\">190017<\/a><\/span><\/p>\n<p>&nbsp;<\/p>\n<p><!--more--><\/p>\n<p><a href=\"https:\/\/www.csj-emballages.com\/it\/categorie-produit\/alimentari\/conserve\/verdure\/\">Consulta il resto della nostra gamma di verdure in conserva<\/a><\/p>\n","protected":false},"excerpt":{"rendered":"<p>Cetriolini pastorizzati Scopri i nostri cetriolini sottaceto pastorizzati calibro 120\/149 in latta 5\/1<\/p>\n","protected":false},"featured_media":271647,"template":"","meta":{"_acf_changed":false},"product_brand":[],"product_cat":[10445,11245,11252],"product_tag":[],"class_list":{"0":"post-271646","1":"product","2":"type-product","3":"status-publish","4":"has-post-thumbnail","6":"product_cat-alimentari","7":"product_cat-conserve","8":"product_cat-verdure","10":"first","11":"instock","12":"taxable","13":"shipping-taxable","14":"purchasable","15":"product-type-simple"},"acf":[],"yoast_head":"<!-- This site is optimized with the Yoast SEO Premium plugin v26.6 (Yoast SEO v26.6) - https:\/\/yoast.com\/wordpress\/plugins\/seo\/ -->\n<title>Cetriolini sottaceto pastorizzati calibro 120\/149 latta 5\/1<\/title>\n<meta name=\"description\" content=\"Cetriolini sottaceto pastorizzati calibro 120\/149 in latta 5\/1. Croccanti, regolari e ideali per ristoranti, snack e catering.\" \/>\n<meta name=\"robots\" content=\"index, follow, max-snippet:-1, max-image-preview:large, max-video-preview:-1\" \/>\n<link rel=\"canonical\" href=\"https:\/\/www.csj-emballages.com\/it\/produit\/cetrioli-sottaceto-pastorizzati-calibro-120-149-in-latta-5-1\/\" \/>\n<meta property=\"og:locale\" content=\"it_IT\" \/>\n<meta property=\"og:type\" content=\"article\" \/>\n<meta property=\"og:title\" content=\"Cetriolini sottaceto pastorizzati - Latta 5\/1\" \/>\n<meta property=\"og:description\" content=\"Scopri la nostra latta 5\/1 di cetriolini sottaceto pastorizzati. Questi cetriolini hanno un calibro di 120\/149 mm. Disponibile ora sul nostro sito!\" \/>\n<meta property=\"og:url\" content=\"https:\/\/www.csj-emballages.com\/it\/produit\/cetrioli-sottaceto-pastorizzati-calibro-120-149-in-latta-5-1\/\" \/>\n<meta property=\"og:site_name\" content=\"CSJ Emballages\" \/>\n<meta property=\"article:publisher\" content=\"https:\/\/www.facebook.com\/csjemballages\" \/>\n<meta property=\"article:modified_time\" content=\"2026-03-12T15:07:05+00:00\" \/>\n<meta property=\"og:image\" content=\"https:\/\/www.csj-emballages.com\/wp-content\/uploads\/2024\/11\/190018.webp\" \/>\n\t<meta property=\"og:image:width\" content=\"800\" \/>\n\t<meta property=\"og:image:height\" content=\"800\" \/>\n\t<meta property=\"og:image:type\" content=\"image\/webp\" \/>\n<meta name=\"twitter:card\" content=\"summary_large_image\" \/>\n<meta name=\"twitter:title\" content=\"Cetriolini sottaceto pastorizzati - Latta 5\/1\" \/>\n<meta name=\"twitter:description\" content=\"Scopri la nostra latta 5\/1 di cetriolini sottaceto pastorizzati. Questi cetriolini hanno un calibro di 120\/149 mm. Disponibile ora sul nostro sito!\" \/>\n<meta name=\"twitter:label1\" content=\"Dur\u00e9e de lecture estim\u00e9e\" \/>\n\t<meta name=\"twitter:data1\" content=\"1 minuto\" \/>\n<script type=\"application\/ld+json\" class=\"yoast-schema-graph\">{\"@context\":\"https:\/\/schema.org\",\"@graph\":[{\"@type\":\"WebPage\",\"@id\":\"https:\/\/www.csj-emballages.com\/it\/produit\/cetrioli-sottaceto-pastorizzati-calibro-120-149-in-latta-5-1\/\",\"url\":\"https:\/\/www.csj-emballages.com\/it\/produit\/cetrioli-sottaceto-pastorizzati-calibro-120-149-in-latta-5-1\/\",\"name\":\"Cetriolini sottaceto pastorizzati calibro 120\/149 latta 5\/1\",\"isPartOf\":{\"@id\":\"https:\/\/www.csj-emballages.com\/it\/#website\"},\"primaryImageOfPage\":{\"@id\":\"https:\/\/www.csj-emballages.com\/it\/produit\/cetrioli-sottaceto-pastorizzati-calibro-120-149-in-latta-5-1\/#primaryimage\"},\"image\":{\"@id\":\"https:\/\/www.csj-emballages.com\/it\/produit\/cetrioli-sottaceto-pastorizzati-calibro-120-149-in-latta-5-1\/#primaryimage\"},\"thumbnailUrl\":\"https:\/\/www.csj-emballages.com\/wp-content\/uploads\/2024\/11\/190018.webp\",\"datePublished\":\"2024-11-06T01:18:25+00:00\",\"dateModified\":\"2026-03-12T15:07:05+00:00\",\"description\":\"Cetriolini sottaceto pastorizzati calibro 120\/149 in latta 5\/1. Croccanti, regolari e ideali per ristoranti, snack e catering.\",\"breadcrumb\":{\"@id\":\"https:\/\/www.csj-emballages.com\/it\/produit\/cetrioli-sottaceto-pastorizzati-calibro-120-149-in-latta-5-1\/#breadcrumb\"},\"inLanguage\":\"it-IT\",\"potentialAction\":[{\"@type\":\"ReadAction\",\"target\":[\"https:\/\/www.csj-emballages.com\/it\/produit\/cetrioli-sottaceto-pastorizzati-calibro-120-149-in-latta-5-1\/\"]}]},{\"@type\":\"ImageObject\",\"inLanguage\":\"it-IT\",\"@id\":\"https:\/\/www.csj-emballages.com\/it\/produit\/cetrioli-sottaceto-pastorizzati-calibro-120-149-in-latta-5-1\/#primaryimage\",\"url\":\"https:\/\/www.csj-emballages.com\/wp-content\/uploads\/2024\/11\/190018.webp\",\"contentUrl\":\"https:\/\/www.csj-emballages.com\/wp-content\/uploads\/2024\/11\/190018.webp\",\"width\":800,\"height\":800,\"caption\":\"Cornichons pasteuris\u00e9s\"},{\"@type\":\"BreadcrumbList\",\"@id\":\"https:\/\/www.csj-emballages.com\/it\/produit\/cetrioli-sottaceto-pastorizzati-calibro-120-149-in-latta-5-1\/#breadcrumb\",\"itemListElement\":[{\"@type\":\"ListItem\",\"position\":1,\"name\":\"Home\",\"item\":\"https:\/\/www.csj-emballages.com\/it\/universo-imballaggi-alimentari\/\"},{\"@type\":\"ListItem\",\"position\":2,\"name\":\"Negozio\",\"item\":\"https:\/\/www.csj-emballages.com\/it\/negozio\/\"},{\"@type\":\"ListItem\",\"position\":3,\"name\":\"Cetri\u00f3li sottaceto pastorizzati calibro 120\/149 in latta 5\/1\"}]},{\"@type\":\"WebSite\",\"@id\":\"https:\/\/www.csj-emballages.com\/it\/#website\",\"url\":\"https:\/\/www.csj-emballages.com\/it\/\",\"name\":\"CSJ Emballages\",\"description\":\"\",\"publisher\":{\"@id\":\"https:\/\/www.csj-emballages.com\/it\/#organization\"},\"potentialAction\":[{\"@type\":\"SearchAction\",\"target\":{\"@type\":\"EntryPoint\",\"urlTemplate\":\"https:\/\/www.csj-emballages.com\/it\/?s={search_term_string}\"},\"query-input\":{\"@type\":\"PropertyValueSpecification\",\"valueRequired\":true,\"valueName\":\"search_term_string\"}}],\"inLanguage\":\"it-IT\"},{\"@type\":\"Organization\",\"@id\":\"https:\/\/www.csj-emballages.com\/it\/#Organization\/\",\"name\":\"CSJ Emballages\",\"url\":\"https:\/\/www.csj-emballages.com\/it\/\",\"logo\":{\"@type\":\"ImageObject\",\"inLanguage\":\"it-IT\",\"@id\":\"https:\/\/www.csj-emballages.com\/it\/#\/schema\/logo\/image\/\",\"url\":\"https:\/\/www.csj-emballages.com\/wp-content\/uploads\/2023\/10\/logo_csj.webp\",\"contentUrl\":\"https:\/\/www.csj-emballages.com\/wp-content\/uploads\/2023\/10\/logo_csj.webp\",\"width\":250,\"height\":95,\"caption\":\"CSJ Emballages\"},\"image\":{\"@id\":\"https:\/\/www.csj-emballages.com\/it\/#\/schema\/logo\/image\/\"},\"sameAs\":[\"https:\/\/www.facebook.com\/csjemballages\"],\"address\":{\"@type\":\"PostalAddress\",\"streetAddress\":\"ZI La Lechere\",\"addressLocality\":\"Patornay\",\"postalCode\":\"39130\",\"addressCountry\":\"FR\"},\"contactPoint\":[{\"@type\":\"ContactPoint\",\"contactType\":\"Service client\",\"telephone\":\"0384254272\",\"email\":\"contact@csj-emballages.com\"}]}]}<\/script>\n<!-- \/ Yoast SEO Premium plugin. -->","yoast_head_json":{"title":"Cetriolini sottaceto pastorizzati calibro 120\/149 latta 5\/1","description":"Cetriolini sottaceto pastorizzati calibro 120\/149 in latta 5\/1. Croccanti, regolari e ideali per ristoranti, snack e catering.","robots":{"index":"index","follow":"follow","max-snippet":"max-snippet:-1","max-image-preview":"max-image-preview:large","max-video-preview":"max-video-preview:-1"},"canonical":"https:\/\/www.csj-emballages.com\/it\/produit\/cetrioli-sottaceto-pastorizzati-calibro-120-149-in-latta-5-1\/","og_locale":"it_IT","og_type":"article","og_title":"Cetriolini sottaceto pastorizzati - Latta 5\/1","og_description":"Scopri la nostra latta 5\/1 di cetriolini sottaceto pastorizzati. Questi cetriolini hanno un calibro di 120\/149 mm. Disponibile ora sul nostro sito!","og_url":"https:\/\/www.csj-emballages.com\/it\/produit\/cetrioli-sottaceto-pastorizzati-calibro-120-149-in-latta-5-1\/","og_site_name":"CSJ Emballages","article_publisher":"https:\/\/www.facebook.com\/csjemballages","article_modified_time":"2026-03-12T15:07:05+00:00","og_image":[{"width":800,"height":800,"url":"https:\/\/www.csj-emballages.com\/wp-content\/uploads\/2024\/11\/190018.webp","type":"image\/webp"}],"twitter_card":"summary_large_image","twitter_title":"Cetriolini sottaceto pastorizzati - Latta 5\/1","twitter_description":"Scopri la nostra latta 5\/1 di cetriolini sottaceto pastorizzati. Questi cetriolini hanno un calibro di 120\/149 mm. Disponibile ora sul nostro sito!","twitter_misc":{"Dur\u00e9e de lecture estim\u00e9e":"1 minuto"},"schema":{"@context":"https:\/\/schema.org","@graph":[{"@type":"WebPage","@id":"https:\/\/www.csj-emballages.com\/it\/produit\/cetrioli-sottaceto-pastorizzati-calibro-120-149-in-latta-5-1\/","url":"https:\/\/www.csj-emballages.com\/it\/produit\/cetrioli-sottaceto-pastorizzati-calibro-120-149-in-latta-5-1\/","name":"Cetriolini sottaceto pastorizzati calibro 120\/149 latta 5\/1","isPartOf":{"@id":"https:\/\/www.csj-emballages.com\/it\/#website"},"primaryImageOfPage":{"@id":"https:\/\/www.csj-emballages.com\/it\/produit\/cetrioli-sottaceto-pastorizzati-calibro-120-149-in-latta-5-1\/#primaryimage"},"image":{"@id":"https:\/\/www.csj-emballages.com\/it\/produit\/cetrioli-sottaceto-pastorizzati-calibro-120-149-in-latta-5-1\/#primaryimage"},"thumbnailUrl":"https:\/\/www.csj-emballages.com\/wp-content\/uploads\/2024\/11\/190018.webp","datePublished":"2024-11-06T01:18:25+00:00","dateModified":"2026-03-12T15:07:05+00:00","description":"Cetriolini sottaceto pastorizzati calibro 120\/149 in latta 5\/1. Croccanti, regolari e ideali per ristoranti, snack e catering.","breadcrumb":{"@id":"https:\/\/www.csj-emballages.com\/it\/produit\/cetrioli-sottaceto-pastorizzati-calibro-120-149-in-latta-5-1\/#breadcrumb"},"inLanguage":"it-IT","potentialAction":[{"@type":"ReadAction","target":["https:\/\/www.csj-emballages.com\/it\/produit\/cetrioli-sottaceto-pastorizzati-calibro-120-149-in-latta-5-1\/"]}]},{"@type":"ImageObject","inLanguage":"it-IT","@id":"https:\/\/www.csj-emballages.com\/it\/produit\/cetrioli-sottaceto-pastorizzati-calibro-120-149-in-latta-5-1\/#primaryimage","url":"https:\/\/www.csj-emballages.com\/wp-content\/uploads\/2024\/11\/190018.webp","contentUrl":"https:\/\/www.csj-emballages.com\/wp-content\/uploads\/2024\/11\/190018.webp","width":800,"height":800,"caption":"Cornichons pasteuris\u00e9s"},{"@type":"BreadcrumbList","@id":"https:\/\/www.csj-emballages.com\/it\/produit\/cetrioli-sottaceto-pastorizzati-calibro-120-149-in-latta-5-1\/#breadcrumb","itemListElement":[{"@type":"ListItem","position":1,"name":"Home","item":"https:\/\/www.csj-emballages.com\/it\/universo-imballaggi-alimentari\/"},{"@type":"ListItem","position":2,"name":"Negozio","item":"https:\/\/www.csj-emballages.com\/it\/negozio\/"},{"@type":"ListItem","position":3,"name":"Cetri\u00f3li sottaceto pastorizzati calibro 120\/149 in latta 5\/1"}]},{"@type":"WebSite","@id":"https:\/\/www.csj-emballages.com\/it\/#website","url":"https:\/\/www.csj-emballages.com\/it\/","name":"CSJ Emballages","description":"","publisher":{"@id":"https:\/\/www.csj-emballages.com\/it\/#organization"},"potentialAction":[{"@type":"SearchAction","target":{"@type":"EntryPoint","urlTemplate":"https:\/\/www.csj-emballages.com\/it\/?s={search_term_string}"},"query-input":{"@type":"PropertyValueSpecification","valueRequired":true,"valueName":"search_term_string"}}],"inLanguage":"it-IT"},{"@type":"Organization","@id":"https:\/\/www.csj-emballages.com\/it\/#Organization\/","name":"CSJ Emballages","url":"https:\/\/www.csj-emballages.com\/it\/","logo":{"@type":"ImageObject","inLanguage":"it-IT","@id":"https:\/\/www.csj-emballages.com\/it\/#\/schema\/logo\/image\/","url":"https:\/\/www.csj-emballages.com\/wp-content\/uploads\/2023\/10\/logo_csj.webp","contentUrl":"https:\/\/www.csj-emballages.com\/wp-content\/uploads\/2023\/10\/logo_csj.webp","width":250,"height":95,"caption":"CSJ Emballages"},"image":{"@id":"https:\/\/www.csj-emballages.com\/it\/#\/schema\/logo\/image\/"},"sameAs":["https:\/\/www.facebook.com\/csjemballages"],"address":{"@type":"PostalAddress","streetAddress":"ZI La Lechere","addressLocality":"Patornay","postalCode":"39130","addressCountry":"FR"},"contactPoint":[{"@type":"ContactPoint","contactType":"Service client","telephone":"0384254272","email":"contact@csj-emballages.com"}]}]}},"df_price":11.78,"df_sale_price":"","df_regular_price":11.78,"df_image_link":"https:\/\/www.csj-emballages.com\/wp-content\/uploads\/2024\/11\/190018-300x300.webp","tiered_pricing_type":"fixed","tiered_pricing_fixed_rules":[],"tiered_pricing_percentage_rules":[],"tiered_pricing_minimum":1,"tiered_pricing_roles_data":[],"_links":{"self":[{"href":"https:\/\/www.csj-emballages.com\/it\/wp-json\/wp\/v2\/product\/271646","targetHints":{"allow":["GET"]}}],"collection":[{"href":"https:\/\/www.csj-emballages.com\/it\/wp-json\/wp\/v2\/product"}],"about":[{"href":"https:\/\/www.csj-emballages.com\/it\/wp-json\/wp\/v2\/types\/product"}],"wp:featuredmedia":[{"embeddable":true,"href":"https:\/\/www.csj-emballages.com\/it\/wp-json\/wp\/v2\/media\/271647"}],"wp:attachment":[{"href":"https:\/\/www.csj-emballages.com\/it\/wp-json\/wp\/v2\/media?parent=271646"}],"wp:term":[{"taxonomy":"product_brand","embeddable":true,"href":"https:\/\/www.csj-emballages.com\/it\/wp-json\/wp\/v2\/product_brand?post=271646"},{"taxonomy":"product_cat","embeddable":true,"href":"https:\/\/www.csj-emballages.com\/it\/wp-json\/wp\/v2\/product_cat?post=271646"},{"taxonomy":"product_tag","embeddable":true,"href":"https:\/\/www.csj-emballages.com\/it\/wp-json\/wp\/v2\/product_tag?post=271646"}],"curies":[{"name":"wp","href":"https:\/\/api.w.org\/{rel}","templated":true}]}}