{"id":271615,"date":"2024-11-06T02:18:34","date_gmt":"2024-11-06T01:18:34","guid":{"rendered":"https:\/\/www.csj-emballages.com\/produit\/panno-in-microfibra-nero-38-x-38-cm-confezione-da-5\/"},"modified":"2026-04-09T02:15:57","modified_gmt":"2026-04-09T00:15:57","slug":"panno-in-microfibra-nero-38-x-38-cm-confezione-da-5","status":"publish","type":"product","link":"https:\/\/www.csj-emballages.com\/it\/produit\/panno-in-microfibra-nero-38-x-38-cm-confezione-da-5\/","title":{"rendered":"Panno in microfibra nero 38 x 38 cm confezione da 5"},"content":{"rendered":"<div style=\"font-family: Roboto, sans-serif;\">\n<div style=\"font-family: Roboto, sans-serif;\">\n<div style=\"font-family: Roboto, sans-serif;\">\n<div style=\"font-family: Roboto, sans-serif;\">\n<div style=\"font-family: Roboto, sans-serif;\">\n<div style=\"font-family: Roboto, sans-serif;\">\n<div style=\"font-family: Roboto, sans-serif;\">\n<div style=\"font-family: Roboto, sans-serif;\">\n<div style=\"font-family: Roboto, sans-serif;\">\n<div style=\"font-family: Roboto, sans-serif;\">\n<div style=\"font-family: Roboto, sans-serif;\">\n<div style=\"font-family: Roboto, sans-serif;\">\n<div style=\"font-family: Roboto, sans-serif;\">\n<div class=\"flex flex-grow flex-col max-w-full\">\n<div class=\"min-h-[20px] text-message flex flex-col items-start whitespace-pre-wrap break-words [.text-message+&amp;]:mt-5 juice:w-full juice:items-end overflow-x-auto gap-2\" dir=\"auto\" data-message-author-role=\"assistant\" data-message-id=\"2034782e-88f9-44ef-b4dc-07dd7bf0115f\">\n<div class=\"flex w-full flex-col gap-1 juice:empty:hidden juice:first:pt-[3px]\">\n<div class=\"markdown prose w-full break-words dark:prose-invert light\">\n<div style=\"font-family: Roboto, sans-serif;\">\n<div style=\"font-family: Roboto, sans-serif;\">\n<div style=\"font-family: Roboto, sans-serif;\">\n<div style=\"font-family: Roboto, sans-serif;\">\n<div style=\"font-family: Roboto, sans-serif;\">\n<div style=\"font-family: Roboto, sans-serif;\">\n<h2>Panno in microfibra<\/h2>\n<div style=\"font-family: Roboto, sans-serif;\">\n<div style=\"font-family: Roboto, sans-serif;\">\n<div style=\"font-family: Roboto, sans-serif;\">\n<div style=\"text-align: center;\">\n<div style=\"font-family: Roboto, sans-serif;\">\n<div style=\"font-family: Roboto, sans-serif;\">\n<div style=\"font-family: Roboto, sans-serif;\">\n<div style=\"font-family: Roboto, sans-serif;\">\n<div style=\"font-family: Roboto, sans-serif;\">\n<hr>\n<h3 style=\"font-family: Roboto, sans-serif; text-align: left;\">Descrizione del nostro panno in microfibra nero 38 x 38 cm confezione da 5<!--more--><\/h3>\n<\/div>\n<\/div>\n<\/div>\n<\/div>\n<\/div>\n<\/div>\n<\/div>\n<\/div>\n<\/div>\n<\/div>\n<\/div>\n<\/div>\n<\/div>\n<\/div>\n<\/div>\n<\/div>\n<\/div>\n<\/div>\n<\/div>\n<\/div>\n<\/div>\n<\/div>\n<\/div>\n<\/div>\n<\/div>\n<\/div>\n<\/div>\n<\/div>\n<\/div>\n<\/div>\n<\/div>\n<\/div>\n<p data-start=\"276\" data-end=\"630\">Semplice, efficace e sempre pronto all&#8217;uso, questo <strong>panno in microfibra nero<\/strong> <strong data-start=\"354\" data-end=\"368\">38 x 38 cm<\/strong> \u00e8 un vero alleato su cui puoi contare. Fin dal primo utilizzo, fa il suo lavoro: <strong>cattura la polvere, assorbe l&#8217;umidit\u00e0 e pulisce senza lasciare aloni<\/strong>. Che si tratti di asciugare, spolverare o lucidare, si adatta senza sforzo.  <\/p>\n<p data-start=\"632\" data-end=\"932\">Il suo <strong>formato quadrato<\/strong> \u00e8 ideale. N\u00e9 troppo piccolo, n\u00e9 troppo grande, sta bene in mano e permette di lavorare rapidamente, anche su grandi superfici. Inoltre, la microfibra cattura lo sporco senza bisogno di aggiungere troppo prodotto. Risultato: una pulizia pi\u00f9 semplice, pi\u00f9 rapida e pi\u00f9 economica.   <\/p>\n<p data-start=\"934\" data-end=\"1304\">Il <strong>colore nero<\/strong> non \u00e8 scelto a caso. Maschera meglio le macchie e mantiene un aspetto pulito pi\u00f9 a lungo, il che \u00e8 particolarmente pratico negli ambienti professionali come la <strong>ristorazione, le cucine, le officine o gli spazi di lavoro molto utilizzati<\/strong>. Puoi usarlo sia asciutto che leggermente umido, secondo le tue esigenze.  <\/p>\n<p data-start=\"1306\" data-end=\"1636\">Altro punto apprezzabile: la sua resistenza. Questo <strong>panno<\/strong> sopporta lavaggi ripetuti senza perdere efficacia n\u00e9 consistenza. Rimane morbido, piacevole da usare e affidabile giorno dopo giorno. E con una <strong data-start=\"1509\" data-end=\"1521\">confezione da 5<\/strong>, hai sempre un panno a portata di mano, sia per distribuire gli usi che per garantire una rotazione pulita.   <\/p>\n<p data-start=\"1638\" data-end=\"1828\">In sintesi, questo <strong>panno in microfibra nero<\/strong> \u00e8 una soluzione semplice, resistente e versatile. Facilita la pulizia quotidiana e ti fa risparmiare tempo, senza complicazioni n\u00e9 fronzoli. <\/p>\n<p>&nbsp;<\/p>\n<div style=\"font-family: Roboto, sans-serif;\">\n<div style=\"font-family: Roboto, sans-serif;\">\n<div style=\"font-family: Roboto, sans-serif;\">\n<div style=\"font-family: Roboto, sans-serif;\">\n<div style=\"font-family: Roboto, sans-serif;\">\n<div style=\"font-family: Roboto, sans-serif;\">\n<div style=\"font-family: Roboto, sans-serif;\">\n<div style=\"font-family: Roboto, sans-serif;\">\n<div style=\"font-family: Roboto, sans-serif;\">\n<div style=\"font-family: Roboto, sans-serif;\">\n<div style=\"font-family: Roboto, sans-serif;\">\n<div style=\"font-family: Roboto, sans-serif;\">\n<div style=\"font-family: Roboto, sans-serif;\">\n<div class=\"flex flex-grow flex-col max-w-full\">\n<div class=\"min-h-[20px] text-message flex flex-col items-start whitespace-pre-wrap break-words [.text-message+&amp;]:mt-5 juice:w-full juice:items-end overflow-x-auto gap-2\" dir=\"auto\" data-message-author-role=\"assistant\" data-message-id=\"2034782e-88f9-44ef-b4dc-07dd7bf0115f\">\n<div class=\"flex w-full flex-col gap-1 juice:empty:hidden juice:first:pt-[3px]\">\n<div class=\"markdown prose w-full break-words dark:prose-invert light\">\n<div style=\"font-family: Roboto, sans-serif;\">\n<div style=\"font-family: Roboto, sans-serif;\">\n<div style=\"font-family: Roboto, sans-serif;\">\n<div style=\"font-family: Roboto, sans-serif;\">\n<div style=\"font-family: Roboto, sans-serif;\">\n<div style=\"font-family: Roboto, sans-serif;\">\n<p><!--more--><\/p>\n<h4 style=\"text-align: left;\"><strong>Vantaggi:<\/strong><\/h4>\n<\/div>\n<\/div>\n<\/div>\n<\/div>\n<\/div>\n<\/div>\n<\/div>\n<\/div>\n<\/div>\n<\/div>\n<\/div>\n<\/div>\n<ul>\n<li data-start=\"1856\" data-end=\"1908\"><strong>Microfibra<\/strong> efficace che cattura polvere e sporco.<\/li>\n<li data-start=\"1911\" data-end=\"1939\">Formato pratico <strong>38 x 38 cm<\/strong>.<\/li>\n<li data-start=\"1942\" data-end=\"1977\">Colore nero discreto e resistente.<\/li>\n<li data-start=\"1980\" data-end=\"2008\">Utilizzabile asciutto o umido.<\/li>\n<li data-start=\"2011\" data-end=\"2038\">Buona tenuta nel tempo.<\/li>\n<li data-start=\"2041\" data-end=\"2070\">Confezione da<strong> 5 panni<\/strong> pratici.<\/li>\n<\/ul>\n<p>&nbsp;<\/p>\n<\/div>\n<\/div>\n<\/div>\n<\/div>\n<\/div>\n<\/div>\n<\/div>\n<\/div>\n<\/div>\n<\/div>\n<\/div>\n<p><!--more--><\/p>\n<h4>Altre informazioni:<\/h4>\n<ul style=\"font-family: Roboto, sans-serif;\">\n<li><strong>Confezione<\/strong>: Pacchetto da 5<\/li>\n<li><strong>Economico: <\/strong>Lavabile in lavatrice oltre 300 volte a 60\u00b0C<\/li>\n<li><span style=\"font-weight: bold;\">Dimensioni<\/span>: 38 x 38 cm<\/li>\n<li><strong>Grammatura<\/strong>: 320 gr\/m\u00b2<\/li>\n<li><span style=\"font-weight: bold;\">Materiale<\/span>: 80% Poliestere \/ 20% Poliammide<\/li>\n<li><strong>Resistente<\/strong>: Doppia cucitura<\/li>\n<\/ul>\n<p>&nbsp;<\/p>\n<p><!--more--><\/p>\n<p>Questo prodotto \u00e8 disponibile in diversi colori: <span style=\"color: #d12727;\"><a style=\"color: #d12727;\" href=\"https:\/\/www.csj-emballages.com\/produit\/5-lavettes-microfibre-bleues-40-x-40-cm\/\">Blu<\/a><\/span> \/ <span style=\"color: #d12727;\"><a style=\"color: #d12727;\" href=\"https:\/\/www.csj-emballages.com\/produit\/5-lavettes-microfibre-vertes-40-x-40-cm\/\">Verde<\/a> <\/span>\/ <span style=\"color: #d12727;\"><a style=\"color: #d12727;\" href=\"https:\/\/www.csj-emballages.com\/it\/produit\/panno-microfibra-giallo-38-x-38-cm-confezione-da-5\/\">Giallo<\/a><\/span> \/ <span style=\"color: #d12727;\"><a style=\"color: #d12727;\" href=\"https:\/\/www.csj-emballages.com\/it\/produit\/panno-microfibra-rosa-38-x-38-cm-confezione-da-5\/\">Rosa<\/a><\/span><\/p>\n<p>&nbsp;<\/p>\n<p style=\"text-align: left;\"><!--more--><\/p>\n<p><a href=\"https:\/\/www.csj-emballages.com\/it\/categorie-produit\/igiene-e-manutenzione\/asciugatura\/panni\/\">Consulta il resto della nostra gamma di panni<\/a><\/p>\n","protected":false},"excerpt":{"rendered":"<p>Panno in microfibra Descrizione del nostro panno in microfibra nero 38 x 38 cm confezione da 5<\/p>\n","protected":false},"featured_media":271619,"template":"","meta":{"_acf_changed":false},"product_brand":[],"product_cat":[10356,10382,10423,10385,10457],"product_tag":[],"class_list":{"0":"post-271615","1":"product","2":"type-product","3":"status-publish","4":"has-post-thumbnail","6":"product_cat-igiene-e-manutenzione","7":"product_cat-spugne-panni-strofinacci","8":"product_cat-lavette-gaze","9":"product_cat-asciugatura","10":"product_cat-panni","12":"first","13":"instock","14":"taxable","15":"shipping-taxable","16":"purchasable","17":"product-type-simple"},"acf":[],"yoast_head":"<!-- This site is optimized with the Yoast SEO Premium plugin v26.6 (Yoast SEO v26.6) - https:\/\/yoast.com\/wordpress\/plugins\/seo\/ -->\n<title>Panno in Microfibra Nero 38 x 38 cm Confezione da 5<\/title>\n<meta name=\"description\" content=\"Scopri il panno in microfibra nero 38 x 38 cm confezione da 5: efficace, resistente e versatile, per una pulizia impeccabile su tutte le superfici!\" \/>\n<meta name=\"robots\" content=\"index, follow, max-snippet:-1, max-image-preview:large, max-video-preview:-1\" \/>\n<link rel=\"canonical\" href=\"https:\/\/www.csj-emballages.com\/it\/produit\/panno-in-microfibra-nero-38-x-38-cm-confezione-da-5\/\" \/>\n<meta property=\"og:locale\" content=\"it_IT\" \/>\n<meta property=\"og:type\" content=\"article\" \/>\n<meta property=\"og:title\" content=\"Panno in microfibra nero 38 x 38 cm confezione da 5\" \/>\n<meta property=\"og:description\" content=\"Scopri il panno in microfibra nero 38 x 38 cm confezione da 5: efficace, resistente e versatile, per una pulizia impeccabile su tutte le superfici!\" \/>\n<meta property=\"og:url\" content=\"https:\/\/www.csj-emballages.com\/it\/produit\/panno-in-microfibra-nero-38-x-38-cm-confezione-da-5\/\" \/>\n<meta property=\"og:site_name\" content=\"CSJ Emballages\" \/>\n<meta property=\"article:publisher\" content=\"https:\/\/www.facebook.com\/csjemballages\" \/>\n<meta property=\"article:modified_time\" content=\"2026-04-09T00:15:57+00:00\" \/>\n<meta property=\"og:image\" content=\"https:\/\/www.csj-emballages.com\/wp-content\/uploads\/2024\/11\/LMFN002-Pliee-022022.webp\" \/>\n\t<meta property=\"og:image:width\" content=\"803\" \/>\n\t<meta property=\"og:image:height\" content=\"803\" \/>\n\t<meta property=\"og:image:type\" content=\"image\/webp\" \/>\n<meta name=\"twitter:card\" content=\"summary_large_image\" \/>\n<meta name=\"twitter:label1\" content=\"Dur\u00e9e de lecture estim\u00e9e\" \/>\n\t<meta name=\"twitter:data1\" content=\"2 minuti\" \/>\n<script type=\"application\/ld+json\" class=\"yoast-schema-graph\">{\"@context\":\"https:\/\/schema.org\",\"@graph\":[{\"@type\":\"WebPage\",\"@id\":\"https:\/\/www.csj-emballages.com\/it\/produit\/panno-in-microfibra-nero-38-x-38-cm-confezione-da-5\/\",\"url\":\"https:\/\/www.csj-emballages.com\/it\/produit\/panno-in-microfibra-nero-38-x-38-cm-confezione-da-5\/\",\"name\":\"Panno in Microfibra Nero 38 x 38 cm Confezione da 5\",\"isPartOf\":{\"@id\":\"https:\/\/www.csj-emballages.com\/it\/#website\"},\"primaryImageOfPage\":{\"@id\":\"https:\/\/www.csj-emballages.com\/it\/produit\/panno-in-microfibra-nero-38-x-38-cm-confezione-da-5\/#primaryimage\"},\"image\":{\"@id\":\"https:\/\/www.csj-emballages.com\/it\/produit\/panno-in-microfibra-nero-38-x-38-cm-confezione-da-5\/#primaryimage\"},\"thumbnailUrl\":\"https:\/\/www.csj-emballages.com\/wp-content\/uploads\/2024\/11\/LMFN002-Pliee-022022.webp\",\"datePublished\":\"2024-11-06T01:18:34+00:00\",\"dateModified\":\"2026-04-09T00:15:57+00:00\",\"description\":\"Scopri il panno in microfibra nero 38 x 38 cm confezione da 5: efficace, resistente e versatile, per una pulizia impeccabile su tutte le superfici!\",\"breadcrumb\":{\"@id\":\"https:\/\/www.csj-emballages.com\/it\/produit\/panno-in-microfibra-nero-38-x-38-cm-confezione-da-5\/#breadcrumb\"},\"inLanguage\":\"it-IT\",\"potentialAction\":[{\"@type\":\"ReadAction\",\"target\":[\"https:\/\/www.csj-emballages.com\/it\/produit\/panno-in-microfibra-nero-38-x-38-cm-confezione-da-5\/\"]}]},{\"@type\":\"ImageObject\",\"inLanguage\":\"it-IT\",\"@id\":\"https:\/\/www.csj-emballages.com\/it\/produit\/panno-in-microfibra-nero-38-x-38-cm-confezione-da-5\/#primaryimage\",\"url\":\"https:\/\/www.csj-emballages.com\/wp-content\/uploads\/2024\/11\/LMFN002-Pliee-022022.webp\",\"contentUrl\":\"https:\/\/www.csj-emballages.com\/wp-content\/uploads\/2024\/11\/LMFN002-Pliee-022022.webp\",\"width\":803,\"height\":803,\"caption\":\"lavette microfibre\"},{\"@type\":\"BreadcrumbList\",\"@id\":\"https:\/\/www.csj-emballages.com\/it\/produit\/panno-in-microfibra-nero-38-x-38-cm-confezione-da-5\/#breadcrumb\",\"itemListElement\":[{\"@type\":\"ListItem\",\"position\":1,\"name\":\"Home\",\"item\":\"https:\/\/www.csj-emballages.com\/it\/universo-imballaggi-alimentari\/\"},{\"@type\":\"ListItem\",\"position\":2,\"name\":\"Negozio\",\"item\":\"https:\/\/www.csj-emballages.com\/it\/negozio\/\"},{\"@type\":\"ListItem\",\"position\":3,\"name\":\"Panno in microfibra nero 38 x 38 cm confezione da 5\"}]},{\"@type\":\"WebSite\",\"@id\":\"https:\/\/www.csj-emballages.com\/it\/#website\",\"url\":\"https:\/\/www.csj-emballages.com\/it\/\",\"name\":\"CSJ Emballages\",\"description\":\"\",\"publisher\":{\"@id\":\"https:\/\/www.csj-emballages.com\/it\/#organization\"},\"potentialAction\":[{\"@type\":\"SearchAction\",\"target\":{\"@type\":\"EntryPoint\",\"urlTemplate\":\"https:\/\/www.csj-emballages.com\/it\/?s={search_term_string}\"},\"query-input\":{\"@type\":\"PropertyValueSpecification\",\"valueRequired\":true,\"valueName\":\"search_term_string\"}}],\"inLanguage\":\"it-IT\"},{\"@type\":\"Organization\",\"@id\":\"https:\/\/www.csj-emballages.com\/it\/#Organization\/\",\"name\":\"CSJ Emballages\",\"url\":\"https:\/\/www.csj-emballages.com\/it\/\",\"logo\":{\"@type\":\"ImageObject\",\"inLanguage\":\"it-IT\",\"@id\":\"https:\/\/www.csj-emballages.com\/it\/#\/schema\/logo\/image\/\",\"url\":\"https:\/\/www.csj-emballages.com\/wp-content\/uploads\/2023\/10\/logo_csj.webp\",\"contentUrl\":\"https:\/\/www.csj-emballages.com\/wp-content\/uploads\/2023\/10\/logo_csj.webp\",\"width\":250,\"height\":95,\"caption\":\"CSJ Emballages\"},\"image\":{\"@id\":\"https:\/\/www.csj-emballages.com\/it\/#\/schema\/logo\/image\/\"},\"sameAs\":[\"https:\/\/www.facebook.com\/csjemballages\"],\"address\":{\"@type\":\"PostalAddress\",\"streetAddress\":\"ZI La Lechere\",\"addressLocality\":\"Patornay\",\"postalCode\":\"39130\",\"addressCountry\":\"FR\"},\"contactPoint\":[{\"@type\":\"ContactPoint\",\"contactType\":\"Service client\",\"telephone\":\"0384254272\",\"email\":\"contact@csj-emballages.com\"}]}]}<\/script>\n<!-- \/ Yoast SEO Premium plugin. -->","yoast_head_json":{"title":"Panno in Microfibra Nero 38 x 38 cm Confezione da 5","description":"Scopri il panno in microfibra nero 38 x 38 cm confezione da 5: efficace, resistente e versatile, per una pulizia impeccabile su tutte le superfici!","robots":{"index":"index","follow":"follow","max-snippet":"max-snippet:-1","max-image-preview":"max-image-preview:large","max-video-preview":"max-video-preview:-1"},"canonical":"https:\/\/www.csj-emballages.com\/it\/produit\/panno-in-microfibra-nero-38-x-38-cm-confezione-da-5\/","og_locale":"it_IT","og_type":"article","og_title":"Panno in microfibra nero 38 x 38 cm confezione da 5","og_description":"Scopri il panno in microfibra nero 38 x 38 cm confezione da 5: efficace, resistente e versatile, per una pulizia impeccabile su tutte le superfici!","og_url":"https:\/\/www.csj-emballages.com\/it\/produit\/panno-in-microfibra-nero-38-x-38-cm-confezione-da-5\/","og_site_name":"CSJ Emballages","article_publisher":"https:\/\/www.facebook.com\/csjemballages","article_modified_time":"2026-04-09T00:15:57+00:00","og_image":[{"width":803,"height":803,"url":"https:\/\/www.csj-emballages.com\/wp-content\/uploads\/2024\/11\/LMFN002-Pliee-022022.webp","type":"image\/webp"}],"twitter_card":"summary_large_image","twitter_misc":{"Dur\u00e9e de lecture estim\u00e9e":"2 minuti"},"schema":{"@context":"https:\/\/schema.org","@graph":[{"@type":"WebPage","@id":"https:\/\/www.csj-emballages.com\/it\/produit\/panno-in-microfibra-nero-38-x-38-cm-confezione-da-5\/","url":"https:\/\/www.csj-emballages.com\/it\/produit\/panno-in-microfibra-nero-38-x-38-cm-confezione-da-5\/","name":"Panno in Microfibra Nero 38 x 38 cm Confezione da 5","isPartOf":{"@id":"https:\/\/www.csj-emballages.com\/it\/#website"},"primaryImageOfPage":{"@id":"https:\/\/www.csj-emballages.com\/it\/produit\/panno-in-microfibra-nero-38-x-38-cm-confezione-da-5\/#primaryimage"},"image":{"@id":"https:\/\/www.csj-emballages.com\/it\/produit\/panno-in-microfibra-nero-38-x-38-cm-confezione-da-5\/#primaryimage"},"thumbnailUrl":"https:\/\/www.csj-emballages.com\/wp-content\/uploads\/2024\/11\/LMFN002-Pliee-022022.webp","datePublished":"2024-11-06T01:18:34+00:00","dateModified":"2026-04-09T00:15:57+00:00","description":"Scopri il panno in microfibra nero 38 x 38 cm confezione da 5: efficace, resistente e versatile, per una pulizia impeccabile su tutte le superfici!","breadcrumb":{"@id":"https:\/\/www.csj-emballages.com\/it\/produit\/panno-in-microfibra-nero-38-x-38-cm-confezione-da-5\/#breadcrumb"},"inLanguage":"it-IT","potentialAction":[{"@type":"ReadAction","target":["https:\/\/www.csj-emballages.com\/it\/produit\/panno-in-microfibra-nero-38-x-38-cm-confezione-da-5\/"]}]},{"@type":"ImageObject","inLanguage":"it-IT","@id":"https:\/\/www.csj-emballages.com\/it\/produit\/panno-in-microfibra-nero-38-x-38-cm-confezione-da-5\/#primaryimage","url":"https:\/\/www.csj-emballages.com\/wp-content\/uploads\/2024\/11\/LMFN002-Pliee-022022.webp","contentUrl":"https:\/\/www.csj-emballages.com\/wp-content\/uploads\/2024\/11\/LMFN002-Pliee-022022.webp","width":803,"height":803,"caption":"lavette microfibre"},{"@type":"BreadcrumbList","@id":"https:\/\/www.csj-emballages.com\/it\/produit\/panno-in-microfibra-nero-38-x-38-cm-confezione-da-5\/#breadcrumb","itemListElement":[{"@type":"ListItem","position":1,"name":"Home","item":"https:\/\/www.csj-emballages.com\/it\/universo-imballaggi-alimentari\/"},{"@type":"ListItem","position":2,"name":"Negozio","item":"https:\/\/www.csj-emballages.com\/it\/negozio\/"},{"@type":"ListItem","position":3,"name":"Panno in microfibra nero 38 x 38 cm confezione da 5"}]},{"@type":"WebSite","@id":"https:\/\/www.csj-emballages.com\/it\/#website","url":"https:\/\/www.csj-emballages.com\/it\/","name":"CSJ Emballages","description":"","publisher":{"@id":"https:\/\/www.csj-emballages.com\/it\/#organization"},"potentialAction":[{"@type":"SearchAction","target":{"@type":"EntryPoint","urlTemplate":"https:\/\/www.csj-emballages.com\/it\/?s={search_term_string}"},"query-input":{"@type":"PropertyValueSpecification","valueRequired":true,"valueName":"search_term_string"}}],"inLanguage":"it-IT"},{"@type":"Organization","@id":"https:\/\/www.csj-emballages.com\/it\/#Organization\/","name":"CSJ Emballages","url":"https:\/\/www.csj-emballages.com\/it\/","logo":{"@type":"ImageObject","inLanguage":"it-IT","@id":"https:\/\/www.csj-emballages.com\/it\/#\/schema\/logo\/image\/","url":"https:\/\/www.csj-emballages.com\/wp-content\/uploads\/2023\/10\/logo_csj.webp","contentUrl":"https:\/\/www.csj-emballages.com\/wp-content\/uploads\/2023\/10\/logo_csj.webp","width":250,"height":95,"caption":"CSJ Emballages"},"image":{"@id":"https:\/\/www.csj-emballages.com\/it\/#\/schema\/logo\/image\/"},"sameAs":["https:\/\/www.facebook.com\/csjemballages"],"address":{"@type":"PostalAddress","streetAddress":"ZI La Lechere","addressLocality":"Patornay","postalCode":"39130","addressCountry":"FR"},"contactPoint":[{"@type":"ContactPoint","contactType":"Service client","telephone":"0384254272","email":"contact@csj-emballages.com"}]}]}},"df_price":3.97,"df_sale_price":"","df_regular_price":3.97,"df_image_link":"https:\/\/www.csj-emballages.com\/wp-content\/uploads\/2024\/11\/LMFN002-Pliee-022022-300x300.webp","tiered_pricing_type":"fixed","tiered_pricing_fixed_rules":[],"tiered_pricing_percentage_rules":[],"tiered_pricing_minimum":1,"tiered_pricing_roles_data":[],"_links":{"self":[{"href":"https:\/\/www.csj-emballages.com\/it\/wp-json\/wp\/v2\/product\/271615","targetHints":{"allow":["GET"]}}],"collection":[{"href":"https:\/\/www.csj-emballages.com\/it\/wp-json\/wp\/v2\/product"}],"about":[{"href":"https:\/\/www.csj-emballages.com\/it\/wp-json\/wp\/v2\/types\/product"}],"wp:featuredmedia":[{"embeddable":true,"href":"https:\/\/www.csj-emballages.com\/it\/wp-json\/wp\/v2\/media\/271619"}],"wp:attachment":[{"href":"https:\/\/www.csj-emballages.com\/it\/wp-json\/wp\/v2\/media?parent=271615"}],"wp:term":[{"taxonomy":"product_brand","embeddable":true,"href":"https:\/\/www.csj-emballages.com\/it\/wp-json\/wp\/v2\/product_brand?post=271615"},{"taxonomy":"product_cat","embeddable":true,"href":"https:\/\/www.csj-emballages.com\/it\/wp-json\/wp\/v2\/product_cat?post=271615"},{"taxonomy":"product_tag","embeddable":true,"href":"https:\/\/www.csj-emballages.com\/it\/wp-json\/wp\/v2\/product_tag?post=271615"}],"curies":[{"name":"wp","href":"https:\/\/api.w.org\/{rel}","templated":true}]}}